{"id":542978,"date":"2026-03-31T18:22:19","date_gmt":"2026-03-31T16:22:19","guid":{"rendered":"https:\/\/klimavex.eu\/cz\/katalog\/hyundai-vrf-nastenna-jednotka-hvsi-m56wmu-2\/"},"modified":"2026-03-31T18:22:53","modified_gmt":"2026-03-31T16:22:53","slug":"klimatizace-hyundai-vrf-vnitrni-nastenna-56wmu-56kw","status":"publish","type":"product","link":"https:\/\/klimavex.eu\/cz\/katalog\/klimatizace-hyundai-vrf-vnitrni-nastenna-56wmu-56kw\/","title":{"rendered":"Klimatizace Hyundai VRF vnit\u0159n\u00ed n\u00e1st\u011bnn\u00e1 56WMU 5,6kW"},"content":{"rendered":"<p style=\"text-align: justify;\"><strong>Kl&iacute;\u010dov&eacute; vlastnosti<\/strong><\/p>\n<ul>\n<li style=\"text-align: justify;\">DC motory<\/li>\n<li style=\"text-align: justify;\">Kompatibiln&iacute; s&nbsp;chladivem R410A a R32<\/li>\n<li style=\"text-align: justify;\">Integrovan&yacute; expanzn&iacute; ventil (EVV)<\/li>\n<li style=\"text-align: justify;\">4 sn&iacute;ma\u010de teploty<\/li>\n<li style=\"text-align: justify;\">Vzduchov&yacute; filtr<\/li>\n<li style=\"text-align: justify;\">Motorizovan&eacute; lamely<\/li>\n<li style=\"text-align: justify;\">Snadn&aacute; instalace (i t\u011bsn\u011b pod strop &ndash; jen 3 cm)<\/li>\n<li style=\"text-align: justify;\">Oboustrann&yacute; odvod kondenz&aacute;tu<\/li>\n<li style=\"text-align: justify;\">Kontakt pro gener&aacute;ln&iacute; alarm<\/li>\n<li style=\"text-align: justify;\">Kontakt pro d&aacute;lkov&eacute; zap&iacute;n&aacute;n&iacute; a vyp&iacute;n&aacute;n&iacute;<\/li>\n<li style=\"text-align: justify;\">Tich&yacute; provoz od 27 dB(A)<\/li>\n<li style=\"text-align: justify;\">Z&aacute;ruka 3 roky<\/li>\n<\/ul>\n","protected":false},"excerpt":{"rendered":"<p style=\"text-align: justify;\">Model <strong>VRF Hyundai WMU<\/strong> je VRF vnit\u0159n&iacute; <strong>n&aacute;st\u011bnn&aacute;<\/strong> jednotka, kter&aacute; nab&iacute;z&iacute; <strong>tich&yacute; provoz <\/strong>od 27 dB(A), <strong>snadnou instalaci<\/strong> a &scaron;irokou &scaron;k&aacute;lu jednotek s&nbsp;r\u016fzn&yacute;m v&yacute;konem. D&iacute;ky designu v&yacute;m\u011bn&iacute;ku tepla ji lze um&iacute;stit <strong>t\u011bsn\u011b pod strop <\/strong>(jen 3 cm). Aplikace je v&nbsp;z&aacute;vislosti na zvolen&eacute; venkovn&iacute; jednotce mo\u017en&aacute; do&nbsp;<strong>bytov&yacute;ch dom\u016f, kancel&aacute;\u0159&iacute;, v\u011bt&scaron;&iacute;ch komer\u010dn&iacute;ch budov \u010di pr\u016fmyslov&yacute;ch hal<\/strong>.<\/p>\n","protected":false},"featured_media":547477,"template":"","meta":[],"product_cat":[14115,14286,14294,14163,14164,14113],"product_tag":[],"class_list":{"0":"post-542978","1":"product","2":"type-product","3":"status-publish","4":"has-post-thumbnail","6":"product_cat-hyundai-vrf-systemy","7":"product_cat-nastenne-wmu","8":"product_cat-nastenne-wmu-vnitrni-jednotky-hyundai-vrf-systemy","9":"product_cat-vnitrni-jednotky-vrf","10":"product_cat-vnitrni-jednotky-hyundai-vrf-systemy","11":"product_cat-vrf","12":"pa_chladici-vykon-12037","13":"pa_hlucnost-vnitrni-jednotky-11994","14":"pa_napajeni-1f-230v","15":"pa_provedeni-vrf-nastenna","16":"pa_topny-vykon-12038","17":"pa_vykonovy-model-12267","18":"pa_znacka-hyundai","20":"first","21":"instock","22":"taxable","23":"shipping-taxable","24":"purchasable","25":"product-type-simple"},"yoast_head":"<!-- This site is optimized with the Yoast SEO plugin v23.9 - https:\/\/yoast.com\/wordpress\/plugins\/seo\/ -->\n<title>Klimatizace Hyundai VRF vnit\u0159n\u00ed n\u00e1st\u011bnn\u00e1 56WMU 5,6kW - KLIMAVEX GROUP - \u010cesko<\/title>\n<meta name=\"robots\" content=\"index, follow, max-snippet:-1, max-image-preview:large, max-video-preview:-1\" \/>\n<link rel=\"canonical\" href=\"https:\/\/klimavex.eu\/cz\/katalog\/hyundai-vrf-nastenna-jednotka-hvsi-m56wmu-2\/\" \/>\n<meta property=\"og:locale\" content=\"cs_CZ\" \/>\n<meta property=\"og:type\" content=\"article\" \/>\n<meta property=\"og:title\" content=\"Klimatizace Hyundai VRF vnit\u0159n\u00ed n\u00e1st\u011bnn\u00e1 56WMU 5,6kW - KLIMAVEX GROUP - \u010cesko\" \/>\n<meta property=\"og:description\" content=\"Model VRF Hyundai WMU je VRF vnit\u0159n&iacute; n&aacute;st\u011bnn&aacute; jednotka, kter&aacute; nab&iacute;z&iacute; tich&yacute; provoz od 27 dB(A), snadnou instalaci a &scaron;irokou &scaron;k&aacute;lu jednotek s&nbsp;r\u016fzn&yacute;m v&yacute;konem. D&iacute;ky designu v&yacute;m\u011bn&iacute;ku tepla ji lze um&iacute;stit t\u011bsn\u011b pod strop (jen 3 cm). Aplikace je v&nbsp;z&aacute;vislosti na zvolen&eacute; venkovn&iacute; jednotce mo\u017en&aacute; do&nbsp;bytov&yacute;ch dom\u016f, kancel&aacute;\u0159&iacute;, v\u011bt&scaron;&iacute;ch komer\u010dn&iacute;ch budov \u010di pr\u016fmyslov&yacute;ch hal.\" \/>\n<meta property=\"og:url\" content=\"https:\/\/klimavex.eu\/cz\/katalog\/hyundai-vrf-nastenna-jednotka-hvsi-m56wmu-2\/\" \/>\n<meta property=\"og:site_name\" content=\"KLIMAVEX GROUP - \u010cesko\" \/>\n<meta property=\"article:publisher\" content=\"https:\/\/www.facebook.com\/klimavex.cz\" \/>\n<meta property=\"article:modified_time\" content=\"2026-03-31T16:22:53+00:00\" \/>\n<meta property=\"og:image\" content=\"https:\/\/klimavex.eu\/cz\/wp-content\/uploads\/2025\/09\/7kEbZclOL3trGS0Ur1Ke44jbyBvZ5odw_3vSN9u5p24-4.jpeg\" \/>\n\t<meta property=\"og:image:width\" content=\"1634\" \/>\n\t<meta property=\"og:image:height\" content=\"512\" \/>\n\t<meta property=\"og:image:type\" content=\"image\/jpeg\" \/>\n<meta name=\"twitter:card\" content=\"summary_large_image\" \/>\n<script type=\"application\/ld+json\" class=\"yoast-schema-graph\">{\"@context\":\"https:\/\/schema.org\",\"@graph\":[{\"@type\":\"WebPage\",\"@id\":\"https:\/\/klimavex.eu\/cz\/katalog\/hyundai-vrf-nastenna-jednotka-hvsi-m56wmu-2\/\",\"url\":\"https:\/\/klimavex.eu\/cz\/katalog\/hyundai-vrf-nastenna-jednotka-hvsi-m56wmu-2\/\",\"name\":\"Klimatizace Hyundai VRF vnit\u0159n\u00ed n\u00e1st\u011bnn\u00e1 56WMU 5,6kW - KLIMAVEX GROUP - \u010cesko\",\"isPartOf\":{\"@id\":\"https:\/\/klimavex.eu\/cz\/#website\"},\"primaryImageOfPage\":{\"@id\":\"https:\/\/klimavex.eu\/cz\/katalog\/hyundai-vrf-nastenna-jednotka-hvsi-m56wmu-2\/#primaryimage\"},\"image\":{\"@id\":\"https:\/\/klimavex.eu\/cz\/katalog\/hyundai-vrf-nastenna-jednotka-hvsi-m56wmu-2\/#primaryimage\"},\"thumbnailUrl\":\"https:\/\/klimavex.eu\/cz\/wp-content\/uploads\/2025\/09\/7kEbZclOL3trGS0Ur1Ke44jbyBvZ5odw_3vSN9u5p24-4.jpeg\",\"datePublished\":\"2026-03-31T16:22:19+00:00\",\"dateModified\":\"2026-03-31T16:22:53+00:00\",\"breadcrumb\":{\"@id\":\"https:\/\/klimavex.eu\/cz\/katalog\/hyundai-vrf-nastenna-jednotka-hvsi-m56wmu-2\/#breadcrumb\"},\"inLanguage\":\"cs\",\"potentialAction\":[{\"@type\":\"ReadAction\",\"target\":[\"https:\/\/klimavex.eu\/cz\/katalog\/hyundai-vrf-nastenna-jednotka-hvsi-m56wmu-2\/\"]}]},{\"@type\":\"ImageObject\",\"inLanguage\":\"cs\",\"@id\":\"https:\/\/klimavex.eu\/cz\/katalog\/hyundai-vrf-nastenna-jednotka-hvsi-m56wmu-2\/#primaryimage\",\"url\":\"https:\/\/klimavex.eu\/cz\/wp-content\/uploads\/2025\/09\/7kEbZclOL3trGS0Ur1Ke44jbyBvZ5odw_3vSN9u5p24-4.jpeg\",\"contentUrl\":\"https:\/\/klimavex.eu\/cz\/wp-content\/uploads\/2025\/09\/7kEbZclOL3trGS0Ur1Ke44jbyBvZ5odw_3vSN9u5p24-4.jpeg\",\"width\":1634,\"height\":512},{\"@type\":\"BreadcrumbList\",\"@id\":\"https:\/\/klimavex.eu\/cz\/katalog\/hyundai-vrf-nastenna-jednotka-hvsi-m56wmu-2\/#breadcrumb\",\"itemListElement\":[{\"@type\":\"ListItem\",\"position\":1,\"name\":\"Domovsk\u00e1 str\u00e1nka\",\"item\":\"https:\/\/klimavex.eu\/cz\/\"},{\"@type\":\"ListItem\",\"position\":2,\"name\":\"Eshop\",\"item\":\"https:\/\/klimavex.eu\/cz\/eshop\/\"},{\"@type\":\"ListItem\",\"position\":3,\"name\":\"Hyundai VRF n\u00e1st\u011bnn\u00e1 jednotka HVSI-M56WMU\/2\"}]},{\"@type\":\"WebSite\",\"@id\":\"https:\/\/klimavex.eu\/cz\/#website\",\"url\":\"https:\/\/klimavex.eu\/cz\/\",\"name\":\"KLIMAVEX GROUP - \u010cesko\",\"description\":\"\",\"publisher\":{\"@id\":\"https:\/\/klimavex.eu\/cz\/#organization\"},\"alternateName\":\"KLIMAVEX CZ a.s.\",\"potentialAction\":[{\"@type\":\"SearchAction\",\"target\":{\"@type\":\"EntryPoint\",\"urlTemplate\":\"https:\/\/klimavex.eu\/cz\/?s={search_term_string}\"},\"query-input\":{\"@type\":\"PropertyValueSpecification\",\"valueRequired\":true,\"valueName\":\"search_term_string\"}}],\"inLanguage\":\"cs\"},{\"@type\":\"Organization\",\"@id\":\"https:\/\/klimavex.eu\/cz\/#organization\",\"name\":\"KLIMAVEX GROUP\",\"alternateName\":\"KLIMAVEX\",\"url\":\"https:\/\/klimavex.eu\/cz\/\",\"logo\":{\"@type\":\"ImageObject\",\"inLanguage\":\"cs\",\"@id\":\"https:\/\/klimavex.eu\/cz\/#\/schema\/logo\/image\/\",\"url\":\"https:\/\/klimavex.eu\/cz\/wp-content\/uploads\/2024\/04\/Klimavex-Group-logo.png\",\"contentUrl\":\"https:\/\/klimavex.eu\/cz\/wp-content\/uploads\/2024\/04\/Klimavex-Group-logo.png\",\"width\":1681,\"height\":472,\"caption\":\"KLIMAVEX GROUP\"},\"image\":{\"@id\":\"https:\/\/klimavex.eu\/cz\/#\/schema\/logo\/image\/\"},\"sameAs\":[\"https:\/\/www.facebook.com\/klimavex.cz\",\"https:\/\/www.instagram.com\/klimavex_cz\/\"]}]}<\/script>\n<!-- \/ Yoast SEO plugin. -->","yoast_head_json":{"title":"Klimatizace Hyundai VRF vnit\u0159n\u00ed n\u00e1st\u011bnn\u00e1 56WMU 5,6kW - KLIMAVEX GROUP - \u010cesko","robots":{"index":"index","follow":"follow","max-snippet":"max-snippet:-1","max-image-preview":"max-image-preview:large","max-video-preview":"max-video-preview:-1"},"canonical":"https:\/\/klimavex.eu\/cz\/katalog\/hyundai-vrf-nastenna-jednotka-hvsi-m56wmu-2\/","og_locale":"cs_CZ","og_type":"article","og_title":"Klimatizace Hyundai VRF vnit\u0159n\u00ed n\u00e1st\u011bnn\u00e1 56WMU 5,6kW - KLIMAVEX GROUP - \u010cesko","og_description":"Model VRF Hyundai WMU je VRF vnit\u0159n&iacute; n&aacute;st\u011bnn&aacute; jednotka, kter&aacute; nab&iacute;z&iacute; tich&yacute; provoz od 27 dB(A), snadnou instalaci a &scaron;irokou &scaron;k&aacute;lu jednotek s&nbsp;r\u016fzn&yacute;m v&yacute;konem. D&iacute;ky designu v&yacute;m\u011bn&iacute;ku tepla ji lze um&iacute;stit t\u011bsn\u011b pod strop (jen 3 cm). Aplikace je v&nbsp;z&aacute;vislosti na zvolen&eacute; venkovn&iacute; jednotce mo\u017en&aacute; do&nbsp;bytov&yacute;ch dom\u016f, kancel&aacute;\u0159&iacute;, v\u011bt&scaron;&iacute;ch komer\u010dn&iacute;ch budov \u010di pr\u016fmyslov&yacute;ch hal.","og_url":"https:\/\/klimavex.eu\/cz\/katalog\/hyundai-vrf-nastenna-jednotka-hvsi-m56wmu-2\/","og_site_name":"KLIMAVEX GROUP - \u010cesko","article_publisher":"https:\/\/www.facebook.com\/klimavex.cz","article_modified_time":"2026-03-31T16:22:53+00:00","og_image":[{"width":1634,"height":512,"url":"https:\/\/klimavex.eu\/cz\/wp-content\/uploads\/2025\/09\/7kEbZclOL3trGS0Ur1Ke44jbyBvZ5odw_3vSN9u5p24-4.jpeg","type":"image\/jpeg"}],"twitter_card":"summary_large_image","schema":{"@context":"https:\/\/schema.org","@graph":[{"@type":"WebPage","@id":"https:\/\/klimavex.eu\/cz\/katalog\/hyundai-vrf-nastenna-jednotka-hvsi-m56wmu-2\/","url":"https:\/\/klimavex.eu\/cz\/katalog\/hyundai-vrf-nastenna-jednotka-hvsi-m56wmu-2\/","name":"Klimatizace Hyundai VRF vnit\u0159n\u00ed n\u00e1st\u011bnn\u00e1 56WMU 5,6kW - KLIMAVEX GROUP - \u010cesko","isPartOf":{"@id":"https:\/\/klimavex.eu\/cz\/#website"},"primaryImageOfPage":{"@id":"https:\/\/klimavex.eu\/cz\/katalog\/hyundai-vrf-nastenna-jednotka-hvsi-m56wmu-2\/#primaryimage"},"image":{"@id":"https:\/\/klimavex.eu\/cz\/katalog\/hyundai-vrf-nastenna-jednotka-hvsi-m56wmu-2\/#primaryimage"},"thumbnailUrl":"https:\/\/klimavex.eu\/cz\/wp-content\/uploads\/2025\/09\/7kEbZclOL3trGS0Ur1Ke44jbyBvZ5odw_3vSN9u5p24-4.jpeg","datePublished":"2026-03-31T16:22:19+00:00","dateModified":"2026-03-31T16:22:53+00:00","breadcrumb":{"@id":"https:\/\/klimavex.eu\/cz\/katalog\/hyundai-vrf-nastenna-jednotka-hvsi-m56wmu-2\/#breadcrumb"},"inLanguage":"cs","potentialAction":[{"@type":"ReadAction","target":["https:\/\/klimavex.eu\/cz\/katalog\/hyundai-vrf-nastenna-jednotka-hvsi-m56wmu-2\/"]}]},{"@type":"ImageObject","inLanguage":"cs","@id":"https:\/\/klimavex.eu\/cz\/katalog\/hyundai-vrf-nastenna-jednotka-hvsi-m56wmu-2\/#primaryimage","url":"https:\/\/klimavex.eu\/cz\/wp-content\/uploads\/2025\/09\/7kEbZclOL3trGS0Ur1Ke44jbyBvZ5odw_3vSN9u5p24-4.jpeg","contentUrl":"https:\/\/klimavex.eu\/cz\/wp-content\/uploads\/2025\/09\/7kEbZclOL3trGS0Ur1Ke44jbyBvZ5odw_3vSN9u5p24-4.jpeg","width":1634,"height":512},{"@type":"BreadcrumbList","@id":"https:\/\/klimavex.eu\/cz\/katalog\/hyundai-vrf-nastenna-jednotka-hvsi-m56wmu-2\/#breadcrumb","itemListElement":[{"@type":"ListItem","position":1,"name":"Domovsk\u00e1 str\u00e1nka","item":"https:\/\/klimavex.eu\/cz\/"},{"@type":"ListItem","position":2,"name":"Eshop","item":"https:\/\/klimavex.eu\/cz\/eshop\/"},{"@type":"ListItem","position":3,"name":"Hyundai VRF n\u00e1st\u011bnn\u00e1 jednotka HVSI-M56WMU\/2"}]},{"@type":"WebSite","@id":"https:\/\/klimavex.eu\/cz\/#website","url":"https:\/\/klimavex.eu\/cz\/","name":"KLIMAVEX GROUP - \u010cesko","description":"","publisher":{"@id":"https:\/\/klimavex.eu\/cz\/#organization"},"alternateName":"KLIMAVEX CZ a.s.","potentialAction":[{"@type":"SearchAction","target":{"@type":"EntryPoint","urlTemplate":"https:\/\/klimavex.eu\/cz\/?s={search_term_string}"},"query-input":{"@type":"PropertyValueSpecification","valueRequired":true,"valueName":"search_term_string"}}],"inLanguage":"cs"},{"@type":"Organization","@id":"https:\/\/klimavex.eu\/cz\/#organization","name":"KLIMAVEX GROUP","alternateName":"KLIMAVEX","url":"https:\/\/klimavex.eu\/cz\/","logo":{"@type":"ImageObject","inLanguage":"cs","@id":"https:\/\/klimavex.eu\/cz\/#\/schema\/logo\/image\/","url":"https:\/\/klimavex.eu\/cz\/wp-content\/uploads\/2024\/04\/Klimavex-Group-logo.png","contentUrl":"https:\/\/klimavex.eu\/cz\/wp-content\/uploads\/2024\/04\/Klimavex-Group-logo.png","width":1681,"height":472,"caption":"KLIMAVEX GROUP"},"image":{"@id":"https:\/\/klimavex.eu\/cz\/#\/schema\/logo\/image\/"},"sameAs":["https:\/\/www.facebook.com\/klimavex.cz","https:\/\/www.instagram.com\/klimavex_cz\/"]}]}},"_links":{"self":[{"href":"https:\/\/klimavex.eu\/cz\/wp-json\/wp\/v2\/product\/542978","targetHints":{"allow":["GET"]}}],"collection":[{"href":"https:\/\/klimavex.eu\/cz\/wp-json\/wp\/v2\/product"}],"about":[{"href":"https:\/\/klimavex.eu\/cz\/wp-json\/wp\/v2\/types\/product"}],"version-history":[{"count":0,"href":"https:\/\/klimavex.eu\/cz\/wp-json\/wp\/v2\/product\/542978\/revisions"}],"wp:featuredmedia":[{"embeddable":true,"href":"https:\/\/klimavex.eu\/cz\/wp-json\/wp\/v2\/media\/547477"}],"wp:attachment":[{"href":"https:\/\/klimavex.eu\/cz\/wp-json\/wp\/v2\/media?parent=542978"}],"wp:term":[{"taxonomy":"product_cat","embeddable":true,"href":"https:\/\/klimavex.eu\/cz\/wp-json\/wp\/v2\/product_cat?post=542978"},{"taxonomy":"product_tag","embeddable":true,"href":"https:\/\/klimavex.eu\/cz\/wp-json\/wp\/v2\/product_tag?post=542978"}],"curies":[{"name":"wp","href":"https:\/\/api.w.org\/{rel}","templated":true}]}}