{"id":543029,"date":"2026-04-27T22:51:52","date_gmt":"2026-04-27T20:51:52","guid":{"rendered":"https:\/\/klimavex.eu\/cz\/katalog\/hyundai-kazetova-klimatizace-compact-hcc-18\/"},"modified":"2026-04-27T22:52:03","modified_gmt":"2026-04-27T20:52:03","slug":"klimatizace-hyundai-split-kazetova-compact-hcc-18-r32-230v-5kw","status":"publish","type":"product","link":"https:\/\/klimavex.eu\/cz\/katalog\/klimatizace-hyundai-split-kazetova-compact-hcc-18-r32-230v-5kw\/","title":{"rendered":"Klimatizace Hyundai split kazetov\u00e1 COMPACT HCC 18 R32 230V 5kW"},"content":{"rendered":"<p style=\"text-align: justify;\"><strong>Kl&iacute;\u010dov&eacute; vlastnosti<\/strong><\/p>\n<ul>\n<li style=\"text-align: justify;\">360&deg; distribuce vzduchu<\/li>\n<li style=\"text-align: justify;\">Motorizovan&eacute; lamely<\/li>\n<li style=\"text-align: justify;\">Infraovlada\u010d (standard), WiFi modul (standard)<\/li>\n<li style=\"text-align: justify;\">Zabudovan&eacute; \u010derpadlo kondenz&aacute;tu (750 mm)<\/li>\n<li style=\"text-align: justify;\">UV-C dezinfekce v&yacute;m\u011bn&iacute;ku<\/li>\n<li style=\"text-align: justify;\">Kompaktn&iacute; rozm\u011bry vnit\u0159n&iacute; jednotky &Scaron;xVxH 570 mm x 245 mm x 570 mm<\/li>\n<li style=\"text-align: justify;\">Energetick&aacute; t\u0159&iacute;da A++<\/li>\n<li style=\"text-align: justify;\">Vyt&aacute;p\u011bn&iacute; -25&deg;C a\u017e +24&deg;C venkovn&iacute; teploty<\/li>\n<li style=\"text-align: justify;\">Chlazen&iacute; -15&deg;C a\u017e +50&deg;C venkovn&iacute; teploty<\/li>\n<li style=\"text-align: justify;\">Zabudovan&yacute; oh\u0159ev kompresoru a vany venkovn&iacute; jednotky<\/li>\n<li style=\"text-align: justify;\">Kompatibiln&iacute; s MULTI<\/li>\n<\/ul>\n","protected":false},"excerpt":{"rendered":"<p style=\"text-align: justify;\">Kazetov&aacute; klimatizace <strong>Hyundai COMPACT HCC <\/strong>je ide&aacute;ln&iacute; pro men&scaron;&iacute; prostory s <strong>kazetov&yacute;m rastrem 600&#215;600 mm<\/strong>. D&iacute;ky kompaktn&iacute;m rozm\u011brem a n&iacute;zk&eacute; instala\u010dn&iacute; v&yacute;&scaron;ce (245 mm) se jednodu&scaron;e instaluje i do st&iacute;sn\u011bn&yacute;ch prostor. Nab&iacute;z&iacute; <strong>360&deg; distribuci vzduchu <\/strong>s motorizovan&yacute;mi lamelami,<strong> UV-C dezinfekci <\/strong>a WiFi modulem. <strong>Je kompatibiln&iacute; s MULTI splitov&yacute;m zapojen&iacute;m <\/strong>a umo\u017e\u0148uje <strong>vyt&aacute;p\u011bn&iacute; a\u017e do -25 &deg;C a chlazen&iacute; a\u017e do +50 &deg;C venkovn&iacute; teploty<\/strong>.<\/p>\n","protected":false},"featured_media":547605,"template":"","meta":[],"product_cat":[7657,7681,7659,7666,7547,10729],"product_tag":[],"class_list":{"0":"post-543029","1":"product","2":"type-product","3":"status-publish","4":"has-post-thumbnail","6":"product_cat-podle-znacky","7":"product_cat-hyundai","8":"product_cat-podle-typu","9":"product_cat-kazetove","10":"product_cat-klimatizace","11":"product_cat-kazetove-hcc","12":"pa_barva-vnitrni-jednotky-bila","13":"pa_chlad-do-von-tep-c-15c","14":"pa_chladici-vykon-11522","15":"pa_energeticka-trida-scop-41-a","16":"pa_energeticka-trida-seer-65-a","17":"pa_extra-funkce-cerpadlo-kondenzatu","18":"pa_filtrace-vzduchu-standard","19":"pa_hlucnost-vnitrni-jednotky-11525","20":"pa_napajeni-1f-230v","21":"pa_prikon-chlazeni-11491","22":"pa_prikon-vytapeni-11550","23":"pa_provedeni-kazetovy-split","24":"pa_topny-vykon-11523","25":"pa_typ-chladiva-r32","26":"pa_vyk-do-von-tepl-c-25c","27":"pa_vykonovy-model-11462","28":"pa_znacka-hyundai","30":"first","31":"instock","32":"taxable","33":"shipping-taxable","34":"purchasable","35":"product-type-simple"},"yoast_head":"<!-- This site is optimized with the Yoast SEO plugin v23.9 - https:\/\/yoast.com\/wordpress\/plugins\/seo\/ -->\n<title>Klimatizace Hyundai split kazetov\u00e1 COMPACT HCC 18 R32 230V 5kW - KLIMAVEX GROUP - \u010cesko<\/title>\n<meta name=\"robots\" content=\"index, follow, max-snippet:-1, max-image-preview:large, max-video-preview:-1\" \/>\n<link rel=\"canonical\" href=\"https:\/\/klimavex.eu\/cz\/katalog\/hyundai-kazetova-klimatizace-compact-hcc-18\/\" \/>\n<meta property=\"og:locale\" content=\"cs_CZ\" \/>\n<meta property=\"og:type\" content=\"article\" \/>\n<meta property=\"og:title\" content=\"Klimatizace Hyundai split kazetov\u00e1 COMPACT HCC 18 R32 230V 5kW - KLIMAVEX GROUP - \u010cesko\" \/>\n<meta property=\"og:description\" content=\"Kazetov&aacute; klimatizace Hyundai COMPACT HCC je ide&aacute;ln&iacute; pro men&scaron;&iacute; prostory s kazetov&yacute;m rastrem 600x600 mm. D&iacute;ky kompaktn&iacute;m rozm\u011brem a n&iacute;zk&eacute; instala\u010dn&iacute; v&yacute;&scaron;ce (245 mm) se jednodu&scaron;e instaluje i do st&iacute;sn\u011bn&yacute;ch prostor. Nab&iacute;z&iacute; 360&deg; distribuci vzduchu s motorizovan&yacute;mi lamelami, UV-C dezinfekci a WiFi modulem. Je kompatibiln&iacute; s MULTI splitov&yacute;m zapojen&iacute;m a umo\u017e\u0148uje vyt&aacute;p\u011bn&iacute; a\u017e do -25 &deg;C a chlazen&iacute; a\u017e do +50 &deg;C venkovn&iacute; teploty.\" \/>\n<meta property=\"og:url\" content=\"https:\/\/klimavex.eu\/cz\/katalog\/hyundai-kazetova-klimatizace-compact-hcc-18\/\" \/>\n<meta property=\"og:site_name\" content=\"KLIMAVEX GROUP - \u010cesko\" \/>\n<meta property=\"article:publisher\" content=\"https:\/\/www.facebook.com\/klimavex.cz\" \/>\n<meta property=\"article:modified_time\" content=\"2026-04-27T20:52:03+00:00\" \/>\n<meta property=\"og:image\" content=\"https:\/\/klimavex.eu\/cz\/wp-content\/uploads\/2025\/09\/5bf3cDVg77sbVGZZB6pK5DlNGP3T4uLdrNklRhoHw0A-1.png\" \/>\n\t<meta property=\"og:image:width\" content=\"512\" \/>\n\t<meta property=\"og:image:height\" content=\"512\" \/>\n\t<meta property=\"og:image:type\" content=\"image\/png\" \/>\n<meta name=\"twitter:card\" content=\"summary_large_image\" \/>\n<script type=\"application\/ld+json\" class=\"yoast-schema-graph\">{\"@context\":\"https:\/\/schema.org\",\"@graph\":[{\"@type\":\"WebPage\",\"@id\":\"https:\/\/klimavex.eu\/cz\/katalog\/hyundai-kazetova-klimatizace-compact-hcc-18\/\",\"url\":\"https:\/\/klimavex.eu\/cz\/katalog\/hyundai-kazetova-klimatizace-compact-hcc-18\/\",\"name\":\"Klimatizace Hyundai split kazetov\u00e1 COMPACT HCC 18 R32 230V 5kW - KLIMAVEX GROUP - \u010cesko\",\"isPartOf\":{\"@id\":\"https:\/\/klimavex.eu\/cz\/#website\"},\"primaryImageOfPage\":{\"@id\":\"https:\/\/klimavex.eu\/cz\/katalog\/hyundai-kazetova-klimatizace-compact-hcc-18\/#primaryimage\"},\"image\":{\"@id\":\"https:\/\/klimavex.eu\/cz\/katalog\/hyundai-kazetova-klimatizace-compact-hcc-18\/#primaryimage\"},\"thumbnailUrl\":\"https:\/\/klimavex.eu\/cz\/wp-content\/uploads\/2025\/09\/5bf3cDVg77sbVGZZB6pK5DlNGP3T4uLdrNklRhoHw0A-1.png\",\"datePublished\":\"2026-04-27T20:51:52+00:00\",\"dateModified\":\"2026-04-27T20:52:03+00:00\",\"breadcrumb\":{\"@id\":\"https:\/\/klimavex.eu\/cz\/katalog\/hyundai-kazetova-klimatizace-compact-hcc-18\/#breadcrumb\"},\"inLanguage\":\"cs\",\"potentialAction\":[{\"@type\":\"ReadAction\",\"target\":[\"https:\/\/klimavex.eu\/cz\/katalog\/hyundai-kazetova-klimatizace-compact-hcc-18\/\"]}]},{\"@type\":\"ImageObject\",\"inLanguage\":\"cs\",\"@id\":\"https:\/\/klimavex.eu\/cz\/katalog\/hyundai-kazetova-klimatizace-compact-hcc-18\/#primaryimage\",\"url\":\"https:\/\/klimavex.eu\/cz\/wp-content\/uploads\/2025\/09\/5bf3cDVg77sbVGZZB6pK5DlNGP3T4uLdrNklRhoHw0A-1.png\",\"contentUrl\":\"https:\/\/klimavex.eu\/cz\/wp-content\/uploads\/2025\/09\/5bf3cDVg77sbVGZZB6pK5DlNGP3T4uLdrNklRhoHw0A-1.png\",\"width\":512,\"height\":512},{\"@type\":\"BreadcrumbList\",\"@id\":\"https:\/\/klimavex.eu\/cz\/katalog\/hyundai-kazetova-klimatizace-compact-hcc-18\/#breadcrumb\",\"itemListElement\":[{\"@type\":\"ListItem\",\"position\":1,\"name\":\"Domovsk\u00e1 str\u00e1nka\",\"item\":\"https:\/\/klimavex.eu\/cz\/\"},{\"@type\":\"ListItem\",\"position\":2,\"name\":\"Eshop\",\"item\":\"https:\/\/klimavex.eu\/cz\/eshop\/\"},{\"@type\":\"ListItem\",\"position\":3,\"name\":\"Hyundai kazetov\u00e1 klimatizace COMPACT HCC 18\"}]},{\"@type\":\"WebSite\",\"@id\":\"https:\/\/klimavex.eu\/cz\/#website\",\"url\":\"https:\/\/klimavex.eu\/cz\/\",\"name\":\"KLIMAVEX GROUP - \u010cesko\",\"description\":\"\",\"publisher\":{\"@id\":\"https:\/\/klimavex.eu\/cz\/#organization\"},\"alternateName\":\"KLIMAVEX CZ a.s.\",\"potentialAction\":[{\"@type\":\"SearchAction\",\"target\":{\"@type\":\"EntryPoint\",\"urlTemplate\":\"https:\/\/klimavex.eu\/cz\/?s={search_term_string}\"},\"query-input\":{\"@type\":\"PropertyValueSpecification\",\"valueRequired\":true,\"valueName\":\"search_term_string\"}}],\"inLanguage\":\"cs\"},{\"@type\":\"Organization\",\"@id\":\"https:\/\/klimavex.eu\/cz\/#organization\",\"name\":\"KLIMAVEX GROUP\",\"alternateName\":\"KLIMAVEX\",\"url\":\"https:\/\/klimavex.eu\/cz\/\",\"logo\":{\"@type\":\"ImageObject\",\"inLanguage\":\"cs\",\"@id\":\"https:\/\/klimavex.eu\/cz\/#\/schema\/logo\/image\/\",\"url\":\"https:\/\/klimavex.eu\/cz\/wp-content\/uploads\/2024\/04\/Klimavex-Group-logo.png\",\"contentUrl\":\"https:\/\/klimavex.eu\/cz\/wp-content\/uploads\/2024\/04\/Klimavex-Group-logo.png\",\"width\":1681,\"height\":472,\"caption\":\"KLIMAVEX GROUP\"},\"image\":{\"@id\":\"https:\/\/klimavex.eu\/cz\/#\/schema\/logo\/image\/\"},\"sameAs\":[\"https:\/\/www.facebook.com\/klimavex.cz\",\"https:\/\/www.instagram.com\/klimavex_cz\/\"]}]}<\/script>\n<!-- \/ Yoast SEO plugin. -->","yoast_head_json":{"title":"Klimatizace Hyundai split kazetov\u00e1 COMPACT HCC 18 R32 230V 5kW - KLIMAVEX GROUP - \u010cesko","robots":{"index":"index","follow":"follow","max-snippet":"max-snippet:-1","max-image-preview":"max-image-preview:large","max-video-preview":"max-video-preview:-1"},"canonical":"https:\/\/klimavex.eu\/cz\/katalog\/hyundai-kazetova-klimatizace-compact-hcc-18\/","og_locale":"cs_CZ","og_type":"article","og_title":"Klimatizace Hyundai split kazetov\u00e1 COMPACT HCC 18 R32 230V 5kW - KLIMAVEX GROUP - \u010cesko","og_description":"Kazetov&aacute; klimatizace Hyundai COMPACT HCC je ide&aacute;ln&iacute; pro men&scaron;&iacute; prostory s kazetov&yacute;m rastrem 600x600 mm. D&iacute;ky kompaktn&iacute;m rozm\u011brem a n&iacute;zk&eacute; instala\u010dn&iacute; v&yacute;&scaron;ce (245 mm) se jednodu&scaron;e instaluje i do st&iacute;sn\u011bn&yacute;ch prostor. Nab&iacute;z&iacute; 360&deg; distribuci vzduchu s motorizovan&yacute;mi lamelami, UV-C dezinfekci a WiFi modulem. Je kompatibiln&iacute; s MULTI splitov&yacute;m zapojen&iacute;m a umo\u017e\u0148uje vyt&aacute;p\u011bn&iacute; a\u017e do -25 &deg;C a chlazen&iacute; a\u017e do +50 &deg;C venkovn&iacute; teploty.","og_url":"https:\/\/klimavex.eu\/cz\/katalog\/hyundai-kazetova-klimatizace-compact-hcc-18\/","og_site_name":"KLIMAVEX GROUP - \u010cesko","article_publisher":"https:\/\/www.facebook.com\/klimavex.cz","article_modified_time":"2026-04-27T20:52:03+00:00","og_image":[{"width":512,"height":512,"url":"https:\/\/klimavex.eu\/cz\/wp-content\/uploads\/2025\/09\/5bf3cDVg77sbVGZZB6pK5DlNGP3T4uLdrNklRhoHw0A-1.png","type":"image\/png"}],"twitter_card":"summary_large_image","schema":{"@context":"https:\/\/schema.org","@graph":[{"@type":"WebPage","@id":"https:\/\/klimavex.eu\/cz\/katalog\/hyundai-kazetova-klimatizace-compact-hcc-18\/","url":"https:\/\/klimavex.eu\/cz\/katalog\/hyundai-kazetova-klimatizace-compact-hcc-18\/","name":"Klimatizace Hyundai split kazetov\u00e1 COMPACT HCC 18 R32 230V 5kW - KLIMAVEX GROUP - \u010cesko","isPartOf":{"@id":"https:\/\/klimavex.eu\/cz\/#website"},"primaryImageOfPage":{"@id":"https:\/\/klimavex.eu\/cz\/katalog\/hyundai-kazetova-klimatizace-compact-hcc-18\/#primaryimage"},"image":{"@id":"https:\/\/klimavex.eu\/cz\/katalog\/hyundai-kazetova-klimatizace-compact-hcc-18\/#primaryimage"},"thumbnailUrl":"https:\/\/klimavex.eu\/cz\/wp-content\/uploads\/2025\/09\/5bf3cDVg77sbVGZZB6pK5DlNGP3T4uLdrNklRhoHw0A-1.png","datePublished":"2026-04-27T20:51:52+00:00","dateModified":"2026-04-27T20:52:03+00:00","breadcrumb":{"@id":"https:\/\/klimavex.eu\/cz\/katalog\/hyundai-kazetova-klimatizace-compact-hcc-18\/#breadcrumb"},"inLanguage":"cs","potentialAction":[{"@type":"ReadAction","target":["https:\/\/klimavex.eu\/cz\/katalog\/hyundai-kazetova-klimatizace-compact-hcc-18\/"]}]},{"@type":"ImageObject","inLanguage":"cs","@id":"https:\/\/klimavex.eu\/cz\/katalog\/hyundai-kazetova-klimatizace-compact-hcc-18\/#primaryimage","url":"https:\/\/klimavex.eu\/cz\/wp-content\/uploads\/2025\/09\/5bf3cDVg77sbVGZZB6pK5DlNGP3T4uLdrNklRhoHw0A-1.png","contentUrl":"https:\/\/klimavex.eu\/cz\/wp-content\/uploads\/2025\/09\/5bf3cDVg77sbVGZZB6pK5DlNGP3T4uLdrNklRhoHw0A-1.png","width":512,"height":512},{"@type":"BreadcrumbList","@id":"https:\/\/klimavex.eu\/cz\/katalog\/hyundai-kazetova-klimatizace-compact-hcc-18\/#breadcrumb","itemListElement":[{"@type":"ListItem","position":1,"name":"Domovsk\u00e1 str\u00e1nka","item":"https:\/\/klimavex.eu\/cz\/"},{"@type":"ListItem","position":2,"name":"Eshop","item":"https:\/\/klimavex.eu\/cz\/eshop\/"},{"@type":"ListItem","position":3,"name":"Hyundai kazetov\u00e1 klimatizace COMPACT HCC 18"}]},{"@type":"WebSite","@id":"https:\/\/klimavex.eu\/cz\/#website","url":"https:\/\/klimavex.eu\/cz\/","name":"KLIMAVEX GROUP - \u010cesko","description":"","publisher":{"@id":"https:\/\/klimavex.eu\/cz\/#organization"},"alternateName":"KLIMAVEX CZ a.s.","potentialAction":[{"@type":"SearchAction","target":{"@type":"EntryPoint","urlTemplate":"https:\/\/klimavex.eu\/cz\/?s={search_term_string}"},"query-input":{"@type":"PropertyValueSpecification","valueRequired":true,"valueName":"search_term_string"}}],"inLanguage":"cs"},{"@type":"Organization","@id":"https:\/\/klimavex.eu\/cz\/#organization","name":"KLIMAVEX GROUP","alternateName":"KLIMAVEX","url":"https:\/\/klimavex.eu\/cz\/","logo":{"@type":"ImageObject","inLanguage":"cs","@id":"https:\/\/klimavex.eu\/cz\/#\/schema\/logo\/image\/","url":"https:\/\/klimavex.eu\/cz\/wp-content\/uploads\/2024\/04\/Klimavex-Group-logo.png","contentUrl":"https:\/\/klimavex.eu\/cz\/wp-content\/uploads\/2024\/04\/Klimavex-Group-logo.png","width":1681,"height":472,"caption":"KLIMAVEX GROUP"},"image":{"@id":"https:\/\/klimavex.eu\/cz\/#\/schema\/logo\/image\/"},"sameAs":["https:\/\/www.facebook.com\/klimavex.cz","https:\/\/www.instagram.com\/klimavex_cz\/"]}]}},"_links":{"self":[{"href":"https:\/\/klimavex.eu\/cz\/wp-json\/wp\/v2\/product\/543029","targetHints":{"allow":["GET"]}}],"collection":[{"href":"https:\/\/klimavex.eu\/cz\/wp-json\/wp\/v2\/product"}],"about":[{"href":"https:\/\/klimavex.eu\/cz\/wp-json\/wp\/v2\/types\/product"}],"version-history":[{"count":0,"href":"https:\/\/klimavex.eu\/cz\/wp-json\/wp\/v2\/product\/543029\/revisions"}],"wp:featuredmedia":[{"embeddable":true,"href":"https:\/\/klimavex.eu\/cz\/wp-json\/wp\/v2\/media\/547605"}],"wp:attachment":[{"href":"https:\/\/klimavex.eu\/cz\/wp-json\/wp\/v2\/media?parent=543029"}],"wp:term":[{"taxonomy":"product_cat","embeddable":true,"href":"https:\/\/klimavex.eu\/cz\/wp-json\/wp\/v2\/product_cat?post=543029"},{"taxonomy":"product_tag","embeddable":true,"href":"https:\/\/klimavex.eu\/cz\/wp-json\/wp\/v2\/product_tag?post=543029"}],"curies":[{"name":"wp","href":"https:\/\/api.w.org\/{rel}","templated":true}]}}