{"id":543077,"date":"2026-03-31T18:24:26","date_gmt":"2026-03-31T16:24:26","guid":{"rendered":"https:\/\/klimavex.eu\/cz\/katalog\/samsung-nastenna-klimatizace-wallmounted-max-highee-ac100\/"},"modified":"2026-03-31T18:25:07","modified_gmt":"2026-03-31T16:25:07","slug":"klimatizace-samsung-split-nastenna-wallmounted-max-highee-ac100-r32-400v-10kw","status":"publish","type":"product","link":"https:\/\/klimavex.eu\/cz\/katalog\/klimatizace-samsung-split-nastenna-wallmounted-max-highee-ac100-r32-400v-10kw\/","title":{"rendered":"Klimatizace Samsung split n\u00e1st\u011bnn\u00e1 Wallmounted Max HighEE AC100 R32 400V 10kW"},"content":{"rendered":"<p style=\"text-align:justify\"><span style=\"font-size:11pt\"><span style=\"font-family:Calibri,sans-serif\"><strong>Kl&iacute;\u010dov&eacute; vlastnosti<\/strong><\/span><\/span><\/p>\n<ul>\n<li style=\"text-align: justify;\"><span style=\"font-size:11pt\"><span style=\"font-family:Calibri,sans-serif\">Provozn&iacute; rozsah od -25&deg;C do 52&deg;C<\/span><\/span><\/li>\n<li style=\"text-align: justify;\"><span style=\"font-size:11pt\"><span style=\"font-family:Calibri,sans-serif\">100% topn&yacute; v&yacute;kon p\u0159i teplot\u011b -15&deg;C<\/span><\/span><\/li>\n<li style=\"text-align: justify;\"><span style=\"font-size:11pt\"><span style=\"font-family:Calibri,sans-serif\">Ventil&aacute;tor s p\u0159&iacute;\u010dn&yacute;m proud\u011bn&iacute;m p\u0159&iacute;mo poh&aacute;n\u011bn&yacute; jedin&yacute;m BLDC motorem<\/span><\/span><\/li>\n<li style=\"text-align: justify;\"><span style=\"font-size:11pt\"><span style=\"font-family:Calibri,sans-serif\">Vzduch je filtrov&aacute;n pomoc&iacute; snadno vyj&iacute;mateln&eacute;ho, omyvateln&eacute;ho p\u0159edfiltru<\/span><\/span><\/li>\n<li style=\"text-align: justify;\"><span style=\"font-size:11pt\"><span style=\"font-family:Calibri,sans-serif\">Motorizovan&aacute; lamela nab&iacute;z&iacute; mo\u017enost automatick&eacute; zm\u011bny proud\u011bn&iacute; vzduchu jeho st\u0159&iacute;dav&yacute;m nasm\u011brov&aacute;n&iacute;m nahoru a dolu<\/span><\/span><\/li>\n<li style=\"text-align: justify;\"><span style=\"font-size:11pt\"><span style=\"font-family:Calibri,sans-serif\">Manu&aacute;ln\u011b nastaviteln&aacute; vodic&iacute; lopatka naopak zaji&scaron;\u0165uje sm\u011brov&aacute;n&iacute; vzduchu doprava a doleva.<\/span><\/span><\/li>\n<li style=\"text-align: justify;\"><span style=\"font-size:11pt\"><span style=\"font-family:Calibri,sans-serif\">Lze ovl&aacute;dat chytr&yacute;m telefonem p\u0159es Wi-Fi sadu (voliteln&eacute;)<\/span><\/span><\/li>\n<li style=\"text-align: justify;\"><span style=\"font-size:11pt\"><span style=\"font-family:Calibri,sans-serif\">3f&aacute;zov&eacute; el. nap&aacute;jen&iacute;<\/span><\/span><\/li>\n<\/ul>\n","protected":false},"excerpt":{"rendered":"<p style=\"text-align:justify\"><span style=\"font-size:11pt\"><span style=\"font-family:Calibri,sans-serif\"><strong>Samsung Wallmounted Max<\/strong> je v\u011bt&scaron;&iacute; n&aacute;st\u011bnn&aacute; klimatiza\u010dn&iacute; jednotka o v&yacute;konu 10,0 kW, ur\u010dena pro <strong>komer\u010dn&iacute; &uacute;\u010dely<\/strong>. Verze <strong>HighEE<\/strong> nab&iacute;z&iacute; je&scaron;t\u011b vy&scaron;&scaron;&iacute; provozn&iacute; &uacute;\u010dinnost. Tato klimatizace, kter&aacute; dok&aacute;\u017ee chladit i topit, m&aacute; <strong>odli&scaron;n&yacute;<\/strong> <strong>estetick&yacute; vzhled<\/strong> oproti jin&yacute;m komer\u010dn&iacute;m n&aacute;st\u011bnn&yacute;m jednotk&aacute;m. U\u017e&iacute;v&aacute; se ekologick&eacute; <strong>chladivo R32<\/strong>.<\/span><\/span><\/p>\n","protected":false},"featured_media":547707,"template":"","meta":[],"product_cat":[7657,7659,7660,7672,7547,7710],"product_tag":[],"class_list":{"0":"post-543077","1":"product","2":"type-product","3":"status-publish","4":"has-post-thumbnail","6":"product_cat-podle-znacky","7":"product_cat-podle-typu","8":"product_cat-nastenne","9":"product_cat-samsung","10":"product_cat-klimatizace","11":"product_cat-nastenne-cac","12":"pa_chlad-do-von-tep-c-do-20c","13":"pa_chladici-vykon-12043","14":"pa_energeticka-trida-scop-aplus","15":"pa_energeticka-trida-seer-aplusplus","16":"pa_extra-funkce-highee","17":"pa_napajeni-3f-400v","18":"pa_prikon-chlazeni-12378","19":"pa_prikon-vytapeni-12377","20":"pa_provedeni-nastenny-split","21":"pa_topny-vykon-12044","22":"pa_typ-chladiva-r32","23":"pa_vyk-do-von-tepl-c-do-25c","24":"pa_vykonovy-model-11515","25":"pa_znacka-samsung","27":"first","28":"instock","29":"taxable","30":"shipping-taxable","31":"purchasable","32":"product-type-simple"},"yoast_head":"<!-- This site is optimized with the Yoast SEO plugin v23.9 - https:\/\/yoast.com\/wordpress\/plugins\/seo\/ -->\n<title>Klimatizace Samsung split n\u00e1st\u011bnn\u00e1 Wallmounted Max HighEE AC100 R32 400V 10kW - KLIMAVEX GROUP - \u010cesko<\/title>\n<meta name=\"robots\" content=\"index, follow, max-snippet:-1, max-image-preview:large, max-video-preview:-1\" \/>\n<link rel=\"canonical\" href=\"https:\/\/klimavex.eu\/cz\/katalog\/samsung-nastenna-klimatizace-wallmounted-max-highee-ac100\/\" \/>\n<meta property=\"og:locale\" content=\"cs_CZ\" \/>\n<meta property=\"og:type\" content=\"article\" \/>\n<meta property=\"og:title\" content=\"Klimatizace Samsung split n\u00e1st\u011bnn\u00e1 Wallmounted Max HighEE AC100 R32 400V 10kW - KLIMAVEX GROUP - \u010cesko\" \/>\n<meta property=\"og:description\" content=\"Samsung Wallmounted Max je v\u011bt&scaron;&iacute; n&aacute;st\u011bnn&aacute; klimatiza\u010dn&iacute; jednotka o v&yacute;konu 10,0 kW, ur\u010dena pro komer\u010dn&iacute; &uacute;\u010dely. Verze HighEE nab&iacute;z&iacute; je&scaron;t\u011b vy&scaron;&scaron;&iacute; provozn&iacute; &uacute;\u010dinnost. Tato klimatizace, kter&aacute; dok&aacute;\u017ee chladit i topit, m&aacute; odli&scaron;n&yacute; estetick&yacute; vzhled oproti jin&yacute;m komer\u010dn&iacute;m n&aacute;st\u011bnn&yacute;m jednotk&aacute;m. U\u017e&iacute;v&aacute; se ekologick&eacute; chladivo R32.\" \/>\n<meta property=\"og:url\" content=\"https:\/\/klimavex.eu\/cz\/katalog\/samsung-nastenna-klimatizace-wallmounted-max-highee-ac100\/\" \/>\n<meta property=\"og:site_name\" content=\"KLIMAVEX GROUP - \u010cesko\" \/>\n<meta property=\"article:publisher\" content=\"https:\/\/www.facebook.com\/klimavex.cz\" \/>\n<meta property=\"article:modified_time\" content=\"2026-03-31T16:25:07+00:00\" \/>\n<meta property=\"og:image\" content=\"https:\/\/klimavex.eu\/cz\/wp-content\/uploads\/2025\/09\/f2TZyFrkM4YKJerQq24fYUwXqhgn2ODSZ31WbEQQbok-1.jpeg\" \/>\n\t<meta property=\"og:image:width\" content=\"768\" \/>\n\t<meta property=\"og:image:height\" content=\"512\" \/>\n\t<meta property=\"og:image:type\" content=\"image\/jpeg\" \/>\n<meta name=\"twitter:card\" content=\"summary_large_image\" \/>\n<meta name=\"twitter:label1\" content=\"Odhadovan\u00e1 doba \u010dten\u00ed\" \/>\n\t<meta name=\"twitter:data1\" content=\"1 minuta\" \/>\n<script type=\"application\/ld+json\" class=\"yoast-schema-graph\">{\"@context\":\"https:\/\/schema.org\",\"@graph\":[{\"@type\":\"WebPage\",\"@id\":\"https:\/\/klimavex.eu\/cz\/katalog\/samsung-nastenna-klimatizace-wallmounted-max-highee-ac100\/\",\"url\":\"https:\/\/klimavex.eu\/cz\/katalog\/samsung-nastenna-klimatizace-wallmounted-max-highee-ac100\/\",\"name\":\"Klimatizace Samsung split n\u00e1st\u011bnn\u00e1 Wallmounted Max HighEE AC100 R32 400V 10kW - KLIMAVEX GROUP - \u010cesko\",\"isPartOf\":{\"@id\":\"https:\/\/klimavex.eu\/cz\/#website\"},\"primaryImageOfPage\":{\"@id\":\"https:\/\/klimavex.eu\/cz\/katalog\/samsung-nastenna-klimatizace-wallmounted-max-highee-ac100\/#primaryimage\"},\"image\":{\"@id\":\"https:\/\/klimavex.eu\/cz\/katalog\/samsung-nastenna-klimatizace-wallmounted-max-highee-ac100\/#primaryimage\"},\"thumbnailUrl\":\"https:\/\/klimavex.eu\/cz\/wp-content\/uploads\/2025\/09\/f2TZyFrkM4YKJerQq24fYUwXqhgn2ODSZ31WbEQQbok-1.jpeg\",\"datePublished\":\"2026-03-31T16:24:26+00:00\",\"dateModified\":\"2026-03-31T16:25:07+00:00\",\"breadcrumb\":{\"@id\":\"https:\/\/klimavex.eu\/cz\/katalog\/samsung-nastenna-klimatizace-wallmounted-max-highee-ac100\/#breadcrumb\"},\"inLanguage\":\"cs\",\"potentialAction\":[{\"@type\":\"ReadAction\",\"target\":[\"https:\/\/klimavex.eu\/cz\/katalog\/samsung-nastenna-klimatizace-wallmounted-max-highee-ac100\/\"]}]},{\"@type\":\"ImageObject\",\"inLanguage\":\"cs\",\"@id\":\"https:\/\/klimavex.eu\/cz\/katalog\/samsung-nastenna-klimatizace-wallmounted-max-highee-ac100\/#primaryimage\",\"url\":\"https:\/\/klimavex.eu\/cz\/wp-content\/uploads\/2025\/09\/f2TZyFrkM4YKJerQq24fYUwXqhgn2ODSZ31WbEQQbok-1.jpeg\",\"contentUrl\":\"https:\/\/klimavex.eu\/cz\/wp-content\/uploads\/2025\/09\/f2TZyFrkM4YKJerQq24fYUwXqhgn2ODSZ31WbEQQbok-1.jpeg\",\"width\":768,\"height\":512},{\"@type\":\"BreadcrumbList\",\"@id\":\"https:\/\/klimavex.eu\/cz\/katalog\/samsung-nastenna-klimatizace-wallmounted-max-highee-ac100\/#breadcrumb\",\"itemListElement\":[{\"@type\":\"ListItem\",\"position\":1,\"name\":\"Domovsk\u00e1 str\u00e1nka\",\"item\":\"https:\/\/klimavex.eu\/cz\/\"},{\"@type\":\"ListItem\",\"position\":2,\"name\":\"Eshop\",\"item\":\"https:\/\/klimavex.eu\/cz\/eshop\/\"},{\"@type\":\"ListItem\",\"position\":3,\"name\":\"Samsung n\u00e1st\u011bnn\u00e1 klimatizace Wallmounted Max HighEE AC100\"}]},{\"@type\":\"WebSite\",\"@id\":\"https:\/\/klimavex.eu\/cz\/#website\",\"url\":\"https:\/\/klimavex.eu\/cz\/\",\"name\":\"KLIMAVEX GROUP - \u010cesko\",\"description\":\"\",\"publisher\":{\"@id\":\"https:\/\/klimavex.eu\/cz\/#organization\"},\"alternateName\":\"KLIMAVEX CZ a.s.\",\"potentialAction\":[{\"@type\":\"SearchAction\",\"target\":{\"@type\":\"EntryPoint\",\"urlTemplate\":\"https:\/\/klimavex.eu\/cz\/?s={search_term_string}\"},\"query-input\":{\"@type\":\"PropertyValueSpecification\",\"valueRequired\":true,\"valueName\":\"search_term_string\"}}],\"inLanguage\":\"cs\"},{\"@type\":\"Organization\",\"@id\":\"https:\/\/klimavex.eu\/cz\/#organization\",\"name\":\"KLIMAVEX GROUP\",\"alternateName\":\"KLIMAVEX\",\"url\":\"https:\/\/klimavex.eu\/cz\/\",\"logo\":{\"@type\":\"ImageObject\",\"inLanguage\":\"cs\",\"@id\":\"https:\/\/klimavex.eu\/cz\/#\/schema\/logo\/image\/\",\"url\":\"https:\/\/klimavex.eu\/cz\/wp-content\/uploads\/2024\/04\/Klimavex-Group-logo.png\",\"contentUrl\":\"https:\/\/klimavex.eu\/cz\/wp-content\/uploads\/2024\/04\/Klimavex-Group-logo.png\",\"width\":1681,\"height\":472,\"caption\":\"KLIMAVEX GROUP\"},\"image\":{\"@id\":\"https:\/\/klimavex.eu\/cz\/#\/schema\/logo\/image\/\"},\"sameAs\":[\"https:\/\/www.facebook.com\/klimavex.cz\",\"https:\/\/www.instagram.com\/klimavex_cz\/\"]}]}<\/script>\n<!-- \/ Yoast SEO plugin. -->","yoast_head_json":{"title":"Klimatizace Samsung split n\u00e1st\u011bnn\u00e1 Wallmounted Max HighEE AC100 R32 400V 10kW - KLIMAVEX GROUP - \u010cesko","robots":{"index":"index","follow":"follow","max-snippet":"max-snippet:-1","max-image-preview":"max-image-preview:large","max-video-preview":"max-video-preview:-1"},"canonical":"https:\/\/klimavex.eu\/cz\/katalog\/samsung-nastenna-klimatizace-wallmounted-max-highee-ac100\/","og_locale":"cs_CZ","og_type":"article","og_title":"Klimatizace Samsung split n\u00e1st\u011bnn\u00e1 Wallmounted Max HighEE AC100 R32 400V 10kW - KLIMAVEX GROUP - \u010cesko","og_description":"Samsung Wallmounted Max je v\u011bt&scaron;&iacute; n&aacute;st\u011bnn&aacute; klimatiza\u010dn&iacute; jednotka o v&yacute;konu 10,0 kW, ur\u010dena pro komer\u010dn&iacute; &uacute;\u010dely. Verze HighEE nab&iacute;z&iacute; je&scaron;t\u011b vy&scaron;&scaron;&iacute; provozn&iacute; &uacute;\u010dinnost. Tato klimatizace, kter&aacute; dok&aacute;\u017ee chladit i topit, m&aacute; odli&scaron;n&yacute; estetick&yacute; vzhled oproti jin&yacute;m komer\u010dn&iacute;m n&aacute;st\u011bnn&yacute;m jednotk&aacute;m. U\u017e&iacute;v&aacute; se ekologick&eacute; chladivo R32.","og_url":"https:\/\/klimavex.eu\/cz\/katalog\/samsung-nastenna-klimatizace-wallmounted-max-highee-ac100\/","og_site_name":"KLIMAVEX GROUP - \u010cesko","article_publisher":"https:\/\/www.facebook.com\/klimavex.cz","article_modified_time":"2026-03-31T16:25:07+00:00","og_image":[{"width":768,"height":512,"url":"https:\/\/klimavex.eu\/cz\/wp-content\/uploads\/2025\/09\/f2TZyFrkM4YKJerQq24fYUwXqhgn2ODSZ31WbEQQbok-1.jpeg","type":"image\/jpeg"}],"twitter_card":"summary_large_image","twitter_misc":{"Odhadovan\u00e1 doba \u010dten\u00ed":"1 minuta"},"schema":{"@context":"https:\/\/schema.org","@graph":[{"@type":"WebPage","@id":"https:\/\/klimavex.eu\/cz\/katalog\/samsung-nastenna-klimatizace-wallmounted-max-highee-ac100\/","url":"https:\/\/klimavex.eu\/cz\/katalog\/samsung-nastenna-klimatizace-wallmounted-max-highee-ac100\/","name":"Klimatizace Samsung split n\u00e1st\u011bnn\u00e1 Wallmounted Max HighEE AC100 R32 400V 10kW - KLIMAVEX GROUP - \u010cesko","isPartOf":{"@id":"https:\/\/klimavex.eu\/cz\/#website"},"primaryImageOfPage":{"@id":"https:\/\/klimavex.eu\/cz\/katalog\/samsung-nastenna-klimatizace-wallmounted-max-highee-ac100\/#primaryimage"},"image":{"@id":"https:\/\/klimavex.eu\/cz\/katalog\/samsung-nastenna-klimatizace-wallmounted-max-highee-ac100\/#primaryimage"},"thumbnailUrl":"https:\/\/klimavex.eu\/cz\/wp-content\/uploads\/2025\/09\/f2TZyFrkM4YKJerQq24fYUwXqhgn2ODSZ31WbEQQbok-1.jpeg","datePublished":"2026-03-31T16:24:26+00:00","dateModified":"2026-03-31T16:25:07+00:00","breadcrumb":{"@id":"https:\/\/klimavex.eu\/cz\/katalog\/samsung-nastenna-klimatizace-wallmounted-max-highee-ac100\/#breadcrumb"},"inLanguage":"cs","potentialAction":[{"@type":"ReadAction","target":["https:\/\/klimavex.eu\/cz\/katalog\/samsung-nastenna-klimatizace-wallmounted-max-highee-ac100\/"]}]},{"@type":"ImageObject","inLanguage":"cs","@id":"https:\/\/klimavex.eu\/cz\/katalog\/samsung-nastenna-klimatizace-wallmounted-max-highee-ac100\/#primaryimage","url":"https:\/\/klimavex.eu\/cz\/wp-content\/uploads\/2025\/09\/f2TZyFrkM4YKJerQq24fYUwXqhgn2ODSZ31WbEQQbok-1.jpeg","contentUrl":"https:\/\/klimavex.eu\/cz\/wp-content\/uploads\/2025\/09\/f2TZyFrkM4YKJerQq24fYUwXqhgn2ODSZ31WbEQQbok-1.jpeg","width":768,"height":512},{"@type":"BreadcrumbList","@id":"https:\/\/klimavex.eu\/cz\/katalog\/samsung-nastenna-klimatizace-wallmounted-max-highee-ac100\/#breadcrumb","itemListElement":[{"@type":"ListItem","position":1,"name":"Domovsk\u00e1 str\u00e1nka","item":"https:\/\/klimavex.eu\/cz\/"},{"@type":"ListItem","position":2,"name":"Eshop","item":"https:\/\/klimavex.eu\/cz\/eshop\/"},{"@type":"ListItem","position":3,"name":"Samsung n\u00e1st\u011bnn\u00e1 klimatizace Wallmounted Max HighEE AC100"}]},{"@type":"WebSite","@id":"https:\/\/klimavex.eu\/cz\/#website","url":"https:\/\/klimavex.eu\/cz\/","name":"KLIMAVEX GROUP - \u010cesko","description":"","publisher":{"@id":"https:\/\/klimavex.eu\/cz\/#organization"},"alternateName":"KLIMAVEX CZ a.s.","potentialAction":[{"@type":"SearchAction","target":{"@type":"EntryPoint","urlTemplate":"https:\/\/klimavex.eu\/cz\/?s={search_term_string}"},"query-input":{"@type":"PropertyValueSpecification","valueRequired":true,"valueName":"search_term_string"}}],"inLanguage":"cs"},{"@type":"Organization","@id":"https:\/\/klimavex.eu\/cz\/#organization","name":"KLIMAVEX GROUP","alternateName":"KLIMAVEX","url":"https:\/\/klimavex.eu\/cz\/","logo":{"@type":"ImageObject","inLanguage":"cs","@id":"https:\/\/klimavex.eu\/cz\/#\/schema\/logo\/image\/","url":"https:\/\/klimavex.eu\/cz\/wp-content\/uploads\/2024\/04\/Klimavex-Group-logo.png","contentUrl":"https:\/\/klimavex.eu\/cz\/wp-content\/uploads\/2024\/04\/Klimavex-Group-logo.png","width":1681,"height":472,"caption":"KLIMAVEX GROUP"},"image":{"@id":"https:\/\/klimavex.eu\/cz\/#\/schema\/logo\/image\/"},"sameAs":["https:\/\/www.facebook.com\/klimavex.cz","https:\/\/www.instagram.com\/klimavex_cz\/"]}]}},"_links":{"self":[{"href":"https:\/\/klimavex.eu\/cz\/wp-json\/wp\/v2\/product\/543077","targetHints":{"allow":["GET"]}}],"collection":[{"href":"https:\/\/klimavex.eu\/cz\/wp-json\/wp\/v2\/product"}],"about":[{"href":"https:\/\/klimavex.eu\/cz\/wp-json\/wp\/v2\/types\/product"}],"version-history":[{"count":0,"href":"https:\/\/klimavex.eu\/cz\/wp-json\/wp\/v2\/product\/543077\/revisions"}],"wp:featuredmedia":[{"embeddable":true,"href":"https:\/\/klimavex.eu\/cz\/wp-json\/wp\/v2\/media\/547707"}],"wp:attachment":[{"href":"https:\/\/klimavex.eu\/cz\/wp-json\/wp\/v2\/media?parent=543077"}],"wp:term":[{"taxonomy":"product_cat","embeddable":true,"href":"https:\/\/klimavex.eu\/cz\/wp-json\/wp\/v2\/product_cat?post=543077"},{"taxonomy":"product_tag","embeddable":true,"href":"https:\/\/klimavex.eu\/cz\/wp-json\/wp\/v2\/product_tag?post=543077"}],"curies":[{"name":"wp","href":"https:\/\/api.w.org\/{rel}","templated":true}]}}