{"id":543095,"date":"2026-03-05T17:49:04","date_gmt":"2026-03-05T16:49:04","guid":{"rendered":"https:\/\/klimavex.eu\/cz\/katalog\/kabelovy-dotykovy-ovladac-3pin-giwee-csp-d178-01p-prevodnik-sp-d157\/"},"modified":"2026-03-05T17:49:06","modified_gmt":"2026-03-05T16:49:06","slug":"prislusenstvi-giwee-prevodnik-iu_5pin-3pin-vrf-sp-d157","status":"publish","type":"product","link":"https:\/\/klimavex.eu\/cz\/katalog\/prislusenstvi-giwee-prevodnik-iu_5pin-3pin-vrf-sp-d157\/","title":{"rendered":"P\u0159\u00edslu\u0161enstv\u00ed Giwee p\u0159evodn\u00edk IU_5pin-3pin (VRF) SP-D157"},"content":{"rendered":"","protected":false},"excerpt":{"rendered":"<p>Pro 5pin jednotky, propojovac\u00ed kabel 5m, p\u0159evodn\u00edk IU_5pin-3pin, voliteln\u00fd pro VRF (Q*, TA, TB, TH), LCAC (CUA, CCB, CCR, CTA, CTB, CZA).<\/p>\n","protected":false},"featured_media":0,"template":"","meta":[],"product_cat":[7727],"product_tag":[],"class_list":{"0":"post-543095","1":"product","2":"type-product","3":"status-publish","5":"product_cat-prislusenstvi-giwee","6":"pa_znacka-giwee","8":"first","9":"instock","10":"taxable","11":"shipping-taxable","12":"purchasable","13":"product-type-simple"},"yoast_head":"<!-- This site is optimized with the Yoast SEO plugin v23.9 - https:\/\/yoast.com\/wordpress\/plugins\/seo\/ -->\n<title>P\u0159\u00edslu\u0161enstv\u00ed Giwee p\u0159evodn\u00edk IU_5pin-3pin (VRF) SP-D157 - KLIMAVEX GROUP - \u010cesko<\/title>\n<meta name=\"robots\" content=\"index, follow, max-snippet:-1, max-image-preview:large, max-video-preview:-1\" \/>\n<link rel=\"canonical\" href=\"https:\/\/klimavex.eu\/cz\/katalog\/kabelovy-dotykovy-ovladac-3pin-giwee-csp-d178-01p-prevodnik-sp-d157\/\" \/>\n<meta property=\"og:locale\" content=\"cs_CZ\" \/>\n<meta property=\"og:type\" content=\"article\" \/>\n<meta property=\"og:title\" content=\"P\u0159\u00edslu\u0161enstv\u00ed Giwee p\u0159evodn\u00edk IU_5pin-3pin (VRF) SP-D157 - KLIMAVEX GROUP - \u010cesko\" \/>\n<meta property=\"og:description\" content=\"Pro 5pin jednotky, propojovac\u00ed kabel 5m, p\u0159evodn\u00edk IU_5pin-3pin, voliteln\u00fd pro VRF (Q*, TA, TB, TH), LCAC (CUA, CCB, CCR, CTA, CTB, CZA).\" \/>\n<meta property=\"og:url\" content=\"https:\/\/klimavex.eu\/cz\/katalog\/kabelovy-dotykovy-ovladac-3pin-giwee-csp-d178-01p-prevodnik-sp-d157\/\" \/>\n<meta property=\"og:site_name\" content=\"KLIMAVEX GROUP - \u010cesko\" \/>\n<meta property=\"article:publisher\" content=\"https:\/\/www.facebook.com\/klimavex.cz\" \/>\n<meta property=\"article:modified_time\" content=\"2026-03-05T16:49:06+00:00\" \/>\n<meta property=\"og:image\" content=\"https:\/\/klimavex.eu\/cz\/wp-content\/uploads\/2025\/09\/OrV7ndW4VsfUf36X3zf3dxi6dk3F38xb9ekm5x4pgv0-1.jpeg\" \/>\n\t<meta property=\"og:image:width\" content=\"492\" \/>\n\t<meta property=\"og:image:height\" content=\"486\" \/>\n\t<meta property=\"og:image:type\" content=\"image\/jpeg\" \/>\n<meta name=\"twitter:card\" content=\"summary_large_image\" \/>\n<script type=\"application\/ld+json\" class=\"yoast-schema-graph\">{\"@context\":\"https:\/\/schema.org\",\"@graph\":[{\"@type\":\"WebPage\",\"@id\":\"https:\/\/klimavex.eu\/cz\/katalog\/kabelovy-dotykovy-ovladac-3pin-giwee-csp-d178-01p-prevodnik-sp-d157\/\",\"url\":\"https:\/\/klimavex.eu\/cz\/katalog\/kabelovy-dotykovy-ovladac-3pin-giwee-csp-d178-01p-prevodnik-sp-d157\/\",\"name\":\"P\u0159\u00edslu\u0161enstv\u00ed Giwee p\u0159evodn\u00edk IU_5pin-3pin (VRF) SP-D157 - KLIMAVEX GROUP - \u010cesko\",\"isPartOf\":{\"@id\":\"https:\/\/klimavex.eu\/cz\/#website\"},\"datePublished\":\"2026-03-05T16:49:04+00:00\",\"dateModified\":\"2026-03-05T16:49:06+00:00\",\"breadcrumb\":{\"@id\":\"https:\/\/klimavex.eu\/cz\/katalog\/kabelovy-dotykovy-ovladac-3pin-giwee-csp-d178-01p-prevodnik-sp-d157\/#breadcrumb\"},\"inLanguage\":\"cs\",\"potentialAction\":[{\"@type\":\"ReadAction\",\"target\":[\"https:\/\/klimavex.eu\/cz\/katalog\/kabelovy-dotykovy-ovladac-3pin-giwee-csp-d178-01p-prevodnik-sp-d157\/\"]}]},{\"@type\":\"BreadcrumbList\",\"@id\":\"https:\/\/klimavex.eu\/cz\/katalog\/kabelovy-dotykovy-ovladac-3pin-giwee-csp-d178-01p-prevodnik-sp-d157\/#breadcrumb\",\"itemListElement\":[{\"@type\":\"ListItem\",\"position\":1,\"name\":\"Domovsk\u00e1 str\u00e1nka\",\"item\":\"https:\/\/klimavex.eu\/cz\/\"},{\"@type\":\"ListItem\",\"position\":2,\"name\":\"Eshop\",\"item\":\"https:\/\/klimavex.eu\/cz\/eshop\/\"},{\"@type\":\"ListItem\",\"position\":3,\"name\":\"Kabelov\u00fd dotykov\u00fd ovlada\u010d 3pin &#8211; GIWEE CSP-D178-01P + p\u0159evodn\u00edk SP-D157\"}]},{\"@type\":\"WebSite\",\"@id\":\"https:\/\/klimavex.eu\/cz\/#website\",\"url\":\"https:\/\/klimavex.eu\/cz\/\",\"name\":\"KLIMAVEX GROUP - \u010cesko\",\"description\":\"\",\"publisher\":{\"@id\":\"https:\/\/klimavex.eu\/cz\/#organization\"},\"alternateName\":\"KLIMAVEX CZ a.s.\",\"potentialAction\":[{\"@type\":\"SearchAction\",\"target\":{\"@type\":\"EntryPoint\",\"urlTemplate\":\"https:\/\/klimavex.eu\/cz\/?s={search_term_string}\"},\"query-input\":{\"@type\":\"PropertyValueSpecification\",\"valueRequired\":true,\"valueName\":\"search_term_string\"}}],\"inLanguage\":\"cs\"},{\"@type\":\"Organization\",\"@id\":\"https:\/\/klimavex.eu\/cz\/#organization\",\"name\":\"KLIMAVEX GROUP\",\"alternateName\":\"KLIMAVEX\",\"url\":\"https:\/\/klimavex.eu\/cz\/\",\"logo\":{\"@type\":\"ImageObject\",\"inLanguage\":\"cs\",\"@id\":\"https:\/\/klimavex.eu\/cz\/#\/schema\/logo\/image\/\",\"url\":\"https:\/\/klimavex.eu\/cz\/wp-content\/uploads\/2024\/04\/Klimavex-Group-logo.png\",\"contentUrl\":\"https:\/\/klimavex.eu\/cz\/wp-content\/uploads\/2024\/04\/Klimavex-Group-logo.png\",\"width\":1681,\"height\":472,\"caption\":\"KLIMAVEX GROUP\"},\"image\":{\"@id\":\"https:\/\/klimavex.eu\/cz\/#\/schema\/logo\/image\/\"},\"sameAs\":[\"https:\/\/www.facebook.com\/klimavex.cz\",\"https:\/\/www.instagram.com\/klimavex_cz\/\"]}]}<\/script>\n<!-- \/ Yoast SEO plugin. -->","yoast_head_json":{"title":"P\u0159\u00edslu\u0161enstv\u00ed Giwee p\u0159evodn\u00edk IU_5pin-3pin (VRF) SP-D157 - KLIMAVEX GROUP - \u010cesko","robots":{"index":"index","follow":"follow","max-snippet":"max-snippet:-1","max-image-preview":"max-image-preview:large","max-video-preview":"max-video-preview:-1"},"canonical":"https:\/\/klimavex.eu\/cz\/katalog\/kabelovy-dotykovy-ovladac-3pin-giwee-csp-d178-01p-prevodnik-sp-d157\/","og_locale":"cs_CZ","og_type":"article","og_title":"P\u0159\u00edslu\u0161enstv\u00ed Giwee p\u0159evodn\u00edk IU_5pin-3pin (VRF) SP-D157 - KLIMAVEX GROUP - \u010cesko","og_description":"Pro 5pin jednotky, propojovac\u00ed kabel 5m, p\u0159evodn\u00edk IU_5pin-3pin, voliteln\u00fd pro VRF (Q*, TA, TB, TH), LCAC (CUA, CCB, CCR, CTA, CTB, CZA).","og_url":"https:\/\/klimavex.eu\/cz\/katalog\/kabelovy-dotykovy-ovladac-3pin-giwee-csp-d178-01p-prevodnik-sp-d157\/","og_site_name":"KLIMAVEX GROUP - \u010cesko","article_publisher":"https:\/\/www.facebook.com\/klimavex.cz","article_modified_time":"2026-03-05T16:49:06+00:00","og_image":[{"width":492,"height":486,"url":"https:\/\/klimavex.eu\/cz\/wp-content\/uploads\/2025\/09\/OrV7ndW4VsfUf36X3zf3dxi6dk3F38xb9ekm5x4pgv0-1.jpeg","type":"image\/jpeg"}],"twitter_card":"summary_large_image","schema":{"@context":"https:\/\/schema.org","@graph":[{"@type":"WebPage","@id":"https:\/\/klimavex.eu\/cz\/katalog\/kabelovy-dotykovy-ovladac-3pin-giwee-csp-d178-01p-prevodnik-sp-d157\/","url":"https:\/\/klimavex.eu\/cz\/katalog\/kabelovy-dotykovy-ovladac-3pin-giwee-csp-d178-01p-prevodnik-sp-d157\/","name":"P\u0159\u00edslu\u0161enstv\u00ed Giwee p\u0159evodn\u00edk IU_5pin-3pin (VRF) SP-D157 - KLIMAVEX GROUP - \u010cesko","isPartOf":{"@id":"https:\/\/klimavex.eu\/cz\/#website"},"datePublished":"2026-03-05T16:49:04+00:00","dateModified":"2026-03-05T16:49:06+00:00","breadcrumb":{"@id":"https:\/\/klimavex.eu\/cz\/katalog\/kabelovy-dotykovy-ovladac-3pin-giwee-csp-d178-01p-prevodnik-sp-d157\/#breadcrumb"},"inLanguage":"cs","potentialAction":[{"@type":"ReadAction","target":["https:\/\/klimavex.eu\/cz\/katalog\/kabelovy-dotykovy-ovladac-3pin-giwee-csp-d178-01p-prevodnik-sp-d157\/"]}]},{"@type":"BreadcrumbList","@id":"https:\/\/klimavex.eu\/cz\/katalog\/kabelovy-dotykovy-ovladac-3pin-giwee-csp-d178-01p-prevodnik-sp-d157\/#breadcrumb","itemListElement":[{"@type":"ListItem","position":1,"name":"Domovsk\u00e1 str\u00e1nka","item":"https:\/\/klimavex.eu\/cz\/"},{"@type":"ListItem","position":2,"name":"Eshop","item":"https:\/\/klimavex.eu\/cz\/eshop\/"},{"@type":"ListItem","position":3,"name":"Kabelov\u00fd dotykov\u00fd ovlada\u010d 3pin &#8211; GIWEE CSP-D178-01P + p\u0159evodn\u00edk SP-D157"}]},{"@type":"WebSite","@id":"https:\/\/klimavex.eu\/cz\/#website","url":"https:\/\/klimavex.eu\/cz\/","name":"KLIMAVEX GROUP - \u010cesko","description":"","publisher":{"@id":"https:\/\/klimavex.eu\/cz\/#organization"},"alternateName":"KLIMAVEX CZ a.s.","potentialAction":[{"@type":"SearchAction","target":{"@type":"EntryPoint","urlTemplate":"https:\/\/klimavex.eu\/cz\/?s={search_term_string}"},"query-input":{"@type":"PropertyValueSpecification","valueRequired":true,"valueName":"search_term_string"}}],"inLanguage":"cs"},{"@type":"Organization","@id":"https:\/\/klimavex.eu\/cz\/#organization","name":"KLIMAVEX GROUP","alternateName":"KLIMAVEX","url":"https:\/\/klimavex.eu\/cz\/","logo":{"@type":"ImageObject","inLanguage":"cs","@id":"https:\/\/klimavex.eu\/cz\/#\/schema\/logo\/image\/","url":"https:\/\/klimavex.eu\/cz\/wp-content\/uploads\/2024\/04\/Klimavex-Group-logo.png","contentUrl":"https:\/\/klimavex.eu\/cz\/wp-content\/uploads\/2024\/04\/Klimavex-Group-logo.png","width":1681,"height":472,"caption":"KLIMAVEX GROUP"},"image":{"@id":"https:\/\/klimavex.eu\/cz\/#\/schema\/logo\/image\/"},"sameAs":["https:\/\/www.facebook.com\/klimavex.cz","https:\/\/www.instagram.com\/klimavex_cz\/"]}]}},"_links":{"self":[{"href":"https:\/\/klimavex.eu\/cz\/wp-json\/wp\/v2\/product\/543095","targetHints":{"allow":["GET"]}}],"collection":[{"href":"https:\/\/klimavex.eu\/cz\/wp-json\/wp\/v2\/product"}],"about":[{"href":"https:\/\/klimavex.eu\/cz\/wp-json\/wp\/v2\/types\/product"}],"version-history":[{"count":0,"href":"https:\/\/klimavex.eu\/cz\/wp-json\/wp\/v2\/product\/543095\/revisions"}],"wp:attachment":[{"href":"https:\/\/klimavex.eu\/cz\/wp-json\/wp\/v2\/media?parent=543095"}],"wp:term":[{"taxonomy":"product_cat","embeddable":true,"href":"https:\/\/klimavex.eu\/cz\/wp-json\/wp\/v2\/product_cat?post=543095"},{"taxonomy":"product_tag","embeddable":true,"href":"https:\/\/klimavex.eu\/cz\/wp-json\/wp\/v2\/product_tag?post=543095"}],"curies":[{"name":"wp","href":"https:\/\/api.w.org\/{rel}","templated":true}]}}