{"id":543102,"date":"2026-03-31T18:25:32","date_gmt":"2026-03-31T16:25:32","guid":{"rendered":"https:\/\/klimavex.eu\/cz\/katalog\/samsung-potrubni-klimatizace-msp-duct-aj052\/"},"modified":"2026-03-31T18:25:47","modified_gmt":"2026-03-31T16:25:47","slug":"klimatizace-samsung-multisplit-vnitrni-potrubni-msp-duct-aj052-52kw","status":"publish","type":"product","link":"https:\/\/klimavex.eu\/cz\/katalog\/klimatizace-samsung-multisplit-vnitrni-potrubni-msp-duct-aj052-52kw\/","title":{"rendered":"Klimatizace Samsung multisplit vnit\u0159n\u00ed potrubn\u00ed MSP Duct AJ052 5,2kW"},"content":{"rendered":"<p style=\"text-align:justify\"><span style=\"font-size:11pt\"><span style=\"font-family:Calibri,sans-serif\"><strong>Kl&iacute;\u010dov&eacute; vlastnosti<\/strong><\/span><\/span><\/p>\n<ul>\n<li style=\"text-align:justify\"><span style=\"font-size:11pt\"><span style=\"font-family:Calibri,sans-serif\">Long-life filtr<\/span><\/span><\/li>\n<li style=\"text-align:justify\"><span style=\"font-size:11pt\"><span style=\"font-family:Calibri,sans-serif\">Extern&iacute; statick&yacute; tlak motoru ventil&aacute;toru do 50Pa<\/span><\/span><\/li>\n<li style=\"text-align:justify\"><span style=\"font-size:11pt\"><span style=\"font-family:Calibri,sans-serif\">Automatick&eacute; nastaven&iacute; extern&iacute;ho statick&eacute;ho tlaku<\/span><\/span><\/li>\n<li style=\"text-align:justify\"><span style=\"font-size:11pt\"><span style=\"font-family:Calibri,sans-serif\">Snadn&aacute; &uacute;dr\u017eba z 3 sm\u011br\u016f (shora, ze strany a zespodu) pomoc&iacute; snadno sn&iacute;mateln&eacute;ho krytu<\/span><\/span><\/li>\n<li style=\"text-align:justify\"><span style=\"font-size:11pt\"><span style=\"font-family:Calibri,sans-serif\">Hlu\u010dnost &ndash; od 36 dB(A)<\/span><\/span><\/li>\n<li style=\"text-align:justify\"><span style=\"font-size:11pt\"><span style=\"font-family:Calibri,sans-serif\">Rozm\u011bry vnit\u0159n&iacute; jednotky &ndash; 900x199x440 mm<\/span><\/span><\/li>\n<li style=\"text-align:justify\"><span style=\"font-size:11pt\"><span style=\"font-family:Calibri,sans-serif\">Kompatibiln&iacute; s&nbsp;multisplit<\/span><\/span><\/li>\n<\/ul>\n","protected":false},"excerpt":{"rendered":"<p style=\"text-align:justify\"><span style=\"font-size:11pt\"><span style=\"font-family:Calibri,sans-serif\"><strong>Samsung MSP Duct<\/strong> je <strong>potrubn&iacute;<\/strong> klimatiza\u010dn&iacute; jednotka <strong>pro multisplit<\/strong> zapojen&iacute;. S&nbsp;ohledem na n&iacute;zkou konstruk\u010dn&iacute; <strong>v&yacute;&scaron;ku jednotky 199 mm<\/strong> je vhodn&aacute; pro aplikace <strong>do mezistrop\u016f s&nbsp;limitovan&yacute;m prostorem<\/strong>. V&nbsp;z&aacute;vislosti na tvaru m&iacute;stnosti lze chlazen&yacute; vzduch vyfukovat i p\u0159es v&iacute;ce vzduchov&yacute;ch otvor\u016f, \u010d&iacute;m\u017e je mo\u017en&eacute; dos&aacute;hnout rovnom\u011brn&eacute; teploty vzduchu nap\u0159&iacute;\u010d celou m&iacute;stnost&iacute;.<\/span><\/span><\/p>\n","protected":false},"featured_media":547784,"template":"","meta":[],"product_cat":[7657,7659,7672,7547,7670,7693],"product_tag":[],"class_list":{"0":"post-543102","1":"product","2":"type-product","3":"status-publish","4":"has-post-thumbnail","6":"product_cat-podle-znacky","7":"product_cat-podle-typu","8":"product_cat-samsung","9":"product_cat-klimatizace","10":"product_cat-multisplity","11":"product_cat-multisplit-samsung","12":"pa_chladici-vykon-12221","13":"pa_multisplit-vnitrni-potrubni-50","14":"pa_napajeni-1f-230v","15":"pa_provedeni-multisplit-vnitrni","16":"pa_topny-vykon-11490","17":"pa_typ-chladiva-r32","18":"pa_znacka-samsung","20":"first","21":"instock","22":"taxable","23":"shipping-taxable","24":"purchasable","25":"product-type-simple"},"yoast_head":"<!-- This site is optimized with the Yoast SEO plugin v23.9 - https:\/\/yoast.com\/wordpress\/plugins\/seo\/ -->\n<title>Klimatizace Samsung multisplit vnit\u0159n\u00ed potrubn\u00ed MSP Duct AJ052 5,2kW - KLIMAVEX GROUP - \u010cesko<\/title>\n<meta name=\"robots\" content=\"index, follow, max-snippet:-1, max-image-preview:large, max-video-preview:-1\" \/>\n<link rel=\"canonical\" href=\"https:\/\/klimavex.eu\/cz\/katalog\/samsung-potrubni-klimatizace-msp-duct-aj052\/\" \/>\n<meta property=\"og:locale\" content=\"cs_CZ\" \/>\n<meta property=\"og:type\" content=\"article\" \/>\n<meta property=\"og:title\" content=\"Klimatizace Samsung multisplit vnit\u0159n\u00ed potrubn\u00ed MSP Duct AJ052 5,2kW - KLIMAVEX GROUP - \u010cesko\" \/>\n<meta property=\"og:description\" content=\"Samsung MSP Duct je potrubn&iacute; klimatiza\u010dn&iacute; jednotka pro multisplit zapojen&iacute;. S&nbsp;ohledem na n&iacute;zkou konstruk\u010dn&iacute; v&yacute;&scaron;ku jednotky 199 mm je vhodn&aacute; pro aplikace do mezistrop\u016f s&nbsp;limitovan&yacute;m prostorem. V&nbsp;z&aacute;vislosti na tvaru m&iacute;stnosti lze chlazen&yacute; vzduch vyfukovat i p\u0159es v&iacute;ce vzduchov&yacute;ch otvor\u016f, \u010d&iacute;m\u017e je mo\u017en&eacute; dos&aacute;hnout rovnom\u011brn&eacute; teploty vzduchu nap\u0159&iacute;\u010d celou m&iacute;stnost&iacute;.\" \/>\n<meta property=\"og:url\" content=\"https:\/\/klimavex.eu\/cz\/katalog\/samsung-potrubni-klimatizace-msp-duct-aj052\/\" \/>\n<meta property=\"og:site_name\" content=\"KLIMAVEX GROUP - \u010cesko\" \/>\n<meta property=\"article:publisher\" content=\"https:\/\/www.facebook.com\/klimavex.cz\" \/>\n<meta property=\"article:modified_time\" content=\"2026-03-31T16:25:47+00:00\" \/>\n<meta property=\"og:image\" content=\"https:\/\/klimavex.eu\/cz\/wp-content\/uploads\/2025\/09\/pAajCAZnQE8JBSZuMjAui82u4_MaQvnSylSHlh0AFqQ.png\" \/>\n\t<meta property=\"og:image:width\" content=\"742\" \/>\n\t<meta property=\"og:image:height\" content=\"414\" \/>\n\t<meta property=\"og:image:type\" content=\"image\/png\" \/>\n<meta name=\"twitter:card\" content=\"summary_large_image\" \/>\n<script type=\"application\/ld+json\" class=\"yoast-schema-graph\">{\"@context\":\"https:\/\/schema.org\",\"@graph\":[{\"@type\":\"WebPage\",\"@id\":\"https:\/\/klimavex.eu\/cz\/katalog\/samsung-potrubni-klimatizace-msp-duct-aj052\/\",\"url\":\"https:\/\/klimavex.eu\/cz\/katalog\/samsung-potrubni-klimatizace-msp-duct-aj052\/\",\"name\":\"Klimatizace Samsung multisplit vnit\u0159n\u00ed potrubn\u00ed MSP Duct AJ052 5,2kW - KLIMAVEX GROUP - \u010cesko\",\"isPartOf\":{\"@id\":\"https:\/\/klimavex.eu\/cz\/#website\"},\"primaryImageOfPage\":{\"@id\":\"https:\/\/klimavex.eu\/cz\/katalog\/samsung-potrubni-klimatizace-msp-duct-aj052\/#primaryimage\"},\"image\":{\"@id\":\"https:\/\/klimavex.eu\/cz\/katalog\/samsung-potrubni-klimatizace-msp-duct-aj052\/#primaryimage\"},\"thumbnailUrl\":\"https:\/\/klimavex.eu\/cz\/wp-content\/uploads\/2025\/09\/pAajCAZnQE8JBSZuMjAui82u4_MaQvnSylSHlh0AFqQ.png\",\"datePublished\":\"2026-03-31T16:25:32+00:00\",\"dateModified\":\"2026-03-31T16:25:47+00:00\",\"breadcrumb\":{\"@id\":\"https:\/\/klimavex.eu\/cz\/katalog\/samsung-potrubni-klimatizace-msp-duct-aj052\/#breadcrumb\"},\"inLanguage\":\"cs\",\"potentialAction\":[{\"@type\":\"ReadAction\",\"target\":[\"https:\/\/klimavex.eu\/cz\/katalog\/samsung-potrubni-klimatizace-msp-duct-aj052\/\"]}]},{\"@type\":\"ImageObject\",\"inLanguage\":\"cs\",\"@id\":\"https:\/\/klimavex.eu\/cz\/katalog\/samsung-potrubni-klimatizace-msp-duct-aj052\/#primaryimage\",\"url\":\"https:\/\/klimavex.eu\/cz\/wp-content\/uploads\/2025\/09\/pAajCAZnQE8JBSZuMjAui82u4_MaQvnSylSHlh0AFqQ.png\",\"contentUrl\":\"https:\/\/klimavex.eu\/cz\/wp-content\/uploads\/2025\/09\/pAajCAZnQE8JBSZuMjAui82u4_MaQvnSylSHlh0AFqQ.png\",\"width\":742,\"height\":414},{\"@type\":\"BreadcrumbList\",\"@id\":\"https:\/\/klimavex.eu\/cz\/katalog\/samsung-potrubni-klimatizace-msp-duct-aj052\/#breadcrumb\",\"itemListElement\":[{\"@type\":\"ListItem\",\"position\":1,\"name\":\"Domovsk\u00e1 str\u00e1nka\",\"item\":\"https:\/\/klimavex.eu\/cz\/\"},{\"@type\":\"ListItem\",\"position\":2,\"name\":\"Eshop\",\"item\":\"https:\/\/klimavex.eu\/cz\/eshop\/\"},{\"@type\":\"ListItem\",\"position\":3,\"name\":\"Samsung potrubn\u00ed klimatizace MSP Duct AJ052\"}]},{\"@type\":\"WebSite\",\"@id\":\"https:\/\/klimavex.eu\/cz\/#website\",\"url\":\"https:\/\/klimavex.eu\/cz\/\",\"name\":\"KLIMAVEX GROUP - \u010cesko\",\"description\":\"\",\"publisher\":{\"@id\":\"https:\/\/klimavex.eu\/cz\/#organization\"},\"alternateName\":\"KLIMAVEX CZ a.s.\",\"potentialAction\":[{\"@type\":\"SearchAction\",\"target\":{\"@type\":\"EntryPoint\",\"urlTemplate\":\"https:\/\/klimavex.eu\/cz\/?s={search_term_string}\"},\"query-input\":{\"@type\":\"PropertyValueSpecification\",\"valueRequired\":true,\"valueName\":\"search_term_string\"}}],\"inLanguage\":\"cs\"},{\"@type\":\"Organization\",\"@id\":\"https:\/\/klimavex.eu\/cz\/#organization\",\"name\":\"KLIMAVEX GROUP\",\"alternateName\":\"KLIMAVEX\",\"url\":\"https:\/\/klimavex.eu\/cz\/\",\"logo\":{\"@type\":\"ImageObject\",\"inLanguage\":\"cs\",\"@id\":\"https:\/\/klimavex.eu\/cz\/#\/schema\/logo\/image\/\",\"url\":\"https:\/\/klimavex.eu\/cz\/wp-content\/uploads\/2024\/04\/Klimavex-Group-logo.png\",\"contentUrl\":\"https:\/\/klimavex.eu\/cz\/wp-content\/uploads\/2024\/04\/Klimavex-Group-logo.png\",\"width\":1681,\"height\":472,\"caption\":\"KLIMAVEX GROUP\"},\"image\":{\"@id\":\"https:\/\/klimavex.eu\/cz\/#\/schema\/logo\/image\/\"},\"sameAs\":[\"https:\/\/www.facebook.com\/klimavex.cz\",\"https:\/\/www.instagram.com\/klimavex_cz\/\"]}]}<\/script>\n<!-- \/ Yoast SEO plugin. -->","yoast_head_json":{"title":"Klimatizace Samsung multisplit vnit\u0159n\u00ed potrubn\u00ed MSP Duct AJ052 5,2kW - KLIMAVEX GROUP - \u010cesko","robots":{"index":"index","follow":"follow","max-snippet":"max-snippet:-1","max-image-preview":"max-image-preview:large","max-video-preview":"max-video-preview:-1"},"canonical":"https:\/\/klimavex.eu\/cz\/katalog\/samsung-potrubni-klimatizace-msp-duct-aj052\/","og_locale":"cs_CZ","og_type":"article","og_title":"Klimatizace Samsung multisplit vnit\u0159n\u00ed potrubn\u00ed MSP Duct AJ052 5,2kW - KLIMAVEX GROUP - \u010cesko","og_description":"Samsung MSP Duct je potrubn&iacute; klimatiza\u010dn&iacute; jednotka pro multisplit zapojen&iacute;. S&nbsp;ohledem na n&iacute;zkou konstruk\u010dn&iacute; v&yacute;&scaron;ku jednotky 199 mm je vhodn&aacute; pro aplikace do mezistrop\u016f s&nbsp;limitovan&yacute;m prostorem. V&nbsp;z&aacute;vislosti na tvaru m&iacute;stnosti lze chlazen&yacute; vzduch vyfukovat i p\u0159es v&iacute;ce vzduchov&yacute;ch otvor\u016f, \u010d&iacute;m\u017e je mo\u017en&eacute; dos&aacute;hnout rovnom\u011brn&eacute; teploty vzduchu nap\u0159&iacute;\u010d celou m&iacute;stnost&iacute;.","og_url":"https:\/\/klimavex.eu\/cz\/katalog\/samsung-potrubni-klimatizace-msp-duct-aj052\/","og_site_name":"KLIMAVEX GROUP - \u010cesko","article_publisher":"https:\/\/www.facebook.com\/klimavex.cz","article_modified_time":"2026-03-31T16:25:47+00:00","og_image":[{"width":742,"height":414,"url":"https:\/\/klimavex.eu\/cz\/wp-content\/uploads\/2025\/09\/pAajCAZnQE8JBSZuMjAui82u4_MaQvnSylSHlh0AFqQ.png","type":"image\/png"}],"twitter_card":"summary_large_image","schema":{"@context":"https:\/\/schema.org","@graph":[{"@type":"WebPage","@id":"https:\/\/klimavex.eu\/cz\/katalog\/samsung-potrubni-klimatizace-msp-duct-aj052\/","url":"https:\/\/klimavex.eu\/cz\/katalog\/samsung-potrubni-klimatizace-msp-duct-aj052\/","name":"Klimatizace Samsung multisplit vnit\u0159n\u00ed potrubn\u00ed MSP Duct AJ052 5,2kW - KLIMAVEX GROUP - \u010cesko","isPartOf":{"@id":"https:\/\/klimavex.eu\/cz\/#website"},"primaryImageOfPage":{"@id":"https:\/\/klimavex.eu\/cz\/katalog\/samsung-potrubni-klimatizace-msp-duct-aj052\/#primaryimage"},"image":{"@id":"https:\/\/klimavex.eu\/cz\/katalog\/samsung-potrubni-klimatizace-msp-duct-aj052\/#primaryimage"},"thumbnailUrl":"https:\/\/klimavex.eu\/cz\/wp-content\/uploads\/2025\/09\/pAajCAZnQE8JBSZuMjAui82u4_MaQvnSylSHlh0AFqQ.png","datePublished":"2026-03-31T16:25:32+00:00","dateModified":"2026-03-31T16:25:47+00:00","breadcrumb":{"@id":"https:\/\/klimavex.eu\/cz\/katalog\/samsung-potrubni-klimatizace-msp-duct-aj052\/#breadcrumb"},"inLanguage":"cs","potentialAction":[{"@type":"ReadAction","target":["https:\/\/klimavex.eu\/cz\/katalog\/samsung-potrubni-klimatizace-msp-duct-aj052\/"]}]},{"@type":"ImageObject","inLanguage":"cs","@id":"https:\/\/klimavex.eu\/cz\/katalog\/samsung-potrubni-klimatizace-msp-duct-aj052\/#primaryimage","url":"https:\/\/klimavex.eu\/cz\/wp-content\/uploads\/2025\/09\/pAajCAZnQE8JBSZuMjAui82u4_MaQvnSylSHlh0AFqQ.png","contentUrl":"https:\/\/klimavex.eu\/cz\/wp-content\/uploads\/2025\/09\/pAajCAZnQE8JBSZuMjAui82u4_MaQvnSylSHlh0AFqQ.png","width":742,"height":414},{"@type":"BreadcrumbList","@id":"https:\/\/klimavex.eu\/cz\/katalog\/samsung-potrubni-klimatizace-msp-duct-aj052\/#breadcrumb","itemListElement":[{"@type":"ListItem","position":1,"name":"Domovsk\u00e1 str\u00e1nka","item":"https:\/\/klimavex.eu\/cz\/"},{"@type":"ListItem","position":2,"name":"Eshop","item":"https:\/\/klimavex.eu\/cz\/eshop\/"},{"@type":"ListItem","position":3,"name":"Samsung potrubn\u00ed klimatizace MSP Duct AJ052"}]},{"@type":"WebSite","@id":"https:\/\/klimavex.eu\/cz\/#website","url":"https:\/\/klimavex.eu\/cz\/","name":"KLIMAVEX GROUP - \u010cesko","description":"","publisher":{"@id":"https:\/\/klimavex.eu\/cz\/#organization"},"alternateName":"KLIMAVEX CZ a.s.","potentialAction":[{"@type":"SearchAction","target":{"@type":"EntryPoint","urlTemplate":"https:\/\/klimavex.eu\/cz\/?s={search_term_string}"},"query-input":{"@type":"PropertyValueSpecification","valueRequired":true,"valueName":"search_term_string"}}],"inLanguage":"cs"},{"@type":"Organization","@id":"https:\/\/klimavex.eu\/cz\/#organization","name":"KLIMAVEX GROUP","alternateName":"KLIMAVEX","url":"https:\/\/klimavex.eu\/cz\/","logo":{"@type":"ImageObject","inLanguage":"cs","@id":"https:\/\/klimavex.eu\/cz\/#\/schema\/logo\/image\/","url":"https:\/\/klimavex.eu\/cz\/wp-content\/uploads\/2024\/04\/Klimavex-Group-logo.png","contentUrl":"https:\/\/klimavex.eu\/cz\/wp-content\/uploads\/2024\/04\/Klimavex-Group-logo.png","width":1681,"height":472,"caption":"KLIMAVEX GROUP"},"image":{"@id":"https:\/\/klimavex.eu\/cz\/#\/schema\/logo\/image\/"},"sameAs":["https:\/\/www.facebook.com\/klimavex.cz","https:\/\/www.instagram.com\/klimavex_cz\/"]}]}},"_links":{"self":[{"href":"https:\/\/klimavex.eu\/cz\/wp-json\/wp\/v2\/product\/543102","targetHints":{"allow":["GET"]}}],"collection":[{"href":"https:\/\/klimavex.eu\/cz\/wp-json\/wp\/v2\/product"}],"about":[{"href":"https:\/\/klimavex.eu\/cz\/wp-json\/wp\/v2\/types\/product"}],"version-history":[{"count":0,"href":"https:\/\/klimavex.eu\/cz\/wp-json\/wp\/v2\/product\/543102\/revisions"}],"wp:featuredmedia":[{"embeddable":true,"href":"https:\/\/klimavex.eu\/cz\/wp-json\/wp\/v2\/media\/547784"}],"wp:attachment":[{"href":"https:\/\/klimavex.eu\/cz\/wp-json\/wp\/v2\/media?parent=543102"}],"wp:term":[{"taxonomy":"product_cat","embeddable":true,"href":"https:\/\/klimavex.eu\/cz\/wp-json\/wp\/v2\/product_cat?post=543102"},{"taxonomy":"product_tag","embeddable":true,"href":"https:\/\/klimavex.eu\/cz\/wp-json\/wp\/v2\/product_tag?post=543102"}],"curies":[{"name":"wp","href":"https:\/\/api.w.org\/{rel}","templated":true}]}}