{"id":543129,"date":"2026-04-28T22:51:58","date_gmt":"2026-04-28T20:51:58","guid":{"rendered":"https:\/\/klimavex.eu\/cz\/katalog\/samsung-multisplit-fjm-aj050\/"},"modified":"2026-04-28T22:52:30","modified_gmt":"2026-04-28T20:52:30","slug":"klimatizace-samsung-multisplit-venkovni-fjm-aj050-2-vnitrni-r32-230v-5kw","status":"publish","type":"product","link":"https:\/\/klimavex.eu\/cz\/katalog\/klimatizace-samsung-multisplit-venkovni-fjm-aj050-2-vnitrni-r32-230v-5kw\/","title":{"rendered":"Klimatizace Samsung multisplit venkovn\u00ed FJM AJ050 (2 vnit\u0159n\u00ed) R32 230V 5kW"},"content":{"rendered":"<p style=\"text-align:justify\"><span style=\"font-size:11pt\"><span style=\"background-color:white\"><span style=\"font-family:Calibri,sans-serif\"><strong>Kl&iacute;\u010dov&eacute; vlastnosti<\/strong><\/span><\/span><\/span><\/p>\n<ul>\n<li style=\"text-align:justify\"><span style=\"font-size:11pt\"><span style=\"background-color:white\"><span style=\"font-family:Calibri,sans-serif\">Kompatibiln&iacute; s technologi&iacute; Digital Inverter Boost<\/span><\/span><\/span><\/li>\n<li style=\"text-align:justify\"><span style=\"font-size:11pt\"><span style=\"background-color:white\"><span style=\"font-family:Calibri,sans-serif\">Chlazen&iacute; a\u017e do 46&deg;C venkovn&iacute; teploty<\/span><\/span><\/span><\/li>\n<li style=\"text-align:justify\"><span style=\"font-size:11pt\"><span style=\"background-color:white\"><span style=\"font-family:Calibri,sans-serif\">Topen&iacute; a\u017e do -15&deg;C venkovn&iacute; teploty<\/span><\/span><\/span><\/li>\n<li style=\"text-align:justify\"><span style=\"font-size:11pt\"><span style=\"background-color:white\"><span style=\"font-family:Calibri,sans-serif\">Vybaveno komunika\u010dn&iacute;m protokolem NASA<\/span><\/span><\/span><\/li>\n<li style=\"text-align:justify\"><span style=\"font-size:11pt\"><span style=\"background-color:white\"><span style=\"font-family:Calibri,sans-serif\">Vysok&yacute; v&yacute;kon dvojit&eacute;ho kompresoru BLDC<\/span><\/span><\/span><\/li>\n<li style=\"text-align:justify\"><span style=\"font-size:11pt\"><span style=\"background-color:white\"><span style=\"font-family:Calibri,sans-serif\">Venkovn&iacute; jednotka s&nbsp;jedn&iacute;m ventil&aacute;torem<\/span><\/span><\/span><\/li>\n<li style=\"text-align:justify\"><span style=\"font-size:11pt\"><span style=\"background-color:white\"><span style=\"font-family:Calibri,sans-serif\">P\u0159ipojovac&iacute; pom\u011br a\u017e 176%<\/span><\/span><\/span><\/li>\n<li style=\"text-align:justify\"><span style=\"font-size:11pt\"><span style=\"background-color:white\"><span style=\"font-family:Calibri,sans-serif\">Chladivo R32 &ndash; chladivo &scaron;etrn&eacute; k&nbsp;\u017eivotn&iacute;mu prost\u0159ed&iacute;<\/span><\/span><\/span><\/li>\n<li style=\"text-align:justify\"><span style=\"font-size:11pt\"><span style=\"background-color:white\"><span style=\"font-family:Calibri,sans-serif\">Kombinace s&nbsp;n&aacute;st\u011bnn&yacute;mi, kazetov&yacute;mi, potrubn&iacute;mi a parapetn&iacute;mi vnit\u0159n&iacute;mi jednotkami<\/span><\/span><\/span><\/li>\n<\/ul>\n","protected":false},"excerpt":{"rendered":"<p style=\"text-align:justify\"><span style=\"font-size:11pt\"><span style=\"background-color:white\"><span style=\"font-family:Calibri,sans-serif\">Venkovn&iacute; jednotka <strong>Samsung FJM pro multisplit<\/strong> zapojen&iacute; nab&iacute;z&iacute; &uacute;\u010dinn&eacute; a spolehliv&eacute; chlazen&iacute; i vyt&aacute;p\u011bn&iacute;. Dok&aacute;\u017ee v&nbsp;tomto p\u0159&iacute;pad\u011b najednou <strong>obsluhovat 2 vnit\u0159n&iacute; jednotky<\/strong> Samsung r\u016fzn&yacute;ch typ\u016f, jsou mo\u017en&eacute; i jejich kombinace. Tato mo\u017enost je vhodn&aacute; zejm&eacute;na v&nbsp;p\u0159&iacute;padech, kdy je t\u0159eba individu&aacute;ln\u011b \u0159&iacute;dit vnit\u0159n&iacute; klima ve stejn&eacute;m re\u017eimu pro v&iacute;ce m&iacute;stnost&iacute;, nap\u0159&iacute;klad v&nbsp;rodinn&yacute;ch domech, v\u011bt&scaron;&iacute;ch bytech nebo i mal&yacute;ch kancel&aacute;\u0159&iacute;ch. V&scaron;echny jednotky t&eacute;to \u0159ady maj&iacute; t\u0159&iacute;du <strong>energetick&eacute; &uacute;\u010dinnosti minim&aacute;ln\u011b A++ v&nbsp;re\u017eimu chlazen&iacute; a A+ v&nbsp;re\u017eimu vyt&aacute;p\u011bn&iacute;.<\/strong><\/span><\/span><\/span><\/p>\n","protected":false},"featured_media":547858,"template":"","meta":[],"product_cat":[7657,7659,7672,7547,7670,7693],"product_tag":[],"class_list":{"0":"post-543129","1":"product","2":"type-product","3":"status-publish","4":"has-post-thumbnail","6":"product_cat-podle-znacky","7":"product_cat-podle-typu","8":"product_cat-samsung","9":"product_cat-klimatizace","10":"product_cat-multisplity","11":"product_cat-multisplit-samsung","12":"pa_chlad-do-von-tep-c-do-5c","13":"pa_chladici-vykon-11459","14":"pa_energeticka-trida-scop-aplusplus","15":"pa_energeticka-trida-seer-aplusplusplus","16":"pa_multisplit-venkovni-multi-2","17":"pa_napajeni-1f-230v","18":"pa_prikon-chlazeni-11446","19":"pa_prikon-vytapeni-11330","20":"pa_provedeni-multisplit-venkovni","21":"pa_topny-vykon-11490","22":"pa_typ-chladiva-r32","23":"pa_vyk-do-von-tepl-c-do-15-c","24":"pa_znacka-samsung","26":"first","27":"instock","28":"taxable","29":"shipping-taxable","30":"purchasable","31":"product-type-simple"},"yoast_head":"<!-- This site is optimized with the Yoast SEO plugin v23.9 - https:\/\/yoast.com\/wordpress\/plugins\/seo\/ -->\n<title>Klimatizace Samsung multisplit venkovn\u00ed FJM AJ050 (2 vnit\u0159n\u00ed) R32 230V 5kW - KLIMAVEX GROUP - \u010cesko<\/title>\n<meta name=\"robots\" content=\"index, follow, max-snippet:-1, max-image-preview:large, max-video-preview:-1\" \/>\n<link rel=\"canonical\" href=\"https:\/\/klimavex.eu\/cz\/katalog\/samsung-multisplit-fjm-aj050\/\" \/>\n<meta property=\"og:locale\" content=\"cs_CZ\" \/>\n<meta property=\"og:type\" content=\"article\" \/>\n<meta property=\"og:title\" content=\"Klimatizace Samsung multisplit venkovn\u00ed FJM AJ050 (2 vnit\u0159n\u00ed) R32 230V 5kW - KLIMAVEX GROUP - \u010cesko\" \/>\n<meta property=\"og:description\" content=\"Venkovn&iacute; jednotka Samsung FJM pro multisplit zapojen&iacute; nab&iacute;z&iacute; &uacute;\u010dinn&eacute; a spolehliv&eacute; chlazen&iacute; i vyt&aacute;p\u011bn&iacute;. Dok&aacute;\u017ee v&nbsp;tomto p\u0159&iacute;pad\u011b najednou obsluhovat 2 vnit\u0159n&iacute; jednotky Samsung r\u016fzn&yacute;ch typ\u016f, jsou mo\u017en&eacute; i jejich kombinace. Tato mo\u017enost je vhodn&aacute; zejm&eacute;na v&nbsp;p\u0159&iacute;padech, kdy je t\u0159eba individu&aacute;ln\u011b \u0159&iacute;dit vnit\u0159n&iacute; klima ve stejn&eacute;m re\u017eimu pro v&iacute;ce m&iacute;stnost&iacute;, nap\u0159&iacute;klad v&nbsp;rodinn&yacute;ch domech, v\u011bt&scaron;&iacute;ch bytech nebo i mal&yacute;ch kancel&aacute;\u0159&iacute;ch. V&scaron;echny jednotky t&eacute;to \u0159ady maj&iacute; t\u0159&iacute;du energetick&eacute; &uacute;\u010dinnosti minim&aacute;ln\u011b A++ v&nbsp;re\u017eimu chlazen&iacute; a A+ v&nbsp;re\u017eimu vyt&aacute;p\u011bn&iacute;.\" \/>\n<meta property=\"og:url\" content=\"https:\/\/klimavex.eu\/cz\/katalog\/samsung-multisplit-fjm-aj050\/\" \/>\n<meta property=\"og:site_name\" content=\"KLIMAVEX GROUP - \u010cesko\" \/>\n<meta property=\"article:publisher\" content=\"https:\/\/www.facebook.com\/klimavex.cz\" \/>\n<meta property=\"article:modified_time\" content=\"2026-04-28T20:52:30+00:00\" \/>\n<meta property=\"og:image\" content=\"https:\/\/klimavex.eu\/cz\/wp-content\/uploads\/2025\/09\/ce_34FTr1vOpLdnB6l1U8giL_Y_-v0D1zpKhBar3Ve4-2.png\" \/>\n\t<meta property=\"og:image:width\" content=\"522\" \/>\n\t<meta property=\"og:image:height\" content=\"359\" \/>\n\t<meta property=\"og:image:type\" content=\"image\/png\" \/>\n<meta name=\"twitter:card\" content=\"summary_large_image\" \/>\n<meta name=\"twitter:label1\" content=\"Odhadovan\u00e1 doba \u010dten\u00ed\" \/>\n\t<meta name=\"twitter:data1\" content=\"1 minuta\" \/>\n<script type=\"application\/ld+json\" class=\"yoast-schema-graph\">{\"@context\":\"https:\/\/schema.org\",\"@graph\":[{\"@type\":\"WebPage\",\"@id\":\"https:\/\/klimavex.eu\/cz\/katalog\/samsung-multisplit-fjm-aj050\/\",\"url\":\"https:\/\/klimavex.eu\/cz\/katalog\/samsung-multisplit-fjm-aj050\/\",\"name\":\"Klimatizace Samsung multisplit venkovn\u00ed FJM AJ050 (2 vnit\u0159n\u00ed) R32 230V 5kW - KLIMAVEX GROUP - \u010cesko\",\"isPartOf\":{\"@id\":\"https:\/\/klimavex.eu\/cz\/#website\"},\"primaryImageOfPage\":{\"@id\":\"https:\/\/klimavex.eu\/cz\/katalog\/samsung-multisplit-fjm-aj050\/#primaryimage\"},\"image\":{\"@id\":\"https:\/\/klimavex.eu\/cz\/katalog\/samsung-multisplit-fjm-aj050\/#primaryimage\"},\"thumbnailUrl\":\"https:\/\/klimavex.eu\/cz\/wp-content\/uploads\/2025\/09\/ce_34FTr1vOpLdnB6l1U8giL_Y_-v0D1zpKhBar3Ve4-2.png\",\"datePublished\":\"2026-04-28T20:51:58+00:00\",\"dateModified\":\"2026-04-28T20:52:30+00:00\",\"breadcrumb\":{\"@id\":\"https:\/\/klimavex.eu\/cz\/katalog\/samsung-multisplit-fjm-aj050\/#breadcrumb\"},\"inLanguage\":\"cs\",\"potentialAction\":[{\"@type\":\"ReadAction\",\"target\":[\"https:\/\/klimavex.eu\/cz\/katalog\/samsung-multisplit-fjm-aj050\/\"]}]},{\"@type\":\"ImageObject\",\"inLanguage\":\"cs\",\"@id\":\"https:\/\/klimavex.eu\/cz\/katalog\/samsung-multisplit-fjm-aj050\/#primaryimage\",\"url\":\"https:\/\/klimavex.eu\/cz\/wp-content\/uploads\/2025\/09\/ce_34FTr1vOpLdnB6l1U8giL_Y_-v0D1zpKhBar3Ve4-2.png\",\"contentUrl\":\"https:\/\/klimavex.eu\/cz\/wp-content\/uploads\/2025\/09\/ce_34FTr1vOpLdnB6l1U8giL_Y_-v0D1zpKhBar3Ve4-2.png\",\"width\":522,\"height\":359},{\"@type\":\"BreadcrumbList\",\"@id\":\"https:\/\/klimavex.eu\/cz\/katalog\/samsung-multisplit-fjm-aj050\/#breadcrumb\",\"itemListElement\":[{\"@type\":\"ListItem\",\"position\":1,\"name\":\"Domovsk\u00e1 str\u00e1nka\",\"item\":\"https:\/\/klimavex.eu\/cz\/\"},{\"@type\":\"ListItem\",\"position\":2,\"name\":\"Eshop\",\"item\":\"https:\/\/klimavex.eu\/cz\/eshop\/\"},{\"@type\":\"ListItem\",\"position\":3,\"name\":\"Samsung multisplit FJM AJ050\"}]},{\"@type\":\"WebSite\",\"@id\":\"https:\/\/klimavex.eu\/cz\/#website\",\"url\":\"https:\/\/klimavex.eu\/cz\/\",\"name\":\"KLIMAVEX GROUP - \u010cesko\",\"description\":\"\",\"publisher\":{\"@id\":\"https:\/\/klimavex.eu\/cz\/#organization\"},\"alternateName\":\"KLIMAVEX CZ a.s.\",\"potentialAction\":[{\"@type\":\"SearchAction\",\"target\":{\"@type\":\"EntryPoint\",\"urlTemplate\":\"https:\/\/klimavex.eu\/cz\/?s={search_term_string}\"},\"query-input\":{\"@type\":\"PropertyValueSpecification\",\"valueRequired\":true,\"valueName\":\"search_term_string\"}}],\"inLanguage\":\"cs\"},{\"@type\":\"Organization\",\"@id\":\"https:\/\/klimavex.eu\/cz\/#organization\",\"name\":\"KLIMAVEX GROUP\",\"alternateName\":\"KLIMAVEX\",\"url\":\"https:\/\/klimavex.eu\/cz\/\",\"logo\":{\"@type\":\"ImageObject\",\"inLanguage\":\"cs\",\"@id\":\"https:\/\/klimavex.eu\/cz\/#\/schema\/logo\/image\/\",\"url\":\"https:\/\/klimavex.eu\/cz\/wp-content\/uploads\/2024\/04\/Klimavex-Group-logo.png\",\"contentUrl\":\"https:\/\/klimavex.eu\/cz\/wp-content\/uploads\/2024\/04\/Klimavex-Group-logo.png\",\"width\":1681,\"height\":472,\"caption\":\"KLIMAVEX GROUP\"},\"image\":{\"@id\":\"https:\/\/klimavex.eu\/cz\/#\/schema\/logo\/image\/\"},\"sameAs\":[\"https:\/\/www.facebook.com\/klimavex.cz\",\"https:\/\/www.instagram.com\/klimavex_cz\/\"]}]}<\/script>\n<!-- \/ Yoast SEO plugin. -->","yoast_head_json":{"title":"Klimatizace Samsung multisplit venkovn\u00ed FJM AJ050 (2 vnit\u0159n\u00ed) R32 230V 5kW - KLIMAVEX GROUP - \u010cesko","robots":{"index":"index","follow":"follow","max-snippet":"max-snippet:-1","max-image-preview":"max-image-preview:large","max-video-preview":"max-video-preview:-1"},"canonical":"https:\/\/klimavex.eu\/cz\/katalog\/samsung-multisplit-fjm-aj050\/","og_locale":"cs_CZ","og_type":"article","og_title":"Klimatizace Samsung multisplit venkovn\u00ed FJM AJ050 (2 vnit\u0159n\u00ed) R32 230V 5kW - KLIMAVEX GROUP - \u010cesko","og_description":"Venkovn&iacute; jednotka Samsung FJM pro multisplit zapojen&iacute; nab&iacute;z&iacute; &uacute;\u010dinn&eacute; a spolehliv&eacute; chlazen&iacute; i vyt&aacute;p\u011bn&iacute;. Dok&aacute;\u017ee v&nbsp;tomto p\u0159&iacute;pad\u011b najednou obsluhovat 2 vnit\u0159n&iacute; jednotky Samsung r\u016fzn&yacute;ch typ\u016f, jsou mo\u017en&eacute; i jejich kombinace. Tato mo\u017enost je vhodn&aacute; zejm&eacute;na v&nbsp;p\u0159&iacute;padech, kdy je t\u0159eba individu&aacute;ln\u011b \u0159&iacute;dit vnit\u0159n&iacute; klima ve stejn&eacute;m re\u017eimu pro v&iacute;ce m&iacute;stnost&iacute;, nap\u0159&iacute;klad v&nbsp;rodinn&yacute;ch domech, v\u011bt&scaron;&iacute;ch bytech nebo i mal&yacute;ch kancel&aacute;\u0159&iacute;ch. V&scaron;echny jednotky t&eacute;to \u0159ady maj&iacute; t\u0159&iacute;du energetick&eacute; &uacute;\u010dinnosti minim&aacute;ln\u011b A++ v&nbsp;re\u017eimu chlazen&iacute; a A+ v&nbsp;re\u017eimu vyt&aacute;p\u011bn&iacute;.","og_url":"https:\/\/klimavex.eu\/cz\/katalog\/samsung-multisplit-fjm-aj050\/","og_site_name":"KLIMAVEX GROUP - \u010cesko","article_publisher":"https:\/\/www.facebook.com\/klimavex.cz","article_modified_time":"2026-04-28T20:52:30+00:00","og_image":[{"width":522,"height":359,"url":"https:\/\/klimavex.eu\/cz\/wp-content\/uploads\/2025\/09\/ce_34FTr1vOpLdnB6l1U8giL_Y_-v0D1zpKhBar3Ve4-2.png","type":"image\/png"}],"twitter_card":"summary_large_image","twitter_misc":{"Odhadovan\u00e1 doba \u010dten\u00ed":"1 minuta"},"schema":{"@context":"https:\/\/schema.org","@graph":[{"@type":"WebPage","@id":"https:\/\/klimavex.eu\/cz\/katalog\/samsung-multisplit-fjm-aj050\/","url":"https:\/\/klimavex.eu\/cz\/katalog\/samsung-multisplit-fjm-aj050\/","name":"Klimatizace Samsung multisplit venkovn\u00ed FJM AJ050 (2 vnit\u0159n\u00ed) R32 230V 5kW - KLIMAVEX GROUP - \u010cesko","isPartOf":{"@id":"https:\/\/klimavex.eu\/cz\/#website"},"primaryImageOfPage":{"@id":"https:\/\/klimavex.eu\/cz\/katalog\/samsung-multisplit-fjm-aj050\/#primaryimage"},"image":{"@id":"https:\/\/klimavex.eu\/cz\/katalog\/samsung-multisplit-fjm-aj050\/#primaryimage"},"thumbnailUrl":"https:\/\/klimavex.eu\/cz\/wp-content\/uploads\/2025\/09\/ce_34FTr1vOpLdnB6l1U8giL_Y_-v0D1zpKhBar3Ve4-2.png","datePublished":"2026-04-28T20:51:58+00:00","dateModified":"2026-04-28T20:52:30+00:00","breadcrumb":{"@id":"https:\/\/klimavex.eu\/cz\/katalog\/samsung-multisplit-fjm-aj050\/#breadcrumb"},"inLanguage":"cs","potentialAction":[{"@type":"ReadAction","target":["https:\/\/klimavex.eu\/cz\/katalog\/samsung-multisplit-fjm-aj050\/"]}]},{"@type":"ImageObject","inLanguage":"cs","@id":"https:\/\/klimavex.eu\/cz\/katalog\/samsung-multisplit-fjm-aj050\/#primaryimage","url":"https:\/\/klimavex.eu\/cz\/wp-content\/uploads\/2025\/09\/ce_34FTr1vOpLdnB6l1U8giL_Y_-v0D1zpKhBar3Ve4-2.png","contentUrl":"https:\/\/klimavex.eu\/cz\/wp-content\/uploads\/2025\/09\/ce_34FTr1vOpLdnB6l1U8giL_Y_-v0D1zpKhBar3Ve4-2.png","width":522,"height":359},{"@type":"BreadcrumbList","@id":"https:\/\/klimavex.eu\/cz\/katalog\/samsung-multisplit-fjm-aj050\/#breadcrumb","itemListElement":[{"@type":"ListItem","position":1,"name":"Domovsk\u00e1 str\u00e1nka","item":"https:\/\/klimavex.eu\/cz\/"},{"@type":"ListItem","position":2,"name":"Eshop","item":"https:\/\/klimavex.eu\/cz\/eshop\/"},{"@type":"ListItem","position":3,"name":"Samsung multisplit FJM AJ050"}]},{"@type":"WebSite","@id":"https:\/\/klimavex.eu\/cz\/#website","url":"https:\/\/klimavex.eu\/cz\/","name":"KLIMAVEX GROUP - \u010cesko","description":"","publisher":{"@id":"https:\/\/klimavex.eu\/cz\/#organization"},"alternateName":"KLIMAVEX CZ a.s.","potentialAction":[{"@type":"SearchAction","target":{"@type":"EntryPoint","urlTemplate":"https:\/\/klimavex.eu\/cz\/?s={search_term_string}"},"query-input":{"@type":"PropertyValueSpecification","valueRequired":true,"valueName":"search_term_string"}}],"inLanguage":"cs"},{"@type":"Organization","@id":"https:\/\/klimavex.eu\/cz\/#organization","name":"KLIMAVEX GROUP","alternateName":"KLIMAVEX","url":"https:\/\/klimavex.eu\/cz\/","logo":{"@type":"ImageObject","inLanguage":"cs","@id":"https:\/\/klimavex.eu\/cz\/#\/schema\/logo\/image\/","url":"https:\/\/klimavex.eu\/cz\/wp-content\/uploads\/2024\/04\/Klimavex-Group-logo.png","contentUrl":"https:\/\/klimavex.eu\/cz\/wp-content\/uploads\/2024\/04\/Klimavex-Group-logo.png","width":1681,"height":472,"caption":"KLIMAVEX GROUP"},"image":{"@id":"https:\/\/klimavex.eu\/cz\/#\/schema\/logo\/image\/"},"sameAs":["https:\/\/www.facebook.com\/klimavex.cz","https:\/\/www.instagram.com\/klimavex_cz\/"]}]}},"_links":{"self":[{"href":"https:\/\/klimavex.eu\/cz\/wp-json\/wp\/v2\/product\/543129","targetHints":{"allow":["GET"]}}],"collection":[{"href":"https:\/\/klimavex.eu\/cz\/wp-json\/wp\/v2\/product"}],"about":[{"href":"https:\/\/klimavex.eu\/cz\/wp-json\/wp\/v2\/types\/product"}],"version-history":[{"count":0,"href":"https:\/\/klimavex.eu\/cz\/wp-json\/wp\/v2\/product\/543129\/revisions"}],"wp:featuredmedia":[{"embeddable":true,"href":"https:\/\/klimavex.eu\/cz\/wp-json\/wp\/v2\/media\/547858"}],"wp:attachment":[{"href":"https:\/\/klimavex.eu\/cz\/wp-json\/wp\/v2\/media?parent=543129"}],"wp:term":[{"taxonomy":"product_cat","embeddable":true,"href":"https:\/\/klimavex.eu\/cz\/wp-json\/wp\/v2\/product_cat?post=543129"},{"taxonomy":"product_tag","embeddable":true,"href":"https:\/\/klimavex.eu\/cz\/wp-json\/wp\/v2\/product_tag?post=543129"}],"curies":[{"name":"wp","href":"https:\/\/api.w.org\/{rel}","templated":true}]}}