{"id":543232,"date":"2026-04-10T16:49:05","date_gmt":"2026-04-10T14:49:05","guid":{"rendered":"https:\/\/klimavex.eu\/cz\/katalog\/hyundai-vnitrni-jednotka-hcco-17\/"},"modified":"2026-04-10T16:49:47","modified_gmt":"2026-04-10T14:49:47","slug":"klimatizace-hyundai-vnitrni-parapetni-hcco-17-5kw","status":"publish","type":"product","link":"https:\/\/klimavex.eu\/cz\/katalog\/klimatizace-hyundai-vnitrni-parapetni-hcco-17-5kw\/","title":{"rendered":"Klimatizace Hyundai vnit\u0159n\u00ed parapetn\u00ed HCCO 17 5kW"},"content":{"rendered":"<p style=\"text-align: justify;\"><strong>Kl&iacute;\u010dov&eacute; vlastnosti<\/strong><\/p>\n<ul>\n<li style=\"text-align: justify;\">Infraovlada\u010d (standard), Wi-Fi modul (voliteln&yacute;)<\/li>\n<li style=\"text-align: justify;\">3D proud\u011bn&iacute; vzduchu<\/li>\n<li style=\"text-align: justify;\">Efektivn&iacute; cirkulace vzduchu<\/li>\n<li style=\"text-align: justify;\">Mo\u017enost p\u0159&iacute;vodu extern&iacute;ho vzduchu<\/li>\n<li style=\"text-align: justify;\">&Uacute;\u010dinn&yacute; a snadno omyvateln&yacute; vzduchov&yacute; filtr<\/li>\n<li style=\"text-align: justify;\">Kompaktn&iacute; n&aacute;st\u011bnn&aacute; jednotka<\/li>\n<li style=\"text-align: justify;\">Funkce: chlazen&iacute;, topen&iacute;, v\u011btr&aacute;n&iacute;, odvlh\u010dov&aacute;n&iacute;<\/li>\n<li style=\"text-align: justify;\">Funkce automatick&eacute;ho restartu<\/li>\n<li style=\"text-align: justify;\">24hodinov&eacute; programov&aacute;n&iacute; On\/Off<\/li>\n<\/ul>\n","protected":false},"excerpt":{"rendered":"<p style=\"text-align: justify;\"><strong>Hyundai HCCO<\/strong> je vnit\u0159n&iacute; parapetn&iacute; jednotka klimatizace <strong>pro multisplit<\/strong> zapojen&iacute;, kter&aacute; se vyu\u017e&iacute;v&aacute; pro aplikace <strong>v&nbsp;podkrov&iacute;<\/strong> nebo jin&yacute;ch m&iacute;stnostech, kde je pot\u0159eba instalovat jednotku <strong>t\u011bsn\u011b nad podlahu<\/strong>. Kompaktn&iacute; pouzdro, vysok&aacute; &uacute;\u010dinnost a <strong>pokro\u010dil&aacute; cirkulace<\/strong> vzduchu d\u011blaj&iacute; z tohoto modelu funk\u010dn&iacute; za\u0159&iacute;zen&iacute;, kter&eacute; zvl&aacute;dne jak&eacute;koli podm&iacute;nky.<\/p>\n","protected":false},"featured_media":548079,"template":"","meta":[],"product_cat":[7657,7681,7659,7547,7670,7685],"product_tag":[],"class_list":{"0":"post-543232","1":"product","2":"type-product","3":"status-publish","4":"has-post-thumbnail","6":"product_cat-podle-znacky","7":"product_cat-hyundai","8":"product_cat-podle-typu","9":"product_cat-klimatizace","10":"product_cat-multisplity","11":"product_cat-multisplit","12":"pa_chladici-vykon-11459","13":"pa_hlucnost-vnitrni-jednotky-11525","14":"pa_multisplit-vnitrni-parapetni-50","15":"pa_napajeni-1f-230v","16":"pa_provedeni-multisplit-vnitrni","17":"pa_topny-vykon-12057","18":"pa_typ-chladiva-r32","19":"pa_znacka-hyundai","21":"first","22":"instock","23":"taxable","24":"shipping-taxable","25":"purchasable","26":"product-type-simple"},"yoast_head":"<!-- This site is optimized with the Yoast SEO plugin v23.9 - https:\/\/yoast.com\/wordpress\/plugins\/seo\/ -->\n<title>Klimatizace Hyundai vnit\u0159n\u00ed parapetn\u00ed HCCO 17 5kW - KLIMAVEX GROUP - \u010cesko<\/title>\n<meta name=\"robots\" content=\"index, follow, max-snippet:-1, max-image-preview:large, max-video-preview:-1\" \/>\n<link rel=\"canonical\" href=\"https:\/\/klimavex.eu\/cz\/katalog\/hyundai-vnitrni-jednotka-hcco-17\/\" \/>\n<meta property=\"og:locale\" content=\"cs_CZ\" \/>\n<meta property=\"og:type\" content=\"article\" \/>\n<meta property=\"og:title\" content=\"Klimatizace Hyundai vnit\u0159n\u00ed parapetn\u00ed HCCO 17 5kW - KLIMAVEX GROUP - \u010cesko\" \/>\n<meta property=\"og:description\" content=\"Hyundai HCCO je vnit\u0159n&iacute; parapetn&iacute; jednotka klimatizace pro multisplit zapojen&iacute;, kter&aacute; se vyu\u017e&iacute;v&aacute; pro aplikace v&nbsp;podkrov&iacute; nebo jin&yacute;ch m&iacute;stnostech, kde je pot\u0159eba instalovat jednotku t\u011bsn\u011b nad podlahu. Kompaktn&iacute; pouzdro, vysok&aacute; &uacute;\u010dinnost a pokro\u010dil&aacute; cirkulace vzduchu d\u011blaj&iacute; z tohoto modelu funk\u010dn&iacute; za\u0159&iacute;zen&iacute;, kter&eacute; zvl&aacute;dne jak&eacute;koli podm&iacute;nky.\" \/>\n<meta property=\"og:url\" content=\"https:\/\/klimavex.eu\/cz\/katalog\/hyundai-vnitrni-jednotka-hcco-17\/\" \/>\n<meta property=\"og:site_name\" content=\"KLIMAVEX GROUP - \u010cesko\" \/>\n<meta property=\"article:publisher\" content=\"https:\/\/www.facebook.com\/klimavex.cz\" \/>\n<meta property=\"article:modified_time\" content=\"2026-04-10T14:49:47+00:00\" \/>\n<meta property=\"og:image\" content=\"https:\/\/klimavex.eu\/cz\/wp-content\/uploads\/2025\/09\/4al8svkpvVly2Z4UL90tPu2d4MusMNkvsfc_75z57GQ-1.jpeg\" \/>\n\t<meta property=\"og:image:width\" content=\"512\" \/>\n\t<meta property=\"og:image:height\" content=\"512\" \/>\n\t<meta property=\"og:image:type\" content=\"image\/jpeg\" \/>\n<meta name=\"twitter:card\" content=\"summary_large_image\" \/>\n<script type=\"application\/ld+json\" class=\"yoast-schema-graph\">{\"@context\":\"https:\/\/schema.org\",\"@graph\":[{\"@type\":\"WebPage\",\"@id\":\"https:\/\/klimavex.eu\/cz\/katalog\/hyundai-vnitrni-jednotka-hcco-17\/\",\"url\":\"https:\/\/klimavex.eu\/cz\/katalog\/hyundai-vnitrni-jednotka-hcco-17\/\",\"name\":\"Klimatizace Hyundai vnit\u0159n\u00ed parapetn\u00ed HCCO 17 5kW - KLIMAVEX GROUP - \u010cesko\",\"isPartOf\":{\"@id\":\"https:\/\/klimavex.eu\/cz\/#website\"},\"primaryImageOfPage\":{\"@id\":\"https:\/\/klimavex.eu\/cz\/katalog\/hyundai-vnitrni-jednotka-hcco-17\/#primaryimage\"},\"image\":{\"@id\":\"https:\/\/klimavex.eu\/cz\/katalog\/hyundai-vnitrni-jednotka-hcco-17\/#primaryimage\"},\"thumbnailUrl\":\"https:\/\/klimavex.eu\/cz\/wp-content\/uploads\/2025\/09\/4al8svkpvVly2Z4UL90tPu2d4MusMNkvsfc_75z57GQ-1.jpeg\",\"datePublished\":\"2026-04-10T14:49:05+00:00\",\"dateModified\":\"2026-04-10T14:49:47+00:00\",\"breadcrumb\":{\"@id\":\"https:\/\/klimavex.eu\/cz\/katalog\/hyundai-vnitrni-jednotka-hcco-17\/#breadcrumb\"},\"inLanguage\":\"cs\",\"potentialAction\":[{\"@type\":\"ReadAction\",\"target\":[\"https:\/\/klimavex.eu\/cz\/katalog\/hyundai-vnitrni-jednotka-hcco-17\/\"]}]},{\"@type\":\"ImageObject\",\"inLanguage\":\"cs\",\"@id\":\"https:\/\/klimavex.eu\/cz\/katalog\/hyundai-vnitrni-jednotka-hcco-17\/#primaryimage\",\"url\":\"https:\/\/klimavex.eu\/cz\/wp-content\/uploads\/2025\/09\/4al8svkpvVly2Z4UL90tPu2d4MusMNkvsfc_75z57GQ-1.jpeg\",\"contentUrl\":\"https:\/\/klimavex.eu\/cz\/wp-content\/uploads\/2025\/09\/4al8svkpvVly2Z4UL90tPu2d4MusMNkvsfc_75z57GQ-1.jpeg\",\"width\":512,\"height\":512},{\"@type\":\"BreadcrumbList\",\"@id\":\"https:\/\/klimavex.eu\/cz\/katalog\/hyundai-vnitrni-jednotka-hcco-17\/#breadcrumb\",\"itemListElement\":[{\"@type\":\"ListItem\",\"position\":1,\"name\":\"Domovsk\u00e1 str\u00e1nka\",\"item\":\"https:\/\/klimavex.eu\/cz\/\"},{\"@type\":\"ListItem\",\"position\":2,\"name\":\"Eshop\",\"item\":\"https:\/\/klimavex.eu\/cz\/eshop\/\"},{\"@type\":\"ListItem\",\"position\":3,\"name\":\"Hyundai vnit\u0159n\u00ed jednotka HCCO 17\"}]},{\"@type\":\"WebSite\",\"@id\":\"https:\/\/klimavex.eu\/cz\/#website\",\"url\":\"https:\/\/klimavex.eu\/cz\/\",\"name\":\"KLIMAVEX GROUP - \u010cesko\",\"description\":\"\",\"publisher\":{\"@id\":\"https:\/\/klimavex.eu\/cz\/#organization\"},\"alternateName\":\"KLIMAVEX CZ a.s.\",\"potentialAction\":[{\"@type\":\"SearchAction\",\"target\":{\"@type\":\"EntryPoint\",\"urlTemplate\":\"https:\/\/klimavex.eu\/cz\/?s={search_term_string}\"},\"query-input\":{\"@type\":\"PropertyValueSpecification\",\"valueRequired\":true,\"valueName\":\"search_term_string\"}}],\"inLanguage\":\"cs\"},{\"@type\":\"Organization\",\"@id\":\"https:\/\/klimavex.eu\/cz\/#organization\",\"name\":\"KLIMAVEX GROUP\",\"alternateName\":\"KLIMAVEX\",\"url\":\"https:\/\/klimavex.eu\/cz\/\",\"logo\":{\"@type\":\"ImageObject\",\"inLanguage\":\"cs\",\"@id\":\"https:\/\/klimavex.eu\/cz\/#\/schema\/logo\/image\/\",\"url\":\"https:\/\/klimavex.eu\/cz\/wp-content\/uploads\/2024\/04\/Klimavex-Group-logo.png\",\"contentUrl\":\"https:\/\/klimavex.eu\/cz\/wp-content\/uploads\/2024\/04\/Klimavex-Group-logo.png\",\"width\":1681,\"height\":472,\"caption\":\"KLIMAVEX GROUP\"},\"image\":{\"@id\":\"https:\/\/klimavex.eu\/cz\/#\/schema\/logo\/image\/\"},\"sameAs\":[\"https:\/\/www.facebook.com\/klimavex.cz\",\"https:\/\/www.instagram.com\/klimavex_cz\/\"]}]}<\/script>\n<!-- \/ Yoast SEO plugin. -->","yoast_head_json":{"title":"Klimatizace Hyundai vnit\u0159n\u00ed parapetn\u00ed HCCO 17 5kW - KLIMAVEX GROUP - \u010cesko","robots":{"index":"index","follow":"follow","max-snippet":"max-snippet:-1","max-image-preview":"max-image-preview:large","max-video-preview":"max-video-preview:-1"},"canonical":"https:\/\/klimavex.eu\/cz\/katalog\/hyundai-vnitrni-jednotka-hcco-17\/","og_locale":"cs_CZ","og_type":"article","og_title":"Klimatizace Hyundai vnit\u0159n\u00ed parapetn\u00ed HCCO 17 5kW - KLIMAVEX GROUP - \u010cesko","og_description":"Hyundai HCCO je vnit\u0159n&iacute; parapetn&iacute; jednotka klimatizace pro multisplit zapojen&iacute;, kter&aacute; se vyu\u017e&iacute;v&aacute; pro aplikace v&nbsp;podkrov&iacute; nebo jin&yacute;ch m&iacute;stnostech, kde je pot\u0159eba instalovat jednotku t\u011bsn\u011b nad podlahu. Kompaktn&iacute; pouzdro, vysok&aacute; &uacute;\u010dinnost a pokro\u010dil&aacute; cirkulace vzduchu d\u011blaj&iacute; z tohoto modelu funk\u010dn&iacute; za\u0159&iacute;zen&iacute;, kter&eacute; zvl&aacute;dne jak&eacute;koli podm&iacute;nky.","og_url":"https:\/\/klimavex.eu\/cz\/katalog\/hyundai-vnitrni-jednotka-hcco-17\/","og_site_name":"KLIMAVEX GROUP - \u010cesko","article_publisher":"https:\/\/www.facebook.com\/klimavex.cz","article_modified_time":"2026-04-10T14:49:47+00:00","og_image":[{"width":512,"height":512,"url":"https:\/\/klimavex.eu\/cz\/wp-content\/uploads\/2025\/09\/4al8svkpvVly2Z4UL90tPu2d4MusMNkvsfc_75z57GQ-1.jpeg","type":"image\/jpeg"}],"twitter_card":"summary_large_image","schema":{"@context":"https:\/\/schema.org","@graph":[{"@type":"WebPage","@id":"https:\/\/klimavex.eu\/cz\/katalog\/hyundai-vnitrni-jednotka-hcco-17\/","url":"https:\/\/klimavex.eu\/cz\/katalog\/hyundai-vnitrni-jednotka-hcco-17\/","name":"Klimatizace Hyundai vnit\u0159n\u00ed parapetn\u00ed HCCO 17 5kW - KLIMAVEX GROUP - \u010cesko","isPartOf":{"@id":"https:\/\/klimavex.eu\/cz\/#website"},"primaryImageOfPage":{"@id":"https:\/\/klimavex.eu\/cz\/katalog\/hyundai-vnitrni-jednotka-hcco-17\/#primaryimage"},"image":{"@id":"https:\/\/klimavex.eu\/cz\/katalog\/hyundai-vnitrni-jednotka-hcco-17\/#primaryimage"},"thumbnailUrl":"https:\/\/klimavex.eu\/cz\/wp-content\/uploads\/2025\/09\/4al8svkpvVly2Z4UL90tPu2d4MusMNkvsfc_75z57GQ-1.jpeg","datePublished":"2026-04-10T14:49:05+00:00","dateModified":"2026-04-10T14:49:47+00:00","breadcrumb":{"@id":"https:\/\/klimavex.eu\/cz\/katalog\/hyundai-vnitrni-jednotka-hcco-17\/#breadcrumb"},"inLanguage":"cs","potentialAction":[{"@type":"ReadAction","target":["https:\/\/klimavex.eu\/cz\/katalog\/hyundai-vnitrni-jednotka-hcco-17\/"]}]},{"@type":"ImageObject","inLanguage":"cs","@id":"https:\/\/klimavex.eu\/cz\/katalog\/hyundai-vnitrni-jednotka-hcco-17\/#primaryimage","url":"https:\/\/klimavex.eu\/cz\/wp-content\/uploads\/2025\/09\/4al8svkpvVly2Z4UL90tPu2d4MusMNkvsfc_75z57GQ-1.jpeg","contentUrl":"https:\/\/klimavex.eu\/cz\/wp-content\/uploads\/2025\/09\/4al8svkpvVly2Z4UL90tPu2d4MusMNkvsfc_75z57GQ-1.jpeg","width":512,"height":512},{"@type":"BreadcrumbList","@id":"https:\/\/klimavex.eu\/cz\/katalog\/hyundai-vnitrni-jednotka-hcco-17\/#breadcrumb","itemListElement":[{"@type":"ListItem","position":1,"name":"Domovsk\u00e1 str\u00e1nka","item":"https:\/\/klimavex.eu\/cz\/"},{"@type":"ListItem","position":2,"name":"Eshop","item":"https:\/\/klimavex.eu\/cz\/eshop\/"},{"@type":"ListItem","position":3,"name":"Hyundai vnit\u0159n\u00ed jednotka HCCO 17"}]},{"@type":"WebSite","@id":"https:\/\/klimavex.eu\/cz\/#website","url":"https:\/\/klimavex.eu\/cz\/","name":"KLIMAVEX GROUP - \u010cesko","description":"","publisher":{"@id":"https:\/\/klimavex.eu\/cz\/#organization"},"alternateName":"KLIMAVEX CZ a.s.","potentialAction":[{"@type":"SearchAction","target":{"@type":"EntryPoint","urlTemplate":"https:\/\/klimavex.eu\/cz\/?s={search_term_string}"},"query-input":{"@type":"PropertyValueSpecification","valueRequired":true,"valueName":"search_term_string"}}],"inLanguage":"cs"},{"@type":"Organization","@id":"https:\/\/klimavex.eu\/cz\/#organization","name":"KLIMAVEX GROUP","alternateName":"KLIMAVEX","url":"https:\/\/klimavex.eu\/cz\/","logo":{"@type":"ImageObject","inLanguage":"cs","@id":"https:\/\/klimavex.eu\/cz\/#\/schema\/logo\/image\/","url":"https:\/\/klimavex.eu\/cz\/wp-content\/uploads\/2024\/04\/Klimavex-Group-logo.png","contentUrl":"https:\/\/klimavex.eu\/cz\/wp-content\/uploads\/2024\/04\/Klimavex-Group-logo.png","width":1681,"height":472,"caption":"KLIMAVEX GROUP"},"image":{"@id":"https:\/\/klimavex.eu\/cz\/#\/schema\/logo\/image\/"},"sameAs":["https:\/\/www.facebook.com\/klimavex.cz","https:\/\/www.instagram.com\/klimavex_cz\/"]}]}},"_links":{"self":[{"href":"https:\/\/klimavex.eu\/cz\/wp-json\/wp\/v2\/product\/543232","targetHints":{"allow":["GET"]}}],"collection":[{"href":"https:\/\/klimavex.eu\/cz\/wp-json\/wp\/v2\/product"}],"about":[{"href":"https:\/\/klimavex.eu\/cz\/wp-json\/wp\/v2\/types\/product"}],"version-history":[{"count":0,"href":"https:\/\/klimavex.eu\/cz\/wp-json\/wp\/v2\/product\/543232\/revisions"}],"wp:featuredmedia":[{"embeddable":true,"href":"https:\/\/klimavex.eu\/cz\/wp-json\/wp\/v2\/media\/548079"}],"wp:attachment":[{"href":"https:\/\/klimavex.eu\/cz\/wp-json\/wp\/v2\/media?parent=543232"}],"wp:term":[{"taxonomy":"product_cat","embeddable":true,"href":"https:\/\/klimavex.eu\/cz\/wp-json\/wp\/v2\/product_cat?post=543232"},{"taxonomy":"product_tag","embeddable":true,"href":"https:\/\/klimavex.eu\/cz\/wp-json\/wp\/v2\/product_tag?post=543232"}],"curies":[{"name":"wp","href":"https:\/\/api.w.org\/{rel}","templated":true}]}}