{"id":543246,"date":"2026-04-27T22:52:47","date_gmt":"2026-04-27T20:52:47","guid":{"rendered":"https:\/\/klimavex.eu\/cz\/katalog\/airwell-kazetova-klimatizace-cdmx-035\/"},"modified":"2026-04-27T22:52:58","modified_gmt":"2026-04-27T20:52:58","slug":"klimatizace-airwell-split-kazetova-cdmx-035-r32-230v-35kw","status":"publish","type":"product","link":"https:\/\/klimavex.eu\/cz\/katalog\/klimatizace-airwell-split-kazetova-cdmx-035-r32-230v-35kw\/","title":{"rendered":"Klimatizace Airwell split kazetov\u00e1 CDMX 035 R32 230V 3,5kW"},"content":{"rendered":"<p style=\"text-align:justify\"><span style=\"font-size:11pt\"><span style=\"font-family:Calibri,sans-serif\"><strong>Kl&iacute;\u010dov&eacute; vlastnosti<\/strong><\/span><\/span><\/p>\n<ul>\n<li style=\"text-align:justify\"><span style=\"font-size:11pt\"><span style=\"font-family:Calibri,sans-serif\">T\u0159&iacute;da energetick&eacute; &uacute;\u010dinnosti A++ v chlazen&iacute; a A+ v&nbsp;topen&iacute;<\/span><\/span><\/li>\n<li style=\"text-align:justify\"><span style=\"font-size:11pt\"><span style=\"font-family:Calibri,sans-serif\">Ekologick&eacute; chladivo R32<\/span><\/span><\/li>\n<li style=\"text-align:justify\"><span style=\"font-size:11pt\"><span style=\"font-family:Calibri,sans-serif\">\u0158e&scaron;en&iacute; pro standardn&iacute; rastr 600&#215;600 nebo 900&#215;900 mm<\/span><\/span><\/li>\n<li style=\"text-align:justify\"><span style=\"font-size:11pt\"><span style=\"font-family:Calibri,sans-serif\">Golden Fin &ndash; pozlacen&eacute; lamely v&yacute;m\u011bn&iacute;k\u016f vnit\u0159n&iacute; i venkovn&iacute; jednotky pro zv&yacute;&scaron;enou odolnost v\u016f\u010di korozi a del&scaron;&iacute; \u017eivotnost<\/span><\/span><\/li>\n<li style=\"text-align:justify\"><span style=\"font-size:11pt\"><span style=\"font-family:Calibri,sans-serif\">I FEEL &ndash; precizn&iacute; regulace teploty dle \u010didla um&iacute;st\u011bn&eacute;ho v&nbsp;d&aacute;lkov&eacute;m ovlada\u010di<\/span><\/span><\/li>\n<li style=\"text-align:justify\"><span style=\"font-size:11pt\"><span style=\"font-family:Calibri,sans-serif\">360&deg; distribuce vzduchu<\/span><\/span><\/li>\n<li style=\"text-align:justify\"><span style=\"font-size:11pt\"><span style=\"font-family:Calibri,sans-serif\">P\u0159edp\u0159ipraven&yacute; otvor na p\u0159&iacute;vod \u010derstv&eacute;ho vzduchu<\/span><\/span><\/li>\n<li style=\"text-align:justify\"><span style=\"font-size:11pt\"><span style=\"font-family:Calibri,sans-serif\">Otvor na distribuci vzduchu do vedlej&scaron;&iacute; m&iacute;stnosti<\/span><\/span><\/li>\n<li style=\"text-align:justify\"><span style=\"font-size:11pt\"><span style=\"font-family:Calibri,sans-serif\">Voliteln&eacute; Wi-Fi ovl&aacute;d&aacute;n&iacute;<\/span><\/span><\/li>\n<li style=\"text-align:justify\"><span style=\"font-size:11pt\"><span style=\"font-family:Calibri,sans-serif\">Infraovl&aacute;d&aacute;n&iacute; RC18<\/span><\/span><\/li>\n<li style=\"text-align:justify\"><span style=\"font-size:11pt\"><span style=\"font-family:Calibri,sans-serif\">Kompaktn&iacute; design<\/span><\/span><\/li>\n<li style=\"text-align:justify\"><span style=\"font-size:11pt\"><span style=\"font-family:Calibri,sans-serif\">Mo\u017enost TWIN aplikace<\/span><\/span><\/li>\n<li style=\"text-align:justify\"><span style=\"font-size:11pt\"><span style=\"font-family:Calibri,sans-serif\">Split \/ multisplit syst&eacute;m<\/span><\/span><\/li>\n<li style=\"text-align:justify\"><span style=\"font-size:11pt\"><span style=\"font-family:Calibri,sans-serif\">Zabudovan&eacute; \u010derpadlo kondenz&aacute;tu (s v&yacute;tlakem 500mm od spodn&iacute; hrany jednotky)<\/span><\/span><\/li>\n<li style=\"text-align:justify\"><span style=\"font-size:11pt\"><span style=\"font-family:Calibri,sans-serif\">Servisn&iacute; re\u017eim pro zobrazen&iacute; parametr\u016f<\/span><\/span><\/li>\n<\/ul>\n","protected":false},"excerpt":{"rendered":"<p style=\"text-align:justify\"><span style=\"font-size:11pt\"><span style=\"font-family:Calibri,sans-serif\">Kazetov&eacute; klimatiza\u010dn&iacute; jednotky <strong>Airwell CDMX<\/strong> se nej\u010dast\u011bji vyu\u017e&iacute;vaj&iacute; v&nbsp;komer\u010dn&iacute;ch a pr\u016fmyslov&yacute;ch prostorech. Jejich nejv\u011bt&scaron;&iacute; p\u0159ednost&iacute; je <strong>rovnom\u011brn&aacute; 360&deg;C distribuce vzduchu<\/strong>. Jednotky CDMX dok&aacute;\u017e&iacute; &uacute;\u010dinn\u011b chladit i vyt&aacute;p\u011bt, p\u0159iv&aacute;d\u011bt \u010derstv&yacute; vzduch a filtrovat ho.<\/span><\/span><\/p>\n","protected":false},"featured_media":548106,"template":"","meta":[],"product_cat":[7657,7659,7666,7667,7547,7658],"product_tag":[],"class_list":{"0":"post-543246","1":"product","2":"type-product","3":"status-publish","4":"has-post-thumbnail","6":"product_cat-podle-znacky","7":"product_cat-podle-typu","8":"product_cat-kazetove","9":"product_cat-cdmx","10":"product_cat-klimatizace","11":"product_cat-airwell","12":"pa_barva-vnitrni-jednotky-bila","13":"pa_chlad-do-von-tep-c-do-15-c","14":"pa_chladici-vykon-11526","15":"pa_energeticka-trida-scop-aplus","16":"pa_energeticka-trida-seer-aplusplus","17":"pa_extra-funkce-i-feel","18":"pa_filtrace-vzduchu-standard","19":"pa_hlucnost-vnitrni-jednotky-11588","20":"pa_napajeni-1f-230v","21":"pa_prikon-chlazeni-11589","22":"pa_prikon-vytapeni-11524","23":"pa_provedeni-kazetovy-split","24":"pa_topny-vykon-11527","25":"pa_typ-chladiva-r32","26":"pa_vyk-do-von-tepl-c-do-15-c","27":"pa_vykonovy-model-11442","28":"pa_znacka-airwell","30":"first","31":"instock","32":"taxable","33":"shipping-taxable","34":"purchasable","35":"product-type-simple"},"yoast_head":"<!-- This site is optimized with the Yoast SEO plugin v23.9 - https:\/\/yoast.com\/wordpress\/plugins\/seo\/ -->\n<title>Klimatizace Airwell split kazetov\u00e1 CDMX 035 R32 230V 3,5kW - KLIMAVEX GROUP - \u010cesko<\/title>\n<meta name=\"robots\" content=\"index, follow, max-snippet:-1, max-image-preview:large, max-video-preview:-1\" \/>\n<link rel=\"canonical\" href=\"https:\/\/klimavex.eu\/cz\/katalog\/airwell-kazetova-klimatizace-cdmx-035\/\" \/>\n<meta property=\"og:locale\" content=\"cs_CZ\" \/>\n<meta property=\"og:type\" content=\"article\" \/>\n<meta property=\"og:title\" content=\"Klimatizace Airwell split kazetov\u00e1 CDMX 035 R32 230V 3,5kW - KLIMAVEX GROUP - \u010cesko\" \/>\n<meta property=\"og:description\" content=\"Kazetov&eacute; klimatiza\u010dn&iacute; jednotky Airwell CDMX se nej\u010dast\u011bji vyu\u017e&iacute;vaj&iacute; v&nbsp;komer\u010dn&iacute;ch a pr\u016fmyslov&yacute;ch prostorech. Jejich nejv\u011bt&scaron;&iacute; p\u0159ednost&iacute; je rovnom\u011brn&aacute; 360&deg;C distribuce vzduchu. Jednotky CDMX dok&aacute;\u017e&iacute; &uacute;\u010dinn\u011b chladit i vyt&aacute;p\u011bt, p\u0159iv&aacute;d\u011bt \u010derstv&yacute; vzduch a filtrovat ho.\" \/>\n<meta property=\"og:url\" content=\"https:\/\/klimavex.eu\/cz\/katalog\/airwell-kazetova-klimatizace-cdmx-035\/\" \/>\n<meta property=\"og:site_name\" content=\"KLIMAVEX GROUP - \u010cesko\" \/>\n<meta property=\"article:publisher\" content=\"https:\/\/www.facebook.com\/klimavex.cz\" \/>\n<meta property=\"article:modified_time\" content=\"2026-04-27T20:52:58+00:00\" \/>\n<meta property=\"og:image\" content=\"https:\/\/klimavex.eu\/cz\/wp-content\/uploads\/2025\/09\/ORrCVTtQh0pm6uPXpZU_xgBCYpjBohIeFpqfaH_ucrU-1.png\" \/>\n\t<meta property=\"og:image:width\" content=\"500\" \/>\n\t<meta property=\"og:image:height\" content=\"500\" \/>\n\t<meta property=\"og:image:type\" content=\"image\/png\" \/>\n<meta name=\"twitter:card\" content=\"summary_large_image\" \/>\n<meta name=\"twitter:label1\" content=\"Odhadovan\u00e1 doba \u010dten\u00ed\" \/>\n\t<meta name=\"twitter:data1\" content=\"1 minuta\" \/>\n<script type=\"application\/ld+json\" class=\"yoast-schema-graph\">{\"@context\":\"https:\/\/schema.org\",\"@graph\":[{\"@type\":\"WebPage\",\"@id\":\"https:\/\/klimavex.eu\/cz\/katalog\/airwell-kazetova-klimatizace-cdmx-035\/\",\"url\":\"https:\/\/klimavex.eu\/cz\/katalog\/airwell-kazetova-klimatizace-cdmx-035\/\",\"name\":\"Klimatizace Airwell split kazetov\u00e1 CDMX 035 R32 230V 3,5kW - KLIMAVEX GROUP - \u010cesko\",\"isPartOf\":{\"@id\":\"https:\/\/klimavex.eu\/cz\/#website\"},\"primaryImageOfPage\":{\"@id\":\"https:\/\/klimavex.eu\/cz\/katalog\/airwell-kazetova-klimatizace-cdmx-035\/#primaryimage\"},\"image\":{\"@id\":\"https:\/\/klimavex.eu\/cz\/katalog\/airwell-kazetova-klimatizace-cdmx-035\/#primaryimage\"},\"thumbnailUrl\":\"https:\/\/klimavex.eu\/cz\/wp-content\/uploads\/2025\/09\/ORrCVTtQh0pm6uPXpZU_xgBCYpjBohIeFpqfaH_ucrU-1.png\",\"datePublished\":\"2026-04-27T20:52:47+00:00\",\"dateModified\":\"2026-04-27T20:52:58+00:00\",\"breadcrumb\":{\"@id\":\"https:\/\/klimavex.eu\/cz\/katalog\/airwell-kazetova-klimatizace-cdmx-035\/#breadcrumb\"},\"inLanguage\":\"cs\",\"potentialAction\":[{\"@type\":\"ReadAction\",\"target\":[\"https:\/\/klimavex.eu\/cz\/katalog\/airwell-kazetova-klimatizace-cdmx-035\/\"]}]},{\"@type\":\"ImageObject\",\"inLanguage\":\"cs\",\"@id\":\"https:\/\/klimavex.eu\/cz\/katalog\/airwell-kazetova-klimatizace-cdmx-035\/#primaryimage\",\"url\":\"https:\/\/klimavex.eu\/cz\/wp-content\/uploads\/2025\/09\/ORrCVTtQh0pm6uPXpZU_xgBCYpjBohIeFpqfaH_ucrU-1.png\",\"contentUrl\":\"https:\/\/klimavex.eu\/cz\/wp-content\/uploads\/2025\/09\/ORrCVTtQh0pm6uPXpZU_xgBCYpjBohIeFpqfaH_ucrU-1.png\",\"width\":500,\"height\":500},{\"@type\":\"BreadcrumbList\",\"@id\":\"https:\/\/klimavex.eu\/cz\/katalog\/airwell-kazetova-klimatizace-cdmx-035\/#breadcrumb\",\"itemListElement\":[{\"@type\":\"ListItem\",\"position\":1,\"name\":\"Domovsk\u00e1 str\u00e1nka\",\"item\":\"https:\/\/klimavex.eu\/cz\/\"},{\"@type\":\"ListItem\",\"position\":2,\"name\":\"Eshop\",\"item\":\"https:\/\/klimavex.eu\/cz\/eshop\/\"},{\"@type\":\"ListItem\",\"position\":3,\"name\":\"Airwell kazetov\u00e1 klimatizace CDMX 035\"}]},{\"@type\":\"WebSite\",\"@id\":\"https:\/\/klimavex.eu\/cz\/#website\",\"url\":\"https:\/\/klimavex.eu\/cz\/\",\"name\":\"KLIMAVEX GROUP - \u010cesko\",\"description\":\"\",\"publisher\":{\"@id\":\"https:\/\/klimavex.eu\/cz\/#organization\"},\"alternateName\":\"KLIMAVEX CZ a.s.\",\"potentialAction\":[{\"@type\":\"SearchAction\",\"target\":{\"@type\":\"EntryPoint\",\"urlTemplate\":\"https:\/\/klimavex.eu\/cz\/?s={search_term_string}\"},\"query-input\":{\"@type\":\"PropertyValueSpecification\",\"valueRequired\":true,\"valueName\":\"search_term_string\"}}],\"inLanguage\":\"cs\"},{\"@type\":\"Organization\",\"@id\":\"https:\/\/klimavex.eu\/cz\/#organization\",\"name\":\"KLIMAVEX GROUP\",\"alternateName\":\"KLIMAVEX\",\"url\":\"https:\/\/klimavex.eu\/cz\/\",\"logo\":{\"@type\":\"ImageObject\",\"inLanguage\":\"cs\",\"@id\":\"https:\/\/klimavex.eu\/cz\/#\/schema\/logo\/image\/\",\"url\":\"https:\/\/klimavex.eu\/cz\/wp-content\/uploads\/2024\/04\/Klimavex-Group-logo.png\",\"contentUrl\":\"https:\/\/klimavex.eu\/cz\/wp-content\/uploads\/2024\/04\/Klimavex-Group-logo.png\",\"width\":1681,\"height\":472,\"caption\":\"KLIMAVEX GROUP\"},\"image\":{\"@id\":\"https:\/\/klimavex.eu\/cz\/#\/schema\/logo\/image\/\"},\"sameAs\":[\"https:\/\/www.facebook.com\/klimavex.cz\",\"https:\/\/www.instagram.com\/klimavex_cz\/\"]}]}<\/script>\n<!-- \/ Yoast SEO plugin. -->","yoast_head_json":{"title":"Klimatizace Airwell split kazetov\u00e1 CDMX 035 R32 230V 3,5kW - KLIMAVEX GROUP - \u010cesko","robots":{"index":"index","follow":"follow","max-snippet":"max-snippet:-1","max-image-preview":"max-image-preview:large","max-video-preview":"max-video-preview:-1"},"canonical":"https:\/\/klimavex.eu\/cz\/katalog\/airwell-kazetova-klimatizace-cdmx-035\/","og_locale":"cs_CZ","og_type":"article","og_title":"Klimatizace Airwell split kazetov\u00e1 CDMX 035 R32 230V 3,5kW - KLIMAVEX GROUP - \u010cesko","og_description":"Kazetov&eacute; klimatiza\u010dn&iacute; jednotky Airwell CDMX se nej\u010dast\u011bji vyu\u017e&iacute;vaj&iacute; v&nbsp;komer\u010dn&iacute;ch a pr\u016fmyslov&yacute;ch prostorech. Jejich nejv\u011bt&scaron;&iacute; p\u0159ednost&iacute; je rovnom\u011brn&aacute; 360&deg;C distribuce vzduchu. Jednotky CDMX dok&aacute;\u017e&iacute; &uacute;\u010dinn\u011b chladit i vyt&aacute;p\u011bt, p\u0159iv&aacute;d\u011bt \u010derstv&yacute; vzduch a filtrovat ho.","og_url":"https:\/\/klimavex.eu\/cz\/katalog\/airwell-kazetova-klimatizace-cdmx-035\/","og_site_name":"KLIMAVEX GROUP - \u010cesko","article_publisher":"https:\/\/www.facebook.com\/klimavex.cz","article_modified_time":"2026-04-27T20:52:58+00:00","og_image":[{"width":500,"height":500,"url":"https:\/\/klimavex.eu\/cz\/wp-content\/uploads\/2025\/09\/ORrCVTtQh0pm6uPXpZU_xgBCYpjBohIeFpqfaH_ucrU-1.png","type":"image\/png"}],"twitter_card":"summary_large_image","twitter_misc":{"Odhadovan\u00e1 doba \u010dten\u00ed":"1 minuta"},"schema":{"@context":"https:\/\/schema.org","@graph":[{"@type":"WebPage","@id":"https:\/\/klimavex.eu\/cz\/katalog\/airwell-kazetova-klimatizace-cdmx-035\/","url":"https:\/\/klimavex.eu\/cz\/katalog\/airwell-kazetova-klimatizace-cdmx-035\/","name":"Klimatizace Airwell split kazetov\u00e1 CDMX 035 R32 230V 3,5kW - KLIMAVEX GROUP - \u010cesko","isPartOf":{"@id":"https:\/\/klimavex.eu\/cz\/#website"},"primaryImageOfPage":{"@id":"https:\/\/klimavex.eu\/cz\/katalog\/airwell-kazetova-klimatizace-cdmx-035\/#primaryimage"},"image":{"@id":"https:\/\/klimavex.eu\/cz\/katalog\/airwell-kazetova-klimatizace-cdmx-035\/#primaryimage"},"thumbnailUrl":"https:\/\/klimavex.eu\/cz\/wp-content\/uploads\/2025\/09\/ORrCVTtQh0pm6uPXpZU_xgBCYpjBohIeFpqfaH_ucrU-1.png","datePublished":"2026-04-27T20:52:47+00:00","dateModified":"2026-04-27T20:52:58+00:00","breadcrumb":{"@id":"https:\/\/klimavex.eu\/cz\/katalog\/airwell-kazetova-klimatizace-cdmx-035\/#breadcrumb"},"inLanguage":"cs","potentialAction":[{"@type":"ReadAction","target":["https:\/\/klimavex.eu\/cz\/katalog\/airwell-kazetova-klimatizace-cdmx-035\/"]}]},{"@type":"ImageObject","inLanguage":"cs","@id":"https:\/\/klimavex.eu\/cz\/katalog\/airwell-kazetova-klimatizace-cdmx-035\/#primaryimage","url":"https:\/\/klimavex.eu\/cz\/wp-content\/uploads\/2025\/09\/ORrCVTtQh0pm6uPXpZU_xgBCYpjBohIeFpqfaH_ucrU-1.png","contentUrl":"https:\/\/klimavex.eu\/cz\/wp-content\/uploads\/2025\/09\/ORrCVTtQh0pm6uPXpZU_xgBCYpjBohIeFpqfaH_ucrU-1.png","width":500,"height":500},{"@type":"BreadcrumbList","@id":"https:\/\/klimavex.eu\/cz\/katalog\/airwell-kazetova-klimatizace-cdmx-035\/#breadcrumb","itemListElement":[{"@type":"ListItem","position":1,"name":"Domovsk\u00e1 str\u00e1nka","item":"https:\/\/klimavex.eu\/cz\/"},{"@type":"ListItem","position":2,"name":"Eshop","item":"https:\/\/klimavex.eu\/cz\/eshop\/"},{"@type":"ListItem","position":3,"name":"Airwell kazetov\u00e1 klimatizace CDMX 035"}]},{"@type":"WebSite","@id":"https:\/\/klimavex.eu\/cz\/#website","url":"https:\/\/klimavex.eu\/cz\/","name":"KLIMAVEX GROUP - \u010cesko","description":"","publisher":{"@id":"https:\/\/klimavex.eu\/cz\/#organization"},"alternateName":"KLIMAVEX CZ a.s.","potentialAction":[{"@type":"SearchAction","target":{"@type":"EntryPoint","urlTemplate":"https:\/\/klimavex.eu\/cz\/?s={search_term_string}"},"query-input":{"@type":"PropertyValueSpecification","valueRequired":true,"valueName":"search_term_string"}}],"inLanguage":"cs"},{"@type":"Organization","@id":"https:\/\/klimavex.eu\/cz\/#organization","name":"KLIMAVEX GROUP","alternateName":"KLIMAVEX","url":"https:\/\/klimavex.eu\/cz\/","logo":{"@type":"ImageObject","inLanguage":"cs","@id":"https:\/\/klimavex.eu\/cz\/#\/schema\/logo\/image\/","url":"https:\/\/klimavex.eu\/cz\/wp-content\/uploads\/2024\/04\/Klimavex-Group-logo.png","contentUrl":"https:\/\/klimavex.eu\/cz\/wp-content\/uploads\/2024\/04\/Klimavex-Group-logo.png","width":1681,"height":472,"caption":"KLIMAVEX GROUP"},"image":{"@id":"https:\/\/klimavex.eu\/cz\/#\/schema\/logo\/image\/"},"sameAs":["https:\/\/www.facebook.com\/klimavex.cz","https:\/\/www.instagram.com\/klimavex_cz\/"]}]}},"_links":{"self":[{"href":"https:\/\/klimavex.eu\/cz\/wp-json\/wp\/v2\/product\/543246","targetHints":{"allow":["GET"]}}],"collection":[{"href":"https:\/\/klimavex.eu\/cz\/wp-json\/wp\/v2\/product"}],"about":[{"href":"https:\/\/klimavex.eu\/cz\/wp-json\/wp\/v2\/types\/product"}],"version-history":[{"count":0,"href":"https:\/\/klimavex.eu\/cz\/wp-json\/wp\/v2\/product\/543246\/revisions"}],"wp:featuredmedia":[{"embeddable":true,"href":"https:\/\/klimavex.eu\/cz\/wp-json\/wp\/v2\/media\/548106"}],"wp:attachment":[{"href":"https:\/\/klimavex.eu\/cz\/wp-json\/wp\/v2\/media?parent=543246"}],"wp:term":[{"taxonomy":"product_cat","embeddable":true,"href":"https:\/\/klimavex.eu\/cz\/wp-json\/wp\/v2\/product_cat?post=543246"},{"taxonomy":"product_tag","embeddable":true,"href":"https:\/\/klimavex.eu\/cz\/wp-json\/wp\/v2\/product_tag?post=543246"}],"curies":[{"name":"wp","href":"https:\/\/api.w.org\/{rel}","templated":true}]}}