{"id":543273,"date":"2026-04-03T22:52:03","date_gmt":"2026-04-03T20:52:03","guid":{"rendered":"https:\/\/klimavex.eu\/cz\/katalog\/hyundai-potrubni-klimatizace-hcd-36\/"},"modified":"2026-04-03T22:52:49","modified_gmt":"2026-04-03T20:52:49","slug":"hyundai-potrubni-klimatizace-hcd-36","status":"publish","type":"product","link":"https:\/\/klimavex.eu\/cz\/katalog\/hyundai-potrubni-klimatizace-hcd-36\/","title":{"rendered":"Hyundai potrubn\u00ed klimatizace HCD 36"},"content":{"rendered":"<p style=\"text-align: justify;\"><strong>Kl&iacute;\u010dov&eacute; vlastnosti<\/strong><\/p>\n<ul>\n<li style=\"text-align: justify;\">Chlad&iacute;c&iacute; v&yacute;kon nom (min-max) 10,55 kW (2,73 kW &#8211; 11,78 kW)<\/li>\n<li style=\"text-align: justify;\">Topn&yacute; v&yacute;kon nom (min-max) 11,72 kW (2,78 kW &#8211; 12,84 kW)<\/li>\n<li style=\"text-align: justify;\">Skryt&aacute; instalace do fale&scaron;n&eacute;ho stropu<\/li>\n<li style=\"text-align: justify;\">Flexibiln&iacute; p\u0159ipojen&iacute; s&aacute;n&iacute; vzduchu (zezadu nebo zdola)<\/li>\n<li style=\"text-align: justify;\">Zabudovan&eacute; \u010derpadlo kondenz&aacute;tu (750 mm)<\/li>\n<li style=\"text-align: justify;\">Energetick&aacute; t\u0159&iacute;da A++<\/li>\n<li style=\"text-align: justify;\">Vyt&aacute;p\u011bn&iacute; -25&deg;C a\u017e +24&deg;C venkovn&iacute; teploty<\/li>\n<li style=\"text-align: justify;\">Chlazen&iacute; -15&deg;C a\u017e +50&deg;C venkovn&iacute; teploty<\/li>\n<li style=\"text-align: justify;\">Zabudovan&yacute; oh\u0159ev kompresoru a vany venkovn&iacute; jednotky<\/li>\n<li style=\"text-align: justify;\">Extern&iacute; statick&yacute; tlak nom (min-max) 37 Pa (0 Pa &#8211; 160 Pa)<\/li>\n<li style=\"text-align: justify;\">Vzduchov&yacute; filtr na s&aacute;n&iacute;<\/li>\n<\/ul>\n","protected":false},"excerpt":{"rendered":"<p style=\"text-align: justify;\"><strong>Hyundai HCD-M36IU\/2 <\/strong>je <strong>potrubn&iacute; klimatizace <\/strong>ur\u010den&aacute; pro skrytou instalaci do fale&scaron;n&eacute;ho stropu. D&iacute;ky <strong>flexibiln&iacute;mu p\u0159ipojen&iacute; s&aacute;n&iacute; vzduchu (zezadu nebo zdola) <\/strong>a zabudovan&eacute;mu \u010derpadlu kondenz&aacute;tu se snadno p\u0159izp\u016fsob&iacute; instala\u010dn&iacute;m pot\u0159eb&aacute;m. Dosahuje energetickou t\u0159&iacute;du A++. Umo\u017e\u0148uje <strong>vyt&aacute;p\u011bn&iacute; a\u017e do -25 &deg;C a chlazen&iacute; a\u017e do +50 &deg;C venkovn&iacute; teploty.<\/strong><\/p>\n","protected":false},"featured_media":548165,"template":"","meta":[],"product_cat":[10781,10782,10769],"product_tag":[],"class_list":{"0":"post-543273","1":"product","2":"type-product","3":"status-publish","4":"has-post-thumbnail","6":"product_cat-klimatizace-archivovane-produkty","7":"product_cat-archivovane-produkty-klimatizace","8":"product_cat-archivovane-produkty","9":"pa_chlad-do-von-tep-c-15c","10":"pa_chladici-vykon-11512","11":"pa_energeticka-trida-scop-40-a","12":"pa_energeticka-trida-seer-61-a","13":"pa_extra-funkce-cerpadlo-kondenzatu","14":"pa_filtrace-vzduchu-standard","15":"pa_hlucnost-vnitrni-jednotky-11594","16":"pa_label-archivovany","17":"pa_napajeni-3f-400v","18":"pa_prikon-chlazeni-11514","19":"pa_prikon-vytapeni-11593","20":"pa_provedeni-potrubni-split","21":"pa_topny-vykon-11513","22":"pa_typ-chladiva-r32","23":"pa_vyk-do-von-tepl-c-25c","24":"pa_vykonovy-model-11515","25":"pa_znacka-hyundai","27":"first","28":"outofstock","29":"taxable","30":"shipping-taxable","31":"purchasable","32":"product-type-simple"},"yoast_head":"<!-- This site is optimized with the Yoast SEO plugin v23.9 - https:\/\/yoast.com\/wordpress\/plugins\/seo\/ -->\n<title>Hyundai potrubn\u00ed klimatizace HCD 36 - KLIMAVEX GROUP - \u010cesko<\/title>\n<meta name=\"robots\" content=\"index, follow, max-snippet:-1, max-image-preview:large, max-video-preview:-1\" \/>\n<link rel=\"canonical\" href=\"https:\/\/klimavex.eu\/cz\/katalog\/hyundai-potrubni-klimatizace-hcd-36\/\" \/>\n<meta property=\"og:locale\" content=\"cs_CZ\" \/>\n<meta property=\"og:type\" content=\"article\" \/>\n<meta property=\"og:title\" content=\"Hyundai potrubn\u00ed klimatizace HCD 36 - KLIMAVEX GROUP - \u010cesko\" \/>\n<meta property=\"og:description\" content=\"Hyundai HCD-M36IU\/2 je potrubn&iacute; klimatizace ur\u010den&aacute; pro skrytou instalaci do fale&scaron;n&eacute;ho stropu. D&iacute;ky flexibiln&iacute;mu p\u0159ipojen&iacute; s&aacute;n&iacute; vzduchu (zezadu nebo zdola) a zabudovan&eacute;mu \u010derpadlu kondenz&aacute;tu se snadno p\u0159izp\u016fsob&iacute; instala\u010dn&iacute;m pot\u0159eb&aacute;m. Dosahuje energetickou t\u0159&iacute;du A++. Umo\u017e\u0148uje vyt&aacute;p\u011bn&iacute; a\u017e do -25 &deg;C a chlazen&iacute; a\u017e do +50 &deg;C venkovn&iacute; teploty.\" \/>\n<meta property=\"og:url\" content=\"https:\/\/klimavex.eu\/cz\/katalog\/hyundai-potrubni-klimatizace-hcd-36\/\" \/>\n<meta property=\"og:site_name\" content=\"KLIMAVEX GROUP - \u010cesko\" \/>\n<meta property=\"article:publisher\" content=\"https:\/\/www.facebook.com\/klimavex.cz\" \/>\n<meta property=\"article:modified_time\" content=\"2026-04-03T20:52:49+00:00\" \/>\n<meta property=\"og:image\" content=\"https:\/\/klimavex.eu\/cz\/wp-content\/uploads\/2025\/09\/7YS17LxzSe4W8_rjFwXNvOtiZme-eO3IgRHJAcimOWw-2.png\" \/>\n\t<meta property=\"og:image:width\" content=\"512\" \/>\n\t<meta property=\"og:image:height\" content=\"724\" \/>\n\t<meta property=\"og:image:type\" content=\"image\/png\" \/>\n<meta name=\"twitter:card\" content=\"summary_large_image\" \/>\n<meta name=\"twitter:label1\" content=\"Odhadovan\u00e1 doba \u010dten\u00ed\" \/>\n\t<meta name=\"twitter:data1\" content=\"1 minuta\" \/>\n<script type=\"application\/ld+json\" class=\"yoast-schema-graph\">{\"@context\":\"https:\/\/schema.org\",\"@graph\":[{\"@type\":\"WebPage\",\"@id\":\"https:\/\/klimavex.eu\/cz\/katalog\/hyundai-potrubni-klimatizace-hcd-36\/\",\"url\":\"https:\/\/klimavex.eu\/cz\/katalog\/hyundai-potrubni-klimatizace-hcd-36\/\",\"name\":\"Hyundai potrubn\u00ed klimatizace HCD 36 - KLIMAVEX GROUP - \u010cesko\",\"isPartOf\":{\"@id\":\"https:\/\/klimavex.eu\/cz\/#website\"},\"primaryImageOfPage\":{\"@id\":\"https:\/\/klimavex.eu\/cz\/katalog\/hyundai-potrubni-klimatizace-hcd-36\/#primaryimage\"},\"image\":{\"@id\":\"https:\/\/klimavex.eu\/cz\/katalog\/hyundai-potrubni-klimatizace-hcd-36\/#primaryimage\"},\"thumbnailUrl\":\"https:\/\/klimavex.eu\/cz\/wp-content\/uploads\/2025\/09\/7YS17LxzSe4W8_rjFwXNvOtiZme-eO3IgRHJAcimOWw-2.png\",\"datePublished\":\"2026-04-03T20:52:03+00:00\",\"dateModified\":\"2026-04-03T20:52:49+00:00\",\"breadcrumb\":{\"@id\":\"https:\/\/klimavex.eu\/cz\/katalog\/hyundai-potrubni-klimatizace-hcd-36\/#breadcrumb\"},\"inLanguage\":\"cs\",\"potentialAction\":[{\"@type\":\"ReadAction\",\"target\":[\"https:\/\/klimavex.eu\/cz\/katalog\/hyundai-potrubni-klimatizace-hcd-36\/\"]}]},{\"@type\":\"ImageObject\",\"inLanguage\":\"cs\",\"@id\":\"https:\/\/klimavex.eu\/cz\/katalog\/hyundai-potrubni-klimatizace-hcd-36\/#primaryimage\",\"url\":\"https:\/\/klimavex.eu\/cz\/wp-content\/uploads\/2025\/09\/7YS17LxzSe4W8_rjFwXNvOtiZme-eO3IgRHJAcimOWw-2.png\",\"contentUrl\":\"https:\/\/klimavex.eu\/cz\/wp-content\/uploads\/2025\/09\/7YS17LxzSe4W8_rjFwXNvOtiZme-eO3IgRHJAcimOWw-2.png\",\"width\":512,\"height\":724},{\"@type\":\"BreadcrumbList\",\"@id\":\"https:\/\/klimavex.eu\/cz\/katalog\/hyundai-potrubni-klimatizace-hcd-36\/#breadcrumb\",\"itemListElement\":[{\"@type\":\"ListItem\",\"position\":1,\"name\":\"Domovsk\u00e1 str\u00e1nka\",\"item\":\"https:\/\/klimavex.eu\/cz\/\"},{\"@type\":\"ListItem\",\"position\":2,\"name\":\"Eshop\",\"item\":\"https:\/\/klimavex.eu\/cz\/eshop\/\"},{\"@type\":\"ListItem\",\"position\":3,\"name\":\"Hyundai potrubn\u00ed klimatizace HCD 36\"}]},{\"@type\":\"WebSite\",\"@id\":\"https:\/\/klimavex.eu\/cz\/#website\",\"url\":\"https:\/\/klimavex.eu\/cz\/\",\"name\":\"KLIMAVEX GROUP - \u010cesko\",\"description\":\"\",\"publisher\":{\"@id\":\"https:\/\/klimavex.eu\/cz\/#organization\"},\"alternateName\":\"KLIMAVEX CZ a.s.\",\"potentialAction\":[{\"@type\":\"SearchAction\",\"target\":{\"@type\":\"EntryPoint\",\"urlTemplate\":\"https:\/\/klimavex.eu\/cz\/?s={search_term_string}\"},\"query-input\":{\"@type\":\"PropertyValueSpecification\",\"valueRequired\":true,\"valueName\":\"search_term_string\"}}],\"inLanguage\":\"cs\"},{\"@type\":\"Organization\",\"@id\":\"https:\/\/klimavex.eu\/cz\/#organization\",\"name\":\"KLIMAVEX GROUP\",\"alternateName\":\"KLIMAVEX\",\"url\":\"https:\/\/klimavex.eu\/cz\/\",\"logo\":{\"@type\":\"ImageObject\",\"inLanguage\":\"cs\",\"@id\":\"https:\/\/klimavex.eu\/cz\/#\/schema\/logo\/image\/\",\"url\":\"https:\/\/klimavex.eu\/cz\/wp-content\/uploads\/2024\/04\/Klimavex-Group-logo.png\",\"contentUrl\":\"https:\/\/klimavex.eu\/cz\/wp-content\/uploads\/2024\/04\/Klimavex-Group-logo.png\",\"width\":1681,\"height\":472,\"caption\":\"KLIMAVEX GROUP\"},\"image\":{\"@id\":\"https:\/\/klimavex.eu\/cz\/#\/schema\/logo\/image\/\"},\"sameAs\":[\"https:\/\/www.facebook.com\/klimavex.cz\",\"https:\/\/www.instagram.com\/klimavex_cz\/\"]}]}<\/script>\n<!-- \/ Yoast SEO plugin. -->","yoast_head_json":{"title":"Hyundai potrubn\u00ed klimatizace HCD 36 - KLIMAVEX GROUP - \u010cesko","robots":{"index":"index","follow":"follow","max-snippet":"max-snippet:-1","max-image-preview":"max-image-preview:large","max-video-preview":"max-video-preview:-1"},"canonical":"https:\/\/klimavex.eu\/cz\/katalog\/hyundai-potrubni-klimatizace-hcd-36\/","og_locale":"cs_CZ","og_type":"article","og_title":"Hyundai potrubn\u00ed klimatizace HCD 36 - KLIMAVEX GROUP - \u010cesko","og_description":"Hyundai HCD-M36IU\/2 je potrubn&iacute; klimatizace ur\u010den&aacute; pro skrytou instalaci do fale&scaron;n&eacute;ho stropu. D&iacute;ky flexibiln&iacute;mu p\u0159ipojen&iacute; s&aacute;n&iacute; vzduchu (zezadu nebo zdola) a zabudovan&eacute;mu \u010derpadlu kondenz&aacute;tu se snadno p\u0159izp\u016fsob&iacute; instala\u010dn&iacute;m pot\u0159eb&aacute;m. Dosahuje energetickou t\u0159&iacute;du A++. Umo\u017e\u0148uje vyt&aacute;p\u011bn&iacute; a\u017e do -25 &deg;C a chlazen&iacute; a\u017e do +50 &deg;C venkovn&iacute; teploty.","og_url":"https:\/\/klimavex.eu\/cz\/katalog\/hyundai-potrubni-klimatizace-hcd-36\/","og_site_name":"KLIMAVEX GROUP - \u010cesko","article_publisher":"https:\/\/www.facebook.com\/klimavex.cz","article_modified_time":"2026-04-03T20:52:49+00:00","og_image":[{"width":512,"height":724,"url":"https:\/\/klimavex.eu\/cz\/wp-content\/uploads\/2025\/09\/7YS17LxzSe4W8_rjFwXNvOtiZme-eO3IgRHJAcimOWw-2.png","type":"image\/png"}],"twitter_card":"summary_large_image","twitter_misc":{"Odhadovan\u00e1 doba \u010dten\u00ed":"1 minuta"},"schema":{"@context":"https:\/\/schema.org","@graph":[{"@type":"WebPage","@id":"https:\/\/klimavex.eu\/cz\/katalog\/hyundai-potrubni-klimatizace-hcd-36\/","url":"https:\/\/klimavex.eu\/cz\/katalog\/hyundai-potrubni-klimatizace-hcd-36\/","name":"Hyundai potrubn\u00ed klimatizace HCD 36 - KLIMAVEX GROUP - \u010cesko","isPartOf":{"@id":"https:\/\/klimavex.eu\/cz\/#website"},"primaryImageOfPage":{"@id":"https:\/\/klimavex.eu\/cz\/katalog\/hyundai-potrubni-klimatizace-hcd-36\/#primaryimage"},"image":{"@id":"https:\/\/klimavex.eu\/cz\/katalog\/hyundai-potrubni-klimatizace-hcd-36\/#primaryimage"},"thumbnailUrl":"https:\/\/klimavex.eu\/cz\/wp-content\/uploads\/2025\/09\/7YS17LxzSe4W8_rjFwXNvOtiZme-eO3IgRHJAcimOWw-2.png","datePublished":"2026-04-03T20:52:03+00:00","dateModified":"2026-04-03T20:52:49+00:00","breadcrumb":{"@id":"https:\/\/klimavex.eu\/cz\/katalog\/hyundai-potrubni-klimatizace-hcd-36\/#breadcrumb"},"inLanguage":"cs","potentialAction":[{"@type":"ReadAction","target":["https:\/\/klimavex.eu\/cz\/katalog\/hyundai-potrubni-klimatizace-hcd-36\/"]}]},{"@type":"ImageObject","inLanguage":"cs","@id":"https:\/\/klimavex.eu\/cz\/katalog\/hyundai-potrubni-klimatizace-hcd-36\/#primaryimage","url":"https:\/\/klimavex.eu\/cz\/wp-content\/uploads\/2025\/09\/7YS17LxzSe4W8_rjFwXNvOtiZme-eO3IgRHJAcimOWw-2.png","contentUrl":"https:\/\/klimavex.eu\/cz\/wp-content\/uploads\/2025\/09\/7YS17LxzSe4W8_rjFwXNvOtiZme-eO3IgRHJAcimOWw-2.png","width":512,"height":724},{"@type":"BreadcrumbList","@id":"https:\/\/klimavex.eu\/cz\/katalog\/hyundai-potrubni-klimatizace-hcd-36\/#breadcrumb","itemListElement":[{"@type":"ListItem","position":1,"name":"Domovsk\u00e1 str\u00e1nka","item":"https:\/\/klimavex.eu\/cz\/"},{"@type":"ListItem","position":2,"name":"Eshop","item":"https:\/\/klimavex.eu\/cz\/eshop\/"},{"@type":"ListItem","position":3,"name":"Hyundai potrubn\u00ed klimatizace HCD 36"}]},{"@type":"WebSite","@id":"https:\/\/klimavex.eu\/cz\/#website","url":"https:\/\/klimavex.eu\/cz\/","name":"KLIMAVEX GROUP - \u010cesko","description":"","publisher":{"@id":"https:\/\/klimavex.eu\/cz\/#organization"},"alternateName":"KLIMAVEX CZ a.s.","potentialAction":[{"@type":"SearchAction","target":{"@type":"EntryPoint","urlTemplate":"https:\/\/klimavex.eu\/cz\/?s={search_term_string}"},"query-input":{"@type":"PropertyValueSpecification","valueRequired":true,"valueName":"search_term_string"}}],"inLanguage":"cs"},{"@type":"Organization","@id":"https:\/\/klimavex.eu\/cz\/#organization","name":"KLIMAVEX GROUP","alternateName":"KLIMAVEX","url":"https:\/\/klimavex.eu\/cz\/","logo":{"@type":"ImageObject","inLanguage":"cs","@id":"https:\/\/klimavex.eu\/cz\/#\/schema\/logo\/image\/","url":"https:\/\/klimavex.eu\/cz\/wp-content\/uploads\/2024\/04\/Klimavex-Group-logo.png","contentUrl":"https:\/\/klimavex.eu\/cz\/wp-content\/uploads\/2024\/04\/Klimavex-Group-logo.png","width":1681,"height":472,"caption":"KLIMAVEX GROUP"},"image":{"@id":"https:\/\/klimavex.eu\/cz\/#\/schema\/logo\/image\/"},"sameAs":["https:\/\/www.facebook.com\/klimavex.cz","https:\/\/www.instagram.com\/klimavex_cz\/"]}]}},"_links":{"self":[{"href":"https:\/\/klimavex.eu\/cz\/wp-json\/wp\/v2\/product\/543273","targetHints":{"allow":["GET"]}}],"collection":[{"href":"https:\/\/klimavex.eu\/cz\/wp-json\/wp\/v2\/product"}],"about":[{"href":"https:\/\/klimavex.eu\/cz\/wp-json\/wp\/v2\/types\/product"}],"version-history":[{"count":0,"href":"https:\/\/klimavex.eu\/cz\/wp-json\/wp\/v2\/product\/543273\/revisions"}],"wp:featuredmedia":[{"embeddable":true,"href":"https:\/\/klimavex.eu\/cz\/wp-json\/wp\/v2\/media\/548165"}],"wp:attachment":[{"href":"https:\/\/klimavex.eu\/cz\/wp-json\/wp\/v2\/media?parent=543273"}],"wp:term":[{"taxonomy":"product_cat","embeddable":true,"href":"https:\/\/klimavex.eu\/cz\/wp-json\/wp\/v2\/product_cat?post=543273"},{"taxonomy":"product_tag","embeddable":true,"href":"https:\/\/klimavex.eu\/cz\/wp-json\/wp\/v2\/product_tag?post=543273"}],"curies":[{"name":"wp","href":"https:\/\/api.w.org\/{rel}","templated":true}]}}