{"id":543356,"date":"2026-04-05T16:03:52","date_gmt":"2026-04-05T14:03:52","guid":{"rendered":"https:\/\/klimavex.eu\/cz\/katalog\/panasonic-monoblok-parapetni-klimatizace-rac-solo-025\/"},"modified":"2026-04-05T16:03:58","modified_gmt":"2026-04-05T14:03:58","slug":"klimatizace-panasonic-monoblok-parapetni-rac-solo-moz25-r32-230v-23kw","status":"publish","type":"product","link":"https:\/\/klimavex.eu\/cz\/katalog\/klimatizace-panasonic-monoblok-parapetni-rac-solo-moz25-r32-230v-23kw\/","title":{"rendered":"Klimatizace Panasonic monoblok parapetn\u00ed RAC Solo MOZ25 R32 230V 2,3kW"},"content":{"rendered":"<p style=\"text-align: justify;\"><strong>Kl&iacute;\u010dov&eacute; vlastnosti:<\/strong><\/p>\n<ul>\n<li style=\"text-align: justify;\">&Uacute;zk&aacute; a&nbsp;kompaktn&iacute; konstrukce, hloubka pouze 165&nbsp;mm<\/li>\n<li style=\"text-align: justify;\">Bez venkovn&iacute; jednotky<\/li>\n<li style=\"text-align: justify;\">Bez pr&aacute;ce s&nbsp;chladivem<\/li>\n<li style=\"text-align: justify;\">Re\u017eim chlazen&iacute; a vyt&aacute;p\u011bn&iacute;<\/li>\n<li style=\"text-align: justify;\">Re\u017eim dvojit&eacute;ho v&yacute;konu, kter&yacute; umo\u017en&iacute; dos&aacute;hnout po\u017eadovan&eacute; teploty v&nbsp;nejkrat&scaron;&iacute; mo\u017en&eacute; dob\u011b<\/li>\n<li style=\"text-align: justify;\">Technologie stejnosm\u011brn&eacute;ho invertoru<\/li>\n<li style=\"text-align: justify;\">Syst&eacute;m proti n&aacute;mraze, s&nbsp;p\u0159edeh\u0159evem vany na kondenz&aacute;t<\/li>\n<li style=\"text-align: justify;\">Snadn&aacute; a&nbsp;flexibiln&iacute; instalace<\/li>\n<li style=\"text-align: justify;\">Ekologick&eacute; chladivo R32 (R290 u modelu P-MOG16IC5-E)<\/li>\n<\/ul>\n","protected":false},"excerpt":{"rendered":"<p style=\"text-align: justify;\"><strong>Panasonic RAC Solo<\/strong> je parapetn&iacute; <strong>klimatizace s&nbsp;monoblokov&yacute;m \u0159e&scaron;en&iacute;m<\/strong>. Jednotka je instalov&aacute;na <strong>v&nbsp;interi&eacute;ru<\/strong>, nej\u010dast\u011bji pod okenn&iacute;m parapetem, ale tak&eacute; s&nbsp;mo\u017enost&iacute; n&aacute;st\u011bnn&eacute; instalace. S&nbsp;exteri&eacute;rem je propojena 2 otvory ve zdi, ur\u010den&yacute;mi pro p\u0159&iacute;choz&iacute; a odchoz&iacute; vzduch. Nen&iacute; vy\u017eadov&aacute;na pr&aacute;ce s&nbsp;chladivem. Jedn&aacute; se o ide&aacute;ln&iacute; \u0159e&scaron;en&iacute; <strong>pro prostory, kde nen&iacute; mo\u017en&eacute; namontovat venkovn&iacute; jednotku<\/strong>. P\u0159&iacute;kladem jsou historick&aacute; centra m\u011bst \u010di jin&aacute; m\u011bstsk&aacute; z&aacute;stavba. Vhodn&eacute; pro <strong>chlazen&iacute; i vyt&aacute;p\u011bn&iacute;<\/strong>.<\/p>\n","protected":false},"featured_media":548359,"template":"","meta":[],"product_cat":[7657,10829,7659,7547,7674,10855],"product_tag":[],"class_list":{"0":"post-543356","1":"product","2":"type-product","3":"status-publish","4":"has-post-thumbnail","6":"product_cat-podle-znacky","7":"product_cat-monoblok-bez-venkovni-jednotky","8":"product_cat-podle-typu","9":"product_cat-klimatizace","10":"product_cat-panasonic","11":"product_cat-monoblok-rac-solo","12":"pa_barva-vnitrni-jednotky-bila","13":"pa_chlad-do-von-tep-c-do-5c","14":"pa_chladici-vykon-12440","15":"pa_energeticka-trida-scop-a","16":"pa_energeticka-trida-seer-b","17":"pa_extra-funkce-bez-venkovni-jednotky","18":"pa_filtrace-vzduchu-standard","19":"pa_hlucnost-vnitrni-jednotky-11545","20":"pa_napajeni-1f-230v","21":"pa_prikon-chlazeni-12429","22":"pa_prikon-vytapeni-12095","23":"pa_provedeni-prapetni-nastenny-monoblok","24":"pa_topny-vykon-12441","25":"pa_typ-chladiva-r32","26":"pa_vyk-do-von-tepl-c-do-15-c","27":"pa_vykonovy-model-11472","28":"pa_znacka-panasonic","30":"first","31":"instock","32":"taxable","33":"shipping-taxable","34":"purchasable","35":"product-type-simple"},"yoast_head":"<!-- This site is optimized with the Yoast SEO plugin v23.9 - https:\/\/yoast.com\/wordpress\/plugins\/seo\/ -->\n<title>Klimatizace Panasonic monoblok parapetn\u00ed RAC Solo MOZ25 R32 230V 2,3kW - KLIMAVEX GROUP - \u010cesko<\/title>\n<meta name=\"robots\" content=\"index, follow, max-snippet:-1, max-image-preview:large, max-video-preview:-1\" \/>\n<link rel=\"canonical\" href=\"https:\/\/klimavex.eu\/cz\/katalog\/panasonic-monoblok-parapetni-klimatizace-rac-solo-025\/\" \/>\n<meta property=\"og:locale\" content=\"cs_CZ\" \/>\n<meta property=\"og:type\" content=\"article\" \/>\n<meta property=\"og:title\" content=\"Klimatizace Panasonic monoblok parapetn\u00ed RAC Solo MOZ25 R32 230V 2,3kW - KLIMAVEX GROUP - \u010cesko\" \/>\n<meta property=\"og:description\" content=\"Panasonic RAC Solo je parapetn&iacute; klimatizace s&nbsp;monoblokov&yacute;m \u0159e&scaron;en&iacute;m. Jednotka je instalov&aacute;na v&nbsp;interi&eacute;ru, nej\u010dast\u011bji pod okenn&iacute;m parapetem, ale tak&eacute; s&nbsp;mo\u017enost&iacute; n&aacute;st\u011bnn&eacute; instalace. S&nbsp;exteri&eacute;rem je propojena 2 otvory ve zdi, ur\u010den&yacute;mi pro p\u0159&iacute;choz&iacute; a odchoz&iacute; vzduch. Nen&iacute; vy\u017eadov&aacute;na pr&aacute;ce s&nbsp;chladivem. Jedn&aacute; se o ide&aacute;ln&iacute; \u0159e&scaron;en&iacute; pro prostory, kde nen&iacute; mo\u017en&eacute; namontovat venkovn&iacute; jednotku. P\u0159&iacute;kladem jsou historick&aacute; centra m\u011bst \u010di jin&aacute; m\u011bstsk&aacute; z&aacute;stavba. Vhodn&eacute; pro chlazen&iacute; i vyt&aacute;p\u011bn&iacute;.\" \/>\n<meta property=\"og:url\" content=\"https:\/\/klimavex.eu\/cz\/katalog\/panasonic-monoblok-parapetni-klimatizace-rac-solo-025\/\" \/>\n<meta property=\"og:site_name\" content=\"KLIMAVEX GROUP - \u010cesko\" \/>\n<meta property=\"article:publisher\" content=\"https:\/\/www.facebook.com\/klimavex.cz\" \/>\n<meta property=\"article:modified_time\" content=\"2026-04-05T14:03:58+00:00\" \/>\n<meta property=\"og:image\" content=\"https:\/\/klimavex.eu\/cz\/wp-content\/uploads\/2025\/09\/CfCRm7YzrpDI4mqjywqC8k2MRVugnTu_rKhk4blayTk-3.png\" \/>\n\t<meta property=\"og:image:width\" content=\"874\" \/>\n\t<meta property=\"og:image:height\" content=\"496\" \/>\n\t<meta property=\"og:image:type\" content=\"image\/png\" \/>\n<meta name=\"twitter:card\" content=\"summary_large_image\" \/>\n<meta name=\"twitter:label1\" content=\"Odhadovan\u00e1 doba \u010dten\u00ed\" \/>\n\t<meta name=\"twitter:data1\" content=\"1 minuta\" \/>\n<script type=\"application\/ld+json\" class=\"yoast-schema-graph\">{\"@context\":\"https:\/\/schema.org\",\"@graph\":[{\"@type\":\"WebPage\",\"@id\":\"https:\/\/klimavex.eu\/cz\/katalog\/panasonic-monoblok-parapetni-klimatizace-rac-solo-025\/\",\"url\":\"https:\/\/klimavex.eu\/cz\/katalog\/panasonic-monoblok-parapetni-klimatizace-rac-solo-025\/\",\"name\":\"Klimatizace Panasonic monoblok parapetn\u00ed RAC Solo MOZ25 R32 230V 2,3kW - KLIMAVEX GROUP - \u010cesko\",\"isPartOf\":{\"@id\":\"https:\/\/klimavex.eu\/cz\/#website\"},\"primaryImageOfPage\":{\"@id\":\"https:\/\/klimavex.eu\/cz\/katalog\/panasonic-monoblok-parapetni-klimatizace-rac-solo-025\/#primaryimage\"},\"image\":{\"@id\":\"https:\/\/klimavex.eu\/cz\/katalog\/panasonic-monoblok-parapetni-klimatizace-rac-solo-025\/#primaryimage\"},\"thumbnailUrl\":\"https:\/\/klimavex.eu\/cz\/wp-content\/uploads\/2025\/09\/CfCRm7YzrpDI4mqjywqC8k2MRVugnTu_rKhk4blayTk-3.png\",\"datePublished\":\"2026-04-05T14:03:52+00:00\",\"dateModified\":\"2026-04-05T14:03:58+00:00\",\"breadcrumb\":{\"@id\":\"https:\/\/klimavex.eu\/cz\/katalog\/panasonic-monoblok-parapetni-klimatizace-rac-solo-025\/#breadcrumb\"},\"inLanguage\":\"cs\",\"potentialAction\":[{\"@type\":\"ReadAction\",\"target\":[\"https:\/\/klimavex.eu\/cz\/katalog\/panasonic-monoblok-parapetni-klimatizace-rac-solo-025\/\"]}]},{\"@type\":\"ImageObject\",\"inLanguage\":\"cs\",\"@id\":\"https:\/\/klimavex.eu\/cz\/katalog\/panasonic-monoblok-parapetni-klimatizace-rac-solo-025\/#primaryimage\",\"url\":\"https:\/\/klimavex.eu\/cz\/wp-content\/uploads\/2025\/09\/CfCRm7YzrpDI4mqjywqC8k2MRVugnTu_rKhk4blayTk-3.png\",\"contentUrl\":\"https:\/\/klimavex.eu\/cz\/wp-content\/uploads\/2025\/09\/CfCRm7YzrpDI4mqjywqC8k2MRVugnTu_rKhk4blayTk-3.png\",\"width\":874,\"height\":496},{\"@type\":\"BreadcrumbList\",\"@id\":\"https:\/\/klimavex.eu\/cz\/katalog\/panasonic-monoblok-parapetni-klimatizace-rac-solo-025\/#breadcrumb\",\"itemListElement\":[{\"@type\":\"ListItem\",\"position\":1,\"name\":\"Domovsk\u00e1 str\u00e1nka\",\"item\":\"https:\/\/klimavex.eu\/cz\/\"},{\"@type\":\"ListItem\",\"position\":2,\"name\":\"Eshop\",\"item\":\"https:\/\/klimavex.eu\/cz\/eshop\/\"},{\"@type\":\"ListItem\",\"position\":3,\"name\":\"Panasonic monoblok parapetn\u00ed klimatizace RAC Solo 025\"}]},{\"@type\":\"WebSite\",\"@id\":\"https:\/\/klimavex.eu\/cz\/#website\",\"url\":\"https:\/\/klimavex.eu\/cz\/\",\"name\":\"KLIMAVEX GROUP - \u010cesko\",\"description\":\"\",\"publisher\":{\"@id\":\"https:\/\/klimavex.eu\/cz\/#organization\"},\"alternateName\":\"KLIMAVEX CZ a.s.\",\"potentialAction\":[{\"@type\":\"SearchAction\",\"target\":{\"@type\":\"EntryPoint\",\"urlTemplate\":\"https:\/\/klimavex.eu\/cz\/?s={search_term_string}\"},\"query-input\":{\"@type\":\"PropertyValueSpecification\",\"valueRequired\":true,\"valueName\":\"search_term_string\"}}],\"inLanguage\":\"cs\"},{\"@type\":\"Organization\",\"@id\":\"https:\/\/klimavex.eu\/cz\/#organization\",\"name\":\"KLIMAVEX GROUP\",\"alternateName\":\"KLIMAVEX\",\"url\":\"https:\/\/klimavex.eu\/cz\/\",\"logo\":{\"@type\":\"ImageObject\",\"inLanguage\":\"cs\",\"@id\":\"https:\/\/klimavex.eu\/cz\/#\/schema\/logo\/image\/\",\"url\":\"https:\/\/klimavex.eu\/cz\/wp-content\/uploads\/2024\/04\/Klimavex-Group-logo.png\",\"contentUrl\":\"https:\/\/klimavex.eu\/cz\/wp-content\/uploads\/2024\/04\/Klimavex-Group-logo.png\",\"width\":1681,\"height\":472,\"caption\":\"KLIMAVEX GROUP\"},\"image\":{\"@id\":\"https:\/\/klimavex.eu\/cz\/#\/schema\/logo\/image\/\"},\"sameAs\":[\"https:\/\/www.facebook.com\/klimavex.cz\",\"https:\/\/www.instagram.com\/klimavex_cz\/\"]}]}<\/script>\n<!-- \/ Yoast SEO plugin. -->","yoast_head_json":{"title":"Klimatizace Panasonic monoblok parapetn\u00ed RAC Solo MOZ25 R32 230V 2,3kW - KLIMAVEX GROUP - \u010cesko","robots":{"index":"index","follow":"follow","max-snippet":"max-snippet:-1","max-image-preview":"max-image-preview:large","max-video-preview":"max-video-preview:-1"},"canonical":"https:\/\/klimavex.eu\/cz\/katalog\/panasonic-monoblok-parapetni-klimatizace-rac-solo-025\/","og_locale":"cs_CZ","og_type":"article","og_title":"Klimatizace Panasonic monoblok parapetn\u00ed RAC Solo MOZ25 R32 230V 2,3kW - KLIMAVEX GROUP - \u010cesko","og_description":"Panasonic RAC Solo je parapetn&iacute; klimatizace s&nbsp;monoblokov&yacute;m \u0159e&scaron;en&iacute;m. Jednotka je instalov&aacute;na v&nbsp;interi&eacute;ru, nej\u010dast\u011bji pod okenn&iacute;m parapetem, ale tak&eacute; s&nbsp;mo\u017enost&iacute; n&aacute;st\u011bnn&eacute; instalace. S&nbsp;exteri&eacute;rem je propojena 2 otvory ve zdi, ur\u010den&yacute;mi pro p\u0159&iacute;choz&iacute; a odchoz&iacute; vzduch. Nen&iacute; vy\u017eadov&aacute;na pr&aacute;ce s&nbsp;chladivem. Jedn&aacute; se o ide&aacute;ln&iacute; \u0159e&scaron;en&iacute; pro prostory, kde nen&iacute; mo\u017en&eacute; namontovat venkovn&iacute; jednotku. P\u0159&iacute;kladem jsou historick&aacute; centra m\u011bst \u010di jin&aacute; m\u011bstsk&aacute; z&aacute;stavba. Vhodn&eacute; pro chlazen&iacute; i vyt&aacute;p\u011bn&iacute;.","og_url":"https:\/\/klimavex.eu\/cz\/katalog\/panasonic-monoblok-parapetni-klimatizace-rac-solo-025\/","og_site_name":"KLIMAVEX GROUP - \u010cesko","article_publisher":"https:\/\/www.facebook.com\/klimavex.cz","article_modified_time":"2026-04-05T14:03:58+00:00","og_image":[{"width":874,"height":496,"url":"https:\/\/klimavex.eu\/cz\/wp-content\/uploads\/2025\/09\/CfCRm7YzrpDI4mqjywqC8k2MRVugnTu_rKhk4blayTk-3.png","type":"image\/png"}],"twitter_card":"summary_large_image","twitter_misc":{"Odhadovan\u00e1 doba \u010dten\u00ed":"1 minuta"},"schema":{"@context":"https:\/\/schema.org","@graph":[{"@type":"WebPage","@id":"https:\/\/klimavex.eu\/cz\/katalog\/panasonic-monoblok-parapetni-klimatizace-rac-solo-025\/","url":"https:\/\/klimavex.eu\/cz\/katalog\/panasonic-monoblok-parapetni-klimatizace-rac-solo-025\/","name":"Klimatizace Panasonic monoblok parapetn\u00ed RAC Solo MOZ25 R32 230V 2,3kW - KLIMAVEX GROUP - \u010cesko","isPartOf":{"@id":"https:\/\/klimavex.eu\/cz\/#website"},"primaryImageOfPage":{"@id":"https:\/\/klimavex.eu\/cz\/katalog\/panasonic-monoblok-parapetni-klimatizace-rac-solo-025\/#primaryimage"},"image":{"@id":"https:\/\/klimavex.eu\/cz\/katalog\/panasonic-monoblok-parapetni-klimatizace-rac-solo-025\/#primaryimage"},"thumbnailUrl":"https:\/\/klimavex.eu\/cz\/wp-content\/uploads\/2025\/09\/CfCRm7YzrpDI4mqjywqC8k2MRVugnTu_rKhk4blayTk-3.png","datePublished":"2026-04-05T14:03:52+00:00","dateModified":"2026-04-05T14:03:58+00:00","breadcrumb":{"@id":"https:\/\/klimavex.eu\/cz\/katalog\/panasonic-monoblok-parapetni-klimatizace-rac-solo-025\/#breadcrumb"},"inLanguage":"cs","potentialAction":[{"@type":"ReadAction","target":["https:\/\/klimavex.eu\/cz\/katalog\/panasonic-monoblok-parapetni-klimatizace-rac-solo-025\/"]}]},{"@type":"ImageObject","inLanguage":"cs","@id":"https:\/\/klimavex.eu\/cz\/katalog\/panasonic-monoblok-parapetni-klimatizace-rac-solo-025\/#primaryimage","url":"https:\/\/klimavex.eu\/cz\/wp-content\/uploads\/2025\/09\/CfCRm7YzrpDI4mqjywqC8k2MRVugnTu_rKhk4blayTk-3.png","contentUrl":"https:\/\/klimavex.eu\/cz\/wp-content\/uploads\/2025\/09\/CfCRm7YzrpDI4mqjywqC8k2MRVugnTu_rKhk4blayTk-3.png","width":874,"height":496},{"@type":"BreadcrumbList","@id":"https:\/\/klimavex.eu\/cz\/katalog\/panasonic-monoblok-parapetni-klimatizace-rac-solo-025\/#breadcrumb","itemListElement":[{"@type":"ListItem","position":1,"name":"Domovsk\u00e1 str\u00e1nka","item":"https:\/\/klimavex.eu\/cz\/"},{"@type":"ListItem","position":2,"name":"Eshop","item":"https:\/\/klimavex.eu\/cz\/eshop\/"},{"@type":"ListItem","position":3,"name":"Panasonic monoblok parapetn\u00ed klimatizace RAC Solo 025"}]},{"@type":"WebSite","@id":"https:\/\/klimavex.eu\/cz\/#website","url":"https:\/\/klimavex.eu\/cz\/","name":"KLIMAVEX GROUP - \u010cesko","description":"","publisher":{"@id":"https:\/\/klimavex.eu\/cz\/#organization"},"alternateName":"KLIMAVEX CZ a.s.","potentialAction":[{"@type":"SearchAction","target":{"@type":"EntryPoint","urlTemplate":"https:\/\/klimavex.eu\/cz\/?s={search_term_string}"},"query-input":{"@type":"PropertyValueSpecification","valueRequired":true,"valueName":"search_term_string"}}],"inLanguage":"cs"},{"@type":"Organization","@id":"https:\/\/klimavex.eu\/cz\/#organization","name":"KLIMAVEX GROUP","alternateName":"KLIMAVEX","url":"https:\/\/klimavex.eu\/cz\/","logo":{"@type":"ImageObject","inLanguage":"cs","@id":"https:\/\/klimavex.eu\/cz\/#\/schema\/logo\/image\/","url":"https:\/\/klimavex.eu\/cz\/wp-content\/uploads\/2024\/04\/Klimavex-Group-logo.png","contentUrl":"https:\/\/klimavex.eu\/cz\/wp-content\/uploads\/2024\/04\/Klimavex-Group-logo.png","width":1681,"height":472,"caption":"KLIMAVEX GROUP"},"image":{"@id":"https:\/\/klimavex.eu\/cz\/#\/schema\/logo\/image\/"},"sameAs":["https:\/\/www.facebook.com\/klimavex.cz","https:\/\/www.instagram.com\/klimavex_cz\/"]}]}},"_links":{"self":[{"href":"https:\/\/klimavex.eu\/cz\/wp-json\/wp\/v2\/product\/543356","targetHints":{"allow":["GET"]}}],"collection":[{"href":"https:\/\/klimavex.eu\/cz\/wp-json\/wp\/v2\/product"}],"about":[{"href":"https:\/\/klimavex.eu\/cz\/wp-json\/wp\/v2\/types\/product"}],"version-history":[{"count":0,"href":"https:\/\/klimavex.eu\/cz\/wp-json\/wp\/v2\/product\/543356\/revisions"}],"wp:featuredmedia":[{"embeddable":true,"href":"https:\/\/klimavex.eu\/cz\/wp-json\/wp\/v2\/media\/548359"}],"wp:attachment":[{"href":"https:\/\/klimavex.eu\/cz\/wp-json\/wp\/v2\/media?parent=543356"}],"wp:term":[{"taxonomy":"product_cat","embeddable":true,"href":"https:\/\/klimavex.eu\/cz\/wp-json\/wp\/v2\/product_cat?post=543356"},{"taxonomy":"product_tag","embeddable":true,"href":"https:\/\/klimavex.eu\/cz\/wp-json\/wp\/v2\/product_tag?post=543356"}],"curies":[{"name":"wp","href":"https:\/\/api.w.org\/{rel}","templated":true}]}}