{"id":543374,"date":"2026-04-27T16:03:06","date_gmt":"2026-04-27T14:03:06","guid":{"rendered":"https:\/\/klimavex.eu\/cz\/katalog\/hyundai-nastenna-klimatizace-revolution-hrp-09\/"},"modified":"2026-04-27T16:03:15","modified_gmt":"2026-04-27T14:03:15","slug":"klimatizace-hyundai-split-nastenna-revolution-09-r32-230v-25kw","status":"publish","type":"product","link":"https:\/\/klimavex.eu\/cz\/katalog\/klimatizace-hyundai-split-nastenna-revolution-09-r32-230v-25kw\/","title":{"rendered":"Klimatizace Hyundai split n\u00e1st\u011bnn\u00e1 REVOLUTION 09 R32 230V 2,5kW"},"content":{"rendered":"<p style=\"text-align: justify;\"><strong>Kl&iacute;\u010dov&eacute; vlastnosti<\/strong><\/p>\n<ul>\n<li style=\"text-align: justify;\">Zabudovan&yacute; ioniz&aacute;tor vzduchu<\/li>\n<li style=\"text-align: justify;\">Tich&yacute; provoz &ndash; od 21 dB(A)<\/li>\n<li style=\"text-align: justify;\">Tich&yacute; re\u017eim, re\u017eim sp&aacute;nku, pohotovostn&iacute; re\u017eim<\/li>\n<li style=\"text-align: justify;\">Vysok&aacute; energetick&aacute; &uacute;\u010dinnost A++<\/li>\n<li style=\"text-align: justify;\">Vybaveno filtrem s&nbsp;ionty st\u0159&iacute;bra a katalytick&yacute;m filtrem<\/li>\n<li style=\"text-align: justify;\">Rozsah chlazen&iacute; a\u017e do 50&deg;C venkovn&iacute; teploty<\/li>\n<li style=\"text-align: justify;\">Rozsah topen&iacute; a\u017e do -15&deg;C venkovn&iacute; teploty<\/li>\n<li style=\"text-align: justify;\">Temperace na +8&deg;C p\u0159i automatick&eacute;m \u0159&iacute;zen&iacute; provozu klimatizace<\/li>\n<li style=\"text-align: justify;\">D&aacute;lkov&eacute; ovl&aacute;d&aacute;n&iacute; d&iacute;ky modulu Wi-Fi<\/li>\n<\/ul>\n","protected":false},"excerpt":{"rendered":"<p style=\"text-align: justify;\"><strong>Hyundai REVOLUTION<\/strong> je univerz&aacute;ln&iacute; n&aacute;st\u011bnn&aacute; split klimatizace, kter&aacute; d&iacute;ky pokro\u010dil&yacute;m funkc&iacute;m a \u010dist&eacute;mu vzhledu dokonale zapadne do interi&eacute;ru ka\u017ed&eacute; m&iacute;stnosti a poskytne komfort na nejvy&scaron;&scaron;&iacute; &uacute;rovni. Je vybavena <strong>filtry s&nbsp;ionty st\u0159&iacute;bra<\/strong> a <strong>katalytick&yacute;mi filtry<\/strong>. Disponuje rovn\u011b\u017e <strong>zabudovan&yacute;m ioniz&aacute;torem<\/strong>, kter&yacute; zbavuje vzduch pach\u016f, prachu nebo kou\u0159e. Jej&iacute; provoz je <strong>mimo\u0159&aacute;dn\u011b tich&yacute;<\/strong>.<\/p>\n","protected":false},"featured_media":548405,"template":"","meta":[],"product_cat":[7657,7681,7682,7659,7660,7547],"product_tag":[],"class_list":{"0":"post-543374","1":"product","2":"type-product","3":"status-publish","4":"has-post-thumbnail","6":"product_cat-podle-znacky","7":"product_cat-hyundai","8":"product_cat-nastenne-revolution","9":"product_cat-podle-typu","10":"product_cat-nastenne","11":"product_cat-klimatizace","12":"pa_barva-vnitrni-jednotky-bila","13":"pa_chlad-do-von-tep-c-15c","14":"pa_chladici-vykon-11478","15":"pa_energeticka-trida-scop-41-a","16":"pa_energeticka-trida-seer-70-a","17":"pa_extra-funkce-temperovani-na-8c","18":"pa_filtrace-vzduchu-ionizator","19":"pa_hlucnost-vnitrni-jednotky-11466","20":"pa_napajeni-1f-230v","21":"pa_prikon-chlazeni-11605","22":"pa_prikon-vytapeni-11604","23":"pa_provedeni-nastenny-split","24":"pa_topny-vykon-11479","25":"pa_typ-chladiva-r32","26":"pa_vyk-do-von-tepl-c-15c","27":"pa_vykonovy-model-11472","28":"pa_znacka-hyundai","30":"first","31":"instock","32":"taxable","33":"shipping-taxable","34":"purchasable","35":"product-type-simple"},"yoast_head":"<!-- This site is optimized with the Yoast SEO plugin v23.9 - https:\/\/yoast.com\/wordpress\/plugins\/seo\/ -->\n<title>Klimatizace Hyundai split n\u00e1st\u011bnn\u00e1 REVOLUTION 09 R32 230V 2,5kW - KLIMAVEX GROUP - \u010cesko<\/title>\n<meta name=\"robots\" content=\"index, follow, max-snippet:-1, max-image-preview:large, max-video-preview:-1\" \/>\n<link rel=\"canonical\" href=\"https:\/\/klimavex.eu\/cz\/katalog\/hyundai-nastenna-klimatizace-revolution-hrp-09\/\" \/>\n<meta property=\"og:locale\" content=\"cs_CZ\" \/>\n<meta property=\"og:type\" content=\"article\" \/>\n<meta property=\"og:title\" content=\"Klimatizace Hyundai split n\u00e1st\u011bnn\u00e1 REVOLUTION 09 R32 230V 2,5kW - KLIMAVEX GROUP - \u010cesko\" \/>\n<meta property=\"og:description\" content=\"Hyundai REVOLUTION je univerz&aacute;ln&iacute; n&aacute;st\u011bnn&aacute; split klimatizace, kter&aacute; d&iacute;ky pokro\u010dil&yacute;m funkc&iacute;m a \u010dist&eacute;mu vzhledu dokonale zapadne do interi&eacute;ru ka\u017ed&eacute; m&iacute;stnosti a poskytne komfort na nejvy&scaron;&scaron;&iacute; &uacute;rovni. Je vybavena filtry s&nbsp;ionty st\u0159&iacute;bra a katalytick&yacute;mi filtry. Disponuje rovn\u011b\u017e zabudovan&yacute;m ioniz&aacute;torem, kter&yacute; zbavuje vzduch pach\u016f, prachu nebo kou\u0159e. Jej&iacute; provoz je mimo\u0159&aacute;dn\u011b tich&yacute;.\" \/>\n<meta property=\"og:url\" content=\"https:\/\/klimavex.eu\/cz\/katalog\/hyundai-nastenna-klimatizace-revolution-hrp-09\/\" \/>\n<meta property=\"og:site_name\" content=\"KLIMAVEX GROUP - \u010cesko\" \/>\n<meta property=\"article:publisher\" content=\"https:\/\/www.facebook.com\/klimavex.cz\" \/>\n<meta property=\"article:modified_time\" content=\"2026-04-27T14:03:15+00:00\" \/>\n<meta property=\"og:image\" content=\"https:\/\/klimavex.eu\/cz\/wp-content\/uploads\/2025\/09\/G1bBF28dMG05ELoDyELyHl86K0AXoxufgUiLgzwtwk-3.png\" \/>\n\t<meta property=\"og:image:width\" content=\"512\" \/>\n\t<meta property=\"og:image:height\" content=\"512\" \/>\n\t<meta property=\"og:image:type\" content=\"image\/png\" \/>\n<meta name=\"twitter:card\" content=\"summary_large_image\" \/>\n<meta name=\"twitter:label1\" content=\"Odhadovan\u00e1 doba \u010dten\u00ed\" \/>\n\t<meta name=\"twitter:data1\" content=\"1 minuta\" \/>\n<script type=\"application\/ld+json\" class=\"yoast-schema-graph\">{\"@context\":\"https:\/\/schema.org\",\"@graph\":[{\"@type\":\"WebPage\",\"@id\":\"https:\/\/klimavex.eu\/cz\/katalog\/hyundai-nastenna-klimatizace-revolution-hrp-09\/\",\"url\":\"https:\/\/klimavex.eu\/cz\/katalog\/hyundai-nastenna-klimatizace-revolution-hrp-09\/\",\"name\":\"Klimatizace Hyundai split n\u00e1st\u011bnn\u00e1 REVOLUTION 09 R32 230V 2,5kW - KLIMAVEX GROUP - \u010cesko\",\"isPartOf\":{\"@id\":\"https:\/\/klimavex.eu\/cz\/#website\"},\"primaryImageOfPage\":{\"@id\":\"https:\/\/klimavex.eu\/cz\/katalog\/hyundai-nastenna-klimatizace-revolution-hrp-09\/#primaryimage\"},\"image\":{\"@id\":\"https:\/\/klimavex.eu\/cz\/katalog\/hyundai-nastenna-klimatizace-revolution-hrp-09\/#primaryimage\"},\"thumbnailUrl\":\"https:\/\/klimavex.eu\/cz\/wp-content\/uploads\/2025\/09\/G1bBF28dMG05ELoDyELyHl86K0AXoxufgUiLgzwtwk-3.png\",\"datePublished\":\"2026-04-27T14:03:06+00:00\",\"dateModified\":\"2026-04-27T14:03:15+00:00\",\"breadcrumb\":{\"@id\":\"https:\/\/klimavex.eu\/cz\/katalog\/hyundai-nastenna-klimatizace-revolution-hrp-09\/#breadcrumb\"},\"inLanguage\":\"cs\",\"potentialAction\":[{\"@type\":\"ReadAction\",\"target\":[\"https:\/\/klimavex.eu\/cz\/katalog\/hyundai-nastenna-klimatizace-revolution-hrp-09\/\"]}]},{\"@type\":\"ImageObject\",\"inLanguage\":\"cs\",\"@id\":\"https:\/\/klimavex.eu\/cz\/katalog\/hyundai-nastenna-klimatizace-revolution-hrp-09\/#primaryimage\",\"url\":\"https:\/\/klimavex.eu\/cz\/wp-content\/uploads\/2025\/09\/G1bBF28dMG05ELoDyELyHl86K0AXoxufgUiLgzwtwk-3.png\",\"contentUrl\":\"https:\/\/klimavex.eu\/cz\/wp-content\/uploads\/2025\/09\/G1bBF28dMG05ELoDyELyHl86K0AXoxufgUiLgzwtwk-3.png\",\"width\":512,\"height\":512},{\"@type\":\"BreadcrumbList\",\"@id\":\"https:\/\/klimavex.eu\/cz\/katalog\/hyundai-nastenna-klimatizace-revolution-hrp-09\/#breadcrumb\",\"itemListElement\":[{\"@type\":\"ListItem\",\"position\":1,\"name\":\"Domovsk\u00e1 str\u00e1nka\",\"item\":\"https:\/\/klimavex.eu\/cz\/\"},{\"@type\":\"ListItem\",\"position\":2,\"name\":\"Eshop\",\"item\":\"https:\/\/klimavex.eu\/cz\/eshop\/\"},{\"@type\":\"ListItem\",\"position\":3,\"name\":\"Hyundai n\u00e1st\u011bnn\u00e1 klimatizace REVOLUTION HRP 09\"}]},{\"@type\":\"WebSite\",\"@id\":\"https:\/\/klimavex.eu\/cz\/#website\",\"url\":\"https:\/\/klimavex.eu\/cz\/\",\"name\":\"KLIMAVEX GROUP - \u010cesko\",\"description\":\"\",\"publisher\":{\"@id\":\"https:\/\/klimavex.eu\/cz\/#organization\"},\"alternateName\":\"KLIMAVEX CZ a.s.\",\"potentialAction\":[{\"@type\":\"SearchAction\",\"target\":{\"@type\":\"EntryPoint\",\"urlTemplate\":\"https:\/\/klimavex.eu\/cz\/?s={search_term_string}\"},\"query-input\":{\"@type\":\"PropertyValueSpecification\",\"valueRequired\":true,\"valueName\":\"search_term_string\"}}],\"inLanguage\":\"cs\"},{\"@type\":\"Organization\",\"@id\":\"https:\/\/klimavex.eu\/cz\/#organization\",\"name\":\"KLIMAVEX GROUP\",\"alternateName\":\"KLIMAVEX\",\"url\":\"https:\/\/klimavex.eu\/cz\/\",\"logo\":{\"@type\":\"ImageObject\",\"inLanguage\":\"cs\",\"@id\":\"https:\/\/klimavex.eu\/cz\/#\/schema\/logo\/image\/\",\"url\":\"https:\/\/klimavex.eu\/cz\/wp-content\/uploads\/2024\/04\/Klimavex-Group-logo.png\",\"contentUrl\":\"https:\/\/klimavex.eu\/cz\/wp-content\/uploads\/2024\/04\/Klimavex-Group-logo.png\",\"width\":1681,\"height\":472,\"caption\":\"KLIMAVEX GROUP\"},\"image\":{\"@id\":\"https:\/\/klimavex.eu\/cz\/#\/schema\/logo\/image\/\"},\"sameAs\":[\"https:\/\/www.facebook.com\/klimavex.cz\",\"https:\/\/www.instagram.com\/klimavex_cz\/\"]}]}<\/script>\n<!-- \/ Yoast SEO plugin. -->","yoast_head_json":{"title":"Klimatizace Hyundai split n\u00e1st\u011bnn\u00e1 REVOLUTION 09 R32 230V 2,5kW - KLIMAVEX GROUP - \u010cesko","robots":{"index":"index","follow":"follow","max-snippet":"max-snippet:-1","max-image-preview":"max-image-preview:large","max-video-preview":"max-video-preview:-1"},"canonical":"https:\/\/klimavex.eu\/cz\/katalog\/hyundai-nastenna-klimatizace-revolution-hrp-09\/","og_locale":"cs_CZ","og_type":"article","og_title":"Klimatizace Hyundai split n\u00e1st\u011bnn\u00e1 REVOLUTION 09 R32 230V 2,5kW - KLIMAVEX GROUP - \u010cesko","og_description":"Hyundai REVOLUTION je univerz&aacute;ln&iacute; n&aacute;st\u011bnn&aacute; split klimatizace, kter&aacute; d&iacute;ky pokro\u010dil&yacute;m funkc&iacute;m a \u010dist&eacute;mu vzhledu dokonale zapadne do interi&eacute;ru ka\u017ed&eacute; m&iacute;stnosti a poskytne komfort na nejvy&scaron;&scaron;&iacute; &uacute;rovni. Je vybavena filtry s&nbsp;ionty st\u0159&iacute;bra a katalytick&yacute;mi filtry. Disponuje rovn\u011b\u017e zabudovan&yacute;m ioniz&aacute;torem, kter&yacute; zbavuje vzduch pach\u016f, prachu nebo kou\u0159e. Jej&iacute; provoz je mimo\u0159&aacute;dn\u011b tich&yacute;.","og_url":"https:\/\/klimavex.eu\/cz\/katalog\/hyundai-nastenna-klimatizace-revolution-hrp-09\/","og_site_name":"KLIMAVEX GROUP - \u010cesko","article_publisher":"https:\/\/www.facebook.com\/klimavex.cz","article_modified_time":"2026-04-27T14:03:15+00:00","og_image":[{"width":512,"height":512,"url":"https:\/\/klimavex.eu\/cz\/wp-content\/uploads\/2025\/09\/G1bBF28dMG05ELoDyELyHl86K0AXoxufgUiLgzwtwk-3.png","type":"image\/png"}],"twitter_card":"summary_large_image","twitter_misc":{"Odhadovan\u00e1 doba \u010dten\u00ed":"1 minuta"},"schema":{"@context":"https:\/\/schema.org","@graph":[{"@type":"WebPage","@id":"https:\/\/klimavex.eu\/cz\/katalog\/hyundai-nastenna-klimatizace-revolution-hrp-09\/","url":"https:\/\/klimavex.eu\/cz\/katalog\/hyundai-nastenna-klimatizace-revolution-hrp-09\/","name":"Klimatizace Hyundai split n\u00e1st\u011bnn\u00e1 REVOLUTION 09 R32 230V 2,5kW - KLIMAVEX GROUP - \u010cesko","isPartOf":{"@id":"https:\/\/klimavex.eu\/cz\/#website"},"primaryImageOfPage":{"@id":"https:\/\/klimavex.eu\/cz\/katalog\/hyundai-nastenna-klimatizace-revolution-hrp-09\/#primaryimage"},"image":{"@id":"https:\/\/klimavex.eu\/cz\/katalog\/hyundai-nastenna-klimatizace-revolution-hrp-09\/#primaryimage"},"thumbnailUrl":"https:\/\/klimavex.eu\/cz\/wp-content\/uploads\/2025\/09\/G1bBF28dMG05ELoDyELyHl86K0AXoxufgUiLgzwtwk-3.png","datePublished":"2026-04-27T14:03:06+00:00","dateModified":"2026-04-27T14:03:15+00:00","breadcrumb":{"@id":"https:\/\/klimavex.eu\/cz\/katalog\/hyundai-nastenna-klimatizace-revolution-hrp-09\/#breadcrumb"},"inLanguage":"cs","potentialAction":[{"@type":"ReadAction","target":["https:\/\/klimavex.eu\/cz\/katalog\/hyundai-nastenna-klimatizace-revolution-hrp-09\/"]}]},{"@type":"ImageObject","inLanguage":"cs","@id":"https:\/\/klimavex.eu\/cz\/katalog\/hyundai-nastenna-klimatizace-revolution-hrp-09\/#primaryimage","url":"https:\/\/klimavex.eu\/cz\/wp-content\/uploads\/2025\/09\/G1bBF28dMG05ELoDyELyHl86K0AXoxufgUiLgzwtwk-3.png","contentUrl":"https:\/\/klimavex.eu\/cz\/wp-content\/uploads\/2025\/09\/G1bBF28dMG05ELoDyELyHl86K0AXoxufgUiLgzwtwk-3.png","width":512,"height":512},{"@type":"BreadcrumbList","@id":"https:\/\/klimavex.eu\/cz\/katalog\/hyundai-nastenna-klimatizace-revolution-hrp-09\/#breadcrumb","itemListElement":[{"@type":"ListItem","position":1,"name":"Domovsk\u00e1 str\u00e1nka","item":"https:\/\/klimavex.eu\/cz\/"},{"@type":"ListItem","position":2,"name":"Eshop","item":"https:\/\/klimavex.eu\/cz\/eshop\/"},{"@type":"ListItem","position":3,"name":"Hyundai n\u00e1st\u011bnn\u00e1 klimatizace REVOLUTION HRP 09"}]},{"@type":"WebSite","@id":"https:\/\/klimavex.eu\/cz\/#website","url":"https:\/\/klimavex.eu\/cz\/","name":"KLIMAVEX GROUP - \u010cesko","description":"","publisher":{"@id":"https:\/\/klimavex.eu\/cz\/#organization"},"alternateName":"KLIMAVEX CZ a.s.","potentialAction":[{"@type":"SearchAction","target":{"@type":"EntryPoint","urlTemplate":"https:\/\/klimavex.eu\/cz\/?s={search_term_string}"},"query-input":{"@type":"PropertyValueSpecification","valueRequired":true,"valueName":"search_term_string"}}],"inLanguage":"cs"},{"@type":"Organization","@id":"https:\/\/klimavex.eu\/cz\/#organization","name":"KLIMAVEX GROUP","alternateName":"KLIMAVEX","url":"https:\/\/klimavex.eu\/cz\/","logo":{"@type":"ImageObject","inLanguage":"cs","@id":"https:\/\/klimavex.eu\/cz\/#\/schema\/logo\/image\/","url":"https:\/\/klimavex.eu\/cz\/wp-content\/uploads\/2024\/04\/Klimavex-Group-logo.png","contentUrl":"https:\/\/klimavex.eu\/cz\/wp-content\/uploads\/2024\/04\/Klimavex-Group-logo.png","width":1681,"height":472,"caption":"KLIMAVEX GROUP"},"image":{"@id":"https:\/\/klimavex.eu\/cz\/#\/schema\/logo\/image\/"},"sameAs":["https:\/\/www.facebook.com\/klimavex.cz","https:\/\/www.instagram.com\/klimavex_cz\/"]}]}},"_links":{"self":[{"href":"https:\/\/klimavex.eu\/cz\/wp-json\/wp\/v2\/product\/543374","targetHints":{"allow":["GET"]}}],"collection":[{"href":"https:\/\/klimavex.eu\/cz\/wp-json\/wp\/v2\/product"}],"about":[{"href":"https:\/\/klimavex.eu\/cz\/wp-json\/wp\/v2\/types\/product"}],"version-history":[{"count":0,"href":"https:\/\/klimavex.eu\/cz\/wp-json\/wp\/v2\/product\/543374\/revisions"}],"wp:featuredmedia":[{"embeddable":true,"href":"https:\/\/klimavex.eu\/cz\/wp-json\/wp\/v2\/media\/548405"}],"wp:attachment":[{"href":"https:\/\/klimavex.eu\/cz\/wp-json\/wp\/v2\/media?parent=543374"}],"wp:term":[{"taxonomy":"product_cat","embeddable":true,"href":"https:\/\/klimavex.eu\/cz\/wp-json\/wp\/v2\/product_cat?post=543374"},{"taxonomy":"product_tag","embeddable":true,"href":"https:\/\/klimavex.eu\/cz\/wp-json\/wp\/v2\/product_tag?post=543374"}],"curies":[{"name":"wp","href":"https:\/\/api.w.org\/{rel}","templated":true}]}}