{"id":543384,"date":"2026-04-25T23:06:49","date_gmt":"2026-04-25T21:06:49","guid":{"rendered":"https:\/\/klimavex.eu\/cz\/katalog\/panasonic-nastenna-klimatizace-etherea-cs-z20zkew-bila\/"},"modified":"2026-04-25T23:07:37","modified_gmt":"2026-04-25T21:07:37","slug":"klimatizace-panasonic-vnitrni-nastenna-etherea-matna-bila-z20zkew-2kw","status":"publish","type":"product","link":"https:\/\/klimavex.eu\/cz\/katalog\/klimatizace-panasonic-vnitrni-nastenna-etherea-matna-bila-z20zkew-2kw\/","title":{"rendered":"Klimatizace Panasonic vnit\u0159n\u00ed n\u00e1st\u011bnn\u00e1 ETHEREA matn\u00e1 b\u00edl\u00e1 Z20ZKEW 2kW"},"content":{"rendered":"<p style=\"text-align:justify\"><span style=\"font-size:11pt\"><span style=\"font-family:Calibri,sans-serif\"><strong>Kl&iacute;\u010dov&eacute; vlastnosti<\/strong><\/span><\/span><\/p>\n<ul>\n<li style=\"text-align:justify\"><span style=\"font-size:11pt\"><span style=\"background-color:white\"><span style=\"font-family:Calibri,sans-serif\">Technologie nanoe&trade;&nbsp;X pro neust&aacute;l&eacute; zlep&scaron;ov&aacute;n&iacute; ochrany zdrav&iacute; v&nbsp;interi&eacute;ru, a to d&iacute;ky gener&aacute;toru nanoe&trade;&nbsp;X Mark 3, kter&yacute; produkuje a\u017e 48 bilion\u016f hydroxylov&yacute;ch radik&aacute;l\u016f za sekundu, kter&eacute; ni\u010d&iacute; &scaron;kodliv&eacute; l&aacute;tky<\/span><\/span><\/span><\/li>\n<li style=\"text-align:justify\"><span style=\"font-size:11pt\"><span style=\"font-family:Calibri,sans-serif\">Technologie Aerowings 2.0 zaji&scaron;\u0165uje p\u0159&iacute;jemn&yacute; pr\u016ftok vzduchu <\/span><\/span><\/li>\n<li style=\"text-align:justify\"><span style=\"font-size:11pt\"><span style=\"font-family:Calibri,sans-serif\">Vestav\u011bn&yacute; modul Wi-Fi slou\u017e&iacute; k pokro\u010dil&eacute;mu ovl&aacute;d&aacute;n&iacute; p\u0159es internet<\/span><\/span><\/li>\n<li style=\"text-align:justify\"><span style=\"font-size:11pt\"><span style=\"font-family:Calibri,sans-serif\">Snadno pou\u017eiteln&yacute; d&aacute;lkov&yacute; ovlada\u010d<\/span><\/span><\/li>\n<li style=\"text-align:justify\"><span style=\"font-size:11pt\"><span style=\"font-family:Calibri,sans-serif\">Kompatibiln&iacute; s&nbsp;hlasov&yacute;mi asistenty Google Assistant a&nbsp;Amazon Alexa<\/span><\/span><\/li>\n<li style=\"text-align:justify\"><span style=\"font-size:11pt\"><span style=\"font-family:Calibri,sans-serif\">&Scaron;pi\u010dkov&aacute; energetick&aacute; &uacute;\u010dinnost a\u017e A+++ p\u0159i vyt&aacute;p\u011bn&iacute; i&nbsp;chlazen&iacute;<\/span><\/span><\/li>\n<li style=\"text-align:justify\"><span style=\"font-size:11pt\"><span style=\"font-family:Calibri,sans-serif\">Mimo\u0159&aacute;dn\u011b tich&yacute; chod<\/span><\/span><\/li>\n<li style=\"text-align:justify\"><span style=\"font-size:11pt\"><span style=\"font-family:Calibri,sans-serif\">Vnit\u0159n&iacute; \u010di&scaron;t\u011bn&iacute;<\/span><\/span><\/li>\n<li style=\"text-align:justify\"><span style=\"font-size:11pt\"><span style=\"font-family:Calibri,sans-serif\">Ekologick&eacute; chladivo R32<\/span><\/span><\/li>\n<li style=\"text-align:justify\"><span style=\"font-size:11pt\"><span style=\"font-family:Calibri,sans-serif\">Kompatibiln&iacute; s&nbsp;multisplit<\/span><\/span><\/li>\n<\/ul>\n","protected":false},"excerpt":{"rendered":"<p style=\"text-align:justify\"><span style=\"font-size:11pt\"><span style=\"font-family:Calibri,sans-serif\"><span style=\"color:black\">Vnit\u0159n&iacute; jednotka <strong>Panasonic Etherea<\/strong> v&nbsp;matn\u011b b&iacute;l&eacute; variant\u011b je <strong>pr&eacute;miov&aacute; n&aacute;st\u011bnn&aacute; klimatizace pro multisplit<\/strong> aplikaci, vhodn&aacute; pro instalaci <strong>do bytu nebo domu<\/strong>. Jednotka se stylov&yacute;m, jednolit&yacute;m designem nab&iacute;z&iacute; &scaron;pi\u010dkovou energetickou &uacute;\u010dinnost a\u017e A+++ p\u0159i chlazen&iacute; a vyt&aacute;p\u011bn&iacute;. Nav&iacute;c je <strong>mimo\u0159&aacute;dn\u011b tich&aacute;<\/strong>. Etherea vynik&aacute; svou <strong>technologi&iacute; <\/strong><\/span><strong>nanoe&trade;&nbsp;X<\/strong> v&nbsp;boji proti &scaron;kodliv&yacute;m l&aacute;tk&aacute;m v&nbsp;interi&eacute;ru.<\/span><\/span><\/p>\n","protected":false},"featured_media":574278,"template":"","meta":[],"product_cat":[7657,7659,7547,7674,7670,7692,10756],"product_tag":[],"class_list":{"0":"post-543384","1":"product","2":"type-product","3":"status-publish","4":"has-post-thumbnail","6":"product_cat-podle-znacky","7":"product_cat-podle-typu","8":"product_cat-klimatizace","9":"product_cat-panasonic","10":"product_cat-multisplity","11":"product_cat-multisplit-panasonic","12":"product_cat-multisplit-do-25c-power-heat","13":"pa_barva-vnitrni-jednotky-bila-matna","14":"pa_chladici-vykon-11516","15":"pa_extra-funkce-sprchove-chlazeni","16":"pa_filtrace-vzduchu-nanoex","17":"pa_hlucnost-vnitrni-jednotky-11466","18":"pa_multisplit-vnitrni-nastenna-20","19":"pa_provedeni-multisplit-vnitrni","20":"pa_topny-vykon-11494","21":"pa_typ-chladiva-r32","22":"pa_vykonovy-model-11519","23":"pa_znacka-panasonic","25":"first","26":"instock","27":"taxable","28":"shipping-taxable","29":"purchasable","30":"product-type-simple"},"yoast_head":"<!-- This site is optimized with the Yoast SEO plugin v23.9 - https:\/\/yoast.com\/wordpress\/plugins\/seo\/ -->\n<title>Klimatizace Panasonic vnit\u0159n\u00ed n\u00e1st\u011bnn\u00e1 ETHEREA matn\u00e1 b\u00edl\u00e1 Z20ZKEW 2kW - KLIMAVEX GROUP - \u010cesko<\/title>\n<meta name=\"robots\" content=\"index, follow, max-snippet:-1, max-image-preview:large, max-video-preview:-1\" \/>\n<link rel=\"canonical\" href=\"https:\/\/klimavex.eu\/cz\/katalog\/panasonic-nastenna-klimatizace-etherea-cs-z20zkew-bila\/\" \/>\n<meta property=\"og:locale\" content=\"cs_CZ\" \/>\n<meta property=\"og:type\" content=\"article\" \/>\n<meta property=\"og:title\" content=\"Klimatizace Panasonic vnit\u0159n\u00ed n\u00e1st\u011bnn\u00e1 ETHEREA matn\u00e1 b\u00edl\u00e1 Z20ZKEW 2kW - KLIMAVEX GROUP - \u010cesko\" \/>\n<meta property=\"og:description\" content=\"Vnit\u0159n&iacute; jednotka Panasonic Etherea v&nbsp;matn\u011b b&iacute;l&eacute; variant\u011b je pr&eacute;miov&aacute; n&aacute;st\u011bnn&aacute; klimatizace pro multisplit aplikaci, vhodn&aacute; pro instalaci do bytu nebo domu. Jednotka se stylov&yacute;m, jednolit&yacute;m designem nab&iacute;z&iacute; &scaron;pi\u010dkovou energetickou &uacute;\u010dinnost a\u017e A+++ p\u0159i chlazen&iacute; a vyt&aacute;p\u011bn&iacute;. Nav&iacute;c je mimo\u0159&aacute;dn\u011b tich&aacute;. Etherea vynik&aacute; svou technologi&iacute; nanoe&trade;&nbsp;X v&nbsp;boji proti &scaron;kodliv&yacute;m l&aacute;tk&aacute;m v&nbsp;interi&eacute;ru.\" \/>\n<meta property=\"og:url\" content=\"https:\/\/klimavex.eu\/cz\/katalog\/panasonic-nastenna-klimatizace-etherea-cs-z20zkew-bila\/\" \/>\n<meta property=\"og:site_name\" content=\"KLIMAVEX GROUP - \u010cesko\" \/>\n<meta property=\"article:publisher\" content=\"https:\/\/www.facebook.com\/klimavex.cz\" \/>\n<meta property=\"article:modified_time\" content=\"2026-04-25T21:07:37+00:00\" \/>\n<meta property=\"og:image\" content=\"https:\/\/klimavex.eu\/cz\/wp-content\/uploads\/2025\/09\/N5tU0P4bjlHS4pNXMYZrW2ecVKgfniEVNwaS_n5tPDE-10.png\" \/>\n\t<meta property=\"og:image:width\" content=\"1541\" \/>\n\t<meta property=\"og:image:height\" content=\"512\" \/>\n\t<meta property=\"og:image:type\" content=\"image\/png\" \/>\n<meta name=\"twitter:card\" content=\"summary_large_image\" \/>\n<meta name=\"twitter:label1\" content=\"Odhadovan\u00e1 doba \u010dten\u00ed\" \/>\n\t<meta name=\"twitter:data1\" content=\"1 minuta\" \/>\n<script type=\"application\/ld+json\" class=\"yoast-schema-graph\">{\"@context\":\"https:\/\/schema.org\",\"@graph\":[{\"@type\":\"WebPage\",\"@id\":\"https:\/\/klimavex.eu\/cz\/katalog\/panasonic-nastenna-klimatizace-etherea-cs-z20zkew-bila\/\",\"url\":\"https:\/\/klimavex.eu\/cz\/katalog\/panasonic-nastenna-klimatizace-etherea-cs-z20zkew-bila\/\",\"name\":\"Klimatizace Panasonic vnit\u0159n\u00ed n\u00e1st\u011bnn\u00e1 ETHEREA matn\u00e1 b\u00edl\u00e1 Z20ZKEW 2kW - KLIMAVEX GROUP - \u010cesko\",\"isPartOf\":{\"@id\":\"https:\/\/klimavex.eu\/cz\/#website\"},\"primaryImageOfPage\":{\"@id\":\"https:\/\/klimavex.eu\/cz\/katalog\/panasonic-nastenna-klimatizace-etherea-cs-z20zkew-bila\/#primaryimage\"},\"image\":{\"@id\":\"https:\/\/klimavex.eu\/cz\/katalog\/panasonic-nastenna-klimatizace-etherea-cs-z20zkew-bila\/#primaryimage\"},\"thumbnailUrl\":\"https:\/\/klimavex.eu\/cz\/wp-content\/uploads\/2026\/04\/DSCViCH_MnvQNPPtArM605NLE65xB-jbSFI_OL3sVx0.png\",\"datePublished\":\"2026-04-25T21:06:49+00:00\",\"dateModified\":\"2026-04-25T21:07:37+00:00\",\"breadcrumb\":{\"@id\":\"https:\/\/klimavex.eu\/cz\/katalog\/panasonic-nastenna-klimatizace-etherea-cs-z20zkew-bila\/#breadcrumb\"},\"inLanguage\":\"cs\",\"potentialAction\":[{\"@type\":\"ReadAction\",\"target\":[\"https:\/\/klimavex.eu\/cz\/katalog\/panasonic-nastenna-klimatizace-etherea-cs-z20zkew-bila\/\"]}]},{\"@type\":\"ImageObject\",\"inLanguage\":\"cs\",\"@id\":\"https:\/\/klimavex.eu\/cz\/katalog\/panasonic-nastenna-klimatizace-etherea-cs-z20zkew-bila\/#primaryimage\",\"url\":\"https:\/\/klimavex.eu\/cz\/wp-content\/uploads\/2026\/04\/DSCViCH_MnvQNPPtArM605NLE65xB-jbSFI_OL3sVx0.png\",\"contentUrl\":\"https:\/\/klimavex.eu\/cz\/wp-content\/uploads\/2026\/04\/DSCViCH_MnvQNPPtArM605NLE65xB-jbSFI_OL3sVx0.png\",\"width\":1541,\"height\":512},{\"@type\":\"BreadcrumbList\",\"@id\":\"https:\/\/klimavex.eu\/cz\/katalog\/panasonic-nastenna-klimatizace-etherea-cs-z20zkew-bila\/#breadcrumb\",\"itemListElement\":[{\"@type\":\"ListItem\",\"position\":1,\"name\":\"Domovsk\u00e1 str\u00e1nka\",\"item\":\"https:\/\/klimavex.eu\/cz\/\"},{\"@type\":\"ListItem\",\"position\":2,\"name\":\"Eshop\",\"item\":\"https:\/\/klimavex.eu\/cz\/eshop\/\"},{\"@type\":\"ListItem\",\"position\":3,\"name\":\"Panasonic n\u00e1st\u011bnn\u00e1 klimatizace Etherea CS-Z20ZKEW b\u00edl\u00e1\"}]},{\"@type\":\"WebSite\",\"@id\":\"https:\/\/klimavex.eu\/cz\/#website\",\"url\":\"https:\/\/klimavex.eu\/cz\/\",\"name\":\"KLIMAVEX GROUP - \u010cesko\",\"description\":\"\",\"publisher\":{\"@id\":\"https:\/\/klimavex.eu\/cz\/#organization\"},\"alternateName\":\"KLIMAVEX CZ a.s.\",\"potentialAction\":[{\"@type\":\"SearchAction\",\"target\":{\"@type\":\"EntryPoint\",\"urlTemplate\":\"https:\/\/klimavex.eu\/cz\/?s={search_term_string}\"},\"query-input\":{\"@type\":\"PropertyValueSpecification\",\"valueRequired\":true,\"valueName\":\"search_term_string\"}}],\"inLanguage\":\"cs\"},{\"@type\":\"Organization\",\"@id\":\"https:\/\/klimavex.eu\/cz\/#organization\",\"name\":\"KLIMAVEX GROUP\",\"alternateName\":\"KLIMAVEX\",\"url\":\"https:\/\/klimavex.eu\/cz\/\",\"logo\":{\"@type\":\"ImageObject\",\"inLanguage\":\"cs\",\"@id\":\"https:\/\/klimavex.eu\/cz\/#\/schema\/logo\/image\/\",\"url\":\"https:\/\/klimavex.eu\/cz\/wp-content\/uploads\/2024\/04\/Klimavex-Group-logo.png\",\"contentUrl\":\"https:\/\/klimavex.eu\/cz\/wp-content\/uploads\/2024\/04\/Klimavex-Group-logo.png\",\"width\":1681,\"height\":472,\"caption\":\"KLIMAVEX GROUP\"},\"image\":{\"@id\":\"https:\/\/klimavex.eu\/cz\/#\/schema\/logo\/image\/\"},\"sameAs\":[\"https:\/\/www.facebook.com\/klimavex.cz\",\"https:\/\/www.instagram.com\/klimavex_cz\/\"]}]}<\/script>\n<!-- \/ Yoast SEO plugin. -->","yoast_head_json":{"title":"Klimatizace Panasonic vnit\u0159n\u00ed n\u00e1st\u011bnn\u00e1 ETHEREA matn\u00e1 b\u00edl\u00e1 Z20ZKEW 2kW - KLIMAVEX GROUP - \u010cesko","robots":{"index":"index","follow":"follow","max-snippet":"max-snippet:-1","max-image-preview":"max-image-preview:large","max-video-preview":"max-video-preview:-1"},"canonical":"https:\/\/klimavex.eu\/cz\/katalog\/panasonic-nastenna-klimatizace-etherea-cs-z20zkew-bila\/","og_locale":"cs_CZ","og_type":"article","og_title":"Klimatizace Panasonic vnit\u0159n\u00ed n\u00e1st\u011bnn\u00e1 ETHEREA matn\u00e1 b\u00edl\u00e1 Z20ZKEW 2kW - KLIMAVEX GROUP - \u010cesko","og_description":"Vnit\u0159n&iacute; jednotka Panasonic Etherea v&nbsp;matn\u011b b&iacute;l&eacute; variant\u011b je pr&eacute;miov&aacute; n&aacute;st\u011bnn&aacute; klimatizace pro multisplit aplikaci, vhodn&aacute; pro instalaci do bytu nebo domu. Jednotka se stylov&yacute;m, jednolit&yacute;m designem nab&iacute;z&iacute; &scaron;pi\u010dkovou energetickou &uacute;\u010dinnost a\u017e A+++ p\u0159i chlazen&iacute; a vyt&aacute;p\u011bn&iacute;. Nav&iacute;c je mimo\u0159&aacute;dn\u011b tich&aacute;. Etherea vynik&aacute; svou technologi&iacute; nanoe&trade;&nbsp;X v&nbsp;boji proti &scaron;kodliv&yacute;m l&aacute;tk&aacute;m v&nbsp;interi&eacute;ru.","og_url":"https:\/\/klimavex.eu\/cz\/katalog\/panasonic-nastenna-klimatizace-etherea-cs-z20zkew-bila\/","og_site_name":"KLIMAVEX GROUP - \u010cesko","article_publisher":"https:\/\/www.facebook.com\/klimavex.cz","article_modified_time":"2026-04-25T21:07:37+00:00","og_image":[{"width":1541,"height":512,"url":"https:\/\/klimavex.eu\/cz\/wp-content\/uploads\/2025\/09\/N5tU0P4bjlHS4pNXMYZrW2ecVKgfniEVNwaS_n5tPDE-10.png","type":"image\/png"}],"twitter_card":"summary_large_image","twitter_misc":{"Odhadovan\u00e1 doba \u010dten\u00ed":"1 minuta"},"schema":{"@context":"https:\/\/schema.org","@graph":[{"@type":"WebPage","@id":"https:\/\/klimavex.eu\/cz\/katalog\/panasonic-nastenna-klimatizace-etherea-cs-z20zkew-bila\/","url":"https:\/\/klimavex.eu\/cz\/katalog\/panasonic-nastenna-klimatizace-etherea-cs-z20zkew-bila\/","name":"Klimatizace Panasonic vnit\u0159n\u00ed n\u00e1st\u011bnn\u00e1 ETHEREA matn\u00e1 b\u00edl\u00e1 Z20ZKEW 2kW - KLIMAVEX GROUP - \u010cesko","isPartOf":{"@id":"https:\/\/klimavex.eu\/cz\/#website"},"primaryImageOfPage":{"@id":"https:\/\/klimavex.eu\/cz\/katalog\/panasonic-nastenna-klimatizace-etherea-cs-z20zkew-bila\/#primaryimage"},"image":{"@id":"https:\/\/klimavex.eu\/cz\/katalog\/panasonic-nastenna-klimatizace-etherea-cs-z20zkew-bila\/#primaryimage"},"thumbnailUrl":"https:\/\/klimavex.eu\/cz\/wp-content\/uploads\/2026\/04\/DSCViCH_MnvQNPPtArM605NLE65xB-jbSFI_OL3sVx0.png","datePublished":"2026-04-25T21:06:49+00:00","dateModified":"2026-04-25T21:07:37+00:00","breadcrumb":{"@id":"https:\/\/klimavex.eu\/cz\/katalog\/panasonic-nastenna-klimatizace-etherea-cs-z20zkew-bila\/#breadcrumb"},"inLanguage":"cs","potentialAction":[{"@type":"ReadAction","target":["https:\/\/klimavex.eu\/cz\/katalog\/panasonic-nastenna-klimatizace-etherea-cs-z20zkew-bila\/"]}]},{"@type":"ImageObject","inLanguage":"cs","@id":"https:\/\/klimavex.eu\/cz\/katalog\/panasonic-nastenna-klimatizace-etherea-cs-z20zkew-bila\/#primaryimage","url":"https:\/\/klimavex.eu\/cz\/wp-content\/uploads\/2026\/04\/DSCViCH_MnvQNPPtArM605NLE65xB-jbSFI_OL3sVx0.png","contentUrl":"https:\/\/klimavex.eu\/cz\/wp-content\/uploads\/2026\/04\/DSCViCH_MnvQNPPtArM605NLE65xB-jbSFI_OL3sVx0.png","width":1541,"height":512},{"@type":"BreadcrumbList","@id":"https:\/\/klimavex.eu\/cz\/katalog\/panasonic-nastenna-klimatizace-etherea-cs-z20zkew-bila\/#breadcrumb","itemListElement":[{"@type":"ListItem","position":1,"name":"Domovsk\u00e1 str\u00e1nka","item":"https:\/\/klimavex.eu\/cz\/"},{"@type":"ListItem","position":2,"name":"Eshop","item":"https:\/\/klimavex.eu\/cz\/eshop\/"},{"@type":"ListItem","position":3,"name":"Panasonic n\u00e1st\u011bnn\u00e1 klimatizace Etherea CS-Z20ZKEW b\u00edl\u00e1"}]},{"@type":"WebSite","@id":"https:\/\/klimavex.eu\/cz\/#website","url":"https:\/\/klimavex.eu\/cz\/","name":"KLIMAVEX GROUP - \u010cesko","description":"","publisher":{"@id":"https:\/\/klimavex.eu\/cz\/#organization"},"alternateName":"KLIMAVEX CZ a.s.","potentialAction":[{"@type":"SearchAction","target":{"@type":"EntryPoint","urlTemplate":"https:\/\/klimavex.eu\/cz\/?s={search_term_string}"},"query-input":{"@type":"PropertyValueSpecification","valueRequired":true,"valueName":"search_term_string"}}],"inLanguage":"cs"},{"@type":"Organization","@id":"https:\/\/klimavex.eu\/cz\/#organization","name":"KLIMAVEX GROUP","alternateName":"KLIMAVEX","url":"https:\/\/klimavex.eu\/cz\/","logo":{"@type":"ImageObject","inLanguage":"cs","@id":"https:\/\/klimavex.eu\/cz\/#\/schema\/logo\/image\/","url":"https:\/\/klimavex.eu\/cz\/wp-content\/uploads\/2024\/04\/Klimavex-Group-logo.png","contentUrl":"https:\/\/klimavex.eu\/cz\/wp-content\/uploads\/2024\/04\/Klimavex-Group-logo.png","width":1681,"height":472,"caption":"KLIMAVEX GROUP"},"image":{"@id":"https:\/\/klimavex.eu\/cz\/#\/schema\/logo\/image\/"},"sameAs":["https:\/\/www.facebook.com\/klimavex.cz","https:\/\/www.instagram.com\/klimavex_cz\/"]}]}},"_links":{"self":[{"href":"https:\/\/klimavex.eu\/cz\/wp-json\/wp\/v2\/product\/543384","targetHints":{"allow":["GET"]}}],"collection":[{"href":"https:\/\/klimavex.eu\/cz\/wp-json\/wp\/v2\/product"}],"about":[{"href":"https:\/\/klimavex.eu\/cz\/wp-json\/wp\/v2\/types\/product"}],"version-history":[{"count":0,"href":"https:\/\/klimavex.eu\/cz\/wp-json\/wp\/v2\/product\/543384\/revisions"}],"wp:featuredmedia":[{"embeddable":true,"href":"https:\/\/klimavex.eu\/cz\/wp-json\/wp\/v2\/media\/574278"}],"wp:attachment":[{"href":"https:\/\/klimavex.eu\/cz\/wp-json\/wp\/v2\/media?parent=543384"}],"wp:term":[{"taxonomy":"product_cat","embeddable":true,"href":"https:\/\/klimavex.eu\/cz\/wp-json\/wp\/v2\/product_cat?post=543384"},{"taxonomy":"product_tag","embeddable":true,"href":"https:\/\/klimavex.eu\/cz\/wp-json\/wp\/v2\/product_tag?post=543384"}],"curies":[{"name":"wp","href":"https:\/\/api.w.org\/{rel}","templated":true}]}}