{"id":543409,"date":"2026-04-07T06:50:25","date_gmt":"2026-04-07T04:50:25","guid":{"rendered":"https:\/\/klimavex.eu\/cz\/katalog\/panasonic-potrubni-klimatizace-cs-mz20ud3ea\/"},"modified":"2026-04-07T06:50:41","modified_gmt":"2026-04-07T04:50:41","slug":"klimatizace-panasonic-multisplit-vnitrni-potrubni-mz20ud3ea-2kw","status":"publish","type":"product","link":"https:\/\/klimavex.eu\/cz\/katalog\/klimatizace-panasonic-multisplit-vnitrni-potrubni-mz20ud3ea-2kw\/","title":{"rendered":"Klimatizace Panasonic multisplit vnit\u0159n\u00ed potrubn\u00ed MZ20UD3EA 2kW"},"content":{"rendered":"<p><span style=\"font-size:11pt\"><span style=\"font-family:Calibri,sans-serif\"><strong>Kl&iacute;\u010dov&eacute; vlastnosti<\/strong><\/span><\/span><\/p>\n<ul>\n<li><span style=\"font-size:11pt\"><span style=\"font-family:Calibri,sans-serif\">Re\u017eim Eco pro &uacute;sporu energie 20 %<\/span><\/span><\/li>\n<li><span style=\"font-size:11pt\"><span style=\"font-family:Calibri,sans-serif\">Mo\u017enost ovl&aacute;d&aacute;n&iacute; potrubn&iacute; jednotky pomoc&iacute; syst&eacute;m\u016f KNX a Modbus<\/span><\/span><\/li>\n<li><span style=\"font-size:11pt\"><span style=\"font-family:Calibri,sans-serif\">Mimo\u0159&aacute;dn\u011b kompaktn&iacute; vnit\u0159n&iacute; jednotky bez ztr&aacute;ty statick&eacute;ho tlaku (vysok&eacute; pouze 200 mm)<\/span><\/span><\/li>\n<li><span style=\"font-size:11pt\"><span style=\"font-family:Calibri,sans-serif\">T&yacute;denn&iacute; \u010dasova\u010d, 42 nastaven&iacute; t&yacute;dn\u011b<\/span><\/span><\/li>\n<li><span style=\"font-size:11pt\"><span style=\"font-family:Calibri,sans-serif\">Re\u017eim snadn&eacute; kontroly pro zji&scaron;t\u011bn&iacute; chyby<\/span><\/span><\/li>\n<li><span style=\"font-size:11pt\"><span style=\"font-family:Calibri,sans-serif\">\u010cerpadlo kondenz&aacute;tu sou\u010d&aacute;st&iacute; dod&aacute;vky<\/span><\/span><\/li>\n<li><span style=\"font-size:11pt\"><span style=\"font-family:Calibri,sans-serif\">Energetick&aacute; &uacute;\u010dinnost a\u017e A+ p\u0159i vyt&aacute;p\u011bn&iacute; i chlazen&iacute;<\/span><\/span><\/li>\n<li><span style=\"font-size:11pt\"><span style=\"font-family:Calibri,sans-serif\">Voliteln&eacute; ovl&aacute;d&aacute;n&iacute; p\u0159es Wi-Fi prost\u0159ednictv&iacute;m aplikace Panasonic Comfort Cloud (vy\u017eaduje CZ-TACG1)<\/span><\/span><\/li>\n<li><span style=\"font-size:11pt\"><span style=\"font-family:Calibri,sans-serif\">Provozn&iacute; rozsah a\u017e do&nbsp;43&nbsp;&deg;C p\u0159i chlazen&iacute; a&nbsp;do&nbsp;&minus;15&nbsp;&deg;C p\u0159i vyt&aacute;p\u011bn&iacute;<\/span><\/span><\/li>\n<li><span style=\"font-size:11pt\"><span style=\"font-family:Calibri,sans-serif\">Ekologick&eacute; chladivo R32<\/span><\/span><\/li>\n<li><span style=\"font-size:11pt\"><span style=\"font-family:Calibri,sans-serif\">Kompatibiln&iacute; s&nbsp;multisplit<\/span><\/span><\/li>\n<\/ul>\n","protected":false},"excerpt":{"rendered":"<p style=\"text-align:justify\"><span style=\"font-size:11pt\"><span style=\"font-family:Calibri,sans-serif\"><span style=\"color:black\">Vnit\u0159n&iacute; jednotka <strong>Panasonic potrubn&iacute; klimatizace pro multisplit<\/strong> aplikace m&aacute; ide&aacute;ln&iacute; konstrukci pro domy, kancel&aacute;\u0159e, obchody a restaurace. Je vhodn&aacute; <strong>pro mal&eacute; m&iacute;stnosti<\/strong>, kde je klimatizace s&nbsp;topn&yacute;m syst&eacute;mem spolehliv\u011b integrov&aacute;na a kde je pot\u0159ebn&aacute; vysok&aacute; &uacute;rove\u0148 komfortu a &uacute;\u010dinnosti. Jedn&aacute; se o <strong>jednotku s&nbsp;n&iacute;zk&yacute;m statick&yacute;m tlakem<\/strong>, kter&aacute; nab&iacute;z&iacute; kompaktn&iacute; vnit\u0159n&iacute; jednotku <strong>vysokou pouze 200 mm<\/strong>. Jednotka m\u016f\u017ee b&yacute;t tak&eacute; p\u0159ipojena k&nbsp;rozhran&iacute; KNX nebo Modbus pro snadnou integraci do syst&eacute;m\u016f spr&aacute;vy budov.<\/span><\/span><\/span><\/p>\n","protected":false},"featured_media":548496,"template":"","meta":[],"product_cat":[7657,7659,7547,7674,7670,7692],"product_tag":[],"class_list":{"0":"post-543409","1":"product","2":"type-product","3":"status-publish","4":"has-post-thumbnail","6":"product_cat-podle-znacky","7":"product_cat-podle-typu","8":"product_cat-klimatizace","9":"product_cat-panasonic","10":"product_cat-multisplity","11":"product_cat-multisplit-panasonic","12":"pa_chladici-vykon-11516","13":"pa_filtrace-vzduchu-standard","14":"pa_hlucnost-vnitrni-jednotky-11927","15":"pa_multisplit-vnitrni-potrubni-20","16":"pa_provedeni-multisplit-vnitrni","17":"pa_topny-vykon-11494","18":"pa_typ-chladiva-r32","19":"pa_vykonovy-model-11519","20":"pa_znacka-panasonic","22":"first","23":"instock","24":"taxable","25":"shipping-taxable","26":"purchasable","27":"product-type-simple"},"yoast_head":"<!-- This site is optimized with the Yoast SEO plugin v23.9 - https:\/\/yoast.com\/wordpress\/plugins\/seo\/ -->\n<title>Klimatizace Panasonic multisplit vnit\u0159n\u00ed potrubn\u00ed MZ20UD3EA 2kW - KLIMAVEX GROUP - \u010cesko<\/title>\n<meta name=\"robots\" content=\"index, follow, max-snippet:-1, max-image-preview:large, max-video-preview:-1\" \/>\n<link rel=\"canonical\" href=\"https:\/\/klimavex.eu\/cz\/katalog\/panasonic-potrubni-klimatizace-cs-mz20ud3ea\/\" \/>\n<meta property=\"og:locale\" content=\"cs_CZ\" \/>\n<meta property=\"og:type\" content=\"article\" \/>\n<meta property=\"og:title\" content=\"Klimatizace Panasonic multisplit vnit\u0159n\u00ed potrubn\u00ed MZ20UD3EA 2kW - KLIMAVEX GROUP - \u010cesko\" \/>\n<meta property=\"og:description\" content=\"Vnit\u0159n&iacute; jednotka Panasonic potrubn&iacute; klimatizace pro multisplit aplikace m&aacute; ide&aacute;ln&iacute; konstrukci pro domy, kancel&aacute;\u0159e, obchody a restaurace. Je vhodn&aacute; pro mal&eacute; m&iacute;stnosti, kde je klimatizace s&nbsp;topn&yacute;m syst&eacute;mem spolehliv\u011b integrov&aacute;na a kde je pot\u0159ebn&aacute; vysok&aacute; &uacute;rove\u0148 komfortu a &uacute;\u010dinnosti. Jedn&aacute; se o jednotku s&nbsp;n&iacute;zk&yacute;m statick&yacute;m tlakem, kter&aacute; nab&iacute;z&iacute; kompaktn&iacute; vnit\u0159n&iacute; jednotku vysokou pouze 200 mm. Jednotka m\u016f\u017ee b&yacute;t tak&eacute; p\u0159ipojena k&nbsp;rozhran&iacute; KNX nebo Modbus pro snadnou integraci do syst&eacute;m\u016f spr&aacute;vy budov.\" \/>\n<meta property=\"og:url\" content=\"https:\/\/klimavex.eu\/cz\/katalog\/panasonic-potrubni-klimatizace-cs-mz20ud3ea\/\" \/>\n<meta property=\"og:site_name\" content=\"KLIMAVEX GROUP - \u010cesko\" \/>\n<meta property=\"article:publisher\" content=\"https:\/\/www.facebook.com\/klimavex.cz\" \/>\n<meta property=\"article:modified_time\" content=\"2026-04-07T04:50:41+00:00\" \/>\n<meta property=\"og:image\" content=\"https:\/\/klimavex.eu\/cz\/wp-content\/uploads\/2025\/09\/p4yjLSm3OlnaTbtq_nUngPTQOdn2vhujyS9MnPLG_FA-7.png\" \/>\n\t<meta property=\"og:image:width\" content=\"997\" \/>\n\t<meta property=\"og:image:height\" content=\"512\" \/>\n\t<meta property=\"og:image:type\" content=\"image\/png\" \/>\n<meta name=\"twitter:card\" content=\"summary_large_image\" \/>\n<meta name=\"twitter:label1\" content=\"Odhadovan\u00e1 doba \u010dten\u00ed\" \/>\n\t<meta name=\"twitter:data1\" content=\"1 minuta\" \/>\n<script type=\"application\/ld+json\" class=\"yoast-schema-graph\">{\"@context\":\"https:\/\/schema.org\",\"@graph\":[{\"@type\":\"WebPage\",\"@id\":\"https:\/\/klimavex.eu\/cz\/katalog\/panasonic-potrubni-klimatizace-cs-mz20ud3ea\/\",\"url\":\"https:\/\/klimavex.eu\/cz\/katalog\/panasonic-potrubni-klimatizace-cs-mz20ud3ea\/\",\"name\":\"Klimatizace Panasonic multisplit vnit\u0159n\u00ed potrubn\u00ed MZ20UD3EA 2kW - KLIMAVEX GROUP - \u010cesko\",\"isPartOf\":{\"@id\":\"https:\/\/klimavex.eu\/cz\/#website\"},\"primaryImageOfPage\":{\"@id\":\"https:\/\/klimavex.eu\/cz\/katalog\/panasonic-potrubni-klimatizace-cs-mz20ud3ea\/#primaryimage\"},\"image\":{\"@id\":\"https:\/\/klimavex.eu\/cz\/katalog\/panasonic-potrubni-klimatizace-cs-mz20ud3ea\/#primaryimage\"},\"thumbnailUrl\":\"https:\/\/klimavex.eu\/cz\/wp-content\/uploads\/2025\/09\/p4yjLSm3OlnaTbtq_nUngPTQOdn2vhujyS9MnPLG_FA-7.png\",\"datePublished\":\"2026-04-07T04:50:25+00:00\",\"dateModified\":\"2026-04-07T04:50:41+00:00\",\"breadcrumb\":{\"@id\":\"https:\/\/klimavex.eu\/cz\/katalog\/panasonic-potrubni-klimatizace-cs-mz20ud3ea\/#breadcrumb\"},\"inLanguage\":\"cs\",\"potentialAction\":[{\"@type\":\"ReadAction\",\"target\":[\"https:\/\/klimavex.eu\/cz\/katalog\/panasonic-potrubni-klimatizace-cs-mz20ud3ea\/\"]}]},{\"@type\":\"ImageObject\",\"inLanguage\":\"cs\",\"@id\":\"https:\/\/klimavex.eu\/cz\/katalog\/panasonic-potrubni-klimatizace-cs-mz20ud3ea\/#primaryimage\",\"url\":\"https:\/\/klimavex.eu\/cz\/wp-content\/uploads\/2025\/09\/p4yjLSm3OlnaTbtq_nUngPTQOdn2vhujyS9MnPLG_FA-7.png\",\"contentUrl\":\"https:\/\/klimavex.eu\/cz\/wp-content\/uploads\/2025\/09\/p4yjLSm3OlnaTbtq_nUngPTQOdn2vhujyS9MnPLG_FA-7.png\",\"width\":997,\"height\":512},{\"@type\":\"BreadcrumbList\",\"@id\":\"https:\/\/klimavex.eu\/cz\/katalog\/panasonic-potrubni-klimatizace-cs-mz20ud3ea\/#breadcrumb\",\"itemListElement\":[{\"@type\":\"ListItem\",\"position\":1,\"name\":\"Domovsk\u00e1 str\u00e1nka\",\"item\":\"https:\/\/klimavex.eu\/cz\/\"},{\"@type\":\"ListItem\",\"position\":2,\"name\":\"Eshop\",\"item\":\"https:\/\/klimavex.eu\/cz\/eshop\/\"},{\"@type\":\"ListItem\",\"position\":3,\"name\":\"Panasonic potrubn\u00ed klimatizace CS-MZ20UD3EA\"}]},{\"@type\":\"WebSite\",\"@id\":\"https:\/\/klimavex.eu\/cz\/#website\",\"url\":\"https:\/\/klimavex.eu\/cz\/\",\"name\":\"KLIMAVEX GROUP - \u010cesko\",\"description\":\"\",\"publisher\":{\"@id\":\"https:\/\/klimavex.eu\/cz\/#organization\"},\"alternateName\":\"KLIMAVEX CZ a.s.\",\"potentialAction\":[{\"@type\":\"SearchAction\",\"target\":{\"@type\":\"EntryPoint\",\"urlTemplate\":\"https:\/\/klimavex.eu\/cz\/?s={search_term_string}\"},\"query-input\":{\"@type\":\"PropertyValueSpecification\",\"valueRequired\":true,\"valueName\":\"search_term_string\"}}],\"inLanguage\":\"cs\"},{\"@type\":\"Organization\",\"@id\":\"https:\/\/klimavex.eu\/cz\/#organization\",\"name\":\"KLIMAVEX GROUP\",\"alternateName\":\"KLIMAVEX\",\"url\":\"https:\/\/klimavex.eu\/cz\/\",\"logo\":{\"@type\":\"ImageObject\",\"inLanguage\":\"cs\",\"@id\":\"https:\/\/klimavex.eu\/cz\/#\/schema\/logo\/image\/\",\"url\":\"https:\/\/klimavex.eu\/cz\/wp-content\/uploads\/2024\/04\/Klimavex-Group-logo.png\",\"contentUrl\":\"https:\/\/klimavex.eu\/cz\/wp-content\/uploads\/2024\/04\/Klimavex-Group-logo.png\",\"width\":1681,\"height\":472,\"caption\":\"KLIMAVEX GROUP\"},\"image\":{\"@id\":\"https:\/\/klimavex.eu\/cz\/#\/schema\/logo\/image\/\"},\"sameAs\":[\"https:\/\/www.facebook.com\/klimavex.cz\",\"https:\/\/www.instagram.com\/klimavex_cz\/\"]}]}<\/script>\n<!-- \/ Yoast SEO plugin. -->","yoast_head_json":{"title":"Klimatizace Panasonic multisplit vnit\u0159n\u00ed potrubn\u00ed MZ20UD3EA 2kW - KLIMAVEX GROUP - \u010cesko","robots":{"index":"index","follow":"follow","max-snippet":"max-snippet:-1","max-image-preview":"max-image-preview:large","max-video-preview":"max-video-preview:-1"},"canonical":"https:\/\/klimavex.eu\/cz\/katalog\/panasonic-potrubni-klimatizace-cs-mz20ud3ea\/","og_locale":"cs_CZ","og_type":"article","og_title":"Klimatizace Panasonic multisplit vnit\u0159n\u00ed potrubn\u00ed MZ20UD3EA 2kW - KLIMAVEX GROUP - \u010cesko","og_description":"Vnit\u0159n&iacute; jednotka Panasonic potrubn&iacute; klimatizace pro multisplit aplikace m&aacute; ide&aacute;ln&iacute; konstrukci pro domy, kancel&aacute;\u0159e, obchody a restaurace. Je vhodn&aacute; pro mal&eacute; m&iacute;stnosti, kde je klimatizace s&nbsp;topn&yacute;m syst&eacute;mem spolehliv\u011b integrov&aacute;na a kde je pot\u0159ebn&aacute; vysok&aacute; &uacute;rove\u0148 komfortu a &uacute;\u010dinnosti. Jedn&aacute; se o jednotku s&nbsp;n&iacute;zk&yacute;m statick&yacute;m tlakem, kter&aacute; nab&iacute;z&iacute; kompaktn&iacute; vnit\u0159n&iacute; jednotku vysokou pouze 200 mm. Jednotka m\u016f\u017ee b&yacute;t tak&eacute; p\u0159ipojena k&nbsp;rozhran&iacute; KNX nebo Modbus pro snadnou integraci do syst&eacute;m\u016f spr&aacute;vy budov.","og_url":"https:\/\/klimavex.eu\/cz\/katalog\/panasonic-potrubni-klimatizace-cs-mz20ud3ea\/","og_site_name":"KLIMAVEX GROUP - \u010cesko","article_publisher":"https:\/\/www.facebook.com\/klimavex.cz","article_modified_time":"2026-04-07T04:50:41+00:00","og_image":[{"width":997,"height":512,"url":"https:\/\/klimavex.eu\/cz\/wp-content\/uploads\/2025\/09\/p4yjLSm3OlnaTbtq_nUngPTQOdn2vhujyS9MnPLG_FA-7.png","type":"image\/png"}],"twitter_card":"summary_large_image","twitter_misc":{"Odhadovan\u00e1 doba \u010dten\u00ed":"1 minuta"},"schema":{"@context":"https:\/\/schema.org","@graph":[{"@type":"WebPage","@id":"https:\/\/klimavex.eu\/cz\/katalog\/panasonic-potrubni-klimatizace-cs-mz20ud3ea\/","url":"https:\/\/klimavex.eu\/cz\/katalog\/panasonic-potrubni-klimatizace-cs-mz20ud3ea\/","name":"Klimatizace Panasonic multisplit vnit\u0159n\u00ed potrubn\u00ed MZ20UD3EA 2kW - KLIMAVEX GROUP - \u010cesko","isPartOf":{"@id":"https:\/\/klimavex.eu\/cz\/#website"},"primaryImageOfPage":{"@id":"https:\/\/klimavex.eu\/cz\/katalog\/panasonic-potrubni-klimatizace-cs-mz20ud3ea\/#primaryimage"},"image":{"@id":"https:\/\/klimavex.eu\/cz\/katalog\/panasonic-potrubni-klimatizace-cs-mz20ud3ea\/#primaryimage"},"thumbnailUrl":"https:\/\/klimavex.eu\/cz\/wp-content\/uploads\/2025\/09\/p4yjLSm3OlnaTbtq_nUngPTQOdn2vhujyS9MnPLG_FA-7.png","datePublished":"2026-04-07T04:50:25+00:00","dateModified":"2026-04-07T04:50:41+00:00","breadcrumb":{"@id":"https:\/\/klimavex.eu\/cz\/katalog\/panasonic-potrubni-klimatizace-cs-mz20ud3ea\/#breadcrumb"},"inLanguage":"cs","potentialAction":[{"@type":"ReadAction","target":["https:\/\/klimavex.eu\/cz\/katalog\/panasonic-potrubni-klimatizace-cs-mz20ud3ea\/"]}]},{"@type":"ImageObject","inLanguage":"cs","@id":"https:\/\/klimavex.eu\/cz\/katalog\/panasonic-potrubni-klimatizace-cs-mz20ud3ea\/#primaryimage","url":"https:\/\/klimavex.eu\/cz\/wp-content\/uploads\/2025\/09\/p4yjLSm3OlnaTbtq_nUngPTQOdn2vhujyS9MnPLG_FA-7.png","contentUrl":"https:\/\/klimavex.eu\/cz\/wp-content\/uploads\/2025\/09\/p4yjLSm3OlnaTbtq_nUngPTQOdn2vhujyS9MnPLG_FA-7.png","width":997,"height":512},{"@type":"BreadcrumbList","@id":"https:\/\/klimavex.eu\/cz\/katalog\/panasonic-potrubni-klimatizace-cs-mz20ud3ea\/#breadcrumb","itemListElement":[{"@type":"ListItem","position":1,"name":"Domovsk\u00e1 str\u00e1nka","item":"https:\/\/klimavex.eu\/cz\/"},{"@type":"ListItem","position":2,"name":"Eshop","item":"https:\/\/klimavex.eu\/cz\/eshop\/"},{"@type":"ListItem","position":3,"name":"Panasonic potrubn\u00ed klimatizace CS-MZ20UD3EA"}]},{"@type":"WebSite","@id":"https:\/\/klimavex.eu\/cz\/#website","url":"https:\/\/klimavex.eu\/cz\/","name":"KLIMAVEX GROUP - \u010cesko","description":"","publisher":{"@id":"https:\/\/klimavex.eu\/cz\/#organization"},"alternateName":"KLIMAVEX CZ a.s.","potentialAction":[{"@type":"SearchAction","target":{"@type":"EntryPoint","urlTemplate":"https:\/\/klimavex.eu\/cz\/?s={search_term_string}"},"query-input":{"@type":"PropertyValueSpecification","valueRequired":true,"valueName":"search_term_string"}}],"inLanguage":"cs"},{"@type":"Organization","@id":"https:\/\/klimavex.eu\/cz\/#organization","name":"KLIMAVEX GROUP","alternateName":"KLIMAVEX","url":"https:\/\/klimavex.eu\/cz\/","logo":{"@type":"ImageObject","inLanguage":"cs","@id":"https:\/\/klimavex.eu\/cz\/#\/schema\/logo\/image\/","url":"https:\/\/klimavex.eu\/cz\/wp-content\/uploads\/2024\/04\/Klimavex-Group-logo.png","contentUrl":"https:\/\/klimavex.eu\/cz\/wp-content\/uploads\/2024\/04\/Klimavex-Group-logo.png","width":1681,"height":472,"caption":"KLIMAVEX GROUP"},"image":{"@id":"https:\/\/klimavex.eu\/cz\/#\/schema\/logo\/image\/"},"sameAs":["https:\/\/www.facebook.com\/klimavex.cz","https:\/\/www.instagram.com\/klimavex_cz\/"]}]}},"_links":{"self":[{"href":"https:\/\/klimavex.eu\/cz\/wp-json\/wp\/v2\/product\/543409","targetHints":{"allow":["GET"]}}],"collection":[{"href":"https:\/\/klimavex.eu\/cz\/wp-json\/wp\/v2\/product"}],"about":[{"href":"https:\/\/klimavex.eu\/cz\/wp-json\/wp\/v2\/types\/product"}],"version-history":[{"count":0,"href":"https:\/\/klimavex.eu\/cz\/wp-json\/wp\/v2\/product\/543409\/revisions"}],"wp:featuredmedia":[{"embeddable":true,"href":"https:\/\/klimavex.eu\/cz\/wp-json\/wp\/v2\/media\/548496"}],"wp:attachment":[{"href":"https:\/\/klimavex.eu\/cz\/wp-json\/wp\/v2\/media?parent=543409"}],"wp:term":[{"taxonomy":"product_cat","embeddable":true,"href":"https:\/\/klimavex.eu\/cz\/wp-json\/wp\/v2\/product_cat?post=543409"},{"taxonomy":"product_tag","embeddable":true,"href":"https:\/\/klimavex.eu\/cz\/wp-json\/wp\/v2\/product_tag?post=543409"}],"curies":[{"name":"wp","href":"https:\/\/api.w.org\/{rel}","templated":true}]}}