{"id":543442,"date":"2026-03-31T18:33:22","date_gmt":"2026-03-31T16:33:22","guid":{"rendered":"https:\/\/klimavex.eu\/cz\/katalog\/airwell-monoblok-parapetni-klimatizace-xdaw-023\/"},"modified":"2026-03-31T18:33:48","modified_gmt":"2026-03-31T16:33:48","slug":"klimatizace-airwell-monoblok-parapetni-xdaw-023-r32-230v-23kw","status":"publish","type":"product","link":"https:\/\/klimavex.eu\/cz\/katalog\/klimatizace-airwell-monoblok-parapetni-xdaw-023-r32-230v-23kw\/","title":{"rendered":"Klimatizace Airwell monoblok parapetn\u00ed XDAW 023 R32 230V 2,3kW"},"content":{"rendered":"<p style=\"text-align: justify;\"><strong>Kl&iacute;\u010dov&eacute; vlastnosti:<\/strong><\/p>\n<ul>\n<li style=\"text-align: justify;\">Infraovl&aacute;d&aacute;n&iacute; XDAW RC<\/li>\n<li style=\"text-align: justify;\">Zabudovan&eacute; WiFi ovl&aacute;d&aacute;n&iacute;<\/li>\n<li style=\"text-align: justify;\">Monoblokov&eacute; \u0159e&scaron;en&iacute;<\/li>\n<li style=\"text-align: justify;\">Chlazen&iacute; a topen&iacute;<\/li>\n<li style=\"text-align: justify;\">Bez pot\u0159eby venkovn&iacute; jednotky<\/li>\n<li style=\"text-align: justify;\">Bez pr&aacute;ce s&nbsp;chladivem<\/li>\n<li style=\"text-align: justify;\">N&iacute;zk&aacute; spot\u0159eba energie<\/li>\n<li style=\"text-align: justify;\">Ekologick&eacute; chladivo R32<\/li>\n<li style=\"text-align: justify;\">DC inverter kompresor<\/li>\n<\/ul>\n","protected":false},"excerpt":{"rendered":"<p style=\"text-align: justify;\"><strong>Airwell XDAW<\/strong> je parapetn&iacute; <strong>klimatizace s&nbsp;monoblokov&yacute;m \u0159e&scaron;en&iacute;m<\/strong>. Jednotka je instalov&aacute;na <strong>v&nbsp;interi&eacute;ru<\/strong>, nej\u010dast\u011bji pod okenn&iacute;m parapetem. S&nbsp;exteri&eacute;rem je propojena potrub&iacute;m ve zdi, ur\u010den&yacute;m pro p\u0159&iacute;choz&iacute; a odchoz&iacute; vzduch. Nen&iacute; vy\u017eadov&aacute;na pr&aacute;ce s&nbsp;chladivem. Jedn&aacute; se o ide&aacute;ln&iacute; \u0159e&scaron;en&iacute; <strong>pro prostory, kde nen&iacute; mo\u017en&eacute; namontovat venkovn&iacute; jednotku<\/strong>. P\u0159&iacute;kladem jsou <strong>historick&aacute; centra m\u011bst<\/strong> \u010di jin&aacute; m\u011bstsk&aacute; z&aacute;stavba. Vhodn&eacute; pro <strong>chlazen&iacute; i vyt&aacute;p\u011bn&iacute;<\/strong>.<\/p>\n","protected":false},"featured_media":548568,"template":"","meta":[],"product_cat":[7657,10829,7659,7547,7658,10830],"product_tag":[],"class_list":{"0":"post-543442","1":"product","2":"type-product","3":"status-publish","4":"has-post-thumbnail","6":"product_cat-podle-znacky","7":"product_cat-monoblok-bez-venkovni-jednotky","8":"product_cat-podle-typu","9":"product_cat-klimatizace","10":"product_cat-airwell","11":"product_cat-xdaw-monoblok","12":"pa_barva-vnitrni-jednotky-bila","13":"pa_chlad-do-von-tep-c-do-10c","14":"pa_chladici-vykon-12448","15":"pa_extra-funkce-bez-venkovni-jednotky","16":"pa_filtrace-vzduchu-standard","17":"pa_hlucnost-vnitrni-jednotky-11994","18":"pa_napajeni-1f-230v","19":"pa_prikon-chlazeni-12108","20":"pa_prikon-vytapeni-12136","21":"pa_provedeni-prapetni-monoblok","22":"pa_topny-vykon-12449","23":"pa_typ-chladiva-r32","24":"pa_vyk-do-von-tepl-c-do-15-c","25":"pa_vykonovy-model-11472","26":"pa_znacka-airwell","28":"first","29":"instock","30":"taxable","31":"shipping-taxable","32":"purchasable","33":"product-type-simple"},"yoast_head":"<!-- This site is optimized with the Yoast SEO plugin v23.9 - https:\/\/yoast.com\/wordpress\/plugins\/seo\/ -->\n<title>Klimatizace Airwell monoblok parapetn\u00ed XDAW 023 R32 230V 2,3kW - KLIMAVEX GROUP - \u010cesko<\/title>\n<meta name=\"robots\" content=\"index, follow, max-snippet:-1, max-image-preview:large, max-video-preview:-1\" \/>\n<link rel=\"canonical\" href=\"https:\/\/klimavex.eu\/cz\/katalog\/airwell-monoblok-parapetni-klimatizace-xdaw-023\/\" \/>\n<meta property=\"og:locale\" content=\"cs_CZ\" \/>\n<meta property=\"og:type\" content=\"article\" \/>\n<meta property=\"og:title\" content=\"Klimatizace Airwell monoblok parapetn\u00ed XDAW 023 R32 230V 2,3kW - KLIMAVEX GROUP - \u010cesko\" \/>\n<meta property=\"og:description\" content=\"Airwell XDAW je parapetn&iacute; klimatizace s&nbsp;monoblokov&yacute;m \u0159e&scaron;en&iacute;m. Jednotka je instalov&aacute;na v&nbsp;interi&eacute;ru, nej\u010dast\u011bji pod okenn&iacute;m parapetem. S&nbsp;exteri&eacute;rem je propojena potrub&iacute;m ve zdi, ur\u010den&yacute;m pro p\u0159&iacute;choz&iacute; a odchoz&iacute; vzduch. Nen&iacute; vy\u017eadov&aacute;na pr&aacute;ce s&nbsp;chladivem. Jedn&aacute; se o ide&aacute;ln&iacute; \u0159e&scaron;en&iacute; pro prostory, kde nen&iacute; mo\u017en&eacute; namontovat venkovn&iacute; jednotku. P\u0159&iacute;kladem jsou historick&aacute; centra m\u011bst \u010di jin&aacute; m\u011bstsk&aacute; z&aacute;stavba. Vhodn&eacute; pro chlazen&iacute; i vyt&aacute;p\u011bn&iacute;.\" \/>\n<meta property=\"og:url\" content=\"https:\/\/klimavex.eu\/cz\/katalog\/airwell-monoblok-parapetni-klimatizace-xdaw-023\/\" \/>\n<meta property=\"og:site_name\" content=\"KLIMAVEX GROUP - \u010cesko\" \/>\n<meta property=\"article:publisher\" content=\"https:\/\/www.facebook.com\/klimavex.cz\" \/>\n<meta property=\"article:modified_time\" content=\"2026-03-31T16:33:48+00:00\" \/>\n<meta property=\"og:image\" content=\"https:\/\/klimavex.eu\/cz\/wp-content\/uploads\/2024\/02\/LOGO-KLIMAVEX-modra-kostka-1.png\" \/>\n\t<meta property=\"og:image:width\" content=\"9184\" \/>\n\t<meta property=\"og:image:height\" content=\"9184\" \/>\n\t<meta property=\"og:image:type\" content=\"image\/png\" \/>\n<meta name=\"twitter:card\" content=\"summary_large_image\" \/>\n<script type=\"application\/ld+json\" class=\"yoast-schema-graph\">{\"@context\":\"https:\/\/schema.org\",\"@graph\":[{\"@type\":\"WebPage\",\"@id\":\"https:\/\/klimavex.eu\/cz\/katalog\/airwell-monoblok-parapetni-klimatizace-xdaw-023\/\",\"url\":\"https:\/\/klimavex.eu\/cz\/katalog\/airwell-monoblok-parapetni-klimatizace-xdaw-023\/\",\"name\":\"Klimatizace Airwell monoblok parapetn\u00ed XDAW 023 R32 230V 2,3kW - KLIMAVEX GROUP - \u010cesko\",\"isPartOf\":{\"@id\":\"https:\/\/klimavex.eu\/cz\/#website\"},\"primaryImageOfPage\":{\"@id\":\"https:\/\/klimavex.eu\/cz\/katalog\/airwell-monoblok-parapetni-klimatizace-xdaw-023\/#primaryimage\"},\"image\":{\"@id\":\"https:\/\/klimavex.eu\/cz\/katalog\/airwell-monoblok-parapetni-klimatizace-xdaw-023\/#primaryimage\"},\"thumbnailUrl\":\"https:\/\/klimavex.eu\/cz\/wp-content\/uploads\/2025\/09\/E85lqq1n7V7koAvYeSjZiNn9aFYo6nItKWZPoQJwf9c.png\",\"datePublished\":\"2026-03-31T16:33:22+00:00\",\"dateModified\":\"2026-03-31T16:33:48+00:00\",\"breadcrumb\":{\"@id\":\"https:\/\/klimavex.eu\/cz\/katalog\/airwell-monoblok-parapetni-klimatizace-xdaw-023\/#breadcrumb\"},\"inLanguage\":\"cs\",\"potentialAction\":[{\"@type\":\"ReadAction\",\"target\":[\"https:\/\/klimavex.eu\/cz\/katalog\/airwell-monoblok-parapetni-klimatizace-xdaw-023\/\"]}]},{\"@type\":\"ImageObject\",\"inLanguage\":\"cs\",\"@id\":\"https:\/\/klimavex.eu\/cz\/katalog\/airwell-monoblok-parapetni-klimatizace-xdaw-023\/#primaryimage\",\"url\":\"https:\/\/klimavex.eu\/cz\/wp-content\/uploads\/2025\/09\/E85lqq1n7V7koAvYeSjZiNn9aFYo6nItKWZPoQJwf9c.png\",\"contentUrl\":\"https:\/\/klimavex.eu\/cz\/wp-content\/uploads\/2025\/09\/E85lqq1n7V7koAvYeSjZiNn9aFYo6nItKWZPoQJwf9c.png\",\"width\":512,\"height\":512},{\"@type\":\"BreadcrumbList\",\"@id\":\"https:\/\/klimavex.eu\/cz\/katalog\/airwell-monoblok-parapetni-klimatizace-xdaw-023\/#breadcrumb\",\"itemListElement\":[{\"@type\":\"ListItem\",\"position\":1,\"name\":\"Domovsk\u00e1 str\u00e1nka\",\"item\":\"https:\/\/klimavex.eu\/cz\/\"},{\"@type\":\"ListItem\",\"position\":2,\"name\":\"Eshop\",\"item\":\"https:\/\/klimavex.eu\/cz\/eshop\/\"},{\"@type\":\"ListItem\",\"position\":3,\"name\":\"Airwell monoblok parapetn\u00ed klimatizace XDAW 023\"}]},{\"@type\":\"WebSite\",\"@id\":\"https:\/\/klimavex.eu\/cz\/#website\",\"url\":\"https:\/\/klimavex.eu\/cz\/\",\"name\":\"KLIMAVEX GROUP - \u010cesko\",\"description\":\"\",\"publisher\":{\"@id\":\"https:\/\/klimavex.eu\/cz\/#organization\"},\"alternateName\":\"KLIMAVEX CZ a.s.\",\"potentialAction\":[{\"@type\":\"SearchAction\",\"target\":{\"@type\":\"EntryPoint\",\"urlTemplate\":\"https:\/\/klimavex.eu\/cz\/?s={search_term_string}\"},\"query-input\":{\"@type\":\"PropertyValueSpecification\",\"valueRequired\":true,\"valueName\":\"search_term_string\"}}],\"inLanguage\":\"cs\"},{\"@type\":\"Organization\",\"@id\":\"https:\/\/klimavex.eu\/cz\/#organization\",\"name\":\"KLIMAVEX GROUP\",\"alternateName\":\"KLIMAVEX\",\"url\":\"https:\/\/klimavex.eu\/cz\/\",\"logo\":{\"@type\":\"ImageObject\",\"inLanguage\":\"cs\",\"@id\":\"https:\/\/klimavex.eu\/cz\/#\/schema\/logo\/image\/\",\"url\":\"https:\/\/klimavex.eu\/cz\/wp-content\/uploads\/2024\/04\/Klimavex-Group-logo.png\",\"contentUrl\":\"https:\/\/klimavex.eu\/cz\/wp-content\/uploads\/2024\/04\/Klimavex-Group-logo.png\",\"width\":1681,\"height\":472,\"caption\":\"KLIMAVEX GROUP\"},\"image\":{\"@id\":\"https:\/\/klimavex.eu\/cz\/#\/schema\/logo\/image\/\"},\"sameAs\":[\"https:\/\/www.facebook.com\/klimavex.cz\",\"https:\/\/www.instagram.com\/klimavex_cz\/\"]}]}<\/script>\n<!-- \/ Yoast SEO plugin. -->","yoast_head_json":{"title":"Klimatizace Airwell monoblok parapetn\u00ed XDAW 023 R32 230V 2,3kW - KLIMAVEX GROUP - \u010cesko","robots":{"index":"index","follow":"follow","max-snippet":"max-snippet:-1","max-image-preview":"max-image-preview:large","max-video-preview":"max-video-preview:-1"},"canonical":"https:\/\/klimavex.eu\/cz\/katalog\/airwell-monoblok-parapetni-klimatizace-xdaw-023\/","og_locale":"cs_CZ","og_type":"article","og_title":"Klimatizace Airwell monoblok parapetn\u00ed XDAW 023 R32 230V 2,3kW - KLIMAVEX GROUP - \u010cesko","og_description":"Airwell XDAW je parapetn&iacute; klimatizace s&nbsp;monoblokov&yacute;m \u0159e&scaron;en&iacute;m. Jednotka je instalov&aacute;na v&nbsp;interi&eacute;ru, nej\u010dast\u011bji pod okenn&iacute;m parapetem. S&nbsp;exteri&eacute;rem je propojena potrub&iacute;m ve zdi, ur\u010den&yacute;m pro p\u0159&iacute;choz&iacute; a odchoz&iacute; vzduch. Nen&iacute; vy\u017eadov&aacute;na pr&aacute;ce s&nbsp;chladivem. Jedn&aacute; se o ide&aacute;ln&iacute; \u0159e&scaron;en&iacute; pro prostory, kde nen&iacute; mo\u017en&eacute; namontovat venkovn&iacute; jednotku. P\u0159&iacute;kladem jsou historick&aacute; centra m\u011bst \u010di jin&aacute; m\u011bstsk&aacute; z&aacute;stavba. Vhodn&eacute; pro chlazen&iacute; i vyt&aacute;p\u011bn&iacute;.","og_url":"https:\/\/klimavex.eu\/cz\/katalog\/airwell-monoblok-parapetni-klimatizace-xdaw-023\/","og_site_name":"KLIMAVEX GROUP - \u010cesko","article_publisher":"https:\/\/www.facebook.com\/klimavex.cz","article_modified_time":"2026-03-31T16:33:48+00:00","og_image":[{"width":9184,"height":9184,"url":"https:\/\/klimavex.eu\/cz\/wp-content\/uploads\/2024\/02\/LOGO-KLIMAVEX-modra-kostka-1.png","type":"image\/png"}],"twitter_card":"summary_large_image","schema":{"@context":"https:\/\/schema.org","@graph":[{"@type":"WebPage","@id":"https:\/\/klimavex.eu\/cz\/katalog\/airwell-monoblok-parapetni-klimatizace-xdaw-023\/","url":"https:\/\/klimavex.eu\/cz\/katalog\/airwell-monoblok-parapetni-klimatizace-xdaw-023\/","name":"Klimatizace Airwell monoblok parapetn\u00ed XDAW 023 R32 230V 2,3kW - KLIMAVEX GROUP - \u010cesko","isPartOf":{"@id":"https:\/\/klimavex.eu\/cz\/#website"},"primaryImageOfPage":{"@id":"https:\/\/klimavex.eu\/cz\/katalog\/airwell-monoblok-parapetni-klimatizace-xdaw-023\/#primaryimage"},"image":{"@id":"https:\/\/klimavex.eu\/cz\/katalog\/airwell-monoblok-parapetni-klimatizace-xdaw-023\/#primaryimage"},"thumbnailUrl":"https:\/\/klimavex.eu\/cz\/wp-content\/uploads\/2025\/09\/E85lqq1n7V7koAvYeSjZiNn9aFYo6nItKWZPoQJwf9c.png","datePublished":"2026-03-31T16:33:22+00:00","dateModified":"2026-03-31T16:33:48+00:00","breadcrumb":{"@id":"https:\/\/klimavex.eu\/cz\/katalog\/airwell-monoblok-parapetni-klimatizace-xdaw-023\/#breadcrumb"},"inLanguage":"cs","potentialAction":[{"@type":"ReadAction","target":["https:\/\/klimavex.eu\/cz\/katalog\/airwell-monoblok-parapetni-klimatizace-xdaw-023\/"]}]},{"@type":"ImageObject","inLanguage":"cs","@id":"https:\/\/klimavex.eu\/cz\/katalog\/airwell-monoblok-parapetni-klimatizace-xdaw-023\/#primaryimage","url":"https:\/\/klimavex.eu\/cz\/wp-content\/uploads\/2025\/09\/E85lqq1n7V7koAvYeSjZiNn9aFYo6nItKWZPoQJwf9c.png","contentUrl":"https:\/\/klimavex.eu\/cz\/wp-content\/uploads\/2025\/09\/E85lqq1n7V7koAvYeSjZiNn9aFYo6nItKWZPoQJwf9c.png","width":512,"height":512},{"@type":"BreadcrumbList","@id":"https:\/\/klimavex.eu\/cz\/katalog\/airwell-monoblok-parapetni-klimatizace-xdaw-023\/#breadcrumb","itemListElement":[{"@type":"ListItem","position":1,"name":"Domovsk\u00e1 str\u00e1nka","item":"https:\/\/klimavex.eu\/cz\/"},{"@type":"ListItem","position":2,"name":"Eshop","item":"https:\/\/klimavex.eu\/cz\/eshop\/"},{"@type":"ListItem","position":3,"name":"Airwell monoblok parapetn\u00ed klimatizace XDAW 023"}]},{"@type":"WebSite","@id":"https:\/\/klimavex.eu\/cz\/#website","url":"https:\/\/klimavex.eu\/cz\/","name":"KLIMAVEX GROUP - \u010cesko","description":"","publisher":{"@id":"https:\/\/klimavex.eu\/cz\/#organization"},"alternateName":"KLIMAVEX CZ a.s.","potentialAction":[{"@type":"SearchAction","target":{"@type":"EntryPoint","urlTemplate":"https:\/\/klimavex.eu\/cz\/?s={search_term_string}"},"query-input":{"@type":"PropertyValueSpecification","valueRequired":true,"valueName":"search_term_string"}}],"inLanguage":"cs"},{"@type":"Organization","@id":"https:\/\/klimavex.eu\/cz\/#organization","name":"KLIMAVEX GROUP","alternateName":"KLIMAVEX","url":"https:\/\/klimavex.eu\/cz\/","logo":{"@type":"ImageObject","inLanguage":"cs","@id":"https:\/\/klimavex.eu\/cz\/#\/schema\/logo\/image\/","url":"https:\/\/klimavex.eu\/cz\/wp-content\/uploads\/2024\/04\/Klimavex-Group-logo.png","contentUrl":"https:\/\/klimavex.eu\/cz\/wp-content\/uploads\/2024\/04\/Klimavex-Group-logo.png","width":1681,"height":472,"caption":"KLIMAVEX GROUP"},"image":{"@id":"https:\/\/klimavex.eu\/cz\/#\/schema\/logo\/image\/"},"sameAs":["https:\/\/www.facebook.com\/klimavex.cz","https:\/\/www.instagram.com\/klimavex_cz\/"]}]}},"_links":{"self":[{"href":"https:\/\/klimavex.eu\/cz\/wp-json\/wp\/v2\/product\/543442","targetHints":{"allow":["GET"]}}],"collection":[{"href":"https:\/\/klimavex.eu\/cz\/wp-json\/wp\/v2\/product"}],"about":[{"href":"https:\/\/klimavex.eu\/cz\/wp-json\/wp\/v2\/types\/product"}],"version-history":[{"count":0,"href":"https:\/\/klimavex.eu\/cz\/wp-json\/wp\/v2\/product\/543442\/revisions"}],"wp:featuredmedia":[{"embeddable":true,"href":"https:\/\/klimavex.eu\/cz\/wp-json\/wp\/v2\/media\/548568"}],"wp:attachment":[{"href":"https:\/\/klimavex.eu\/cz\/wp-json\/wp\/v2\/media?parent=543442"}],"wp:term":[{"taxonomy":"product_cat","embeddable":true,"href":"https:\/\/klimavex.eu\/cz\/wp-json\/wp\/v2\/product_cat?post=543442"},{"taxonomy":"product_tag","embeddable":true,"href":"https:\/\/klimavex.eu\/cz\/wp-json\/wp\/v2\/product_tag?post=543442"}],"curies":[{"name":"wp","href":"https:\/\/api.w.org\/{rel}","templated":true}]}}