{"id":543456,"date":"2026-03-31T18:33:22","date_gmt":"2026-03-31T16:33:22","guid":{"rendered":"https:\/\/klimavex.eu\/cz\/katalog\/airwell-vnitrni-jednotka-ddmx-050\/"},"modified":"2026-03-31T18:34:08","modified_gmt":"2026-03-31T16:34:08","slug":"klimatizace-airwell-vnitrni-potrubni-ddmx-050-5kw","status":"publish","type":"product","link":"https:\/\/klimavex.eu\/cz\/katalog\/klimatizace-airwell-vnitrni-potrubni-ddmx-050-5kw\/","title":{"rendered":"Klimatizace Airwell vnit\u0159n\u00ed potrubn\u00ed DDMX 050 5kW"},"content":{"rendered":"<p style=\"text-align:justify\"><span style=\"font-size:11pt\"><span style=\"font-family:Calibri,sans-serif\"><strong>Kl&iacute;\u010dov&eacute; vlastnosti<\/strong><\/span><\/span><\/p>\n<ul>\n<li style=\"text-align:justify\"><span style=\"font-size:11pt\"><span style=\"font-family:Calibri,sans-serif\">Kabelov&eacute; ovl&aacute;d&aacute;n&iacute; RCW11<\/span><\/span><\/li>\n<li style=\"text-align:justify\"><span style=\"font-size:11pt\"><span style=\"font-family:Calibri,sans-serif\">Kompaktn&iacute; rozm\u011bry<\/span><\/span><\/li>\n<li style=\"text-align:justify\"><span style=\"font-size:11pt\"><span style=\"font-family:Calibri,sans-serif\">Mo\u017enost TWIN aplikace<\/span><\/span><\/li>\n<li style=\"text-align:justify\"><span style=\"font-size:11pt\"><span style=\"font-family:Calibri,sans-serif\">Kompatibiln&iacute; pro split i multisplit aplikace<\/span><\/span><\/li>\n<li style=\"text-align:justify\"><span style=\"font-size:11pt\"><span style=\"font-family:Calibri,sans-serif\">Golden Fin &ndash; pozlacen&eacute; lamely v&yacute;m\u011bn&iacute;k\u016f vnit\u0159n&iacute; i venkovn&iacute; jednotky pro zv&yacute;&scaron;enou odolnost v\u016f\u010di korozi a del&scaron;&iacute; \u017eivotnost<\/span><\/span><\/li>\n<li style=\"text-align:justify\"><span style=\"font-size:11pt\"><span style=\"font-family:Calibri,sans-serif\">I FEEL &ndash; precizn&iacute; regulace teploty dle \u010didla um&iacute;st\u011bn&eacute;ho v&nbsp;d&aacute;lkov&eacute;m ovlada\u010di<\/span><\/span><\/li>\n<li style=\"text-align:justify\"><span style=\"font-size:11pt\"><span style=\"font-family:Calibri,sans-serif\">Zabudovan&eacute; \u010derpadlo kondenz&aacute;tu<\/span><\/span><\/li>\n<li style=\"text-align:justify\"><span style=\"font-size:11pt\"><span style=\"font-family:Calibri,sans-serif\">Vzduchov&yacute; filtr<\/span><\/span><\/li>\n<li style=\"text-align:justify\"><span style=\"font-size:11pt\"><span style=\"font-family:Calibri,sans-serif\">Funkce \u010dasova\u010d, no\u010dn&iacute; re\u017eim, autorestart<\/span><\/span><\/li>\n<li style=\"text-align:justify\"><span style=\"font-size:11pt\"><span style=\"font-family:Calibri,sans-serif\">Voliteln&yacute; Wi-Fi modul<\/span><\/span><\/li>\n<li style=\"text-align:justify\"><span style=\"font-size:11pt\"><span style=\"font-family:Calibri,sans-serif\">Servisn&iacute; re\u017eim pro zobrazen&iacute; parametr\u016f<\/span><\/span><\/li>\n<li style=\"text-align:justify\"><span style=\"font-size:11pt\"><span style=\"font-family:Calibri,sans-serif\">Nastaviteln&yacute; dostupn&yacute; statick&yacute; tlak<\/span><\/span><\/li>\n<li style=\"text-align:justify\"><span style=\"font-size:11pt\"><span style=\"font-family:Calibri,sans-serif\">Nas&aacute;v&aacute;n&iacute; vzduchu zezadu nebo zespodu<\/span><\/span><\/li>\n<li style=\"text-align:justify\"><span style=\"font-size:11pt\"><span style=\"font-family:Calibri,sans-serif\">Neviditeln&aacute; instalace<\/span><\/span><\/li>\n<\/ul>\n","protected":false},"excerpt":{"rendered":"<p style=\"text-align:justify\"><span style=\"font-size:11pt\"><span style=\"font-family:Calibri,sans-serif\">Vnit\u0159n&iacute; jednotka potrubn&iacute; klimatizace <strong>Airwell DDMX pro multisplit<\/strong> aplikace je ur\u010dena do prostor\u016f s&nbsp;vysok&yacute;mi n&aacute;roky na design. Montuje se <strong>do mezistrop\u016f<\/strong>, tak\u017ee v&nbsp;samotn&eacute; m&iacute;stnosti je vid\u011bt pouze m\u0159&iacute;\u017eka. Jednotka disponuje <strong>zabudovan&yacute;m \u010derpadlem kondenz&aacute;tu<\/strong>, co\u017e usnad\u0148uje instalaci.<\/span><\/span><\/p>\n","protected":false},"featured_media":548605,"template":"","meta":[],"product_cat":[7657,7659,7547,7670,7671],"product_tag":[],"class_list":{"0":"post-543456","1":"product","2":"type-product","3":"status-publish","4":"has-post-thumbnail","6":"product_cat-podle-znacky","7":"product_cat-podle-typu","8":"product_cat-klimatizace","9":"product_cat-multisplity","10":"product_cat-multisplit-zdaa","11":"pa_chladici-vykon-11522","12":"pa_multisplit-vnitrni-potrubni-50","13":"pa_napajeni-1f-230v","14":"pa_provedeni-multisplit-vnitrni","15":"pa_topny-vykon-11523","16":"pa_vykonovy-model-11462","17":"pa_znacka-airwell","19":"first","20":"instock","21":"taxable","22":"shipping-taxable","23":"purchasable","24":"product-type-simple"},"yoast_head":"<!-- This site is optimized with the Yoast SEO plugin v23.9 - https:\/\/yoast.com\/wordpress\/plugins\/seo\/ -->\n<title>Klimatizace Airwell vnit\u0159n\u00ed potrubn\u00ed DDMX 050 5kW - KLIMAVEX GROUP - \u010cesko<\/title>\n<meta name=\"robots\" content=\"index, follow, max-snippet:-1, max-image-preview:large, max-video-preview:-1\" \/>\n<link rel=\"canonical\" href=\"https:\/\/klimavex.eu\/cz\/katalog\/airwell-vnitrni-jednotka-ddmx-050\/\" \/>\n<meta property=\"og:locale\" content=\"cs_CZ\" \/>\n<meta property=\"og:type\" content=\"article\" \/>\n<meta property=\"og:title\" content=\"Klimatizace Airwell vnit\u0159n\u00ed potrubn\u00ed DDMX 050 5kW - KLIMAVEX GROUP - \u010cesko\" \/>\n<meta property=\"og:description\" content=\"Vnit\u0159n&iacute; jednotka potrubn&iacute; klimatizace Airwell DDMX pro multisplit aplikace je ur\u010dena do prostor\u016f s&nbsp;vysok&yacute;mi n&aacute;roky na design. Montuje se do mezistrop\u016f, tak\u017ee v&nbsp;samotn&eacute; m&iacute;stnosti je vid\u011bt pouze m\u0159&iacute;\u017eka. Jednotka disponuje zabudovan&yacute;m \u010derpadlem kondenz&aacute;tu, co\u017e usnad\u0148uje instalaci.\" \/>\n<meta property=\"og:url\" content=\"https:\/\/klimavex.eu\/cz\/katalog\/airwell-vnitrni-jednotka-ddmx-050\/\" \/>\n<meta property=\"og:site_name\" content=\"KLIMAVEX GROUP - \u010cesko\" \/>\n<meta property=\"article:publisher\" content=\"https:\/\/www.facebook.com\/klimavex.cz\" \/>\n<meta property=\"article:modified_time\" content=\"2026-03-31T16:34:08+00:00\" \/>\n<meta property=\"og:image\" content=\"https:\/\/klimavex.eu\/cz\/wp-content\/uploads\/2025\/09\/fElWqyJ7Kdn9XNjCOcQdUHEtI1MGVKJT39qBFTfNXWA-4.jpeg\" \/>\n\t<meta property=\"og:image:width\" content=\"1086\" \/>\n\t<meta property=\"og:image:height\" content=\"412\" \/>\n\t<meta property=\"og:image:type\" content=\"image\/jpeg\" \/>\n<meta name=\"twitter:card\" content=\"summary_large_image\" \/>\n<meta name=\"twitter:label1\" content=\"Odhadovan\u00e1 doba \u010dten\u00ed\" \/>\n\t<meta name=\"twitter:data1\" content=\"1 minuta\" \/>\n<script type=\"application\/ld+json\" class=\"yoast-schema-graph\">{\"@context\":\"https:\/\/schema.org\",\"@graph\":[{\"@type\":\"WebPage\",\"@id\":\"https:\/\/klimavex.eu\/cz\/katalog\/airwell-vnitrni-jednotka-ddmx-050\/\",\"url\":\"https:\/\/klimavex.eu\/cz\/katalog\/airwell-vnitrni-jednotka-ddmx-050\/\",\"name\":\"Klimatizace Airwell vnit\u0159n\u00ed potrubn\u00ed DDMX 050 5kW - KLIMAVEX GROUP - \u010cesko\",\"isPartOf\":{\"@id\":\"https:\/\/klimavex.eu\/cz\/#website\"},\"primaryImageOfPage\":{\"@id\":\"https:\/\/klimavex.eu\/cz\/katalog\/airwell-vnitrni-jednotka-ddmx-050\/#primaryimage\"},\"image\":{\"@id\":\"https:\/\/klimavex.eu\/cz\/katalog\/airwell-vnitrni-jednotka-ddmx-050\/#primaryimage\"},\"thumbnailUrl\":\"https:\/\/klimavex.eu\/cz\/wp-content\/uploads\/2025\/09\/fElWqyJ7Kdn9XNjCOcQdUHEtI1MGVKJT39qBFTfNXWA-4.jpeg\",\"datePublished\":\"2026-03-31T16:33:22+00:00\",\"dateModified\":\"2026-03-31T16:34:08+00:00\",\"breadcrumb\":{\"@id\":\"https:\/\/klimavex.eu\/cz\/katalog\/airwell-vnitrni-jednotka-ddmx-050\/#breadcrumb\"},\"inLanguage\":\"cs\",\"potentialAction\":[{\"@type\":\"ReadAction\",\"target\":[\"https:\/\/klimavex.eu\/cz\/katalog\/airwell-vnitrni-jednotka-ddmx-050\/\"]}]},{\"@type\":\"ImageObject\",\"inLanguage\":\"cs\",\"@id\":\"https:\/\/klimavex.eu\/cz\/katalog\/airwell-vnitrni-jednotka-ddmx-050\/#primaryimage\",\"url\":\"https:\/\/klimavex.eu\/cz\/wp-content\/uploads\/2025\/09\/fElWqyJ7Kdn9XNjCOcQdUHEtI1MGVKJT39qBFTfNXWA-4.jpeg\",\"contentUrl\":\"https:\/\/klimavex.eu\/cz\/wp-content\/uploads\/2025\/09\/fElWqyJ7Kdn9XNjCOcQdUHEtI1MGVKJT39qBFTfNXWA-4.jpeg\",\"width\":1086,\"height\":412},{\"@type\":\"BreadcrumbList\",\"@id\":\"https:\/\/klimavex.eu\/cz\/katalog\/airwell-vnitrni-jednotka-ddmx-050\/#breadcrumb\",\"itemListElement\":[{\"@type\":\"ListItem\",\"position\":1,\"name\":\"Domovsk\u00e1 str\u00e1nka\",\"item\":\"https:\/\/klimavex.eu\/cz\/\"},{\"@type\":\"ListItem\",\"position\":2,\"name\":\"Eshop\",\"item\":\"https:\/\/klimavex.eu\/cz\/eshop\/\"},{\"@type\":\"ListItem\",\"position\":3,\"name\":\"Airwell vnit\u0159n\u00ed jednotka DDMX 050\"}]},{\"@type\":\"WebSite\",\"@id\":\"https:\/\/klimavex.eu\/cz\/#website\",\"url\":\"https:\/\/klimavex.eu\/cz\/\",\"name\":\"KLIMAVEX GROUP - \u010cesko\",\"description\":\"\",\"publisher\":{\"@id\":\"https:\/\/klimavex.eu\/cz\/#organization\"},\"alternateName\":\"KLIMAVEX CZ a.s.\",\"potentialAction\":[{\"@type\":\"SearchAction\",\"target\":{\"@type\":\"EntryPoint\",\"urlTemplate\":\"https:\/\/klimavex.eu\/cz\/?s={search_term_string}\"},\"query-input\":{\"@type\":\"PropertyValueSpecification\",\"valueRequired\":true,\"valueName\":\"search_term_string\"}}],\"inLanguage\":\"cs\"},{\"@type\":\"Organization\",\"@id\":\"https:\/\/klimavex.eu\/cz\/#organization\",\"name\":\"KLIMAVEX GROUP\",\"alternateName\":\"KLIMAVEX\",\"url\":\"https:\/\/klimavex.eu\/cz\/\",\"logo\":{\"@type\":\"ImageObject\",\"inLanguage\":\"cs\",\"@id\":\"https:\/\/klimavex.eu\/cz\/#\/schema\/logo\/image\/\",\"url\":\"https:\/\/klimavex.eu\/cz\/wp-content\/uploads\/2024\/04\/Klimavex-Group-logo.png\",\"contentUrl\":\"https:\/\/klimavex.eu\/cz\/wp-content\/uploads\/2024\/04\/Klimavex-Group-logo.png\",\"width\":1681,\"height\":472,\"caption\":\"KLIMAVEX GROUP\"},\"image\":{\"@id\":\"https:\/\/klimavex.eu\/cz\/#\/schema\/logo\/image\/\"},\"sameAs\":[\"https:\/\/www.facebook.com\/klimavex.cz\",\"https:\/\/www.instagram.com\/klimavex_cz\/\"]}]}<\/script>\n<!-- \/ Yoast SEO plugin. -->","yoast_head_json":{"title":"Klimatizace Airwell vnit\u0159n\u00ed potrubn\u00ed DDMX 050 5kW - KLIMAVEX GROUP - \u010cesko","robots":{"index":"index","follow":"follow","max-snippet":"max-snippet:-1","max-image-preview":"max-image-preview:large","max-video-preview":"max-video-preview:-1"},"canonical":"https:\/\/klimavex.eu\/cz\/katalog\/airwell-vnitrni-jednotka-ddmx-050\/","og_locale":"cs_CZ","og_type":"article","og_title":"Klimatizace Airwell vnit\u0159n\u00ed potrubn\u00ed DDMX 050 5kW - KLIMAVEX GROUP - \u010cesko","og_description":"Vnit\u0159n&iacute; jednotka potrubn&iacute; klimatizace Airwell DDMX pro multisplit aplikace je ur\u010dena do prostor\u016f s&nbsp;vysok&yacute;mi n&aacute;roky na design. Montuje se do mezistrop\u016f, tak\u017ee v&nbsp;samotn&eacute; m&iacute;stnosti je vid\u011bt pouze m\u0159&iacute;\u017eka. Jednotka disponuje zabudovan&yacute;m \u010derpadlem kondenz&aacute;tu, co\u017e usnad\u0148uje instalaci.","og_url":"https:\/\/klimavex.eu\/cz\/katalog\/airwell-vnitrni-jednotka-ddmx-050\/","og_site_name":"KLIMAVEX GROUP - \u010cesko","article_publisher":"https:\/\/www.facebook.com\/klimavex.cz","article_modified_time":"2026-03-31T16:34:08+00:00","og_image":[{"width":1086,"height":412,"url":"https:\/\/klimavex.eu\/cz\/wp-content\/uploads\/2025\/09\/fElWqyJ7Kdn9XNjCOcQdUHEtI1MGVKJT39qBFTfNXWA-4.jpeg","type":"image\/jpeg"}],"twitter_card":"summary_large_image","twitter_misc":{"Odhadovan\u00e1 doba \u010dten\u00ed":"1 minuta"},"schema":{"@context":"https:\/\/schema.org","@graph":[{"@type":"WebPage","@id":"https:\/\/klimavex.eu\/cz\/katalog\/airwell-vnitrni-jednotka-ddmx-050\/","url":"https:\/\/klimavex.eu\/cz\/katalog\/airwell-vnitrni-jednotka-ddmx-050\/","name":"Klimatizace Airwell vnit\u0159n\u00ed potrubn\u00ed DDMX 050 5kW - KLIMAVEX GROUP - \u010cesko","isPartOf":{"@id":"https:\/\/klimavex.eu\/cz\/#website"},"primaryImageOfPage":{"@id":"https:\/\/klimavex.eu\/cz\/katalog\/airwell-vnitrni-jednotka-ddmx-050\/#primaryimage"},"image":{"@id":"https:\/\/klimavex.eu\/cz\/katalog\/airwell-vnitrni-jednotka-ddmx-050\/#primaryimage"},"thumbnailUrl":"https:\/\/klimavex.eu\/cz\/wp-content\/uploads\/2025\/09\/fElWqyJ7Kdn9XNjCOcQdUHEtI1MGVKJT39qBFTfNXWA-4.jpeg","datePublished":"2026-03-31T16:33:22+00:00","dateModified":"2026-03-31T16:34:08+00:00","breadcrumb":{"@id":"https:\/\/klimavex.eu\/cz\/katalog\/airwell-vnitrni-jednotka-ddmx-050\/#breadcrumb"},"inLanguage":"cs","potentialAction":[{"@type":"ReadAction","target":["https:\/\/klimavex.eu\/cz\/katalog\/airwell-vnitrni-jednotka-ddmx-050\/"]}]},{"@type":"ImageObject","inLanguage":"cs","@id":"https:\/\/klimavex.eu\/cz\/katalog\/airwell-vnitrni-jednotka-ddmx-050\/#primaryimage","url":"https:\/\/klimavex.eu\/cz\/wp-content\/uploads\/2025\/09\/fElWqyJ7Kdn9XNjCOcQdUHEtI1MGVKJT39qBFTfNXWA-4.jpeg","contentUrl":"https:\/\/klimavex.eu\/cz\/wp-content\/uploads\/2025\/09\/fElWqyJ7Kdn9XNjCOcQdUHEtI1MGVKJT39qBFTfNXWA-4.jpeg","width":1086,"height":412},{"@type":"BreadcrumbList","@id":"https:\/\/klimavex.eu\/cz\/katalog\/airwell-vnitrni-jednotka-ddmx-050\/#breadcrumb","itemListElement":[{"@type":"ListItem","position":1,"name":"Domovsk\u00e1 str\u00e1nka","item":"https:\/\/klimavex.eu\/cz\/"},{"@type":"ListItem","position":2,"name":"Eshop","item":"https:\/\/klimavex.eu\/cz\/eshop\/"},{"@type":"ListItem","position":3,"name":"Airwell vnit\u0159n\u00ed jednotka DDMX 050"}]},{"@type":"WebSite","@id":"https:\/\/klimavex.eu\/cz\/#website","url":"https:\/\/klimavex.eu\/cz\/","name":"KLIMAVEX GROUP - \u010cesko","description":"","publisher":{"@id":"https:\/\/klimavex.eu\/cz\/#organization"},"alternateName":"KLIMAVEX CZ a.s.","potentialAction":[{"@type":"SearchAction","target":{"@type":"EntryPoint","urlTemplate":"https:\/\/klimavex.eu\/cz\/?s={search_term_string}"},"query-input":{"@type":"PropertyValueSpecification","valueRequired":true,"valueName":"search_term_string"}}],"inLanguage":"cs"},{"@type":"Organization","@id":"https:\/\/klimavex.eu\/cz\/#organization","name":"KLIMAVEX GROUP","alternateName":"KLIMAVEX","url":"https:\/\/klimavex.eu\/cz\/","logo":{"@type":"ImageObject","inLanguage":"cs","@id":"https:\/\/klimavex.eu\/cz\/#\/schema\/logo\/image\/","url":"https:\/\/klimavex.eu\/cz\/wp-content\/uploads\/2024\/04\/Klimavex-Group-logo.png","contentUrl":"https:\/\/klimavex.eu\/cz\/wp-content\/uploads\/2024\/04\/Klimavex-Group-logo.png","width":1681,"height":472,"caption":"KLIMAVEX GROUP"},"image":{"@id":"https:\/\/klimavex.eu\/cz\/#\/schema\/logo\/image\/"},"sameAs":["https:\/\/www.facebook.com\/klimavex.cz","https:\/\/www.instagram.com\/klimavex_cz\/"]}]}},"_links":{"self":[{"href":"https:\/\/klimavex.eu\/cz\/wp-json\/wp\/v2\/product\/543456","targetHints":{"allow":["GET"]}}],"collection":[{"href":"https:\/\/klimavex.eu\/cz\/wp-json\/wp\/v2\/product"}],"about":[{"href":"https:\/\/klimavex.eu\/cz\/wp-json\/wp\/v2\/types\/product"}],"version-history":[{"count":0,"href":"https:\/\/klimavex.eu\/cz\/wp-json\/wp\/v2\/product\/543456\/revisions"}],"wp:featuredmedia":[{"embeddable":true,"href":"https:\/\/klimavex.eu\/cz\/wp-json\/wp\/v2\/media\/548605"}],"wp:attachment":[{"href":"https:\/\/klimavex.eu\/cz\/wp-json\/wp\/v2\/media?parent=543456"}],"wp:term":[{"taxonomy":"product_cat","embeddable":true,"href":"https:\/\/klimavex.eu\/cz\/wp-json\/wp\/v2\/product_cat?post=543456"},{"taxonomy":"product_tag","embeddable":true,"href":"https:\/\/klimavex.eu\/cz\/wp-json\/wp\/v2\/product_tag?post=543456"}],"curies":[{"name":"wp","href":"https:\/\/api.w.org\/{rel}","templated":true}]}}