{"id":543471,"date":"2026-04-07T07:03:24","date_gmt":"2026-04-07T05:03:24","guid":{"rendered":"https:\/\/klimavex.eu\/cz\/katalog\/panasonic-parapetni-klimatizace-cs-mz20ufea\/"},"modified":"2026-04-07T07:03:30","modified_gmt":"2026-04-07T05:03:30","slug":"klimatizace-panasonic-multisplit-vnitrni-parapetni-mz20ufea-2kw","status":"publish","type":"product","link":"https:\/\/klimavex.eu\/cz\/katalog\/klimatizace-panasonic-multisplit-vnitrni-parapetni-mz20ufea-2kw\/","title":{"rendered":"Klimatizace Panasonic multisplit vnit\u0159n\u00ed parapetn\u00ed MZ20UFEA 2kW"},"content":{"rendered":"<p><span style=\"font-size:11pt\"><span style=\"font-family:Calibri,sans-serif\"><strong>Kl&iacute;\u010dov&eacute; vlastnosti<\/strong><\/span><\/span><\/p>\n<ul>\n<li><span style=\"font-size:11pt\"><span style=\"font-family:Calibri,sans-serif\">Modern&iacute; b&iacute;l&yacute; design<\/span><\/span><\/li>\n<li><span style=\"font-size:11pt\"><span style=\"font-family:Calibri,sans-serif\">Technologie nanoe&trade;&nbsp;X pro neust&aacute;l&eacute; zlep&scaron;ov&aacute;n&iacute; ochrany zdrav&iacute; v&nbsp;interi&eacute;ru<\/span><\/span><\/li>\n<li><span style=\"font-size:11pt\"><span style=\"font-family:Calibri,sans-serif\">Dvojit&yacute; proud vzduchu pro v\u011bt&scaron;&iacute; pohodl&iacute;<\/span><\/span><\/li>\n<li><span style=\"font-size:11pt\"><span style=\"font-family:Calibri,sans-serif\">Energetick&aacute; &uacute;\u010dinnost a\u017e A++ p\u0159i vyt&aacute;p\u011bn&iacute; i chlazen&iacute;<\/span><\/span><\/li>\n<li><span style=\"font-size:11pt\"><span style=\"font-family:Calibri,sans-serif\">Voliteln&eacute; ovl&aacute;d&aacute;n&iacute; p\u0159es Wi-Fi prost\u0159ednictv&iacute;m aplikace Panasonic Comfort Cloud (vy\u017eaduje CZ-TACG1) a&nbsp;hlasov&eacute; ovl&aacute;d&aacute;n&iacute; <\/span><\/span><\/li>\n<li><span style=\"font-size:11pt\"><span style=\"font-family:Calibri,sans-serif\">Provozn&iacute; rozsah a\u017e do 43&deg;C p\u0159i chlazen&iacute; a do -15&deg;C p\u0159i vyt&aacute;p\u011bn&iacute;<\/span><\/span><\/li>\n<li><span style=\"font-size:11pt\"><span style=\"font-family:Calibri,sans-serif\">Ekologick&eacute; chladivo R32<\/span><\/span><\/li>\n<li><span style=\"font-size:11pt\"><span style=\"font-family:Calibri,sans-serif\">Kompatibiln&iacute; s&nbsp;multisplit<\/span><\/span><\/li>\n<\/ul>\n","protected":false},"excerpt":{"rendered":"<p style=\"text-align:justify\"><span style=\"font-size:11pt\"><span style=\"font-family:Calibri,sans-serif\"><span style=\"color:black\">Vnit\u0159n&iacute; jednotka <strong>Panasonic parapetn&iacute; klimatizace pro multisplit<\/strong> aplikace je vhodn&aacute; pro <strong>instalaci do bytu nebo domu<\/strong>. Jedn&aacute; se o dokonalou klimatizaci pro aplikaci do prostor <strong>t\u011bsn\u011b nad podlahou<\/strong> nebo <strong>pod stropem<\/strong>. Jednotka s&nbsp;b&iacute;l&yacute;m designem, kter&yacute; zapad&aacute; do v\u011bt&scaron;iny modern&iacute;ch prost\u0159ed&iacute;, nab&iacute;z&iacute; <strong>technologii nanoe&trade;&nbsp;X<\/strong> pro boj proti &scaron;kodliv&yacute;m l&aacute;tk&aacute;m v&nbsp;interi&eacute;ru.<\/span><\/span><\/span><\/p>\n","protected":false},"featured_media":548636,"template":"","meta":[],"product_cat":[7657,7659,7547,7674,7670,7692],"product_tag":[],"class_list":{"0":"post-543471","1":"product","2":"type-product","3":"status-publish","4":"has-post-thumbnail","6":"product_cat-podle-znacky","7":"product_cat-podle-typu","8":"product_cat-klimatizace","9":"product_cat-panasonic","10":"product_cat-multisplity","11":"product_cat-multisplit-panasonic","12":"pa_barva-vnitrni-jednotky-bila","13":"pa_chladici-vykon-11516","14":"pa_filtrace-vzduchu-nanoex","15":"pa_hlucnost-vnitrni-jednotky-11570","16":"pa_multisplit-vnitrni-parapetni-20","17":"pa_provedeni-multisplit-vnitrni","18":"pa_topny-vykon-11494","19":"pa_typ-chladiva-r32","20":"pa_vykonovy-model-11519","21":"pa_znacka-panasonic","23":"first","24":"instock","25":"taxable","26":"shipping-taxable","27":"purchasable","28":"product-type-simple"},"yoast_head":"<!-- This site is optimized with the Yoast SEO plugin v23.9 - https:\/\/yoast.com\/wordpress\/plugins\/seo\/ -->\n<title>Klimatizace Panasonic multisplit vnit\u0159n\u00ed parapetn\u00ed MZ20UFEA 2kW - KLIMAVEX GROUP - \u010cesko<\/title>\n<meta name=\"robots\" content=\"index, follow, max-snippet:-1, max-image-preview:large, max-video-preview:-1\" \/>\n<link rel=\"canonical\" href=\"https:\/\/klimavex.eu\/cz\/katalog\/panasonic-parapetni-klimatizace-cs-mz20ufea\/\" \/>\n<meta property=\"og:locale\" content=\"cs_CZ\" \/>\n<meta property=\"og:type\" content=\"article\" \/>\n<meta property=\"og:title\" content=\"Klimatizace Panasonic multisplit vnit\u0159n\u00ed parapetn\u00ed MZ20UFEA 2kW - KLIMAVEX GROUP - \u010cesko\" \/>\n<meta property=\"og:description\" content=\"Vnit\u0159n&iacute; jednotka Panasonic parapetn&iacute; klimatizace pro multisplit aplikace je vhodn&aacute; pro instalaci do bytu nebo domu. Jedn&aacute; se o dokonalou klimatizaci pro aplikaci do prostor t\u011bsn\u011b nad podlahou nebo pod stropem. Jednotka s&nbsp;b&iacute;l&yacute;m designem, kter&yacute; zapad&aacute; do v\u011bt&scaron;iny modern&iacute;ch prost\u0159ed&iacute;, nab&iacute;z&iacute; technologii nanoe&trade;&nbsp;X pro boj proti &scaron;kodliv&yacute;m l&aacute;tk&aacute;m v&nbsp;interi&eacute;ru.\" \/>\n<meta property=\"og:url\" content=\"https:\/\/klimavex.eu\/cz\/katalog\/panasonic-parapetni-klimatizace-cs-mz20ufea\/\" \/>\n<meta property=\"og:site_name\" content=\"KLIMAVEX GROUP - \u010cesko\" \/>\n<meta property=\"article:publisher\" content=\"https:\/\/www.facebook.com\/klimavex.cz\" \/>\n<meta property=\"article:modified_time\" content=\"2026-04-07T05:03:30+00:00\" \/>\n<meta property=\"og:image\" content=\"https:\/\/klimavex.eu\/cz\/wp-content\/uploads\/2025\/09\/fiIgrK6qEQapwsQdtruT9vwoamQINq-cQ8a9RjIIahM-5.png\" \/>\n\t<meta property=\"og:image:width\" content=\"571\" \/>\n\t<meta property=\"og:image:height\" content=\"512\" \/>\n\t<meta property=\"og:image:type\" content=\"image\/png\" \/>\n<meta name=\"twitter:card\" content=\"summary_large_image\" \/>\n<meta name=\"twitter:label1\" content=\"Odhadovan\u00e1 doba \u010dten\u00ed\" \/>\n\t<meta name=\"twitter:data1\" content=\"1 minuta\" \/>\n<script type=\"application\/ld+json\" class=\"yoast-schema-graph\">{\"@context\":\"https:\/\/schema.org\",\"@graph\":[{\"@type\":\"WebPage\",\"@id\":\"https:\/\/klimavex.eu\/cz\/katalog\/panasonic-parapetni-klimatizace-cs-mz20ufea\/\",\"url\":\"https:\/\/klimavex.eu\/cz\/katalog\/panasonic-parapetni-klimatizace-cs-mz20ufea\/\",\"name\":\"Klimatizace Panasonic multisplit vnit\u0159n\u00ed parapetn\u00ed MZ20UFEA 2kW - KLIMAVEX GROUP - \u010cesko\",\"isPartOf\":{\"@id\":\"https:\/\/klimavex.eu\/cz\/#website\"},\"primaryImageOfPage\":{\"@id\":\"https:\/\/klimavex.eu\/cz\/katalog\/panasonic-parapetni-klimatizace-cs-mz20ufea\/#primaryimage\"},\"image\":{\"@id\":\"https:\/\/klimavex.eu\/cz\/katalog\/panasonic-parapetni-klimatizace-cs-mz20ufea\/#primaryimage\"},\"thumbnailUrl\":\"https:\/\/klimavex.eu\/cz\/wp-content\/uploads\/2025\/09\/fiIgrK6qEQapwsQdtruT9vwoamQINq-cQ8a9RjIIahM-5.png\",\"datePublished\":\"2026-04-07T05:03:24+00:00\",\"dateModified\":\"2026-04-07T05:03:30+00:00\",\"breadcrumb\":{\"@id\":\"https:\/\/klimavex.eu\/cz\/katalog\/panasonic-parapetni-klimatizace-cs-mz20ufea\/#breadcrumb\"},\"inLanguage\":\"cs\",\"potentialAction\":[{\"@type\":\"ReadAction\",\"target\":[\"https:\/\/klimavex.eu\/cz\/katalog\/panasonic-parapetni-klimatizace-cs-mz20ufea\/\"]}]},{\"@type\":\"ImageObject\",\"inLanguage\":\"cs\",\"@id\":\"https:\/\/klimavex.eu\/cz\/katalog\/panasonic-parapetni-klimatizace-cs-mz20ufea\/#primaryimage\",\"url\":\"https:\/\/klimavex.eu\/cz\/wp-content\/uploads\/2025\/09\/fiIgrK6qEQapwsQdtruT9vwoamQINq-cQ8a9RjIIahM-5.png\",\"contentUrl\":\"https:\/\/klimavex.eu\/cz\/wp-content\/uploads\/2025\/09\/fiIgrK6qEQapwsQdtruT9vwoamQINq-cQ8a9RjIIahM-5.png\",\"width\":571,\"height\":512},{\"@type\":\"BreadcrumbList\",\"@id\":\"https:\/\/klimavex.eu\/cz\/katalog\/panasonic-parapetni-klimatizace-cs-mz20ufea\/#breadcrumb\",\"itemListElement\":[{\"@type\":\"ListItem\",\"position\":1,\"name\":\"Domovsk\u00e1 str\u00e1nka\",\"item\":\"https:\/\/klimavex.eu\/cz\/\"},{\"@type\":\"ListItem\",\"position\":2,\"name\":\"Eshop\",\"item\":\"https:\/\/klimavex.eu\/cz\/eshop\/\"},{\"@type\":\"ListItem\",\"position\":3,\"name\":\"Panasonic parapetn\u00ed klimatizace CS-MZ20UFEA\"}]},{\"@type\":\"WebSite\",\"@id\":\"https:\/\/klimavex.eu\/cz\/#website\",\"url\":\"https:\/\/klimavex.eu\/cz\/\",\"name\":\"KLIMAVEX GROUP - \u010cesko\",\"description\":\"\",\"publisher\":{\"@id\":\"https:\/\/klimavex.eu\/cz\/#organization\"},\"alternateName\":\"KLIMAVEX CZ a.s.\",\"potentialAction\":[{\"@type\":\"SearchAction\",\"target\":{\"@type\":\"EntryPoint\",\"urlTemplate\":\"https:\/\/klimavex.eu\/cz\/?s={search_term_string}\"},\"query-input\":{\"@type\":\"PropertyValueSpecification\",\"valueRequired\":true,\"valueName\":\"search_term_string\"}}],\"inLanguage\":\"cs\"},{\"@type\":\"Organization\",\"@id\":\"https:\/\/klimavex.eu\/cz\/#organization\",\"name\":\"KLIMAVEX GROUP\",\"alternateName\":\"KLIMAVEX\",\"url\":\"https:\/\/klimavex.eu\/cz\/\",\"logo\":{\"@type\":\"ImageObject\",\"inLanguage\":\"cs\",\"@id\":\"https:\/\/klimavex.eu\/cz\/#\/schema\/logo\/image\/\",\"url\":\"https:\/\/klimavex.eu\/cz\/wp-content\/uploads\/2024\/04\/Klimavex-Group-logo.png\",\"contentUrl\":\"https:\/\/klimavex.eu\/cz\/wp-content\/uploads\/2024\/04\/Klimavex-Group-logo.png\",\"width\":1681,\"height\":472,\"caption\":\"KLIMAVEX GROUP\"},\"image\":{\"@id\":\"https:\/\/klimavex.eu\/cz\/#\/schema\/logo\/image\/\"},\"sameAs\":[\"https:\/\/www.facebook.com\/klimavex.cz\",\"https:\/\/www.instagram.com\/klimavex_cz\/\"]}]}<\/script>\n<!-- \/ Yoast SEO plugin. -->","yoast_head_json":{"title":"Klimatizace Panasonic multisplit vnit\u0159n\u00ed parapetn\u00ed MZ20UFEA 2kW - KLIMAVEX GROUP - \u010cesko","robots":{"index":"index","follow":"follow","max-snippet":"max-snippet:-1","max-image-preview":"max-image-preview:large","max-video-preview":"max-video-preview:-1"},"canonical":"https:\/\/klimavex.eu\/cz\/katalog\/panasonic-parapetni-klimatizace-cs-mz20ufea\/","og_locale":"cs_CZ","og_type":"article","og_title":"Klimatizace Panasonic multisplit vnit\u0159n\u00ed parapetn\u00ed MZ20UFEA 2kW - KLIMAVEX GROUP - \u010cesko","og_description":"Vnit\u0159n&iacute; jednotka Panasonic parapetn&iacute; klimatizace pro multisplit aplikace je vhodn&aacute; pro instalaci do bytu nebo domu. Jedn&aacute; se o dokonalou klimatizaci pro aplikaci do prostor t\u011bsn\u011b nad podlahou nebo pod stropem. Jednotka s&nbsp;b&iacute;l&yacute;m designem, kter&yacute; zapad&aacute; do v\u011bt&scaron;iny modern&iacute;ch prost\u0159ed&iacute;, nab&iacute;z&iacute; technologii nanoe&trade;&nbsp;X pro boj proti &scaron;kodliv&yacute;m l&aacute;tk&aacute;m v&nbsp;interi&eacute;ru.","og_url":"https:\/\/klimavex.eu\/cz\/katalog\/panasonic-parapetni-klimatizace-cs-mz20ufea\/","og_site_name":"KLIMAVEX GROUP - \u010cesko","article_publisher":"https:\/\/www.facebook.com\/klimavex.cz","article_modified_time":"2026-04-07T05:03:30+00:00","og_image":[{"width":571,"height":512,"url":"https:\/\/klimavex.eu\/cz\/wp-content\/uploads\/2025\/09\/fiIgrK6qEQapwsQdtruT9vwoamQINq-cQ8a9RjIIahM-5.png","type":"image\/png"}],"twitter_card":"summary_large_image","twitter_misc":{"Odhadovan\u00e1 doba \u010dten\u00ed":"1 minuta"},"schema":{"@context":"https:\/\/schema.org","@graph":[{"@type":"WebPage","@id":"https:\/\/klimavex.eu\/cz\/katalog\/panasonic-parapetni-klimatizace-cs-mz20ufea\/","url":"https:\/\/klimavex.eu\/cz\/katalog\/panasonic-parapetni-klimatizace-cs-mz20ufea\/","name":"Klimatizace Panasonic multisplit vnit\u0159n\u00ed parapetn\u00ed MZ20UFEA 2kW - KLIMAVEX GROUP - \u010cesko","isPartOf":{"@id":"https:\/\/klimavex.eu\/cz\/#website"},"primaryImageOfPage":{"@id":"https:\/\/klimavex.eu\/cz\/katalog\/panasonic-parapetni-klimatizace-cs-mz20ufea\/#primaryimage"},"image":{"@id":"https:\/\/klimavex.eu\/cz\/katalog\/panasonic-parapetni-klimatizace-cs-mz20ufea\/#primaryimage"},"thumbnailUrl":"https:\/\/klimavex.eu\/cz\/wp-content\/uploads\/2025\/09\/fiIgrK6qEQapwsQdtruT9vwoamQINq-cQ8a9RjIIahM-5.png","datePublished":"2026-04-07T05:03:24+00:00","dateModified":"2026-04-07T05:03:30+00:00","breadcrumb":{"@id":"https:\/\/klimavex.eu\/cz\/katalog\/panasonic-parapetni-klimatizace-cs-mz20ufea\/#breadcrumb"},"inLanguage":"cs","potentialAction":[{"@type":"ReadAction","target":["https:\/\/klimavex.eu\/cz\/katalog\/panasonic-parapetni-klimatizace-cs-mz20ufea\/"]}]},{"@type":"ImageObject","inLanguage":"cs","@id":"https:\/\/klimavex.eu\/cz\/katalog\/panasonic-parapetni-klimatizace-cs-mz20ufea\/#primaryimage","url":"https:\/\/klimavex.eu\/cz\/wp-content\/uploads\/2025\/09\/fiIgrK6qEQapwsQdtruT9vwoamQINq-cQ8a9RjIIahM-5.png","contentUrl":"https:\/\/klimavex.eu\/cz\/wp-content\/uploads\/2025\/09\/fiIgrK6qEQapwsQdtruT9vwoamQINq-cQ8a9RjIIahM-5.png","width":571,"height":512},{"@type":"BreadcrumbList","@id":"https:\/\/klimavex.eu\/cz\/katalog\/panasonic-parapetni-klimatizace-cs-mz20ufea\/#breadcrumb","itemListElement":[{"@type":"ListItem","position":1,"name":"Domovsk\u00e1 str\u00e1nka","item":"https:\/\/klimavex.eu\/cz\/"},{"@type":"ListItem","position":2,"name":"Eshop","item":"https:\/\/klimavex.eu\/cz\/eshop\/"},{"@type":"ListItem","position":3,"name":"Panasonic parapetn\u00ed klimatizace CS-MZ20UFEA"}]},{"@type":"WebSite","@id":"https:\/\/klimavex.eu\/cz\/#website","url":"https:\/\/klimavex.eu\/cz\/","name":"KLIMAVEX GROUP - \u010cesko","description":"","publisher":{"@id":"https:\/\/klimavex.eu\/cz\/#organization"},"alternateName":"KLIMAVEX CZ a.s.","potentialAction":[{"@type":"SearchAction","target":{"@type":"EntryPoint","urlTemplate":"https:\/\/klimavex.eu\/cz\/?s={search_term_string}"},"query-input":{"@type":"PropertyValueSpecification","valueRequired":true,"valueName":"search_term_string"}}],"inLanguage":"cs"},{"@type":"Organization","@id":"https:\/\/klimavex.eu\/cz\/#organization","name":"KLIMAVEX GROUP","alternateName":"KLIMAVEX","url":"https:\/\/klimavex.eu\/cz\/","logo":{"@type":"ImageObject","inLanguage":"cs","@id":"https:\/\/klimavex.eu\/cz\/#\/schema\/logo\/image\/","url":"https:\/\/klimavex.eu\/cz\/wp-content\/uploads\/2024\/04\/Klimavex-Group-logo.png","contentUrl":"https:\/\/klimavex.eu\/cz\/wp-content\/uploads\/2024\/04\/Klimavex-Group-logo.png","width":1681,"height":472,"caption":"KLIMAVEX GROUP"},"image":{"@id":"https:\/\/klimavex.eu\/cz\/#\/schema\/logo\/image\/"},"sameAs":["https:\/\/www.facebook.com\/klimavex.cz","https:\/\/www.instagram.com\/klimavex_cz\/"]}]}},"_links":{"self":[{"href":"https:\/\/klimavex.eu\/cz\/wp-json\/wp\/v2\/product\/543471","targetHints":{"allow":["GET"]}}],"collection":[{"href":"https:\/\/klimavex.eu\/cz\/wp-json\/wp\/v2\/product"}],"about":[{"href":"https:\/\/klimavex.eu\/cz\/wp-json\/wp\/v2\/types\/product"}],"version-history":[{"count":0,"href":"https:\/\/klimavex.eu\/cz\/wp-json\/wp\/v2\/product\/543471\/revisions"}],"wp:featuredmedia":[{"embeddable":true,"href":"https:\/\/klimavex.eu\/cz\/wp-json\/wp\/v2\/media\/548636"}],"wp:attachment":[{"href":"https:\/\/klimavex.eu\/cz\/wp-json\/wp\/v2\/media?parent=543471"}],"wp:term":[{"taxonomy":"product_cat","embeddable":true,"href":"https:\/\/klimavex.eu\/cz\/wp-json\/wp\/v2\/product_cat?post=543471"},{"taxonomy":"product_tag","embeddable":true,"href":"https:\/\/klimavex.eu\/cz\/wp-json\/wp\/v2\/product_tag?post=543471"}],"curies":[{"name":"wp","href":"https:\/\/api.w.org\/{rel}","templated":true}]}}