{"id":543503,"date":"2026-03-31T18:34:28","date_gmt":"2026-03-31T16:34:28","guid":{"rendered":"https:\/\/klimavex.eu\/cz\/katalog\/ventilator-vortice-ca-il-200-quiet\/"},"modified":"2026-03-31T18:35:16","modified_gmt":"2026-03-31T16:35:16","slug":"ventilator-vortice-ca-il-200-quiet","status":"publish","type":"product","link":"https:\/\/klimavex.eu\/cz\/katalog\/ventilator-vortice-ca-il-200-quiet\/","title":{"rendered":"Ventil\u00e1tor Vortice CA-IL 200 QUIET"},"content":{"rendered":"<p style=\"text-align:justify\"><span style=\"font-size:11pt\"><span style=\"font-family:Calibri,sans-serif\"><strong>Detailn&iacute; popis<\/strong><\/span><\/span><\/p>\n<ul>\n<li style=\"text-align:justify\"><span style=\"font-size:11pt\"><span style=\"background-color:white\"><span style=\"color:black\"><span style=\"font-family:Calibri,sans-serif\">Kryt a dr\u017e&aacute;k motoru z pozinkovan&eacute;ho ocelov&eacute;ho plechu, vnit\u0159n&iacute; oblo\u017een&iacute; zvukov\u011b izola\u010dn&iacute;m panelem (tlou&scaron;\u0165ka&nbsp;50 mm).<\/span><\/span><\/span><\/span><\/li>\n<li style=\"text-align:justify\"><span style=\"font-size:11pt\"><span style=\"background-color:white\"><span style=\"color:black\"><span style=\"font-family:Calibri,sans-serif\">St\u0159&iacute;dav&yacute; motorov&yacute; ventil&aacute;tor s extern&iacute;m rotorem, s h\u0159&iacute;del&iacute; ot&aacute;\u010dej&iacute;c&iacute;mi se v kuli\u010dkov&yacute;ch lo\u017eisk&aacute;ch, spojen&yacute; s dozadu zahnut&yacute;m odst\u0159ediv&yacute;m ob\u011b\u017en&yacute;m kolem.<\/span><\/span><\/span><\/span><\/li>\n<li style=\"text-align:justify\"><span style=\"font-size:11pt\"><span style=\"background-color:white\"><span style=\"color:black\"><span style=\"font-family:Calibri,sans-serif\">P\u0159&iacute;ruby ventil&aacute;toru pro p\u0159ipojen&iacute; na kruhov&eacute; vzduchotechnick&eacute; potrub&iacute; jsou opat\u0159eny&nbsp;gumov&yacute;m t\u011bsn\u011bn&iacute;m pro dokonalou vzduchot\u011bsnost.<\/span><\/span><\/span><\/span><\/li>\n<li style=\"text-align:justify\"><span style=\"font-size:11pt\"><span style=\"background-color:white\"><span style=\"color:black\"><span style=\"font-family:Calibri,sans-serif\">Konzoly z pozinkovan&eacute;ho ocelov&eacute;ho plechu, p\u0159&iacute;mo spojen&eacute; s pl&aacute;&scaron;t\u011bm.<\/span><\/span><\/span><\/span><\/li>\n<li style=\"text-align:justify\"><span style=\"font-size:11pt\"><span style=\"background-color:white\"><span style=\"color:black\"><span style=\"font-family:Calibri,sans-serif\">Elektrick&aacute; p\u0159ipojovac&iacute; sk\u0159&iacute;\u0148ka obsahuj&iacute;c&iacute; kondenz&aacute;tory je vyroben&aacute; z n&aacute;razuvzdorn&eacute; plastov&eacute; prysky\u0159ice odoln&eacute; proti agresivn&iacute;m l&aacute;tk&aacute;m, integruj&iacute;c&iacute; kabelov&eacute; klece a kabelov&eacute; pr\u016fchodky pro zaji&scaron;t\u011bn&iacute; vysok&eacute; ochrany (<span style=\"color:black\"><span style=\"color:black\">IP55<\/span><\/span>) proti prachu a vod\u011b.<\/span><\/span><\/span><\/span><\/li>\n<li style=\"text-align:justify\"><span style=\"font-size:11pt\"><span style=\"background-color:white\"><span style=\"color:black\"><span style=\"font-family:Calibri,sans-serif\">Snadn&aacute; &uacute;dr\u017eba: p\u0159&iacute;m&eacute; upevn\u011bn&iacute; motorizovan&eacute;ho ventil&aacute;toru ke krytu, kter&yacute; je zav\u011b&scaron;en na sk\u0159&iacute;ni, umo\u017e\u0148uje jeho snadn&eacute; vyklopen&iacute; ven pro okam\u017eit&yacute; p\u0159&iacute;stup k motorizovan&eacute; jednotce ventil&aacute;toru.<\/span><\/span><\/span><\/span><\/li>\n<li style=\"text-align:justify\"><span style=\"font-size:11pt\"><span style=\"background-color:white\"><span style=\"color:black\"><span style=\"font-family:Calibri,sans-serif\">T\u0159&iacute;da elektrick&eacute; izolace: I (je vy\u017eadov&aacute;no uzemn\u011bn&iacute;).<\/span><\/span><\/span><\/span><\/li>\n<li style=\"text-align:justify\"><span style=\"font-size:11pt\"><span style=\"background-color:white\"><span style=\"color:black\"><span style=\"font-family:Calibri,sans-serif\">Kruhov&eacute; sac&iacute; a v&yacute;tla\u010dn&eacute; otvory, opat\u0159en&eacute; dvojit&yacute;m pry\u017eov&yacute;m t\u011bsn\u011bn&iacute;m pro dokonalou vzduchot\u011bsnost<\/span><\/span><\/span><\/span><\/li>\n<\/ul>\n<p style=\"text-align:justify\"><span style=\"font-size:11pt\"><span style=\"font-family:Calibri,sans-serif\"><strong>Kl&iacute;\u010dov&eacute; vlastnosti<\/strong><\/span><\/span><\/p>\n<ul>\n<li style=\"text-align:justify\"><span style=\"font-size:11pt\"><span style=\"background-color:white\"><span style=\"color:black\"><span style=\"font-family:Calibri,sans-serif\">3 alternativn&iacute; instalace: st\u011bna, strop a podhled<\/span><\/span><\/span><\/span><\/li>\n<li style=\"text-align:justify\"><span style=\"font-size:11pt\"><span style=\"background-color:white\"><span style=\"color:black\"><span style=\"font-family:Calibri,sans-serif\">Kvalitn&iacute; zpracov&aacute;n&iacute;<\/span><\/span><\/span><\/span><\/li>\n<li style=\"text-align:justify\"><span style=\"font-size:11pt\"><span style=\"background-color:white\"><span style=\"color:black\"><span style=\"font-family:Calibri,sans-serif\"><span style=\"color:black\"><span style=\"color:black\">Kuli\u010dkov&aacute; lo\u017eiska<\/span><\/span><\/span><\/span><\/span><\/span><\/li>\n<li style=\"text-align:justify\"><span style=\"font-size:11pt\"><span style=\"background-color:white\"><span style=\"color:black\"><span style=\"font-family:Calibri,sans-serif\">Je&scaron;t\u011b ni\u017e&scaron;&iacute; hlu\u010dnost<\/span><\/span><\/span><\/span><\/li>\n<li style=\"text-align:justify\"><span style=\"font-size:11pt\"><span style=\"background-color:white\"><span style=\"color:black\"><span style=\"font-family:Calibri,sans-serif\">Sk\u0159&iacute;\u0148 v\u010detn\u011b konzol pro p\u0159ipevn\u011bn&iacute;<\/span><\/span><\/span><\/span><\/li>\n<li style=\"text-align:justify\"><span style=\"font-size:11pt\"><span style=\"background-color:white\"><span style=\"color:black\"><span style=\"font-family:Calibri,sans-serif\">Kryt&iacute; IP44<\/span><\/span><\/span><\/span><\/li>\n<\/ul>\n","protected":false},"excerpt":{"rendered":"<p style=\"text-align:justify\"><span style=\"font-size:11pt\"><span style=\"font-family:Calibri,sans-serif\"><span style=\"background-color:white\"><span style=\"color:black\">Tich&yacute; sk\u0159&iacute;\u0148ov&yacute;&nbsp;<\/span><\/span><span style=\"color:black\">radi&aacute;ln&iacute;<\/span><span style=\"background-color:white\"><span style=\"color:black\">&nbsp;potrubn&iacute; ventil&aacute;tor <strong>Vortice CA-IL 200&nbsp;<\/strong><\/span><\/span><strong><span style=\"color:black\">QUIET <\/span><\/strong><span style=\"background-color:white\"><span style=\"color:black\">s&nbsp;p\u0159ipojen&iacute;m na vzduchotechnick&eacute; potrub&iacute;&nbsp;<\/span><\/span><strong>&oslash; <span style=\"background-color:white\"><span style=\"color:black\">200mm<\/span><\/span><\/strong><span style=\"background-color:white\"><span style=\"color:black\">. Ventil&aacute;tor je ur\u010den&yacute; pro napojen&iacute; na kruhov&eacute; potrub&iacute; a ods&aacute;v&aacute;n&iacute; komer\u010dn&iacute;ch i reziden\u010dn&iacute;ch objekt\u016f. Ventil&aacute;tor je mo\u017en&eacute; instalovat na st\u011bnu, strop a do podhledu. Vnit\u0159n&iacute; zvukov\u011b izola\u010dn&iacute; oblo\u017een&iacute;. Snadn&yacute; p\u0159&iacute;stup pro &uacute;dr\u017ebu.<\/span><\/span><\/span><\/span><\/p>\n","protected":false},"featured_media":548729,"template":"","meta":[],"product_cat":[7601,7581,7562],"product_tag":[],"class_list":{"0":"post-543503","1":"product","2":"type-product","3":"status-publish","4":"has-post-thumbnail","6":"product_cat-ca-il-quiet","7":"product_cat-potrubni-ventilatory","8":"product_cat-ventilatory","9":"pa_dostupny-tlak-pa-335-550","10":"pa_hlucnost-lp-3m-165-385","11":"pa_kryti-ip44","12":"pa_kulickova-loziska-ll-ano","13":"pa_provedeni-potrubni-skrinovy","14":"pa_prumer-napojeni-mm-11783","15":"pa_typ-ca-il-quiet","16":"pa_vzduchovy-vykon-qv-m3-410-830","17":"pa_znacka-vortice","19":"first","20":"instock","21":"taxable","22":"shipping-taxable","23":"purchasable","24":"product-type-simple"},"yoast_head":"<!-- This site is optimized with the Yoast SEO plugin v23.9 - https:\/\/yoast.com\/wordpress\/plugins\/seo\/ -->\n<title>Ventil\u00e1tor Vortice CA-IL 200 QUIET - KLIMAVEX GROUP - \u010cesko<\/title>\n<meta name=\"robots\" content=\"index, follow, max-snippet:-1, max-image-preview:large, max-video-preview:-1\" \/>\n<link rel=\"canonical\" href=\"https:\/\/klimavex.eu\/cz\/katalog\/ventilator-vortice-ca-il-200-quiet\/\" \/>\n<meta property=\"og:locale\" content=\"cs_CZ\" \/>\n<meta property=\"og:type\" content=\"article\" \/>\n<meta property=\"og:title\" content=\"Ventil\u00e1tor Vortice CA-IL 200 QUIET - KLIMAVEX GROUP - \u010cesko\" \/>\n<meta property=\"og:description\" content=\"Tich&yacute; sk\u0159&iacute;\u0148ov&yacute;&nbsp;radi&aacute;ln&iacute;&nbsp;potrubn&iacute; ventil&aacute;tor Vortice CA-IL 200&nbsp;QUIET s&nbsp;p\u0159ipojen&iacute;m na vzduchotechnick&eacute; potrub&iacute;&nbsp;&oslash; 200mm. Ventil&aacute;tor je ur\u010den&yacute; pro napojen&iacute; na kruhov&eacute; potrub&iacute; a ods&aacute;v&aacute;n&iacute; komer\u010dn&iacute;ch i reziden\u010dn&iacute;ch objekt\u016f. Ventil&aacute;tor je mo\u017en&eacute; instalovat na st\u011bnu, strop a do podhledu. Vnit\u0159n&iacute; zvukov\u011b izola\u010dn&iacute; oblo\u017een&iacute;. Snadn&yacute; p\u0159&iacute;stup pro &uacute;dr\u017ebu.\" \/>\n<meta property=\"og:url\" content=\"https:\/\/klimavex.eu\/cz\/katalog\/ventilator-vortice-ca-il-200-quiet\/\" \/>\n<meta property=\"og:site_name\" content=\"KLIMAVEX GROUP - \u010cesko\" \/>\n<meta property=\"article:publisher\" content=\"https:\/\/www.facebook.com\/klimavex.cz\" \/>\n<meta property=\"article:modified_time\" content=\"2026-03-31T16:35:16+00:00\" \/>\n<meta property=\"og:image\" content=\"https:\/\/klimavex.eu\/cz\/wp-content\/uploads\/2025\/09\/NQeOnqRGRYESx5PAVTfwZW7rnv-E4srAI8Wj8fYR0f4.png\" \/>\n\t<meta property=\"og:image:width\" content=\"572\" \/>\n\t<meta property=\"og:image:height\" content=\"512\" \/>\n\t<meta property=\"og:image:type\" content=\"image\/png\" \/>\n<meta name=\"twitter:card\" content=\"summary_large_image\" \/>\n<meta name=\"twitter:label1\" content=\"Odhadovan\u00e1 doba \u010dten\u00ed\" \/>\n\t<meta name=\"twitter:data1\" content=\"2 minuty\" \/>\n<script type=\"application\/ld+json\" class=\"yoast-schema-graph\">{\"@context\":\"https:\/\/schema.org\",\"@graph\":[{\"@type\":\"WebPage\",\"@id\":\"https:\/\/klimavex.eu\/cz\/katalog\/ventilator-vortice-ca-il-200-quiet\/\",\"url\":\"https:\/\/klimavex.eu\/cz\/katalog\/ventilator-vortice-ca-il-200-quiet\/\",\"name\":\"Ventil\u00e1tor Vortice CA-IL 200 QUIET - KLIMAVEX GROUP - \u010cesko\",\"isPartOf\":{\"@id\":\"https:\/\/klimavex.eu\/cz\/#website\"},\"primaryImageOfPage\":{\"@id\":\"https:\/\/klimavex.eu\/cz\/katalog\/ventilator-vortice-ca-il-200-quiet\/#primaryimage\"},\"image\":{\"@id\":\"https:\/\/klimavex.eu\/cz\/katalog\/ventilator-vortice-ca-il-200-quiet\/#primaryimage\"},\"thumbnailUrl\":\"https:\/\/klimavex.eu\/cz\/wp-content\/uploads\/2025\/09\/NQeOnqRGRYESx5PAVTfwZW7rnv-E4srAI8Wj8fYR0f4.png\",\"datePublished\":\"2026-03-31T16:34:28+00:00\",\"dateModified\":\"2026-03-31T16:35:16+00:00\",\"breadcrumb\":{\"@id\":\"https:\/\/klimavex.eu\/cz\/katalog\/ventilator-vortice-ca-il-200-quiet\/#breadcrumb\"},\"inLanguage\":\"cs\",\"potentialAction\":[{\"@type\":\"ReadAction\",\"target\":[\"https:\/\/klimavex.eu\/cz\/katalog\/ventilator-vortice-ca-il-200-quiet\/\"]}]},{\"@type\":\"ImageObject\",\"inLanguage\":\"cs\",\"@id\":\"https:\/\/klimavex.eu\/cz\/katalog\/ventilator-vortice-ca-il-200-quiet\/#primaryimage\",\"url\":\"https:\/\/klimavex.eu\/cz\/wp-content\/uploads\/2025\/09\/NQeOnqRGRYESx5PAVTfwZW7rnv-E4srAI8Wj8fYR0f4.png\",\"contentUrl\":\"https:\/\/klimavex.eu\/cz\/wp-content\/uploads\/2025\/09\/NQeOnqRGRYESx5PAVTfwZW7rnv-E4srAI8Wj8fYR0f4.png\",\"width\":572,\"height\":512},{\"@type\":\"BreadcrumbList\",\"@id\":\"https:\/\/klimavex.eu\/cz\/katalog\/ventilator-vortice-ca-il-200-quiet\/#breadcrumb\",\"itemListElement\":[{\"@type\":\"ListItem\",\"position\":1,\"name\":\"Domovsk\u00e1 str\u00e1nka\",\"item\":\"https:\/\/klimavex.eu\/cz\/\"},{\"@type\":\"ListItem\",\"position\":2,\"name\":\"Eshop\",\"item\":\"https:\/\/klimavex.eu\/cz\/eshop\/\"},{\"@type\":\"ListItem\",\"position\":3,\"name\":\"Ventil\u00e1tor Vortice CA-IL 200 QUIET\"}]},{\"@type\":\"WebSite\",\"@id\":\"https:\/\/klimavex.eu\/cz\/#website\",\"url\":\"https:\/\/klimavex.eu\/cz\/\",\"name\":\"KLIMAVEX GROUP - \u010cesko\",\"description\":\"\",\"publisher\":{\"@id\":\"https:\/\/klimavex.eu\/cz\/#organization\"},\"alternateName\":\"KLIMAVEX CZ a.s.\",\"potentialAction\":[{\"@type\":\"SearchAction\",\"target\":{\"@type\":\"EntryPoint\",\"urlTemplate\":\"https:\/\/klimavex.eu\/cz\/?s={search_term_string}\"},\"query-input\":{\"@type\":\"PropertyValueSpecification\",\"valueRequired\":true,\"valueName\":\"search_term_string\"}}],\"inLanguage\":\"cs\"},{\"@type\":\"Organization\",\"@id\":\"https:\/\/klimavex.eu\/cz\/#organization\",\"name\":\"KLIMAVEX GROUP\",\"alternateName\":\"KLIMAVEX\",\"url\":\"https:\/\/klimavex.eu\/cz\/\",\"logo\":{\"@type\":\"ImageObject\",\"inLanguage\":\"cs\",\"@id\":\"https:\/\/klimavex.eu\/cz\/#\/schema\/logo\/image\/\",\"url\":\"https:\/\/klimavex.eu\/cz\/wp-content\/uploads\/2024\/04\/Klimavex-Group-logo.png\",\"contentUrl\":\"https:\/\/klimavex.eu\/cz\/wp-content\/uploads\/2024\/04\/Klimavex-Group-logo.png\",\"width\":1681,\"height\":472,\"caption\":\"KLIMAVEX GROUP\"},\"image\":{\"@id\":\"https:\/\/klimavex.eu\/cz\/#\/schema\/logo\/image\/\"},\"sameAs\":[\"https:\/\/www.facebook.com\/klimavex.cz\",\"https:\/\/www.instagram.com\/klimavex_cz\/\"]}]}<\/script>\n<!-- \/ Yoast SEO plugin. -->","yoast_head_json":{"title":"Ventil\u00e1tor Vortice CA-IL 200 QUIET - KLIMAVEX GROUP - \u010cesko","robots":{"index":"index","follow":"follow","max-snippet":"max-snippet:-1","max-image-preview":"max-image-preview:large","max-video-preview":"max-video-preview:-1"},"canonical":"https:\/\/klimavex.eu\/cz\/katalog\/ventilator-vortice-ca-il-200-quiet\/","og_locale":"cs_CZ","og_type":"article","og_title":"Ventil\u00e1tor Vortice CA-IL 200 QUIET - KLIMAVEX GROUP - \u010cesko","og_description":"Tich&yacute; sk\u0159&iacute;\u0148ov&yacute;&nbsp;radi&aacute;ln&iacute;&nbsp;potrubn&iacute; ventil&aacute;tor Vortice CA-IL 200&nbsp;QUIET s&nbsp;p\u0159ipojen&iacute;m na vzduchotechnick&eacute; potrub&iacute;&nbsp;&oslash; 200mm. Ventil&aacute;tor je ur\u010den&yacute; pro napojen&iacute; na kruhov&eacute; potrub&iacute; a ods&aacute;v&aacute;n&iacute; komer\u010dn&iacute;ch i reziden\u010dn&iacute;ch objekt\u016f. Ventil&aacute;tor je mo\u017en&eacute; instalovat na st\u011bnu, strop a do podhledu. Vnit\u0159n&iacute; zvukov\u011b izola\u010dn&iacute; oblo\u017een&iacute;. Snadn&yacute; p\u0159&iacute;stup pro &uacute;dr\u017ebu.","og_url":"https:\/\/klimavex.eu\/cz\/katalog\/ventilator-vortice-ca-il-200-quiet\/","og_site_name":"KLIMAVEX GROUP - \u010cesko","article_publisher":"https:\/\/www.facebook.com\/klimavex.cz","article_modified_time":"2026-03-31T16:35:16+00:00","og_image":[{"width":572,"height":512,"url":"https:\/\/klimavex.eu\/cz\/wp-content\/uploads\/2025\/09\/NQeOnqRGRYESx5PAVTfwZW7rnv-E4srAI8Wj8fYR0f4.png","type":"image\/png"}],"twitter_card":"summary_large_image","twitter_misc":{"Odhadovan\u00e1 doba \u010dten\u00ed":"2 minuty"},"schema":{"@context":"https:\/\/schema.org","@graph":[{"@type":"WebPage","@id":"https:\/\/klimavex.eu\/cz\/katalog\/ventilator-vortice-ca-il-200-quiet\/","url":"https:\/\/klimavex.eu\/cz\/katalog\/ventilator-vortice-ca-il-200-quiet\/","name":"Ventil\u00e1tor Vortice CA-IL 200 QUIET - KLIMAVEX GROUP - \u010cesko","isPartOf":{"@id":"https:\/\/klimavex.eu\/cz\/#website"},"primaryImageOfPage":{"@id":"https:\/\/klimavex.eu\/cz\/katalog\/ventilator-vortice-ca-il-200-quiet\/#primaryimage"},"image":{"@id":"https:\/\/klimavex.eu\/cz\/katalog\/ventilator-vortice-ca-il-200-quiet\/#primaryimage"},"thumbnailUrl":"https:\/\/klimavex.eu\/cz\/wp-content\/uploads\/2025\/09\/NQeOnqRGRYESx5PAVTfwZW7rnv-E4srAI8Wj8fYR0f4.png","datePublished":"2026-03-31T16:34:28+00:00","dateModified":"2026-03-31T16:35:16+00:00","breadcrumb":{"@id":"https:\/\/klimavex.eu\/cz\/katalog\/ventilator-vortice-ca-il-200-quiet\/#breadcrumb"},"inLanguage":"cs","potentialAction":[{"@type":"ReadAction","target":["https:\/\/klimavex.eu\/cz\/katalog\/ventilator-vortice-ca-il-200-quiet\/"]}]},{"@type":"ImageObject","inLanguage":"cs","@id":"https:\/\/klimavex.eu\/cz\/katalog\/ventilator-vortice-ca-il-200-quiet\/#primaryimage","url":"https:\/\/klimavex.eu\/cz\/wp-content\/uploads\/2025\/09\/NQeOnqRGRYESx5PAVTfwZW7rnv-E4srAI8Wj8fYR0f4.png","contentUrl":"https:\/\/klimavex.eu\/cz\/wp-content\/uploads\/2025\/09\/NQeOnqRGRYESx5PAVTfwZW7rnv-E4srAI8Wj8fYR0f4.png","width":572,"height":512},{"@type":"BreadcrumbList","@id":"https:\/\/klimavex.eu\/cz\/katalog\/ventilator-vortice-ca-il-200-quiet\/#breadcrumb","itemListElement":[{"@type":"ListItem","position":1,"name":"Domovsk\u00e1 str\u00e1nka","item":"https:\/\/klimavex.eu\/cz\/"},{"@type":"ListItem","position":2,"name":"Eshop","item":"https:\/\/klimavex.eu\/cz\/eshop\/"},{"@type":"ListItem","position":3,"name":"Ventil\u00e1tor Vortice CA-IL 200 QUIET"}]},{"@type":"WebSite","@id":"https:\/\/klimavex.eu\/cz\/#website","url":"https:\/\/klimavex.eu\/cz\/","name":"KLIMAVEX GROUP - \u010cesko","description":"","publisher":{"@id":"https:\/\/klimavex.eu\/cz\/#organization"},"alternateName":"KLIMAVEX CZ a.s.","potentialAction":[{"@type":"SearchAction","target":{"@type":"EntryPoint","urlTemplate":"https:\/\/klimavex.eu\/cz\/?s={search_term_string}"},"query-input":{"@type":"PropertyValueSpecification","valueRequired":true,"valueName":"search_term_string"}}],"inLanguage":"cs"},{"@type":"Organization","@id":"https:\/\/klimavex.eu\/cz\/#organization","name":"KLIMAVEX GROUP","alternateName":"KLIMAVEX","url":"https:\/\/klimavex.eu\/cz\/","logo":{"@type":"ImageObject","inLanguage":"cs","@id":"https:\/\/klimavex.eu\/cz\/#\/schema\/logo\/image\/","url":"https:\/\/klimavex.eu\/cz\/wp-content\/uploads\/2024\/04\/Klimavex-Group-logo.png","contentUrl":"https:\/\/klimavex.eu\/cz\/wp-content\/uploads\/2024\/04\/Klimavex-Group-logo.png","width":1681,"height":472,"caption":"KLIMAVEX GROUP"},"image":{"@id":"https:\/\/klimavex.eu\/cz\/#\/schema\/logo\/image\/"},"sameAs":["https:\/\/www.facebook.com\/klimavex.cz","https:\/\/www.instagram.com\/klimavex_cz\/"]}]}},"_links":{"self":[{"href":"https:\/\/klimavex.eu\/cz\/wp-json\/wp\/v2\/product\/543503","targetHints":{"allow":["GET"]}}],"collection":[{"href":"https:\/\/klimavex.eu\/cz\/wp-json\/wp\/v2\/product"}],"about":[{"href":"https:\/\/klimavex.eu\/cz\/wp-json\/wp\/v2\/types\/product"}],"version-history":[{"count":0,"href":"https:\/\/klimavex.eu\/cz\/wp-json\/wp\/v2\/product\/543503\/revisions"}],"wp:featuredmedia":[{"embeddable":true,"href":"https:\/\/klimavex.eu\/cz\/wp-json\/wp\/v2\/media\/548729"}],"wp:attachment":[{"href":"https:\/\/klimavex.eu\/cz\/wp-json\/wp\/v2\/media?parent=543503"}],"wp:term":[{"taxonomy":"product_cat","embeddable":true,"href":"https:\/\/klimavex.eu\/cz\/wp-json\/wp\/v2\/product_cat?post=543503"},{"taxonomy":"product_tag","embeddable":true,"href":"https:\/\/klimavex.eu\/cz\/wp-json\/wp\/v2\/product_tag?post=543503"}],"curies":[{"name":"wp","href":"https:\/\/api.w.org\/{rel}","templated":true}]}}