{"id":543510,"date":"2026-03-31T18:34:28","date_gmt":"2026-03-31T16:34:28","guid":{"rendered":"https:\/\/klimavex.eu\/cz\/katalog\/ventilator-vortice-vort-notus-t-hcs-nastavitelna-vlhkost-60-70-80-90\/"},"modified":"2026-03-31T18:35:24","modified_gmt":"2026-03-31T16:35:24","slug":"ventilator-vortice-vort-notus-t-hcs-nastavitelna-vlhkost-60-70-80-90","status":"publish","type":"product","link":"https:\/\/klimavex.eu\/cz\/katalog\/ventilator-vortice-vort-notus-t-hcs-nastavitelna-vlhkost-60-70-80-90\/","title":{"rendered":"Ventil\u00e1tor Vortice Vort Notus T HCS (nastaviteln\u00e1 vlhkost 60%-70%-80%-90%)"},"content":{"rendered":"<p style=\"text-align: justify;\"><strong>Kl&iacute;\u010dov&eacute; vlastnosti:<\/strong><\/p>\n<ul>\n<li style=\"text-align: justify;\">3 v&yacute;konov&eacute; stupn\u011b &ndash; minim&aacute;ln&iacute; ot&aacute;\u010dky lze zvolit s v&yacute;konem 11,7m<sup>3<\/sup>\/h nebo 27,5m<sup>3<\/sup&gt;\/h; funkce &bdquo;turbo&ldquo; - 42 m<sup>3<\/sup>\/h (zv&yacute;&scaron;en&yacute; vzduchov&yacute; v&yacute;kon).<\/li>\n<li style=\"text-align: justify;\">Funkce &bdquo;turbo&ldquo; m\u016f\u017ee b&yacute;t aktivov&aacute;na i extern&iacute;m sp&iacute;na\u010dem. Po vypnut&iacute; funkce &bdquo;turbo&ldquo;, ventil&aacute;tor bude pracovat na max. ot&aacute;\u010dk&aacute;ch je&scaron;t\u011b b\u011bhem p\u0159ednastaven&eacute;ho \u010dasov&eacute;ho dob\u011bhu od cca 3 do 20 minut.<\/li>\n<li style=\"text-align: justify;\">S \u010dasov&yacute;m sp&iacute;na\u010dem a p\u0159enastaviteln&yacute;m regul&aacute;torem vlhkosti umo\u017e\u0148uj&iacute;c&iacute;m nastaven&iacute; vlhkosti na 60 % &#8211; 70 % &#8211; 80 % &#8211; 90 %. P\u0159i p\u0159ekro\u010den&iacute; p\u0159ednastaven&eacute; hodnoty se automaticky zapne funkce &bdquo;turbo&ldquo; a ventil&aacute;tor bude pracovat na maxim&aacute;ln&iacute;ch ot&aacute;\u010dk&aacute;ch. Po dosa\u017een&iacute; po\u017eadovan&eacute; vlhkosti ventil&aacute;tor z\u016fst&aacute;v&aacute; pracovat na max. ot&aacute;\u010dk&aacute;ch je&scaron;t\u011b b\u011bhem p\u0159ednastaven&eacute;ho \u010dasov&eacute;ho dob\u011bhu. Po uplynut&iacute; dob\u011bhu bude ventil&aacute;tor pracovat na minim&aacute;ln&iacute;ch ot&aacute;\u010dk&aacute;ch.<\/li>\n<li style=\"text-align: justify;\">Elektronicky \u0159&iacute;zen&yacute; bezkart&aacute;\u010dov&yacute; DC-EC motor s vysokou &uacute;\u010dinnost&iacute; vybaven&yacute; kuli\u010dkov&yacute;mi lo\u017eisky (kter&aacute; zaji&scaron;\u0165uj&iacute; dlouhou \u017eivotnost a bezporuchov&yacute; provoz ventil&aacute;toru po dobu 30 000 hodin).<\/li>\n<li style=\"text-align: justify;\">Elektronika za\u0159&iacute;zen&iacute; automaticky nastav&iacute; pot\u0159ebn&eacute; ot&aacute;\u010dky, aby zajistila nomin&aacute;ln&iacute; vzduchov&yacute; v&yacute;kon p\u0159i r\u016fzn&yacute;ch zp\u016fsobech instalace (r\u016fzn&yacute;ch tlakov&yacute;ch ztr&aacute;t&aacute;ch).<\/li>\n<li style=\"text-align: justify;\">Atraktivn&iacute; design se stylov&yacute;m p\u0159edn&iacute;m panelem z ABS plastu.<\/li>\n<li style=\"text-align: justify;\">Opl&aacute;&scaron;t\u011bn&iacute; motoru vyrobeno ze samozh&aacute;&scaron;iv&eacute;ho polypropylenu.<\/li>\n<li style=\"text-align: justify;\">V&scaron;echny modely maj&iacute; kryt&iacute; IPX4.<\/li>\n<li style=\"text-align: justify;\">Za\u0159&iacute;zen&iacute; nemus&iacute; b&yacute;t uzemn\u011bno, m&aacute; dvojitou izolaci.<\/li>\n<\/ul>\n","protected":false},"excerpt":{"rendered":"<p style=\"text-align: justify;\"><strong>Axi&aacute;ln&iacute; <\/strong>ods&aacute;vac&iacute; ventil&aacute;tor vybaven&yacute; DC-EC motorem, navr\u017een&yacute; pro <strong>nep\u0159etr\u017eit&yacute; provoz<\/strong>. Vhodn&yacute; pro men&scaron;&iacute; a st\u0159edn\u011b velk&eacute; m&iacute;stnosti (koupelny, toalety, sklepy apod.). S p\u0159&iacute;m&yacute;m v&yacute;fukem nebo <strong>napojen&iacute;m na potrub&iacute; &Oslash; 100mm<\/strong>. Mont&aacute;\u017e na ze\u010f nebo do potrub&iacute;.<\/p>\n","protected":false},"featured_media":548761,"template":"","meta":[],"product_cat":[7563,7562],"product_tag":[],"class_list":{"0":"post-543510","1":"product","2":"type-product","3":"status-publish","4":"has-post-thumbnail","6":"product_cat-ventilatory-do-koupelny-axialni","7":"product_cat-ventilatory","8":"pa_casovy-dobeh-t-ano","9":"pa_dostupny-tlak-pa-236-627-866","10":"pa_hlucnost-lp-3m-22-275-285","11":"pa_kryti-ipx4","12":"pa_provedeni-axialni","13":"pa_prumer-napojeni-mm-11619","14":"pa_snimac-vlhkosti-hcs-ano","15":"pa_typ-vort-notus","16":"pa_vzduchovy-vykon-qv-m3-117-275-42","17":"pa_znacka-vortice","19":"first","20":"instock","21":"taxable","22":"shipping-taxable","23":"purchasable","24":"product-type-simple"},"yoast_head":"<!-- This site is optimized with the Yoast SEO plugin v23.9 - https:\/\/yoast.com\/wordpress\/plugins\/seo\/ -->\n<title>Ventil\u00e1tor Vortice Vort Notus T HCS (nastaviteln\u00e1 vlhkost 60%-70%-80%-90%) - KLIMAVEX GROUP - \u010cesko<\/title>\n<meta name=\"robots\" content=\"index, follow, max-snippet:-1, max-image-preview:large, max-video-preview:-1\" \/>\n<link rel=\"canonical\" href=\"https:\/\/klimavex.eu\/cz\/katalog\/ventilator-vortice-vort-notus-t-hcs-nastavitelna-vlhkost-60-70-80-90\/\" \/>\n<meta property=\"og:locale\" content=\"cs_CZ\" \/>\n<meta property=\"og:type\" content=\"article\" \/>\n<meta property=\"og:title\" content=\"Ventil\u00e1tor Vortice Vort Notus T HCS (nastaviteln\u00e1 vlhkost 60%-70%-80%-90%) - KLIMAVEX GROUP - \u010cesko\" \/>\n<meta property=\"og:description\" content=\"Axi&aacute;ln&iacute; ods&aacute;vac&iacute; ventil&aacute;tor vybaven&yacute; DC-EC motorem, navr\u017een&yacute; pro nep\u0159etr\u017eit&yacute; provoz. Vhodn&yacute; pro men&scaron;&iacute; a st\u0159edn\u011b velk&eacute; m&iacute;stnosti (koupelny, toalety, sklepy apod.). S p\u0159&iacute;m&yacute;m v&yacute;fukem nebo napojen&iacute;m na potrub&iacute; &Oslash; 100mm. Mont&aacute;\u017e na ze\u010f nebo do potrub&iacute;.\" \/>\n<meta property=\"og:url\" content=\"https:\/\/klimavex.eu\/cz\/katalog\/ventilator-vortice-vort-notus-t-hcs-nastavitelna-vlhkost-60-70-80-90\/\" \/>\n<meta property=\"og:site_name\" content=\"KLIMAVEX GROUP - \u010cesko\" \/>\n<meta property=\"article:publisher\" content=\"https:\/\/www.facebook.com\/klimavex.cz\" \/>\n<meta property=\"article:modified_time\" content=\"2026-03-31T16:35:24+00:00\" \/>\n<meta property=\"og:image\" content=\"https:\/\/klimavex.eu\/cz\/wp-content\/uploads\/2025\/09\/eecCLKRP66bEjWALVAvY49d5Tmr26BlmzRU7SU1BJ-Q.jpeg\" \/>\n\t<meta property=\"og:image:width\" content=\"565\" \/>\n\t<meta property=\"og:image:height\" content=\"512\" \/>\n\t<meta property=\"og:image:type\" content=\"image\/jpeg\" \/>\n<meta name=\"twitter:card\" content=\"summary_large_image\" \/>\n<script type=\"application\/ld+json\" class=\"yoast-schema-graph\">{\"@context\":\"https:\/\/schema.org\",\"@graph\":[{\"@type\":\"WebPage\",\"@id\":\"https:\/\/klimavex.eu\/cz\/katalog\/ventilator-vortice-vort-notus-t-hcs-nastavitelna-vlhkost-60-70-80-90\/\",\"url\":\"https:\/\/klimavex.eu\/cz\/katalog\/ventilator-vortice-vort-notus-t-hcs-nastavitelna-vlhkost-60-70-80-90\/\",\"name\":\"Ventil\u00e1tor Vortice Vort Notus T HCS (nastaviteln\u00e1 vlhkost 60%-70%-80%-90%) - KLIMAVEX GROUP - \u010cesko\",\"isPartOf\":{\"@id\":\"https:\/\/klimavex.eu\/cz\/#website\"},\"primaryImageOfPage\":{\"@id\":\"https:\/\/klimavex.eu\/cz\/katalog\/ventilator-vortice-vort-notus-t-hcs-nastavitelna-vlhkost-60-70-80-90\/#primaryimage\"},\"image\":{\"@id\":\"https:\/\/klimavex.eu\/cz\/katalog\/ventilator-vortice-vort-notus-t-hcs-nastavitelna-vlhkost-60-70-80-90\/#primaryimage\"},\"thumbnailUrl\":\"https:\/\/klimavex.eu\/cz\/wp-content\/uploads\/2025\/09\/eecCLKRP66bEjWALVAvY49d5Tmr26BlmzRU7SU1BJ-Q.jpeg\",\"datePublished\":\"2026-03-31T16:34:28+00:00\",\"dateModified\":\"2026-03-31T16:35:24+00:00\",\"breadcrumb\":{\"@id\":\"https:\/\/klimavex.eu\/cz\/katalog\/ventilator-vortice-vort-notus-t-hcs-nastavitelna-vlhkost-60-70-80-90\/#breadcrumb\"},\"inLanguage\":\"cs\",\"potentialAction\":[{\"@type\":\"ReadAction\",\"target\":[\"https:\/\/klimavex.eu\/cz\/katalog\/ventilator-vortice-vort-notus-t-hcs-nastavitelna-vlhkost-60-70-80-90\/\"]}]},{\"@type\":\"ImageObject\",\"inLanguage\":\"cs\",\"@id\":\"https:\/\/klimavex.eu\/cz\/katalog\/ventilator-vortice-vort-notus-t-hcs-nastavitelna-vlhkost-60-70-80-90\/#primaryimage\",\"url\":\"https:\/\/klimavex.eu\/cz\/wp-content\/uploads\/2025\/09\/eecCLKRP66bEjWALVAvY49d5Tmr26BlmzRU7SU1BJ-Q.jpeg\",\"contentUrl\":\"https:\/\/klimavex.eu\/cz\/wp-content\/uploads\/2025\/09\/eecCLKRP66bEjWALVAvY49d5Tmr26BlmzRU7SU1BJ-Q.jpeg\",\"width\":565,\"height\":512},{\"@type\":\"BreadcrumbList\",\"@id\":\"https:\/\/klimavex.eu\/cz\/katalog\/ventilator-vortice-vort-notus-t-hcs-nastavitelna-vlhkost-60-70-80-90\/#breadcrumb\",\"itemListElement\":[{\"@type\":\"ListItem\",\"position\":1,\"name\":\"Domovsk\u00e1 str\u00e1nka\",\"item\":\"https:\/\/klimavex.eu\/cz\/\"},{\"@type\":\"ListItem\",\"position\":2,\"name\":\"Eshop\",\"item\":\"https:\/\/klimavex.eu\/cz\/eshop\/\"},{\"@type\":\"ListItem\",\"position\":3,\"name\":\"Ventil\u00e1tor Vortice Vort Notus T HCS (nastaviteln\u00e1 vlhkost 60%-70%-80%-90%)\"}]},{\"@type\":\"WebSite\",\"@id\":\"https:\/\/klimavex.eu\/cz\/#website\",\"url\":\"https:\/\/klimavex.eu\/cz\/\",\"name\":\"KLIMAVEX GROUP - \u010cesko\",\"description\":\"\",\"publisher\":{\"@id\":\"https:\/\/klimavex.eu\/cz\/#organization\"},\"alternateName\":\"KLIMAVEX CZ a.s.\",\"potentialAction\":[{\"@type\":\"SearchAction\",\"target\":{\"@type\":\"EntryPoint\",\"urlTemplate\":\"https:\/\/klimavex.eu\/cz\/?s={search_term_string}\"},\"query-input\":{\"@type\":\"PropertyValueSpecification\",\"valueRequired\":true,\"valueName\":\"search_term_string\"}}],\"inLanguage\":\"cs\"},{\"@type\":\"Organization\",\"@id\":\"https:\/\/klimavex.eu\/cz\/#organization\",\"name\":\"KLIMAVEX GROUP\",\"alternateName\":\"KLIMAVEX\",\"url\":\"https:\/\/klimavex.eu\/cz\/\",\"logo\":{\"@type\":\"ImageObject\",\"inLanguage\":\"cs\",\"@id\":\"https:\/\/klimavex.eu\/cz\/#\/schema\/logo\/image\/\",\"url\":\"https:\/\/klimavex.eu\/cz\/wp-content\/uploads\/2024\/04\/Klimavex-Group-logo.png\",\"contentUrl\":\"https:\/\/klimavex.eu\/cz\/wp-content\/uploads\/2024\/04\/Klimavex-Group-logo.png\",\"width\":1681,\"height\":472,\"caption\":\"KLIMAVEX GROUP\"},\"image\":{\"@id\":\"https:\/\/klimavex.eu\/cz\/#\/schema\/logo\/image\/\"},\"sameAs\":[\"https:\/\/www.facebook.com\/klimavex.cz\",\"https:\/\/www.instagram.com\/klimavex_cz\/\"]}]}<\/script>\n<!-- \/ Yoast SEO plugin. -->","yoast_head_json":{"title":"Ventil\u00e1tor Vortice Vort Notus T HCS (nastaviteln\u00e1 vlhkost 60%-70%-80%-90%) - KLIMAVEX GROUP - \u010cesko","robots":{"index":"index","follow":"follow","max-snippet":"max-snippet:-1","max-image-preview":"max-image-preview:large","max-video-preview":"max-video-preview:-1"},"canonical":"https:\/\/klimavex.eu\/cz\/katalog\/ventilator-vortice-vort-notus-t-hcs-nastavitelna-vlhkost-60-70-80-90\/","og_locale":"cs_CZ","og_type":"article","og_title":"Ventil\u00e1tor Vortice Vort Notus T HCS (nastaviteln\u00e1 vlhkost 60%-70%-80%-90%) - KLIMAVEX GROUP - \u010cesko","og_description":"Axi&aacute;ln&iacute; ods&aacute;vac&iacute; ventil&aacute;tor vybaven&yacute; DC-EC motorem, navr\u017een&yacute; pro nep\u0159etr\u017eit&yacute; provoz. Vhodn&yacute; pro men&scaron;&iacute; a st\u0159edn\u011b velk&eacute; m&iacute;stnosti (koupelny, toalety, sklepy apod.). S p\u0159&iacute;m&yacute;m v&yacute;fukem nebo napojen&iacute;m na potrub&iacute; &Oslash; 100mm. Mont&aacute;\u017e na ze\u010f nebo do potrub&iacute;.","og_url":"https:\/\/klimavex.eu\/cz\/katalog\/ventilator-vortice-vort-notus-t-hcs-nastavitelna-vlhkost-60-70-80-90\/","og_site_name":"KLIMAVEX GROUP - \u010cesko","article_publisher":"https:\/\/www.facebook.com\/klimavex.cz","article_modified_time":"2026-03-31T16:35:24+00:00","og_image":[{"width":565,"height":512,"url":"https:\/\/klimavex.eu\/cz\/wp-content\/uploads\/2025\/09\/eecCLKRP66bEjWALVAvY49d5Tmr26BlmzRU7SU1BJ-Q.jpeg","type":"image\/jpeg"}],"twitter_card":"summary_large_image","schema":{"@context":"https:\/\/schema.org","@graph":[{"@type":"WebPage","@id":"https:\/\/klimavex.eu\/cz\/katalog\/ventilator-vortice-vort-notus-t-hcs-nastavitelna-vlhkost-60-70-80-90\/","url":"https:\/\/klimavex.eu\/cz\/katalog\/ventilator-vortice-vort-notus-t-hcs-nastavitelna-vlhkost-60-70-80-90\/","name":"Ventil\u00e1tor Vortice Vort Notus T HCS (nastaviteln\u00e1 vlhkost 60%-70%-80%-90%) - KLIMAVEX GROUP - \u010cesko","isPartOf":{"@id":"https:\/\/klimavex.eu\/cz\/#website"},"primaryImageOfPage":{"@id":"https:\/\/klimavex.eu\/cz\/katalog\/ventilator-vortice-vort-notus-t-hcs-nastavitelna-vlhkost-60-70-80-90\/#primaryimage"},"image":{"@id":"https:\/\/klimavex.eu\/cz\/katalog\/ventilator-vortice-vort-notus-t-hcs-nastavitelna-vlhkost-60-70-80-90\/#primaryimage"},"thumbnailUrl":"https:\/\/klimavex.eu\/cz\/wp-content\/uploads\/2025\/09\/eecCLKRP66bEjWALVAvY49d5Tmr26BlmzRU7SU1BJ-Q.jpeg","datePublished":"2026-03-31T16:34:28+00:00","dateModified":"2026-03-31T16:35:24+00:00","breadcrumb":{"@id":"https:\/\/klimavex.eu\/cz\/katalog\/ventilator-vortice-vort-notus-t-hcs-nastavitelna-vlhkost-60-70-80-90\/#breadcrumb"},"inLanguage":"cs","potentialAction":[{"@type":"ReadAction","target":["https:\/\/klimavex.eu\/cz\/katalog\/ventilator-vortice-vort-notus-t-hcs-nastavitelna-vlhkost-60-70-80-90\/"]}]},{"@type":"ImageObject","inLanguage":"cs","@id":"https:\/\/klimavex.eu\/cz\/katalog\/ventilator-vortice-vort-notus-t-hcs-nastavitelna-vlhkost-60-70-80-90\/#primaryimage","url":"https:\/\/klimavex.eu\/cz\/wp-content\/uploads\/2025\/09\/eecCLKRP66bEjWALVAvY49d5Tmr26BlmzRU7SU1BJ-Q.jpeg","contentUrl":"https:\/\/klimavex.eu\/cz\/wp-content\/uploads\/2025\/09\/eecCLKRP66bEjWALVAvY49d5Tmr26BlmzRU7SU1BJ-Q.jpeg","width":565,"height":512},{"@type":"BreadcrumbList","@id":"https:\/\/klimavex.eu\/cz\/katalog\/ventilator-vortice-vort-notus-t-hcs-nastavitelna-vlhkost-60-70-80-90\/#breadcrumb","itemListElement":[{"@type":"ListItem","position":1,"name":"Domovsk\u00e1 str\u00e1nka","item":"https:\/\/klimavex.eu\/cz\/"},{"@type":"ListItem","position":2,"name":"Eshop","item":"https:\/\/klimavex.eu\/cz\/eshop\/"},{"@type":"ListItem","position":3,"name":"Ventil\u00e1tor Vortice Vort Notus T HCS (nastaviteln\u00e1 vlhkost 60%-70%-80%-90%)"}]},{"@type":"WebSite","@id":"https:\/\/klimavex.eu\/cz\/#website","url":"https:\/\/klimavex.eu\/cz\/","name":"KLIMAVEX GROUP - \u010cesko","description":"","publisher":{"@id":"https:\/\/klimavex.eu\/cz\/#organization"},"alternateName":"KLIMAVEX CZ a.s.","potentialAction":[{"@type":"SearchAction","target":{"@type":"EntryPoint","urlTemplate":"https:\/\/klimavex.eu\/cz\/?s={search_term_string}"},"query-input":{"@type":"PropertyValueSpecification","valueRequired":true,"valueName":"search_term_string"}}],"inLanguage":"cs"},{"@type":"Organization","@id":"https:\/\/klimavex.eu\/cz\/#organization","name":"KLIMAVEX GROUP","alternateName":"KLIMAVEX","url":"https:\/\/klimavex.eu\/cz\/","logo":{"@type":"ImageObject","inLanguage":"cs","@id":"https:\/\/klimavex.eu\/cz\/#\/schema\/logo\/image\/","url":"https:\/\/klimavex.eu\/cz\/wp-content\/uploads\/2024\/04\/Klimavex-Group-logo.png","contentUrl":"https:\/\/klimavex.eu\/cz\/wp-content\/uploads\/2024\/04\/Klimavex-Group-logo.png","width":1681,"height":472,"caption":"KLIMAVEX GROUP"},"image":{"@id":"https:\/\/klimavex.eu\/cz\/#\/schema\/logo\/image\/"},"sameAs":["https:\/\/www.facebook.com\/klimavex.cz","https:\/\/www.instagram.com\/klimavex_cz\/"]}]}},"_links":{"self":[{"href":"https:\/\/klimavex.eu\/cz\/wp-json\/wp\/v2\/product\/543510","targetHints":{"allow":["GET"]}}],"collection":[{"href":"https:\/\/klimavex.eu\/cz\/wp-json\/wp\/v2\/product"}],"about":[{"href":"https:\/\/klimavex.eu\/cz\/wp-json\/wp\/v2\/types\/product"}],"version-history":[{"count":0,"href":"https:\/\/klimavex.eu\/cz\/wp-json\/wp\/v2\/product\/543510\/revisions"}],"wp:featuredmedia":[{"embeddable":true,"href":"https:\/\/klimavex.eu\/cz\/wp-json\/wp\/v2\/media\/548761"}],"wp:attachment":[{"href":"https:\/\/klimavex.eu\/cz\/wp-json\/wp\/v2\/media?parent=543510"}],"wp:term":[{"taxonomy":"product_cat","embeddable":true,"href":"https:\/\/klimavex.eu\/cz\/wp-json\/wp\/v2\/product_cat?post=543510"},{"taxonomy":"product_tag","embeddable":true,"href":"https:\/\/klimavex.eu\/cz\/wp-json\/wp\/v2\/product_tag?post=543510"}],"curies":[{"name":"wp","href":"https:\/\/api.w.org\/{rel}","templated":true}]}}