{"id":543516,"date":"2026-03-31T18:34:28","date_gmt":"2026-03-31T16:34:28","guid":{"rendered":"https:\/\/klimavex.eu\/cz\/katalog\/ventilator-vortice-me-100-4-ll-t-pir\/"},"modified":"2026-03-31T18:35:32","modified_gmt":"2026-03-31T16:35:32","slug":"ventilator-vortice-me-100-4-ll-t-pir","status":"publish","type":"product","link":"https:\/\/klimavex.eu\/cz\/katalog\/ventilator-vortice-me-100-4-ll-t-pir\/","title":{"rendered":"Ventil\u00e1tor Vortice ME 100\/4&#8243; LL T PIR"},"content":{"rendered":"<p style=\"text-align:justify\"><span style=\"font-size:11pt\"><span style=\"font-family:Calibri,sans-serif\"><strong>Kl&iacute;\u010dov&eacute; vlastnosti<\/strong><\/span><\/span><\/p>\n<ul>\n<li style=\"text-align:justify\"><span style=\"font-size:11pt\"><span style=\"font-family:Calibri,sans-serif\">Ventil&aacute;tor s p\u0159ipojen&iacute;m na potrub&iacute; &oslash;100mm, s \u010dasov&yacute;m sp&iacute;na\u010dem (T) a pohybov&yacute;m sn&iacute;ma\u010dem (PIR), <span style=\"color:black\">kter&yacute; aktivuje ventil&aacute;tor p\u0159i zaznamen&aacute;n&iacute; pohybu. Jakmile sn&iacute;ma\u010d p\u0159estane registrovat pohyb v m&iacute;stnosti, po uplynut&iacute; p\u0159ednastaven&eacute;ho opo\u017ed\u011bn&eacute;ho vypnut&iacute; 3-20 minut se ventil&aacute;tor vypne.<\/span><\/span><\/span><\/li>\n<li style=\"text-align:justify\"><span style=\"font-size:11pt\"><span style=\"font-family:Calibri,sans-serif\">Ventil&aacute;tor je vyroben&yacute; z anti-UV ABS um\u011bl&eacute; hmoty. <\/span><\/span><\/li>\n<li style=\"text-align:justify\"><span style=\"font-size:11pt\"><span style=\"font-family:Calibri,sans-serif\">Dvouot&aacute;\u010dkov&yacute; motor s kuli\u010dkov&yacute;mi lo\u017eisky, kter&aacute; zaji&scaron;\u0165uj&iacute; dlouhou \u017eivotnost ventil&aacute;toru a bezporuchov&yacute; provoz ventil&aacute;toru b\u011bhem 30 000 hodin.<\/span><\/span><\/li>\n<li style=\"text-align:justify\"><span style=\"font-size:11pt\"><span style=\"font-family:Calibri,sans-serif\">Mont&aacute;\u017e na st\u011bnu nebo do stropu v jak&eacute;koliv pozici. <\/span><\/span><\/li>\n<li style=\"text-align:justify\"><span style=\"font-size:11pt\"><span style=\"font-family:Calibri,sans-serif\">Vrtule se speci&aacute;ln\u011b (diagon&aacute;ln\u011b) zahnut&yacute;mi lopatkami a zabudovan&yacute; usm\u011br\u0148ova\u010d pr\u016ftoku vzduchu pro zabezpe\u010den&iacute; vysok&eacute;ho v&yacute;konu p\u0159i n&iacute;zk&yacute;ch ot&aacute;\u010dk&aacute;ch, tzn. n&iacute;zk&eacute; spot\u0159eb\u011b energie a n&iacute;zk&eacute; hlu\u010dnosti. <\/span><\/span><\/li>\n<li style=\"text-align:justify\"><span style=\"font-size:11pt\"><span style=\"font-family:Calibri,sans-serif\">Zabudovan&aacute; k\u0159&iacute;dlov&aacute; zp\u011btn&aacute; klapka. <\/span><\/span><\/li>\n<li style=\"text-align:justify\"><span style=\"font-size:11pt\"><span style=\"font-family:Calibri,sans-serif\">V&scaron;echny modely maj&iacute; kryt&iacute; IP45, tedy ochrana proti tryskaj&iacute;c&iacute; vod\u011b, kter&aacute; umo\u017e\u0148uje ventil&aacute;tor osadit v koupeln\u011b i do z&oacute;ny 1.<\/span><\/span><\/li>\n<li style=\"text-align:justify\"><span style=\"font-size:11pt\"><span style=\"font-family:Calibri,sans-serif\">Za\u0159&iacute;zen&iacute; nemus&iacute; b&yacute;t uzemn\u011bn&eacute;, m&aacute; dvojitou izolaci.<\/span><\/span><\/li>\n<\/ul>\n","protected":false},"excerpt":{"rendered":"<p style=\"text-align:justify\"><span style=\"font-size:11pt\"><span style=\"font-family:Calibri,sans-serif\">Speci&aacute;ln&iacute; axi&aacute;ln&iacute; ventil&aacute;tory s <strong>vysok&yacute;m vzduchov&yacute;m v&yacute;konem, n&iacute;zkou hlu\u010dnost&iacute; a vysok&yacute;m kryt&iacute;m<\/strong>. Vhodn&eacute; pro men&scaron;&iacute; a st\u0159edn\u011b velk&eacute; m&iacute;stnosti s <strong>p\u0159&iacute;m&yacute;m v&yacute;fukem nebo v&yacute;fukem do kr&aacute;tk&eacute;ho potrub&iacute;<\/strong> <strong>(&oslash;100mm).<\/strong> Mont&aacute;\u017e na st\u011bnu nebo do stropu v jak&eacute;koliv pozici. <strong>Punto Evo<\/strong> je \u0159ada speci&aacute;ln&iacute;ch axi&aacute;ln&iacute;ch ventil&aacute;tor\u016f italsk&eacute;ho v&yacute;robce vzduchotechniky Vortice s vysok&yacute;m vzduchov&yacute;m v&yacute;konem.<\/span><\/span><\/p>\n","protected":false},"featured_media":548791,"template":"","meta":[],"product_cat":[7563,7572,7562],"product_tag":[],"class_list":{"0":"post-543516","1":"product","2":"type-product","3":"status-publish","4":"has-post-thumbnail","6":"product_cat-ventilatory-do-koupelny-axialni","7":"product_cat-punto-evo","8":"product_cat-ventilatory","9":"pa_casovy-dobeh-t-ano","10":"pa_dostupny-tlak-pa-2452-4609","11":"pa_hlucnost-lp-3m-208-269","12":"pa_kryti-ip45","13":"pa_kulickova-loziska-ll-ano","14":"pa_provedeni-axialni","15":"pa_prumer-napojeni-mm-11619","16":"pa_typ-punto-evo","17":"pa_vzduchovy-vykon-qv-m3-65-95","18":"pa_znacka-vortice","20":"first","21":"instock","22":"taxable","23":"shipping-taxable","24":"purchasable","25":"product-type-simple"},"yoast_head":"<!-- This site is optimized with the Yoast SEO plugin v23.9 - https:\/\/yoast.com\/wordpress\/plugins\/seo\/ -->\n<title>Ventil\u00e1tor Vortice ME 100\/4&quot; LL T PIR - KLIMAVEX GROUP - \u010cesko<\/title>\n<meta name=\"robots\" content=\"index, follow, max-snippet:-1, max-image-preview:large, max-video-preview:-1\" \/>\n<link rel=\"canonical\" href=\"https:\/\/klimavex.eu\/cz\/katalog\/ventilator-vortice-me-100-4-ll-t-pir\/\" \/>\n<meta property=\"og:locale\" content=\"cs_CZ\" \/>\n<meta property=\"og:type\" content=\"article\" \/>\n<meta property=\"og:title\" content=\"Ventil\u00e1tor Vortice ME 100\/4&quot; LL T PIR - KLIMAVEX GROUP - \u010cesko\" \/>\n<meta property=\"og:description\" content=\"Speci&aacute;ln&iacute; axi&aacute;ln&iacute; ventil&aacute;tory s vysok&yacute;m vzduchov&yacute;m v&yacute;konem, n&iacute;zkou hlu\u010dnost&iacute; a vysok&yacute;m kryt&iacute;m. Vhodn&eacute; pro men&scaron;&iacute; a st\u0159edn\u011b velk&eacute; m&iacute;stnosti s p\u0159&iacute;m&yacute;m v&yacute;fukem nebo v&yacute;fukem do kr&aacute;tk&eacute;ho potrub&iacute; (&oslash;100mm). Mont&aacute;\u017e na st\u011bnu nebo do stropu v jak&eacute;koliv pozici. Punto Evo je \u0159ada speci&aacute;ln&iacute;ch axi&aacute;ln&iacute;ch ventil&aacute;tor\u016f italsk&eacute;ho v&yacute;robce vzduchotechniky Vortice s vysok&yacute;m vzduchov&yacute;m v&yacute;konem.\" \/>\n<meta property=\"og:url\" content=\"https:\/\/klimavex.eu\/cz\/katalog\/ventilator-vortice-me-100-4-ll-t-pir\/\" \/>\n<meta property=\"og:site_name\" content=\"KLIMAVEX GROUP - \u010cesko\" \/>\n<meta property=\"article:publisher\" content=\"https:\/\/www.facebook.com\/klimavex.cz\" \/>\n<meta property=\"article:modified_time\" content=\"2026-03-31T16:35:32+00:00\" \/>\n<meta property=\"og:image\" content=\"https:\/\/klimavex.eu\/cz\/wp-content\/uploads\/2025\/09\/H68QIAEAOihvlv6lW0p1IP6OvZfECPgz_rwBrzPzLEE.jpeg\" \/>\n\t<meta property=\"og:image:width\" content=\"683\" \/>\n\t<meta property=\"og:image:height\" content=\"512\" \/>\n\t<meta property=\"og:image:type\" content=\"image\/jpeg\" \/>\n<meta name=\"twitter:card\" content=\"summary_large_image\" \/>\n<meta name=\"twitter:label1\" content=\"Odhadovan\u00e1 doba \u010dten\u00ed\" \/>\n\t<meta name=\"twitter:data1\" content=\"1 minuta\" \/>\n<script type=\"application\/ld+json\" class=\"yoast-schema-graph\">{\"@context\":\"https:\/\/schema.org\",\"@graph\":[{\"@type\":\"WebPage\",\"@id\":\"https:\/\/klimavex.eu\/cz\/katalog\/ventilator-vortice-me-100-4-ll-t-pir\/\",\"url\":\"https:\/\/klimavex.eu\/cz\/katalog\/ventilator-vortice-me-100-4-ll-t-pir\/\",\"name\":\"Ventil\u00e1tor Vortice ME 100\/4\\\" LL T PIR - KLIMAVEX GROUP - \u010cesko\",\"isPartOf\":{\"@id\":\"https:\/\/klimavex.eu\/cz\/#website\"},\"primaryImageOfPage\":{\"@id\":\"https:\/\/klimavex.eu\/cz\/katalog\/ventilator-vortice-me-100-4-ll-t-pir\/#primaryimage\"},\"image\":{\"@id\":\"https:\/\/klimavex.eu\/cz\/katalog\/ventilator-vortice-me-100-4-ll-t-pir\/#primaryimage\"},\"thumbnailUrl\":\"https:\/\/klimavex.eu\/cz\/wp-content\/uploads\/2025\/09\/H68QIAEAOihvlv6lW0p1IP6OvZfECPgz_rwBrzPzLEE.jpeg\",\"datePublished\":\"2026-03-31T16:34:28+00:00\",\"dateModified\":\"2026-03-31T16:35:32+00:00\",\"breadcrumb\":{\"@id\":\"https:\/\/klimavex.eu\/cz\/katalog\/ventilator-vortice-me-100-4-ll-t-pir\/#breadcrumb\"},\"inLanguage\":\"cs\",\"potentialAction\":[{\"@type\":\"ReadAction\",\"target\":[\"https:\/\/klimavex.eu\/cz\/katalog\/ventilator-vortice-me-100-4-ll-t-pir\/\"]}]},{\"@type\":\"ImageObject\",\"inLanguage\":\"cs\",\"@id\":\"https:\/\/klimavex.eu\/cz\/katalog\/ventilator-vortice-me-100-4-ll-t-pir\/#primaryimage\",\"url\":\"https:\/\/klimavex.eu\/cz\/wp-content\/uploads\/2025\/09\/H68QIAEAOihvlv6lW0p1IP6OvZfECPgz_rwBrzPzLEE.jpeg\",\"contentUrl\":\"https:\/\/klimavex.eu\/cz\/wp-content\/uploads\/2025\/09\/H68QIAEAOihvlv6lW0p1IP6OvZfECPgz_rwBrzPzLEE.jpeg\",\"width\":683,\"height\":512},{\"@type\":\"BreadcrumbList\",\"@id\":\"https:\/\/klimavex.eu\/cz\/katalog\/ventilator-vortice-me-100-4-ll-t-pir\/#breadcrumb\",\"itemListElement\":[{\"@type\":\"ListItem\",\"position\":1,\"name\":\"Domovsk\u00e1 str\u00e1nka\",\"item\":\"https:\/\/klimavex.eu\/cz\/\"},{\"@type\":\"ListItem\",\"position\":2,\"name\":\"Eshop\",\"item\":\"https:\/\/klimavex.eu\/cz\/eshop\/\"},{\"@type\":\"ListItem\",\"position\":3,\"name\":\"Ventil\u00e1tor Vortice ME 100\/4&#8243; LL T PIR\"}]},{\"@type\":\"WebSite\",\"@id\":\"https:\/\/klimavex.eu\/cz\/#website\",\"url\":\"https:\/\/klimavex.eu\/cz\/\",\"name\":\"KLIMAVEX GROUP - \u010cesko\",\"description\":\"\",\"publisher\":{\"@id\":\"https:\/\/klimavex.eu\/cz\/#organization\"},\"alternateName\":\"KLIMAVEX CZ a.s.\",\"potentialAction\":[{\"@type\":\"SearchAction\",\"target\":{\"@type\":\"EntryPoint\",\"urlTemplate\":\"https:\/\/klimavex.eu\/cz\/?s={search_term_string}\"},\"query-input\":{\"@type\":\"PropertyValueSpecification\",\"valueRequired\":true,\"valueName\":\"search_term_string\"}}],\"inLanguage\":\"cs\"},{\"@type\":\"Organization\",\"@id\":\"https:\/\/klimavex.eu\/cz\/#organization\",\"name\":\"KLIMAVEX GROUP\",\"alternateName\":\"KLIMAVEX\",\"url\":\"https:\/\/klimavex.eu\/cz\/\",\"logo\":{\"@type\":\"ImageObject\",\"inLanguage\":\"cs\",\"@id\":\"https:\/\/klimavex.eu\/cz\/#\/schema\/logo\/image\/\",\"url\":\"https:\/\/klimavex.eu\/cz\/wp-content\/uploads\/2024\/04\/Klimavex-Group-logo.png\",\"contentUrl\":\"https:\/\/klimavex.eu\/cz\/wp-content\/uploads\/2024\/04\/Klimavex-Group-logo.png\",\"width\":1681,\"height\":472,\"caption\":\"KLIMAVEX GROUP\"},\"image\":{\"@id\":\"https:\/\/klimavex.eu\/cz\/#\/schema\/logo\/image\/\"},\"sameAs\":[\"https:\/\/www.facebook.com\/klimavex.cz\",\"https:\/\/www.instagram.com\/klimavex_cz\/\"]}]}<\/script>\n<!-- \/ Yoast SEO plugin. -->","yoast_head_json":{"title":"Ventil\u00e1tor Vortice ME 100\/4\" LL T PIR - KLIMAVEX GROUP - \u010cesko","robots":{"index":"index","follow":"follow","max-snippet":"max-snippet:-1","max-image-preview":"max-image-preview:large","max-video-preview":"max-video-preview:-1"},"canonical":"https:\/\/klimavex.eu\/cz\/katalog\/ventilator-vortice-me-100-4-ll-t-pir\/","og_locale":"cs_CZ","og_type":"article","og_title":"Ventil\u00e1tor Vortice ME 100\/4\" LL T PIR - KLIMAVEX GROUP - \u010cesko","og_description":"Speci&aacute;ln&iacute; axi&aacute;ln&iacute; ventil&aacute;tory s vysok&yacute;m vzduchov&yacute;m v&yacute;konem, n&iacute;zkou hlu\u010dnost&iacute; a vysok&yacute;m kryt&iacute;m. Vhodn&eacute; pro men&scaron;&iacute; a st\u0159edn\u011b velk&eacute; m&iacute;stnosti s p\u0159&iacute;m&yacute;m v&yacute;fukem nebo v&yacute;fukem do kr&aacute;tk&eacute;ho potrub&iacute; (&oslash;100mm). Mont&aacute;\u017e na st\u011bnu nebo do stropu v jak&eacute;koliv pozici. Punto Evo je \u0159ada speci&aacute;ln&iacute;ch axi&aacute;ln&iacute;ch ventil&aacute;tor\u016f italsk&eacute;ho v&yacute;robce vzduchotechniky Vortice s vysok&yacute;m vzduchov&yacute;m v&yacute;konem.","og_url":"https:\/\/klimavex.eu\/cz\/katalog\/ventilator-vortice-me-100-4-ll-t-pir\/","og_site_name":"KLIMAVEX GROUP - \u010cesko","article_publisher":"https:\/\/www.facebook.com\/klimavex.cz","article_modified_time":"2026-03-31T16:35:32+00:00","og_image":[{"width":683,"height":512,"url":"https:\/\/klimavex.eu\/cz\/wp-content\/uploads\/2025\/09\/H68QIAEAOihvlv6lW0p1IP6OvZfECPgz_rwBrzPzLEE.jpeg","type":"image\/jpeg"}],"twitter_card":"summary_large_image","twitter_misc":{"Odhadovan\u00e1 doba \u010dten\u00ed":"1 minuta"},"schema":{"@context":"https:\/\/schema.org","@graph":[{"@type":"WebPage","@id":"https:\/\/klimavex.eu\/cz\/katalog\/ventilator-vortice-me-100-4-ll-t-pir\/","url":"https:\/\/klimavex.eu\/cz\/katalog\/ventilator-vortice-me-100-4-ll-t-pir\/","name":"Ventil\u00e1tor Vortice ME 100\/4\" LL T PIR - KLIMAVEX GROUP - \u010cesko","isPartOf":{"@id":"https:\/\/klimavex.eu\/cz\/#website"},"primaryImageOfPage":{"@id":"https:\/\/klimavex.eu\/cz\/katalog\/ventilator-vortice-me-100-4-ll-t-pir\/#primaryimage"},"image":{"@id":"https:\/\/klimavex.eu\/cz\/katalog\/ventilator-vortice-me-100-4-ll-t-pir\/#primaryimage"},"thumbnailUrl":"https:\/\/klimavex.eu\/cz\/wp-content\/uploads\/2025\/09\/H68QIAEAOihvlv6lW0p1IP6OvZfECPgz_rwBrzPzLEE.jpeg","datePublished":"2026-03-31T16:34:28+00:00","dateModified":"2026-03-31T16:35:32+00:00","breadcrumb":{"@id":"https:\/\/klimavex.eu\/cz\/katalog\/ventilator-vortice-me-100-4-ll-t-pir\/#breadcrumb"},"inLanguage":"cs","potentialAction":[{"@type":"ReadAction","target":["https:\/\/klimavex.eu\/cz\/katalog\/ventilator-vortice-me-100-4-ll-t-pir\/"]}]},{"@type":"ImageObject","inLanguage":"cs","@id":"https:\/\/klimavex.eu\/cz\/katalog\/ventilator-vortice-me-100-4-ll-t-pir\/#primaryimage","url":"https:\/\/klimavex.eu\/cz\/wp-content\/uploads\/2025\/09\/H68QIAEAOihvlv6lW0p1IP6OvZfECPgz_rwBrzPzLEE.jpeg","contentUrl":"https:\/\/klimavex.eu\/cz\/wp-content\/uploads\/2025\/09\/H68QIAEAOihvlv6lW0p1IP6OvZfECPgz_rwBrzPzLEE.jpeg","width":683,"height":512},{"@type":"BreadcrumbList","@id":"https:\/\/klimavex.eu\/cz\/katalog\/ventilator-vortice-me-100-4-ll-t-pir\/#breadcrumb","itemListElement":[{"@type":"ListItem","position":1,"name":"Domovsk\u00e1 str\u00e1nka","item":"https:\/\/klimavex.eu\/cz\/"},{"@type":"ListItem","position":2,"name":"Eshop","item":"https:\/\/klimavex.eu\/cz\/eshop\/"},{"@type":"ListItem","position":3,"name":"Ventil\u00e1tor Vortice ME 100\/4&#8243; LL T PIR"}]},{"@type":"WebSite","@id":"https:\/\/klimavex.eu\/cz\/#website","url":"https:\/\/klimavex.eu\/cz\/","name":"KLIMAVEX GROUP - \u010cesko","description":"","publisher":{"@id":"https:\/\/klimavex.eu\/cz\/#organization"},"alternateName":"KLIMAVEX CZ a.s.","potentialAction":[{"@type":"SearchAction","target":{"@type":"EntryPoint","urlTemplate":"https:\/\/klimavex.eu\/cz\/?s={search_term_string}"},"query-input":{"@type":"PropertyValueSpecification","valueRequired":true,"valueName":"search_term_string"}}],"inLanguage":"cs"},{"@type":"Organization","@id":"https:\/\/klimavex.eu\/cz\/#organization","name":"KLIMAVEX GROUP","alternateName":"KLIMAVEX","url":"https:\/\/klimavex.eu\/cz\/","logo":{"@type":"ImageObject","inLanguage":"cs","@id":"https:\/\/klimavex.eu\/cz\/#\/schema\/logo\/image\/","url":"https:\/\/klimavex.eu\/cz\/wp-content\/uploads\/2024\/04\/Klimavex-Group-logo.png","contentUrl":"https:\/\/klimavex.eu\/cz\/wp-content\/uploads\/2024\/04\/Klimavex-Group-logo.png","width":1681,"height":472,"caption":"KLIMAVEX GROUP"},"image":{"@id":"https:\/\/klimavex.eu\/cz\/#\/schema\/logo\/image\/"},"sameAs":["https:\/\/www.facebook.com\/klimavex.cz","https:\/\/www.instagram.com\/klimavex_cz\/"]}]}},"_links":{"self":[{"href":"https:\/\/klimavex.eu\/cz\/wp-json\/wp\/v2\/product\/543516","targetHints":{"allow":["GET"]}}],"collection":[{"href":"https:\/\/klimavex.eu\/cz\/wp-json\/wp\/v2\/product"}],"about":[{"href":"https:\/\/klimavex.eu\/cz\/wp-json\/wp\/v2\/types\/product"}],"version-history":[{"count":0,"href":"https:\/\/klimavex.eu\/cz\/wp-json\/wp\/v2\/product\/543516\/revisions"}],"wp:featuredmedia":[{"embeddable":true,"href":"https:\/\/klimavex.eu\/cz\/wp-json\/wp\/v2\/media\/548791"}],"wp:attachment":[{"href":"https:\/\/klimavex.eu\/cz\/wp-json\/wp\/v2\/media?parent=543516"}],"wp:term":[{"taxonomy":"product_cat","embeddable":true,"href":"https:\/\/klimavex.eu\/cz\/wp-json\/wp\/v2\/product_cat?post=543516"},{"taxonomy":"product_tag","embeddable":true,"href":"https:\/\/klimavex.eu\/cz\/wp-json\/wp\/v2\/product_tag?post=543516"}],"curies":[{"name":"wp","href":"https:\/\/api.w.org\/{rel}","templated":true}]}}