{"id":543521,"date":"2026-03-31T18:35:39","date_gmt":"2026-03-31T16:35:39","guid":{"rendered":"https:\/\/klimavex.eu\/cz\/katalog\/vortice-electric-heater-2400-potrubni-dohrivac-pro-model-avel-450-2400w\/"},"modified":"2026-03-31T18:35:44","modified_gmt":"2026-03-31T16:35:44","slug":"vortice-electric-heater-2400-potrubni-dohrivac-pro-model-avel-450-2400w","status":"publish","type":"product","link":"https:\/\/klimavex.eu\/cz\/katalog\/vortice-electric-heater-2400-potrubni-dohrivac-pro-model-avel-450-2400w\/","title":{"rendered":"Vortice ELECTRIC HEATER 2400 Potrubn\u00ed doh\u0159\u00edva\u010d pro model AVEL 450 (2400W)"},"content":{"rendered":"<p style=\"text-align:justify\"><span style=\"font-size:11pt\"><span style=\"font-family:Calibri,sans-serif\"><strong>Detailn&iacute; popis<\/strong><\/span><\/span><\/p>\n<ul>\n<li style=\"text-align:justify\"><span style=\"font-size:11pt\"><span style=\"font-family:Calibri,sans-serif\">Dooh\u0159&iacute;va\u010d pro instalaci na p\u0159&iacute;vodn&iacute; vzduchovod \u010derstv&eacute;ho vzduchu do domu. U za\u0159&iacute;zen&iacute; je mo\u017en&aacute; regulace teploty p\u0159iv&aacute;d\u011bn&eacute;ho vzduchu d&iacute;ky \u017e&aacute;rovkov&eacute;mu termostatu, kter&yacute; aktivuje oh\u0159&iacute;va\u010d, kdy\u017e teplota klesne pod nastavenou hodnotu (mezi -30&deg;C a +30&deg;C).<\/span><\/span><\/li>\n<li style=\"text-align:justify\"><span style=\"font-size:11pt\"><span style=\"font-family:Calibri,sans-serif\">Je vybaven dvojic&iacute; termostat\u016f:<\/span><\/span>\n<ul style=\"list-style-type:circle\">\n<li style=\"text-align:justify\"><span style=\"font-size:11pt\"><span style=\"font-family:Calibri,sans-serif\">bezpe\u010dnostn&iacute;m termostatem s automatick&yacute;m resetem, nastaven&yacute;m na 45&deg;C &plusmn; 10 %.<\/span><\/span><\/li>\n<li style=\"text-align:justify\"><span style=\"font-size:11pt\"><span style=\"font-family:Calibri,sans-serif\">termostatem s ru\u010dn&iacute;m resetem (RESET) nastaven&yacute;m na 70&deg;C &plusmn; 10 %.<\/span><\/span><\/li>\n<\/ul>\n<\/li>\n<li style=\"text-align:justify\"><span style=\"font-size:11pt\"><span style=\"font-family:Calibri,sans-serif\">Stupe\u0148 ochrany sk\u0159&iacute;\u0148ky obsahuj&iacute;c&iacute; elektrick&eacute; p\u0159&iacute;pojky: IP40.<\/span><\/span><\/li>\n<li style=\"text-align:justify\"><span style=\"font-size:11pt\"><span style=\"font-family:Calibri,sans-serif\">Pr\u016fm\u011br p\u0159ipojen&iacute; potrub&iacute;: 156 mm.<\/span><\/span><\/li>\n<li style=\"text-align:justify\"><span style=\"font-size:11pt\"><span style=\"font-family:Calibri,sans-serif\">Rozm\u011bry: 161x245x400 mm.<\/span><\/span><\/li>\n<li style=\"text-align:justify\"><span style=\"font-size:11pt\"><span style=\"font-family:Calibri,sans-serif\">P\u0159&iacute;kon: 2400 W.<\/span><\/span><\/li>\n<li style=\"text-align:justify\"><span style=\"font-size:11pt\"><span style=\"font-family:Calibri,sans-serif\">Maxim&aacute;ln&iacute; proud: 10,44 A.<\/span><\/span><\/li>\n<li style=\"text-align:justify\"><span style=\"font-size:11pt\"><span style=\"font-family:Calibri,sans-serif\">Jednof&aacute;zov&eacute; p\u0159ipojen&iacute;.<\/span><\/span><\/li>\n<\/ul>\n","protected":false},"excerpt":{"rendered":"<p style=\"text-align:justify\"><span style=\"font-size:11pt\"><span style=\"font-family:Calibri,sans-serif\">Potrubn&iacute; dooh\u0159&iacute;va\u010d pro model AVEL 450 (2400W). V&iacute;ce informac&iacute; naleznete n&iacute;\u017ee v&nbsp;sekci Popis.<\/span><\/span><\/p>\n<p style=\"text-align:justify\"><span style=\"font-size:11pt\"><span style=\"font-family:Calibri,sans-serif\"><strong>Dostupnost<\/strong>: Obvykl&eacute; dod&aacute;n&iacute; 2-3 t&yacute;dny.<\/span><\/span><\/p>\n","protected":false},"featured_media":548812,"template":"","meta":[],"product_cat":[7605],"product_tag":[],"class_list":{"0":"post-543521","1":"product","2":"type-product","3":"status-publish","4":"has-post-thumbnail","6":"product_cat-prislusenstvi-ventilatory","7":"pa_typ-prislusenstvi","8":"pa_znacka-vortice","10":"first","11":"instock","12":"taxable","13":"shipping-taxable","14":"purchasable","15":"product-type-simple"},"yoast_head":"<!-- This site is optimized with the Yoast SEO plugin v23.9 - https:\/\/yoast.com\/wordpress\/plugins\/seo\/ -->\n<title>Vortice ELECTRIC HEATER 2400 Potrubn\u00ed doh\u0159\u00edva\u010d pro model AVEL 450 (2400W) - KLIMAVEX GROUP - \u010cesko<\/title>\n<meta name=\"robots\" content=\"index, follow, max-snippet:-1, max-image-preview:large, max-video-preview:-1\" \/>\n<link rel=\"canonical\" href=\"https:\/\/klimavex.eu\/cz\/katalog\/vortice-electric-heater-2400-potrubni-dohrivac-pro-model-avel-450-2400w\/\" \/>\n<meta property=\"og:locale\" content=\"cs_CZ\" \/>\n<meta property=\"og:type\" content=\"article\" \/>\n<meta property=\"og:title\" content=\"Vortice ELECTRIC HEATER 2400 Potrubn\u00ed doh\u0159\u00edva\u010d pro model AVEL 450 (2400W) - KLIMAVEX GROUP - \u010cesko\" \/>\n<meta property=\"og:description\" content=\"Potrubn&iacute; dooh\u0159&iacute;va\u010d pro model AVEL 450 (2400W). V&iacute;ce informac&iacute; naleznete n&iacute;\u017ee v&nbsp;sekci Popis. Dostupnost: Obvykl&eacute; dod&aacute;n&iacute; 2-3 t&yacute;dny.\" \/>\n<meta property=\"og:url\" content=\"https:\/\/klimavex.eu\/cz\/katalog\/vortice-electric-heater-2400-potrubni-dohrivac-pro-model-avel-450-2400w\/\" \/>\n<meta property=\"og:site_name\" content=\"KLIMAVEX GROUP - \u010cesko\" \/>\n<meta property=\"article:publisher\" content=\"https:\/\/www.facebook.com\/klimavex.cz\" \/>\n<meta property=\"article:modified_time\" content=\"2026-03-31T16:35:44+00:00\" \/>\n<meta property=\"og:image\" content=\"https:\/\/klimavex.eu\/cz\/wp-content\/uploads\/2025\/09\/FAdJKxSbtouPHCiHMwFCHk4gZLB2g0GKgqf5QMw2hGY.png\" \/>\n\t<meta property=\"og:image:width\" content=\"600\" \/>\n\t<meta property=\"og:image:height\" content=\"478\" \/>\n\t<meta property=\"og:image:type\" content=\"image\/png\" \/>\n<meta name=\"twitter:card\" content=\"summary_large_image\" \/>\n<meta name=\"twitter:label1\" content=\"Odhadovan\u00e1 doba \u010dten\u00ed\" \/>\n\t<meta name=\"twitter:data1\" content=\"1 minuta\" \/>\n<script type=\"application\/ld+json\" class=\"yoast-schema-graph\">{\"@context\":\"https:\/\/schema.org\",\"@graph\":[{\"@type\":\"WebPage\",\"@id\":\"https:\/\/klimavex.eu\/cz\/katalog\/vortice-electric-heater-2400-potrubni-dohrivac-pro-model-avel-450-2400w\/\",\"url\":\"https:\/\/klimavex.eu\/cz\/katalog\/vortice-electric-heater-2400-potrubni-dohrivac-pro-model-avel-450-2400w\/\",\"name\":\"Vortice ELECTRIC HEATER 2400 Potrubn\u00ed doh\u0159\u00edva\u010d pro model AVEL 450 (2400W) - KLIMAVEX GROUP - \u010cesko\",\"isPartOf\":{\"@id\":\"https:\/\/klimavex.eu\/cz\/#website\"},\"primaryImageOfPage\":{\"@id\":\"https:\/\/klimavex.eu\/cz\/katalog\/vortice-electric-heater-2400-potrubni-dohrivac-pro-model-avel-450-2400w\/#primaryimage\"},\"image\":{\"@id\":\"https:\/\/klimavex.eu\/cz\/katalog\/vortice-electric-heater-2400-potrubni-dohrivac-pro-model-avel-450-2400w\/#primaryimage\"},\"thumbnailUrl\":\"https:\/\/klimavex.eu\/cz\/wp-content\/uploads\/2025\/09\/FAdJKxSbtouPHCiHMwFCHk4gZLB2g0GKgqf5QMw2hGY.png\",\"datePublished\":\"2026-03-31T16:35:39+00:00\",\"dateModified\":\"2026-03-31T16:35:44+00:00\",\"breadcrumb\":{\"@id\":\"https:\/\/klimavex.eu\/cz\/katalog\/vortice-electric-heater-2400-potrubni-dohrivac-pro-model-avel-450-2400w\/#breadcrumb\"},\"inLanguage\":\"cs\",\"potentialAction\":[{\"@type\":\"ReadAction\",\"target\":[\"https:\/\/klimavex.eu\/cz\/katalog\/vortice-electric-heater-2400-potrubni-dohrivac-pro-model-avel-450-2400w\/\"]}]},{\"@type\":\"ImageObject\",\"inLanguage\":\"cs\",\"@id\":\"https:\/\/klimavex.eu\/cz\/katalog\/vortice-electric-heater-2400-potrubni-dohrivac-pro-model-avel-450-2400w\/#primaryimage\",\"url\":\"https:\/\/klimavex.eu\/cz\/wp-content\/uploads\/2025\/09\/FAdJKxSbtouPHCiHMwFCHk4gZLB2g0GKgqf5QMw2hGY.png\",\"contentUrl\":\"https:\/\/klimavex.eu\/cz\/wp-content\/uploads\/2025\/09\/FAdJKxSbtouPHCiHMwFCHk4gZLB2g0GKgqf5QMw2hGY.png\",\"width\":600,\"height\":478},{\"@type\":\"BreadcrumbList\",\"@id\":\"https:\/\/klimavex.eu\/cz\/katalog\/vortice-electric-heater-2400-potrubni-dohrivac-pro-model-avel-450-2400w\/#breadcrumb\",\"itemListElement\":[{\"@type\":\"ListItem\",\"position\":1,\"name\":\"Domovsk\u00e1 str\u00e1nka\",\"item\":\"https:\/\/klimavex.eu\/cz\/\"},{\"@type\":\"ListItem\",\"position\":2,\"name\":\"Eshop\",\"item\":\"https:\/\/klimavex.eu\/cz\/eshop\/\"},{\"@type\":\"ListItem\",\"position\":3,\"name\":\"Vortice ELECTRIC HEATER 2400 Potrubn\u00ed doh\u0159\u00edva\u010d pro model AVEL 450 (2400W)\"}]},{\"@type\":\"WebSite\",\"@id\":\"https:\/\/klimavex.eu\/cz\/#website\",\"url\":\"https:\/\/klimavex.eu\/cz\/\",\"name\":\"KLIMAVEX GROUP - \u010cesko\",\"description\":\"\",\"publisher\":{\"@id\":\"https:\/\/klimavex.eu\/cz\/#organization\"},\"alternateName\":\"KLIMAVEX CZ a.s.\",\"potentialAction\":[{\"@type\":\"SearchAction\",\"target\":{\"@type\":\"EntryPoint\",\"urlTemplate\":\"https:\/\/klimavex.eu\/cz\/?s={search_term_string}\"},\"query-input\":{\"@type\":\"PropertyValueSpecification\",\"valueRequired\":true,\"valueName\":\"search_term_string\"}}],\"inLanguage\":\"cs\"},{\"@type\":\"Organization\",\"@id\":\"https:\/\/klimavex.eu\/cz\/#organization\",\"name\":\"KLIMAVEX GROUP\",\"alternateName\":\"KLIMAVEX\",\"url\":\"https:\/\/klimavex.eu\/cz\/\",\"logo\":{\"@type\":\"ImageObject\",\"inLanguage\":\"cs\",\"@id\":\"https:\/\/klimavex.eu\/cz\/#\/schema\/logo\/image\/\",\"url\":\"https:\/\/klimavex.eu\/cz\/wp-content\/uploads\/2024\/04\/Klimavex-Group-logo.png\",\"contentUrl\":\"https:\/\/klimavex.eu\/cz\/wp-content\/uploads\/2024\/04\/Klimavex-Group-logo.png\",\"width\":1681,\"height\":472,\"caption\":\"KLIMAVEX GROUP\"},\"image\":{\"@id\":\"https:\/\/klimavex.eu\/cz\/#\/schema\/logo\/image\/\"},\"sameAs\":[\"https:\/\/www.facebook.com\/klimavex.cz\",\"https:\/\/www.instagram.com\/klimavex_cz\/\"]}]}<\/script>\n<!-- \/ Yoast SEO plugin. -->","yoast_head_json":{"title":"Vortice ELECTRIC HEATER 2400 Potrubn\u00ed doh\u0159\u00edva\u010d pro model AVEL 450 (2400W) - KLIMAVEX GROUP - \u010cesko","robots":{"index":"index","follow":"follow","max-snippet":"max-snippet:-1","max-image-preview":"max-image-preview:large","max-video-preview":"max-video-preview:-1"},"canonical":"https:\/\/klimavex.eu\/cz\/katalog\/vortice-electric-heater-2400-potrubni-dohrivac-pro-model-avel-450-2400w\/","og_locale":"cs_CZ","og_type":"article","og_title":"Vortice ELECTRIC HEATER 2400 Potrubn\u00ed doh\u0159\u00edva\u010d pro model AVEL 450 (2400W) - KLIMAVEX GROUP - \u010cesko","og_description":"Potrubn&iacute; dooh\u0159&iacute;va\u010d pro model AVEL 450 (2400W). V&iacute;ce informac&iacute; naleznete n&iacute;\u017ee v&nbsp;sekci Popis. Dostupnost: Obvykl&eacute; dod&aacute;n&iacute; 2-3 t&yacute;dny.","og_url":"https:\/\/klimavex.eu\/cz\/katalog\/vortice-electric-heater-2400-potrubni-dohrivac-pro-model-avel-450-2400w\/","og_site_name":"KLIMAVEX GROUP - \u010cesko","article_publisher":"https:\/\/www.facebook.com\/klimavex.cz","article_modified_time":"2026-03-31T16:35:44+00:00","og_image":[{"width":600,"height":478,"url":"https:\/\/klimavex.eu\/cz\/wp-content\/uploads\/2025\/09\/FAdJKxSbtouPHCiHMwFCHk4gZLB2g0GKgqf5QMw2hGY.png","type":"image\/png"}],"twitter_card":"summary_large_image","twitter_misc":{"Odhadovan\u00e1 doba \u010dten\u00ed":"1 minuta"},"schema":{"@context":"https:\/\/schema.org","@graph":[{"@type":"WebPage","@id":"https:\/\/klimavex.eu\/cz\/katalog\/vortice-electric-heater-2400-potrubni-dohrivac-pro-model-avel-450-2400w\/","url":"https:\/\/klimavex.eu\/cz\/katalog\/vortice-electric-heater-2400-potrubni-dohrivac-pro-model-avel-450-2400w\/","name":"Vortice ELECTRIC HEATER 2400 Potrubn\u00ed doh\u0159\u00edva\u010d pro model AVEL 450 (2400W) - KLIMAVEX GROUP - \u010cesko","isPartOf":{"@id":"https:\/\/klimavex.eu\/cz\/#website"},"primaryImageOfPage":{"@id":"https:\/\/klimavex.eu\/cz\/katalog\/vortice-electric-heater-2400-potrubni-dohrivac-pro-model-avel-450-2400w\/#primaryimage"},"image":{"@id":"https:\/\/klimavex.eu\/cz\/katalog\/vortice-electric-heater-2400-potrubni-dohrivac-pro-model-avel-450-2400w\/#primaryimage"},"thumbnailUrl":"https:\/\/klimavex.eu\/cz\/wp-content\/uploads\/2025\/09\/FAdJKxSbtouPHCiHMwFCHk4gZLB2g0GKgqf5QMw2hGY.png","datePublished":"2026-03-31T16:35:39+00:00","dateModified":"2026-03-31T16:35:44+00:00","breadcrumb":{"@id":"https:\/\/klimavex.eu\/cz\/katalog\/vortice-electric-heater-2400-potrubni-dohrivac-pro-model-avel-450-2400w\/#breadcrumb"},"inLanguage":"cs","potentialAction":[{"@type":"ReadAction","target":["https:\/\/klimavex.eu\/cz\/katalog\/vortice-electric-heater-2400-potrubni-dohrivac-pro-model-avel-450-2400w\/"]}]},{"@type":"ImageObject","inLanguage":"cs","@id":"https:\/\/klimavex.eu\/cz\/katalog\/vortice-electric-heater-2400-potrubni-dohrivac-pro-model-avel-450-2400w\/#primaryimage","url":"https:\/\/klimavex.eu\/cz\/wp-content\/uploads\/2025\/09\/FAdJKxSbtouPHCiHMwFCHk4gZLB2g0GKgqf5QMw2hGY.png","contentUrl":"https:\/\/klimavex.eu\/cz\/wp-content\/uploads\/2025\/09\/FAdJKxSbtouPHCiHMwFCHk4gZLB2g0GKgqf5QMw2hGY.png","width":600,"height":478},{"@type":"BreadcrumbList","@id":"https:\/\/klimavex.eu\/cz\/katalog\/vortice-electric-heater-2400-potrubni-dohrivac-pro-model-avel-450-2400w\/#breadcrumb","itemListElement":[{"@type":"ListItem","position":1,"name":"Domovsk\u00e1 str\u00e1nka","item":"https:\/\/klimavex.eu\/cz\/"},{"@type":"ListItem","position":2,"name":"Eshop","item":"https:\/\/klimavex.eu\/cz\/eshop\/"},{"@type":"ListItem","position":3,"name":"Vortice ELECTRIC HEATER 2400 Potrubn\u00ed doh\u0159\u00edva\u010d pro model AVEL 450 (2400W)"}]},{"@type":"WebSite","@id":"https:\/\/klimavex.eu\/cz\/#website","url":"https:\/\/klimavex.eu\/cz\/","name":"KLIMAVEX GROUP - \u010cesko","description":"","publisher":{"@id":"https:\/\/klimavex.eu\/cz\/#organization"},"alternateName":"KLIMAVEX CZ a.s.","potentialAction":[{"@type":"SearchAction","target":{"@type":"EntryPoint","urlTemplate":"https:\/\/klimavex.eu\/cz\/?s={search_term_string}"},"query-input":{"@type":"PropertyValueSpecification","valueRequired":true,"valueName":"search_term_string"}}],"inLanguage":"cs"},{"@type":"Organization","@id":"https:\/\/klimavex.eu\/cz\/#organization","name":"KLIMAVEX GROUP","alternateName":"KLIMAVEX","url":"https:\/\/klimavex.eu\/cz\/","logo":{"@type":"ImageObject","inLanguage":"cs","@id":"https:\/\/klimavex.eu\/cz\/#\/schema\/logo\/image\/","url":"https:\/\/klimavex.eu\/cz\/wp-content\/uploads\/2024\/04\/Klimavex-Group-logo.png","contentUrl":"https:\/\/klimavex.eu\/cz\/wp-content\/uploads\/2024\/04\/Klimavex-Group-logo.png","width":1681,"height":472,"caption":"KLIMAVEX GROUP"},"image":{"@id":"https:\/\/klimavex.eu\/cz\/#\/schema\/logo\/image\/"},"sameAs":["https:\/\/www.facebook.com\/klimavex.cz","https:\/\/www.instagram.com\/klimavex_cz\/"]}]}},"_links":{"self":[{"href":"https:\/\/klimavex.eu\/cz\/wp-json\/wp\/v2\/product\/543521","targetHints":{"allow":["GET"]}}],"collection":[{"href":"https:\/\/klimavex.eu\/cz\/wp-json\/wp\/v2\/product"}],"about":[{"href":"https:\/\/klimavex.eu\/cz\/wp-json\/wp\/v2\/types\/product"}],"version-history":[{"count":0,"href":"https:\/\/klimavex.eu\/cz\/wp-json\/wp\/v2\/product\/543521\/revisions"}],"wp:featuredmedia":[{"embeddable":true,"href":"https:\/\/klimavex.eu\/cz\/wp-json\/wp\/v2\/media\/548812"}],"wp:attachment":[{"href":"https:\/\/klimavex.eu\/cz\/wp-json\/wp\/v2\/media?parent=543521"}],"wp:term":[{"taxonomy":"product_cat","embeddable":true,"href":"https:\/\/klimavex.eu\/cz\/wp-json\/wp\/v2\/product_cat?post=543521"},{"taxonomy":"product_tag","embeddable":true,"href":"https:\/\/klimavex.eu\/cz\/wp-json\/wp\/v2\/product_tag?post=543521"}],"curies":[{"name":"wp","href":"https:\/\/api.w.org\/{rel}","templated":true}]}}