{"id":543535,"date":"2026-03-31T18:35:39","date_gmt":"2026-03-31T16:35:39","guid":{"rendered":"https:\/\/klimavex.eu\/cz\/katalog\/prenosny-elektricky-ohrivac-vortice-caldomi\/"},"modified":"2026-03-31T18:36:00","modified_gmt":"2026-03-31T16:36:00","slug":"prenosny-elektricky-ohrivac-vortice-caldomi","status":"publish","type":"product","link":"https:\/\/klimavex.eu\/cz\/katalog\/prenosny-elektricky-ohrivac-vortice-caldomi\/","title":{"rendered":"P\u0159enosn\u00fd elektrick\u00fd oh\u0159\u00edva\u010d Vortice Caldomi"},"content":{"rendered":"<p style=\"text-align: justify;\"><strong>Kl&iacute;\u010dov&eacute; vlastnosti:<\/strong><\/p>\n<ul>\n<li style=\"text-align: justify;\">Funkce protimrazov&eacute; ochrany. Automatick&eacute; zapnut&iacute; p\u0159i poklesu okoln&iacute; teploty pod 5&deg;C.<\/li>\n<li style=\"text-align: justify;\">Za\u0159&iacute;zen&iacute; nemus&iacute; b&yacute;t uzemn\u011bno, m&aacute; dvojitou izolaci.<\/li>\n<li style=\"text-align: justify;\">Nap&aacute;jec&iacute; kabel m&aacute; d&eacute;lku 2m.<\/li>\n<li style=\"text-align: justify;\">Sou\u010d&aacute;st&iacute; dod&aacute;vky je sada pro mont&aacute;\u017e na st\u011bnu.<\/li>\n<li style=\"text-align: justify;\">Pro snadnou mont&aacute;\u017e na st\u011bnu je Caldomi vybaveno vymezovac&iacute;mi kol&iacute;ky a mont&aacute;\u017en&iacute; konzol&iacute;.<\/li>\n<\/ul>\n","protected":false},"excerpt":{"rendered":"<p style=\"text-align: justify;\">P\u0159enosn&yacute; pokojov&yacute; elektrick&yacute; oh\u0159&iacute;va\u010d <strong>Vortice Caldomi <\/strong>slou\u017e&iacute; jako <strong>dopln\u011bk k ji\u017e existuj&iacute;c&iacute;mu topn&eacute;mu syst&eacute;mu<\/strong>. S nastaviteln&yacute;m termostatem a tepelnou ochranou s manu&aacute;ln&iacute;m resetem. Mo\u017enost mont&aacute;\u017ee na ze\u010f.<\/p>\n","protected":false},"featured_media":548869,"template":"","meta":[],"product_cat":[7639,7562,7631],"product_tag":[],"class_list":{"0":"post-543535","1":"product","2":"type-product","3":"status-publish","4":"has-post-thumbnail","6":"product_cat-caldore-caldomi","7":"product_cat-ventilatory","8":"product_cat-elektricke-ohrivace-a-cistice-vzduchu","9":"pa_el-prikon-w-1000-2000","10":"pa_kryti-ipx1","11":"pa_provedeni-ohrivac","12":"pa_znacka-vortice","14":"first","15":"instock","16":"taxable","17":"shipping-taxable","18":"purchasable","19":"product-type-simple"},"yoast_head":"<!-- This site is optimized with the Yoast SEO plugin v23.9 - https:\/\/yoast.com\/wordpress\/plugins\/seo\/ -->\n<title>P\u0159enosn\u00fd elektrick\u00fd oh\u0159\u00edva\u010d Vortice Caldomi - KLIMAVEX GROUP - \u010cesko<\/title>\n<meta name=\"robots\" content=\"index, follow, max-snippet:-1, max-image-preview:large, max-video-preview:-1\" \/>\n<link rel=\"canonical\" href=\"https:\/\/klimavex.eu\/cz\/katalog\/prenosny-elektricky-ohrivac-vortice-caldomi\/\" \/>\n<meta property=\"og:locale\" content=\"cs_CZ\" \/>\n<meta property=\"og:type\" content=\"article\" \/>\n<meta property=\"og:title\" content=\"P\u0159enosn\u00fd elektrick\u00fd oh\u0159\u00edva\u010d Vortice Caldomi - KLIMAVEX GROUP - \u010cesko\" \/>\n<meta property=\"og:description\" content=\"P\u0159enosn&yacute; pokojov&yacute; elektrick&yacute; oh\u0159&iacute;va\u010d Vortice Caldomi slou\u017e&iacute; jako dopln\u011bk k ji\u017e existuj&iacute;c&iacute;mu topn&eacute;mu syst&eacute;mu. S nastaviteln&yacute;m termostatem a tepelnou ochranou s manu&aacute;ln&iacute;m resetem. Mo\u017enost mont&aacute;\u017ee na ze\u010f.\" \/>\n<meta property=\"og:url\" content=\"https:\/\/klimavex.eu\/cz\/katalog\/prenosny-elektricky-ohrivac-vortice-caldomi\/\" \/>\n<meta property=\"og:site_name\" content=\"KLIMAVEX GROUP - \u010cesko\" \/>\n<meta property=\"article:publisher\" content=\"https:\/\/www.facebook.com\/klimavex.cz\" \/>\n<meta property=\"article:modified_time\" content=\"2026-03-31T16:36:00+00:00\" \/>\n<meta property=\"og:image\" content=\"https:\/\/klimavex.eu\/cz\/wp-content\/uploads\/2025\/09\/ipgN4KJnyGnSUSS8E6sEPbEUnOBzyTVR-D_5xbMPbNk.png\" \/>\n\t<meta property=\"og:image:width\" content=\"572\" \/>\n\t<meta property=\"og:image:height\" content=\"512\" \/>\n\t<meta property=\"og:image:type\" content=\"image\/png\" \/>\n<meta name=\"twitter:card\" content=\"summary_large_image\" \/>\n<script type=\"application\/ld+json\" class=\"yoast-schema-graph\">{\"@context\":\"https:\/\/schema.org\",\"@graph\":[{\"@type\":\"WebPage\",\"@id\":\"https:\/\/klimavex.eu\/cz\/katalog\/prenosny-elektricky-ohrivac-vortice-caldomi\/\",\"url\":\"https:\/\/klimavex.eu\/cz\/katalog\/prenosny-elektricky-ohrivac-vortice-caldomi\/\",\"name\":\"P\u0159enosn\u00fd elektrick\u00fd oh\u0159\u00edva\u010d Vortice Caldomi - KLIMAVEX GROUP - \u010cesko\",\"isPartOf\":{\"@id\":\"https:\/\/klimavex.eu\/cz\/#website\"},\"primaryImageOfPage\":{\"@id\":\"https:\/\/klimavex.eu\/cz\/katalog\/prenosny-elektricky-ohrivac-vortice-caldomi\/#primaryimage\"},\"image\":{\"@id\":\"https:\/\/klimavex.eu\/cz\/katalog\/prenosny-elektricky-ohrivac-vortice-caldomi\/#primaryimage\"},\"thumbnailUrl\":\"https:\/\/klimavex.eu\/cz\/wp-content\/uploads\/2025\/09\/ipgN4KJnyGnSUSS8E6sEPbEUnOBzyTVR-D_5xbMPbNk.png\",\"datePublished\":\"2026-03-31T16:35:39+00:00\",\"dateModified\":\"2026-03-31T16:36:00+00:00\",\"breadcrumb\":{\"@id\":\"https:\/\/klimavex.eu\/cz\/katalog\/prenosny-elektricky-ohrivac-vortice-caldomi\/#breadcrumb\"},\"inLanguage\":\"cs\",\"potentialAction\":[{\"@type\":\"ReadAction\",\"target\":[\"https:\/\/klimavex.eu\/cz\/katalog\/prenosny-elektricky-ohrivac-vortice-caldomi\/\"]}]},{\"@type\":\"ImageObject\",\"inLanguage\":\"cs\",\"@id\":\"https:\/\/klimavex.eu\/cz\/katalog\/prenosny-elektricky-ohrivac-vortice-caldomi\/#primaryimage\",\"url\":\"https:\/\/klimavex.eu\/cz\/wp-content\/uploads\/2025\/09\/ipgN4KJnyGnSUSS8E6sEPbEUnOBzyTVR-D_5xbMPbNk.png\",\"contentUrl\":\"https:\/\/klimavex.eu\/cz\/wp-content\/uploads\/2025\/09\/ipgN4KJnyGnSUSS8E6sEPbEUnOBzyTVR-D_5xbMPbNk.png\",\"width\":572,\"height\":512},{\"@type\":\"BreadcrumbList\",\"@id\":\"https:\/\/klimavex.eu\/cz\/katalog\/prenosny-elektricky-ohrivac-vortice-caldomi\/#breadcrumb\",\"itemListElement\":[{\"@type\":\"ListItem\",\"position\":1,\"name\":\"Domovsk\u00e1 str\u00e1nka\",\"item\":\"https:\/\/klimavex.eu\/cz\/\"},{\"@type\":\"ListItem\",\"position\":2,\"name\":\"Eshop\",\"item\":\"https:\/\/klimavex.eu\/cz\/eshop\/\"},{\"@type\":\"ListItem\",\"position\":3,\"name\":\"P\u0159enosn\u00fd elektrick\u00fd oh\u0159\u00edva\u010d Vortice Caldomi\"}]},{\"@type\":\"WebSite\",\"@id\":\"https:\/\/klimavex.eu\/cz\/#website\",\"url\":\"https:\/\/klimavex.eu\/cz\/\",\"name\":\"KLIMAVEX GROUP - \u010cesko\",\"description\":\"\",\"publisher\":{\"@id\":\"https:\/\/klimavex.eu\/cz\/#organization\"},\"alternateName\":\"KLIMAVEX CZ a.s.\",\"potentialAction\":[{\"@type\":\"SearchAction\",\"target\":{\"@type\":\"EntryPoint\",\"urlTemplate\":\"https:\/\/klimavex.eu\/cz\/?s={search_term_string}\"},\"query-input\":{\"@type\":\"PropertyValueSpecification\",\"valueRequired\":true,\"valueName\":\"search_term_string\"}}],\"inLanguage\":\"cs\"},{\"@type\":\"Organization\",\"@id\":\"https:\/\/klimavex.eu\/cz\/#organization\",\"name\":\"KLIMAVEX GROUP\",\"alternateName\":\"KLIMAVEX\",\"url\":\"https:\/\/klimavex.eu\/cz\/\",\"logo\":{\"@type\":\"ImageObject\",\"inLanguage\":\"cs\",\"@id\":\"https:\/\/klimavex.eu\/cz\/#\/schema\/logo\/image\/\",\"url\":\"https:\/\/klimavex.eu\/cz\/wp-content\/uploads\/2024\/04\/Klimavex-Group-logo.png\",\"contentUrl\":\"https:\/\/klimavex.eu\/cz\/wp-content\/uploads\/2024\/04\/Klimavex-Group-logo.png\",\"width\":1681,\"height\":472,\"caption\":\"KLIMAVEX GROUP\"},\"image\":{\"@id\":\"https:\/\/klimavex.eu\/cz\/#\/schema\/logo\/image\/\"},\"sameAs\":[\"https:\/\/www.facebook.com\/klimavex.cz\",\"https:\/\/www.instagram.com\/klimavex_cz\/\"]}]}<\/script>\n<!-- \/ Yoast SEO plugin. -->","yoast_head_json":{"title":"P\u0159enosn\u00fd elektrick\u00fd oh\u0159\u00edva\u010d Vortice Caldomi - KLIMAVEX GROUP - \u010cesko","robots":{"index":"index","follow":"follow","max-snippet":"max-snippet:-1","max-image-preview":"max-image-preview:large","max-video-preview":"max-video-preview:-1"},"canonical":"https:\/\/klimavex.eu\/cz\/katalog\/prenosny-elektricky-ohrivac-vortice-caldomi\/","og_locale":"cs_CZ","og_type":"article","og_title":"P\u0159enosn\u00fd elektrick\u00fd oh\u0159\u00edva\u010d Vortice Caldomi - KLIMAVEX GROUP - \u010cesko","og_description":"P\u0159enosn&yacute; pokojov&yacute; elektrick&yacute; oh\u0159&iacute;va\u010d Vortice Caldomi slou\u017e&iacute; jako dopln\u011bk k ji\u017e existuj&iacute;c&iacute;mu topn&eacute;mu syst&eacute;mu. S nastaviteln&yacute;m termostatem a tepelnou ochranou s manu&aacute;ln&iacute;m resetem. Mo\u017enost mont&aacute;\u017ee na ze\u010f.","og_url":"https:\/\/klimavex.eu\/cz\/katalog\/prenosny-elektricky-ohrivac-vortice-caldomi\/","og_site_name":"KLIMAVEX GROUP - \u010cesko","article_publisher":"https:\/\/www.facebook.com\/klimavex.cz","article_modified_time":"2026-03-31T16:36:00+00:00","og_image":[{"width":572,"height":512,"url":"https:\/\/klimavex.eu\/cz\/wp-content\/uploads\/2025\/09\/ipgN4KJnyGnSUSS8E6sEPbEUnOBzyTVR-D_5xbMPbNk.png","type":"image\/png"}],"twitter_card":"summary_large_image","schema":{"@context":"https:\/\/schema.org","@graph":[{"@type":"WebPage","@id":"https:\/\/klimavex.eu\/cz\/katalog\/prenosny-elektricky-ohrivac-vortice-caldomi\/","url":"https:\/\/klimavex.eu\/cz\/katalog\/prenosny-elektricky-ohrivac-vortice-caldomi\/","name":"P\u0159enosn\u00fd elektrick\u00fd oh\u0159\u00edva\u010d Vortice Caldomi - KLIMAVEX GROUP - \u010cesko","isPartOf":{"@id":"https:\/\/klimavex.eu\/cz\/#website"},"primaryImageOfPage":{"@id":"https:\/\/klimavex.eu\/cz\/katalog\/prenosny-elektricky-ohrivac-vortice-caldomi\/#primaryimage"},"image":{"@id":"https:\/\/klimavex.eu\/cz\/katalog\/prenosny-elektricky-ohrivac-vortice-caldomi\/#primaryimage"},"thumbnailUrl":"https:\/\/klimavex.eu\/cz\/wp-content\/uploads\/2025\/09\/ipgN4KJnyGnSUSS8E6sEPbEUnOBzyTVR-D_5xbMPbNk.png","datePublished":"2026-03-31T16:35:39+00:00","dateModified":"2026-03-31T16:36:00+00:00","breadcrumb":{"@id":"https:\/\/klimavex.eu\/cz\/katalog\/prenosny-elektricky-ohrivac-vortice-caldomi\/#breadcrumb"},"inLanguage":"cs","potentialAction":[{"@type":"ReadAction","target":["https:\/\/klimavex.eu\/cz\/katalog\/prenosny-elektricky-ohrivac-vortice-caldomi\/"]}]},{"@type":"ImageObject","inLanguage":"cs","@id":"https:\/\/klimavex.eu\/cz\/katalog\/prenosny-elektricky-ohrivac-vortice-caldomi\/#primaryimage","url":"https:\/\/klimavex.eu\/cz\/wp-content\/uploads\/2025\/09\/ipgN4KJnyGnSUSS8E6sEPbEUnOBzyTVR-D_5xbMPbNk.png","contentUrl":"https:\/\/klimavex.eu\/cz\/wp-content\/uploads\/2025\/09\/ipgN4KJnyGnSUSS8E6sEPbEUnOBzyTVR-D_5xbMPbNk.png","width":572,"height":512},{"@type":"BreadcrumbList","@id":"https:\/\/klimavex.eu\/cz\/katalog\/prenosny-elektricky-ohrivac-vortice-caldomi\/#breadcrumb","itemListElement":[{"@type":"ListItem","position":1,"name":"Domovsk\u00e1 str\u00e1nka","item":"https:\/\/klimavex.eu\/cz\/"},{"@type":"ListItem","position":2,"name":"Eshop","item":"https:\/\/klimavex.eu\/cz\/eshop\/"},{"@type":"ListItem","position":3,"name":"P\u0159enosn\u00fd elektrick\u00fd oh\u0159\u00edva\u010d Vortice Caldomi"}]},{"@type":"WebSite","@id":"https:\/\/klimavex.eu\/cz\/#website","url":"https:\/\/klimavex.eu\/cz\/","name":"KLIMAVEX GROUP - \u010cesko","description":"","publisher":{"@id":"https:\/\/klimavex.eu\/cz\/#organization"},"alternateName":"KLIMAVEX CZ a.s.","potentialAction":[{"@type":"SearchAction","target":{"@type":"EntryPoint","urlTemplate":"https:\/\/klimavex.eu\/cz\/?s={search_term_string}"},"query-input":{"@type":"PropertyValueSpecification","valueRequired":true,"valueName":"search_term_string"}}],"inLanguage":"cs"},{"@type":"Organization","@id":"https:\/\/klimavex.eu\/cz\/#organization","name":"KLIMAVEX GROUP","alternateName":"KLIMAVEX","url":"https:\/\/klimavex.eu\/cz\/","logo":{"@type":"ImageObject","inLanguage":"cs","@id":"https:\/\/klimavex.eu\/cz\/#\/schema\/logo\/image\/","url":"https:\/\/klimavex.eu\/cz\/wp-content\/uploads\/2024\/04\/Klimavex-Group-logo.png","contentUrl":"https:\/\/klimavex.eu\/cz\/wp-content\/uploads\/2024\/04\/Klimavex-Group-logo.png","width":1681,"height":472,"caption":"KLIMAVEX GROUP"},"image":{"@id":"https:\/\/klimavex.eu\/cz\/#\/schema\/logo\/image\/"},"sameAs":["https:\/\/www.facebook.com\/klimavex.cz","https:\/\/www.instagram.com\/klimavex_cz\/"]}]}},"_links":{"self":[{"href":"https:\/\/klimavex.eu\/cz\/wp-json\/wp\/v2\/product\/543535","targetHints":{"allow":["GET"]}}],"collection":[{"href":"https:\/\/klimavex.eu\/cz\/wp-json\/wp\/v2\/product"}],"about":[{"href":"https:\/\/klimavex.eu\/cz\/wp-json\/wp\/v2\/types\/product"}],"version-history":[{"count":0,"href":"https:\/\/klimavex.eu\/cz\/wp-json\/wp\/v2\/product\/543535\/revisions"}],"wp:featuredmedia":[{"embeddable":true,"href":"https:\/\/klimavex.eu\/cz\/wp-json\/wp\/v2\/media\/548869"}],"wp:attachment":[{"href":"https:\/\/klimavex.eu\/cz\/wp-json\/wp\/v2\/media?parent=543535"}],"wp:term":[{"taxonomy":"product_cat","embeddable":true,"href":"https:\/\/klimavex.eu\/cz\/wp-json\/wp\/v2\/product_cat?post=543535"},{"taxonomy":"product_tag","embeddable":true,"href":"https:\/\/klimavex.eu\/cz\/wp-json\/wp\/v2\/product_tag?post=543535"}],"curies":[{"name":"wp","href":"https:\/\/api.w.org\/{rel}","templated":true}]}}