{"id":543555,"date":"2026-04-08T21:03:06","date_gmt":"2026-04-08T19:03:06","guid":{"rendered":"https:\/\/klimavex.eu\/cz\/katalog\/ventilator-vortice-rf-eu-t-70-4p\/"},"modified":"2026-04-08T21:03:22","modified_gmt":"2026-04-08T19:03:22","slug":"ventilator-vortice-rf-eu-t-70-4p","status":"publish","type":"product","link":"https:\/\/klimavex.eu\/cz\/katalog\/ventilator-vortice-rf-eu-t-70-4p\/","title":{"rendered":"Ventil\u00e1tor Vortice RF EU T 70 4P"},"content":{"rendered":"<p style=\"text-align: justify;\"><strong>Kl&iacute;\u010dov&eacute; vlastnosti:<\/strong><\/p>\n<ul>\n<li style=\"text-align: justify;\">Ventil&aacute;tory s asynchronn&iacute;m induk\u010dn&iacute;m motorem a kuli\u010dkov&yacute;mi lo\u017eisky, kter&aacute; zaji&scaron;\u0165uj&iacute; dlouhou \u017eivotnost a bezporuchov&yacute; provoz ventil&aacute;toru po dobu 30 000 hodin.<\/li>\n<li style=\"text-align: justify;\">Kryt ventil&aacute;toru vyroben&yacute; z oceli s epoxidov&yacute;m povrchov&yacute;m n&aacute;t\u011brem pro zaji&scaron;t\u011bn&iacute; odolnosti v\u016f\u010di korozi a prodlou\u017een&iacute; \u017eivotnosti.<\/li>\n<li style=\"text-align: justify;\">Aerodynamicky tvarovan&yacute; sac&iacute; otvor z ocelov&eacute;ho plechu s polyesterovou povrchovou &uacute;pravou.<\/li>\n<li style=\"text-align: justify;\">Ob\u011b\u017en&eacute; kolo z pozinkovan&eacute; oceli se samo\u010distiteln&yacute;mi, dozadu zahnut&yacute;mi lopatkami, chr&aacute;n\u011bn&eacute; ochrannou m\u0159&iacute;\u017ekou z nerezav\u011bj&iacute;c&iacute; oceli.<\/li>\n<li style=\"text-align: justify;\">Za\u0159&iacute;zen&iacute; je ur\u010deno pro ods&aacute;v&aacute;n&iacute; \u010dist&eacute;ho vzduchu &ndash; bez prachu, mastn&yacute;ch \u010d&aacute;stic, saz&iacute;, chemick&yacute;ch a korozivn&iacute;ch \u010dinidel nebo v&yacute;bu&scaron;n&yacute;ch \u010di ho\u0159lav&yacute;ch sm\u011bs&iacute; a dal&scaron;&iacute;ch zne\u010di&scaron;t\u011bn&iacute; vznikaj&iacute;c&iacute;ch z v&yacute;robn&iacute;ho procesu (nap\u0159. piliny&#8230;).<\/li>\n<li style=\"text-align: justify;\">Bezpe\u010dnostn&iacute; lanko pro ukotven&iacute; ventil&aacute;toru k mont&aacute;\u017en&iacute;mu z&aacute;kladu.<\/li>\n<li style=\"text-align: justify;\">Z&aacute;v\u011bsn&aacute; oka pro jednoduchou manipulaci p\u0159i zved&aacute;n&iacute; a transportu.<\/li>\n<li style=\"text-align: justify;\">Za\u0159&iacute;zen&iacute; mus&iacute; b&yacute;t uzemn\u011bno.<\/li>\n<\/ul>\n","protected":false},"excerpt":{"rendered":"<p style=\"text-align: justify;\"><strong>N&aacute;st\u0159e&scaron;n&iacute; ventil&aacute;tor <\/strong>Vortice Torrette s horizont&aacute;ln&iacute;m v&yacute;fukem. <strong>Jednoduch&aacute; a snadn&aacute; mont&aacute;\u017e <\/strong>na jak&yacute;koli typ st\u0159echy obytn&yacute;ch, komer\u010dn&iacute;ch a pr\u016fmyslov&yacute;ch budov. Ventil&aacute;tor nen&iacute; vhodn&yacute; pro ods&aacute;v&aacute;n&iacute; vzduchu p\u0159&iacute;mo z krbu nebo kotl\u016f.<\/p>\n","protected":false},"featured_media":548977,"template":"","meta":[],"product_cat":[10775,10769,10776],"product_tag":[],"class_list":{"0":"post-543555","1":"product","2":"type-product","3":"status-publish","4":"has-post-thumbnail","6":"product_cat-ventilatory-archivovane-produkty","7":"product_cat-archivovane-produkty","8":"product_cat-archivovane-produkty-ventilatory","9":"pa_dostupny-tlak-pa-12851","10":"pa_hlucnost-lp-3m-11840","11":"pa_kryti-ip54","12":"pa_kulickova-loziska-ll-ano","13":"pa_label-archivovany","14":"pa_provedeni-nastresni","15":"pa_typ-rf-eu","16":"pa_vzduchovy-vykon-qv-m3-12850","17":"pa_znacka-vortice","19":"first","20":"outofstock","21":"taxable","22":"shipping-taxable","23":"purchasable","24":"product-type-simple"},"yoast_head":"<!-- This site is optimized with the Yoast SEO plugin v23.9 - https:\/\/yoast.com\/wordpress\/plugins\/seo\/ -->\n<title>Ventil\u00e1tor Vortice RF EU T 70 4P - KLIMAVEX GROUP - \u010cesko<\/title>\n<meta name=\"robots\" content=\"index, follow, max-snippet:-1, max-image-preview:large, max-video-preview:-1\" \/>\n<link rel=\"canonical\" href=\"https:\/\/klimavex.eu\/cz\/katalog\/ventilator-vortice-rf-eu-t-70-4p\/\" \/>\n<meta property=\"og:locale\" content=\"cs_CZ\" \/>\n<meta property=\"og:type\" content=\"article\" \/>\n<meta property=\"og:title\" content=\"Ventil\u00e1tor Vortice RF EU T 70 4P - KLIMAVEX GROUP - \u010cesko\" \/>\n<meta property=\"og:description\" content=\"N&aacute;st\u0159e&scaron;n&iacute; ventil&aacute;tor Vortice Torrette s horizont&aacute;ln&iacute;m v&yacute;fukem. Jednoduch&aacute; a snadn&aacute; mont&aacute;\u017e na jak&yacute;koli typ st\u0159echy obytn&yacute;ch, komer\u010dn&iacute;ch a pr\u016fmyslov&yacute;ch budov. Ventil&aacute;tor nen&iacute; vhodn&yacute; pro ods&aacute;v&aacute;n&iacute; vzduchu p\u0159&iacute;mo z krbu nebo kotl\u016f.\" \/>\n<meta property=\"og:url\" content=\"https:\/\/klimavex.eu\/cz\/katalog\/ventilator-vortice-rf-eu-t-70-4p\/\" \/>\n<meta property=\"og:site_name\" content=\"KLIMAVEX GROUP - \u010cesko\" \/>\n<meta property=\"article:publisher\" content=\"https:\/\/www.facebook.com\/klimavex.cz\" \/>\n<meta property=\"article:modified_time\" content=\"2026-04-08T19:03:22+00:00\" \/>\n<meta property=\"og:image\" content=\"https:\/\/klimavex.eu\/cz\/wp-content\/uploads\/2025\/09\/DmldgTxZumdN9TM7qlTqrTzmmbXp7s_vsZt1IoetvCs.png\" \/>\n\t<meta property=\"og:image:width\" content=\"572\" \/>\n\t<meta property=\"og:image:height\" content=\"512\" \/>\n\t<meta property=\"og:image:type\" content=\"image\/png\" \/>\n<meta name=\"twitter:card\" content=\"summary_large_image\" \/>\n<meta name=\"twitter:label1\" content=\"Odhadovan\u00e1 doba \u010dten\u00ed\" \/>\n\t<meta name=\"twitter:data1\" content=\"1 minuta\" \/>\n<script type=\"application\/ld+json\" class=\"yoast-schema-graph\">{\"@context\":\"https:\/\/schema.org\",\"@graph\":[{\"@type\":\"WebPage\",\"@id\":\"https:\/\/klimavex.eu\/cz\/katalog\/ventilator-vortice-rf-eu-t-70-4p\/\",\"url\":\"https:\/\/klimavex.eu\/cz\/katalog\/ventilator-vortice-rf-eu-t-70-4p\/\",\"name\":\"Ventil\u00e1tor Vortice RF EU T 70 4P - KLIMAVEX GROUP - \u010cesko\",\"isPartOf\":{\"@id\":\"https:\/\/klimavex.eu\/cz\/#website\"},\"primaryImageOfPage\":{\"@id\":\"https:\/\/klimavex.eu\/cz\/katalog\/ventilator-vortice-rf-eu-t-70-4p\/#primaryimage\"},\"image\":{\"@id\":\"https:\/\/klimavex.eu\/cz\/katalog\/ventilator-vortice-rf-eu-t-70-4p\/#primaryimage\"},\"thumbnailUrl\":\"https:\/\/klimavex.eu\/cz\/wp-content\/uploads\/2025\/09\/DmldgTxZumdN9TM7qlTqrTzmmbXp7s_vsZt1IoetvCs.png\",\"datePublished\":\"2026-04-08T19:03:06+00:00\",\"dateModified\":\"2026-04-08T19:03:22+00:00\",\"breadcrumb\":{\"@id\":\"https:\/\/klimavex.eu\/cz\/katalog\/ventilator-vortice-rf-eu-t-70-4p\/#breadcrumb\"},\"inLanguage\":\"cs\",\"potentialAction\":[{\"@type\":\"ReadAction\",\"target\":[\"https:\/\/klimavex.eu\/cz\/katalog\/ventilator-vortice-rf-eu-t-70-4p\/\"]}]},{\"@type\":\"ImageObject\",\"inLanguage\":\"cs\",\"@id\":\"https:\/\/klimavex.eu\/cz\/katalog\/ventilator-vortice-rf-eu-t-70-4p\/#primaryimage\",\"url\":\"https:\/\/klimavex.eu\/cz\/wp-content\/uploads\/2025\/09\/DmldgTxZumdN9TM7qlTqrTzmmbXp7s_vsZt1IoetvCs.png\",\"contentUrl\":\"https:\/\/klimavex.eu\/cz\/wp-content\/uploads\/2025\/09\/DmldgTxZumdN9TM7qlTqrTzmmbXp7s_vsZt1IoetvCs.png\",\"width\":572,\"height\":512},{\"@type\":\"BreadcrumbList\",\"@id\":\"https:\/\/klimavex.eu\/cz\/katalog\/ventilator-vortice-rf-eu-t-70-4p\/#breadcrumb\",\"itemListElement\":[{\"@type\":\"ListItem\",\"position\":1,\"name\":\"Domovsk\u00e1 str\u00e1nka\",\"item\":\"https:\/\/klimavex.eu\/cz\/\"},{\"@type\":\"ListItem\",\"position\":2,\"name\":\"Eshop\",\"item\":\"https:\/\/klimavex.eu\/cz\/eshop\/\"},{\"@type\":\"ListItem\",\"position\":3,\"name\":\"Ventil\u00e1tor Vortice RF EU T 70 4P\"}]},{\"@type\":\"WebSite\",\"@id\":\"https:\/\/klimavex.eu\/cz\/#website\",\"url\":\"https:\/\/klimavex.eu\/cz\/\",\"name\":\"KLIMAVEX GROUP - \u010cesko\",\"description\":\"\",\"publisher\":{\"@id\":\"https:\/\/klimavex.eu\/cz\/#organization\"},\"alternateName\":\"KLIMAVEX CZ a.s.\",\"potentialAction\":[{\"@type\":\"SearchAction\",\"target\":{\"@type\":\"EntryPoint\",\"urlTemplate\":\"https:\/\/klimavex.eu\/cz\/?s={search_term_string}\"},\"query-input\":{\"@type\":\"PropertyValueSpecification\",\"valueRequired\":true,\"valueName\":\"search_term_string\"}}],\"inLanguage\":\"cs\"},{\"@type\":\"Organization\",\"@id\":\"https:\/\/klimavex.eu\/cz\/#organization\",\"name\":\"KLIMAVEX GROUP\",\"alternateName\":\"KLIMAVEX\",\"url\":\"https:\/\/klimavex.eu\/cz\/\",\"logo\":{\"@type\":\"ImageObject\",\"inLanguage\":\"cs\",\"@id\":\"https:\/\/klimavex.eu\/cz\/#\/schema\/logo\/image\/\",\"url\":\"https:\/\/klimavex.eu\/cz\/wp-content\/uploads\/2024\/04\/Klimavex-Group-logo.png\",\"contentUrl\":\"https:\/\/klimavex.eu\/cz\/wp-content\/uploads\/2024\/04\/Klimavex-Group-logo.png\",\"width\":1681,\"height\":472,\"caption\":\"KLIMAVEX GROUP\"},\"image\":{\"@id\":\"https:\/\/klimavex.eu\/cz\/#\/schema\/logo\/image\/\"},\"sameAs\":[\"https:\/\/www.facebook.com\/klimavex.cz\",\"https:\/\/www.instagram.com\/klimavex_cz\/\"]}]}<\/script>\n<!-- \/ Yoast SEO plugin. -->","yoast_head_json":{"title":"Ventil\u00e1tor Vortice RF EU T 70 4P - KLIMAVEX GROUP - \u010cesko","robots":{"index":"index","follow":"follow","max-snippet":"max-snippet:-1","max-image-preview":"max-image-preview:large","max-video-preview":"max-video-preview:-1"},"canonical":"https:\/\/klimavex.eu\/cz\/katalog\/ventilator-vortice-rf-eu-t-70-4p\/","og_locale":"cs_CZ","og_type":"article","og_title":"Ventil\u00e1tor Vortice RF EU T 70 4P - KLIMAVEX GROUP - \u010cesko","og_description":"N&aacute;st\u0159e&scaron;n&iacute; ventil&aacute;tor Vortice Torrette s horizont&aacute;ln&iacute;m v&yacute;fukem. Jednoduch&aacute; a snadn&aacute; mont&aacute;\u017e na jak&yacute;koli typ st\u0159echy obytn&yacute;ch, komer\u010dn&iacute;ch a pr\u016fmyslov&yacute;ch budov. Ventil&aacute;tor nen&iacute; vhodn&yacute; pro ods&aacute;v&aacute;n&iacute; vzduchu p\u0159&iacute;mo z krbu nebo kotl\u016f.","og_url":"https:\/\/klimavex.eu\/cz\/katalog\/ventilator-vortice-rf-eu-t-70-4p\/","og_site_name":"KLIMAVEX GROUP - \u010cesko","article_publisher":"https:\/\/www.facebook.com\/klimavex.cz","article_modified_time":"2026-04-08T19:03:22+00:00","og_image":[{"width":572,"height":512,"url":"https:\/\/klimavex.eu\/cz\/wp-content\/uploads\/2025\/09\/DmldgTxZumdN9TM7qlTqrTzmmbXp7s_vsZt1IoetvCs.png","type":"image\/png"}],"twitter_card":"summary_large_image","twitter_misc":{"Odhadovan\u00e1 doba \u010dten\u00ed":"1 minuta"},"schema":{"@context":"https:\/\/schema.org","@graph":[{"@type":"WebPage","@id":"https:\/\/klimavex.eu\/cz\/katalog\/ventilator-vortice-rf-eu-t-70-4p\/","url":"https:\/\/klimavex.eu\/cz\/katalog\/ventilator-vortice-rf-eu-t-70-4p\/","name":"Ventil\u00e1tor Vortice RF EU T 70 4P - KLIMAVEX GROUP - \u010cesko","isPartOf":{"@id":"https:\/\/klimavex.eu\/cz\/#website"},"primaryImageOfPage":{"@id":"https:\/\/klimavex.eu\/cz\/katalog\/ventilator-vortice-rf-eu-t-70-4p\/#primaryimage"},"image":{"@id":"https:\/\/klimavex.eu\/cz\/katalog\/ventilator-vortice-rf-eu-t-70-4p\/#primaryimage"},"thumbnailUrl":"https:\/\/klimavex.eu\/cz\/wp-content\/uploads\/2025\/09\/DmldgTxZumdN9TM7qlTqrTzmmbXp7s_vsZt1IoetvCs.png","datePublished":"2026-04-08T19:03:06+00:00","dateModified":"2026-04-08T19:03:22+00:00","breadcrumb":{"@id":"https:\/\/klimavex.eu\/cz\/katalog\/ventilator-vortice-rf-eu-t-70-4p\/#breadcrumb"},"inLanguage":"cs","potentialAction":[{"@type":"ReadAction","target":["https:\/\/klimavex.eu\/cz\/katalog\/ventilator-vortice-rf-eu-t-70-4p\/"]}]},{"@type":"ImageObject","inLanguage":"cs","@id":"https:\/\/klimavex.eu\/cz\/katalog\/ventilator-vortice-rf-eu-t-70-4p\/#primaryimage","url":"https:\/\/klimavex.eu\/cz\/wp-content\/uploads\/2025\/09\/DmldgTxZumdN9TM7qlTqrTzmmbXp7s_vsZt1IoetvCs.png","contentUrl":"https:\/\/klimavex.eu\/cz\/wp-content\/uploads\/2025\/09\/DmldgTxZumdN9TM7qlTqrTzmmbXp7s_vsZt1IoetvCs.png","width":572,"height":512},{"@type":"BreadcrumbList","@id":"https:\/\/klimavex.eu\/cz\/katalog\/ventilator-vortice-rf-eu-t-70-4p\/#breadcrumb","itemListElement":[{"@type":"ListItem","position":1,"name":"Domovsk\u00e1 str\u00e1nka","item":"https:\/\/klimavex.eu\/cz\/"},{"@type":"ListItem","position":2,"name":"Eshop","item":"https:\/\/klimavex.eu\/cz\/eshop\/"},{"@type":"ListItem","position":3,"name":"Ventil\u00e1tor Vortice RF EU T 70 4P"}]},{"@type":"WebSite","@id":"https:\/\/klimavex.eu\/cz\/#website","url":"https:\/\/klimavex.eu\/cz\/","name":"KLIMAVEX GROUP - \u010cesko","description":"","publisher":{"@id":"https:\/\/klimavex.eu\/cz\/#organization"},"alternateName":"KLIMAVEX CZ a.s.","potentialAction":[{"@type":"SearchAction","target":{"@type":"EntryPoint","urlTemplate":"https:\/\/klimavex.eu\/cz\/?s={search_term_string}"},"query-input":{"@type":"PropertyValueSpecification","valueRequired":true,"valueName":"search_term_string"}}],"inLanguage":"cs"},{"@type":"Organization","@id":"https:\/\/klimavex.eu\/cz\/#organization","name":"KLIMAVEX GROUP","alternateName":"KLIMAVEX","url":"https:\/\/klimavex.eu\/cz\/","logo":{"@type":"ImageObject","inLanguage":"cs","@id":"https:\/\/klimavex.eu\/cz\/#\/schema\/logo\/image\/","url":"https:\/\/klimavex.eu\/cz\/wp-content\/uploads\/2024\/04\/Klimavex-Group-logo.png","contentUrl":"https:\/\/klimavex.eu\/cz\/wp-content\/uploads\/2024\/04\/Klimavex-Group-logo.png","width":1681,"height":472,"caption":"KLIMAVEX GROUP"},"image":{"@id":"https:\/\/klimavex.eu\/cz\/#\/schema\/logo\/image\/"},"sameAs":["https:\/\/www.facebook.com\/klimavex.cz","https:\/\/www.instagram.com\/klimavex_cz\/"]}]}},"_links":{"self":[{"href":"https:\/\/klimavex.eu\/cz\/wp-json\/wp\/v2\/product\/543555","targetHints":{"allow":["GET"]}}],"collection":[{"href":"https:\/\/klimavex.eu\/cz\/wp-json\/wp\/v2\/product"}],"about":[{"href":"https:\/\/klimavex.eu\/cz\/wp-json\/wp\/v2\/types\/product"}],"version-history":[{"count":0,"href":"https:\/\/klimavex.eu\/cz\/wp-json\/wp\/v2\/product\/543555\/revisions"}],"wp:featuredmedia":[{"embeddable":true,"href":"https:\/\/klimavex.eu\/cz\/wp-json\/wp\/v2\/media\/548977"}],"wp:attachment":[{"href":"https:\/\/klimavex.eu\/cz\/wp-json\/wp\/v2\/media?parent=543555"}],"wp:term":[{"taxonomy":"product_cat","embeddable":true,"href":"https:\/\/klimavex.eu\/cz\/wp-json\/wp\/v2\/product_cat?post=543555"},{"taxonomy":"product_tag","embeddable":true,"href":"https:\/\/klimavex.eu\/cz\/wp-json\/wp\/v2\/product_tag?post=543555"}],"curies":[{"name":"wp","href":"https:\/\/api.w.org\/{rel}","templated":true}]}}