{"id":543564,"date":"2026-03-31T18:35:39","date_gmt":"2026-03-31T16:35:39","guid":{"rendered":"https:\/\/klimavex.eu\/cz\/katalog\/davkovac-mydla-vortice-s-g-dispenser-automaticky\/"},"modified":"2026-03-31T18:36:41","modified_gmt":"2026-03-31T16:36:41","slug":"davkovac-mydla-vortice-s-g-dispenser-automaticky","status":"publish","type":"product","link":"https:\/\/klimavex.eu\/cz\/katalog\/davkovac-mydla-vortice-s-g-dispenser-automaticky\/","title":{"rendered":"D\u00e1vkova\u010d m\u00fddla Vortice S &#038; G Dispenser (automatick\u00fd)"},"content":{"rendered":"<p style=\"text-align: justify;\"><strong>Kl&iacute;\u010dov&eacute; vlastnosti:<\/strong><\/p>\n<ul>\n<li style=\"text-align: justify;\">Zabudovan&yacute; ukazatel hladiny n&aacute;pln\u011b.<\/li>\n<li style=\"text-align: justify;\">Nezab&iacute;r&aacute; m&iacute;sto na umyvadle.<\/li>\n<li style=\"text-align: justify;\">Za\u0159&iacute;zen&iacute; nemus&iacute; b&yacute;t uzemn\u011bno, m&aacute; dvojitou izolaci.<\/li>\n<li style=\"text-align: justify;\">Zpevn\u011bn&yacute; kryt proti vandalismu.<\/li>\n<li style=\"text-align: justify;\">Kryt&iacute; IP24 (ochrana proti vniknut&iacute; pevn&yacute;ch t\u011bles nad &oslash;12,5 mm a proti st\u0159&iacute;kaj&iacute;c&iacute; vod\u011b).<\/li>\n<li style=\"text-align: justify;\">Jednoduch&eacute; pln\u011bn&iacute; m&yacute;dla do uzav\u0159en&eacute; n&aacute;dr\u017eky zabra\u0148uj&iacute;c&iacute; jeho odpa\u0159ov&aacute;n&iacute; a zasych&aacute;n&iacute;.<\/li>\n<li style=\"text-align: justify;\">Kryt se sv\u011bteln&yacute;m indik&aacute;torem p\u0159i nedostatku n&aacute;pln\u011b m&yacute;dla.<\/li>\n<li style=\"text-align: justify;\">Peristaltick&eacute; \u010derpadlo k zabr&aacute;n\u011bn&iacute; &uacute;niku m&yacute;dla.<\/li>\n<li style=\"text-align: justify;\">Dod&aacute;vka s okapovou miskou a mont&aacute;\u017en&iacute;mi p\u0159&iacute;chytkami.<\/li>\n<\/ul>\n","protected":false},"excerpt":{"rendered":"<p style=\"text-align: justify;\">N&aacute;st\u011bnn&yacute; d&aacute;vkova\u010d m&yacute;dla <strong>Vortice S&amp;G Dispenser <\/strong>je vhodn&yacute; pro pou\u017eit&iacute; v dom&aacute;cnostech nebo komer\u010dn&iacute;ch prostor&aacute;ch, <strong>pou\u017eit&iacute; na m&yacute;dlo a tak&eacute; gel<\/strong>, kter&yacute; je tekut\u011bj&scaron;&iacute; ne\u017e m&yacute;dlo. Zaru\u010d&iacute; maxim&aacute;ln&iacute; hygienu &ndash; <strong>aktivuje se bez dotyku<\/strong>, pouze pohybem ruky. D&aacute;vku m&yacute;dla nebo gelu lze nastavit p\u0159i instalaci. D&iacute;ky sv&eacute;mu designu a mal&eacute;mu rozm\u011bru lze d&aacute;vkova\u010d integrovat do jak&eacute;hokoli prost\u0159ed&iacute;.<\/p>\n","protected":false},"featured_media":549017,"template":"","meta":[],"product_cat":[7577,7562,7576],"product_tag":[],"class_list":{"0":"post-543564","1":"product","2":"type-product","3":"status-publish","4":"has-post-thumbnail","6":"product_cat-davkovace-mydla","7":"product_cat-ventilatory","8":"product_cat-osousece-rukou-vlasu-davkovace-mydla","9":"pa_kryti-ipx4","10":"pa_provedeni-davkovac-mydla","11":"pa_znacka-vortice","13":"first","14":"instock","15":"taxable","16":"shipping-taxable","17":"purchasable","18":"product-type-simple"},"yoast_head":"<!-- This site is optimized with the Yoast SEO plugin v23.9 - https:\/\/yoast.com\/wordpress\/plugins\/seo\/ -->\n<title>D\u00e1vkova\u010d m\u00fddla Vortice S &amp; G Dispenser (automatick\u00fd) - KLIMAVEX GROUP - \u010cesko<\/title>\n<meta name=\"robots\" content=\"index, follow, max-snippet:-1, max-image-preview:large, max-video-preview:-1\" \/>\n<link rel=\"canonical\" href=\"https:\/\/klimavex.eu\/cz\/katalog\/davkovac-mydla-vortice-s-g-dispenser-automaticky\/\" \/>\n<meta property=\"og:locale\" content=\"cs_CZ\" \/>\n<meta property=\"og:type\" content=\"article\" \/>\n<meta property=\"og:title\" content=\"D\u00e1vkova\u010d m\u00fddla Vortice S &amp; G Dispenser (automatick\u00fd) - KLIMAVEX GROUP - \u010cesko\" \/>\n<meta property=\"og:description\" content=\"N&aacute;st\u011bnn&yacute; d&aacute;vkova\u010d m&yacute;dla Vortice S&amp;G Dispenser je vhodn&yacute; pro pou\u017eit&iacute; v dom&aacute;cnostech nebo komer\u010dn&iacute;ch prostor&aacute;ch, pou\u017eit&iacute; na m&yacute;dlo a tak&eacute; gel, kter&yacute; je tekut\u011bj&scaron;&iacute; ne\u017e m&yacute;dlo. Zaru\u010d&iacute; maxim&aacute;ln&iacute; hygienu &ndash; aktivuje se bez dotyku, pouze pohybem ruky. D&aacute;vku m&yacute;dla nebo gelu lze nastavit p\u0159i instalaci. D&iacute;ky sv&eacute;mu designu a mal&eacute;mu rozm\u011bru lze d&aacute;vkova\u010d integrovat do jak&eacute;hokoli prost\u0159ed&iacute;.\" \/>\n<meta property=\"og:url\" content=\"https:\/\/klimavex.eu\/cz\/katalog\/davkovac-mydla-vortice-s-g-dispenser-automaticky\/\" \/>\n<meta property=\"og:site_name\" content=\"KLIMAVEX GROUP - \u010cesko\" \/>\n<meta property=\"article:publisher\" content=\"https:\/\/www.facebook.com\/klimavex.cz\" \/>\n<meta property=\"article:modified_time\" content=\"2026-03-31T16:36:41+00:00\" \/>\n<meta property=\"og:image\" content=\"https:\/\/klimavex.eu\/cz\/wp-content\/uploads\/2025\/09\/oaVwHPwckGDBNziyB-hVe1HEP-bVJne-0tbgorJdLAg.png\" \/>\n\t<meta property=\"og:image:width\" content=\"572\" \/>\n\t<meta property=\"og:image:height\" content=\"512\" \/>\n\t<meta property=\"og:image:type\" content=\"image\/png\" \/>\n<meta name=\"twitter:card\" content=\"summary_large_image\" \/>\n<meta name=\"twitter:label1\" content=\"Odhadovan\u00e1 doba \u010dten\u00ed\" \/>\n\t<meta name=\"twitter:data1\" content=\"1 minuta\" \/>\n<script type=\"application\/ld+json\" class=\"yoast-schema-graph\">{\"@context\":\"https:\/\/schema.org\",\"@graph\":[{\"@type\":\"WebPage\",\"@id\":\"https:\/\/klimavex.eu\/cz\/katalog\/davkovac-mydla-vortice-s-g-dispenser-automaticky\/\",\"url\":\"https:\/\/klimavex.eu\/cz\/katalog\/davkovac-mydla-vortice-s-g-dispenser-automaticky\/\",\"name\":\"D\u00e1vkova\u010d m\u00fddla Vortice S & G Dispenser (automatick\u00fd) - KLIMAVEX GROUP - \u010cesko\",\"isPartOf\":{\"@id\":\"https:\/\/klimavex.eu\/cz\/#website\"},\"primaryImageOfPage\":{\"@id\":\"https:\/\/klimavex.eu\/cz\/katalog\/davkovac-mydla-vortice-s-g-dispenser-automaticky\/#primaryimage\"},\"image\":{\"@id\":\"https:\/\/klimavex.eu\/cz\/katalog\/davkovac-mydla-vortice-s-g-dispenser-automaticky\/#primaryimage\"},\"thumbnailUrl\":\"https:\/\/klimavex.eu\/cz\/wp-content\/uploads\/2025\/09\/oaVwHPwckGDBNziyB-hVe1HEP-bVJne-0tbgorJdLAg.png\",\"datePublished\":\"2026-03-31T16:35:39+00:00\",\"dateModified\":\"2026-03-31T16:36:41+00:00\",\"breadcrumb\":{\"@id\":\"https:\/\/klimavex.eu\/cz\/katalog\/davkovac-mydla-vortice-s-g-dispenser-automaticky\/#breadcrumb\"},\"inLanguage\":\"cs\",\"potentialAction\":[{\"@type\":\"ReadAction\",\"target\":[\"https:\/\/klimavex.eu\/cz\/katalog\/davkovac-mydla-vortice-s-g-dispenser-automaticky\/\"]}]},{\"@type\":\"ImageObject\",\"inLanguage\":\"cs\",\"@id\":\"https:\/\/klimavex.eu\/cz\/katalog\/davkovac-mydla-vortice-s-g-dispenser-automaticky\/#primaryimage\",\"url\":\"https:\/\/klimavex.eu\/cz\/wp-content\/uploads\/2025\/09\/oaVwHPwckGDBNziyB-hVe1HEP-bVJne-0tbgorJdLAg.png\",\"contentUrl\":\"https:\/\/klimavex.eu\/cz\/wp-content\/uploads\/2025\/09\/oaVwHPwckGDBNziyB-hVe1HEP-bVJne-0tbgorJdLAg.png\",\"width\":572,\"height\":512},{\"@type\":\"BreadcrumbList\",\"@id\":\"https:\/\/klimavex.eu\/cz\/katalog\/davkovac-mydla-vortice-s-g-dispenser-automaticky\/#breadcrumb\",\"itemListElement\":[{\"@type\":\"ListItem\",\"position\":1,\"name\":\"Domovsk\u00e1 str\u00e1nka\",\"item\":\"https:\/\/klimavex.eu\/cz\/\"},{\"@type\":\"ListItem\",\"position\":2,\"name\":\"Eshop\",\"item\":\"https:\/\/klimavex.eu\/cz\/eshop\/\"},{\"@type\":\"ListItem\",\"position\":3,\"name\":\"D\u00e1vkova\u010d m\u00fddla Vortice S &#038; G Dispenser (automatick\u00fd)\"}]},{\"@type\":\"WebSite\",\"@id\":\"https:\/\/klimavex.eu\/cz\/#website\",\"url\":\"https:\/\/klimavex.eu\/cz\/\",\"name\":\"KLIMAVEX GROUP - \u010cesko\",\"description\":\"\",\"publisher\":{\"@id\":\"https:\/\/klimavex.eu\/cz\/#organization\"},\"alternateName\":\"KLIMAVEX CZ a.s.\",\"potentialAction\":[{\"@type\":\"SearchAction\",\"target\":{\"@type\":\"EntryPoint\",\"urlTemplate\":\"https:\/\/klimavex.eu\/cz\/?s={search_term_string}\"},\"query-input\":{\"@type\":\"PropertyValueSpecification\",\"valueRequired\":true,\"valueName\":\"search_term_string\"}}],\"inLanguage\":\"cs\"},{\"@type\":\"Organization\",\"@id\":\"https:\/\/klimavex.eu\/cz\/#organization\",\"name\":\"KLIMAVEX GROUP\",\"alternateName\":\"KLIMAVEX\",\"url\":\"https:\/\/klimavex.eu\/cz\/\",\"logo\":{\"@type\":\"ImageObject\",\"inLanguage\":\"cs\",\"@id\":\"https:\/\/klimavex.eu\/cz\/#\/schema\/logo\/image\/\",\"url\":\"https:\/\/klimavex.eu\/cz\/wp-content\/uploads\/2024\/04\/Klimavex-Group-logo.png\",\"contentUrl\":\"https:\/\/klimavex.eu\/cz\/wp-content\/uploads\/2024\/04\/Klimavex-Group-logo.png\",\"width\":1681,\"height\":472,\"caption\":\"KLIMAVEX GROUP\"},\"image\":{\"@id\":\"https:\/\/klimavex.eu\/cz\/#\/schema\/logo\/image\/\"},\"sameAs\":[\"https:\/\/www.facebook.com\/klimavex.cz\",\"https:\/\/www.instagram.com\/klimavex_cz\/\"]}]}<\/script>\n<!-- \/ Yoast SEO plugin. -->","yoast_head_json":{"title":"D\u00e1vkova\u010d m\u00fddla Vortice S & G Dispenser (automatick\u00fd) - KLIMAVEX GROUP - \u010cesko","robots":{"index":"index","follow":"follow","max-snippet":"max-snippet:-1","max-image-preview":"max-image-preview:large","max-video-preview":"max-video-preview:-1"},"canonical":"https:\/\/klimavex.eu\/cz\/katalog\/davkovac-mydla-vortice-s-g-dispenser-automaticky\/","og_locale":"cs_CZ","og_type":"article","og_title":"D\u00e1vkova\u010d m\u00fddla Vortice S & G Dispenser (automatick\u00fd) - KLIMAVEX GROUP - \u010cesko","og_description":"N&aacute;st\u011bnn&yacute; d&aacute;vkova\u010d m&yacute;dla Vortice S&amp;G Dispenser je vhodn&yacute; pro pou\u017eit&iacute; v dom&aacute;cnostech nebo komer\u010dn&iacute;ch prostor&aacute;ch, pou\u017eit&iacute; na m&yacute;dlo a tak&eacute; gel, kter&yacute; je tekut\u011bj&scaron;&iacute; ne\u017e m&yacute;dlo. Zaru\u010d&iacute; maxim&aacute;ln&iacute; hygienu &ndash; aktivuje se bez dotyku, pouze pohybem ruky. D&aacute;vku m&yacute;dla nebo gelu lze nastavit p\u0159i instalaci. D&iacute;ky sv&eacute;mu designu a mal&eacute;mu rozm\u011bru lze d&aacute;vkova\u010d integrovat do jak&eacute;hokoli prost\u0159ed&iacute;.","og_url":"https:\/\/klimavex.eu\/cz\/katalog\/davkovac-mydla-vortice-s-g-dispenser-automaticky\/","og_site_name":"KLIMAVEX GROUP - \u010cesko","article_publisher":"https:\/\/www.facebook.com\/klimavex.cz","article_modified_time":"2026-03-31T16:36:41+00:00","og_image":[{"width":572,"height":512,"url":"https:\/\/klimavex.eu\/cz\/wp-content\/uploads\/2025\/09\/oaVwHPwckGDBNziyB-hVe1HEP-bVJne-0tbgorJdLAg.png","type":"image\/png"}],"twitter_card":"summary_large_image","twitter_misc":{"Odhadovan\u00e1 doba \u010dten\u00ed":"1 minuta"},"schema":{"@context":"https:\/\/schema.org","@graph":[{"@type":"WebPage","@id":"https:\/\/klimavex.eu\/cz\/katalog\/davkovac-mydla-vortice-s-g-dispenser-automaticky\/","url":"https:\/\/klimavex.eu\/cz\/katalog\/davkovac-mydla-vortice-s-g-dispenser-automaticky\/","name":"D\u00e1vkova\u010d m\u00fddla Vortice S & G Dispenser (automatick\u00fd) - KLIMAVEX GROUP - \u010cesko","isPartOf":{"@id":"https:\/\/klimavex.eu\/cz\/#website"},"primaryImageOfPage":{"@id":"https:\/\/klimavex.eu\/cz\/katalog\/davkovac-mydla-vortice-s-g-dispenser-automaticky\/#primaryimage"},"image":{"@id":"https:\/\/klimavex.eu\/cz\/katalog\/davkovac-mydla-vortice-s-g-dispenser-automaticky\/#primaryimage"},"thumbnailUrl":"https:\/\/klimavex.eu\/cz\/wp-content\/uploads\/2025\/09\/oaVwHPwckGDBNziyB-hVe1HEP-bVJne-0tbgorJdLAg.png","datePublished":"2026-03-31T16:35:39+00:00","dateModified":"2026-03-31T16:36:41+00:00","breadcrumb":{"@id":"https:\/\/klimavex.eu\/cz\/katalog\/davkovac-mydla-vortice-s-g-dispenser-automaticky\/#breadcrumb"},"inLanguage":"cs","potentialAction":[{"@type":"ReadAction","target":["https:\/\/klimavex.eu\/cz\/katalog\/davkovac-mydla-vortice-s-g-dispenser-automaticky\/"]}]},{"@type":"ImageObject","inLanguage":"cs","@id":"https:\/\/klimavex.eu\/cz\/katalog\/davkovac-mydla-vortice-s-g-dispenser-automaticky\/#primaryimage","url":"https:\/\/klimavex.eu\/cz\/wp-content\/uploads\/2025\/09\/oaVwHPwckGDBNziyB-hVe1HEP-bVJne-0tbgorJdLAg.png","contentUrl":"https:\/\/klimavex.eu\/cz\/wp-content\/uploads\/2025\/09\/oaVwHPwckGDBNziyB-hVe1HEP-bVJne-0tbgorJdLAg.png","width":572,"height":512},{"@type":"BreadcrumbList","@id":"https:\/\/klimavex.eu\/cz\/katalog\/davkovac-mydla-vortice-s-g-dispenser-automaticky\/#breadcrumb","itemListElement":[{"@type":"ListItem","position":1,"name":"Domovsk\u00e1 str\u00e1nka","item":"https:\/\/klimavex.eu\/cz\/"},{"@type":"ListItem","position":2,"name":"Eshop","item":"https:\/\/klimavex.eu\/cz\/eshop\/"},{"@type":"ListItem","position":3,"name":"D\u00e1vkova\u010d m\u00fddla Vortice S &#038; G Dispenser (automatick\u00fd)"}]},{"@type":"WebSite","@id":"https:\/\/klimavex.eu\/cz\/#website","url":"https:\/\/klimavex.eu\/cz\/","name":"KLIMAVEX GROUP - \u010cesko","description":"","publisher":{"@id":"https:\/\/klimavex.eu\/cz\/#organization"},"alternateName":"KLIMAVEX CZ a.s.","potentialAction":[{"@type":"SearchAction","target":{"@type":"EntryPoint","urlTemplate":"https:\/\/klimavex.eu\/cz\/?s={search_term_string}"},"query-input":{"@type":"PropertyValueSpecification","valueRequired":true,"valueName":"search_term_string"}}],"inLanguage":"cs"},{"@type":"Organization","@id":"https:\/\/klimavex.eu\/cz\/#organization","name":"KLIMAVEX GROUP","alternateName":"KLIMAVEX","url":"https:\/\/klimavex.eu\/cz\/","logo":{"@type":"ImageObject","inLanguage":"cs","@id":"https:\/\/klimavex.eu\/cz\/#\/schema\/logo\/image\/","url":"https:\/\/klimavex.eu\/cz\/wp-content\/uploads\/2024\/04\/Klimavex-Group-logo.png","contentUrl":"https:\/\/klimavex.eu\/cz\/wp-content\/uploads\/2024\/04\/Klimavex-Group-logo.png","width":1681,"height":472,"caption":"KLIMAVEX GROUP"},"image":{"@id":"https:\/\/klimavex.eu\/cz\/#\/schema\/logo\/image\/"},"sameAs":["https:\/\/www.facebook.com\/klimavex.cz","https:\/\/www.instagram.com\/klimavex_cz\/"]}]}},"_links":{"self":[{"href":"https:\/\/klimavex.eu\/cz\/wp-json\/wp\/v2\/product\/543564","targetHints":{"allow":["GET"]}}],"collection":[{"href":"https:\/\/klimavex.eu\/cz\/wp-json\/wp\/v2\/product"}],"about":[{"href":"https:\/\/klimavex.eu\/cz\/wp-json\/wp\/v2\/types\/product"}],"version-history":[{"count":0,"href":"https:\/\/klimavex.eu\/cz\/wp-json\/wp\/v2\/product\/543564\/revisions"}],"wp:featuredmedia":[{"embeddable":true,"href":"https:\/\/klimavex.eu\/cz\/wp-json\/wp\/v2\/media\/549017"}],"wp:attachment":[{"href":"https:\/\/klimavex.eu\/cz\/wp-json\/wp\/v2\/media?parent=543564"}],"wp:term":[{"taxonomy":"product_cat","embeddable":true,"href":"https:\/\/klimavex.eu\/cz\/wp-json\/wp\/v2\/product_cat?post=543564"},{"taxonomy":"product_tag","embeddable":true,"href":"https:\/\/klimavex.eu\/cz\/wp-json\/wp\/v2\/product_tag?post=543564"}],"curies":[{"name":"wp","href":"https:\/\/api.w.org\/{rel}","templated":true}]}}