{"id":543695,"date":"2026-03-31T18:38:59","date_gmt":"2026-03-31T16:38:59","guid":{"rendered":"https:\/\/klimavex.eu\/cz\/katalog\/ventilator-vortice-micro-80\/"},"modified":"2026-03-31T18:39:32","modified_gmt":"2026-03-31T16:39:32","slug":"ventilator-vortice-micro-80","status":"publish","type":"product","link":"https:\/\/klimavex.eu\/cz\/katalog\/ventilator-vortice-micro-80\/","title":{"rendered":"Ventil\u00e1tor Vortice MICRO 80"},"content":{"rendered":"<p style=\"text-align: justify;\"><strong>Kl&iacute;\u010dov&eacute; vlastnosti:<\/strong><\/p>\n<ul>\n<li style=\"text-align: justify;\">Mont&aacute;\u017e na ze\u010f, strop nebo do okna pomoc&iacute; p\u0159&iacute;slu&scaron;enstv&iacute;.<\/li>\n<li style=\"text-align: justify;\">Profil lopatek ventil&aacute;toru a t\u011blesa ventil&aacute;toru zaji&scaron;\u0165uje vysok&yacute; pr\u016ftok vzduchu, n&iacute;zkou provozn&iacute; hlu\u010dnost a n&iacute;zkou spot\u0159ebu energie.<\/li>\n<li style=\"text-align: justify;\">Motor s kuli\u010dkov&yacute;mi lo\u017eisky, kter&aacute; zaji&scaron;\u0165uj&iacute; dlouhou \u017eivotnost a bezporuchov&yacute; provoz ventil&aacute;toru po dobu 30 000 hodin.<\/li>\n<li style=\"text-align: justify;\">Vybaveno automatickou m\u0159&iacute;\u017ekou, kter&aacute; zabra\u0148uje zp\u011btn&eacute;mu proud\u011bn&iacute; vzduchu, pokud ventil&aacute;tor nen&iacute; v provozu. \u010celn&iacute; m\u0159&iacute;\u017eka se automaticky otev\u0159e \/ zav\u0159e p\u0159i zapnut&iacute; \/ vypnut&iacute; ventil&aacute;toru.<\/li>\n<li style=\"text-align: justify;\">S nastaviteln&yacute;m 3 a\u017e 20minutov&yacute;m \u010dasov&yacute;m sp&iacute;na\u010dem opo\u017ed\u011bn&eacute;ho vypnut&iacute;. Ventil&aacute;tor se uvede do \u010dinnosti spolu s osv\u011btlen&iacute;m, ale z\u016fstane v \u010dinnosti i po vypnut&iacute; sv\u011btla po dobu p\u0159ednastaven&eacute;ho \u010dasov&eacute;ho zpo\u017ed\u011bn&iacute;.<\/li>\n<li style=\"text-align: justify;\">Se zabudovan&yacute;m sn&iacute;ma\u010dem vlhkosti, kter&yacute; spou&scaron;t&iacute; ventil&aacute;tor, jakmile okoln&iacute; relativn&iacute; vlhkost p\u0159es&aacute;hne 60% (nebo nastavenou vlhkost &#8211; 60%, 70%, 80% nebo 90%) p\u0159i teplot\u011b 20&deg;C. Jakmile relativn&iacute; vlhkost klesne pod nastavenou hodnotu, ventil&aacute;tor se automaticky vypne.<\/li>\n<li style=\"text-align: justify;\">V&scaron;echny modely maj&iacute; kryt&iacute; IPX4 (ochrana proti st\u0159&iacute;kaj&iacute;c&iacute; vod\u011b).<\/li>\n<li style=\"text-align: justify;\">Za\u0159&iacute;zen&iacute; nemus&iacute; b&yacute;t uzemn\u011bno, m&aacute; dvoj&iacute; izolaci.<\/li>\n<\/ul>\n","protected":false},"excerpt":{"rendered":"<p style=\"text-align: justify;\">Axi&aacute;ln&iacute; ventil&aacute;tory Vortice PUNTO M s <strong>p\u0159&iacute;m&yacute;m v&yacute;fukem <\/strong>nebo s v&yacute;fukem\u200b <strong>do<\/strong> <strong>kr&aacute;tk&eacute;ho potrub&iacute;<\/strong>. Vhodn&eacute; pro dom&aacute;c&iacute; nebo komer\u010dn&iacute; pou\u017eit&iacute;. S <strong>kuli\u010dkov&yacute;mi lo\u017eisky, automatickou m\u0159&iacute;\u017ekou, <\/strong>nastaviteln&yacute;m <strong>\u010dasov&yacute;m sp&iacute;na\u010dem a sn&iacute;ma\u010dem vlhkosti. <\/strong>Jsou ur\u010deny pro <strong>nep\u0159etr\u017eit&eacute; nebo p\u0159eru&scaron;ovan&eacute; v\u011btr&aacute;n&iacute;<\/strong> koupelen, toalet, kuchyn&iacute; nebo ve\u0159ejn&yacute;ch prostor. Mont&aacute;\u017e na <strong>ze\u010f, strop, nebo do okna<\/strong>. <strong>Kryt&iacute; IPX4. P\u0159ipojen&iacute; na potrub&iacute; o pr\u016fm\u011bru 100 mm.<\/strong><\/p>\n","protected":false},"featured_media":549469,"template":"","meta":[],"product_cat":[7566,7567,7562],"product_tag":[],"class_list":{"0":"post-543695","1":"product","2":"type-product","3":"status-publish","4":"has-post-thumbnail","6":"product_cat-ventilatory-do-koupelny-radialni","7":"product_cat-quadro","8":"product_cat-ventilatory","9":"pa_dostupny-tlak-pa-216-265","10":"pa_hlucnost-lp-3m-287-37","11":"pa_kryti-ipx4","12":"pa_provedeni-radialni","13":"pa_prumer-napojeni-mm-11672","14":"pa_typ-quadro","15":"pa_vzduchovy-vykon-qv-m3-60-85","16":"pa_znacka-vortice","18":"first","19":"instock","20":"taxable","21":"shipping-taxable","22":"purchasable","23":"product-type-simple"},"yoast_head":"<!-- This site is optimized with the Yoast SEO plugin v23.9 - https:\/\/yoast.com\/wordpress\/plugins\/seo\/ -->\n<title>Ventil\u00e1tor Vortice MICRO 80 - KLIMAVEX GROUP - \u010cesko<\/title>\n<meta name=\"robots\" content=\"index, follow, max-snippet:-1, max-image-preview:large, max-video-preview:-1\" \/>\n<link rel=\"canonical\" href=\"https:\/\/klimavex.eu\/cz\/katalog\/ventilator-vortice-micro-80\/\" \/>\n<meta property=\"og:locale\" content=\"cs_CZ\" \/>\n<meta property=\"og:type\" content=\"article\" \/>\n<meta property=\"og:title\" content=\"Ventil\u00e1tor Vortice MICRO 80 - KLIMAVEX GROUP - \u010cesko\" \/>\n<meta property=\"og:description\" content=\"Axi&aacute;ln&iacute; ventil&aacute;tory Vortice PUNTO M s p\u0159&iacute;m&yacute;m v&yacute;fukem nebo s v&yacute;fukem\u200b do kr&aacute;tk&eacute;ho potrub&iacute;. Vhodn&eacute; pro dom&aacute;c&iacute; nebo komer\u010dn&iacute; pou\u017eit&iacute;. S kuli\u010dkov&yacute;mi lo\u017eisky, automatickou m\u0159&iacute;\u017ekou, nastaviteln&yacute;m \u010dasov&yacute;m sp&iacute;na\u010dem a sn&iacute;ma\u010dem vlhkosti. Jsou ur\u010deny pro nep\u0159etr\u017eit&eacute; nebo p\u0159eru&scaron;ovan&eacute; v\u011btr&aacute;n&iacute; koupelen, toalet, kuchyn&iacute; nebo ve\u0159ejn&yacute;ch prostor. Mont&aacute;\u017e na ze\u010f, strop, nebo do okna. Kryt&iacute; IPX4. P\u0159ipojen&iacute; na potrub&iacute; o pr\u016fm\u011bru 100 mm.\" \/>\n<meta property=\"og:url\" content=\"https:\/\/klimavex.eu\/cz\/katalog\/ventilator-vortice-micro-80\/\" \/>\n<meta property=\"og:site_name\" content=\"KLIMAVEX GROUP - \u010cesko\" \/>\n<meta property=\"article:publisher\" content=\"https:\/\/www.facebook.com\/klimavex.cz\" \/>\n<meta property=\"article:modified_time\" content=\"2026-03-31T16:39:32+00:00\" \/>\n<meta property=\"og:image\" content=\"https:\/\/klimavex.eu\/cz\/wp-content\/uploads\/2025\/09\/XyRfxOZW7dzLiNypRCvH70HB1_0sP1rD1AVz0Wfll5U-2.png\" \/>\n\t<meta property=\"og:image:width\" content=\"572\" \/>\n\t<meta property=\"og:image:height\" content=\"512\" \/>\n\t<meta property=\"og:image:type\" content=\"image\/png\" \/>\n<meta name=\"twitter:card\" content=\"summary_large_image\" \/>\n<meta name=\"twitter:label1\" content=\"Odhadovan\u00e1 doba \u010dten\u00ed\" \/>\n\t<meta name=\"twitter:data1\" content=\"1 minuta\" \/>\n<script type=\"application\/ld+json\" class=\"yoast-schema-graph\">{\"@context\":\"https:\/\/schema.org\",\"@graph\":[{\"@type\":\"WebPage\",\"@id\":\"https:\/\/klimavex.eu\/cz\/katalog\/ventilator-vortice-micro-80\/\",\"url\":\"https:\/\/klimavex.eu\/cz\/katalog\/ventilator-vortice-micro-80\/\",\"name\":\"Ventil\u00e1tor Vortice MICRO 80 - KLIMAVEX GROUP - \u010cesko\",\"isPartOf\":{\"@id\":\"https:\/\/klimavex.eu\/cz\/#website\"},\"primaryImageOfPage\":{\"@id\":\"https:\/\/klimavex.eu\/cz\/katalog\/ventilator-vortice-micro-80\/#primaryimage\"},\"image\":{\"@id\":\"https:\/\/klimavex.eu\/cz\/katalog\/ventilator-vortice-micro-80\/#primaryimage\"},\"thumbnailUrl\":\"https:\/\/klimavex.eu\/cz\/wp-content\/uploads\/2025\/09\/XyRfxOZW7dzLiNypRCvH70HB1_0sP1rD1AVz0Wfll5U-2.png\",\"datePublished\":\"2026-03-31T16:38:59+00:00\",\"dateModified\":\"2026-03-31T16:39:32+00:00\",\"breadcrumb\":{\"@id\":\"https:\/\/klimavex.eu\/cz\/katalog\/ventilator-vortice-micro-80\/#breadcrumb\"},\"inLanguage\":\"cs\",\"potentialAction\":[{\"@type\":\"ReadAction\",\"target\":[\"https:\/\/klimavex.eu\/cz\/katalog\/ventilator-vortice-micro-80\/\"]}]},{\"@type\":\"ImageObject\",\"inLanguage\":\"cs\",\"@id\":\"https:\/\/klimavex.eu\/cz\/katalog\/ventilator-vortice-micro-80\/#primaryimage\",\"url\":\"https:\/\/klimavex.eu\/cz\/wp-content\/uploads\/2025\/09\/XyRfxOZW7dzLiNypRCvH70HB1_0sP1rD1AVz0Wfll5U-2.png\",\"contentUrl\":\"https:\/\/klimavex.eu\/cz\/wp-content\/uploads\/2025\/09\/XyRfxOZW7dzLiNypRCvH70HB1_0sP1rD1AVz0Wfll5U-2.png\",\"width\":572,\"height\":512},{\"@type\":\"BreadcrumbList\",\"@id\":\"https:\/\/klimavex.eu\/cz\/katalog\/ventilator-vortice-micro-80\/#breadcrumb\",\"itemListElement\":[{\"@type\":\"ListItem\",\"position\":1,\"name\":\"Domovsk\u00e1 str\u00e1nka\",\"item\":\"https:\/\/klimavex.eu\/cz\/\"},{\"@type\":\"ListItem\",\"position\":2,\"name\":\"Eshop\",\"item\":\"https:\/\/klimavex.eu\/cz\/eshop\/\"},{\"@type\":\"ListItem\",\"position\":3,\"name\":\"Ventil\u00e1tor Vortice MICRO 80\"}]},{\"@type\":\"WebSite\",\"@id\":\"https:\/\/klimavex.eu\/cz\/#website\",\"url\":\"https:\/\/klimavex.eu\/cz\/\",\"name\":\"KLIMAVEX GROUP - \u010cesko\",\"description\":\"\",\"publisher\":{\"@id\":\"https:\/\/klimavex.eu\/cz\/#organization\"},\"alternateName\":\"KLIMAVEX CZ a.s.\",\"potentialAction\":[{\"@type\":\"SearchAction\",\"target\":{\"@type\":\"EntryPoint\",\"urlTemplate\":\"https:\/\/klimavex.eu\/cz\/?s={search_term_string}\"},\"query-input\":{\"@type\":\"PropertyValueSpecification\",\"valueRequired\":true,\"valueName\":\"search_term_string\"}}],\"inLanguage\":\"cs\"},{\"@type\":\"Organization\",\"@id\":\"https:\/\/klimavex.eu\/cz\/#organization\",\"name\":\"KLIMAVEX GROUP\",\"alternateName\":\"KLIMAVEX\",\"url\":\"https:\/\/klimavex.eu\/cz\/\",\"logo\":{\"@type\":\"ImageObject\",\"inLanguage\":\"cs\",\"@id\":\"https:\/\/klimavex.eu\/cz\/#\/schema\/logo\/image\/\",\"url\":\"https:\/\/klimavex.eu\/cz\/wp-content\/uploads\/2024\/04\/Klimavex-Group-logo.png\",\"contentUrl\":\"https:\/\/klimavex.eu\/cz\/wp-content\/uploads\/2024\/04\/Klimavex-Group-logo.png\",\"width\":1681,\"height\":472,\"caption\":\"KLIMAVEX GROUP\"},\"image\":{\"@id\":\"https:\/\/klimavex.eu\/cz\/#\/schema\/logo\/image\/\"},\"sameAs\":[\"https:\/\/www.facebook.com\/klimavex.cz\",\"https:\/\/www.instagram.com\/klimavex_cz\/\"]}]}<\/script>\n<!-- \/ Yoast SEO plugin. -->","yoast_head_json":{"title":"Ventil\u00e1tor Vortice MICRO 80 - KLIMAVEX GROUP - \u010cesko","robots":{"index":"index","follow":"follow","max-snippet":"max-snippet:-1","max-image-preview":"max-image-preview:large","max-video-preview":"max-video-preview:-1"},"canonical":"https:\/\/klimavex.eu\/cz\/katalog\/ventilator-vortice-micro-80\/","og_locale":"cs_CZ","og_type":"article","og_title":"Ventil\u00e1tor Vortice MICRO 80 - KLIMAVEX GROUP - \u010cesko","og_description":"Axi&aacute;ln&iacute; ventil&aacute;tory Vortice PUNTO M s p\u0159&iacute;m&yacute;m v&yacute;fukem nebo s v&yacute;fukem\u200b do kr&aacute;tk&eacute;ho potrub&iacute;. Vhodn&eacute; pro dom&aacute;c&iacute; nebo komer\u010dn&iacute; pou\u017eit&iacute;. S kuli\u010dkov&yacute;mi lo\u017eisky, automatickou m\u0159&iacute;\u017ekou, nastaviteln&yacute;m \u010dasov&yacute;m sp&iacute;na\u010dem a sn&iacute;ma\u010dem vlhkosti. Jsou ur\u010deny pro nep\u0159etr\u017eit&eacute; nebo p\u0159eru&scaron;ovan&eacute; v\u011btr&aacute;n&iacute; koupelen, toalet, kuchyn&iacute; nebo ve\u0159ejn&yacute;ch prostor. Mont&aacute;\u017e na ze\u010f, strop, nebo do okna. Kryt&iacute; IPX4. P\u0159ipojen&iacute; na potrub&iacute; o pr\u016fm\u011bru 100 mm.","og_url":"https:\/\/klimavex.eu\/cz\/katalog\/ventilator-vortice-micro-80\/","og_site_name":"KLIMAVEX GROUP - \u010cesko","article_publisher":"https:\/\/www.facebook.com\/klimavex.cz","article_modified_time":"2026-03-31T16:39:32+00:00","og_image":[{"width":572,"height":512,"url":"https:\/\/klimavex.eu\/cz\/wp-content\/uploads\/2025\/09\/XyRfxOZW7dzLiNypRCvH70HB1_0sP1rD1AVz0Wfll5U-2.png","type":"image\/png"}],"twitter_card":"summary_large_image","twitter_misc":{"Odhadovan\u00e1 doba \u010dten\u00ed":"1 minuta"},"schema":{"@context":"https:\/\/schema.org","@graph":[{"@type":"WebPage","@id":"https:\/\/klimavex.eu\/cz\/katalog\/ventilator-vortice-micro-80\/","url":"https:\/\/klimavex.eu\/cz\/katalog\/ventilator-vortice-micro-80\/","name":"Ventil\u00e1tor Vortice MICRO 80 - KLIMAVEX GROUP - \u010cesko","isPartOf":{"@id":"https:\/\/klimavex.eu\/cz\/#website"},"primaryImageOfPage":{"@id":"https:\/\/klimavex.eu\/cz\/katalog\/ventilator-vortice-micro-80\/#primaryimage"},"image":{"@id":"https:\/\/klimavex.eu\/cz\/katalog\/ventilator-vortice-micro-80\/#primaryimage"},"thumbnailUrl":"https:\/\/klimavex.eu\/cz\/wp-content\/uploads\/2025\/09\/XyRfxOZW7dzLiNypRCvH70HB1_0sP1rD1AVz0Wfll5U-2.png","datePublished":"2026-03-31T16:38:59+00:00","dateModified":"2026-03-31T16:39:32+00:00","breadcrumb":{"@id":"https:\/\/klimavex.eu\/cz\/katalog\/ventilator-vortice-micro-80\/#breadcrumb"},"inLanguage":"cs","potentialAction":[{"@type":"ReadAction","target":["https:\/\/klimavex.eu\/cz\/katalog\/ventilator-vortice-micro-80\/"]}]},{"@type":"ImageObject","inLanguage":"cs","@id":"https:\/\/klimavex.eu\/cz\/katalog\/ventilator-vortice-micro-80\/#primaryimage","url":"https:\/\/klimavex.eu\/cz\/wp-content\/uploads\/2025\/09\/XyRfxOZW7dzLiNypRCvH70HB1_0sP1rD1AVz0Wfll5U-2.png","contentUrl":"https:\/\/klimavex.eu\/cz\/wp-content\/uploads\/2025\/09\/XyRfxOZW7dzLiNypRCvH70HB1_0sP1rD1AVz0Wfll5U-2.png","width":572,"height":512},{"@type":"BreadcrumbList","@id":"https:\/\/klimavex.eu\/cz\/katalog\/ventilator-vortice-micro-80\/#breadcrumb","itemListElement":[{"@type":"ListItem","position":1,"name":"Domovsk\u00e1 str\u00e1nka","item":"https:\/\/klimavex.eu\/cz\/"},{"@type":"ListItem","position":2,"name":"Eshop","item":"https:\/\/klimavex.eu\/cz\/eshop\/"},{"@type":"ListItem","position":3,"name":"Ventil\u00e1tor Vortice MICRO 80"}]},{"@type":"WebSite","@id":"https:\/\/klimavex.eu\/cz\/#website","url":"https:\/\/klimavex.eu\/cz\/","name":"KLIMAVEX GROUP - \u010cesko","description":"","publisher":{"@id":"https:\/\/klimavex.eu\/cz\/#organization"},"alternateName":"KLIMAVEX CZ a.s.","potentialAction":[{"@type":"SearchAction","target":{"@type":"EntryPoint","urlTemplate":"https:\/\/klimavex.eu\/cz\/?s={search_term_string}"},"query-input":{"@type":"PropertyValueSpecification","valueRequired":true,"valueName":"search_term_string"}}],"inLanguage":"cs"},{"@type":"Organization","@id":"https:\/\/klimavex.eu\/cz\/#organization","name":"KLIMAVEX GROUP","alternateName":"KLIMAVEX","url":"https:\/\/klimavex.eu\/cz\/","logo":{"@type":"ImageObject","inLanguage":"cs","@id":"https:\/\/klimavex.eu\/cz\/#\/schema\/logo\/image\/","url":"https:\/\/klimavex.eu\/cz\/wp-content\/uploads\/2024\/04\/Klimavex-Group-logo.png","contentUrl":"https:\/\/klimavex.eu\/cz\/wp-content\/uploads\/2024\/04\/Klimavex-Group-logo.png","width":1681,"height":472,"caption":"KLIMAVEX GROUP"},"image":{"@id":"https:\/\/klimavex.eu\/cz\/#\/schema\/logo\/image\/"},"sameAs":["https:\/\/www.facebook.com\/klimavex.cz","https:\/\/www.instagram.com\/klimavex_cz\/"]}]}},"_links":{"self":[{"href":"https:\/\/klimavex.eu\/cz\/wp-json\/wp\/v2\/product\/543695","targetHints":{"allow":["GET"]}}],"collection":[{"href":"https:\/\/klimavex.eu\/cz\/wp-json\/wp\/v2\/product"}],"about":[{"href":"https:\/\/klimavex.eu\/cz\/wp-json\/wp\/v2\/types\/product"}],"version-history":[{"count":0,"href":"https:\/\/klimavex.eu\/cz\/wp-json\/wp\/v2\/product\/543695\/revisions"}],"wp:featuredmedia":[{"embeddable":true,"href":"https:\/\/klimavex.eu\/cz\/wp-json\/wp\/v2\/media\/549469"}],"wp:attachment":[{"href":"https:\/\/klimavex.eu\/cz\/wp-json\/wp\/v2\/media?parent=543695"}],"wp:term":[{"taxonomy":"product_cat","embeddable":true,"href":"https:\/\/klimavex.eu\/cz\/wp-json\/wp\/v2\/product_cat?post=543695"},{"taxonomy":"product_tag","embeddable":true,"href":"https:\/\/klimavex.eu\/cz\/wp-json\/wp\/v2\/product_tag?post=543695"}],"curies":[{"name":"wp","href":"https:\/\/api.w.org\/{rel}","templated":true}]}}