{"id":543710,"date":"2026-03-31T18:38:59","date_gmt":"2026-03-31T16:38:59","guid":{"rendered":"https:\/\/klimavex.eu\/cz\/katalog\/ventilator-vortice-me-100-4-ll-t-zlata-barva\/"},"modified":"2026-03-31T18:39:50","modified_gmt":"2026-03-31T16:39:50","slug":"ventilator-vortice-me-100-4-ll-t-zlata-barva","status":"publish","type":"product","link":"https:\/\/klimavex.eu\/cz\/katalog\/ventilator-vortice-me-100-4-ll-t-zlata-barva\/","title":{"rendered":"Ventil\u00e1tor Vortice ME 100\/4&#8243; LL T &#8211; zlat\u00e1 barva"},"content":{"rendered":"<p style=\"text-align:justify\"><span style=\"font-size:11pt\"><span style=\"font-family:Calibri,sans-serif\"><strong>Kl&iacute;\u010dov&eacute; vlastnosti<\/strong><\/span><\/span><\/p>\n<ul>\n<li style=\"text-align:justify\"><span style=\"font-size:11pt\"><span style=\"font-family:Calibri,sans-serif\">Ventil&aacute;tory s p\u0159ipojen&iacute;m na potrub&iacute; &oslash;100mm, s&nbsp;nastaviteln&yacute;m 3-20minutov&yacute;m \u010dasov&yacute;m sp&iacute;na\u010dem s opo\u017ed\u011bn&yacute;m vypnut&iacute;m. Ventil&aacute;tor se uvede do \u010dinnosti spolu s osv\u011btlen&iacute;m, ale z\u016fstane v \u010dinnosti i po vypnut&iacute; sv\u011btla po dobu p\u0159ednastaven&eacute;ho opo\u017ed\u011bn&eacute;ho vypnut&iacute;.<\/span><\/span><\/li>\n<li style=\"text-align:justify\"><span style=\"font-size:11pt\"><span style=\"font-family:Calibri,sans-serif\">Vyroben&yacute; z anti-UV ABS um\u011bl&eacute; hmoty.<\/span><\/span><\/li>\n<li style=\"text-align:justify\"><span style=\"font-size:11pt\"><span style=\"font-family:Calibri,sans-serif\">Dvouot&aacute;\u010dkov&yacute; motor s kuli\u010dkov&yacute;mi lo\u017eisky, kter&aacute; zaji&scaron;\u0165uj&iacute; dlouhou \u017eivotnost ventil&aacute;toru a bezporuchov&yacute; provoz ventil&aacute;toru b\u011bhem 30 000 hodin.<\/span><\/span><\/li>\n<li style=\"text-align:justify\"><span style=\"font-size:11pt\"><span style=\"font-family:Calibri,sans-serif\">Mont&aacute;\u017e na st\u011bnu nebo do stropu v jak&eacute;koliv pozici. <\/span><\/span><\/li>\n<li style=\"text-align:justify\"><span style=\"font-size:11pt\"><span style=\"font-family:Calibri,sans-serif\">Vrtule se speci&aacute;ln\u011b (diagon&aacute;ln\u011b) zahnut&yacute;mi lopatkami a zabudovan&yacute; usm\u011br\u0148ova\u010d pr\u016ftoku vzduchu pro zabezpe\u010den&iacute; vysok&eacute;ho v&yacute;konu p\u0159i n&iacute;zk&yacute;ch ot&aacute;\u010dk&aacute;ch, tzn. n&iacute;zk&eacute; spot\u0159eb\u011b energie a n&iacute;zk&eacute; hlu\u010dnosti. <\/span><\/span><\/li>\n<li style=\"text-align:justify\"><span style=\"font-size:11pt\"><span style=\"font-family:Calibri,sans-serif\">Zabudovan&aacute; k\u0159&iacute;dlov&aacute; zp\u011btn&aacute; klapka. <\/span><\/span><\/li>\n<li style=\"text-align:justify\"><span style=\"font-size:11pt\"><span style=\"font-family:Calibri,sans-serif\">V&scaron;echny modely maj&iacute; kryt&iacute; IP45, tedy ochrana proti tryskaj&iacute;c&iacute; vod\u011b, kter&aacute; umo\u017e\u0148uje ventil&aacute;tor osadit v koupeln\u011b i do z&oacute;ny 1.<\/span><\/span><\/li>\n<li style=\"text-align:justify\"><span style=\"font-size:11pt\"><span style=\"font-family:Calibri,sans-serif\">Za\u0159&iacute;zen&iacute; nemus&iacute; b&yacute;t uzemn\u011bn&eacute;, m&aacute; dvojitou izolaci.<\/span><\/span><\/li>\n<\/ul>\n","protected":false},"excerpt":{"rendered":"<p style=\"text-align:justify\"><span style=\"font-size:11pt\"><span style=\"font-family:Calibri,sans-serif\"><strong>Velmi tich&yacute; designov&yacute;<\/strong> axi&aacute;ln&iacute; ventil&aacute;tor do koupelny s <strong>vysok&yacute;m vzduchov&yacute;m v&yacute;konem a vysok&yacute;m kryt&iacute;m a s&nbsp;\u010dasov&yacute;m sn&iacute;ma\u010dem s&nbsp;opo\u017ed\u011bn&yacute;m vypnut&iacute;m<\/strong>. Speci&aacute;ln&iacute; dvojit&yacute; n&aacute;t\u011br pomoc&iacute; nanotechnologie ve zlat&eacute; barv\u011b <strong>YELLOW GOLD<\/strong>. Vhodn&eacute; pro men&scaron;&iacute; a st\u0159edn\u011b velk&eacute; m&iacute;stnosti s p<strong>\u0159&iacute;m&yacute;m v&yacute;fukem<\/strong> nebo <strong>v&yacute;fukem do kr&aacute;tk&eacute;ho potrub&iacute; (&oslash;100mm)<\/strong>. Mont&aacute;\u017e na st\u011bnu nebo do stropu v jak&eacute;koliv pozici.<\/span><\/span><\/p>\n<p style=\"text-align:justify\"><span style=\"font-size:11pt\"><span style=\"font-family:Calibri,sans-serif\">Designov&eacute; ventil&aacute;tory \u0159ady <strong>Punto Evo Gold <\/strong>jsou pr&eacute;miovou variantou popul&aacute;rn&iacute; \u0159ady speci&aacute;ln&iacute;ch axi&aacute;ln&iacute;ch ventil&aacute;tor\u016f italsk&eacute;ho v&yacute;robce vzduchotechniky Vortice s vysok&yacute;m vzduchov&yacute;m v&yacute;konem. Vyr&aacute;b&iacute; se ve \u010dty\u0159ech barevn&yacute;ch proveden&iacute;ch <strong>se speci&aacute;ln&iacute;m dvojit&yacute;m n&aacute;t\u011brem pomoc&iacute; nanotechnologie<\/strong>.<\/span><\/span><\/p>\n","protected":false},"featured_media":549529,"template":"","meta":[],"product_cat":[7563,7572,7562],"product_tag":[],"class_list":{"0":"post-543710","1":"product","2":"type-product","3":"status-publish","4":"has-post-thumbnail","6":"product_cat-ventilatory-do-koupelny-axialni","7":"product_cat-punto-evo","8":"product_cat-ventilatory","9":"pa_casovy-dobeh-t-ano","10":"pa_dostupny-tlak-pa-2452-4609","11":"pa_hlucnost-lp-3m-208-269","12":"pa_kryti-ip45","13":"pa_kulickova-loziska-ll-ano","14":"pa_provedeni-axialni","15":"pa_prumer-napojeni-mm-11619","16":"pa_typ-punto-evo","17":"pa_vzduchovy-vykon-qv-m3-65-95","18":"pa_znacka-vortice","20":"first","21":"instock","22":"taxable","23":"shipping-taxable","24":"purchasable","25":"product-type-simple"},"yoast_head":"<!-- This site is optimized with the Yoast SEO plugin v23.9 - https:\/\/yoast.com\/wordpress\/plugins\/seo\/ -->\n<title>Ventil\u00e1tor Vortice ME 100\/4&quot; LL T - zlat\u00e1 barva - KLIMAVEX GROUP - \u010cesko<\/title>\n<meta name=\"robots\" content=\"index, follow, max-snippet:-1, max-image-preview:large, max-video-preview:-1\" \/>\n<link rel=\"canonical\" href=\"https:\/\/klimavex.eu\/cz\/katalog\/ventilator-vortice-me-100-4-ll-t-zlata-barva\/\" \/>\n<meta property=\"og:locale\" content=\"cs_CZ\" \/>\n<meta property=\"og:type\" content=\"article\" \/>\n<meta property=\"og:title\" content=\"Ventil\u00e1tor Vortice ME 100\/4&quot; LL T - zlat\u00e1 barva - KLIMAVEX GROUP - \u010cesko\" \/>\n<meta property=\"og:description\" content=\"Velmi tich&yacute; designov&yacute; axi&aacute;ln&iacute; ventil&aacute;tor do koupelny s vysok&yacute;m vzduchov&yacute;m v&yacute;konem a vysok&yacute;m kryt&iacute;m a s&nbsp;\u010dasov&yacute;m sn&iacute;ma\u010dem s&nbsp;opo\u017ed\u011bn&yacute;m vypnut&iacute;m. Speci&aacute;ln&iacute; dvojit&yacute; n&aacute;t\u011br pomoc&iacute; nanotechnologie ve zlat&eacute; barv\u011b YELLOW GOLD. Vhodn&eacute; pro men&scaron;&iacute; a st\u0159edn\u011b velk&eacute; m&iacute;stnosti s p\u0159&iacute;m&yacute;m v&yacute;fukem nebo v&yacute;fukem do kr&aacute;tk&eacute;ho potrub&iacute; (&oslash;100mm). Mont&aacute;\u017e na st\u011bnu nebo do stropu v jak&eacute;koliv pozici. Designov&eacute; ventil&aacute;tory \u0159ady Punto Evo Gold jsou pr&eacute;miovou variantou popul&aacute;rn&iacute; \u0159ady speci&aacute;ln&iacute;ch axi&aacute;ln&iacute;ch ventil&aacute;tor\u016f italsk&eacute;ho v&yacute;robce vzduchotechniky Vortice s vysok&yacute;m vzduchov&yacute;m v&yacute;konem. Vyr&aacute;b&iacute; se ve \u010dty\u0159ech barevn&yacute;ch proveden&iacute;ch se speci&aacute;ln&iacute;m dvojit&yacute;m n&aacute;t\u011brem pomoc&iacute; nanotechnologie.\" \/>\n<meta property=\"og:url\" content=\"https:\/\/klimavex.eu\/cz\/katalog\/ventilator-vortice-me-100-4-ll-t-zlata-barva\/\" \/>\n<meta property=\"og:site_name\" content=\"KLIMAVEX GROUP - \u010cesko\" \/>\n<meta property=\"article:publisher\" content=\"https:\/\/www.facebook.com\/klimavex.cz\" \/>\n<meta property=\"article:modified_time\" content=\"2026-03-31T16:39:50+00:00\" \/>\n<meta property=\"og:image\" content=\"https:\/\/klimavex.eu\/cz\/wp-content\/uploads\/2025\/09\/nhCQW-p8CbAYciLNf815sImR3cpOgyHHw9b-IKvWPlA-1.png\" \/>\n\t<meta property=\"og:image:width\" content=\"572\" \/>\n\t<meta property=\"og:image:height\" content=\"512\" \/>\n\t<meta property=\"og:image:type\" content=\"image\/png\" \/>\n<meta name=\"twitter:card\" content=\"summary_large_image\" \/>\n<meta name=\"twitter:label1\" content=\"Odhadovan\u00e1 doba \u010dten\u00ed\" \/>\n\t<meta name=\"twitter:data1\" content=\"1 minuta\" \/>\n<script type=\"application\/ld+json\" class=\"yoast-schema-graph\">{\"@context\":\"https:\/\/schema.org\",\"@graph\":[{\"@type\":\"WebPage\",\"@id\":\"https:\/\/klimavex.eu\/cz\/katalog\/ventilator-vortice-me-100-4-ll-t-zlata-barva\/\",\"url\":\"https:\/\/klimavex.eu\/cz\/katalog\/ventilator-vortice-me-100-4-ll-t-zlata-barva\/\",\"name\":\"Ventil\u00e1tor Vortice ME 100\/4\\\" LL T - zlat\u00e1 barva - KLIMAVEX GROUP - \u010cesko\",\"isPartOf\":{\"@id\":\"https:\/\/klimavex.eu\/cz\/#website\"},\"primaryImageOfPage\":{\"@id\":\"https:\/\/klimavex.eu\/cz\/katalog\/ventilator-vortice-me-100-4-ll-t-zlata-barva\/#primaryimage\"},\"image\":{\"@id\":\"https:\/\/klimavex.eu\/cz\/katalog\/ventilator-vortice-me-100-4-ll-t-zlata-barva\/#primaryimage\"},\"thumbnailUrl\":\"https:\/\/klimavex.eu\/cz\/wp-content\/uploads\/2025\/09\/nhCQW-p8CbAYciLNf815sImR3cpOgyHHw9b-IKvWPlA-1.png\",\"datePublished\":\"2026-03-31T16:38:59+00:00\",\"dateModified\":\"2026-03-31T16:39:50+00:00\",\"breadcrumb\":{\"@id\":\"https:\/\/klimavex.eu\/cz\/katalog\/ventilator-vortice-me-100-4-ll-t-zlata-barva\/#breadcrumb\"},\"inLanguage\":\"cs\",\"potentialAction\":[{\"@type\":\"ReadAction\",\"target\":[\"https:\/\/klimavex.eu\/cz\/katalog\/ventilator-vortice-me-100-4-ll-t-zlata-barva\/\"]}]},{\"@type\":\"ImageObject\",\"inLanguage\":\"cs\",\"@id\":\"https:\/\/klimavex.eu\/cz\/katalog\/ventilator-vortice-me-100-4-ll-t-zlata-barva\/#primaryimage\",\"url\":\"https:\/\/klimavex.eu\/cz\/wp-content\/uploads\/2025\/09\/nhCQW-p8CbAYciLNf815sImR3cpOgyHHw9b-IKvWPlA-1.png\",\"contentUrl\":\"https:\/\/klimavex.eu\/cz\/wp-content\/uploads\/2025\/09\/nhCQW-p8CbAYciLNf815sImR3cpOgyHHw9b-IKvWPlA-1.png\",\"width\":572,\"height\":512},{\"@type\":\"BreadcrumbList\",\"@id\":\"https:\/\/klimavex.eu\/cz\/katalog\/ventilator-vortice-me-100-4-ll-t-zlata-barva\/#breadcrumb\",\"itemListElement\":[{\"@type\":\"ListItem\",\"position\":1,\"name\":\"Domovsk\u00e1 str\u00e1nka\",\"item\":\"https:\/\/klimavex.eu\/cz\/\"},{\"@type\":\"ListItem\",\"position\":2,\"name\":\"Eshop\",\"item\":\"https:\/\/klimavex.eu\/cz\/eshop\/\"},{\"@type\":\"ListItem\",\"position\":3,\"name\":\"Ventil\u00e1tor Vortice ME 100\/4&#8243; LL T &#8211; zlat\u00e1 barva\"}]},{\"@type\":\"WebSite\",\"@id\":\"https:\/\/klimavex.eu\/cz\/#website\",\"url\":\"https:\/\/klimavex.eu\/cz\/\",\"name\":\"KLIMAVEX GROUP - \u010cesko\",\"description\":\"\",\"publisher\":{\"@id\":\"https:\/\/klimavex.eu\/cz\/#organization\"},\"alternateName\":\"KLIMAVEX CZ a.s.\",\"potentialAction\":[{\"@type\":\"SearchAction\",\"target\":{\"@type\":\"EntryPoint\",\"urlTemplate\":\"https:\/\/klimavex.eu\/cz\/?s={search_term_string}\"},\"query-input\":{\"@type\":\"PropertyValueSpecification\",\"valueRequired\":true,\"valueName\":\"search_term_string\"}}],\"inLanguage\":\"cs\"},{\"@type\":\"Organization\",\"@id\":\"https:\/\/klimavex.eu\/cz\/#organization\",\"name\":\"KLIMAVEX GROUP\",\"alternateName\":\"KLIMAVEX\",\"url\":\"https:\/\/klimavex.eu\/cz\/\",\"logo\":{\"@type\":\"ImageObject\",\"inLanguage\":\"cs\",\"@id\":\"https:\/\/klimavex.eu\/cz\/#\/schema\/logo\/image\/\",\"url\":\"https:\/\/klimavex.eu\/cz\/wp-content\/uploads\/2024\/04\/Klimavex-Group-logo.png\",\"contentUrl\":\"https:\/\/klimavex.eu\/cz\/wp-content\/uploads\/2024\/04\/Klimavex-Group-logo.png\",\"width\":1681,\"height\":472,\"caption\":\"KLIMAVEX GROUP\"},\"image\":{\"@id\":\"https:\/\/klimavex.eu\/cz\/#\/schema\/logo\/image\/\"},\"sameAs\":[\"https:\/\/www.facebook.com\/klimavex.cz\",\"https:\/\/www.instagram.com\/klimavex_cz\/\"]}]}<\/script>\n<!-- \/ Yoast SEO plugin. -->","yoast_head_json":{"title":"Ventil\u00e1tor Vortice ME 100\/4\" LL T - zlat\u00e1 barva - KLIMAVEX GROUP - \u010cesko","robots":{"index":"index","follow":"follow","max-snippet":"max-snippet:-1","max-image-preview":"max-image-preview:large","max-video-preview":"max-video-preview:-1"},"canonical":"https:\/\/klimavex.eu\/cz\/katalog\/ventilator-vortice-me-100-4-ll-t-zlata-barva\/","og_locale":"cs_CZ","og_type":"article","og_title":"Ventil\u00e1tor Vortice ME 100\/4\" LL T - zlat\u00e1 barva - KLIMAVEX GROUP - \u010cesko","og_description":"Velmi tich&yacute; designov&yacute; axi&aacute;ln&iacute; ventil&aacute;tor do koupelny s vysok&yacute;m vzduchov&yacute;m v&yacute;konem a vysok&yacute;m kryt&iacute;m a s&nbsp;\u010dasov&yacute;m sn&iacute;ma\u010dem s&nbsp;opo\u017ed\u011bn&yacute;m vypnut&iacute;m. Speci&aacute;ln&iacute; dvojit&yacute; n&aacute;t\u011br pomoc&iacute; nanotechnologie ve zlat&eacute; barv\u011b YELLOW GOLD. Vhodn&eacute; pro men&scaron;&iacute; a st\u0159edn\u011b velk&eacute; m&iacute;stnosti s p\u0159&iacute;m&yacute;m v&yacute;fukem nebo v&yacute;fukem do kr&aacute;tk&eacute;ho potrub&iacute; (&oslash;100mm). Mont&aacute;\u017e na st\u011bnu nebo do stropu v jak&eacute;koliv pozici. Designov&eacute; ventil&aacute;tory \u0159ady Punto Evo Gold jsou pr&eacute;miovou variantou popul&aacute;rn&iacute; \u0159ady speci&aacute;ln&iacute;ch axi&aacute;ln&iacute;ch ventil&aacute;tor\u016f italsk&eacute;ho v&yacute;robce vzduchotechniky Vortice s vysok&yacute;m vzduchov&yacute;m v&yacute;konem. Vyr&aacute;b&iacute; se ve \u010dty\u0159ech barevn&yacute;ch proveden&iacute;ch se speci&aacute;ln&iacute;m dvojit&yacute;m n&aacute;t\u011brem pomoc&iacute; nanotechnologie.","og_url":"https:\/\/klimavex.eu\/cz\/katalog\/ventilator-vortice-me-100-4-ll-t-zlata-barva\/","og_site_name":"KLIMAVEX GROUP - \u010cesko","article_publisher":"https:\/\/www.facebook.com\/klimavex.cz","article_modified_time":"2026-03-31T16:39:50+00:00","og_image":[{"width":572,"height":512,"url":"https:\/\/klimavex.eu\/cz\/wp-content\/uploads\/2025\/09\/nhCQW-p8CbAYciLNf815sImR3cpOgyHHw9b-IKvWPlA-1.png","type":"image\/png"}],"twitter_card":"summary_large_image","twitter_misc":{"Odhadovan\u00e1 doba \u010dten\u00ed":"1 minuta"},"schema":{"@context":"https:\/\/schema.org","@graph":[{"@type":"WebPage","@id":"https:\/\/klimavex.eu\/cz\/katalog\/ventilator-vortice-me-100-4-ll-t-zlata-barva\/","url":"https:\/\/klimavex.eu\/cz\/katalog\/ventilator-vortice-me-100-4-ll-t-zlata-barva\/","name":"Ventil\u00e1tor Vortice ME 100\/4\" LL T - zlat\u00e1 barva - KLIMAVEX GROUP - \u010cesko","isPartOf":{"@id":"https:\/\/klimavex.eu\/cz\/#website"},"primaryImageOfPage":{"@id":"https:\/\/klimavex.eu\/cz\/katalog\/ventilator-vortice-me-100-4-ll-t-zlata-barva\/#primaryimage"},"image":{"@id":"https:\/\/klimavex.eu\/cz\/katalog\/ventilator-vortice-me-100-4-ll-t-zlata-barva\/#primaryimage"},"thumbnailUrl":"https:\/\/klimavex.eu\/cz\/wp-content\/uploads\/2025\/09\/nhCQW-p8CbAYciLNf815sImR3cpOgyHHw9b-IKvWPlA-1.png","datePublished":"2026-03-31T16:38:59+00:00","dateModified":"2026-03-31T16:39:50+00:00","breadcrumb":{"@id":"https:\/\/klimavex.eu\/cz\/katalog\/ventilator-vortice-me-100-4-ll-t-zlata-barva\/#breadcrumb"},"inLanguage":"cs","potentialAction":[{"@type":"ReadAction","target":["https:\/\/klimavex.eu\/cz\/katalog\/ventilator-vortice-me-100-4-ll-t-zlata-barva\/"]}]},{"@type":"ImageObject","inLanguage":"cs","@id":"https:\/\/klimavex.eu\/cz\/katalog\/ventilator-vortice-me-100-4-ll-t-zlata-barva\/#primaryimage","url":"https:\/\/klimavex.eu\/cz\/wp-content\/uploads\/2025\/09\/nhCQW-p8CbAYciLNf815sImR3cpOgyHHw9b-IKvWPlA-1.png","contentUrl":"https:\/\/klimavex.eu\/cz\/wp-content\/uploads\/2025\/09\/nhCQW-p8CbAYciLNf815sImR3cpOgyHHw9b-IKvWPlA-1.png","width":572,"height":512},{"@type":"BreadcrumbList","@id":"https:\/\/klimavex.eu\/cz\/katalog\/ventilator-vortice-me-100-4-ll-t-zlata-barva\/#breadcrumb","itemListElement":[{"@type":"ListItem","position":1,"name":"Domovsk\u00e1 str\u00e1nka","item":"https:\/\/klimavex.eu\/cz\/"},{"@type":"ListItem","position":2,"name":"Eshop","item":"https:\/\/klimavex.eu\/cz\/eshop\/"},{"@type":"ListItem","position":3,"name":"Ventil\u00e1tor Vortice ME 100\/4&#8243; LL T &#8211; zlat\u00e1 barva"}]},{"@type":"WebSite","@id":"https:\/\/klimavex.eu\/cz\/#website","url":"https:\/\/klimavex.eu\/cz\/","name":"KLIMAVEX GROUP - \u010cesko","description":"","publisher":{"@id":"https:\/\/klimavex.eu\/cz\/#organization"},"alternateName":"KLIMAVEX CZ a.s.","potentialAction":[{"@type":"SearchAction","target":{"@type":"EntryPoint","urlTemplate":"https:\/\/klimavex.eu\/cz\/?s={search_term_string}"},"query-input":{"@type":"PropertyValueSpecification","valueRequired":true,"valueName":"search_term_string"}}],"inLanguage":"cs"},{"@type":"Organization","@id":"https:\/\/klimavex.eu\/cz\/#organization","name":"KLIMAVEX GROUP","alternateName":"KLIMAVEX","url":"https:\/\/klimavex.eu\/cz\/","logo":{"@type":"ImageObject","inLanguage":"cs","@id":"https:\/\/klimavex.eu\/cz\/#\/schema\/logo\/image\/","url":"https:\/\/klimavex.eu\/cz\/wp-content\/uploads\/2024\/04\/Klimavex-Group-logo.png","contentUrl":"https:\/\/klimavex.eu\/cz\/wp-content\/uploads\/2024\/04\/Klimavex-Group-logo.png","width":1681,"height":472,"caption":"KLIMAVEX GROUP"},"image":{"@id":"https:\/\/klimavex.eu\/cz\/#\/schema\/logo\/image\/"},"sameAs":["https:\/\/www.facebook.com\/klimavex.cz","https:\/\/www.instagram.com\/klimavex_cz\/"]}]}},"_links":{"self":[{"href":"https:\/\/klimavex.eu\/cz\/wp-json\/wp\/v2\/product\/543710","targetHints":{"allow":["GET"]}}],"collection":[{"href":"https:\/\/klimavex.eu\/cz\/wp-json\/wp\/v2\/product"}],"about":[{"href":"https:\/\/klimavex.eu\/cz\/wp-json\/wp\/v2\/types\/product"}],"version-history":[{"count":0,"href":"https:\/\/klimavex.eu\/cz\/wp-json\/wp\/v2\/product\/543710\/revisions"}],"wp:featuredmedia":[{"embeddable":true,"href":"https:\/\/klimavex.eu\/cz\/wp-json\/wp\/v2\/media\/549529"}],"wp:attachment":[{"href":"https:\/\/klimavex.eu\/cz\/wp-json\/wp\/v2\/media?parent=543710"}],"wp:term":[{"taxonomy":"product_cat","embeddable":true,"href":"https:\/\/klimavex.eu\/cz\/wp-json\/wp\/v2\/product_cat?post=543710"},{"taxonomy":"product_tag","embeddable":true,"href":"https:\/\/klimavex.eu\/cz\/wp-json\/wp\/v2\/product_tag?post=543710"}],"curies":[{"name":"wp","href":"https:\/\/api.w.org\/{rel}","templated":true}]}}