{"id":543712,"date":"2026-03-31T18:38:59","date_gmt":"2026-03-31T16:38:59","guid":{"rendered":"https:\/\/klimavex.eu\/cz\/katalog\/ventilator-vortice-mf-90-35\/"},"modified":"2026-03-31T18:39:53","modified_gmt":"2026-03-31T16:39:53","slug":"ventilator-vortice-mf-90-35","status":"publish","type":"product","link":"https:\/\/klimavex.eu\/cz\/katalog\/ventilator-vortice-mf-90-35\/","title":{"rendered":"Ventil\u00e1tor Vortice MF 90\/3,5&#8243;"},"content":{"rendered":"<p style=\"text-align: justify;\"><strong>Kl&iacute;\u010dov&eacute; vlastnosti<\/strong><\/p>\n<ul>\n<li style=\"text-align: justify;\">Axi&aacute;ln&iacute; ventil&aacute;tory s tlou&scaron;\u0165kou p\u0159edn&iacute; m\u0159&iacute;\u017eky jen 17mm a zaoblen&iacute;m ze v&scaron;ech \u010dty\u0159 stran vytv&aacute;\u0159ej&iacute; pocit, jako by byl ventil&aacute;tor &bdquo;neviditeln&yacute;&ldquo;. Jeho tlou&scaron;\u0165ka se nem\u011bn&iacute; ani p\u0159i pou\u017eit&iacute; verze s&nbsp;\u010dasova\u010dem, a to d&iacute;ky jeho speci&aacute;ln&iacute;, rozm\u011brov\u011b nen&aacute;ro\u010dn&eacute; konstrukci.<\/li>\n<li style=\"text-align: justify;\">Mont&aacute;\u017e na ze\u010f nebo do stropu.<\/li>\n<li style=\"text-align: justify;\">Nen&aacute;ro\u010dnou instalaci a &uacute;dr\u017ebu zaru\u010duje uchycen&iacute; p\u0159edn&iacute; m\u0159&iacute;\u017eky jen jedn&iacute;m &scaron;roubem.<\/li>\n<li style=\"text-align: justify;\">Profil lopatek ventil&aacute;toru a t\u011blesa ventil&aacute;toru zaji&scaron;\u0165uje vysok&yacute; pr\u016ftok vzduchu, n&iacute;zkou provozn&iacute; hlu\u010dnost a n&iacute;zkou spot\u0159ebu energie.<\/li>\n<li style=\"text-align: justify;\">Zabudovan&aacute; zp\u011btn&aacute; klapka pro zabr&aacute;n\u011bn&iacute; zp\u011btn&eacute;ho proud\u011bn&iacute; vzduchu, pokud ventil&aacute;tor nen&iacute; v provozu.<\/li>\n<li style=\"text-align: justify;\">V&scaron;echny modely maj&iacute; kryt&iacute; IPX4 (ochrana proti st\u0159&iacute;kaj&iacute;c&iacute; vod\u011b).<\/li>\n<li style=\"text-align: justify;\">Za\u0159&iacute;zen&iacute; nemus&iacute; b&yacute;t uzemn\u011bno, m&aacute; dvoj&iacute; izolaci.<\/li>\n<li style=\"text-align: justify;\">Mo\u017enost regulace ot&aacute;\u010dek.<\/li>\n<\/ul>\n","protected":false},"excerpt":{"rendered":"<p style=\"text-align: justify;\">Mal&yacute; axi&aacute;ln&iacute; ventil&aacute;tor Vortice PUNTO FILO do koupelny nebo WC s tenkou p\u0159edn&iacute; m\u0159&iacute;\u017ekou (pouze 17 mm) pro <strong>&bdquo;<\/strong><strong>neviditelnou&ldquo; instalaci<\/strong>. <strong>Zp\u011btn&aacute; klapka<\/strong>. <strong>Tich&yacute; <\/strong>ventil&aacute;tor s <strong>n&iacute;zkou spot\u0159ebou energie<\/strong>. Ochrana <strong>IPX4<\/strong>. Pro p\u0159ipojen&iacute; k <strong>potrub&iacute; o pr\u016fm\u011bru 92,4 mm<\/strong>. <strong>Pr\u016ftok vzduchu 65 m<sup>3<\/sup>\/h<\/strong>.<\/p>\n","protected":false},"featured_media":549544,"template":"","meta":[],"product_cat":[7563,7574,7562],"product_tag":[],"class_list":{"0":"post-543712","1":"product","2":"type-product","3":"status-publish","4":"has-post-thumbnail","6":"product_cat-ventilatory-do-koupelny-axialni","7":"product_cat-punto-filo","8":"product_cat-ventilatory","9":"pa_dostupny-tlak-pa-11690","10":"pa_hlucnost-lp-3m-11787","11":"pa_kryti-ipx4","12":"pa_provedeni-axialni","13":"pa_prumer-napojeni-mm-11688","14":"pa_typ-punto-filo","15":"pa_vzduchovy-vykon-qv-m3-11689","16":"pa_znacka-vortice","18":"first","19":"instock","20":"taxable","21":"shipping-taxable","22":"purchasable","23":"product-type-simple"},"yoast_head":"<!-- This site is optimized with the Yoast SEO plugin v23.9 - https:\/\/yoast.com\/wordpress\/plugins\/seo\/ -->\n<title>Ventil\u00e1tor Vortice MF 90\/3,5&quot; - KLIMAVEX GROUP - \u010cesko<\/title>\n<meta name=\"robots\" content=\"index, follow, max-snippet:-1, max-image-preview:large, max-video-preview:-1\" \/>\n<link rel=\"canonical\" href=\"https:\/\/klimavex.eu\/cz\/katalog\/ventilator-vortice-mf-90-35\/\" \/>\n<meta property=\"og:locale\" content=\"cs_CZ\" \/>\n<meta property=\"og:type\" content=\"article\" \/>\n<meta property=\"og:title\" content=\"Ventil\u00e1tor Vortice MF 90\/3,5&quot; - KLIMAVEX GROUP - \u010cesko\" \/>\n<meta property=\"og:description\" content=\"Mal&yacute; axi&aacute;ln&iacute; ventil&aacute;tor Vortice PUNTO FILO do koupelny nebo WC s tenkou p\u0159edn&iacute; m\u0159&iacute;\u017ekou (pouze 17 mm) pro &bdquo;neviditelnou&ldquo; instalaci. Zp\u011btn&aacute; klapka. Tich&yacute; ventil&aacute;tor s n&iacute;zkou spot\u0159ebou energie. Ochrana IPX4. Pro p\u0159ipojen&iacute; k potrub&iacute; o pr\u016fm\u011bru 92,4 mm. Pr\u016ftok vzduchu 65 m3\/h.\" \/>\n<meta property=\"og:url\" content=\"https:\/\/klimavex.eu\/cz\/katalog\/ventilator-vortice-mf-90-35\/\" \/>\n<meta property=\"og:site_name\" content=\"KLIMAVEX GROUP - \u010cesko\" \/>\n<meta property=\"article:publisher\" content=\"https:\/\/www.facebook.com\/klimavex.cz\" \/>\n<meta property=\"article:modified_time\" content=\"2026-03-31T16:39:53+00:00\" \/>\n<meta property=\"og:image\" content=\"https:\/\/klimavex.eu\/cz\/wp-content\/uploads\/2025\/09\/PQEbhM0j99-gkpSN2dYk9p4JzL-O8gL14hQjaeSONBA-1.png\" \/>\n\t<meta property=\"og:image:width\" content=\"572\" \/>\n\t<meta property=\"og:image:height\" content=\"512\" \/>\n\t<meta property=\"og:image:type\" content=\"image\/png\" \/>\n<meta name=\"twitter:card\" content=\"summary_large_image\" \/>\n<meta name=\"twitter:label1\" content=\"Odhadovan\u00e1 doba \u010dten\u00ed\" \/>\n\t<meta name=\"twitter:data1\" content=\"1 minuta\" \/>\n<script type=\"application\/ld+json\" class=\"yoast-schema-graph\">{\"@context\":\"https:\/\/schema.org\",\"@graph\":[{\"@type\":\"WebPage\",\"@id\":\"https:\/\/klimavex.eu\/cz\/katalog\/ventilator-vortice-mf-90-35\/\",\"url\":\"https:\/\/klimavex.eu\/cz\/katalog\/ventilator-vortice-mf-90-35\/\",\"name\":\"Ventil\u00e1tor Vortice MF 90\/3,5\\\" - KLIMAVEX GROUP - \u010cesko\",\"isPartOf\":{\"@id\":\"https:\/\/klimavex.eu\/cz\/#website\"},\"primaryImageOfPage\":{\"@id\":\"https:\/\/klimavex.eu\/cz\/katalog\/ventilator-vortice-mf-90-35\/#primaryimage\"},\"image\":{\"@id\":\"https:\/\/klimavex.eu\/cz\/katalog\/ventilator-vortice-mf-90-35\/#primaryimage\"},\"thumbnailUrl\":\"https:\/\/klimavex.eu\/cz\/wp-content\/uploads\/2025\/09\/PQEbhM0j99-gkpSN2dYk9p4JzL-O8gL14hQjaeSONBA-1.png\",\"datePublished\":\"2026-03-31T16:38:59+00:00\",\"dateModified\":\"2026-03-31T16:39:53+00:00\",\"breadcrumb\":{\"@id\":\"https:\/\/klimavex.eu\/cz\/katalog\/ventilator-vortice-mf-90-35\/#breadcrumb\"},\"inLanguage\":\"cs\",\"potentialAction\":[{\"@type\":\"ReadAction\",\"target\":[\"https:\/\/klimavex.eu\/cz\/katalog\/ventilator-vortice-mf-90-35\/\"]}]},{\"@type\":\"ImageObject\",\"inLanguage\":\"cs\",\"@id\":\"https:\/\/klimavex.eu\/cz\/katalog\/ventilator-vortice-mf-90-35\/#primaryimage\",\"url\":\"https:\/\/klimavex.eu\/cz\/wp-content\/uploads\/2025\/09\/PQEbhM0j99-gkpSN2dYk9p4JzL-O8gL14hQjaeSONBA-1.png\",\"contentUrl\":\"https:\/\/klimavex.eu\/cz\/wp-content\/uploads\/2025\/09\/PQEbhM0j99-gkpSN2dYk9p4JzL-O8gL14hQjaeSONBA-1.png\",\"width\":572,\"height\":512},{\"@type\":\"BreadcrumbList\",\"@id\":\"https:\/\/klimavex.eu\/cz\/katalog\/ventilator-vortice-mf-90-35\/#breadcrumb\",\"itemListElement\":[{\"@type\":\"ListItem\",\"position\":1,\"name\":\"Domovsk\u00e1 str\u00e1nka\",\"item\":\"https:\/\/klimavex.eu\/cz\/\"},{\"@type\":\"ListItem\",\"position\":2,\"name\":\"Eshop\",\"item\":\"https:\/\/klimavex.eu\/cz\/eshop\/\"},{\"@type\":\"ListItem\",\"position\":3,\"name\":\"Ventil\u00e1tor Vortice MF 90\/3,5&#8243;\"}]},{\"@type\":\"WebSite\",\"@id\":\"https:\/\/klimavex.eu\/cz\/#website\",\"url\":\"https:\/\/klimavex.eu\/cz\/\",\"name\":\"KLIMAVEX GROUP - \u010cesko\",\"description\":\"\",\"publisher\":{\"@id\":\"https:\/\/klimavex.eu\/cz\/#organization\"},\"alternateName\":\"KLIMAVEX CZ a.s.\",\"potentialAction\":[{\"@type\":\"SearchAction\",\"target\":{\"@type\":\"EntryPoint\",\"urlTemplate\":\"https:\/\/klimavex.eu\/cz\/?s={search_term_string}\"},\"query-input\":{\"@type\":\"PropertyValueSpecification\",\"valueRequired\":true,\"valueName\":\"search_term_string\"}}],\"inLanguage\":\"cs\"},{\"@type\":\"Organization\",\"@id\":\"https:\/\/klimavex.eu\/cz\/#organization\",\"name\":\"KLIMAVEX GROUP\",\"alternateName\":\"KLIMAVEX\",\"url\":\"https:\/\/klimavex.eu\/cz\/\",\"logo\":{\"@type\":\"ImageObject\",\"inLanguage\":\"cs\",\"@id\":\"https:\/\/klimavex.eu\/cz\/#\/schema\/logo\/image\/\",\"url\":\"https:\/\/klimavex.eu\/cz\/wp-content\/uploads\/2024\/04\/Klimavex-Group-logo.png\",\"contentUrl\":\"https:\/\/klimavex.eu\/cz\/wp-content\/uploads\/2024\/04\/Klimavex-Group-logo.png\",\"width\":1681,\"height\":472,\"caption\":\"KLIMAVEX GROUP\"},\"image\":{\"@id\":\"https:\/\/klimavex.eu\/cz\/#\/schema\/logo\/image\/\"},\"sameAs\":[\"https:\/\/www.facebook.com\/klimavex.cz\",\"https:\/\/www.instagram.com\/klimavex_cz\/\"]}]}<\/script>\n<!-- \/ Yoast SEO plugin. -->","yoast_head_json":{"title":"Ventil\u00e1tor Vortice MF 90\/3,5\" - KLIMAVEX GROUP - \u010cesko","robots":{"index":"index","follow":"follow","max-snippet":"max-snippet:-1","max-image-preview":"max-image-preview:large","max-video-preview":"max-video-preview:-1"},"canonical":"https:\/\/klimavex.eu\/cz\/katalog\/ventilator-vortice-mf-90-35\/","og_locale":"cs_CZ","og_type":"article","og_title":"Ventil\u00e1tor Vortice MF 90\/3,5\" - KLIMAVEX GROUP - \u010cesko","og_description":"Mal&yacute; axi&aacute;ln&iacute; ventil&aacute;tor Vortice PUNTO FILO do koupelny nebo WC s tenkou p\u0159edn&iacute; m\u0159&iacute;\u017ekou (pouze 17 mm) pro &bdquo;neviditelnou&ldquo; instalaci. Zp\u011btn&aacute; klapka. Tich&yacute; ventil&aacute;tor s n&iacute;zkou spot\u0159ebou energie. Ochrana IPX4. Pro p\u0159ipojen&iacute; k potrub&iacute; o pr\u016fm\u011bru 92,4 mm. Pr\u016ftok vzduchu 65 m3\/h.","og_url":"https:\/\/klimavex.eu\/cz\/katalog\/ventilator-vortice-mf-90-35\/","og_site_name":"KLIMAVEX GROUP - \u010cesko","article_publisher":"https:\/\/www.facebook.com\/klimavex.cz","article_modified_time":"2026-03-31T16:39:53+00:00","og_image":[{"width":572,"height":512,"url":"https:\/\/klimavex.eu\/cz\/wp-content\/uploads\/2025\/09\/PQEbhM0j99-gkpSN2dYk9p4JzL-O8gL14hQjaeSONBA-1.png","type":"image\/png"}],"twitter_card":"summary_large_image","twitter_misc":{"Odhadovan\u00e1 doba \u010dten\u00ed":"1 minuta"},"schema":{"@context":"https:\/\/schema.org","@graph":[{"@type":"WebPage","@id":"https:\/\/klimavex.eu\/cz\/katalog\/ventilator-vortice-mf-90-35\/","url":"https:\/\/klimavex.eu\/cz\/katalog\/ventilator-vortice-mf-90-35\/","name":"Ventil\u00e1tor Vortice MF 90\/3,5\" - KLIMAVEX GROUP - \u010cesko","isPartOf":{"@id":"https:\/\/klimavex.eu\/cz\/#website"},"primaryImageOfPage":{"@id":"https:\/\/klimavex.eu\/cz\/katalog\/ventilator-vortice-mf-90-35\/#primaryimage"},"image":{"@id":"https:\/\/klimavex.eu\/cz\/katalog\/ventilator-vortice-mf-90-35\/#primaryimage"},"thumbnailUrl":"https:\/\/klimavex.eu\/cz\/wp-content\/uploads\/2025\/09\/PQEbhM0j99-gkpSN2dYk9p4JzL-O8gL14hQjaeSONBA-1.png","datePublished":"2026-03-31T16:38:59+00:00","dateModified":"2026-03-31T16:39:53+00:00","breadcrumb":{"@id":"https:\/\/klimavex.eu\/cz\/katalog\/ventilator-vortice-mf-90-35\/#breadcrumb"},"inLanguage":"cs","potentialAction":[{"@type":"ReadAction","target":["https:\/\/klimavex.eu\/cz\/katalog\/ventilator-vortice-mf-90-35\/"]}]},{"@type":"ImageObject","inLanguage":"cs","@id":"https:\/\/klimavex.eu\/cz\/katalog\/ventilator-vortice-mf-90-35\/#primaryimage","url":"https:\/\/klimavex.eu\/cz\/wp-content\/uploads\/2025\/09\/PQEbhM0j99-gkpSN2dYk9p4JzL-O8gL14hQjaeSONBA-1.png","contentUrl":"https:\/\/klimavex.eu\/cz\/wp-content\/uploads\/2025\/09\/PQEbhM0j99-gkpSN2dYk9p4JzL-O8gL14hQjaeSONBA-1.png","width":572,"height":512},{"@type":"BreadcrumbList","@id":"https:\/\/klimavex.eu\/cz\/katalog\/ventilator-vortice-mf-90-35\/#breadcrumb","itemListElement":[{"@type":"ListItem","position":1,"name":"Domovsk\u00e1 str\u00e1nka","item":"https:\/\/klimavex.eu\/cz\/"},{"@type":"ListItem","position":2,"name":"Eshop","item":"https:\/\/klimavex.eu\/cz\/eshop\/"},{"@type":"ListItem","position":3,"name":"Ventil\u00e1tor Vortice MF 90\/3,5&#8243;"}]},{"@type":"WebSite","@id":"https:\/\/klimavex.eu\/cz\/#website","url":"https:\/\/klimavex.eu\/cz\/","name":"KLIMAVEX GROUP - \u010cesko","description":"","publisher":{"@id":"https:\/\/klimavex.eu\/cz\/#organization"},"alternateName":"KLIMAVEX CZ a.s.","potentialAction":[{"@type":"SearchAction","target":{"@type":"EntryPoint","urlTemplate":"https:\/\/klimavex.eu\/cz\/?s={search_term_string}"},"query-input":{"@type":"PropertyValueSpecification","valueRequired":true,"valueName":"search_term_string"}}],"inLanguage":"cs"},{"@type":"Organization","@id":"https:\/\/klimavex.eu\/cz\/#organization","name":"KLIMAVEX GROUP","alternateName":"KLIMAVEX","url":"https:\/\/klimavex.eu\/cz\/","logo":{"@type":"ImageObject","inLanguage":"cs","@id":"https:\/\/klimavex.eu\/cz\/#\/schema\/logo\/image\/","url":"https:\/\/klimavex.eu\/cz\/wp-content\/uploads\/2024\/04\/Klimavex-Group-logo.png","contentUrl":"https:\/\/klimavex.eu\/cz\/wp-content\/uploads\/2024\/04\/Klimavex-Group-logo.png","width":1681,"height":472,"caption":"KLIMAVEX GROUP"},"image":{"@id":"https:\/\/klimavex.eu\/cz\/#\/schema\/logo\/image\/"},"sameAs":["https:\/\/www.facebook.com\/klimavex.cz","https:\/\/www.instagram.com\/klimavex_cz\/"]}]}},"_links":{"self":[{"href":"https:\/\/klimavex.eu\/cz\/wp-json\/wp\/v2\/product\/543712","targetHints":{"allow":["GET"]}}],"collection":[{"href":"https:\/\/klimavex.eu\/cz\/wp-json\/wp\/v2\/product"}],"about":[{"href":"https:\/\/klimavex.eu\/cz\/wp-json\/wp\/v2\/types\/product"}],"version-history":[{"count":0,"href":"https:\/\/klimavex.eu\/cz\/wp-json\/wp\/v2\/product\/543712\/revisions"}],"wp:featuredmedia":[{"embeddable":true,"href":"https:\/\/klimavex.eu\/cz\/wp-json\/wp\/v2\/media\/549544"}],"wp:attachment":[{"href":"https:\/\/klimavex.eu\/cz\/wp-json\/wp\/v2\/media?parent=543712"}],"wp:term":[{"taxonomy":"product_cat","embeddable":true,"href":"https:\/\/klimavex.eu\/cz\/wp-json\/wp\/v2\/product_cat?post=543712"},{"taxonomy":"product_tag","embeddable":true,"href":"https:\/\/klimavex.eu\/cz\/wp-json\/wp\/v2\/product_tag?post=543712"}],"curies":[{"name":"wp","href":"https:\/\/api.w.org\/{rel}","templated":true}]}}