{"id":543736,"date":"2026-03-31T18:40:09","date_gmt":"2026-03-31T16:40:09","guid":{"rendered":"https:\/\/klimavex.eu\/cz\/katalog\/ventilator-vortice-ariante-tower-super\/"},"modified":"2026-03-31T18:40:27","modified_gmt":"2026-03-31T16:40:27","slug":"ventilator-vortice-ariante-tower-super","status":"publish","type":"product","link":"https:\/\/klimavex.eu\/cz\/katalog\/ventilator-vortice-ariante-tower-super\/","title":{"rendered":"Ventil\u00e1tor Vortice Ariante Tower Super"},"content":{"rendered":"<p style=\"text-align:justify\"><span style=\"font-size:11pt\"><span style=\"font-family:Calibri,sans-serif\"><strong><span style=\"color:black\">Kl&iacute;\u010dov&eacute; vlastnosti:<\/span><\/strong><\/span><\/span><\/p>\n<ul>\n<li style=\"text-align:justify\"><span style=\"font-size:11pt\"><span style=\"font-family:Calibri,sans-serif\"><span style=\"color:black\">Maxim&aacute;ln&iacute; pr\u016ftok vzduchu na nejvy&scaron;&scaron;&iacute; ot&aacute;\u010dky 2323 m<sup>3<\/sup>\/h<\/span><\/span><\/span><\/li>\n<li style=\"text-align:justify\"><span style=\"font-size:11pt\"><span style=\"font-family:Calibri,sans-serif\"><span style=\"color:black\">Nap&aacute;jen&iacute; 220-240 V<\/span><\/span><\/span><\/li>\n<li style=\"text-align:justify\"><span style=\"font-size:11pt\"><span style=\"font-family:Calibri,sans-serif\"><span style=\"color:black\">D&aacute;lkov&eacute; ovl&aacute;d&aacute;n&iacute; sou\u010d&aacute;st&iacute; balen&iacute;<\/span><\/span><\/span><\/li>\n<li style=\"text-align:justify\"><span style=\"font-size:11pt\"><span style=\"font-family:Calibri,sans-serif\"><span style=\"color:black\">T\u0159i re\u017eimy provozu<\/span><\/span><\/span><\/li>\n<li style=\"text-align:justify\"><span style=\"font-size:11pt\"><span style=\"font-family:Calibri,sans-serif\"><span style=\"color:black\">Elegantn&iacute; design<\/span><\/span><\/span><\/li>\n<\/ul>\n","protected":false},"excerpt":{"rendered":"<p style=\"text-align:justify\"><span style=\"font-size:11pt\"><span style=\"font-family:Calibri,sans-serif\"><span style=\"color:black\">V\u011b\u017eov&yacute; trojot&aacute;\u010dkov&yacute; ventil&aacute;tor s&nbsp;mo\u017enost&iacute; <strong>rotace m\u0159&iacute;\u017eky v&nbsp;60&deg; &uacute;hlu<\/strong>. Ide&aacute;ln&iacute; na recirkulaci vzduchu <strong>v&nbsp;mal&yacute;ch \u010di st\u0159edn&iacute;ch m&iacute;stnostech<\/strong>. Elegantn&iacute; design V&aacute;m nebude p\u0159ek&aacute;\u017eet v&nbsp;\u017e&aacute;dn&eacute; m&iacute;stnosti. Ventil&aacute;tor disponuje t\u0159emi re\u017eimy provozu:<\/span><\/span><\/span><\/p>\n<ul>\n<li style=\"text-align:justify\"><span style=\"font-size:11pt\"><span style=\"font-family:Calibri,sans-serif\"><span style=\"color:black\">Standardn&iacute; re\u017eim &ndash; navol&iacute;te si sami<\/span><\/span><\/span><\/li>\n<li style=\"text-align:justify\"><span style=\"font-size:11pt\"><span style=\"font-family:Calibri,sans-serif\"><span style=\"color:black\">No\u010dn&iacute; re\u017eim &ndash; automatick&eacute; omezen&iacute; ot&aacute;\u010dek ka\u017ed&yacute;ch 30 vte\u0159in, co\u017e vede k&nbsp;p\u0159izp\u016fsoben&iacute; okoln&iacute; teplot\u011b<\/span><\/span><\/span><\/li>\n<li style=\"text-align:justify\"><span style=\"font-size:11pt\"><span style=\"font-family:Calibri,sans-serif\"><span style=\"color:black\">V&aacute;nek &ndash; ventil&aacute;tor se automaticky p\u0159ep&iacute;n&aacute; mezi vysok&yacute;mi a n&iacute;zk&yacute;mi ot&aacute;\u010dkami, \u010d&iacute;m\u017e vytv&aacute;\u0159&iacute; pocit osv\u011b\u017een&iacute;<\/span><\/span><\/span><\/li>\n<\/ul>\n","protected":false},"featured_media":549654,"template":"","meta":[],"product_cat":[7642,7562,7619],"product_tag":[],"class_list":{"0":"post-543736","1":"product","2":"type-product","3":"status-publish","4":"has-post-thumbnail","6":"product_cat-ariante","7":"product_cat-ventilatory","8":"product_cat-ventilatory-na-leto","9":"pa_kryti-ip20","10":"pa_provedeni-letni","11":"pa_typ-ariante","12":"pa_vzduchovy-vykon-qv-m3-13020","13":"pa_znacka-vortice","15":"first","16":"instock","17":"taxable","18":"shipping-taxable","19":"purchasable","20":"product-type-simple"},"yoast_head":"<!-- This site is optimized with the Yoast SEO plugin v23.9 - https:\/\/yoast.com\/wordpress\/plugins\/seo\/ -->\n<title>Ventil\u00e1tor Vortice Ariante Tower Super - KLIMAVEX GROUP - \u010cesko<\/title>\n<meta name=\"robots\" content=\"index, follow, max-snippet:-1, max-image-preview:large, max-video-preview:-1\" \/>\n<link rel=\"canonical\" href=\"https:\/\/klimavex.eu\/cz\/katalog\/ventilator-vortice-ariante-tower-super\/\" \/>\n<meta property=\"og:locale\" content=\"cs_CZ\" \/>\n<meta property=\"og:type\" content=\"article\" \/>\n<meta property=\"og:title\" content=\"Ventil\u00e1tor Vortice Ariante Tower Super - KLIMAVEX GROUP - \u010cesko\" \/>\n<meta property=\"og:description\" content=\"V\u011b\u017eov&yacute; trojot&aacute;\u010dkov&yacute; ventil&aacute;tor s&nbsp;mo\u017enost&iacute; rotace m\u0159&iacute;\u017eky v&nbsp;60&deg; &uacute;hlu. Ide&aacute;ln&iacute; na recirkulaci vzduchu v&nbsp;mal&yacute;ch \u010di st\u0159edn&iacute;ch m&iacute;stnostech. Elegantn&iacute; design V&aacute;m nebude p\u0159ek&aacute;\u017eet v&nbsp;\u017e&aacute;dn&eacute; m&iacute;stnosti. Ventil&aacute;tor disponuje t\u0159emi re\u017eimy provozu:  Standardn&iacute; re\u017eim &ndash; navol&iacute;te si sami No\u010dn&iacute; re\u017eim &ndash; automatick&eacute; omezen&iacute; ot&aacute;\u010dek ka\u017ed&yacute;ch 30 vte\u0159in, co\u017e vede k&nbsp;p\u0159izp\u016fsoben&iacute; okoln&iacute; teplot\u011b V&aacute;nek &ndash; ventil&aacute;tor se automaticky p\u0159ep&iacute;n&aacute; mezi vysok&yacute;mi a n&iacute;zk&yacute;mi ot&aacute;\u010dkami, \u010d&iacute;m\u017e vytv&aacute;\u0159&iacute; pocit osv\u011b\u017een&iacute;\" \/>\n<meta property=\"og:url\" content=\"https:\/\/klimavex.eu\/cz\/katalog\/ventilator-vortice-ariante-tower-super\/\" \/>\n<meta property=\"og:site_name\" content=\"KLIMAVEX GROUP - \u010cesko\" \/>\n<meta property=\"article:publisher\" content=\"https:\/\/www.facebook.com\/klimavex.cz\" \/>\n<meta property=\"article:modified_time\" content=\"2026-03-31T16:40:27+00:00\" \/>\n<meta property=\"og:image\" content=\"https:\/\/klimavex.eu\/cz\/wp-content\/uploads\/2025\/09\/kA7YAUMmGF2PmKxMNXGqxzpW0Tq8PoprnKTDqrVNMfQ.png\" \/>\n\t<meta property=\"og:image:width\" content=\"572\" \/>\n\t<meta property=\"og:image:height\" content=\"512\" \/>\n\t<meta property=\"og:image:type\" content=\"image\/png\" \/>\n<meta name=\"twitter:card\" content=\"summary_large_image\" \/>\n<script type=\"application\/ld+json\" class=\"yoast-schema-graph\">{\"@context\":\"https:\/\/schema.org\",\"@graph\":[{\"@type\":\"WebPage\",\"@id\":\"https:\/\/klimavex.eu\/cz\/katalog\/ventilator-vortice-ariante-tower-super\/\",\"url\":\"https:\/\/klimavex.eu\/cz\/katalog\/ventilator-vortice-ariante-tower-super\/\",\"name\":\"Ventil\u00e1tor Vortice Ariante Tower Super - KLIMAVEX GROUP - \u010cesko\",\"isPartOf\":{\"@id\":\"https:\/\/klimavex.eu\/cz\/#website\"},\"primaryImageOfPage\":{\"@id\":\"https:\/\/klimavex.eu\/cz\/katalog\/ventilator-vortice-ariante-tower-super\/#primaryimage\"},\"image\":{\"@id\":\"https:\/\/klimavex.eu\/cz\/katalog\/ventilator-vortice-ariante-tower-super\/#primaryimage\"},\"thumbnailUrl\":\"https:\/\/klimavex.eu\/cz\/wp-content\/uploads\/2025\/09\/kA7YAUMmGF2PmKxMNXGqxzpW0Tq8PoprnKTDqrVNMfQ.png\",\"datePublished\":\"2026-03-31T16:40:09+00:00\",\"dateModified\":\"2026-03-31T16:40:27+00:00\",\"breadcrumb\":{\"@id\":\"https:\/\/klimavex.eu\/cz\/katalog\/ventilator-vortice-ariante-tower-super\/#breadcrumb\"},\"inLanguage\":\"cs\",\"potentialAction\":[{\"@type\":\"ReadAction\",\"target\":[\"https:\/\/klimavex.eu\/cz\/katalog\/ventilator-vortice-ariante-tower-super\/\"]}]},{\"@type\":\"ImageObject\",\"inLanguage\":\"cs\",\"@id\":\"https:\/\/klimavex.eu\/cz\/katalog\/ventilator-vortice-ariante-tower-super\/#primaryimage\",\"url\":\"https:\/\/klimavex.eu\/cz\/wp-content\/uploads\/2025\/09\/kA7YAUMmGF2PmKxMNXGqxzpW0Tq8PoprnKTDqrVNMfQ.png\",\"contentUrl\":\"https:\/\/klimavex.eu\/cz\/wp-content\/uploads\/2025\/09\/kA7YAUMmGF2PmKxMNXGqxzpW0Tq8PoprnKTDqrVNMfQ.png\",\"width\":572,\"height\":512},{\"@type\":\"BreadcrumbList\",\"@id\":\"https:\/\/klimavex.eu\/cz\/katalog\/ventilator-vortice-ariante-tower-super\/#breadcrumb\",\"itemListElement\":[{\"@type\":\"ListItem\",\"position\":1,\"name\":\"Domovsk\u00e1 str\u00e1nka\",\"item\":\"https:\/\/klimavex.eu\/cz\/\"},{\"@type\":\"ListItem\",\"position\":2,\"name\":\"Eshop\",\"item\":\"https:\/\/klimavex.eu\/cz\/eshop\/\"},{\"@type\":\"ListItem\",\"position\":3,\"name\":\"Ventil\u00e1tor Vortice Ariante Tower Super\"}]},{\"@type\":\"WebSite\",\"@id\":\"https:\/\/klimavex.eu\/cz\/#website\",\"url\":\"https:\/\/klimavex.eu\/cz\/\",\"name\":\"KLIMAVEX GROUP - \u010cesko\",\"description\":\"\",\"publisher\":{\"@id\":\"https:\/\/klimavex.eu\/cz\/#organization\"},\"alternateName\":\"KLIMAVEX CZ a.s.\",\"potentialAction\":[{\"@type\":\"SearchAction\",\"target\":{\"@type\":\"EntryPoint\",\"urlTemplate\":\"https:\/\/klimavex.eu\/cz\/?s={search_term_string}\"},\"query-input\":{\"@type\":\"PropertyValueSpecification\",\"valueRequired\":true,\"valueName\":\"search_term_string\"}}],\"inLanguage\":\"cs\"},{\"@type\":\"Organization\",\"@id\":\"https:\/\/klimavex.eu\/cz\/#organization\",\"name\":\"KLIMAVEX GROUP\",\"alternateName\":\"KLIMAVEX\",\"url\":\"https:\/\/klimavex.eu\/cz\/\",\"logo\":{\"@type\":\"ImageObject\",\"inLanguage\":\"cs\",\"@id\":\"https:\/\/klimavex.eu\/cz\/#\/schema\/logo\/image\/\",\"url\":\"https:\/\/klimavex.eu\/cz\/wp-content\/uploads\/2024\/04\/Klimavex-Group-logo.png\",\"contentUrl\":\"https:\/\/klimavex.eu\/cz\/wp-content\/uploads\/2024\/04\/Klimavex-Group-logo.png\",\"width\":1681,\"height\":472,\"caption\":\"KLIMAVEX GROUP\"},\"image\":{\"@id\":\"https:\/\/klimavex.eu\/cz\/#\/schema\/logo\/image\/\"},\"sameAs\":[\"https:\/\/www.facebook.com\/klimavex.cz\",\"https:\/\/www.instagram.com\/klimavex_cz\/\"]}]}<\/script>\n<!-- \/ Yoast SEO plugin. -->","yoast_head_json":{"title":"Ventil\u00e1tor Vortice Ariante Tower Super - KLIMAVEX GROUP - \u010cesko","robots":{"index":"index","follow":"follow","max-snippet":"max-snippet:-1","max-image-preview":"max-image-preview:large","max-video-preview":"max-video-preview:-1"},"canonical":"https:\/\/klimavex.eu\/cz\/katalog\/ventilator-vortice-ariante-tower-super\/","og_locale":"cs_CZ","og_type":"article","og_title":"Ventil\u00e1tor Vortice Ariante Tower Super - KLIMAVEX GROUP - \u010cesko","og_description":"V\u011b\u017eov&yacute; trojot&aacute;\u010dkov&yacute; ventil&aacute;tor s&nbsp;mo\u017enost&iacute; rotace m\u0159&iacute;\u017eky v&nbsp;60&deg; &uacute;hlu. Ide&aacute;ln&iacute; na recirkulaci vzduchu v&nbsp;mal&yacute;ch \u010di st\u0159edn&iacute;ch m&iacute;stnostech. Elegantn&iacute; design V&aacute;m nebude p\u0159ek&aacute;\u017eet v&nbsp;\u017e&aacute;dn&eacute; m&iacute;stnosti. Ventil&aacute;tor disponuje t\u0159emi re\u017eimy provozu:  Standardn&iacute; re\u017eim &ndash; navol&iacute;te si sami No\u010dn&iacute; re\u017eim &ndash; automatick&eacute; omezen&iacute; ot&aacute;\u010dek ka\u017ed&yacute;ch 30 vte\u0159in, co\u017e vede k&nbsp;p\u0159izp\u016fsoben&iacute; okoln&iacute; teplot\u011b V&aacute;nek &ndash; ventil&aacute;tor se automaticky p\u0159ep&iacute;n&aacute; mezi vysok&yacute;mi a n&iacute;zk&yacute;mi ot&aacute;\u010dkami, \u010d&iacute;m\u017e vytv&aacute;\u0159&iacute; pocit osv\u011b\u017een&iacute;","og_url":"https:\/\/klimavex.eu\/cz\/katalog\/ventilator-vortice-ariante-tower-super\/","og_site_name":"KLIMAVEX GROUP - \u010cesko","article_publisher":"https:\/\/www.facebook.com\/klimavex.cz","article_modified_time":"2026-03-31T16:40:27+00:00","og_image":[{"width":572,"height":512,"url":"https:\/\/klimavex.eu\/cz\/wp-content\/uploads\/2025\/09\/kA7YAUMmGF2PmKxMNXGqxzpW0Tq8PoprnKTDqrVNMfQ.png","type":"image\/png"}],"twitter_card":"summary_large_image","schema":{"@context":"https:\/\/schema.org","@graph":[{"@type":"WebPage","@id":"https:\/\/klimavex.eu\/cz\/katalog\/ventilator-vortice-ariante-tower-super\/","url":"https:\/\/klimavex.eu\/cz\/katalog\/ventilator-vortice-ariante-tower-super\/","name":"Ventil\u00e1tor Vortice Ariante Tower Super - KLIMAVEX GROUP - \u010cesko","isPartOf":{"@id":"https:\/\/klimavex.eu\/cz\/#website"},"primaryImageOfPage":{"@id":"https:\/\/klimavex.eu\/cz\/katalog\/ventilator-vortice-ariante-tower-super\/#primaryimage"},"image":{"@id":"https:\/\/klimavex.eu\/cz\/katalog\/ventilator-vortice-ariante-tower-super\/#primaryimage"},"thumbnailUrl":"https:\/\/klimavex.eu\/cz\/wp-content\/uploads\/2025\/09\/kA7YAUMmGF2PmKxMNXGqxzpW0Tq8PoprnKTDqrVNMfQ.png","datePublished":"2026-03-31T16:40:09+00:00","dateModified":"2026-03-31T16:40:27+00:00","breadcrumb":{"@id":"https:\/\/klimavex.eu\/cz\/katalog\/ventilator-vortice-ariante-tower-super\/#breadcrumb"},"inLanguage":"cs","potentialAction":[{"@type":"ReadAction","target":["https:\/\/klimavex.eu\/cz\/katalog\/ventilator-vortice-ariante-tower-super\/"]}]},{"@type":"ImageObject","inLanguage":"cs","@id":"https:\/\/klimavex.eu\/cz\/katalog\/ventilator-vortice-ariante-tower-super\/#primaryimage","url":"https:\/\/klimavex.eu\/cz\/wp-content\/uploads\/2025\/09\/kA7YAUMmGF2PmKxMNXGqxzpW0Tq8PoprnKTDqrVNMfQ.png","contentUrl":"https:\/\/klimavex.eu\/cz\/wp-content\/uploads\/2025\/09\/kA7YAUMmGF2PmKxMNXGqxzpW0Tq8PoprnKTDqrVNMfQ.png","width":572,"height":512},{"@type":"BreadcrumbList","@id":"https:\/\/klimavex.eu\/cz\/katalog\/ventilator-vortice-ariante-tower-super\/#breadcrumb","itemListElement":[{"@type":"ListItem","position":1,"name":"Domovsk\u00e1 str\u00e1nka","item":"https:\/\/klimavex.eu\/cz\/"},{"@type":"ListItem","position":2,"name":"Eshop","item":"https:\/\/klimavex.eu\/cz\/eshop\/"},{"@type":"ListItem","position":3,"name":"Ventil\u00e1tor Vortice Ariante Tower Super"}]},{"@type":"WebSite","@id":"https:\/\/klimavex.eu\/cz\/#website","url":"https:\/\/klimavex.eu\/cz\/","name":"KLIMAVEX GROUP - \u010cesko","description":"","publisher":{"@id":"https:\/\/klimavex.eu\/cz\/#organization"},"alternateName":"KLIMAVEX CZ a.s.","potentialAction":[{"@type":"SearchAction","target":{"@type":"EntryPoint","urlTemplate":"https:\/\/klimavex.eu\/cz\/?s={search_term_string}"},"query-input":{"@type":"PropertyValueSpecification","valueRequired":true,"valueName":"search_term_string"}}],"inLanguage":"cs"},{"@type":"Organization","@id":"https:\/\/klimavex.eu\/cz\/#organization","name":"KLIMAVEX GROUP","alternateName":"KLIMAVEX","url":"https:\/\/klimavex.eu\/cz\/","logo":{"@type":"ImageObject","inLanguage":"cs","@id":"https:\/\/klimavex.eu\/cz\/#\/schema\/logo\/image\/","url":"https:\/\/klimavex.eu\/cz\/wp-content\/uploads\/2024\/04\/Klimavex-Group-logo.png","contentUrl":"https:\/\/klimavex.eu\/cz\/wp-content\/uploads\/2024\/04\/Klimavex-Group-logo.png","width":1681,"height":472,"caption":"KLIMAVEX GROUP"},"image":{"@id":"https:\/\/klimavex.eu\/cz\/#\/schema\/logo\/image\/"},"sameAs":["https:\/\/www.facebook.com\/klimavex.cz","https:\/\/www.instagram.com\/klimavex_cz\/"]}]}},"_links":{"self":[{"href":"https:\/\/klimavex.eu\/cz\/wp-json\/wp\/v2\/product\/543736","targetHints":{"allow":["GET"]}}],"collection":[{"href":"https:\/\/klimavex.eu\/cz\/wp-json\/wp\/v2\/product"}],"about":[{"href":"https:\/\/klimavex.eu\/cz\/wp-json\/wp\/v2\/types\/product"}],"version-history":[{"count":0,"href":"https:\/\/klimavex.eu\/cz\/wp-json\/wp\/v2\/product\/543736\/revisions"}],"wp:featuredmedia":[{"embeddable":true,"href":"https:\/\/klimavex.eu\/cz\/wp-json\/wp\/v2\/media\/549654"}],"wp:attachment":[{"href":"https:\/\/klimavex.eu\/cz\/wp-json\/wp\/v2\/media?parent=543736"}],"wp:term":[{"taxonomy":"product_cat","embeddable":true,"href":"https:\/\/klimavex.eu\/cz\/wp-json\/wp\/v2\/product_cat?post=543736"},{"taxonomy":"product_tag","embeddable":true,"href":"https:\/\/klimavex.eu\/cz\/wp-json\/wp\/v2\/product_tag?post=543736"}],"curies":[{"name":"wp","href":"https:\/\/api.w.org\/{rel}","templated":true}]}}