{"id":543737,"date":"2026-04-08T21:03:57","date_gmt":"2026-04-08T19:03:57","guid":{"rendered":"https:\/\/klimavex.eu\/cz\/katalog\/vort-hr-300-neti-passive-house-certifikat\/"},"modified":"2026-04-08T21:04:22","modified_gmt":"2026-04-08T19:04:22","slug":"vort-hr-300-neti-passive-house-certifikat","status":"publish","type":"product","link":"https:\/\/klimavex.eu\/cz\/katalog\/vort-hr-300-neti-passive-house-certifikat\/","title":{"rendered":"VORT HR 300 NETI (Passive House certifik\u00e1t)"},"content":{"rendered":"<p style=\"margin-left:0cm;text-align:justify;\"><span style=\"font-family:Calibri, sans-serif;font-size:11pt;\"><strong>Kl\u00ed\u010dov\u00e9 vlastnosti<\/strong><\/span><\/p>\n<ul>\n<li>\n<p style=\"text-align:justify;\"><span style=\"font-family:Calibri, sans-serif;font-size:11pt;\">2 EC (brushless) motory s h\u0159\u00eddel\u00ed ot\u00e1\u010dej\u00edc\u00ed se v kuli\u010dkov\u00fdch lo\u017eisk\u00e1ch, ka\u017ed\u00fd spojen\u00fd s vrtul\u00ed s dop\u0159edu zahnut\u00fdmi lopatkami; 3 rychlosti, nez\u00e1visle nastaviteln\u00e9 p\u0159i instalaci<\/span><\/p>\n<\/li>\n<li>\n<p style=\"text-align:justify;\"><span style=\"font-family:Calibri, sans-serif;font-size:11pt;\">Plastov\u00fd kryt (PPE)<\/span><\/p>\n<\/li>\n<li>\n<p style=\"text-align:justify;\"><span style=\"font-family:Calibri, sans-serif;font-size:11pt;\">Vysoce \u00fa\u010dinn\u00fd protiproud\u00fd v\u00fdm\u011bn\u00edk tepla z plastu PS&nbsp;<\/span><\/p>\n<\/li>\n<li>\n<p style=\"text-align:justify;\"><span style=\"font-family:Calibri, sans-serif;font-size:11pt;\">1 filtr ePM10 50 % (M5) na p\u0159\u00edvodu vzduchu a 1 filtr ISO Coarse 65 % (G4) na odvodu vzduchu. Stav zanesen\u00ed filtr\u016f, a tedy i pot\u0159eba \u00fadr\u017eby, se zobrazuje na ovl\u00e1dac\u00edm panelu.<\/span><\/p>\n<\/li>\n<li>\n<p style=\"text-align:justify;\"><span style=\"font-family:Calibri, sans-serif;font-size:11pt;\">Automatick\u00fd by-pass pro voln\u00e9 chlazen\u00ed (alternativn\u011b je povolena ru\u010dn\u00ed aktivace)<\/span><\/p>\n<\/li>\n<li>\n<p style=\"text-align:justify;\"><span style=\"font-family:Calibri, sans-serif;font-size:11pt;\">\u00d8 125 mm<\/span><\/p>\n<\/li>\n<li>\n<p style=\"text-align:justify;\"><span style=\"font-family:Calibri, sans-serif;font-size:11pt;\">Ovl\u00e1dac\u00ed panel na p\u0159edn\u00edm krytu, kter\u00fd umo\u017e\u0148uje:<\/span><\/p>\n<ul>\n<li>\n<p style=\"text-align:justify;\"><span style=\"font-family:Calibri, sans-serif;font-size:11pt;\">konfiguraci v\u00fdrobku p\u0159i instalaci,<\/span><\/p>\n<\/li>\n<li>\n<p style=\"text-align:justify;\"><span style=\"font-family:Calibri, sans-serif;font-size:11pt;\">ru\u010dn\u00ed nastaven\u00ed provozn\u00edho re\u017eimu,<\/span><\/p>\n<\/li>\n<li>\n<p style=\"text-align:justify;\"><span style=\"font-family:Calibri, sans-serif;font-size:11pt;\">nastaven\u00ed automatick\u00e9ho provozu a sledov\u00e1n\u00ed spr\u00e1vn\u00e9 funkce,<\/span><\/p>\n<\/li>\n<li>\n<p style=\"text-align:justify;\"><span style=\"font-family:Calibri, sans-serif;font-size:11pt;\">diagnostiku syst\u00e9mu,<\/span><\/p>\n<\/li>\n<li>\n<p style=\"text-align:justify;\"><span style=\"font-family:Calibri, sans-serif;font-size:11pt;\">st\u00e1l\u00e9 sledov\u00e1n\u00ed stavu filtr\u016f a relativn\u00ed pot\u0159eby \u00fadr\u017eby \/ v\u00fdm\u011bny,<\/span><\/p>\n<\/li>\n<li>\n<p style=\"text-align:justify;\"><span style=\"font-family:Calibri, sans-serif;font-size:11pt;\">aktualizace firmwaru<\/span><\/p>\n<\/li>\n<\/ul>\n<\/li>\n<\/ul>\n","protected":false},"excerpt":{"rendered":"<p style=\"margin-left:0cm;text-align:justify;\"><span style=\"font-family:Calibri, sans-serif;font-size:11pt;\">Rekupera\u010dn\u00ed jednotka <strong>Vortice VORT HR 300 NETI&nbsp;<\/strong>s estetick\u00fdm \u010deln\u00edm panelem z tvrzen\u00e9ho plastu, leskl\u00fdm povrchem. Kruhov\u00e9 p\u0159ipojovac\u00ed otvory potrub\u00ed, jmenovit\u00fd <strong>pr\u016fm\u011br 125 mm<\/strong>. Jednotka disponuje vysoce \u00fa\u010dinn\u00fdm <strong>protiproud\u00fdm v\u00fdm\u011bn\u00edkem tepla z plastu<\/strong> PS. Standardn\u011b dod\u00e1van\u00fd dr\u017e\u00e1k pro mont\u00e1\u017e na st\u011bnu.<\/span><\/p>\n","protected":false},"featured_media":0,"template":"","meta":[],"product_cat":[10775,10769,10776],"product_tag":[],"class_list":{"0":"post-543737","1":"product","2":"type-product","3":"status-publish","5":"product_cat-ventilatory-archivovane-produkty","6":"product_cat-archivovane-produkty","7":"product_cat-archivovane-produkty-ventilatory","8":"pa_label-archivovany","9":"pa_typ-prislusenstvi","10":"pa_znacka-vortice","12":"first","13":"outofstock","14":"taxable","15":"shipping-taxable","16":"purchasable","17":"product-type-simple"},"yoast_head":"<!-- This site is optimized with the Yoast SEO plugin v23.9 - https:\/\/yoast.com\/wordpress\/plugins\/seo\/ -->\n<title>VORT HR 300 NETI (Passive House certifik\u00e1t) - KLIMAVEX GROUP - \u010cesko<\/title>\n<meta name=\"robots\" content=\"index, follow, max-snippet:-1, max-image-preview:large, max-video-preview:-1\" \/>\n<link rel=\"canonical\" href=\"https:\/\/klimavex.eu\/cz\/katalog\/vort-hr-300-neti-passive-house-certifikat\/\" \/>\n<meta property=\"og:locale\" content=\"cs_CZ\" \/>\n<meta property=\"og:type\" content=\"article\" \/>\n<meta property=\"og:title\" content=\"VORT HR 300 NETI (Passive House certifik\u00e1t) - KLIMAVEX GROUP - \u010cesko\" \/>\n<meta property=\"og:description\" content=\"Rekupera\u010dn\u00ed jednotka Vortice VORT HR 300 NETI&nbsp;s estetick\u00fdm \u010deln\u00edm panelem z tvrzen\u00e9ho plastu, leskl\u00fdm povrchem. Kruhov\u00e9 p\u0159ipojovac\u00ed otvory potrub\u00ed, jmenovit\u00fd pr\u016fm\u011br 125 mm. Jednotka disponuje vysoce \u00fa\u010dinn\u00fdm protiproud\u00fdm v\u00fdm\u011bn\u00edkem tepla z plastu PS. Standardn\u011b dod\u00e1van\u00fd dr\u017e\u00e1k pro mont\u00e1\u017e na st\u011bnu.\" \/>\n<meta property=\"og:url\" content=\"https:\/\/klimavex.eu\/cz\/katalog\/vort-hr-300-neti-passive-house-certifikat\/\" \/>\n<meta property=\"og:site_name\" content=\"KLIMAVEX GROUP - \u010cesko\" \/>\n<meta property=\"article:publisher\" content=\"https:\/\/www.facebook.com\/klimavex.cz\" \/>\n<meta property=\"article:modified_time\" content=\"2026-04-08T19:04:22+00:00\" \/>\n<meta property=\"og:image\" content=\"https:\/\/klimavex.eu\/cz\/wp-content\/uploads\/2024\/02\/LOGO-KLIMAVEX-modra-kostka-1.png\" \/>\n\t<meta property=\"og:image:width\" content=\"9184\" \/>\n\t<meta property=\"og:image:height\" content=\"9184\" \/>\n\t<meta property=\"og:image:type\" content=\"image\/png\" \/>\n<meta name=\"twitter:card\" content=\"summary_large_image\" \/>\n<meta name=\"twitter:label1\" content=\"Odhadovan\u00e1 doba \u010dten\u00ed\" \/>\n\t<meta name=\"twitter:data1\" content=\"1 minuta\" \/>\n<script type=\"application\/ld+json\" class=\"yoast-schema-graph\">{\"@context\":\"https:\/\/schema.org\",\"@graph\":[{\"@type\":\"WebPage\",\"@id\":\"https:\/\/klimavex.eu\/cz\/katalog\/vort-hr-300-neti-passive-house-certifikat\/\",\"url\":\"https:\/\/klimavex.eu\/cz\/katalog\/vort-hr-300-neti-passive-house-certifikat\/\",\"name\":\"VORT HR 300 NETI (Passive House certifik\u00e1t) - KLIMAVEX GROUP - \u010cesko\",\"isPartOf\":{\"@id\":\"https:\/\/klimavex.eu\/cz\/#website\"},\"datePublished\":\"2026-04-08T19:03:57+00:00\",\"dateModified\":\"2026-04-08T19:04:22+00:00\",\"breadcrumb\":{\"@id\":\"https:\/\/klimavex.eu\/cz\/katalog\/vort-hr-300-neti-passive-house-certifikat\/#breadcrumb\"},\"inLanguage\":\"cs\",\"potentialAction\":[{\"@type\":\"ReadAction\",\"target\":[\"https:\/\/klimavex.eu\/cz\/katalog\/vort-hr-300-neti-passive-house-certifikat\/\"]}]},{\"@type\":\"BreadcrumbList\",\"@id\":\"https:\/\/klimavex.eu\/cz\/katalog\/vort-hr-300-neti-passive-house-certifikat\/#breadcrumb\",\"itemListElement\":[{\"@type\":\"ListItem\",\"position\":1,\"name\":\"Domovsk\u00e1 str\u00e1nka\",\"item\":\"https:\/\/klimavex.eu\/cz\/\"},{\"@type\":\"ListItem\",\"position\":2,\"name\":\"Eshop\",\"item\":\"https:\/\/klimavex.eu\/cz\/eshop\/\"},{\"@type\":\"ListItem\",\"position\":3,\"name\":\"VORT HR 300 NETI (Passive House certifik\u00e1t)\"}]},{\"@type\":\"WebSite\",\"@id\":\"https:\/\/klimavex.eu\/cz\/#website\",\"url\":\"https:\/\/klimavex.eu\/cz\/\",\"name\":\"KLIMAVEX GROUP - \u010cesko\",\"description\":\"\",\"publisher\":{\"@id\":\"https:\/\/klimavex.eu\/cz\/#organization\"},\"alternateName\":\"KLIMAVEX CZ a.s.\",\"potentialAction\":[{\"@type\":\"SearchAction\",\"target\":{\"@type\":\"EntryPoint\",\"urlTemplate\":\"https:\/\/klimavex.eu\/cz\/?s={search_term_string}\"},\"query-input\":{\"@type\":\"PropertyValueSpecification\",\"valueRequired\":true,\"valueName\":\"search_term_string\"}}],\"inLanguage\":\"cs\"},{\"@type\":\"Organization\",\"@id\":\"https:\/\/klimavex.eu\/cz\/#organization\",\"name\":\"KLIMAVEX GROUP\",\"alternateName\":\"KLIMAVEX\",\"url\":\"https:\/\/klimavex.eu\/cz\/\",\"logo\":{\"@type\":\"ImageObject\",\"inLanguage\":\"cs\",\"@id\":\"https:\/\/klimavex.eu\/cz\/#\/schema\/logo\/image\/\",\"url\":\"https:\/\/klimavex.eu\/cz\/wp-content\/uploads\/2024\/04\/Klimavex-Group-logo.png\",\"contentUrl\":\"https:\/\/klimavex.eu\/cz\/wp-content\/uploads\/2024\/04\/Klimavex-Group-logo.png\",\"width\":1681,\"height\":472,\"caption\":\"KLIMAVEX GROUP\"},\"image\":{\"@id\":\"https:\/\/klimavex.eu\/cz\/#\/schema\/logo\/image\/\"},\"sameAs\":[\"https:\/\/www.facebook.com\/klimavex.cz\",\"https:\/\/www.instagram.com\/klimavex_cz\/\"]}]}<\/script>\n<!-- \/ Yoast SEO plugin. -->","yoast_head_json":{"title":"VORT HR 300 NETI (Passive House certifik\u00e1t) - KLIMAVEX GROUP - \u010cesko","robots":{"index":"index","follow":"follow","max-snippet":"max-snippet:-1","max-image-preview":"max-image-preview:large","max-video-preview":"max-video-preview:-1"},"canonical":"https:\/\/klimavex.eu\/cz\/katalog\/vort-hr-300-neti-passive-house-certifikat\/","og_locale":"cs_CZ","og_type":"article","og_title":"VORT HR 300 NETI (Passive House certifik\u00e1t) - KLIMAVEX GROUP - \u010cesko","og_description":"Rekupera\u010dn\u00ed jednotka Vortice VORT HR 300 NETI&nbsp;s estetick\u00fdm \u010deln\u00edm panelem z tvrzen\u00e9ho plastu, leskl\u00fdm povrchem. Kruhov\u00e9 p\u0159ipojovac\u00ed otvory potrub\u00ed, jmenovit\u00fd pr\u016fm\u011br 125 mm. Jednotka disponuje vysoce \u00fa\u010dinn\u00fdm protiproud\u00fdm v\u00fdm\u011bn\u00edkem tepla z plastu PS. Standardn\u011b dod\u00e1van\u00fd dr\u017e\u00e1k pro mont\u00e1\u017e na st\u011bnu.","og_url":"https:\/\/klimavex.eu\/cz\/katalog\/vort-hr-300-neti-passive-house-certifikat\/","og_site_name":"KLIMAVEX GROUP - \u010cesko","article_publisher":"https:\/\/www.facebook.com\/klimavex.cz","article_modified_time":"2026-04-08T19:04:22+00:00","og_image":[{"width":9184,"height":9184,"url":"https:\/\/klimavex.eu\/cz\/wp-content\/uploads\/2024\/02\/LOGO-KLIMAVEX-modra-kostka-1.png","type":"image\/png"}],"twitter_card":"summary_large_image","twitter_misc":{"Odhadovan\u00e1 doba \u010dten\u00ed":"1 minuta"},"schema":{"@context":"https:\/\/schema.org","@graph":[{"@type":"WebPage","@id":"https:\/\/klimavex.eu\/cz\/katalog\/vort-hr-300-neti-passive-house-certifikat\/","url":"https:\/\/klimavex.eu\/cz\/katalog\/vort-hr-300-neti-passive-house-certifikat\/","name":"VORT HR 300 NETI (Passive House certifik\u00e1t) - KLIMAVEX GROUP - \u010cesko","isPartOf":{"@id":"https:\/\/klimavex.eu\/cz\/#website"},"datePublished":"2026-04-08T19:03:57+00:00","dateModified":"2026-04-08T19:04:22+00:00","breadcrumb":{"@id":"https:\/\/klimavex.eu\/cz\/katalog\/vort-hr-300-neti-passive-house-certifikat\/#breadcrumb"},"inLanguage":"cs","potentialAction":[{"@type":"ReadAction","target":["https:\/\/klimavex.eu\/cz\/katalog\/vort-hr-300-neti-passive-house-certifikat\/"]}]},{"@type":"BreadcrumbList","@id":"https:\/\/klimavex.eu\/cz\/katalog\/vort-hr-300-neti-passive-house-certifikat\/#breadcrumb","itemListElement":[{"@type":"ListItem","position":1,"name":"Domovsk\u00e1 str\u00e1nka","item":"https:\/\/klimavex.eu\/cz\/"},{"@type":"ListItem","position":2,"name":"Eshop","item":"https:\/\/klimavex.eu\/cz\/eshop\/"},{"@type":"ListItem","position":3,"name":"VORT HR 300 NETI (Passive House certifik\u00e1t)"}]},{"@type":"WebSite","@id":"https:\/\/klimavex.eu\/cz\/#website","url":"https:\/\/klimavex.eu\/cz\/","name":"KLIMAVEX GROUP - \u010cesko","description":"","publisher":{"@id":"https:\/\/klimavex.eu\/cz\/#organization"},"alternateName":"KLIMAVEX CZ a.s.","potentialAction":[{"@type":"SearchAction","target":{"@type":"EntryPoint","urlTemplate":"https:\/\/klimavex.eu\/cz\/?s={search_term_string}"},"query-input":{"@type":"PropertyValueSpecification","valueRequired":true,"valueName":"search_term_string"}}],"inLanguage":"cs"},{"@type":"Organization","@id":"https:\/\/klimavex.eu\/cz\/#organization","name":"KLIMAVEX GROUP","alternateName":"KLIMAVEX","url":"https:\/\/klimavex.eu\/cz\/","logo":{"@type":"ImageObject","inLanguage":"cs","@id":"https:\/\/klimavex.eu\/cz\/#\/schema\/logo\/image\/","url":"https:\/\/klimavex.eu\/cz\/wp-content\/uploads\/2024\/04\/Klimavex-Group-logo.png","contentUrl":"https:\/\/klimavex.eu\/cz\/wp-content\/uploads\/2024\/04\/Klimavex-Group-logo.png","width":1681,"height":472,"caption":"KLIMAVEX GROUP"},"image":{"@id":"https:\/\/klimavex.eu\/cz\/#\/schema\/logo\/image\/"},"sameAs":["https:\/\/www.facebook.com\/klimavex.cz","https:\/\/www.instagram.com\/klimavex_cz\/"]}]}},"_links":{"self":[{"href":"https:\/\/klimavex.eu\/cz\/wp-json\/wp\/v2\/product\/543737","targetHints":{"allow":["GET"]}}],"collection":[{"href":"https:\/\/klimavex.eu\/cz\/wp-json\/wp\/v2\/product"}],"about":[{"href":"https:\/\/klimavex.eu\/cz\/wp-json\/wp\/v2\/types\/product"}],"version-history":[{"count":0,"href":"https:\/\/klimavex.eu\/cz\/wp-json\/wp\/v2\/product\/543737\/revisions"}],"wp:attachment":[{"href":"https:\/\/klimavex.eu\/cz\/wp-json\/wp\/v2\/media?parent=543737"}],"wp:term":[{"taxonomy":"product_cat","embeddable":true,"href":"https:\/\/klimavex.eu\/cz\/wp-json\/wp\/v2\/product_cat?post=543737"},{"taxonomy":"product_tag","embeddable":true,"href":"https:\/\/klimavex.eu\/cz\/wp-json\/wp\/v2\/product_tag?post=543737"}],"curies":[{"name":"wp","href":"https:\/\/api.w.org\/{rel}","templated":true}]}}