{"id":543789,"date":"2026-03-31T18:41:15","date_gmt":"2026-03-31T16:41:15","guid":{"rendered":"https:\/\/klimavex.eu\/cz\/katalog\/ventilator-vortice-nordik-international-plus-120-48\/"},"modified":"2026-03-31T18:41:36","modified_gmt":"2026-03-31T16:41:36","slug":"ventilator-vortice-nordik-international-plus-120-48","status":"publish","type":"product","link":"https:\/\/klimavex.eu\/cz\/katalog\/ventilator-vortice-nordik-international-plus-120-48\/","title":{"rendered":"Ventil\u00e1tor Vortice Nordik International Plus 120\/48&#8243;"},"content":{"rendered":"<p style=\"text-align:justify\"><span style=\"font-size:11pt\"><span style=\"font-family:Calibri,sans-serif\"><strong><span style=\"background-color:white\"><span style=\"color:black\">Kl&iacute;\u010dov&eacute; vlastnosti:<\/span><\/span><\/strong><\/span><\/span><\/p>\n<ul>\n<li style=\"text-align:justify\"><span style=\"font-size:11pt\"><span style=\"font-family:Calibri,sans-serif\">Horn&iacute; a spodn&iacute; kryt motoru lisovan&yacute; z tepeln\u011b odoln&eacute; a UV odoln&eacute; termoplastick&eacute; prysky\u0159ice (ABS)<\/span><\/span><\/li>\n<li style=\"text-align:justify\"><span style=\"font-size:11pt\"><span style=\"font-family:Calibri,sans-serif\">Kabel&aacute;\u017e na konci stropn&iacute; ty\u010de zakryt&aacute; kopulemi lisovan&yacute;mi z PP odoln&eacute;ho proti n&aacute;razu a UV z&aacute;\u0159en&iacute;<\/span><\/span><\/li>\n<li style=\"text-align:justify\"><span style=\"font-size:11pt\"><span style=\"font-family:Calibri,sans-serif\">Jednof&aacute;zov&yacute; rozb\u011bhov&yacute; kondenz&aacute;torov&yacute; motor s vn\u011bj&scaron;&iacute;m rotorem a h\u0159&iacute;delem nat&aacute;\u010div&yacute;m v kuli\u010dkov&yacute;ch lo\u017eisk&aacute;ch<\/span><\/span><\/li>\n<li style=\"text-align:justify\"><span style=\"font-size:11pt\"><span style=\"font-family:Calibri,sans-serif\">3 \u010depele z ocelov&eacute;ho plechu pr&aacute;&scaron;kov\u011b lakovan&eacute; polyesterem odoln&yacute;m proti po&scaron;kr&aacute;b&aacute;n&iacute;<\/span><\/span><\/li>\n<li style=\"text-align:justify\"><span style=\"font-size:11pt\"><span style=\"font-family:Calibri,sans-serif\">Ta&scaron;ka s p\u0159&iacute;slu&scaron;enstv&iacute;m obsahuj&iacute;c&iacute; matice a &scaron;rouby pot\u0159ebn&eacute; pro mont&aacute;\u017e no\u017e\u016f, stropn&iacute;ho h&aacute;ku a pry\u017eov&eacute; antivibra\u010dn&iacute; podlo\u017eky<\/span><\/span><\/li>\n<li style=\"text-align:justify\"><span style=\"font-size:11pt\"><span style=\"font-family:Calibri,sans-serif\">P\u0159ipraveno pro pou\u017eit&iacute; p\u0159&iacute;davn&eacute;ho osv\u011btlen&iacute; (voliteln&eacute; p\u0159&iacute;slu&scaron;enstv&iacute;)<\/span><\/span><\/li>\n<li style=\"text-align:justify\"><span style=\"font-size:11pt\"><span style=\"font-family:Calibri,sans-serif\">Rychlost voliteln&aacute; pomoc&iacute; \u0159&iacute;dic&iacute;ch jednotek (voliteln&eacute; p\u0159&iacute;slu&scaron;enstv&iacute;)<\/span><\/span><\/li>\n<li style=\"text-align:justify\"><span style=\"font-size:11pt\"><span style=\"background-color:white\"><span style=\"font-family:Calibri,sans-serif\"><span style=\"color:black\">37,5cm dlouh&aacute; z&aacute;v\u011bsn&aacute; ty\u010d<\/span><\/span><\/span><\/span><\/li>\n<\/ul>\n","protected":false},"excerpt":{"rendered":"<p style=\"text-align:justify\"><span style=\"font-size:11pt\"><span style=\"font-family:Calibri,sans-serif\"><span style=\"background-color:white\"><span style=\"color:black\">Stropn&iacute; ventil&aacute;tor Vortice&nbsp;<strong><span style=\"font-family:&quot;Calibri&quot;,sans-serif\">Nordik International Plus 120\/48&quot;<\/span><\/strong>&nbsp;je vhodn&yacute; na <strong>recirkulaci vzduchu<\/strong> v obytn&yacute;ch, komer\u010dn&iacute;ch a pr\u016fmyslov&yacute;ch prostorech. Stropn&iacute; ventil&aacute;tor Nordik m&aacute;&nbsp;<strong><span style=\"font-family:&quot;Calibri&quot;,sans-serif\">velk&yacute; vzduchov&yacute; v&yacute;kon p\u0159i n&iacute;zk&yacute;ch ot&aacute;\u010dk&aacute;ch<\/span><\/strong>&nbsp;a profil lopatek zabezpe\u010duje&nbsp;<strong><span style=\"font-family:&quot;Calibri&quot;,sans-serif\">n&iacute;zkou provozn&iacute; hlu\u010dnost<\/span><\/strong>. Stropn&iacute; ventil&aacute;tor je vybaven <strong>asynchronn&iacute;m<\/strong> motorem. Voliteln\u011b je mo\u017en&eacute; regulovat rychlost pomoc&iacute; \u0159&iacute;dic&iacute;ch jednotek nebo nainstalovat p\u0159&iacute;davn&eacute; sv\u011btlo.<\/span><\/span><\/span><\/span><\/p>\n","protected":false},"featured_media":549873,"template":"","meta":[],"product_cat":[7634,7562,7613],"product_tag":[],"class_list":{"0":"post-543789","1":"product","2":"type-product","3":"status-publish","4":"has-post-thumbnail","6":"product_cat-nordik-international","7":"product_cat-ventilatory","8":"product_cat-stropni-ventilatory","9":"pa_kryti-ip20","10":"pa_provedeni-stropni","11":"pa_typ-nordik-international","12":"pa_vzduchovy-vykon-qv-m3-13068","13":"pa_znacka-vortice","15":"first","16":"instock","17":"taxable","18":"shipping-taxable","19":"purchasable","20":"product-type-simple"},"yoast_head":"<!-- This site is optimized with the Yoast SEO plugin v23.9 - https:\/\/yoast.com\/wordpress\/plugins\/seo\/ -->\n<title>Ventil\u00e1tor Vortice Nordik International Plus 120\/48&quot; - KLIMAVEX GROUP - \u010cesko<\/title>\n<meta name=\"robots\" content=\"index, follow, max-snippet:-1, max-image-preview:large, max-video-preview:-1\" \/>\n<link rel=\"canonical\" href=\"https:\/\/klimavex.eu\/cz\/katalog\/ventilator-vortice-nordik-international-plus-120-48\/\" \/>\n<meta property=\"og:locale\" content=\"cs_CZ\" \/>\n<meta property=\"og:type\" content=\"article\" \/>\n<meta property=\"og:title\" content=\"Ventil\u00e1tor Vortice Nordik International Plus 120\/48&quot; - KLIMAVEX GROUP - \u010cesko\" \/>\n<meta property=\"og:description\" content=\"Stropn&iacute; ventil&aacute;tor Vortice&nbsp;Nordik International Plus 120\/48&quot;&nbsp;je vhodn&yacute; na recirkulaci vzduchu v obytn&yacute;ch, komer\u010dn&iacute;ch a pr\u016fmyslov&yacute;ch prostorech. Stropn&iacute; ventil&aacute;tor Nordik m&aacute;&nbsp;velk&yacute; vzduchov&yacute; v&yacute;kon p\u0159i n&iacute;zk&yacute;ch ot&aacute;\u010dk&aacute;ch&nbsp;a profil lopatek zabezpe\u010duje&nbsp;n&iacute;zkou provozn&iacute; hlu\u010dnost. Stropn&iacute; ventil&aacute;tor je vybaven asynchronn&iacute;m motorem. Voliteln\u011b je mo\u017en&eacute; regulovat rychlost pomoc&iacute; \u0159&iacute;dic&iacute;ch jednotek nebo nainstalovat p\u0159&iacute;davn&eacute; sv\u011btlo.\" \/>\n<meta property=\"og:url\" content=\"https:\/\/klimavex.eu\/cz\/katalog\/ventilator-vortice-nordik-international-plus-120-48\/\" \/>\n<meta property=\"og:site_name\" content=\"KLIMAVEX GROUP - \u010cesko\" \/>\n<meta property=\"article:publisher\" content=\"https:\/\/www.facebook.com\/klimavex.cz\" \/>\n<meta property=\"article:modified_time\" content=\"2026-03-31T16:41:36+00:00\" \/>\n<meta property=\"og:image\" content=\"https:\/\/klimavex.eu\/cz\/wp-content\/uploads\/2025\/09\/06Bnrsf6ijhm1ETghmTQao_rXc_4T1ao8LBXK0wTME.png\" \/>\n\t<meta property=\"og:image:width\" content=\"572\" \/>\n\t<meta property=\"og:image:height\" content=\"512\" \/>\n\t<meta property=\"og:image:type\" content=\"image\/png\" \/>\n<meta name=\"twitter:card\" content=\"summary_large_image\" \/>\n<meta name=\"twitter:label1\" content=\"Odhadovan\u00e1 doba \u010dten\u00ed\" \/>\n\t<meta name=\"twitter:data1\" content=\"1 minuta\" \/>\n<script type=\"application\/ld+json\" class=\"yoast-schema-graph\">{\"@context\":\"https:\/\/schema.org\",\"@graph\":[{\"@type\":\"WebPage\",\"@id\":\"https:\/\/klimavex.eu\/cz\/katalog\/ventilator-vortice-nordik-international-plus-120-48\/\",\"url\":\"https:\/\/klimavex.eu\/cz\/katalog\/ventilator-vortice-nordik-international-plus-120-48\/\",\"name\":\"Ventil\u00e1tor Vortice Nordik International Plus 120\/48\\\" - KLIMAVEX GROUP - \u010cesko\",\"isPartOf\":{\"@id\":\"https:\/\/klimavex.eu\/cz\/#website\"},\"primaryImageOfPage\":{\"@id\":\"https:\/\/klimavex.eu\/cz\/katalog\/ventilator-vortice-nordik-international-plus-120-48\/#primaryimage\"},\"image\":{\"@id\":\"https:\/\/klimavex.eu\/cz\/katalog\/ventilator-vortice-nordik-international-plus-120-48\/#primaryimage\"},\"thumbnailUrl\":\"https:\/\/klimavex.eu\/cz\/wp-content\/uploads\/2025\/09\/06Bnrsf6ijhm1ETghmTQao_rXc_4T1ao8LBXK0wTME.png\",\"datePublished\":\"2026-03-31T16:41:15+00:00\",\"dateModified\":\"2026-03-31T16:41:36+00:00\",\"breadcrumb\":{\"@id\":\"https:\/\/klimavex.eu\/cz\/katalog\/ventilator-vortice-nordik-international-plus-120-48\/#breadcrumb\"},\"inLanguage\":\"cs\",\"potentialAction\":[{\"@type\":\"ReadAction\",\"target\":[\"https:\/\/klimavex.eu\/cz\/katalog\/ventilator-vortice-nordik-international-plus-120-48\/\"]}]},{\"@type\":\"ImageObject\",\"inLanguage\":\"cs\",\"@id\":\"https:\/\/klimavex.eu\/cz\/katalog\/ventilator-vortice-nordik-international-plus-120-48\/#primaryimage\",\"url\":\"https:\/\/klimavex.eu\/cz\/wp-content\/uploads\/2025\/09\/06Bnrsf6ijhm1ETghmTQao_rXc_4T1ao8LBXK0wTME.png\",\"contentUrl\":\"https:\/\/klimavex.eu\/cz\/wp-content\/uploads\/2025\/09\/06Bnrsf6ijhm1ETghmTQao_rXc_4T1ao8LBXK0wTME.png\",\"width\":572,\"height\":512},{\"@type\":\"BreadcrumbList\",\"@id\":\"https:\/\/klimavex.eu\/cz\/katalog\/ventilator-vortice-nordik-international-plus-120-48\/#breadcrumb\",\"itemListElement\":[{\"@type\":\"ListItem\",\"position\":1,\"name\":\"Domovsk\u00e1 str\u00e1nka\",\"item\":\"https:\/\/klimavex.eu\/cz\/\"},{\"@type\":\"ListItem\",\"position\":2,\"name\":\"Eshop\",\"item\":\"https:\/\/klimavex.eu\/cz\/eshop\/\"},{\"@type\":\"ListItem\",\"position\":3,\"name\":\"Ventil\u00e1tor Vortice Nordik International Plus 120\/48&#8243;\"}]},{\"@type\":\"WebSite\",\"@id\":\"https:\/\/klimavex.eu\/cz\/#website\",\"url\":\"https:\/\/klimavex.eu\/cz\/\",\"name\":\"KLIMAVEX GROUP - \u010cesko\",\"description\":\"\",\"publisher\":{\"@id\":\"https:\/\/klimavex.eu\/cz\/#organization\"},\"alternateName\":\"KLIMAVEX CZ a.s.\",\"potentialAction\":[{\"@type\":\"SearchAction\",\"target\":{\"@type\":\"EntryPoint\",\"urlTemplate\":\"https:\/\/klimavex.eu\/cz\/?s={search_term_string}\"},\"query-input\":{\"@type\":\"PropertyValueSpecification\",\"valueRequired\":true,\"valueName\":\"search_term_string\"}}],\"inLanguage\":\"cs\"},{\"@type\":\"Organization\",\"@id\":\"https:\/\/klimavex.eu\/cz\/#organization\",\"name\":\"KLIMAVEX GROUP\",\"alternateName\":\"KLIMAVEX\",\"url\":\"https:\/\/klimavex.eu\/cz\/\",\"logo\":{\"@type\":\"ImageObject\",\"inLanguage\":\"cs\",\"@id\":\"https:\/\/klimavex.eu\/cz\/#\/schema\/logo\/image\/\",\"url\":\"https:\/\/klimavex.eu\/cz\/wp-content\/uploads\/2024\/04\/Klimavex-Group-logo.png\",\"contentUrl\":\"https:\/\/klimavex.eu\/cz\/wp-content\/uploads\/2024\/04\/Klimavex-Group-logo.png\",\"width\":1681,\"height\":472,\"caption\":\"KLIMAVEX GROUP\"},\"image\":{\"@id\":\"https:\/\/klimavex.eu\/cz\/#\/schema\/logo\/image\/\"},\"sameAs\":[\"https:\/\/www.facebook.com\/klimavex.cz\",\"https:\/\/www.instagram.com\/klimavex_cz\/\"]}]}<\/script>\n<!-- \/ Yoast SEO plugin. -->","yoast_head_json":{"title":"Ventil\u00e1tor Vortice Nordik International Plus 120\/48\" - KLIMAVEX GROUP - \u010cesko","robots":{"index":"index","follow":"follow","max-snippet":"max-snippet:-1","max-image-preview":"max-image-preview:large","max-video-preview":"max-video-preview:-1"},"canonical":"https:\/\/klimavex.eu\/cz\/katalog\/ventilator-vortice-nordik-international-plus-120-48\/","og_locale":"cs_CZ","og_type":"article","og_title":"Ventil\u00e1tor Vortice Nordik International Plus 120\/48\" - KLIMAVEX GROUP - \u010cesko","og_description":"Stropn&iacute; ventil&aacute;tor Vortice&nbsp;Nordik International Plus 120\/48&quot;&nbsp;je vhodn&yacute; na recirkulaci vzduchu v obytn&yacute;ch, komer\u010dn&iacute;ch a pr\u016fmyslov&yacute;ch prostorech. Stropn&iacute; ventil&aacute;tor Nordik m&aacute;&nbsp;velk&yacute; vzduchov&yacute; v&yacute;kon p\u0159i n&iacute;zk&yacute;ch ot&aacute;\u010dk&aacute;ch&nbsp;a profil lopatek zabezpe\u010duje&nbsp;n&iacute;zkou provozn&iacute; hlu\u010dnost. Stropn&iacute; ventil&aacute;tor je vybaven asynchronn&iacute;m motorem. Voliteln\u011b je mo\u017en&eacute; regulovat rychlost pomoc&iacute; \u0159&iacute;dic&iacute;ch jednotek nebo nainstalovat p\u0159&iacute;davn&eacute; sv\u011btlo.","og_url":"https:\/\/klimavex.eu\/cz\/katalog\/ventilator-vortice-nordik-international-plus-120-48\/","og_site_name":"KLIMAVEX GROUP - \u010cesko","article_publisher":"https:\/\/www.facebook.com\/klimavex.cz","article_modified_time":"2026-03-31T16:41:36+00:00","og_image":[{"width":572,"height":512,"url":"https:\/\/klimavex.eu\/cz\/wp-content\/uploads\/2025\/09\/06Bnrsf6ijhm1ETghmTQao_rXc_4T1ao8LBXK0wTME.png","type":"image\/png"}],"twitter_card":"summary_large_image","twitter_misc":{"Odhadovan\u00e1 doba \u010dten\u00ed":"1 minuta"},"schema":{"@context":"https:\/\/schema.org","@graph":[{"@type":"WebPage","@id":"https:\/\/klimavex.eu\/cz\/katalog\/ventilator-vortice-nordik-international-plus-120-48\/","url":"https:\/\/klimavex.eu\/cz\/katalog\/ventilator-vortice-nordik-international-plus-120-48\/","name":"Ventil\u00e1tor Vortice Nordik International Plus 120\/48\" - KLIMAVEX GROUP - \u010cesko","isPartOf":{"@id":"https:\/\/klimavex.eu\/cz\/#website"},"primaryImageOfPage":{"@id":"https:\/\/klimavex.eu\/cz\/katalog\/ventilator-vortice-nordik-international-plus-120-48\/#primaryimage"},"image":{"@id":"https:\/\/klimavex.eu\/cz\/katalog\/ventilator-vortice-nordik-international-plus-120-48\/#primaryimage"},"thumbnailUrl":"https:\/\/klimavex.eu\/cz\/wp-content\/uploads\/2025\/09\/06Bnrsf6ijhm1ETghmTQao_rXc_4T1ao8LBXK0wTME.png","datePublished":"2026-03-31T16:41:15+00:00","dateModified":"2026-03-31T16:41:36+00:00","breadcrumb":{"@id":"https:\/\/klimavex.eu\/cz\/katalog\/ventilator-vortice-nordik-international-plus-120-48\/#breadcrumb"},"inLanguage":"cs","potentialAction":[{"@type":"ReadAction","target":["https:\/\/klimavex.eu\/cz\/katalog\/ventilator-vortice-nordik-international-plus-120-48\/"]}]},{"@type":"ImageObject","inLanguage":"cs","@id":"https:\/\/klimavex.eu\/cz\/katalog\/ventilator-vortice-nordik-international-plus-120-48\/#primaryimage","url":"https:\/\/klimavex.eu\/cz\/wp-content\/uploads\/2025\/09\/06Bnrsf6ijhm1ETghmTQao_rXc_4T1ao8LBXK0wTME.png","contentUrl":"https:\/\/klimavex.eu\/cz\/wp-content\/uploads\/2025\/09\/06Bnrsf6ijhm1ETghmTQao_rXc_4T1ao8LBXK0wTME.png","width":572,"height":512},{"@type":"BreadcrumbList","@id":"https:\/\/klimavex.eu\/cz\/katalog\/ventilator-vortice-nordik-international-plus-120-48\/#breadcrumb","itemListElement":[{"@type":"ListItem","position":1,"name":"Domovsk\u00e1 str\u00e1nka","item":"https:\/\/klimavex.eu\/cz\/"},{"@type":"ListItem","position":2,"name":"Eshop","item":"https:\/\/klimavex.eu\/cz\/eshop\/"},{"@type":"ListItem","position":3,"name":"Ventil\u00e1tor Vortice Nordik International Plus 120\/48&#8243;"}]},{"@type":"WebSite","@id":"https:\/\/klimavex.eu\/cz\/#website","url":"https:\/\/klimavex.eu\/cz\/","name":"KLIMAVEX GROUP - \u010cesko","description":"","publisher":{"@id":"https:\/\/klimavex.eu\/cz\/#organization"},"alternateName":"KLIMAVEX CZ a.s.","potentialAction":[{"@type":"SearchAction","target":{"@type":"EntryPoint","urlTemplate":"https:\/\/klimavex.eu\/cz\/?s={search_term_string}"},"query-input":{"@type":"PropertyValueSpecification","valueRequired":true,"valueName":"search_term_string"}}],"inLanguage":"cs"},{"@type":"Organization","@id":"https:\/\/klimavex.eu\/cz\/#organization","name":"KLIMAVEX GROUP","alternateName":"KLIMAVEX","url":"https:\/\/klimavex.eu\/cz\/","logo":{"@type":"ImageObject","inLanguage":"cs","@id":"https:\/\/klimavex.eu\/cz\/#\/schema\/logo\/image\/","url":"https:\/\/klimavex.eu\/cz\/wp-content\/uploads\/2024\/04\/Klimavex-Group-logo.png","contentUrl":"https:\/\/klimavex.eu\/cz\/wp-content\/uploads\/2024\/04\/Klimavex-Group-logo.png","width":1681,"height":472,"caption":"KLIMAVEX GROUP"},"image":{"@id":"https:\/\/klimavex.eu\/cz\/#\/schema\/logo\/image\/"},"sameAs":["https:\/\/www.facebook.com\/klimavex.cz","https:\/\/www.instagram.com\/klimavex_cz\/"]}]}},"_links":{"self":[{"href":"https:\/\/klimavex.eu\/cz\/wp-json\/wp\/v2\/product\/543789","targetHints":{"allow":["GET"]}}],"collection":[{"href":"https:\/\/klimavex.eu\/cz\/wp-json\/wp\/v2\/product"}],"about":[{"href":"https:\/\/klimavex.eu\/cz\/wp-json\/wp\/v2\/types\/product"}],"version-history":[{"count":0,"href":"https:\/\/klimavex.eu\/cz\/wp-json\/wp\/v2\/product\/543789\/revisions"}],"wp:featuredmedia":[{"embeddable":true,"href":"https:\/\/klimavex.eu\/cz\/wp-json\/wp\/v2\/media\/549873"}],"wp:attachment":[{"href":"https:\/\/klimavex.eu\/cz\/wp-json\/wp\/v2\/media?parent=543789"}],"wp:term":[{"taxonomy":"product_cat","embeddable":true,"href":"https:\/\/klimavex.eu\/cz\/wp-json\/wp\/v2\/product_cat?post=543789"},{"taxonomy":"product_tag","embeddable":true,"href":"https:\/\/klimavex.eu\/cz\/wp-json\/wp\/v2\/product_tag?post=543789"}],"curies":[{"name":"wp","href":"https:\/\/api.w.org\/{rel}","templated":true}]}}