{"id":543799,"date":"2026-03-31T18:41:15","date_gmt":"2026-03-31T16:41:15","guid":{"rendered":"https:\/\/klimavex.eu\/cz\/katalog\/ventilator-vortice-mg-120-5-ll-t\/"},"modified":"2026-03-31T18:41:49","modified_gmt":"2026-03-31T16:41:49","slug":"ventilator-vortice-mg-120-5-ll-t","status":"publish","type":"product","link":"https:\/\/klimavex.eu\/cz\/katalog\/ventilator-vortice-mg-120-5-ll-t\/","title":{"rendered":"Ventil\u00e1tor Vortice MG 120\/5&#8243; LL T"},"content":{"rendered":"<p style=\"text-align: justify;\"><strong>Kl&iacute;\u010dov&eacute; vlastnosti:<\/strong><\/p>\n<ul>\n<li style=\"text-align: justify;\">Mont&aacute;\u017e na ze\u010f, do podhledu, stropu nebo vnit\u0159n&iacute;ch st\u011bn (p\u0159&iacute;\u010dky) pomoc&iacute; p\u0159&iacute;slu&scaron;enstv&iacute;.<\/li>\n<li style=\"text-align: justify;\">Mo\u017enost napojen&iacute; na flexibiln&iacute; hlin&iacute;kov&eacute; potrub&iacute; (max. d&eacute;lka 2m s 2&#215;90&deg; ohyby).<\/li>\n<li style=\"text-align: justify;\">Profil lopatek ventil&aacute;toru a t\u011blesa ventil&aacute;toru zaji&scaron;\u0165uje vysok&yacute; pr\u016ftok vzduchu.<\/li>\n<li style=\"text-align: justify;\">Motor s kuli\u010dkov&yacute;mi lo\u017eisky, kter&aacute; zaji&scaron;\u0165uj&iacute; dlouhou \u017eivotnost a bezporuchov&yacute; provoz ventil&aacute;toru po dobu 30 000 hodin.<\/li>\n<li style=\"text-align: justify;\">S nastaviteln&yacute;m 3 a\u017e 20minutov&yacute;m \u010dasov&yacute;m sp&iacute;na\u010dem zpo\u017ed\u011bn&eacute;ho vypnut&iacute;. Ventil&aacute;tor se uvede do \u010dinnosti spolu s osv\u011btlen&iacute;m, ale z\u016fstane v \u010dinnosti i po vypnut&iacute; sv\u011btla po dobu p\u0159ednastaven&eacute;ho \u010dasov&eacute;ho zpo\u017ed\u011bn&iacute;.<\/li>\n<li style=\"text-align: justify;\">N&iacute;zk&aacute; provozn&iacute; hlu\u010dnost.<\/li>\n<li style=\"text-align: justify;\">N&iacute;zk&aacute; spot\u0159eba energie.<\/li>\n<li style=\"text-align: justify;\">Kryt&iacute; IPX4 (ochrana proti st\u0159&iacute;kaj&iacute;c&iacute; vod\u011b).<\/li>\n<li style=\"text-align: justify;\">Za\u0159&iacute;zen&iacute; nemus&iacute; b&yacute;t uzemn\u011bno, m&aacute; dvojitou izolaci.<\/li>\n<\/ul>\n","protected":false},"excerpt":{"rendered":"<p style=\"text-align: justify;\"><strong>Axi&aacute;ln&iacute; <\/strong>ods&aacute;vac&iacute; ventil&aacute;tor Vortice Punto Ghost (MG) <strong>s p\u0159ipojen&iacute;m na potrub&iacute;<\/strong>, s <strong>\u010dasov&yacute;m sp&iacute;na\u010dem a kuli\u010dkov&yacute;mi lo\u017eisky. <\/strong>Vhodn&yacute; pro nep\u0159etr\u017eit&eacute; nebo p\u0159eru&scaron;ovan&eacute; v\u011btr&aacute;n&iacute; koupelen, toalet, kuchyn&iacute; nebo ve\u0159ejn&yacute;ch prostor. Navr\u017eeno pro <strong>ods&aacute;v&aacute;n&iacute; p\u0159es st\u011bnu nebo mont&aacute;\u017e do kr&aacute;tk&eacute;ho potrub&iacute;<\/strong>. P\u0159ipojen&iacute; na <strong>potrub&iacute; &Oslash; 120 mm. <\/strong>Tyto ventil&aacute;tory mohou b&yacute;t pou\u017eity k vyrovn&aacute;n&iacute; teplot mezi p\u0159ilehl&yacute;mi m&iacute;stnostmi.<\/p>\n","protected":false},"featured_media":549923,"template":"","meta":[],"product_cat":[7563,7562,7564],"product_tag":[],"class_list":{"0":"post-543799","1":"product","2":"type-product","3":"status-publish","4":"has-post-thumbnail","6":"product_cat-ventilatory-do-koupelny-axialni","7":"product_cat-ventilatory","8":"product_cat-punto-ghost","9":"pa_casovy-dobeh-t-ano","10":"pa_dostupny-tlak-pa-11642","11":"pa_hlucnost-lp-3m-13076","12":"pa_kryti-ipx4","13":"pa_kulickova-loziska-ll-ano","14":"pa_provedeni-axialni","15":"pa_prumer-napojeni-mm-11640","16":"pa_typ-punto-ghost","17":"pa_vzduchovy-vykon-qv-m3-12671","18":"pa_znacka-vortice","20":"first","21":"instock","22":"taxable","23":"shipping-taxable","24":"purchasable","25":"product-type-simple"},"yoast_head":"<!-- This site is optimized with the Yoast SEO plugin v23.9 - https:\/\/yoast.com\/wordpress\/plugins\/seo\/ -->\n<title>Ventil\u00e1tor Vortice MG 120\/5&quot; LL T - KLIMAVEX GROUP - \u010cesko<\/title>\n<meta name=\"robots\" content=\"index, follow, max-snippet:-1, max-image-preview:large, max-video-preview:-1\" \/>\n<link rel=\"canonical\" href=\"https:\/\/klimavex.eu\/cz\/katalog\/ventilator-vortice-mg-120-5-ll-t\/\" \/>\n<meta property=\"og:locale\" content=\"cs_CZ\" \/>\n<meta property=\"og:type\" content=\"article\" \/>\n<meta property=\"og:title\" content=\"Ventil\u00e1tor Vortice MG 120\/5&quot; LL T - KLIMAVEX GROUP - \u010cesko\" \/>\n<meta property=\"og:description\" content=\"Axi&aacute;ln&iacute; ods&aacute;vac&iacute; ventil&aacute;tor Vortice Punto Ghost (MG) s p\u0159ipojen&iacute;m na potrub&iacute;, s \u010dasov&yacute;m sp&iacute;na\u010dem a kuli\u010dkov&yacute;mi lo\u017eisky. Vhodn&yacute; pro nep\u0159etr\u017eit&eacute; nebo p\u0159eru&scaron;ovan&eacute; v\u011btr&aacute;n&iacute; koupelen, toalet, kuchyn&iacute; nebo ve\u0159ejn&yacute;ch prostor. Navr\u017eeno pro ods&aacute;v&aacute;n&iacute; p\u0159es st\u011bnu nebo mont&aacute;\u017e do kr&aacute;tk&eacute;ho potrub&iacute;. P\u0159ipojen&iacute; na potrub&iacute; &Oslash; 120 mm. Tyto ventil&aacute;tory mohou b&yacute;t pou\u017eity k vyrovn&aacute;n&iacute; teplot mezi p\u0159ilehl&yacute;mi m&iacute;stnostmi.\" \/>\n<meta property=\"og:url\" content=\"https:\/\/klimavex.eu\/cz\/katalog\/ventilator-vortice-mg-120-5-ll-t\/\" \/>\n<meta property=\"og:site_name\" content=\"KLIMAVEX GROUP - \u010cesko\" \/>\n<meta property=\"article:publisher\" content=\"https:\/\/www.facebook.com\/klimavex.cz\" \/>\n<meta property=\"article:modified_time\" content=\"2026-03-31T16:41:49+00:00\" \/>\n<meta property=\"og:image\" content=\"https:\/\/klimavex.eu\/cz\/wp-content\/uploads\/2024\/02\/LOGO-KLIMAVEX-modra-kostka-1.png\" \/>\n\t<meta property=\"og:image:width\" content=\"9184\" \/>\n\t<meta property=\"og:image:height\" content=\"9184\" \/>\n\t<meta property=\"og:image:type\" content=\"image\/png\" \/>\n<meta name=\"twitter:card\" content=\"summary_large_image\" \/>\n<meta name=\"twitter:label1\" content=\"Odhadovan\u00e1 doba \u010dten\u00ed\" \/>\n\t<meta name=\"twitter:data1\" content=\"1 minuta\" \/>\n<script type=\"application\/ld+json\" class=\"yoast-schema-graph\">{\"@context\":\"https:\/\/schema.org\",\"@graph\":[{\"@type\":\"WebPage\",\"@id\":\"https:\/\/klimavex.eu\/cz\/katalog\/ventilator-vortice-mg-120-5-ll-t\/\",\"url\":\"https:\/\/klimavex.eu\/cz\/katalog\/ventilator-vortice-mg-120-5-ll-t\/\",\"name\":\"Ventil\u00e1tor Vortice MG 120\/5\\\" LL T - KLIMAVEX GROUP - \u010cesko\",\"isPartOf\":{\"@id\":\"https:\/\/klimavex.eu\/cz\/#website\"},\"primaryImageOfPage\":{\"@id\":\"https:\/\/klimavex.eu\/cz\/katalog\/ventilator-vortice-mg-120-5-ll-t\/#primaryimage\"},\"image\":{\"@id\":\"https:\/\/klimavex.eu\/cz\/katalog\/ventilator-vortice-mg-120-5-ll-t\/#primaryimage\"},\"thumbnailUrl\":\"https:\/\/klimavex.eu\/cz\/wp-content\/uploads\/2025\/09\/78G3AsVSiKo6i13ZRnxrdExWiSPwy6xe6XHcu1tq_z8.jpeg\",\"datePublished\":\"2026-03-31T16:41:15+00:00\",\"dateModified\":\"2026-03-31T16:41:49+00:00\",\"breadcrumb\":{\"@id\":\"https:\/\/klimavex.eu\/cz\/katalog\/ventilator-vortice-mg-120-5-ll-t\/#breadcrumb\"},\"inLanguage\":\"cs\",\"potentialAction\":[{\"@type\":\"ReadAction\",\"target\":[\"https:\/\/klimavex.eu\/cz\/katalog\/ventilator-vortice-mg-120-5-ll-t\/\"]}]},{\"@type\":\"ImageObject\",\"inLanguage\":\"cs\",\"@id\":\"https:\/\/klimavex.eu\/cz\/katalog\/ventilator-vortice-mg-120-5-ll-t\/#primaryimage\",\"url\":\"https:\/\/klimavex.eu\/cz\/wp-content\/uploads\/2025\/09\/78G3AsVSiKo6i13ZRnxrdExWiSPwy6xe6XHcu1tq_z8.jpeg\",\"contentUrl\":\"https:\/\/klimavex.eu\/cz\/wp-content\/uploads\/2025\/09\/78G3AsVSiKo6i13ZRnxrdExWiSPwy6xe6XHcu1tq_z8.jpeg\",\"width\":584,\"height\":512},{\"@type\":\"BreadcrumbList\",\"@id\":\"https:\/\/klimavex.eu\/cz\/katalog\/ventilator-vortice-mg-120-5-ll-t\/#breadcrumb\",\"itemListElement\":[{\"@type\":\"ListItem\",\"position\":1,\"name\":\"Domovsk\u00e1 str\u00e1nka\",\"item\":\"https:\/\/klimavex.eu\/cz\/\"},{\"@type\":\"ListItem\",\"position\":2,\"name\":\"Eshop\",\"item\":\"https:\/\/klimavex.eu\/cz\/eshop\/\"},{\"@type\":\"ListItem\",\"position\":3,\"name\":\"Ventil\u00e1tor Vortice MG 120\/5&#8243; LL T\"}]},{\"@type\":\"WebSite\",\"@id\":\"https:\/\/klimavex.eu\/cz\/#website\",\"url\":\"https:\/\/klimavex.eu\/cz\/\",\"name\":\"KLIMAVEX GROUP - \u010cesko\",\"description\":\"\",\"publisher\":{\"@id\":\"https:\/\/klimavex.eu\/cz\/#organization\"},\"alternateName\":\"KLIMAVEX CZ a.s.\",\"potentialAction\":[{\"@type\":\"SearchAction\",\"target\":{\"@type\":\"EntryPoint\",\"urlTemplate\":\"https:\/\/klimavex.eu\/cz\/?s={search_term_string}\"},\"query-input\":{\"@type\":\"PropertyValueSpecification\",\"valueRequired\":true,\"valueName\":\"search_term_string\"}}],\"inLanguage\":\"cs\"},{\"@type\":\"Organization\",\"@id\":\"https:\/\/klimavex.eu\/cz\/#organization\",\"name\":\"KLIMAVEX GROUP\",\"alternateName\":\"KLIMAVEX\",\"url\":\"https:\/\/klimavex.eu\/cz\/\",\"logo\":{\"@type\":\"ImageObject\",\"inLanguage\":\"cs\",\"@id\":\"https:\/\/klimavex.eu\/cz\/#\/schema\/logo\/image\/\",\"url\":\"https:\/\/klimavex.eu\/cz\/wp-content\/uploads\/2024\/04\/Klimavex-Group-logo.png\",\"contentUrl\":\"https:\/\/klimavex.eu\/cz\/wp-content\/uploads\/2024\/04\/Klimavex-Group-logo.png\",\"width\":1681,\"height\":472,\"caption\":\"KLIMAVEX GROUP\"},\"image\":{\"@id\":\"https:\/\/klimavex.eu\/cz\/#\/schema\/logo\/image\/\"},\"sameAs\":[\"https:\/\/www.facebook.com\/klimavex.cz\",\"https:\/\/www.instagram.com\/klimavex_cz\/\"]}]}<\/script>\n<!-- \/ Yoast SEO plugin. -->","yoast_head_json":{"title":"Ventil\u00e1tor Vortice MG 120\/5\" LL T - KLIMAVEX GROUP - \u010cesko","robots":{"index":"index","follow":"follow","max-snippet":"max-snippet:-1","max-image-preview":"max-image-preview:large","max-video-preview":"max-video-preview:-1"},"canonical":"https:\/\/klimavex.eu\/cz\/katalog\/ventilator-vortice-mg-120-5-ll-t\/","og_locale":"cs_CZ","og_type":"article","og_title":"Ventil\u00e1tor Vortice MG 120\/5\" LL T - KLIMAVEX GROUP - \u010cesko","og_description":"Axi&aacute;ln&iacute; ods&aacute;vac&iacute; ventil&aacute;tor Vortice Punto Ghost (MG) s p\u0159ipojen&iacute;m na potrub&iacute;, s \u010dasov&yacute;m sp&iacute;na\u010dem a kuli\u010dkov&yacute;mi lo\u017eisky. Vhodn&yacute; pro nep\u0159etr\u017eit&eacute; nebo p\u0159eru&scaron;ovan&eacute; v\u011btr&aacute;n&iacute; koupelen, toalet, kuchyn&iacute; nebo ve\u0159ejn&yacute;ch prostor. Navr\u017eeno pro ods&aacute;v&aacute;n&iacute; p\u0159es st\u011bnu nebo mont&aacute;\u017e do kr&aacute;tk&eacute;ho potrub&iacute;. P\u0159ipojen&iacute; na potrub&iacute; &Oslash; 120 mm. Tyto ventil&aacute;tory mohou b&yacute;t pou\u017eity k vyrovn&aacute;n&iacute; teplot mezi p\u0159ilehl&yacute;mi m&iacute;stnostmi.","og_url":"https:\/\/klimavex.eu\/cz\/katalog\/ventilator-vortice-mg-120-5-ll-t\/","og_site_name":"KLIMAVEX GROUP - \u010cesko","article_publisher":"https:\/\/www.facebook.com\/klimavex.cz","article_modified_time":"2026-03-31T16:41:49+00:00","og_image":[{"width":9184,"height":9184,"url":"https:\/\/klimavex.eu\/cz\/wp-content\/uploads\/2024\/02\/LOGO-KLIMAVEX-modra-kostka-1.png","type":"image\/png"}],"twitter_card":"summary_large_image","twitter_misc":{"Odhadovan\u00e1 doba \u010dten\u00ed":"1 minuta"},"schema":{"@context":"https:\/\/schema.org","@graph":[{"@type":"WebPage","@id":"https:\/\/klimavex.eu\/cz\/katalog\/ventilator-vortice-mg-120-5-ll-t\/","url":"https:\/\/klimavex.eu\/cz\/katalog\/ventilator-vortice-mg-120-5-ll-t\/","name":"Ventil\u00e1tor Vortice MG 120\/5\" LL T - KLIMAVEX GROUP - \u010cesko","isPartOf":{"@id":"https:\/\/klimavex.eu\/cz\/#website"},"primaryImageOfPage":{"@id":"https:\/\/klimavex.eu\/cz\/katalog\/ventilator-vortice-mg-120-5-ll-t\/#primaryimage"},"image":{"@id":"https:\/\/klimavex.eu\/cz\/katalog\/ventilator-vortice-mg-120-5-ll-t\/#primaryimage"},"thumbnailUrl":"https:\/\/klimavex.eu\/cz\/wp-content\/uploads\/2025\/09\/78G3AsVSiKo6i13ZRnxrdExWiSPwy6xe6XHcu1tq_z8.jpeg","datePublished":"2026-03-31T16:41:15+00:00","dateModified":"2026-03-31T16:41:49+00:00","breadcrumb":{"@id":"https:\/\/klimavex.eu\/cz\/katalog\/ventilator-vortice-mg-120-5-ll-t\/#breadcrumb"},"inLanguage":"cs","potentialAction":[{"@type":"ReadAction","target":["https:\/\/klimavex.eu\/cz\/katalog\/ventilator-vortice-mg-120-5-ll-t\/"]}]},{"@type":"ImageObject","inLanguage":"cs","@id":"https:\/\/klimavex.eu\/cz\/katalog\/ventilator-vortice-mg-120-5-ll-t\/#primaryimage","url":"https:\/\/klimavex.eu\/cz\/wp-content\/uploads\/2025\/09\/78G3AsVSiKo6i13ZRnxrdExWiSPwy6xe6XHcu1tq_z8.jpeg","contentUrl":"https:\/\/klimavex.eu\/cz\/wp-content\/uploads\/2025\/09\/78G3AsVSiKo6i13ZRnxrdExWiSPwy6xe6XHcu1tq_z8.jpeg","width":584,"height":512},{"@type":"BreadcrumbList","@id":"https:\/\/klimavex.eu\/cz\/katalog\/ventilator-vortice-mg-120-5-ll-t\/#breadcrumb","itemListElement":[{"@type":"ListItem","position":1,"name":"Domovsk\u00e1 str\u00e1nka","item":"https:\/\/klimavex.eu\/cz\/"},{"@type":"ListItem","position":2,"name":"Eshop","item":"https:\/\/klimavex.eu\/cz\/eshop\/"},{"@type":"ListItem","position":3,"name":"Ventil\u00e1tor Vortice MG 120\/5&#8243; LL T"}]},{"@type":"WebSite","@id":"https:\/\/klimavex.eu\/cz\/#website","url":"https:\/\/klimavex.eu\/cz\/","name":"KLIMAVEX GROUP - \u010cesko","description":"","publisher":{"@id":"https:\/\/klimavex.eu\/cz\/#organization"},"alternateName":"KLIMAVEX CZ a.s.","potentialAction":[{"@type":"SearchAction","target":{"@type":"EntryPoint","urlTemplate":"https:\/\/klimavex.eu\/cz\/?s={search_term_string}"},"query-input":{"@type":"PropertyValueSpecification","valueRequired":true,"valueName":"search_term_string"}}],"inLanguage":"cs"},{"@type":"Organization","@id":"https:\/\/klimavex.eu\/cz\/#organization","name":"KLIMAVEX GROUP","alternateName":"KLIMAVEX","url":"https:\/\/klimavex.eu\/cz\/","logo":{"@type":"ImageObject","inLanguage":"cs","@id":"https:\/\/klimavex.eu\/cz\/#\/schema\/logo\/image\/","url":"https:\/\/klimavex.eu\/cz\/wp-content\/uploads\/2024\/04\/Klimavex-Group-logo.png","contentUrl":"https:\/\/klimavex.eu\/cz\/wp-content\/uploads\/2024\/04\/Klimavex-Group-logo.png","width":1681,"height":472,"caption":"KLIMAVEX GROUP"},"image":{"@id":"https:\/\/klimavex.eu\/cz\/#\/schema\/logo\/image\/"},"sameAs":["https:\/\/www.facebook.com\/klimavex.cz","https:\/\/www.instagram.com\/klimavex_cz\/"]}]}},"_links":{"self":[{"href":"https:\/\/klimavex.eu\/cz\/wp-json\/wp\/v2\/product\/543799","targetHints":{"allow":["GET"]}}],"collection":[{"href":"https:\/\/klimavex.eu\/cz\/wp-json\/wp\/v2\/product"}],"about":[{"href":"https:\/\/klimavex.eu\/cz\/wp-json\/wp\/v2\/types\/product"}],"version-history":[{"count":0,"href":"https:\/\/klimavex.eu\/cz\/wp-json\/wp\/v2\/product\/543799\/revisions"}],"wp:featuredmedia":[{"embeddable":true,"href":"https:\/\/klimavex.eu\/cz\/wp-json\/wp\/v2\/media\/549923"}],"wp:attachment":[{"href":"https:\/\/klimavex.eu\/cz\/wp-json\/wp\/v2\/media?parent=543799"}],"wp:term":[{"taxonomy":"product_cat","embeddable":true,"href":"https:\/\/klimavex.eu\/cz\/wp-json\/wp\/v2\/product_cat?post=543799"},{"taxonomy":"product_tag","embeddable":true,"href":"https:\/\/klimavex.eu\/cz\/wp-json\/wp\/v2\/product_tag?post=543799"}],"curies":[{"name":"wp","href":"https:\/\/api.w.org\/{rel}","templated":true}]}}