{"id":543800,"date":"2026-04-08T21:03:57","date_gmt":"2026-04-08T19:03:57","guid":{"rendered":"https:\/\/klimavex.eu\/cz\/katalog\/vetraci-rekuperacni-jednotka-vortice-ha-phantom-350-system\/"},"modified":"2026-04-08T21:04:37","modified_gmt":"2026-04-08T19:04:37","slug":"vetraci-rekuperacni-jednotka-vortice-ha-phantom-350-system","status":"publish","type":"product","link":"https:\/\/klimavex.eu\/cz\/katalog\/vetraci-rekuperacni-jednotka-vortice-ha-phantom-350-system\/","title":{"rendered":"V\u011btrac\u00ed rekupera\u010dn\u00ed jednotka Vortice HA PHANTOM 350 SYSTEM"},"content":{"rendered":"<p style=\"margin-left:0cm;text-align:justify;\"><span style=\"font-family:Calibri, sans-serif;font-size:11pt;\"><strong>Kl\u00ed\u010dov\u00e9 vlastnosti<\/strong><\/span><\/p>\n<ul>\n<li>\n<p style=\"text-align:justify;\"><span style=\"font-family:Calibri, sans-serif;font-size:11pt;\">Filtra\u010dn\u00ed syst\u00e9m, kter\u00fd zaji\u0161\u0165uje zadr\u017een\u00ed v\u011bt\u0161iny jemn\u00fdch prachov\u00fdch \u010d\u00e1stic p\u0159\u00edtomn\u00fdch ve vn\u011bj\u0161\u00edm \u010derstv\u00e9m vzduchu (mo\u017enost pou\u017eit\u00ed filtru F7, kter\u00fd je k dispozici jako voliteln\u00e1 alternativa ke standardn\u011b dod\u00e1van\u00e9mu filtru, umo\u017e\u0148uje zv\u00fd\u0161it \u00fa\u010dinnost zadr\u017een\u00ed men\u0161\u00edch prachov\u00fdch \u010d\u00e1stic).<\/span><\/p>\n<\/li>\n<li>\n<p style=\"text-align:justify;\"><span style=\"font-family:Calibri, sans-serif;font-size:11pt;\">Vn\u011bj\u0161\u00ed filtr v\u011btrac\u00ed jednotky (chr\u00e1n\u011bn\u00fd patentem), kter\u00fd zaji\u0161\u0165uje sn\u00ed\u017een\u00ed bakteri\u00e1ln\u00ed z\u00e1t\u011b\u017ee a koncentrace CO<sub>2<\/sub>, NOX a VOC, kter\u00e9 jsou v ka\u017ed\u00e9m p\u0159\u00edpad\u011b p\u0159\u00edtomny ve vzduchu. \u00da\u010dinnost p\u016fsoben\u00ed ventil\u00e1toru VORT HA je dolo\u017eena testy proveden\u00fdmi mil\u00e1nskou polytechnikou.<\/span><\/p>\n<\/li>\n<li>\n<p style=\"text-align:justify;\"><span style=\"font-family:Calibri, sans-serif;font-size:11pt;\">Hladina hluku, spot\u0159eba a v\u00fdkon rekupera\u010dn\u00ed jednotky VORT HRI PHANTOM 200 BP v kombinaci s extern\u00edm modulem HA nejsou ovlivn\u011bny.<\/span><\/p>\n<\/li>\n<\/ul>\n","protected":false},"excerpt":{"rendered":"<p style=\"margin-left:0cm;text-align:justify;\"><span style=\"font-family:Calibri, sans-serif;font-size:11pt;\">Syst\u00e9m VORT HA ve spojen\u00ed s rekupera\u010dn\u00ed jednotkou VORT HRI PHANTOM 200 BP zaji\u0161\u0165uje <strong>v\u00fdm\u011bnu vzduchu<\/strong> v m\u00edstnosti, kter\u00e1 je <strong>nezbytn\u00e1 pro udr\u017een\u00ed<\/strong> relativn\u00ed vlhkosti a koncentrace zne\u010di\u0161\u0165uj\u00edc\u00edch l\u00e1tek (NOX, VOC \u2013 t\u011bkav\u00e9 organick\u00e9 l\u00e1tky, CO<sub>2<\/sub> a bakterie) <strong>pod limity<\/strong>, kter\u00e9 by mohly ohrozit pohodl\u00ed a zdrav\u00ed obyvatel.<\/span><\/p>\n","protected":false},"featured_media":0,"template":"","meta":[],"product_cat":[10775,10769,10776],"product_tag":[],"class_list":{"0":"post-543800","1":"product","2":"type-product","3":"status-publish","5":"product_cat-ventilatory-archivovane-produkty","6":"product_cat-archivovane-produkty","7":"product_cat-archivovane-produkty-ventilatory","8":"pa_dostupny-tlak-pa-13033","9":"pa_hlucnost-lp-3m-13034","10":"pa_kryti-ipx2","11":"pa_label-archivovany","12":"pa_typ-rekuperace","13":"pa_vzduchovy-vykon-qv-m3-13032","14":"pa_znacka-vortice","16":"first","17":"outofstock","18":"taxable","19":"shipping-taxable","20":"purchasable","21":"product-type-simple"},"yoast_head":"<!-- This site is optimized with the Yoast SEO plugin v23.9 - https:\/\/yoast.com\/wordpress\/plugins\/seo\/ -->\n<title>V\u011btrac\u00ed rekupera\u010dn\u00ed jednotka Vortice HA PHANTOM 350 SYSTEM - KLIMAVEX GROUP - \u010cesko<\/title>\n<meta name=\"robots\" content=\"index, follow, max-snippet:-1, max-image-preview:large, max-video-preview:-1\" \/>\n<link rel=\"canonical\" href=\"https:\/\/klimavex.eu\/cz\/katalog\/vetraci-rekuperacni-jednotka-vortice-ha-phantom-350-system\/\" \/>\n<meta property=\"og:locale\" content=\"cs_CZ\" \/>\n<meta property=\"og:type\" content=\"article\" \/>\n<meta property=\"og:title\" content=\"V\u011btrac\u00ed rekupera\u010dn\u00ed jednotka Vortice HA PHANTOM 350 SYSTEM - KLIMAVEX GROUP - \u010cesko\" \/>\n<meta property=\"og:description\" content=\"Syst\u00e9m VORT HA ve spojen\u00ed s rekupera\u010dn\u00ed jednotkou VORT HRI PHANTOM 200 BP zaji\u0161\u0165uje v\u00fdm\u011bnu vzduchu v m\u00edstnosti, kter\u00e1 je nezbytn\u00e1 pro udr\u017een\u00ed relativn\u00ed vlhkosti a koncentrace zne\u010di\u0161\u0165uj\u00edc\u00edch l\u00e1tek (NOX, VOC \u2013 t\u011bkav\u00e9 organick\u00e9 l\u00e1tky, CO2 a bakterie) pod limity, kter\u00e9 by mohly ohrozit pohodl\u00ed a zdrav\u00ed obyvatel.\" \/>\n<meta property=\"og:url\" content=\"https:\/\/klimavex.eu\/cz\/katalog\/vetraci-rekuperacni-jednotka-vortice-ha-phantom-350-system\/\" \/>\n<meta property=\"og:site_name\" content=\"KLIMAVEX GROUP - \u010cesko\" \/>\n<meta property=\"article:publisher\" content=\"https:\/\/www.facebook.com\/klimavex.cz\" \/>\n<meta property=\"article:modified_time\" content=\"2026-04-08T19:04:37+00:00\" \/>\n<meta property=\"og:image\" content=\"https:\/\/klimavex.eu\/cz\/wp-content\/uploads\/2024\/02\/LOGO-KLIMAVEX-modra-kostka-1.png\" \/>\n\t<meta property=\"og:image:width\" content=\"9184\" \/>\n\t<meta property=\"og:image:height\" content=\"9184\" \/>\n\t<meta property=\"og:image:type\" content=\"image\/png\" \/>\n<meta name=\"twitter:card\" content=\"summary_large_image\" \/>\n<meta name=\"twitter:label1\" content=\"Odhadovan\u00e1 doba \u010dten\u00ed\" \/>\n\t<meta name=\"twitter:data1\" content=\"1 minuta\" \/>\n<script type=\"application\/ld+json\" class=\"yoast-schema-graph\">{\"@context\":\"https:\/\/schema.org\",\"@graph\":[{\"@type\":\"WebPage\",\"@id\":\"https:\/\/klimavex.eu\/cz\/katalog\/vetraci-rekuperacni-jednotka-vortice-ha-phantom-350-system\/\",\"url\":\"https:\/\/klimavex.eu\/cz\/katalog\/vetraci-rekuperacni-jednotka-vortice-ha-phantom-350-system\/\",\"name\":\"V\u011btrac\u00ed rekupera\u010dn\u00ed jednotka Vortice HA PHANTOM 350 SYSTEM - KLIMAVEX GROUP - \u010cesko\",\"isPartOf\":{\"@id\":\"https:\/\/klimavex.eu\/cz\/#website\"},\"datePublished\":\"2026-04-08T19:03:57+00:00\",\"dateModified\":\"2026-04-08T19:04:37+00:00\",\"breadcrumb\":{\"@id\":\"https:\/\/klimavex.eu\/cz\/katalog\/vetraci-rekuperacni-jednotka-vortice-ha-phantom-350-system\/#breadcrumb\"},\"inLanguage\":\"cs\",\"potentialAction\":[{\"@type\":\"ReadAction\",\"target\":[\"https:\/\/klimavex.eu\/cz\/katalog\/vetraci-rekuperacni-jednotka-vortice-ha-phantom-350-system\/\"]}]},{\"@type\":\"BreadcrumbList\",\"@id\":\"https:\/\/klimavex.eu\/cz\/katalog\/vetraci-rekuperacni-jednotka-vortice-ha-phantom-350-system\/#breadcrumb\",\"itemListElement\":[{\"@type\":\"ListItem\",\"position\":1,\"name\":\"Domovsk\u00e1 str\u00e1nka\",\"item\":\"https:\/\/klimavex.eu\/cz\/\"},{\"@type\":\"ListItem\",\"position\":2,\"name\":\"Eshop\",\"item\":\"https:\/\/klimavex.eu\/cz\/eshop\/\"},{\"@type\":\"ListItem\",\"position\":3,\"name\":\"V\u011btrac\u00ed rekupera\u010dn\u00ed jednotka Vortice HA PHANTOM 350 SYSTEM\"}]},{\"@type\":\"WebSite\",\"@id\":\"https:\/\/klimavex.eu\/cz\/#website\",\"url\":\"https:\/\/klimavex.eu\/cz\/\",\"name\":\"KLIMAVEX GROUP - \u010cesko\",\"description\":\"\",\"publisher\":{\"@id\":\"https:\/\/klimavex.eu\/cz\/#organization\"},\"alternateName\":\"KLIMAVEX CZ a.s.\",\"potentialAction\":[{\"@type\":\"SearchAction\",\"target\":{\"@type\":\"EntryPoint\",\"urlTemplate\":\"https:\/\/klimavex.eu\/cz\/?s={search_term_string}\"},\"query-input\":{\"@type\":\"PropertyValueSpecification\",\"valueRequired\":true,\"valueName\":\"search_term_string\"}}],\"inLanguage\":\"cs\"},{\"@type\":\"Organization\",\"@id\":\"https:\/\/klimavex.eu\/cz\/#organization\",\"name\":\"KLIMAVEX GROUP\",\"alternateName\":\"KLIMAVEX\",\"url\":\"https:\/\/klimavex.eu\/cz\/\",\"logo\":{\"@type\":\"ImageObject\",\"inLanguage\":\"cs\",\"@id\":\"https:\/\/klimavex.eu\/cz\/#\/schema\/logo\/image\/\",\"url\":\"https:\/\/klimavex.eu\/cz\/wp-content\/uploads\/2024\/04\/Klimavex-Group-logo.png\",\"contentUrl\":\"https:\/\/klimavex.eu\/cz\/wp-content\/uploads\/2024\/04\/Klimavex-Group-logo.png\",\"width\":1681,\"height\":472,\"caption\":\"KLIMAVEX GROUP\"},\"image\":{\"@id\":\"https:\/\/klimavex.eu\/cz\/#\/schema\/logo\/image\/\"},\"sameAs\":[\"https:\/\/www.facebook.com\/klimavex.cz\",\"https:\/\/www.instagram.com\/klimavex_cz\/\"]}]}<\/script>\n<!-- \/ Yoast SEO plugin. -->","yoast_head_json":{"title":"V\u011btrac\u00ed rekupera\u010dn\u00ed jednotka Vortice HA PHANTOM 350 SYSTEM - KLIMAVEX GROUP - \u010cesko","robots":{"index":"index","follow":"follow","max-snippet":"max-snippet:-1","max-image-preview":"max-image-preview:large","max-video-preview":"max-video-preview:-1"},"canonical":"https:\/\/klimavex.eu\/cz\/katalog\/vetraci-rekuperacni-jednotka-vortice-ha-phantom-350-system\/","og_locale":"cs_CZ","og_type":"article","og_title":"V\u011btrac\u00ed rekupera\u010dn\u00ed jednotka Vortice HA PHANTOM 350 SYSTEM - KLIMAVEX GROUP - \u010cesko","og_description":"Syst\u00e9m VORT HA ve spojen\u00ed s rekupera\u010dn\u00ed jednotkou VORT HRI PHANTOM 200 BP zaji\u0161\u0165uje v\u00fdm\u011bnu vzduchu v m\u00edstnosti, kter\u00e1 je nezbytn\u00e1 pro udr\u017een\u00ed relativn\u00ed vlhkosti a koncentrace zne\u010di\u0161\u0165uj\u00edc\u00edch l\u00e1tek (NOX, VOC \u2013 t\u011bkav\u00e9 organick\u00e9 l\u00e1tky, CO2 a bakterie) pod limity, kter\u00e9 by mohly ohrozit pohodl\u00ed a zdrav\u00ed obyvatel.","og_url":"https:\/\/klimavex.eu\/cz\/katalog\/vetraci-rekuperacni-jednotka-vortice-ha-phantom-350-system\/","og_site_name":"KLIMAVEX GROUP - \u010cesko","article_publisher":"https:\/\/www.facebook.com\/klimavex.cz","article_modified_time":"2026-04-08T19:04:37+00:00","og_image":[{"width":9184,"height":9184,"url":"https:\/\/klimavex.eu\/cz\/wp-content\/uploads\/2024\/02\/LOGO-KLIMAVEX-modra-kostka-1.png","type":"image\/png"}],"twitter_card":"summary_large_image","twitter_misc":{"Odhadovan\u00e1 doba \u010dten\u00ed":"1 minuta"},"schema":{"@context":"https:\/\/schema.org","@graph":[{"@type":"WebPage","@id":"https:\/\/klimavex.eu\/cz\/katalog\/vetraci-rekuperacni-jednotka-vortice-ha-phantom-350-system\/","url":"https:\/\/klimavex.eu\/cz\/katalog\/vetraci-rekuperacni-jednotka-vortice-ha-phantom-350-system\/","name":"V\u011btrac\u00ed rekupera\u010dn\u00ed jednotka Vortice HA PHANTOM 350 SYSTEM - KLIMAVEX GROUP - \u010cesko","isPartOf":{"@id":"https:\/\/klimavex.eu\/cz\/#website"},"datePublished":"2026-04-08T19:03:57+00:00","dateModified":"2026-04-08T19:04:37+00:00","breadcrumb":{"@id":"https:\/\/klimavex.eu\/cz\/katalog\/vetraci-rekuperacni-jednotka-vortice-ha-phantom-350-system\/#breadcrumb"},"inLanguage":"cs","potentialAction":[{"@type":"ReadAction","target":["https:\/\/klimavex.eu\/cz\/katalog\/vetraci-rekuperacni-jednotka-vortice-ha-phantom-350-system\/"]}]},{"@type":"BreadcrumbList","@id":"https:\/\/klimavex.eu\/cz\/katalog\/vetraci-rekuperacni-jednotka-vortice-ha-phantom-350-system\/#breadcrumb","itemListElement":[{"@type":"ListItem","position":1,"name":"Domovsk\u00e1 str\u00e1nka","item":"https:\/\/klimavex.eu\/cz\/"},{"@type":"ListItem","position":2,"name":"Eshop","item":"https:\/\/klimavex.eu\/cz\/eshop\/"},{"@type":"ListItem","position":3,"name":"V\u011btrac\u00ed rekupera\u010dn\u00ed jednotka Vortice HA PHANTOM 350 SYSTEM"}]},{"@type":"WebSite","@id":"https:\/\/klimavex.eu\/cz\/#website","url":"https:\/\/klimavex.eu\/cz\/","name":"KLIMAVEX GROUP - \u010cesko","description":"","publisher":{"@id":"https:\/\/klimavex.eu\/cz\/#organization"},"alternateName":"KLIMAVEX CZ a.s.","potentialAction":[{"@type":"SearchAction","target":{"@type":"EntryPoint","urlTemplate":"https:\/\/klimavex.eu\/cz\/?s={search_term_string}"},"query-input":{"@type":"PropertyValueSpecification","valueRequired":true,"valueName":"search_term_string"}}],"inLanguage":"cs"},{"@type":"Organization","@id":"https:\/\/klimavex.eu\/cz\/#organization","name":"KLIMAVEX GROUP","alternateName":"KLIMAVEX","url":"https:\/\/klimavex.eu\/cz\/","logo":{"@type":"ImageObject","inLanguage":"cs","@id":"https:\/\/klimavex.eu\/cz\/#\/schema\/logo\/image\/","url":"https:\/\/klimavex.eu\/cz\/wp-content\/uploads\/2024\/04\/Klimavex-Group-logo.png","contentUrl":"https:\/\/klimavex.eu\/cz\/wp-content\/uploads\/2024\/04\/Klimavex-Group-logo.png","width":1681,"height":472,"caption":"KLIMAVEX GROUP"},"image":{"@id":"https:\/\/klimavex.eu\/cz\/#\/schema\/logo\/image\/"},"sameAs":["https:\/\/www.facebook.com\/klimavex.cz","https:\/\/www.instagram.com\/klimavex_cz\/"]}]}},"_links":{"self":[{"href":"https:\/\/klimavex.eu\/cz\/wp-json\/wp\/v2\/product\/543800","targetHints":{"allow":["GET"]}}],"collection":[{"href":"https:\/\/klimavex.eu\/cz\/wp-json\/wp\/v2\/product"}],"about":[{"href":"https:\/\/klimavex.eu\/cz\/wp-json\/wp\/v2\/types\/product"}],"version-history":[{"count":0,"href":"https:\/\/klimavex.eu\/cz\/wp-json\/wp\/v2\/product\/543800\/revisions"}],"wp:attachment":[{"href":"https:\/\/klimavex.eu\/cz\/wp-json\/wp\/v2\/media?parent=543800"}],"wp:term":[{"taxonomy":"product_cat","embeddable":true,"href":"https:\/\/klimavex.eu\/cz\/wp-json\/wp\/v2\/product_cat?post=543800"},{"taxonomy":"product_tag","embeddable":true,"href":"https:\/\/klimavex.eu\/cz\/wp-json\/wp\/v2\/product_tag?post=543800"}],"curies":[{"name":"wp","href":"https:\/\/api.w.org\/{rel}","templated":true}]}}