{"id":543891,"date":"2026-03-31T18:43:29","date_gmt":"2026-03-31T16:43:29","guid":{"rendered":"https:\/\/klimavex.eu\/cz\/katalog\/vysoce-ucinny-cistic-vzduchu-vortice-depuro-plus-430-evo\/"},"modified":"2026-03-31T18:43:50","modified_gmt":"2026-03-31T16:43:50","slug":"vysoce-ucinny-cistic-vzduchu-vortice-depuro-plus-430-evo","status":"publish","type":"product","link":"https:\/\/klimavex.eu\/cz\/katalog\/vysoce-ucinny-cistic-vzduchu-vortice-depuro-plus-430-evo\/","title":{"rendered":"Vysoce \u00fa\u010dinn\u00fd \u010disti\u010d vzduchu Vortice DEPURO PLUS 430 EVO"},"content":{"rendered":"<p style=\"text-align: justify;\"><strong>Kl&iacute;\u010dov&eacute; vlastnosti:<\/strong><\/p>\n<ul>\n<li style=\"text-align: justify;\">Redukce mikroorganism\u016f ve vzduchu, d&iacute;ky pou\u017eit&iacute; dvou vysoce &uacute;\u010dinn&yacute;ch absolutn&iacute;ch filtr\u016f HEPA H14, schopn&yacute;ch zachytit a\u017e do 99,995 % mikro\u010d&aacute;stic (pr\u016fm\u011br 0.3 &micro;m).<\/li>\n<li style=\"text-align: justify;\">Dezinfekce vzduchu, d&iacute;ky fotokatalytick&eacute;mu modulu (modely EVO), kter&yacute; odstra\u0148uje ne\u010distoty, z&aacute;pach a mikroorganismy, kter&eacute; jsou potenci&aacute;ln&iacute;m zdrojem r\u016fzn&yacute;ch infekc&iacute;.<\/li>\n<li style=\"text-align: justify;\">Sn&iacute;\u017een&aacute; spot\u0159eba energie, d&iacute;ky vysoce &uacute;\u010dinn&yacute;m ventil&aacute;tor\u016fm s bezkart&aacute;\u010dov&yacute;m EC motorem.<\/li>\n<li style=\"text-align: justify;\">Jednoduch&eacute; pou\u017eit&iacute;, d&iacute;ky syst&eacute;mu Plug and Play (kabel do z&aacute;suvky).<\/li>\n<li style=\"text-align: justify;\">Jednoduch&aacute; mobilita, d&iacute;ky pou\u017eit&iacute; 4 kole\u010dek s mo\u017enost&iacute; uzam\u010den&iacute; pro vy&scaron;&scaron;&iacute; bezpe\u010dnost.<\/li>\n<li style=\"text-align: justify;\">Jednoduch&eacute; a intuitivn&iacute; ovl&aacute;d&aacute;n&iacute;, pomoc&iacute; integrovan&eacute;ho ovl&aacute;dac&iacute;ho panelu.<\/li>\n<li style=\"text-align: justify;\">Nen&aacute;ro\u010dn&aacute; &uacute;dr\u017eba:\n<ul>\n<li>signalizace pot\u0159eby v&yacute;m\u011bny filtr\u016f na ovl&aacute;dac&iacute;m panelu<\/li>\n<li>snadn&aacute; v&yacute;m\u011bna filtr\u016f a fotokatalytick&eacute;ho modulu (modely EVO), d&iacute;ky rychle odn&iacute;mateln&yacute;m panel\u016fm<\/li>\n<\/ul>\n<\/li>\n<li style=\"text-align: justify;\">Vysok&aacute; odolnost d&iacute;ky robustn&iacute;mu designu a konstrukci navr\u017een&eacute; i pro pr\u016fmyslov&yacute; sektor (pevn&eacute; opl&aacute;&scaron;t\u011bn&iacute;, vysok&aacute; odolnost v\u016f\u010di n&aacute;raz\u016fm a korozi).<\/li>\n<\/ul>\n","protected":false},"excerpt":{"rendered":"<p style=\"text-align: justify;\">Vysoce &uacute;\u010dinn&eacute; mobiln&iacute; \u010disti\u010de vzduchu <strong>Vortice Depuro Plus <\/strong>jsou vhodn&eacute; pro \u010di&scaron;t\u011bn&iacute; a dezinfekci vzduchu v komer\u010dn&iacute;ch a pr\u016fmyslov&yacute;ch <strong>prostor s plochou do 160 m<sup>3<\/sup><\/strong>. Obsahuj&iacute; <strong>HEPA filtry <\/strong>nejvy&scaron;&scaron;&iacute; t\u0159&iacute;dy H14 a <strong>fotokatalytick&yacute; UV-C modul<\/strong>.<\/p>\n","protected":false},"featured_media":550294,"template":"","meta":[],"product_cat":[7635,7562,7631],"product_tag":[],"class_list":{"0":"post-543891","1":"product","2":"type-product","3":"status-publish","4":"has-post-thumbnail","6":"product_cat-depuro","7":"product_cat-ventilatory","8":"product_cat-elektricke-ohrivace-a-cistice-vzduchu","9":"pa_hlucnost-lp-6m-13083","10":"pa_kryti-ip44","11":"pa_plocha-do-m2-13082","12":"pa_provedeni-cistic-vzduchu","13":"pa_typ-depuro","14":"pa_vzduchovy-vykon-qv-m3-13081","15":"pa_znacka-vortice","17":"first","18":"instock","19":"taxable","20":"shipping-taxable","21":"purchasable","22":"product-type-simple"},"yoast_head":"<!-- This site is optimized with the Yoast SEO plugin v23.9 - https:\/\/yoast.com\/wordpress\/plugins\/seo\/ -->\n<title>Vysoce \u00fa\u010dinn\u00fd \u010disti\u010d vzduchu Vortice DEPURO PLUS 430 EVO - KLIMAVEX GROUP - \u010cesko<\/title>\n<meta name=\"robots\" content=\"index, follow, max-snippet:-1, max-image-preview:large, max-video-preview:-1\" \/>\n<link rel=\"canonical\" href=\"https:\/\/klimavex.eu\/cz\/katalog\/vysoce-ucinny-cistic-vzduchu-vortice-depuro-plus-430-evo\/\" \/>\n<meta property=\"og:locale\" content=\"cs_CZ\" \/>\n<meta property=\"og:type\" content=\"article\" \/>\n<meta property=\"og:title\" content=\"Vysoce \u00fa\u010dinn\u00fd \u010disti\u010d vzduchu Vortice DEPURO PLUS 430 EVO - KLIMAVEX GROUP - \u010cesko\" \/>\n<meta property=\"og:description\" content=\"Vysoce &uacute;\u010dinn&eacute; mobiln&iacute; \u010disti\u010de vzduchu Vortice Depuro Plus jsou vhodn&eacute; pro \u010di&scaron;t\u011bn&iacute; a dezinfekci vzduchu v komer\u010dn&iacute;ch a pr\u016fmyslov&yacute;ch prostor s plochou do 160 m3. Obsahuj&iacute; HEPA filtry nejvy&scaron;&scaron;&iacute; t\u0159&iacute;dy H14 a fotokatalytick&yacute; UV-C modul.\" \/>\n<meta property=\"og:url\" content=\"https:\/\/klimavex.eu\/cz\/katalog\/vysoce-ucinny-cistic-vzduchu-vortice-depuro-plus-430-evo\/\" \/>\n<meta property=\"og:site_name\" content=\"KLIMAVEX GROUP - \u010cesko\" \/>\n<meta property=\"article:publisher\" content=\"https:\/\/www.facebook.com\/klimavex.cz\" \/>\n<meta property=\"article:modified_time\" content=\"2026-03-31T16:43:50+00:00\" \/>\n<meta property=\"og:image\" content=\"https:\/\/klimavex.eu\/cz\/wp-content\/uploads\/2025\/09\/RF5Nn_sJbckhVhAWxGTJ16gxSK1oCOO4Q3P7v5v7YmA.png\" \/>\n\t<meta property=\"og:image:width\" content=\"500\" \/>\n\t<meta property=\"og:image:height\" content=\"500\" \/>\n\t<meta property=\"og:image:type\" content=\"image\/png\" \/>\n<meta name=\"twitter:card\" content=\"summary_large_image\" \/>\n<meta name=\"twitter:label1\" content=\"Odhadovan\u00e1 doba \u010dten\u00ed\" \/>\n\t<meta name=\"twitter:data1\" content=\"1 minuta\" \/>\n<script type=\"application\/ld+json\" class=\"yoast-schema-graph\">{\"@context\":\"https:\/\/schema.org\",\"@graph\":[{\"@type\":\"WebPage\",\"@id\":\"https:\/\/klimavex.eu\/cz\/katalog\/vysoce-ucinny-cistic-vzduchu-vortice-depuro-plus-430-evo\/\",\"url\":\"https:\/\/klimavex.eu\/cz\/katalog\/vysoce-ucinny-cistic-vzduchu-vortice-depuro-plus-430-evo\/\",\"name\":\"Vysoce \u00fa\u010dinn\u00fd \u010disti\u010d vzduchu Vortice DEPURO PLUS 430 EVO - KLIMAVEX GROUP - \u010cesko\",\"isPartOf\":{\"@id\":\"https:\/\/klimavex.eu\/cz\/#website\"},\"primaryImageOfPage\":{\"@id\":\"https:\/\/klimavex.eu\/cz\/katalog\/vysoce-ucinny-cistic-vzduchu-vortice-depuro-plus-430-evo\/#primaryimage\"},\"image\":{\"@id\":\"https:\/\/klimavex.eu\/cz\/katalog\/vysoce-ucinny-cistic-vzduchu-vortice-depuro-plus-430-evo\/#primaryimage\"},\"thumbnailUrl\":\"https:\/\/klimavex.eu\/cz\/wp-content\/uploads\/2025\/09\/RF5Nn_sJbckhVhAWxGTJ16gxSK1oCOO4Q3P7v5v7YmA.png\",\"datePublished\":\"2026-03-31T16:43:29+00:00\",\"dateModified\":\"2026-03-31T16:43:50+00:00\",\"breadcrumb\":{\"@id\":\"https:\/\/klimavex.eu\/cz\/katalog\/vysoce-ucinny-cistic-vzduchu-vortice-depuro-plus-430-evo\/#breadcrumb\"},\"inLanguage\":\"cs\",\"potentialAction\":[{\"@type\":\"ReadAction\",\"target\":[\"https:\/\/klimavex.eu\/cz\/katalog\/vysoce-ucinny-cistic-vzduchu-vortice-depuro-plus-430-evo\/\"]}]},{\"@type\":\"ImageObject\",\"inLanguage\":\"cs\",\"@id\":\"https:\/\/klimavex.eu\/cz\/katalog\/vysoce-ucinny-cistic-vzduchu-vortice-depuro-plus-430-evo\/#primaryimage\",\"url\":\"https:\/\/klimavex.eu\/cz\/wp-content\/uploads\/2025\/09\/RF5Nn_sJbckhVhAWxGTJ16gxSK1oCOO4Q3P7v5v7YmA.png\",\"contentUrl\":\"https:\/\/klimavex.eu\/cz\/wp-content\/uploads\/2025\/09\/RF5Nn_sJbckhVhAWxGTJ16gxSK1oCOO4Q3P7v5v7YmA.png\",\"width\":500,\"height\":500},{\"@type\":\"BreadcrumbList\",\"@id\":\"https:\/\/klimavex.eu\/cz\/katalog\/vysoce-ucinny-cistic-vzduchu-vortice-depuro-plus-430-evo\/#breadcrumb\",\"itemListElement\":[{\"@type\":\"ListItem\",\"position\":1,\"name\":\"Domovsk\u00e1 str\u00e1nka\",\"item\":\"https:\/\/klimavex.eu\/cz\/\"},{\"@type\":\"ListItem\",\"position\":2,\"name\":\"Eshop\",\"item\":\"https:\/\/klimavex.eu\/cz\/eshop\/\"},{\"@type\":\"ListItem\",\"position\":3,\"name\":\"Vysoce \u00fa\u010dinn\u00fd \u010disti\u010d vzduchu Vortice DEPURO PLUS 430 EVO\"}]},{\"@type\":\"WebSite\",\"@id\":\"https:\/\/klimavex.eu\/cz\/#website\",\"url\":\"https:\/\/klimavex.eu\/cz\/\",\"name\":\"KLIMAVEX GROUP - \u010cesko\",\"description\":\"\",\"publisher\":{\"@id\":\"https:\/\/klimavex.eu\/cz\/#organization\"},\"alternateName\":\"KLIMAVEX CZ a.s.\",\"potentialAction\":[{\"@type\":\"SearchAction\",\"target\":{\"@type\":\"EntryPoint\",\"urlTemplate\":\"https:\/\/klimavex.eu\/cz\/?s={search_term_string}\"},\"query-input\":{\"@type\":\"PropertyValueSpecification\",\"valueRequired\":true,\"valueName\":\"search_term_string\"}}],\"inLanguage\":\"cs\"},{\"@type\":\"Organization\",\"@id\":\"https:\/\/klimavex.eu\/cz\/#organization\",\"name\":\"KLIMAVEX GROUP\",\"alternateName\":\"KLIMAVEX\",\"url\":\"https:\/\/klimavex.eu\/cz\/\",\"logo\":{\"@type\":\"ImageObject\",\"inLanguage\":\"cs\",\"@id\":\"https:\/\/klimavex.eu\/cz\/#\/schema\/logo\/image\/\",\"url\":\"https:\/\/klimavex.eu\/cz\/wp-content\/uploads\/2024\/04\/Klimavex-Group-logo.png\",\"contentUrl\":\"https:\/\/klimavex.eu\/cz\/wp-content\/uploads\/2024\/04\/Klimavex-Group-logo.png\",\"width\":1681,\"height\":472,\"caption\":\"KLIMAVEX GROUP\"},\"image\":{\"@id\":\"https:\/\/klimavex.eu\/cz\/#\/schema\/logo\/image\/\"},\"sameAs\":[\"https:\/\/www.facebook.com\/klimavex.cz\",\"https:\/\/www.instagram.com\/klimavex_cz\/\"]}]}<\/script>\n<!-- \/ Yoast SEO plugin. -->","yoast_head_json":{"title":"Vysoce \u00fa\u010dinn\u00fd \u010disti\u010d vzduchu Vortice DEPURO PLUS 430 EVO - KLIMAVEX GROUP - \u010cesko","robots":{"index":"index","follow":"follow","max-snippet":"max-snippet:-1","max-image-preview":"max-image-preview:large","max-video-preview":"max-video-preview:-1"},"canonical":"https:\/\/klimavex.eu\/cz\/katalog\/vysoce-ucinny-cistic-vzduchu-vortice-depuro-plus-430-evo\/","og_locale":"cs_CZ","og_type":"article","og_title":"Vysoce \u00fa\u010dinn\u00fd \u010disti\u010d vzduchu Vortice DEPURO PLUS 430 EVO - KLIMAVEX GROUP - \u010cesko","og_description":"Vysoce &uacute;\u010dinn&eacute; mobiln&iacute; \u010disti\u010de vzduchu Vortice Depuro Plus jsou vhodn&eacute; pro \u010di&scaron;t\u011bn&iacute; a dezinfekci vzduchu v komer\u010dn&iacute;ch a pr\u016fmyslov&yacute;ch prostor s plochou do 160 m3. Obsahuj&iacute; HEPA filtry nejvy&scaron;&scaron;&iacute; t\u0159&iacute;dy H14 a fotokatalytick&yacute; UV-C modul.","og_url":"https:\/\/klimavex.eu\/cz\/katalog\/vysoce-ucinny-cistic-vzduchu-vortice-depuro-plus-430-evo\/","og_site_name":"KLIMAVEX GROUP - \u010cesko","article_publisher":"https:\/\/www.facebook.com\/klimavex.cz","article_modified_time":"2026-03-31T16:43:50+00:00","og_image":[{"width":500,"height":500,"url":"https:\/\/klimavex.eu\/cz\/wp-content\/uploads\/2025\/09\/RF5Nn_sJbckhVhAWxGTJ16gxSK1oCOO4Q3P7v5v7YmA.png","type":"image\/png"}],"twitter_card":"summary_large_image","twitter_misc":{"Odhadovan\u00e1 doba \u010dten\u00ed":"1 minuta"},"schema":{"@context":"https:\/\/schema.org","@graph":[{"@type":"WebPage","@id":"https:\/\/klimavex.eu\/cz\/katalog\/vysoce-ucinny-cistic-vzduchu-vortice-depuro-plus-430-evo\/","url":"https:\/\/klimavex.eu\/cz\/katalog\/vysoce-ucinny-cistic-vzduchu-vortice-depuro-plus-430-evo\/","name":"Vysoce \u00fa\u010dinn\u00fd \u010disti\u010d vzduchu Vortice DEPURO PLUS 430 EVO - KLIMAVEX GROUP - \u010cesko","isPartOf":{"@id":"https:\/\/klimavex.eu\/cz\/#website"},"primaryImageOfPage":{"@id":"https:\/\/klimavex.eu\/cz\/katalog\/vysoce-ucinny-cistic-vzduchu-vortice-depuro-plus-430-evo\/#primaryimage"},"image":{"@id":"https:\/\/klimavex.eu\/cz\/katalog\/vysoce-ucinny-cistic-vzduchu-vortice-depuro-plus-430-evo\/#primaryimage"},"thumbnailUrl":"https:\/\/klimavex.eu\/cz\/wp-content\/uploads\/2025\/09\/RF5Nn_sJbckhVhAWxGTJ16gxSK1oCOO4Q3P7v5v7YmA.png","datePublished":"2026-03-31T16:43:29+00:00","dateModified":"2026-03-31T16:43:50+00:00","breadcrumb":{"@id":"https:\/\/klimavex.eu\/cz\/katalog\/vysoce-ucinny-cistic-vzduchu-vortice-depuro-plus-430-evo\/#breadcrumb"},"inLanguage":"cs","potentialAction":[{"@type":"ReadAction","target":["https:\/\/klimavex.eu\/cz\/katalog\/vysoce-ucinny-cistic-vzduchu-vortice-depuro-plus-430-evo\/"]}]},{"@type":"ImageObject","inLanguage":"cs","@id":"https:\/\/klimavex.eu\/cz\/katalog\/vysoce-ucinny-cistic-vzduchu-vortice-depuro-plus-430-evo\/#primaryimage","url":"https:\/\/klimavex.eu\/cz\/wp-content\/uploads\/2025\/09\/RF5Nn_sJbckhVhAWxGTJ16gxSK1oCOO4Q3P7v5v7YmA.png","contentUrl":"https:\/\/klimavex.eu\/cz\/wp-content\/uploads\/2025\/09\/RF5Nn_sJbckhVhAWxGTJ16gxSK1oCOO4Q3P7v5v7YmA.png","width":500,"height":500},{"@type":"BreadcrumbList","@id":"https:\/\/klimavex.eu\/cz\/katalog\/vysoce-ucinny-cistic-vzduchu-vortice-depuro-plus-430-evo\/#breadcrumb","itemListElement":[{"@type":"ListItem","position":1,"name":"Domovsk\u00e1 str\u00e1nka","item":"https:\/\/klimavex.eu\/cz\/"},{"@type":"ListItem","position":2,"name":"Eshop","item":"https:\/\/klimavex.eu\/cz\/eshop\/"},{"@type":"ListItem","position":3,"name":"Vysoce \u00fa\u010dinn\u00fd \u010disti\u010d vzduchu Vortice DEPURO PLUS 430 EVO"}]},{"@type":"WebSite","@id":"https:\/\/klimavex.eu\/cz\/#website","url":"https:\/\/klimavex.eu\/cz\/","name":"KLIMAVEX GROUP - \u010cesko","description":"","publisher":{"@id":"https:\/\/klimavex.eu\/cz\/#organization"},"alternateName":"KLIMAVEX CZ a.s.","potentialAction":[{"@type":"SearchAction","target":{"@type":"EntryPoint","urlTemplate":"https:\/\/klimavex.eu\/cz\/?s={search_term_string}"},"query-input":{"@type":"PropertyValueSpecification","valueRequired":true,"valueName":"search_term_string"}}],"inLanguage":"cs"},{"@type":"Organization","@id":"https:\/\/klimavex.eu\/cz\/#organization","name":"KLIMAVEX GROUP","alternateName":"KLIMAVEX","url":"https:\/\/klimavex.eu\/cz\/","logo":{"@type":"ImageObject","inLanguage":"cs","@id":"https:\/\/klimavex.eu\/cz\/#\/schema\/logo\/image\/","url":"https:\/\/klimavex.eu\/cz\/wp-content\/uploads\/2024\/04\/Klimavex-Group-logo.png","contentUrl":"https:\/\/klimavex.eu\/cz\/wp-content\/uploads\/2024\/04\/Klimavex-Group-logo.png","width":1681,"height":472,"caption":"KLIMAVEX GROUP"},"image":{"@id":"https:\/\/klimavex.eu\/cz\/#\/schema\/logo\/image\/"},"sameAs":["https:\/\/www.facebook.com\/klimavex.cz","https:\/\/www.instagram.com\/klimavex_cz\/"]}]}},"_links":{"self":[{"href":"https:\/\/klimavex.eu\/cz\/wp-json\/wp\/v2\/product\/543891","targetHints":{"allow":["GET"]}}],"collection":[{"href":"https:\/\/klimavex.eu\/cz\/wp-json\/wp\/v2\/product"}],"about":[{"href":"https:\/\/klimavex.eu\/cz\/wp-json\/wp\/v2\/types\/product"}],"version-history":[{"count":0,"href":"https:\/\/klimavex.eu\/cz\/wp-json\/wp\/v2\/product\/543891\/revisions"}],"wp:featuredmedia":[{"embeddable":true,"href":"https:\/\/klimavex.eu\/cz\/wp-json\/wp\/v2\/media\/550294"}],"wp:attachment":[{"href":"https:\/\/klimavex.eu\/cz\/wp-json\/wp\/v2\/media?parent=543891"}],"wp:term":[{"taxonomy":"product_cat","embeddable":true,"href":"https:\/\/klimavex.eu\/cz\/wp-json\/wp\/v2\/product_cat?post=543891"},{"taxonomy":"product_tag","embeddable":true,"href":"https:\/\/klimavex.eu\/cz\/wp-json\/wp\/v2\/product_tag?post=543891"}],"curies":[{"name":"wp","href":"https:\/\/api.w.org\/{rel}","templated":true}]}}