{"id":543944,"date":"2026-04-08T21:04:50","date_gmt":"2026-04-08T19:04:50","guid":{"rendered":"https:\/\/klimavex.eu\/cz\/katalog\/ventilator-vortice-vort-qbk-sal-kc-t-500\/"},"modified":"2026-04-08T21:05:15","modified_gmt":"2026-04-08T19:05:15","slug":"ventilator-vortice-vort-qbk-sal-kc-t-500","status":"publish","type":"product","link":"https:\/\/klimavex.eu\/cz\/katalog\/ventilator-vortice-vort-qbk-sal-kc-t-500\/","title":{"rendered":"Ventil\u00e1tor Vortice VORT QBK-SAL KC T 500"},"content":{"rendered":"<p style=\"text-align: justify;\"><strong>Kl&iacute;\u010dov&eacute; vlastnosti:<\/strong><\/p>\n<ul>\n<li style=\"text-align: justify;\">Opl&aacute;&scaron;t\u011bn&iacute;: r&aacute;m vyroben&yacute; z hlin&iacute;kov&yacute;ch profil\u016f pospojovan&yacute;ch hlin&iacute;kov&yacute;mi spojkami, sendvi\u010dov&eacute; panely z pozinkovan&eacute;ho ocelov&eacute;ho plechu tlou&scaron;\u0165ky 0,6mm vypln\u011bn&eacute; miner&aacute;ln&iacute; vlnou tlou&scaron;\u0165ky 23mm.<\/li>\n<li style=\"text-align: justify;\">Kruhov&aacute; p\u0159&iacute;ruba na s&aacute;n&iacute;.<\/li>\n<li style=\"text-align: justify;\">V&yacute;fukov&yacute; otvor obd&eacute;ln&iacute;kov&eacute;ho tvaru. V&yacute;fuk lze orientovat do t\u0159&iacute; stran (nalevo, napravo, sm\u011brem nahoru) p\u0159einstalov&aacute;n&iacute;m panel\u016f.<\/li>\n<li style=\"text-align: justify;\">Ventil&aacute;tory vybaven&eacute; 1ot&aacute;\u010dkov&yacute;m asynchronn&iacute;m motorem a kuli\u010dkov&yacute;mi lo\u017eisky, kter&eacute; zaji&scaron;\u0165uj&iacute; dlouhou \u017eivotnost a bezporuchov&yacute; provoz ventil&aacute;toru po dobu 30 000 hodin.<\/li>\n<li style=\"text-align: justify;\">Motor je od ob\u011b\u017en&eacute;ho kola odd\u011blen kovov&yacute;m panelem, um&iacute;st\u011bn&yacute; mimo proud ods&aacute;van&eacute;ho vzduchu.<\/li>\n<li style=\"text-align: justify;\">Ob\u011b\u017en&eacute; kolo z pozinkovan&eacute; oceli s dozadu zahnut&yacute;mi lopatkami, dynamicky vyv&aacute;\u017een&eacute;.<\/li>\n<li style=\"text-align: justify;\">Ochrann&yacute; kryt motoru z pozinkovan&eacute; oceli.<\/li>\n<li style=\"text-align: justify;\">Inspek\u010dn&iacute; panel s rukojet&iacute; a troj&uacute;heln&iacute;kov&yacute;m kl&iacute;\u010dem.<\/li>\n<li style=\"text-align: justify;\">Kondenza\u010dn&iacute; vani\u010dka z pozinkovan&eacute; oceli s v&yacute;pustn&yacute;m otvorem a matic&iacute; pro vypu&scaron;t\u011bn&iacute;.<\/li>\n<li style=\"text-align: justify;\">Regulace ot&aacute;\u010dek ventil&aacute;toru je mo\u017en&aacute; pouze p\u0159es frekven\u010dn&iacute; m\u011bni\u010de.<\/li>\n<li style=\"text-align: justify;\">Kryt&iacute; motoru IP55.<\/li>\n<li style=\"text-align: justify;\">T\u0159&iacute;da izolace CL.1.<\/li>\n<li style=\"text-align: justify;\">R\u016fzn&eacute; voliteln&eacute; p\u0159&iacute;slu&scaron;enstv&iacute;: protide&scaron;\u0165ov&aacute; st\u0159&iacute;&scaron;ka, v&yacute;fukov&yacute; n&aacute;stavec, p\u0159&iacute;ruba s kruhov&yacute;m v&yacute;fukem, antivibra\u010dn&iacute; podlo\u017eky, frekven\u010dn&iacute; m\u011bni\u010de pro regulaci ot&aacute;\u010dek.<\/li>\n<\/ul>\n","protected":false},"excerpt":{"rendered":"<p style=\"text-align: justify;\">Radi&aacute;ln&iacute; sk\u0159&iacute;\u0148ov&eacute; ventil&aacute;tory <strong>Vortice QBK SAL KC <\/strong>pro ods&aacute;v&aacute;n&iacute; hork&yacute;ch vzdu&scaron;nin teplotou do 120&deg;C jsou vhodn&eacute; pro pr\u016fmyslov&eacute; nebo komer\u010dn&iacute; aplikace &ndash; <strong>kuchyn\u011b<\/strong>. Provozn&iacute; teplota -20&deg;C a\u017e 50&deg;C. T\u0159&iacute;f&aacute;zov&yacute; model s 1ot&aacute;\u010dkov&yacute;m asynchronn&iacute;m motorem a <strong>kuli\u010dkov&yacute;mi lo\u017eisky<\/strong>. Mo\u017enost instalace do interi&eacute;ru nebo exteri&eacute;ru (pomoc&iacute; vhodn&eacute;ho p\u0159&iacute;slu&scaron;enstv&iacute;).<\/p>\n","protected":false},"featured_media":550522,"template":"","meta":[],"product_cat":[10775,10769,10776],"product_tag":[],"class_list":{"0":"post-543944","1":"product","2":"type-product","3":"status-publish","4":"has-post-thumbnail","6":"product_cat-ventilatory-archivovane-produkty","7":"product_cat-archivovane-produkty","8":"product_cat-archivovane-produkty-ventilatory","9":"pa_dostupny-tlak-pa-13180","10":"pa_hlucnost-lp-3m-13181","11":"pa_kryti-ip55","12":"pa_label-archivovany","13":"pa_provedeni-kuchynsky","14":"pa_prumer-napojeni-mm-13035","15":"pa_typ-qbk-sal","16":"pa_vzduchovy-vykon-qv-m3-13179","17":"pa_znacka-vortice","19":"first","20":"outofstock","21":"taxable","22":"shipping-taxable","23":"purchasable","24":"product-type-simple"},"yoast_head":"<!-- This site is optimized with the Yoast SEO plugin v23.9 - https:\/\/yoast.com\/wordpress\/plugins\/seo\/ -->\n<title>Ventil\u00e1tor Vortice VORT QBK-SAL KC T 500 - KLIMAVEX GROUP - \u010cesko<\/title>\n<meta name=\"robots\" content=\"index, follow, max-snippet:-1, max-image-preview:large, max-video-preview:-1\" \/>\n<link rel=\"canonical\" href=\"https:\/\/klimavex.eu\/cz\/katalog\/ventilator-vortice-vort-qbk-sal-kc-t-500\/\" \/>\n<meta property=\"og:locale\" content=\"cs_CZ\" \/>\n<meta property=\"og:type\" content=\"article\" \/>\n<meta property=\"og:title\" content=\"Ventil\u00e1tor Vortice VORT QBK-SAL KC T 500 - KLIMAVEX GROUP - \u010cesko\" \/>\n<meta property=\"og:description\" content=\"Radi&aacute;ln&iacute; sk\u0159&iacute;\u0148ov&eacute; ventil&aacute;tory Vortice QBK SAL KC pro ods&aacute;v&aacute;n&iacute; hork&yacute;ch vzdu&scaron;nin teplotou do 120&deg;C jsou vhodn&eacute; pro pr\u016fmyslov&eacute; nebo komer\u010dn&iacute; aplikace &ndash; kuchyn\u011b. Provozn&iacute; teplota -20&deg;C a\u017e 50&deg;C. T\u0159&iacute;f&aacute;zov&yacute; model s 1ot&aacute;\u010dkov&yacute;m asynchronn&iacute;m motorem a kuli\u010dkov&yacute;mi lo\u017eisky. Mo\u017enost instalace do interi&eacute;ru nebo exteri&eacute;ru (pomoc&iacute; vhodn&eacute;ho p\u0159&iacute;slu&scaron;enstv&iacute;).\" \/>\n<meta property=\"og:url\" content=\"https:\/\/klimavex.eu\/cz\/katalog\/ventilator-vortice-vort-qbk-sal-kc-t-500\/\" \/>\n<meta property=\"og:site_name\" content=\"KLIMAVEX GROUP - \u010cesko\" \/>\n<meta property=\"article:publisher\" content=\"https:\/\/www.facebook.com\/klimavex.cz\" \/>\n<meta property=\"article:modified_time\" content=\"2026-04-08T19:05:15+00:00\" \/>\n<meta property=\"og:image\" content=\"https:\/\/klimavex.eu\/cz\/wp-content\/uploads\/2025\/09\/D-OFRLjMVhPs_0GeB-UL0liMgdOApIxEbkpf8YXYJLI-2.png\" \/>\n\t<meta property=\"og:image:width\" content=\"572\" \/>\n\t<meta property=\"og:image:height\" content=\"512\" \/>\n\t<meta property=\"og:image:type\" content=\"image\/png\" \/>\n<meta name=\"twitter:card\" content=\"summary_large_image\" \/>\n<meta name=\"twitter:label1\" content=\"Odhadovan\u00e1 doba \u010dten\u00ed\" \/>\n\t<meta name=\"twitter:data1\" content=\"2 minuty\" \/>\n<script type=\"application\/ld+json\" class=\"yoast-schema-graph\">{\"@context\":\"https:\/\/schema.org\",\"@graph\":[{\"@type\":\"WebPage\",\"@id\":\"https:\/\/klimavex.eu\/cz\/katalog\/ventilator-vortice-vort-qbk-sal-kc-t-500\/\",\"url\":\"https:\/\/klimavex.eu\/cz\/katalog\/ventilator-vortice-vort-qbk-sal-kc-t-500\/\",\"name\":\"Ventil\u00e1tor Vortice VORT QBK-SAL KC T 500 - KLIMAVEX GROUP - \u010cesko\",\"isPartOf\":{\"@id\":\"https:\/\/klimavex.eu\/cz\/#website\"},\"primaryImageOfPage\":{\"@id\":\"https:\/\/klimavex.eu\/cz\/katalog\/ventilator-vortice-vort-qbk-sal-kc-t-500\/#primaryimage\"},\"image\":{\"@id\":\"https:\/\/klimavex.eu\/cz\/katalog\/ventilator-vortice-vort-qbk-sal-kc-t-500\/#primaryimage\"},\"thumbnailUrl\":\"https:\/\/klimavex.eu\/cz\/wp-content\/uploads\/2025\/09\/D-OFRLjMVhPs_0GeB-UL0liMgdOApIxEbkpf8YXYJLI-2.png\",\"datePublished\":\"2026-04-08T19:04:50+00:00\",\"dateModified\":\"2026-04-08T19:05:15+00:00\",\"breadcrumb\":{\"@id\":\"https:\/\/klimavex.eu\/cz\/katalog\/ventilator-vortice-vort-qbk-sal-kc-t-500\/#breadcrumb\"},\"inLanguage\":\"cs\",\"potentialAction\":[{\"@type\":\"ReadAction\",\"target\":[\"https:\/\/klimavex.eu\/cz\/katalog\/ventilator-vortice-vort-qbk-sal-kc-t-500\/\"]}]},{\"@type\":\"ImageObject\",\"inLanguage\":\"cs\",\"@id\":\"https:\/\/klimavex.eu\/cz\/katalog\/ventilator-vortice-vort-qbk-sal-kc-t-500\/#primaryimage\",\"url\":\"https:\/\/klimavex.eu\/cz\/wp-content\/uploads\/2025\/09\/D-OFRLjMVhPs_0GeB-UL0liMgdOApIxEbkpf8YXYJLI-2.png\",\"contentUrl\":\"https:\/\/klimavex.eu\/cz\/wp-content\/uploads\/2025\/09\/D-OFRLjMVhPs_0GeB-UL0liMgdOApIxEbkpf8YXYJLI-2.png\",\"width\":572,\"height\":512},{\"@type\":\"BreadcrumbList\",\"@id\":\"https:\/\/klimavex.eu\/cz\/katalog\/ventilator-vortice-vort-qbk-sal-kc-t-500\/#breadcrumb\",\"itemListElement\":[{\"@type\":\"ListItem\",\"position\":1,\"name\":\"Domovsk\u00e1 str\u00e1nka\",\"item\":\"https:\/\/klimavex.eu\/cz\/\"},{\"@type\":\"ListItem\",\"position\":2,\"name\":\"Eshop\",\"item\":\"https:\/\/klimavex.eu\/cz\/eshop\/\"},{\"@type\":\"ListItem\",\"position\":3,\"name\":\"Ventil\u00e1tor Vortice VORT QBK-SAL KC T 500\"}]},{\"@type\":\"WebSite\",\"@id\":\"https:\/\/klimavex.eu\/cz\/#website\",\"url\":\"https:\/\/klimavex.eu\/cz\/\",\"name\":\"KLIMAVEX GROUP - \u010cesko\",\"description\":\"\",\"publisher\":{\"@id\":\"https:\/\/klimavex.eu\/cz\/#organization\"},\"alternateName\":\"KLIMAVEX CZ a.s.\",\"potentialAction\":[{\"@type\":\"SearchAction\",\"target\":{\"@type\":\"EntryPoint\",\"urlTemplate\":\"https:\/\/klimavex.eu\/cz\/?s={search_term_string}\"},\"query-input\":{\"@type\":\"PropertyValueSpecification\",\"valueRequired\":true,\"valueName\":\"search_term_string\"}}],\"inLanguage\":\"cs\"},{\"@type\":\"Organization\",\"@id\":\"https:\/\/klimavex.eu\/cz\/#organization\",\"name\":\"KLIMAVEX GROUP\",\"alternateName\":\"KLIMAVEX\",\"url\":\"https:\/\/klimavex.eu\/cz\/\",\"logo\":{\"@type\":\"ImageObject\",\"inLanguage\":\"cs\",\"@id\":\"https:\/\/klimavex.eu\/cz\/#\/schema\/logo\/image\/\",\"url\":\"https:\/\/klimavex.eu\/cz\/wp-content\/uploads\/2024\/04\/Klimavex-Group-logo.png\",\"contentUrl\":\"https:\/\/klimavex.eu\/cz\/wp-content\/uploads\/2024\/04\/Klimavex-Group-logo.png\",\"width\":1681,\"height\":472,\"caption\":\"KLIMAVEX GROUP\"},\"image\":{\"@id\":\"https:\/\/klimavex.eu\/cz\/#\/schema\/logo\/image\/\"},\"sameAs\":[\"https:\/\/www.facebook.com\/klimavex.cz\",\"https:\/\/www.instagram.com\/klimavex_cz\/\"]}]}<\/script>\n<!-- \/ Yoast SEO plugin. -->","yoast_head_json":{"title":"Ventil\u00e1tor Vortice VORT QBK-SAL KC T 500 - KLIMAVEX GROUP - \u010cesko","robots":{"index":"index","follow":"follow","max-snippet":"max-snippet:-1","max-image-preview":"max-image-preview:large","max-video-preview":"max-video-preview:-1"},"canonical":"https:\/\/klimavex.eu\/cz\/katalog\/ventilator-vortice-vort-qbk-sal-kc-t-500\/","og_locale":"cs_CZ","og_type":"article","og_title":"Ventil\u00e1tor Vortice VORT QBK-SAL KC T 500 - KLIMAVEX GROUP - \u010cesko","og_description":"Radi&aacute;ln&iacute; sk\u0159&iacute;\u0148ov&eacute; ventil&aacute;tory Vortice QBK SAL KC pro ods&aacute;v&aacute;n&iacute; hork&yacute;ch vzdu&scaron;nin teplotou do 120&deg;C jsou vhodn&eacute; pro pr\u016fmyslov&eacute; nebo komer\u010dn&iacute; aplikace &ndash; kuchyn\u011b. Provozn&iacute; teplota -20&deg;C a\u017e 50&deg;C. T\u0159&iacute;f&aacute;zov&yacute; model s 1ot&aacute;\u010dkov&yacute;m asynchronn&iacute;m motorem a kuli\u010dkov&yacute;mi lo\u017eisky. Mo\u017enost instalace do interi&eacute;ru nebo exteri&eacute;ru (pomoc&iacute; vhodn&eacute;ho p\u0159&iacute;slu&scaron;enstv&iacute;).","og_url":"https:\/\/klimavex.eu\/cz\/katalog\/ventilator-vortice-vort-qbk-sal-kc-t-500\/","og_site_name":"KLIMAVEX GROUP - \u010cesko","article_publisher":"https:\/\/www.facebook.com\/klimavex.cz","article_modified_time":"2026-04-08T19:05:15+00:00","og_image":[{"width":572,"height":512,"url":"https:\/\/klimavex.eu\/cz\/wp-content\/uploads\/2025\/09\/D-OFRLjMVhPs_0GeB-UL0liMgdOApIxEbkpf8YXYJLI-2.png","type":"image\/png"}],"twitter_card":"summary_large_image","twitter_misc":{"Odhadovan\u00e1 doba \u010dten\u00ed":"2 minuty"},"schema":{"@context":"https:\/\/schema.org","@graph":[{"@type":"WebPage","@id":"https:\/\/klimavex.eu\/cz\/katalog\/ventilator-vortice-vort-qbk-sal-kc-t-500\/","url":"https:\/\/klimavex.eu\/cz\/katalog\/ventilator-vortice-vort-qbk-sal-kc-t-500\/","name":"Ventil\u00e1tor Vortice VORT QBK-SAL KC T 500 - KLIMAVEX GROUP - \u010cesko","isPartOf":{"@id":"https:\/\/klimavex.eu\/cz\/#website"},"primaryImageOfPage":{"@id":"https:\/\/klimavex.eu\/cz\/katalog\/ventilator-vortice-vort-qbk-sal-kc-t-500\/#primaryimage"},"image":{"@id":"https:\/\/klimavex.eu\/cz\/katalog\/ventilator-vortice-vort-qbk-sal-kc-t-500\/#primaryimage"},"thumbnailUrl":"https:\/\/klimavex.eu\/cz\/wp-content\/uploads\/2025\/09\/D-OFRLjMVhPs_0GeB-UL0liMgdOApIxEbkpf8YXYJLI-2.png","datePublished":"2026-04-08T19:04:50+00:00","dateModified":"2026-04-08T19:05:15+00:00","breadcrumb":{"@id":"https:\/\/klimavex.eu\/cz\/katalog\/ventilator-vortice-vort-qbk-sal-kc-t-500\/#breadcrumb"},"inLanguage":"cs","potentialAction":[{"@type":"ReadAction","target":["https:\/\/klimavex.eu\/cz\/katalog\/ventilator-vortice-vort-qbk-sal-kc-t-500\/"]}]},{"@type":"ImageObject","inLanguage":"cs","@id":"https:\/\/klimavex.eu\/cz\/katalog\/ventilator-vortice-vort-qbk-sal-kc-t-500\/#primaryimage","url":"https:\/\/klimavex.eu\/cz\/wp-content\/uploads\/2025\/09\/D-OFRLjMVhPs_0GeB-UL0liMgdOApIxEbkpf8YXYJLI-2.png","contentUrl":"https:\/\/klimavex.eu\/cz\/wp-content\/uploads\/2025\/09\/D-OFRLjMVhPs_0GeB-UL0liMgdOApIxEbkpf8YXYJLI-2.png","width":572,"height":512},{"@type":"BreadcrumbList","@id":"https:\/\/klimavex.eu\/cz\/katalog\/ventilator-vortice-vort-qbk-sal-kc-t-500\/#breadcrumb","itemListElement":[{"@type":"ListItem","position":1,"name":"Domovsk\u00e1 str\u00e1nka","item":"https:\/\/klimavex.eu\/cz\/"},{"@type":"ListItem","position":2,"name":"Eshop","item":"https:\/\/klimavex.eu\/cz\/eshop\/"},{"@type":"ListItem","position":3,"name":"Ventil\u00e1tor Vortice VORT QBK-SAL KC T 500"}]},{"@type":"WebSite","@id":"https:\/\/klimavex.eu\/cz\/#website","url":"https:\/\/klimavex.eu\/cz\/","name":"KLIMAVEX GROUP - \u010cesko","description":"","publisher":{"@id":"https:\/\/klimavex.eu\/cz\/#organization"},"alternateName":"KLIMAVEX CZ a.s.","potentialAction":[{"@type":"SearchAction","target":{"@type":"EntryPoint","urlTemplate":"https:\/\/klimavex.eu\/cz\/?s={search_term_string}"},"query-input":{"@type":"PropertyValueSpecification","valueRequired":true,"valueName":"search_term_string"}}],"inLanguage":"cs"},{"@type":"Organization","@id":"https:\/\/klimavex.eu\/cz\/#organization","name":"KLIMAVEX GROUP","alternateName":"KLIMAVEX","url":"https:\/\/klimavex.eu\/cz\/","logo":{"@type":"ImageObject","inLanguage":"cs","@id":"https:\/\/klimavex.eu\/cz\/#\/schema\/logo\/image\/","url":"https:\/\/klimavex.eu\/cz\/wp-content\/uploads\/2024\/04\/Klimavex-Group-logo.png","contentUrl":"https:\/\/klimavex.eu\/cz\/wp-content\/uploads\/2024\/04\/Klimavex-Group-logo.png","width":1681,"height":472,"caption":"KLIMAVEX GROUP"},"image":{"@id":"https:\/\/klimavex.eu\/cz\/#\/schema\/logo\/image\/"},"sameAs":["https:\/\/www.facebook.com\/klimavex.cz","https:\/\/www.instagram.com\/klimavex_cz\/"]}]}},"_links":{"self":[{"href":"https:\/\/klimavex.eu\/cz\/wp-json\/wp\/v2\/product\/543944","targetHints":{"allow":["GET"]}}],"collection":[{"href":"https:\/\/klimavex.eu\/cz\/wp-json\/wp\/v2\/product"}],"about":[{"href":"https:\/\/klimavex.eu\/cz\/wp-json\/wp\/v2\/types\/product"}],"version-history":[{"count":0,"href":"https:\/\/klimavex.eu\/cz\/wp-json\/wp\/v2\/product\/543944\/revisions"}],"wp:featuredmedia":[{"embeddable":true,"href":"https:\/\/klimavex.eu\/cz\/wp-json\/wp\/v2\/media\/550522"}],"wp:attachment":[{"href":"https:\/\/klimavex.eu\/cz\/wp-json\/wp\/v2\/media?parent=543944"}],"wp:term":[{"taxonomy":"product_cat","embeddable":true,"href":"https:\/\/klimavex.eu\/cz\/wp-json\/wp\/v2\/product_cat?post=543944"},{"taxonomy":"product_tag","embeddable":true,"href":"https:\/\/klimavex.eu\/cz\/wp-json\/wp\/v2\/product_tag?post=543944"}],"curies":[{"name":"wp","href":"https:\/\/api.w.org\/{rel}","templated":true}]}}