{"id":543953,"date":"2026-03-31T18:44:38","date_gmt":"2026-03-31T16:44:38","guid":{"rendered":"https:\/\/klimavex.eu\/cz\/katalog\/ventilator-vortice-ca-200-q-vo\/"},"modified":"2026-03-31T18:45:15","modified_gmt":"2026-03-31T16:45:15","slug":"ventilator-vortice-ca-200-q-vo","status":"publish","type":"product","link":"https:\/\/klimavex.eu\/cz\/katalog\/ventilator-vortice-ca-200-q-vo\/","title":{"rendered":"Ventil\u00e1tor Vortice CA 200 Q VO"},"content":{"rendered":"<p style=\"text-align:justify\"><span style=\"font-size:11pt\"><span style=\"background-color:white\"><span style=\"font-family:Calibri,sans-serif\"><strong><span style=\"color:black\">Kl&iacute;\u010dov&eacute; vlastnosti<\/span><\/strong><\/span><\/span><\/span><\/p>\n<ul>\n<li style=\"text-align:justify\"><span style=\"font-size:11pt\"><span style=\"color:black\"><span style=\"font-family:Calibri,sans-serif\">Sn&iacute;\u017een&aacute; hlu\u010dnost<\/span><\/span><\/span><\/li>\n<li style=\"text-align:justify\"><span style=\"font-size:11pt\"><span style=\"color:black\"><span style=\"font-family:Calibri,sans-serif\"><span style=\"background-color:white\">Do potrub&iacute; s vy&scaron;&scaron;&iacute; tlakovou ztr&aacute;tou &#8211; dosahuje vysok&yacute;ch vzduchov&yacute;ch v&yacute;kon\u016f p\u0159i sou\u010dasn&eacute;m dodr\u017een&iacute; n&iacute;zk&eacute; hlu\u010dnosti.&nbsp;<\/span><\/span><\/span><\/span><\/li>\n<li style=\"text-align:justify\"><span style=\"font-size:11pt\"><span style=\"font-family:Calibri,sans-serif\">Konstrukce z termoplastick&eacute; prysky\u0159ice PP, samozh&aacute;&scaron;iv&aacute; V0 <span style=\"background-color:white\"><span style=\"color:black\">(<strong>samo zh&aacute;&scaron;en&iacute;<\/strong> ohn\u011b do 10 vte\u0159in bez kap&aacute;n&iacute; plastu)<\/span><\/span><\/span><\/span><\/li>\n<li style=\"text-align:justify\"><span style=\"font-size:11pt\"><span style=\"font-family:Calibri,sans-serif\">T\u0159&iacute;rychlostn&iacute; ventil&aacute;tor se skl&aacute;d&aacute; z:<\/span><\/span>\n<ul>\n<li style=\"text-align:justify\"><span style=\"font-size:11pt\"><span style=\"font-family:Calibri,sans-serif\">AC motor, tepeln\u011b chr&aacute;n\u011bn&yacute;, s h\u0159&iacute;del&iacute; ulo\u017eenou na kuli\u010dkov&eacute;m lo\u017eisku,<\/span><\/span><\/li>\n<li style=\"text-align:justify\"><span style=\"font-size:11pt\"><span style=\"font-family:Calibri,sans-serif\">odst\u0159ediv&eacute;ho ob\u011b\u017en&eacute;ho kola s dozadu zahnut&yacute;mi lopatkami<\/span><\/span><\/li>\n<\/ul>\n<\/li>\n<li style=\"text-align:justify\"><span style=\"font-size:11pt\"><span style=\"font-family:Calibri,sans-serif\">Kompatibiln&iacute; s d&aacute;lkov&yacute;mi senzory: Teploty, relativn&iacute; vlhkosti, kou\u0159e a pohybu.<\/span><\/span><\/li>\n<li style=\"text-align:justify\"><span style=\"font-size:11pt\"><span style=\"font-family:Calibri,sans-serif\"><span style=\"background-color:white\"><span style=\"color:black\">Nas&aacute;vac&iacute; strana m&aacute; integrovanou ochranou m\u0159&iacute;\u017eku a speci&aacute;ln&iacute; zachyt&aacute;va\u010d mastn&yacute;ch ne\u010distot.<\/span><\/span><\/span><\/span><\/li>\n<li style=\"text-align:justify\"><span style=\"font-size:11pt\"><span style=\"font-family:Calibri,sans-serif\"><span style=\"background-color:white\"><span style=\"color:black\">Sou\u010d&aacute;st&iacute; jsou pozinkovan&eacute; ocelov&eacute; konzoly pro mont&aacute;\u017e na ze\u010f.<\/span><\/span><\/span><\/span><\/li>\n<li style=\"text-align:justify\"><span style=\"font-size:11pt\"><span style=\"font-family:Calibri,sans-serif\"><span style=\"background-color:white\"><span style=\"color:black\">T\u0159&iacute;rychlostn&iacute; &#8211; za pou\u017eit&iacute;&nbsp;regul&aacute;toru ot&aacute;\u010dek Vortice TRIO CA.<\/span><\/span><\/span><\/span><\/li>\n<li style=\"text-align:justify\"><span style=\"font-size:11pt\"><span style=\"font-family:Calibri,sans-serif\"><span style=\"background-color:white\"><span style=\"color:black\">Vhodn&yacute; pro komer\u010dn&iacute; a pr\u016fmyslov&eacute; prostory, jako jsou kuchyn\u011b, koupelny, &uacute;\u0159ady, sklady, obchody, restaurace, divadla, tane\u010dn&iacute;&nbsp;s&aacute;ly.<\/span><\/span><\/span><\/span><\/li>\n<\/ul>\n","protected":false},"excerpt":{"rendered":"<p style=\"text-align:justify\"><span style=\"font-size:11pt\"><span style=\"background-color:white\"><span style=\"font-family:Calibri,sans-serif\"><span style=\"color:black\">Potrubn&iacute; radi&aacute;ln&iacute; ventil&aacute;tor <strong>Vortice CA 200 V0 Q<\/strong> <\/span><span style=\"background-color:white\"><span style=\"color:black\">s pr\u016fm\u011brem p\u0159ipojen&iacute; vzduchotechnick&eacute;ho potrub&iacute; <strong>&oslash;<\/strong><\/span><\/span><span style=\"color:black\"> <strong>200mm<\/strong>. Jedn&aacute; se o ventil&aacute;tor se <strong>sn&iacute;\u017eenou hlu\u010dnost&iacute;<\/strong>. Vhodn&yacute; pro komer\u010dn&iacute; a pr\u016fmyslov&eacute; prostory. Motor se st&iacute;n\u011bn&yacute;mi p&oacute;ly m&aacute; <strong>kuli\u010dkov&aacute; lo\u017eiska<\/strong> z nerez oceli (LL-garance 30 000 hodin bezporuchov&eacute;ho provozu). Je vhodn&yacute; na p\u0159ipojen&iacute; do potrub&iacute; s vy&scaron;&scaron;&iacute; tlakovou ztr&aacute;tou, dosahuje vysok&yacute;ch vzduchov&yacute;ch v&yacute;kon\u016f p\u0159i sou\u010dasn&eacute;m dodr\u017een&iacute; n&iacute;zk&eacute; hlu\u010dnosti (<strong>Dostupn&yacute; tlak 438 Pa \/ Pr\u016ftok vzduchu 805 m3\/h<\/strong>). Nas&aacute;vac&iacute; strana m&aacute; integrovanou ochranou m\u0159&iacute;\u017eku a speci&aacute;ln&iacute; zachyt&aacute;va\u010d mastn&yacute;ch ne\u010distot.<\/span><\/span><\/span><\/span><\/p>\n","protected":false},"featured_media":550557,"template":"","meta":[],"product_cat":[7582,7581,7562,7583],"product_tag":[],"class_list":{"0":"post-543953","1":"product","2":"type-product","3":"status-publish","4":"has-post-thumbnail","6":"product_cat-ca","7":"product_cat-potrubni-ventilatory","8":"product_cat-ventilatory","9":"product_cat-ca-vo","10":"pa_dostupny-tlak-pa-13188","11":"pa_hlucnost-lp-3m-11834","12":"pa_kryti-ip44","13":"pa_kulickova-loziska-ll-ano","14":"pa_provedeni-potrubni-plastovy","15":"pa_prumer-napojeni-mm-11783","16":"pa_typ-ca-vo","17":"pa_vzduchovy-vykon-qv-m3-13187","18":"pa_znacka-vortice","20":"first","21":"instock","22":"taxable","23":"shipping-taxable","24":"purchasable","25":"product-type-simple"},"yoast_head":"<!-- This site is optimized with the Yoast SEO plugin v23.9 - https:\/\/yoast.com\/wordpress\/plugins\/seo\/ -->\n<title>Ventil\u00e1tor Vortice CA 200 Q VO - KLIMAVEX GROUP - \u010cesko<\/title>\n<meta name=\"robots\" content=\"index, follow, max-snippet:-1, max-image-preview:large, max-video-preview:-1\" \/>\n<link rel=\"canonical\" href=\"https:\/\/klimavex.eu\/cz\/katalog\/ventilator-vortice-ca-200-q-vo\/\" \/>\n<meta property=\"og:locale\" content=\"cs_CZ\" \/>\n<meta property=\"og:type\" content=\"article\" \/>\n<meta property=\"og:title\" content=\"Ventil\u00e1tor Vortice CA 200 Q VO - KLIMAVEX GROUP - \u010cesko\" \/>\n<meta property=\"og:description\" content=\"Potrubn&iacute; radi&aacute;ln&iacute; ventil&aacute;tor Vortice CA 200 V0 Q s pr\u016fm\u011brem p\u0159ipojen&iacute; vzduchotechnick&eacute;ho potrub&iacute; &oslash; 200mm. Jedn&aacute; se o ventil&aacute;tor se sn&iacute;\u017eenou hlu\u010dnost&iacute;. Vhodn&yacute; pro komer\u010dn&iacute; a pr\u016fmyslov&eacute; prostory. Motor se st&iacute;n\u011bn&yacute;mi p&oacute;ly m&aacute; kuli\u010dkov&aacute; lo\u017eiska z nerez oceli (LL-garance 30 000 hodin bezporuchov&eacute;ho provozu). Je vhodn&yacute; na p\u0159ipojen&iacute; do potrub&iacute; s vy&scaron;&scaron;&iacute; tlakovou ztr&aacute;tou, dosahuje vysok&yacute;ch vzduchov&yacute;ch v&yacute;kon\u016f p\u0159i sou\u010dasn&eacute;m dodr\u017een&iacute; n&iacute;zk&eacute; hlu\u010dnosti (Dostupn&yacute; tlak 438 Pa \/ Pr\u016ftok vzduchu 805 m3\/h). Nas&aacute;vac&iacute; strana m&aacute; integrovanou ochranou m\u0159&iacute;\u017eku a speci&aacute;ln&iacute; zachyt&aacute;va\u010d mastn&yacute;ch ne\u010distot.\" \/>\n<meta property=\"og:url\" content=\"https:\/\/klimavex.eu\/cz\/katalog\/ventilator-vortice-ca-200-q-vo\/\" \/>\n<meta property=\"og:site_name\" content=\"KLIMAVEX GROUP - \u010cesko\" \/>\n<meta property=\"article:publisher\" content=\"https:\/\/www.facebook.com\/klimavex.cz\" \/>\n<meta property=\"article:modified_time\" content=\"2026-03-31T16:45:15+00:00\" \/>\n<meta property=\"og:image\" content=\"https:\/\/klimavex.eu\/cz\/wp-content\/uploads\/2025\/09\/gnklLJrAivnaqgejxFaGL1eXK41ZVtnV0cgHgtDWasc-2.png\" \/>\n\t<meta property=\"og:image:width\" content=\"572\" \/>\n\t<meta property=\"og:image:height\" content=\"512\" \/>\n\t<meta property=\"og:image:type\" content=\"image\/png\" \/>\n<meta name=\"twitter:card\" content=\"summary_large_image\" \/>\n<meta name=\"twitter:label1\" content=\"Odhadovan\u00e1 doba \u010dten\u00ed\" \/>\n\t<meta name=\"twitter:data1\" content=\"1 minuta\" \/>\n<script type=\"application\/ld+json\" class=\"yoast-schema-graph\">{\"@context\":\"https:\/\/schema.org\",\"@graph\":[{\"@type\":\"WebPage\",\"@id\":\"https:\/\/klimavex.eu\/cz\/katalog\/ventilator-vortice-ca-200-q-vo\/\",\"url\":\"https:\/\/klimavex.eu\/cz\/katalog\/ventilator-vortice-ca-200-q-vo\/\",\"name\":\"Ventil\u00e1tor Vortice CA 200 Q VO - KLIMAVEX GROUP - \u010cesko\",\"isPartOf\":{\"@id\":\"https:\/\/klimavex.eu\/cz\/#website\"},\"primaryImageOfPage\":{\"@id\":\"https:\/\/klimavex.eu\/cz\/katalog\/ventilator-vortice-ca-200-q-vo\/#primaryimage\"},\"image\":{\"@id\":\"https:\/\/klimavex.eu\/cz\/katalog\/ventilator-vortice-ca-200-q-vo\/#primaryimage\"},\"thumbnailUrl\":\"https:\/\/klimavex.eu\/cz\/wp-content\/uploads\/2025\/09\/gnklLJrAivnaqgejxFaGL1eXK41ZVtnV0cgHgtDWasc-2.png\",\"datePublished\":\"2026-03-31T16:44:38+00:00\",\"dateModified\":\"2026-03-31T16:45:15+00:00\",\"breadcrumb\":{\"@id\":\"https:\/\/klimavex.eu\/cz\/katalog\/ventilator-vortice-ca-200-q-vo\/#breadcrumb\"},\"inLanguage\":\"cs\",\"potentialAction\":[{\"@type\":\"ReadAction\",\"target\":[\"https:\/\/klimavex.eu\/cz\/katalog\/ventilator-vortice-ca-200-q-vo\/\"]}]},{\"@type\":\"ImageObject\",\"inLanguage\":\"cs\",\"@id\":\"https:\/\/klimavex.eu\/cz\/katalog\/ventilator-vortice-ca-200-q-vo\/#primaryimage\",\"url\":\"https:\/\/klimavex.eu\/cz\/wp-content\/uploads\/2025\/09\/gnklLJrAivnaqgejxFaGL1eXK41ZVtnV0cgHgtDWasc-2.png\",\"contentUrl\":\"https:\/\/klimavex.eu\/cz\/wp-content\/uploads\/2025\/09\/gnklLJrAivnaqgejxFaGL1eXK41ZVtnV0cgHgtDWasc-2.png\",\"width\":572,\"height\":512},{\"@type\":\"BreadcrumbList\",\"@id\":\"https:\/\/klimavex.eu\/cz\/katalog\/ventilator-vortice-ca-200-q-vo\/#breadcrumb\",\"itemListElement\":[{\"@type\":\"ListItem\",\"position\":1,\"name\":\"Domovsk\u00e1 str\u00e1nka\",\"item\":\"https:\/\/klimavex.eu\/cz\/\"},{\"@type\":\"ListItem\",\"position\":2,\"name\":\"Eshop\",\"item\":\"https:\/\/klimavex.eu\/cz\/eshop\/\"},{\"@type\":\"ListItem\",\"position\":3,\"name\":\"Ventil\u00e1tor Vortice CA 200 Q VO\"}]},{\"@type\":\"WebSite\",\"@id\":\"https:\/\/klimavex.eu\/cz\/#website\",\"url\":\"https:\/\/klimavex.eu\/cz\/\",\"name\":\"KLIMAVEX GROUP - \u010cesko\",\"description\":\"\",\"publisher\":{\"@id\":\"https:\/\/klimavex.eu\/cz\/#organization\"},\"alternateName\":\"KLIMAVEX CZ a.s.\",\"potentialAction\":[{\"@type\":\"SearchAction\",\"target\":{\"@type\":\"EntryPoint\",\"urlTemplate\":\"https:\/\/klimavex.eu\/cz\/?s={search_term_string}\"},\"query-input\":{\"@type\":\"PropertyValueSpecification\",\"valueRequired\":true,\"valueName\":\"search_term_string\"}}],\"inLanguage\":\"cs\"},{\"@type\":\"Organization\",\"@id\":\"https:\/\/klimavex.eu\/cz\/#organization\",\"name\":\"KLIMAVEX GROUP\",\"alternateName\":\"KLIMAVEX\",\"url\":\"https:\/\/klimavex.eu\/cz\/\",\"logo\":{\"@type\":\"ImageObject\",\"inLanguage\":\"cs\",\"@id\":\"https:\/\/klimavex.eu\/cz\/#\/schema\/logo\/image\/\",\"url\":\"https:\/\/klimavex.eu\/cz\/wp-content\/uploads\/2024\/04\/Klimavex-Group-logo.png\",\"contentUrl\":\"https:\/\/klimavex.eu\/cz\/wp-content\/uploads\/2024\/04\/Klimavex-Group-logo.png\",\"width\":1681,\"height\":472,\"caption\":\"KLIMAVEX GROUP\"},\"image\":{\"@id\":\"https:\/\/klimavex.eu\/cz\/#\/schema\/logo\/image\/\"},\"sameAs\":[\"https:\/\/www.facebook.com\/klimavex.cz\",\"https:\/\/www.instagram.com\/klimavex_cz\/\"]}]}<\/script>\n<!-- \/ Yoast SEO plugin. -->","yoast_head_json":{"title":"Ventil\u00e1tor Vortice CA 200 Q VO - KLIMAVEX GROUP - \u010cesko","robots":{"index":"index","follow":"follow","max-snippet":"max-snippet:-1","max-image-preview":"max-image-preview:large","max-video-preview":"max-video-preview:-1"},"canonical":"https:\/\/klimavex.eu\/cz\/katalog\/ventilator-vortice-ca-200-q-vo\/","og_locale":"cs_CZ","og_type":"article","og_title":"Ventil\u00e1tor Vortice CA 200 Q VO - KLIMAVEX GROUP - \u010cesko","og_description":"Potrubn&iacute; radi&aacute;ln&iacute; ventil&aacute;tor Vortice CA 200 V0 Q s pr\u016fm\u011brem p\u0159ipojen&iacute; vzduchotechnick&eacute;ho potrub&iacute; &oslash; 200mm. Jedn&aacute; se o ventil&aacute;tor se sn&iacute;\u017eenou hlu\u010dnost&iacute;. Vhodn&yacute; pro komer\u010dn&iacute; a pr\u016fmyslov&eacute; prostory. Motor se st&iacute;n\u011bn&yacute;mi p&oacute;ly m&aacute; kuli\u010dkov&aacute; lo\u017eiska z nerez oceli (LL-garance 30 000 hodin bezporuchov&eacute;ho provozu). Je vhodn&yacute; na p\u0159ipojen&iacute; do potrub&iacute; s vy&scaron;&scaron;&iacute; tlakovou ztr&aacute;tou, dosahuje vysok&yacute;ch vzduchov&yacute;ch v&yacute;kon\u016f p\u0159i sou\u010dasn&eacute;m dodr\u017een&iacute; n&iacute;zk&eacute; hlu\u010dnosti (Dostupn&yacute; tlak 438 Pa \/ Pr\u016ftok vzduchu 805 m3\/h). Nas&aacute;vac&iacute; strana m&aacute; integrovanou ochranou m\u0159&iacute;\u017eku a speci&aacute;ln&iacute; zachyt&aacute;va\u010d mastn&yacute;ch ne\u010distot.","og_url":"https:\/\/klimavex.eu\/cz\/katalog\/ventilator-vortice-ca-200-q-vo\/","og_site_name":"KLIMAVEX GROUP - \u010cesko","article_publisher":"https:\/\/www.facebook.com\/klimavex.cz","article_modified_time":"2026-03-31T16:45:15+00:00","og_image":[{"width":572,"height":512,"url":"https:\/\/klimavex.eu\/cz\/wp-content\/uploads\/2025\/09\/gnklLJrAivnaqgejxFaGL1eXK41ZVtnV0cgHgtDWasc-2.png","type":"image\/png"}],"twitter_card":"summary_large_image","twitter_misc":{"Odhadovan\u00e1 doba \u010dten\u00ed":"1 minuta"},"schema":{"@context":"https:\/\/schema.org","@graph":[{"@type":"WebPage","@id":"https:\/\/klimavex.eu\/cz\/katalog\/ventilator-vortice-ca-200-q-vo\/","url":"https:\/\/klimavex.eu\/cz\/katalog\/ventilator-vortice-ca-200-q-vo\/","name":"Ventil\u00e1tor Vortice CA 200 Q VO - KLIMAVEX GROUP - \u010cesko","isPartOf":{"@id":"https:\/\/klimavex.eu\/cz\/#website"},"primaryImageOfPage":{"@id":"https:\/\/klimavex.eu\/cz\/katalog\/ventilator-vortice-ca-200-q-vo\/#primaryimage"},"image":{"@id":"https:\/\/klimavex.eu\/cz\/katalog\/ventilator-vortice-ca-200-q-vo\/#primaryimage"},"thumbnailUrl":"https:\/\/klimavex.eu\/cz\/wp-content\/uploads\/2025\/09\/gnklLJrAivnaqgejxFaGL1eXK41ZVtnV0cgHgtDWasc-2.png","datePublished":"2026-03-31T16:44:38+00:00","dateModified":"2026-03-31T16:45:15+00:00","breadcrumb":{"@id":"https:\/\/klimavex.eu\/cz\/katalog\/ventilator-vortice-ca-200-q-vo\/#breadcrumb"},"inLanguage":"cs","potentialAction":[{"@type":"ReadAction","target":["https:\/\/klimavex.eu\/cz\/katalog\/ventilator-vortice-ca-200-q-vo\/"]}]},{"@type":"ImageObject","inLanguage":"cs","@id":"https:\/\/klimavex.eu\/cz\/katalog\/ventilator-vortice-ca-200-q-vo\/#primaryimage","url":"https:\/\/klimavex.eu\/cz\/wp-content\/uploads\/2025\/09\/gnklLJrAivnaqgejxFaGL1eXK41ZVtnV0cgHgtDWasc-2.png","contentUrl":"https:\/\/klimavex.eu\/cz\/wp-content\/uploads\/2025\/09\/gnklLJrAivnaqgejxFaGL1eXK41ZVtnV0cgHgtDWasc-2.png","width":572,"height":512},{"@type":"BreadcrumbList","@id":"https:\/\/klimavex.eu\/cz\/katalog\/ventilator-vortice-ca-200-q-vo\/#breadcrumb","itemListElement":[{"@type":"ListItem","position":1,"name":"Domovsk\u00e1 str\u00e1nka","item":"https:\/\/klimavex.eu\/cz\/"},{"@type":"ListItem","position":2,"name":"Eshop","item":"https:\/\/klimavex.eu\/cz\/eshop\/"},{"@type":"ListItem","position":3,"name":"Ventil\u00e1tor Vortice CA 200 Q VO"}]},{"@type":"WebSite","@id":"https:\/\/klimavex.eu\/cz\/#website","url":"https:\/\/klimavex.eu\/cz\/","name":"KLIMAVEX GROUP - \u010cesko","description":"","publisher":{"@id":"https:\/\/klimavex.eu\/cz\/#organization"},"alternateName":"KLIMAVEX CZ a.s.","potentialAction":[{"@type":"SearchAction","target":{"@type":"EntryPoint","urlTemplate":"https:\/\/klimavex.eu\/cz\/?s={search_term_string}"},"query-input":{"@type":"PropertyValueSpecification","valueRequired":true,"valueName":"search_term_string"}}],"inLanguage":"cs"},{"@type":"Organization","@id":"https:\/\/klimavex.eu\/cz\/#organization","name":"KLIMAVEX GROUP","alternateName":"KLIMAVEX","url":"https:\/\/klimavex.eu\/cz\/","logo":{"@type":"ImageObject","inLanguage":"cs","@id":"https:\/\/klimavex.eu\/cz\/#\/schema\/logo\/image\/","url":"https:\/\/klimavex.eu\/cz\/wp-content\/uploads\/2024\/04\/Klimavex-Group-logo.png","contentUrl":"https:\/\/klimavex.eu\/cz\/wp-content\/uploads\/2024\/04\/Klimavex-Group-logo.png","width":1681,"height":472,"caption":"KLIMAVEX GROUP"},"image":{"@id":"https:\/\/klimavex.eu\/cz\/#\/schema\/logo\/image\/"},"sameAs":["https:\/\/www.facebook.com\/klimavex.cz","https:\/\/www.instagram.com\/klimavex_cz\/"]}]}},"_links":{"self":[{"href":"https:\/\/klimavex.eu\/cz\/wp-json\/wp\/v2\/product\/543953","targetHints":{"allow":["GET"]}}],"collection":[{"href":"https:\/\/klimavex.eu\/cz\/wp-json\/wp\/v2\/product"}],"about":[{"href":"https:\/\/klimavex.eu\/cz\/wp-json\/wp\/v2\/types\/product"}],"version-history":[{"count":0,"href":"https:\/\/klimavex.eu\/cz\/wp-json\/wp\/v2\/product\/543953\/revisions"}],"wp:featuredmedia":[{"embeddable":true,"href":"https:\/\/klimavex.eu\/cz\/wp-json\/wp\/v2\/media\/550557"}],"wp:attachment":[{"href":"https:\/\/klimavex.eu\/cz\/wp-json\/wp\/v2\/media?parent=543953"}],"wp:term":[{"taxonomy":"product_cat","embeddable":true,"href":"https:\/\/klimavex.eu\/cz\/wp-json\/wp\/v2\/product_cat?post=543953"},{"taxonomy":"product_tag","embeddable":true,"href":"https:\/\/klimavex.eu\/cz\/wp-json\/wp\/v2\/product_tag?post=543953"}],"curies":[{"name":"wp","href":"https:\/\/api.w.org\/{rel}","templated":true}]}}