{"id":543971,"date":"2026-03-31T18:44:38","date_gmt":"2026-03-31T16:44:38","guid":{"rendered":"https:\/\/klimavex.eu\/cz\/katalog\/ventilator-vortice-lineo-250-3-ot\/"},"modified":"2026-03-31T18:45:39","modified_gmt":"2026-03-31T16:45:39","slug":"ventilator-vortice-lineo-250-3-ot","status":"publish","type":"product","link":"https:\/\/klimavex.eu\/cz\/katalog\/ventilator-vortice-lineo-250-3-ot\/","title":{"rendered":"Ventil\u00e1tor Vortice LINEO 250 (3 ot.)"},"content":{"rendered":"<p style=\"text-align:justify\"><span style=\"font-size:11pt\"><span style=\"font-family:Calibri,sans-serif\"><strong>Detailn&iacute; popis<\/strong><\/span><\/span><\/p>\n<ul>\n<li style=\"text-align:justify\"><span style=\"font-size:11pt\"><span style=\"font-family:Calibri,sans-serif\">Vysoce &uacute;\u010dinn&yacute; motor, p\u0159epracovan&yacute; profil vrtule a vylep&scaron;en&yacute; usm\u011br\u0148ova\u010d pr\u016ftoku pracuj&iacute; v dokonal&eacute; harmonii. <\/span><\/span><\/li>\n<li style=\"text-align:justify\"><span style=\"font-size:11pt\"><span style=\"font-family:Calibri,sans-serif\">Potrubn&iacute; ventil&aacute;tor Vortice LINEO m&aacute; opl&aacute;&scaron;t\u011bn&iacute; vyroben&eacute; z odoln&eacute; plastov&eacute; prysky\u0159ice.<\/span><\/span><\/li>\n<li style=\"text-align:justify\"><span style=\"font-size:11pt\"><span style=\"font-family:Calibri,sans-serif\">Jde o&nbsp;novinku s&nbsp;<strong>3ot&aacute;\u010dkov&yacute;m AC motorem<\/strong>.<\/span><\/span><\/li>\n<li style=\"text-align:justify\"><span style=\"font-size:11pt\"><span style=\"font-family:Calibri,sans-serif\"><span style=\"background-color:white\"><span style=\"color:black\">T\u0159i rychlosti ventil&aacute;toru lze nastavit prost\u0159ednictv&iacute;m d&aacute;lkov&eacute;ho p\u0159ep&iacute;na\u010de&nbsp;<\/span><\/span><a href=\"https:\/\/www.ventishop.cz\/trio-lineo-503-3-stupnovy-regulator-otacek\/\" style=\"color:#0563c1; text-decoration:underline\" target=\"_blank\"><strong><span style=\"background-color:white\"><span style=\"color:black\">TRIO-LINEO 503<\/span><\/span><\/strong><\/a><strong>.<\/strong><\/span><\/span><\/li>\n<\/ul>\n<p style=\"text-align:justify\"><span style=\"font-size:11pt\"><span style=\"font-family:Calibri,sans-serif\"><strong>Kl&iacute;\u010dov&eacute; vlastnosti<\/strong><\/span><\/span><\/p>\n<ul>\n<li style=\"text-align:justify\"><span style=\"font-size:11pt\"><span style=\"font-family:Calibri,sans-serif\"><strong>3ot&aacute;\u010dkov&yacute; motor.<\/strong><\/span><\/span><\/li>\n<\/ul>\n<ul>\n<li style=\"text-align:justify\"><span style=\"font-size:11pt\"><span style=\"font-family:Calibri,sans-serif\">Kuli\u010dkov&aacute; lo\u017eiska s \u017eivotnost&iacute; 30 000 hodin. <\/span><\/span><\/li>\n<li style=\"text-align:justify\"><span style=\"font-size:11pt\"><span style=\"font-family:Calibri,sans-serif\">Opl&aacute;&scaron;t\u011bn&iacute; vyroben&eacute; <strong>z&nbsp;ohnivzdorn&eacute; plastov&eacute; prysky\u0159ice t\u0159&iacute;dy E2 normy ISO EN 11925-2:2010.<\/strong><\/span><\/span><\/li>\n<li style=\"text-align:justify\"><span style=\"font-size:11pt\"><span style=\"font-family:Calibri,sans-serif\">P\u0159epracovan&yacute; profil vrtule pro lep&scaron;&iacute; v&yacute;kon.<\/span><\/span><\/li>\n<li style=\"text-align:justify\"><span style=\"font-size:11pt\"><span style=\"font-family:Calibri,sans-serif\">Vylep&scaron;en&yacute; usm\u011br\u0148ova\u010d pr\u016ftoku.<\/span><\/span><\/li>\n<li style=\"text-align:justify\"><span style=\"font-size:11pt\"><span style=\"font-family:Calibri,sans-serif\">Kryt&iacute; IPX5.<\/span><\/span><\/li>\n<\/ul>\n","protected":false},"excerpt":{"rendered":"<p style=\"text-align:justify\"><span style=\"font-size:11pt\"><span style=\"font-family:Calibri,sans-serif\">T\u0159&iacute;ot&aacute;\u010dkov&yacute; potrubn&iacute; ventil&aacute;tor \u0159ady Lineo je vybaven <strong>AC<\/strong> <strong>motorem<\/strong> s <strong>3stup\u0148ovou regulac&iacute; ot&aacute;\u010dek<\/strong> a <strong>kuli\u010dkov&yacute;mi lo\u017eisky<\/strong>. Ur\u010den pro p\u0159ipojen&iacute; potrub&iacute; <strong>&oslash; 250mm<\/strong>. D&iacute;ky sv&yacute;m vlastnostem a konstrukci je vhodn&yacute; pro <strong>del&scaron;&iacute; <\/strong>vzduchotechnick&eacute; potrub&iacute; <strong>s&nbsp;vysokou vlhkost&iacute;<\/strong> &ndash; <strong>kryt&iacute; IPX5<\/strong>. Ob\u011b\u017en&eacute; kolo ventil&aacute;toru je vyv&aacute;\u017eeno p\u0159&iacute;mo na motoru.<\/span><\/span><\/p>\n","protected":false},"featured_media":550643,"template":"","meta":[],"product_cat":[7587,7588,7581,7562],"product_tag":[],"class_list":{"0":"post-543971","1":"product","2":"type-product","3":"status-publish","4":"has-post-thumbnail","6":"product_cat-lineo","7":"product_cat-lineo-lineo","8":"product_cat-potrubni-ventilatory","9":"product_cat-ventilatory","10":"pa_dostupny-tlak-pa-1365-2844-3648","11":"pa_hlucnost-lp-3m-319-395-435","12":"pa_kryti-ipx5","13":"pa_kulickova-loziska-ll-ano","14":"pa_provedeni-potrubni-plastovy","15":"pa_prumer-napojeni-mm-11734","16":"pa_typ-lineo","17":"pa_vzduchovy-vykon-qv-m3-725-1145-1440","18":"pa_znacka-vortice","20":"first","21":"instock","22":"taxable","23":"shipping-taxable","24":"purchasable","25":"product-type-simple"},"yoast_head":"<!-- This site is optimized with the Yoast SEO plugin v23.9 - https:\/\/yoast.com\/wordpress\/plugins\/seo\/ -->\n<title>Ventil\u00e1tor Vortice LINEO 250 (3 ot.) - KLIMAVEX GROUP - \u010cesko<\/title>\n<meta name=\"robots\" content=\"index, follow, max-snippet:-1, max-image-preview:large, max-video-preview:-1\" \/>\n<link rel=\"canonical\" href=\"https:\/\/klimavex.eu\/cz\/katalog\/ventilator-vortice-lineo-250-3-ot\/\" \/>\n<meta property=\"og:locale\" content=\"cs_CZ\" \/>\n<meta property=\"og:type\" content=\"article\" \/>\n<meta property=\"og:title\" content=\"Ventil\u00e1tor Vortice LINEO 250 (3 ot.) - KLIMAVEX GROUP - \u010cesko\" \/>\n<meta property=\"og:description\" content=\"T\u0159&iacute;ot&aacute;\u010dkov&yacute; potrubn&iacute; ventil&aacute;tor \u0159ady Lineo je vybaven AC motorem s 3stup\u0148ovou regulac&iacute; ot&aacute;\u010dek a kuli\u010dkov&yacute;mi lo\u017eisky. Ur\u010den pro p\u0159ipojen&iacute; potrub&iacute; &oslash; 250mm. D&iacute;ky sv&yacute;m vlastnostem a konstrukci je vhodn&yacute; pro del&scaron;&iacute; vzduchotechnick&eacute; potrub&iacute; s&nbsp;vysokou vlhkost&iacute; &ndash; kryt&iacute; IPX5. Ob\u011b\u017en&eacute; kolo ventil&aacute;toru je vyv&aacute;\u017eeno p\u0159&iacute;mo na motoru.\" \/>\n<meta property=\"og:url\" content=\"https:\/\/klimavex.eu\/cz\/katalog\/ventilator-vortice-lineo-250-3-ot\/\" \/>\n<meta property=\"og:site_name\" content=\"KLIMAVEX GROUP - \u010cesko\" \/>\n<meta property=\"article:publisher\" content=\"https:\/\/www.facebook.com\/klimavex.cz\" \/>\n<meta property=\"article:modified_time\" content=\"2026-03-31T16:45:39+00:00\" \/>\n<meta property=\"og:image\" content=\"https:\/\/klimavex.eu\/cz\/wp-content\/uploads\/2025\/09\/mX2FMKo9e7dR7AZAsXpkPwpYX2zqtQpxrXIJ9zdKvn0-1.png\" \/>\n\t<meta property=\"og:image:width\" content=\"572\" \/>\n\t<meta property=\"og:image:height\" content=\"512\" \/>\n\t<meta property=\"og:image:type\" content=\"image\/png\" \/>\n<meta name=\"twitter:card\" content=\"summary_large_image\" \/>\n<meta name=\"twitter:label1\" content=\"Odhadovan\u00e1 doba \u010dten\u00ed\" \/>\n\t<meta name=\"twitter:data1\" content=\"1 minuta\" \/>\n<script type=\"application\/ld+json\" class=\"yoast-schema-graph\">{\"@context\":\"https:\/\/schema.org\",\"@graph\":[{\"@type\":\"WebPage\",\"@id\":\"https:\/\/klimavex.eu\/cz\/katalog\/ventilator-vortice-lineo-250-3-ot\/\",\"url\":\"https:\/\/klimavex.eu\/cz\/katalog\/ventilator-vortice-lineo-250-3-ot\/\",\"name\":\"Ventil\u00e1tor Vortice LINEO 250 (3 ot.) - KLIMAVEX GROUP - \u010cesko\",\"isPartOf\":{\"@id\":\"https:\/\/klimavex.eu\/cz\/#website\"},\"primaryImageOfPage\":{\"@id\":\"https:\/\/klimavex.eu\/cz\/katalog\/ventilator-vortice-lineo-250-3-ot\/#primaryimage\"},\"image\":{\"@id\":\"https:\/\/klimavex.eu\/cz\/katalog\/ventilator-vortice-lineo-250-3-ot\/#primaryimage\"},\"thumbnailUrl\":\"https:\/\/klimavex.eu\/cz\/wp-content\/uploads\/2025\/09\/mX2FMKo9e7dR7AZAsXpkPwpYX2zqtQpxrXIJ9zdKvn0-1.png\",\"datePublished\":\"2026-03-31T16:44:38+00:00\",\"dateModified\":\"2026-03-31T16:45:39+00:00\",\"breadcrumb\":{\"@id\":\"https:\/\/klimavex.eu\/cz\/katalog\/ventilator-vortice-lineo-250-3-ot\/#breadcrumb\"},\"inLanguage\":\"cs\",\"potentialAction\":[{\"@type\":\"ReadAction\",\"target\":[\"https:\/\/klimavex.eu\/cz\/katalog\/ventilator-vortice-lineo-250-3-ot\/\"]}]},{\"@type\":\"ImageObject\",\"inLanguage\":\"cs\",\"@id\":\"https:\/\/klimavex.eu\/cz\/katalog\/ventilator-vortice-lineo-250-3-ot\/#primaryimage\",\"url\":\"https:\/\/klimavex.eu\/cz\/wp-content\/uploads\/2025\/09\/mX2FMKo9e7dR7AZAsXpkPwpYX2zqtQpxrXIJ9zdKvn0-1.png\",\"contentUrl\":\"https:\/\/klimavex.eu\/cz\/wp-content\/uploads\/2025\/09\/mX2FMKo9e7dR7AZAsXpkPwpYX2zqtQpxrXIJ9zdKvn0-1.png\",\"width\":572,\"height\":512},{\"@type\":\"BreadcrumbList\",\"@id\":\"https:\/\/klimavex.eu\/cz\/katalog\/ventilator-vortice-lineo-250-3-ot\/#breadcrumb\",\"itemListElement\":[{\"@type\":\"ListItem\",\"position\":1,\"name\":\"Domovsk\u00e1 str\u00e1nka\",\"item\":\"https:\/\/klimavex.eu\/cz\/\"},{\"@type\":\"ListItem\",\"position\":2,\"name\":\"Eshop\",\"item\":\"https:\/\/klimavex.eu\/cz\/eshop\/\"},{\"@type\":\"ListItem\",\"position\":3,\"name\":\"Ventil\u00e1tor Vortice LINEO 250 (3 ot.)\"}]},{\"@type\":\"WebSite\",\"@id\":\"https:\/\/klimavex.eu\/cz\/#website\",\"url\":\"https:\/\/klimavex.eu\/cz\/\",\"name\":\"KLIMAVEX GROUP - \u010cesko\",\"description\":\"\",\"publisher\":{\"@id\":\"https:\/\/klimavex.eu\/cz\/#organization\"},\"alternateName\":\"KLIMAVEX CZ a.s.\",\"potentialAction\":[{\"@type\":\"SearchAction\",\"target\":{\"@type\":\"EntryPoint\",\"urlTemplate\":\"https:\/\/klimavex.eu\/cz\/?s={search_term_string}\"},\"query-input\":{\"@type\":\"PropertyValueSpecification\",\"valueRequired\":true,\"valueName\":\"search_term_string\"}}],\"inLanguage\":\"cs\"},{\"@type\":\"Organization\",\"@id\":\"https:\/\/klimavex.eu\/cz\/#organization\",\"name\":\"KLIMAVEX GROUP\",\"alternateName\":\"KLIMAVEX\",\"url\":\"https:\/\/klimavex.eu\/cz\/\",\"logo\":{\"@type\":\"ImageObject\",\"inLanguage\":\"cs\",\"@id\":\"https:\/\/klimavex.eu\/cz\/#\/schema\/logo\/image\/\",\"url\":\"https:\/\/klimavex.eu\/cz\/wp-content\/uploads\/2024\/04\/Klimavex-Group-logo.png\",\"contentUrl\":\"https:\/\/klimavex.eu\/cz\/wp-content\/uploads\/2024\/04\/Klimavex-Group-logo.png\",\"width\":1681,\"height\":472,\"caption\":\"KLIMAVEX GROUP\"},\"image\":{\"@id\":\"https:\/\/klimavex.eu\/cz\/#\/schema\/logo\/image\/\"},\"sameAs\":[\"https:\/\/www.facebook.com\/klimavex.cz\",\"https:\/\/www.instagram.com\/klimavex_cz\/\"]}]}<\/script>\n<!-- \/ Yoast SEO plugin. -->","yoast_head_json":{"title":"Ventil\u00e1tor Vortice LINEO 250 (3 ot.) - KLIMAVEX GROUP - \u010cesko","robots":{"index":"index","follow":"follow","max-snippet":"max-snippet:-1","max-image-preview":"max-image-preview:large","max-video-preview":"max-video-preview:-1"},"canonical":"https:\/\/klimavex.eu\/cz\/katalog\/ventilator-vortice-lineo-250-3-ot\/","og_locale":"cs_CZ","og_type":"article","og_title":"Ventil\u00e1tor Vortice LINEO 250 (3 ot.) - KLIMAVEX GROUP - \u010cesko","og_description":"T\u0159&iacute;ot&aacute;\u010dkov&yacute; potrubn&iacute; ventil&aacute;tor \u0159ady Lineo je vybaven AC motorem s 3stup\u0148ovou regulac&iacute; ot&aacute;\u010dek a kuli\u010dkov&yacute;mi lo\u017eisky. Ur\u010den pro p\u0159ipojen&iacute; potrub&iacute; &oslash; 250mm. D&iacute;ky sv&yacute;m vlastnostem a konstrukci je vhodn&yacute; pro del&scaron;&iacute; vzduchotechnick&eacute; potrub&iacute; s&nbsp;vysokou vlhkost&iacute; &ndash; kryt&iacute; IPX5. Ob\u011b\u017en&eacute; kolo ventil&aacute;toru je vyv&aacute;\u017eeno p\u0159&iacute;mo na motoru.","og_url":"https:\/\/klimavex.eu\/cz\/katalog\/ventilator-vortice-lineo-250-3-ot\/","og_site_name":"KLIMAVEX GROUP - \u010cesko","article_publisher":"https:\/\/www.facebook.com\/klimavex.cz","article_modified_time":"2026-03-31T16:45:39+00:00","og_image":[{"width":572,"height":512,"url":"https:\/\/klimavex.eu\/cz\/wp-content\/uploads\/2025\/09\/mX2FMKo9e7dR7AZAsXpkPwpYX2zqtQpxrXIJ9zdKvn0-1.png","type":"image\/png"}],"twitter_card":"summary_large_image","twitter_misc":{"Odhadovan\u00e1 doba \u010dten\u00ed":"1 minuta"},"schema":{"@context":"https:\/\/schema.org","@graph":[{"@type":"WebPage","@id":"https:\/\/klimavex.eu\/cz\/katalog\/ventilator-vortice-lineo-250-3-ot\/","url":"https:\/\/klimavex.eu\/cz\/katalog\/ventilator-vortice-lineo-250-3-ot\/","name":"Ventil\u00e1tor Vortice LINEO 250 (3 ot.) - KLIMAVEX GROUP - \u010cesko","isPartOf":{"@id":"https:\/\/klimavex.eu\/cz\/#website"},"primaryImageOfPage":{"@id":"https:\/\/klimavex.eu\/cz\/katalog\/ventilator-vortice-lineo-250-3-ot\/#primaryimage"},"image":{"@id":"https:\/\/klimavex.eu\/cz\/katalog\/ventilator-vortice-lineo-250-3-ot\/#primaryimage"},"thumbnailUrl":"https:\/\/klimavex.eu\/cz\/wp-content\/uploads\/2025\/09\/mX2FMKo9e7dR7AZAsXpkPwpYX2zqtQpxrXIJ9zdKvn0-1.png","datePublished":"2026-03-31T16:44:38+00:00","dateModified":"2026-03-31T16:45:39+00:00","breadcrumb":{"@id":"https:\/\/klimavex.eu\/cz\/katalog\/ventilator-vortice-lineo-250-3-ot\/#breadcrumb"},"inLanguage":"cs","potentialAction":[{"@type":"ReadAction","target":["https:\/\/klimavex.eu\/cz\/katalog\/ventilator-vortice-lineo-250-3-ot\/"]}]},{"@type":"ImageObject","inLanguage":"cs","@id":"https:\/\/klimavex.eu\/cz\/katalog\/ventilator-vortice-lineo-250-3-ot\/#primaryimage","url":"https:\/\/klimavex.eu\/cz\/wp-content\/uploads\/2025\/09\/mX2FMKo9e7dR7AZAsXpkPwpYX2zqtQpxrXIJ9zdKvn0-1.png","contentUrl":"https:\/\/klimavex.eu\/cz\/wp-content\/uploads\/2025\/09\/mX2FMKo9e7dR7AZAsXpkPwpYX2zqtQpxrXIJ9zdKvn0-1.png","width":572,"height":512},{"@type":"BreadcrumbList","@id":"https:\/\/klimavex.eu\/cz\/katalog\/ventilator-vortice-lineo-250-3-ot\/#breadcrumb","itemListElement":[{"@type":"ListItem","position":1,"name":"Domovsk\u00e1 str\u00e1nka","item":"https:\/\/klimavex.eu\/cz\/"},{"@type":"ListItem","position":2,"name":"Eshop","item":"https:\/\/klimavex.eu\/cz\/eshop\/"},{"@type":"ListItem","position":3,"name":"Ventil\u00e1tor Vortice LINEO 250 (3 ot.)"}]},{"@type":"WebSite","@id":"https:\/\/klimavex.eu\/cz\/#website","url":"https:\/\/klimavex.eu\/cz\/","name":"KLIMAVEX GROUP - \u010cesko","description":"","publisher":{"@id":"https:\/\/klimavex.eu\/cz\/#organization"},"alternateName":"KLIMAVEX CZ a.s.","potentialAction":[{"@type":"SearchAction","target":{"@type":"EntryPoint","urlTemplate":"https:\/\/klimavex.eu\/cz\/?s={search_term_string}"},"query-input":{"@type":"PropertyValueSpecification","valueRequired":true,"valueName":"search_term_string"}}],"inLanguage":"cs"},{"@type":"Organization","@id":"https:\/\/klimavex.eu\/cz\/#organization","name":"KLIMAVEX GROUP","alternateName":"KLIMAVEX","url":"https:\/\/klimavex.eu\/cz\/","logo":{"@type":"ImageObject","inLanguage":"cs","@id":"https:\/\/klimavex.eu\/cz\/#\/schema\/logo\/image\/","url":"https:\/\/klimavex.eu\/cz\/wp-content\/uploads\/2024\/04\/Klimavex-Group-logo.png","contentUrl":"https:\/\/klimavex.eu\/cz\/wp-content\/uploads\/2024\/04\/Klimavex-Group-logo.png","width":1681,"height":472,"caption":"KLIMAVEX GROUP"},"image":{"@id":"https:\/\/klimavex.eu\/cz\/#\/schema\/logo\/image\/"},"sameAs":["https:\/\/www.facebook.com\/klimavex.cz","https:\/\/www.instagram.com\/klimavex_cz\/"]}]}},"_links":{"self":[{"href":"https:\/\/klimavex.eu\/cz\/wp-json\/wp\/v2\/product\/543971","targetHints":{"allow":["GET"]}}],"collection":[{"href":"https:\/\/klimavex.eu\/cz\/wp-json\/wp\/v2\/product"}],"about":[{"href":"https:\/\/klimavex.eu\/cz\/wp-json\/wp\/v2\/types\/product"}],"version-history":[{"count":0,"href":"https:\/\/klimavex.eu\/cz\/wp-json\/wp\/v2\/product\/543971\/revisions"}],"wp:featuredmedia":[{"embeddable":true,"href":"https:\/\/klimavex.eu\/cz\/wp-json\/wp\/v2\/media\/550643"}],"wp:attachment":[{"href":"https:\/\/klimavex.eu\/cz\/wp-json\/wp\/v2\/media?parent=543971"}],"wp:term":[{"taxonomy":"product_cat","embeddable":true,"href":"https:\/\/klimavex.eu\/cz\/wp-json\/wp\/v2\/product_cat?post=543971"},{"taxonomy":"product_tag","embeddable":true,"href":"https:\/\/klimavex.eu\/cz\/wp-json\/wp\/v2\/product_tag?post=543971"}],"curies":[{"name":"wp","href":"https:\/\/api.w.org\/{rel}","templated":true}]}}