{"id":543983,"date":"2026-03-31T18:45:47","date_gmt":"2026-03-31T16:45:47","guid":{"rendered":"https:\/\/klimavex.eu\/cz\/katalog\/vortice-dpu-400-vymezovaci-ram-pro-montaz-na-tenkou-stenu\/"},"modified":"2026-03-31T18:45:57","modified_gmt":"2026-03-31T16:45:57","slug":"vortice-dpu-400-vymezovaci-ram-pro-montaz-na-tenkou-stenu","status":"publish","type":"product","link":"https:\/\/klimavex.eu\/cz\/katalog\/vortice-dpu-400-vymezovaci-ram-pro-montaz-na-tenkou-stenu\/","title":{"rendered":"Vortice DPU 400 (vymezovac\u00ed r\u00e1m pro mont\u00e1\u017e na tenkou st\u011bnu)"},"content":{"rendered":"","protected":false},"excerpt":{"rendered":"<p style=\"margin-left:0cm;text-align:justify;\"><span style=\"font-family:Calibri, sans-serif;font-size:11pt;\">Vymezovac\u00ed r\u00e1m pro mont\u00e1\u017e na tenkou st\u011bnu. Obzvl\u00e1\u0161t\u011b u\u017eite\u010dn\u00fd v p\u0159\u00edpad\u011b m\u0159\u00ed\u017eek, rolet atp.<\/span><\/p>\n<p style=\"margin-left:0cm;text-align:justify;\"><span style=\"font-family:Calibri, sans-serif;font-size:11pt;\"><strong>Dostupnost<\/strong>: Obvykl\u00e9 dod\u00e1n\u00ed 2-3 t\u00fddny.<\/span><\/p>\n","protected":false},"featured_media":550689,"template":"","meta":[],"product_cat":[7605],"product_tag":[],"class_list":{"0":"post-543983","1":"product","2":"type-product","3":"status-publish","4":"has-post-thumbnail","6":"product_cat-prislusenstvi-ventilatory","7":"pa_typ-prislusenstvi","8":"pa_znacka-vortice","10":"first","11":"instock","12":"taxable","13":"shipping-taxable","14":"purchasable","15":"product-type-simple"},"yoast_head":"<!-- This site is optimized with the Yoast SEO plugin v23.9 - https:\/\/yoast.com\/wordpress\/plugins\/seo\/ -->\n<title>Vortice DPU 400 (vymezovac\u00ed r\u00e1m pro mont\u00e1\u017e na tenkou st\u011bnu) - KLIMAVEX GROUP - \u010cesko<\/title>\n<meta name=\"robots\" content=\"index, follow, max-snippet:-1, max-image-preview:large, max-video-preview:-1\" \/>\n<link rel=\"canonical\" href=\"https:\/\/klimavex.eu\/cz\/katalog\/vortice-dpu-400-vymezovaci-ram-pro-montaz-na-tenkou-stenu\/\" \/>\n<meta property=\"og:locale\" content=\"cs_CZ\" \/>\n<meta property=\"og:type\" content=\"article\" \/>\n<meta property=\"og:title\" content=\"Vortice DPU 400 (vymezovac\u00ed r\u00e1m pro mont\u00e1\u017e na tenkou st\u011bnu) - KLIMAVEX GROUP - \u010cesko\" \/>\n<meta property=\"og:description\" content=\"Vymezovac\u00ed r\u00e1m pro mont\u00e1\u017e na tenkou st\u011bnu. Obzvl\u00e1\u0161t\u011b u\u017eite\u010dn\u00fd v p\u0159\u00edpad\u011b m\u0159\u00ed\u017eek, rolet atp. Dostupnost: Obvykl\u00e9 dod\u00e1n\u00ed 2-3 t\u00fddny.\" \/>\n<meta property=\"og:url\" content=\"https:\/\/klimavex.eu\/cz\/katalog\/vortice-dpu-400-vymezovaci-ram-pro-montaz-na-tenkou-stenu\/\" \/>\n<meta property=\"og:site_name\" content=\"KLIMAVEX GROUP - \u010cesko\" \/>\n<meta property=\"article:publisher\" content=\"https:\/\/www.facebook.com\/klimavex.cz\" \/>\n<meta property=\"article:modified_time\" content=\"2026-03-31T16:45:57+00:00\" \/>\n<meta property=\"og:image\" content=\"https:\/\/klimavex.eu\/cz\/wp-content\/uploads\/2025\/09\/iVUpO2-v8__EoAR9a-F1Ys_3B8ov_CHodq1fFf6zoY4.png\" \/>\n\t<meta property=\"og:image:width\" content=\"572\" \/>\n\t<meta property=\"og:image:height\" content=\"512\" \/>\n\t<meta property=\"og:image:type\" content=\"image\/png\" \/>\n<meta name=\"twitter:card\" content=\"summary_large_image\" \/>\n<script type=\"application\/ld+json\" class=\"yoast-schema-graph\">{\"@context\":\"https:\/\/schema.org\",\"@graph\":[{\"@type\":\"WebPage\",\"@id\":\"https:\/\/klimavex.eu\/cz\/katalog\/vortice-dpu-400-vymezovaci-ram-pro-montaz-na-tenkou-stenu\/\",\"url\":\"https:\/\/klimavex.eu\/cz\/katalog\/vortice-dpu-400-vymezovaci-ram-pro-montaz-na-tenkou-stenu\/\",\"name\":\"Vortice DPU 400 (vymezovac\u00ed r\u00e1m pro mont\u00e1\u017e na tenkou st\u011bnu) - KLIMAVEX GROUP - \u010cesko\",\"isPartOf\":{\"@id\":\"https:\/\/klimavex.eu\/cz\/#website\"},\"primaryImageOfPage\":{\"@id\":\"https:\/\/klimavex.eu\/cz\/katalog\/vortice-dpu-400-vymezovaci-ram-pro-montaz-na-tenkou-stenu\/#primaryimage\"},\"image\":{\"@id\":\"https:\/\/klimavex.eu\/cz\/katalog\/vortice-dpu-400-vymezovaci-ram-pro-montaz-na-tenkou-stenu\/#primaryimage\"},\"thumbnailUrl\":\"https:\/\/klimavex.eu\/cz\/wp-content\/uploads\/2025\/09\/iVUpO2-v8__EoAR9a-F1Ys_3B8ov_CHodq1fFf6zoY4.png\",\"datePublished\":\"2026-03-31T16:45:47+00:00\",\"dateModified\":\"2026-03-31T16:45:57+00:00\",\"breadcrumb\":{\"@id\":\"https:\/\/klimavex.eu\/cz\/katalog\/vortice-dpu-400-vymezovaci-ram-pro-montaz-na-tenkou-stenu\/#breadcrumb\"},\"inLanguage\":\"cs\",\"potentialAction\":[{\"@type\":\"ReadAction\",\"target\":[\"https:\/\/klimavex.eu\/cz\/katalog\/vortice-dpu-400-vymezovaci-ram-pro-montaz-na-tenkou-stenu\/\"]}]},{\"@type\":\"ImageObject\",\"inLanguage\":\"cs\",\"@id\":\"https:\/\/klimavex.eu\/cz\/katalog\/vortice-dpu-400-vymezovaci-ram-pro-montaz-na-tenkou-stenu\/#primaryimage\",\"url\":\"https:\/\/klimavex.eu\/cz\/wp-content\/uploads\/2025\/09\/iVUpO2-v8__EoAR9a-F1Ys_3B8ov_CHodq1fFf6zoY4.png\",\"contentUrl\":\"https:\/\/klimavex.eu\/cz\/wp-content\/uploads\/2025\/09\/iVUpO2-v8__EoAR9a-F1Ys_3B8ov_CHodq1fFf6zoY4.png\",\"width\":572,\"height\":512},{\"@type\":\"BreadcrumbList\",\"@id\":\"https:\/\/klimavex.eu\/cz\/katalog\/vortice-dpu-400-vymezovaci-ram-pro-montaz-na-tenkou-stenu\/#breadcrumb\",\"itemListElement\":[{\"@type\":\"ListItem\",\"position\":1,\"name\":\"Domovsk\u00e1 str\u00e1nka\",\"item\":\"https:\/\/klimavex.eu\/cz\/\"},{\"@type\":\"ListItem\",\"position\":2,\"name\":\"Eshop\",\"item\":\"https:\/\/klimavex.eu\/cz\/eshop\/\"},{\"@type\":\"ListItem\",\"position\":3,\"name\":\"Vortice DPU 400 (vymezovac\u00ed r\u00e1m pro mont\u00e1\u017e na tenkou st\u011bnu)\"}]},{\"@type\":\"WebSite\",\"@id\":\"https:\/\/klimavex.eu\/cz\/#website\",\"url\":\"https:\/\/klimavex.eu\/cz\/\",\"name\":\"KLIMAVEX GROUP - \u010cesko\",\"description\":\"\",\"publisher\":{\"@id\":\"https:\/\/klimavex.eu\/cz\/#organization\"},\"alternateName\":\"KLIMAVEX CZ a.s.\",\"potentialAction\":[{\"@type\":\"SearchAction\",\"target\":{\"@type\":\"EntryPoint\",\"urlTemplate\":\"https:\/\/klimavex.eu\/cz\/?s={search_term_string}\"},\"query-input\":{\"@type\":\"PropertyValueSpecification\",\"valueRequired\":true,\"valueName\":\"search_term_string\"}}],\"inLanguage\":\"cs\"},{\"@type\":\"Organization\",\"@id\":\"https:\/\/klimavex.eu\/cz\/#organization\",\"name\":\"KLIMAVEX GROUP\",\"alternateName\":\"KLIMAVEX\",\"url\":\"https:\/\/klimavex.eu\/cz\/\",\"logo\":{\"@type\":\"ImageObject\",\"inLanguage\":\"cs\",\"@id\":\"https:\/\/klimavex.eu\/cz\/#\/schema\/logo\/image\/\",\"url\":\"https:\/\/klimavex.eu\/cz\/wp-content\/uploads\/2024\/04\/Klimavex-Group-logo.png\",\"contentUrl\":\"https:\/\/klimavex.eu\/cz\/wp-content\/uploads\/2024\/04\/Klimavex-Group-logo.png\",\"width\":1681,\"height\":472,\"caption\":\"KLIMAVEX GROUP\"},\"image\":{\"@id\":\"https:\/\/klimavex.eu\/cz\/#\/schema\/logo\/image\/\"},\"sameAs\":[\"https:\/\/www.facebook.com\/klimavex.cz\",\"https:\/\/www.instagram.com\/klimavex_cz\/\"]}]}<\/script>\n<!-- \/ Yoast SEO plugin. -->","yoast_head_json":{"title":"Vortice DPU 400 (vymezovac\u00ed r\u00e1m pro mont\u00e1\u017e na tenkou st\u011bnu) - KLIMAVEX GROUP - \u010cesko","robots":{"index":"index","follow":"follow","max-snippet":"max-snippet:-1","max-image-preview":"max-image-preview:large","max-video-preview":"max-video-preview:-1"},"canonical":"https:\/\/klimavex.eu\/cz\/katalog\/vortice-dpu-400-vymezovaci-ram-pro-montaz-na-tenkou-stenu\/","og_locale":"cs_CZ","og_type":"article","og_title":"Vortice DPU 400 (vymezovac\u00ed r\u00e1m pro mont\u00e1\u017e na tenkou st\u011bnu) - KLIMAVEX GROUP - \u010cesko","og_description":"Vymezovac\u00ed r\u00e1m pro mont\u00e1\u017e na tenkou st\u011bnu. Obzvl\u00e1\u0161t\u011b u\u017eite\u010dn\u00fd v p\u0159\u00edpad\u011b m\u0159\u00ed\u017eek, rolet atp. Dostupnost: Obvykl\u00e9 dod\u00e1n\u00ed 2-3 t\u00fddny.","og_url":"https:\/\/klimavex.eu\/cz\/katalog\/vortice-dpu-400-vymezovaci-ram-pro-montaz-na-tenkou-stenu\/","og_site_name":"KLIMAVEX GROUP - \u010cesko","article_publisher":"https:\/\/www.facebook.com\/klimavex.cz","article_modified_time":"2026-03-31T16:45:57+00:00","og_image":[{"width":572,"height":512,"url":"https:\/\/klimavex.eu\/cz\/wp-content\/uploads\/2025\/09\/iVUpO2-v8__EoAR9a-F1Ys_3B8ov_CHodq1fFf6zoY4.png","type":"image\/png"}],"twitter_card":"summary_large_image","schema":{"@context":"https:\/\/schema.org","@graph":[{"@type":"WebPage","@id":"https:\/\/klimavex.eu\/cz\/katalog\/vortice-dpu-400-vymezovaci-ram-pro-montaz-na-tenkou-stenu\/","url":"https:\/\/klimavex.eu\/cz\/katalog\/vortice-dpu-400-vymezovaci-ram-pro-montaz-na-tenkou-stenu\/","name":"Vortice DPU 400 (vymezovac\u00ed r\u00e1m pro mont\u00e1\u017e na tenkou st\u011bnu) - KLIMAVEX GROUP - \u010cesko","isPartOf":{"@id":"https:\/\/klimavex.eu\/cz\/#website"},"primaryImageOfPage":{"@id":"https:\/\/klimavex.eu\/cz\/katalog\/vortice-dpu-400-vymezovaci-ram-pro-montaz-na-tenkou-stenu\/#primaryimage"},"image":{"@id":"https:\/\/klimavex.eu\/cz\/katalog\/vortice-dpu-400-vymezovaci-ram-pro-montaz-na-tenkou-stenu\/#primaryimage"},"thumbnailUrl":"https:\/\/klimavex.eu\/cz\/wp-content\/uploads\/2025\/09\/iVUpO2-v8__EoAR9a-F1Ys_3B8ov_CHodq1fFf6zoY4.png","datePublished":"2026-03-31T16:45:47+00:00","dateModified":"2026-03-31T16:45:57+00:00","breadcrumb":{"@id":"https:\/\/klimavex.eu\/cz\/katalog\/vortice-dpu-400-vymezovaci-ram-pro-montaz-na-tenkou-stenu\/#breadcrumb"},"inLanguage":"cs","potentialAction":[{"@type":"ReadAction","target":["https:\/\/klimavex.eu\/cz\/katalog\/vortice-dpu-400-vymezovaci-ram-pro-montaz-na-tenkou-stenu\/"]}]},{"@type":"ImageObject","inLanguage":"cs","@id":"https:\/\/klimavex.eu\/cz\/katalog\/vortice-dpu-400-vymezovaci-ram-pro-montaz-na-tenkou-stenu\/#primaryimage","url":"https:\/\/klimavex.eu\/cz\/wp-content\/uploads\/2025\/09\/iVUpO2-v8__EoAR9a-F1Ys_3B8ov_CHodq1fFf6zoY4.png","contentUrl":"https:\/\/klimavex.eu\/cz\/wp-content\/uploads\/2025\/09\/iVUpO2-v8__EoAR9a-F1Ys_3B8ov_CHodq1fFf6zoY4.png","width":572,"height":512},{"@type":"BreadcrumbList","@id":"https:\/\/klimavex.eu\/cz\/katalog\/vortice-dpu-400-vymezovaci-ram-pro-montaz-na-tenkou-stenu\/#breadcrumb","itemListElement":[{"@type":"ListItem","position":1,"name":"Domovsk\u00e1 str\u00e1nka","item":"https:\/\/klimavex.eu\/cz\/"},{"@type":"ListItem","position":2,"name":"Eshop","item":"https:\/\/klimavex.eu\/cz\/eshop\/"},{"@type":"ListItem","position":3,"name":"Vortice DPU 400 (vymezovac\u00ed r\u00e1m pro mont\u00e1\u017e na tenkou st\u011bnu)"}]},{"@type":"WebSite","@id":"https:\/\/klimavex.eu\/cz\/#website","url":"https:\/\/klimavex.eu\/cz\/","name":"KLIMAVEX GROUP - \u010cesko","description":"","publisher":{"@id":"https:\/\/klimavex.eu\/cz\/#organization"},"alternateName":"KLIMAVEX CZ a.s.","potentialAction":[{"@type":"SearchAction","target":{"@type":"EntryPoint","urlTemplate":"https:\/\/klimavex.eu\/cz\/?s={search_term_string}"},"query-input":{"@type":"PropertyValueSpecification","valueRequired":true,"valueName":"search_term_string"}}],"inLanguage":"cs"},{"@type":"Organization","@id":"https:\/\/klimavex.eu\/cz\/#organization","name":"KLIMAVEX GROUP","alternateName":"KLIMAVEX","url":"https:\/\/klimavex.eu\/cz\/","logo":{"@type":"ImageObject","inLanguage":"cs","@id":"https:\/\/klimavex.eu\/cz\/#\/schema\/logo\/image\/","url":"https:\/\/klimavex.eu\/cz\/wp-content\/uploads\/2024\/04\/Klimavex-Group-logo.png","contentUrl":"https:\/\/klimavex.eu\/cz\/wp-content\/uploads\/2024\/04\/Klimavex-Group-logo.png","width":1681,"height":472,"caption":"KLIMAVEX GROUP"},"image":{"@id":"https:\/\/klimavex.eu\/cz\/#\/schema\/logo\/image\/"},"sameAs":["https:\/\/www.facebook.com\/klimavex.cz","https:\/\/www.instagram.com\/klimavex_cz\/"]}]}},"_links":{"self":[{"href":"https:\/\/klimavex.eu\/cz\/wp-json\/wp\/v2\/product\/543983","targetHints":{"allow":["GET"]}}],"collection":[{"href":"https:\/\/klimavex.eu\/cz\/wp-json\/wp\/v2\/product"}],"about":[{"href":"https:\/\/klimavex.eu\/cz\/wp-json\/wp\/v2\/types\/product"}],"version-history":[{"count":0,"href":"https:\/\/klimavex.eu\/cz\/wp-json\/wp\/v2\/product\/543983\/revisions"}],"wp:featuredmedia":[{"embeddable":true,"href":"https:\/\/klimavex.eu\/cz\/wp-json\/wp\/v2\/media\/550689"}],"wp:attachment":[{"href":"https:\/\/klimavex.eu\/cz\/wp-json\/wp\/v2\/media?parent=543983"}],"wp:term":[{"taxonomy":"product_cat","embeddable":true,"href":"https:\/\/klimavex.eu\/cz\/wp-json\/wp\/v2\/product_cat?post=543983"},{"taxonomy":"product_tag","embeddable":true,"href":"https:\/\/klimavex.eu\/cz\/wp-json\/wp\/v2\/product_tag?post=543983"}],"curies":[{"name":"wp","href":"https:\/\/api.w.org\/{rel}","templated":true}]}}