{"id":543987,"date":"2026-04-08T21:04:50","date_gmt":"2026-04-08T19:04:50","guid":{"rendered":"https:\/\/klimavex.eu\/cz\/katalog\/ventilator-vortice-c-31-4-t-e\/"},"modified":"2026-04-08T21:05:27","modified_gmt":"2026-04-08T19:05:27","slug":"ventilator-vortice-c-31-4-t-e","status":"publish","type":"product","link":"https:\/\/klimavex.eu\/cz\/katalog\/ventilator-vortice-c-31-4-t-e\/","title":{"rendered":"Ventil\u00e1tor Vortice C 31\/4 T E"},"content":{"rendered":"<p style=\"text-align: justify;\"><strong>Kl&iacute;\u010dov&eacute; vlastnosti:<\/strong><\/p>\n<ul>\n<li style=\"text-align: justify;\">Aerodynamicky vytvarovan&yacute; sac&iacute; a v&yacute;fukov&yacute; otvor pro minimalizaci turbulenc&iacute; a n&iacute;zkou &uacute;rove\u0148 hlu\u010dnosti.<\/li>\n<li style=\"text-align: justify;\">Spir&aacute;lov&aacute; sk\u0159&iacute;\u0148 ventil&aacute;toru vyroben&aacute; z oceli s dvojit&yacute;m povrchov&yacute;m polyesterov&yacute;m n&aacute;t\u011brem pro dlouhodobou \u017eivotnost.<\/li>\n<li style=\"text-align: justify;\">AC motor s kuli\u010dkov&yacute;mi lo\u017eisky (kter&eacute; zaji&scaron;\u0165uj&iacute; dlouhou \u017eivotnost a bezporuchovou provoz ventil&aacute;toru po dobu 30 000 hodin).<\/li>\n<li style=\"text-align: justify;\">Vrtule z pozinkovan&eacute;ho plechu s dop\u0159edu zahnut&yacute;mi lopatkami.<\/li>\n<li style=\"text-align: justify;\">Vhodn&yacute; pro ods&aacute;v&aacute;n&iacute; nepra&scaron;n&eacute;, neagresivn&iacute; a nekorozevotvorn&eacute; vzdu&scaron;niny bez kyselin.<\/li>\n<li style=\"text-align: justify;\">Orientaci (nasm\u011brov&aacute;n&iacute;) v&yacute;fukov&eacute;ho otvoru v rozsahu 0&deg; &#8211; 315&deg; lze prov&eacute;st p\u0159&iacute;mo na m&iacute;st\u011b instalace.<\/li>\n<li style=\"text-align: justify;\">Nevhodn&eacute; k regulaci ot&aacute;\u010dek.<\/li>\n<li style=\"text-align: justify;\">Za\u0159&iacute;zen&iacute; mus&iacute; b&yacute;t uzemn\u011bno.<\/li>\n<\/ul>\n","protected":false},"excerpt":{"rendered":"<p style=\"text-align: justify;\"><strong>T\u0159&iacute;f&aacute;zov&yacute; radi&aacute;ln&iacute; <\/strong>ods&aacute;vac&iacute; ventil&aacute;tor Vortice C E s mo\u017enost&iacute; <strong>napojen&iacute; na potrub&iacute;. <\/strong>Vhodn&yacute; pro mont&aacute;\u017e na st\u011bny <strong>obytn&yacute;ch, komer\u010dn&iacute;ch <\/strong>a <strong>pr\u016fmyslov&yacute;ch objekt\u016f <\/strong>(gar&aacute;\u017ee, parkovi&scaron;t\u011b, nemocnice, sklady, kancel&aacute;\u0159e, t\u011blocvi\u010dny aj.) pro ods&aacute;n&iacute; nepra&scaron;n&eacute;ho, neagresivn&iacute;ho a nekorozetvorn&eacute;ho vzduchu bez kyselin.<\/p>\n","protected":false},"featured_media":550703,"template":"","meta":[],"product_cat":[10775,10769,10776],"product_tag":[],"class_list":{"0":"post-543987","1":"product","2":"type-product","3":"status-publish","4":"has-post-thumbnail","6":"product_cat-ventilatory-archivovane-produkty","7":"product_cat-archivovane-produkty","8":"product_cat-archivovane-produkty-ventilatory","9":"pa_dostupny-tlak-pa-13206","10":"pa_hlucnost-lp-3m-13149","11":"pa_kryti-ip55","12":"pa_label-archivovany","13":"pa_provedeni-radialni","14":"pa_typ-c","15":"pa_vzduchovy-vykon-qv-m3-13205","16":"pa_znacka-vortice","18":"first","19":"outofstock","20":"taxable","21":"shipping-taxable","22":"purchasable","23":"product-type-simple"},"yoast_head":"<!-- This site is optimized with the Yoast SEO plugin v23.9 - https:\/\/yoast.com\/wordpress\/plugins\/seo\/ -->\n<title>Ventil\u00e1tor Vortice C 31\/4 T E - KLIMAVEX GROUP - \u010cesko<\/title>\n<meta name=\"robots\" content=\"index, follow, max-snippet:-1, max-image-preview:large, max-video-preview:-1\" \/>\n<link rel=\"canonical\" href=\"https:\/\/klimavex.eu\/cz\/katalog\/ventilator-vortice-c-31-4-t-e\/\" \/>\n<meta property=\"og:locale\" content=\"cs_CZ\" \/>\n<meta property=\"og:type\" content=\"article\" \/>\n<meta property=\"og:title\" content=\"Ventil\u00e1tor Vortice C 31\/4 T E - KLIMAVEX GROUP - \u010cesko\" \/>\n<meta property=\"og:description\" content=\"T\u0159&iacute;f&aacute;zov&yacute; radi&aacute;ln&iacute; ods&aacute;vac&iacute; ventil&aacute;tor Vortice C E s mo\u017enost&iacute; napojen&iacute; na potrub&iacute;. Vhodn&yacute; pro mont&aacute;\u017e na st\u011bny obytn&yacute;ch, komer\u010dn&iacute;ch a pr\u016fmyslov&yacute;ch objekt\u016f (gar&aacute;\u017ee, parkovi&scaron;t\u011b, nemocnice, sklady, kancel&aacute;\u0159e, t\u011blocvi\u010dny aj.) pro ods&aacute;n&iacute; nepra&scaron;n&eacute;ho, neagresivn&iacute;ho a nekorozetvorn&eacute;ho vzduchu bez kyselin.\" \/>\n<meta property=\"og:url\" content=\"https:\/\/klimavex.eu\/cz\/katalog\/ventilator-vortice-c-31-4-t-e\/\" \/>\n<meta property=\"og:site_name\" content=\"KLIMAVEX GROUP - \u010cesko\" \/>\n<meta property=\"article:publisher\" content=\"https:\/\/www.facebook.com\/klimavex.cz\" \/>\n<meta property=\"article:modified_time\" content=\"2026-04-08T19:05:27+00:00\" \/>\n<meta property=\"og:image\" content=\"https:\/\/klimavex.eu\/cz\/wp-content\/uploads\/2025\/09\/6VjNbcvUT-02umUgydmiwbAhfPkUBCeqH74ep7T9X3E-5.png\" \/>\n\t<meta property=\"og:image:width\" content=\"572\" \/>\n\t<meta property=\"og:image:height\" content=\"512\" \/>\n\t<meta property=\"og:image:type\" content=\"image\/png\" \/>\n<meta name=\"twitter:card\" content=\"summary_large_image\" \/>\n<meta name=\"twitter:label1\" content=\"Odhadovan\u00e1 doba \u010dten\u00ed\" \/>\n\t<meta name=\"twitter:data1\" content=\"1 minuta\" \/>\n<script type=\"application\/ld+json\" class=\"yoast-schema-graph\">{\"@context\":\"https:\/\/schema.org\",\"@graph\":[{\"@type\":\"WebPage\",\"@id\":\"https:\/\/klimavex.eu\/cz\/katalog\/ventilator-vortice-c-31-4-t-e\/\",\"url\":\"https:\/\/klimavex.eu\/cz\/katalog\/ventilator-vortice-c-31-4-t-e\/\",\"name\":\"Ventil\u00e1tor Vortice C 31\/4 T E - KLIMAVEX GROUP - \u010cesko\",\"isPartOf\":{\"@id\":\"https:\/\/klimavex.eu\/cz\/#website\"},\"primaryImageOfPage\":{\"@id\":\"https:\/\/klimavex.eu\/cz\/katalog\/ventilator-vortice-c-31-4-t-e\/#primaryimage\"},\"image\":{\"@id\":\"https:\/\/klimavex.eu\/cz\/katalog\/ventilator-vortice-c-31-4-t-e\/#primaryimage\"},\"thumbnailUrl\":\"https:\/\/klimavex.eu\/cz\/wp-content\/uploads\/2025\/09\/6VjNbcvUT-02umUgydmiwbAhfPkUBCeqH74ep7T9X3E-5.png\",\"datePublished\":\"2026-04-08T19:04:50+00:00\",\"dateModified\":\"2026-04-08T19:05:27+00:00\",\"breadcrumb\":{\"@id\":\"https:\/\/klimavex.eu\/cz\/katalog\/ventilator-vortice-c-31-4-t-e\/#breadcrumb\"},\"inLanguage\":\"cs\",\"potentialAction\":[{\"@type\":\"ReadAction\",\"target\":[\"https:\/\/klimavex.eu\/cz\/katalog\/ventilator-vortice-c-31-4-t-e\/\"]}]},{\"@type\":\"ImageObject\",\"inLanguage\":\"cs\",\"@id\":\"https:\/\/klimavex.eu\/cz\/katalog\/ventilator-vortice-c-31-4-t-e\/#primaryimage\",\"url\":\"https:\/\/klimavex.eu\/cz\/wp-content\/uploads\/2025\/09\/6VjNbcvUT-02umUgydmiwbAhfPkUBCeqH74ep7T9X3E-5.png\",\"contentUrl\":\"https:\/\/klimavex.eu\/cz\/wp-content\/uploads\/2025\/09\/6VjNbcvUT-02umUgydmiwbAhfPkUBCeqH74ep7T9X3E-5.png\",\"width\":572,\"height\":512},{\"@type\":\"BreadcrumbList\",\"@id\":\"https:\/\/klimavex.eu\/cz\/katalog\/ventilator-vortice-c-31-4-t-e\/#breadcrumb\",\"itemListElement\":[{\"@type\":\"ListItem\",\"position\":1,\"name\":\"Domovsk\u00e1 str\u00e1nka\",\"item\":\"https:\/\/klimavex.eu\/cz\/\"},{\"@type\":\"ListItem\",\"position\":2,\"name\":\"Eshop\",\"item\":\"https:\/\/klimavex.eu\/cz\/eshop\/\"},{\"@type\":\"ListItem\",\"position\":3,\"name\":\"Ventil\u00e1tor Vortice C 31\/4 T E\"}]},{\"@type\":\"WebSite\",\"@id\":\"https:\/\/klimavex.eu\/cz\/#website\",\"url\":\"https:\/\/klimavex.eu\/cz\/\",\"name\":\"KLIMAVEX GROUP - \u010cesko\",\"description\":\"\",\"publisher\":{\"@id\":\"https:\/\/klimavex.eu\/cz\/#organization\"},\"alternateName\":\"KLIMAVEX CZ a.s.\",\"potentialAction\":[{\"@type\":\"SearchAction\",\"target\":{\"@type\":\"EntryPoint\",\"urlTemplate\":\"https:\/\/klimavex.eu\/cz\/?s={search_term_string}\"},\"query-input\":{\"@type\":\"PropertyValueSpecification\",\"valueRequired\":true,\"valueName\":\"search_term_string\"}}],\"inLanguage\":\"cs\"},{\"@type\":\"Organization\",\"@id\":\"https:\/\/klimavex.eu\/cz\/#organization\",\"name\":\"KLIMAVEX GROUP\",\"alternateName\":\"KLIMAVEX\",\"url\":\"https:\/\/klimavex.eu\/cz\/\",\"logo\":{\"@type\":\"ImageObject\",\"inLanguage\":\"cs\",\"@id\":\"https:\/\/klimavex.eu\/cz\/#\/schema\/logo\/image\/\",\"url\":\"https:\/\/klimavex.eu\/cz\/wp-content\/uploads\/2024\/04\/Klimavex-Group-logo.png\",\"contentUrl\":\"https:\/\/klimavex.eu\/cz\/wp-content\/uploads\/2024\/04\/Klimavex-Group-logo.png\",\"width\":1681,\"height\":472,\"caption\":\"KLIMAVEX GROUP\"},\"image\":{\"@id\":\"https:\/\/klimavex.eu\/cz\/#\/schema\/logo\/image\/\"},\"sameAs\":[\"https:\/\/www.facebook.com\/klimavex.cz\",\"https:\/\/www.instagram.com\/klimavex_cz\/\"]}]}<\/script>\n<!-- \/ Yoast SEO plugin. -->","yoast_head_json":{"title":"Ventil\u00e1tor Vortice C 31\/4 T E - KLIMAVEX GROUP - \u010cesko","robots":{"index":"index","follow":"follow","max-snippet":"max-snippet:-1","max-image-preview":"max-image-preview:large","max-video-preview":"max-video-preview:-1"},"canonical":"https:\/\/klimavex.eu\/cz\/katalog\/ventilator-vortice-c-31-4-t-e\/","og_locale":"cs_CZ","og_type":"article","og_title":"Ventil\u00e1tor Vortice C 31\/4 T E - KLIMAVEX GROUP - \u010cesko","og_description":"T\u0159&iacute;f&aacute;zov&yacute; radi&aacute;ln&iacute; ods&aacute;vac&iacute; ventil&aacute;tor Vortice C E s mo\u017enost&iacute; napojen&iacute; na potrub&iacute;. Vhodn&yacute; pro mont&aacute;\u017e na st\u011bny obytn&yacute;ch, komer\u010dn&iacute;ch a pr\u016fmyslov&yacute;ch objekt\u016f (gar&aacute;\u017ee, parkovi&scaron;t\u011b, nemocnice, sklady, kancel&aacute;\u0159e, t\u011blocvi\u010dny aj.) pro ods&aacute;n&iacute; nepra&scaron;n&eacute;ho, neagresivn&iacute;ho a nekorozetvorn&eacute;ho vzduchu bez kyselin.","og_url":"https:\/\/klimavex.eu\/cz\/katalog\/ventilator-vortice-c-31-4-t-e\/","og_site_name":"KLIMAVEX GROUP - \u010cesko","article_publisher":"https:\/\/www.facebook.com\/klimavex.cz","article_modified_time":"2026-04-08T19:05:27+00:00","og_image":[{"width":572,"height":512,"url":"https:\/\/klimavex.eu\/cz\/wp-content\/uploads\/2025\/09\/6VjNbcvUT-02umUgydmiwbAhfPkUBCeqH74ep7T9X3E-5.png","type":"image\/png"}],"twitter_card":"summary_large_image","twitter_misc":{"Odhadovan\u00e1 doba \u010dten\u00ed":"1 minuta"},"schema":{"@context":"https:\/\/schema.org","@graph":[{"@type":"WebPage","@id":"https:\/\/klimavex.eu\/cz\/katalog\/ventilator-vortice-c-31-4-t-e\/","url":"https:\/\/klimavex.eu\/cz\/katalog\/ventilator-vortice-c-31-4-t-e\/","name":"Ventil\u00e1tor Vortice C 31\/4 T E - KLIMAVEX GROUP - \u010cesko","isPartOf":{"@id":"https:\/\/klimavex.eu\/cz\/#website"},"primaryImageOfPage":{"@id":"https:\/\/klimavex.eu\/cz\/katalog\/ventilator-vortice-c-31-4-t-e\/#primaryimage"},"image":{"@id":"https:\/\/klimavex.eu\/cz\/katalog\/ventilator-vortice-c-31-4-t-e\/#primaryimage"},"thumbnailUrl":"https:\/\/klimavex.eu\/cz\/wp-content\/uploads\/2025\/09\/6VjNbcvUT-02umUgydmiwbAhfPkUBCeqH74ep7T9X3E-5.png","datePublished":"2026-04-08T19:04:50+00:00","dateModified":"2026-04-08T19:05:27+00:00","breadcrumb":{"@id":"https:\/\/klimavex.eu\/cz\/katalog\/ventilator-vortice-c-31-4-t-e\/#breadcrumb"},"inLanguage":"cs","potentialAction":[{"@type":"ReadAction","target":["https:\/\/klimavex.eu\/cz\/katalog\/ventilator-vortice-c-31-4-t-e\/"]}]},{"@type":"ImageObject","inLanguage":"cs","@id":"https:\/\/klimavex.eu\/cz\/katalog\/ventilator-vortice-c-31-4-t-e\/#primaryimage","url":"https:\/\/klimavex.eu\/cz\/wp-content\/uploads\/2025\/09\/6VjNbcvUT-02umUgydmiwbAhfPkUBCeqH74ep7T9X3E-5.png","contentUrl":"https:\/\/klimavex.eu\/cz\/wp-content\/uploads\/2025\/09\/6VjNbcvUT-02umUgydmiwbAhfPkUBCeqH74ep7T9X3E-5.png","width":572,"height":512},{"@type":"BreadcrumbList","@id":"https:\/\/klimavex.eu\/cz\/katalog\/ventilator-vortice-c-31-4-t-e\/#breadcrumb","itemListElement":[{"@type":"ListItem","position":1,"name":"Domovsk\u00e1 str\u00e1nka","item":"https:\/\/klimavex.eu\/cz\/"},{"@type":"ListItem","position":2,"name":"Eshop","item":"https:\/\/klimavex.eu\/cz\/eshop\/"},{"@type":"ListItem","position":3,"name":"Ventil\u00e1tor Vortice C 31\/4 T E"}]},{"@type":"WebSite","@id":"https:\/\/klimavex.eu\/cz\/#website","url":"https:\/\/klimavex.eu\/cz\/","name":"KLIMAVEX GROUP - \u010cesko","description":"","publisher":{"@id":"https:\/\/klimavex.eu\/cz\/#organization"},"alternateName":"KLIMAVEX CZ a.s.","potentialAction":[{"@type":"SearchAction","target":{"@type":"EntryPoint","urlTemplate":"https:\/\/klimavex.eu\/cz\/?s={search_term_string}"},"query-input":{"@type":"PropertyValueSpecification","valueRequired":true,"valueName":"search_term_string"}}],"inLanguage":"cs"},{"@type":"Organization","@id":"https:\/\/klimavex.eu\/cz\/#organization","name":"KLIMAVEX GROUP","alternateName":"KLIMAVEX","url":"https:\/\/klimavex.eu\/cz\/","logo":{"@type":"ImageObject","inLanguage":"cs","@id":"https:\/\/klimavex.eu\/cz\/#\/schema\/logo\/image\/","url":"https:\/\/klimavex.eu\/cz\/wp-content\/uploads\/2024\/04\/Klimavex-Group-logo.png","contentUrl":"https:\/\/klimavex.eu\/cz\/wp-content\/uploads\/2024\/04\/Klimavex-Group-logo.png","width":1681,"height":472,"caption":"KLIMAVEX GROUP"},"image":{"@id":"https:\/\/klimavex.eu\/cz\/#\/schema\/logo\/image\/"},"sameAs":["https:\/\/www.facebook.com\/klimavex.cz","https:\/\/www.instagram.com\/klimavex_cz\/"]}]}},"_links":{"self":[{"href":"https:\/\/klimavex.eu\/cz\/wp-json\/wp\/v2\/product\/543987","targetHints":{"allow":["GET"]}}],"collection":[{"href":"https:\/\/klimavex.eu\/cz\/wp-json\/wp\/v2\/product"}],"about":[{"href":"https:\/\/klimavex.eu\/cz\/wp-json\/wp\/v2\/types\/product"}],"version-history":[{"count":0,"href":"https:\/\/klimavex.eu\/cz\/wp-json\/wp\/v2\/product\/543987\/revisions"}],"wp:featuredmedia":[{"embeddable":true,"href":"https:\/\/klimavex.eu\/cz\/wp-json\/wp\/v2\/media\/550703"}],"wp:attachment":[{"href":"https:\/\/klimavex.eu\/cz\/wp-json\/wp\/v2\/media?parent=543987"}],"wp:term":[{"taxonomy":"product_cat","embeddable":true,"href":"https:\/\/klimavex.eu\/cz\/wp-json\/wp\/v2\/product_cat?post=543987"},{"taxonomy":"product_tag","embeddable":true,"href":"https:\/\/klimavex.eu\/cz\/wp-json\/wp\/v2\/product_tag?post=543987"}],"curies":[{"name":"wp","href":"https:\/\/api.w.org\/{rel}","templated":true}]}}