{"id":544018,"date":"2026-04-02T16:00:49","date_gmt":"2026-04-02T14:00:49","guid":{"rendered":"https:\/\/klimavex.eu\/cz\/katalog\/prenosny-elektricky-ohrivac-vortice-caldore-rt\/"},"modified":"2026-04-02T16:01:44","modified_gmt":"2026-04-02T14:01:44","slug":"prenosny-elektricky-ohrivac-vortice-caldore-rt","status":"publish","type":"product","link":"https:\/\/klimavex.eu\/cz\/katalog\/prenosny-elektricky-ohrivac-vortice-caldore-rt\/","title":{"rendered":"P\u0159enosn\u00fd elektrick\u00fd oh\u0159\u00edva\u010d Vortice Caldor\u00e9 RT"},"content":{"rendered":"<p style=\"text-align: justify;\"><strong>Kl&iacute;\u010dov&eacute; vlastnosti:<\/strong><\/p>\n<ul>\n<li style=\"text-align: justify;\">Dr\u017e&aacute;k pro snadnou p\u0159epravu.<\/li>\n<li style=\"text-align: justify;\">Bo\u010dn&iacute; st\u011bny jsou vyrobeny ze samozh&aacute;&scaron;iv&eacute;ho plastu VO, p\u0159edn&iacute; a zadn&iacute; panel s povrchovou &uacute;pravou odolnou v\u016f\u010di po&scaron;kr&aacute;b&aacute;n&iacute;.<\/li>\n<li style=\"text-align: justify;\">Mo\u017enost vyu\u017eit&iacute; i jako letn&iacute; ventil&aacute;tor.<\/li>\n<li style=\"text-align: justify;\">Kryt ventil&aacute;toru vyroben ze samozh&aacute;&scaron;iv&eacute;ho plastu VO.<\/li>\n<li style=\"text-align: justify;\">Nastaviteln&yacute; termostat.<\/li>\n<li style=\"text-align: justify;\">24hodinov&yacute; \u010dasova\u010d, nastaviteln&yacute; v 15minutov&yacute;ch cyklech<\/li>\n<li style=\"text-align: justify;\">Tepeln&aacute; ochrana &ndash; automatick&eacute; vypnut&iacute; za\u0159&iacute;zen&iacute; p\u0159i p\u0159eh\u0159&aacute;t&iacute;.<\/li>\n<li style=\"text-align: justify;\">Funkce protimrazov&eacute; ochrany. Automatick&eacute; zapnut&iacute; p\u0159i poklesu okoln&iacute; teploty pod 5&deg;C.<\/li>\n<li style=\"text-align: justify;\">Za\u0159&iacute;zen&iacute; nemus&iacute; b&yacute;t uzemn\u011bno, maj&iacute; dvojitou izolaci.<\/li>\n<\/ul>\n","protected":false},"excerpt":{"rendered":"<p style=\"text-align: justify;\">P\u0159enosn&yacute; elektrick&yacute; oh\u0159&iacute;va\u010d <strong>Vortice Caldor&eacute; <\/strong>je vhodn&yacute; <strong>do mal&yacute;ch m&iacute;stnost&iacute;<\/strong>, jako <strong>dopln\u011bk k ji\u017e existuj&iacute;c&iacute;mu topn&eacute;mu syst&eacute;mu<\/strong>. Mo\u017enost mont&aacute;\u017ee na ze\u010f pomoc&iacute; p\u0159&iacute;slu&scaron;enstv&iacute;. Model s p\u0159&iacute;davn&yacute;m ventil&aacute;torem a \u010dasov&yacute;m sp&iacute;na\u010dem, distribuce vzduchu p\u0159es p\u0159edn&iacute; a horn&iacute; m\u0159&iacute;\u017eku.<\/p>\n","protected":false},"featured_media":550822,"template":"","meta":[],"product_cat":[10775,10769,10776],"product_tag":[],"class_list":{"0":"post-544018","1":"product","2":"type-product","3":"status-publish","4":"has-post-thumbnail","6":"product_cat-ventilatory-archivovane-produkty","7":"product_cat-archivovane-produkty","8":"product_cat-archivovane-produkty-ventilatory","9":"pa_casovy-dobeh-t-ano","10":"pa_el-prikon-w-800-1200-2000","11":"pa_kryti-ip20","12":"pa_label-archivovany","13":"pa_provedeni-ohrivac","14":"pa_znacka-vortice","16":"first","17":"outofstock","18":"taxable","19":"shipping-taxable","20":"purchasable","21":"product-type-simple"},"yoast_head":"<!-- This site is optimized with the Yoast SEO plugin v23.9 - https:\/\/yoast.com\/wordpress\/plugins\/seo\/ -->\n<title>P\u0159enosn\u00fd elektrick\u00fd oh\u0159\u00edva\u010d Vortice Caldor\u00e9 RT - KLIMAVEX GROUP - \u010cesko<\/title>\n<meta name=\"robots\" content=\"index, follow, max-snippet:-1, max-image-preview:large, max-video-preview:-1\" \/>\n<link rel=\"canonical\" href=\"https:\/\/klimavex.eu\/cz\/katalog\/prenosny-elektricky-ohrivac-vortice-caldore-rt\/\" \/>\n<meta property=\"og:locale\" content=\"cs_CZ\" \/>\n<meta property=\"og:type\" content=\"article\" \/>\n<meta property=\"og:title\" content=\"P\u0159enosn\u00fd elektrick\u00fd oh\u0159\u00edva\u010d Vortice Caldor\u00e9 RT - KLIMAVEX GROUP - \u010cesko\" \/>\n<meta property=\"og:description\" content=\"P\u0159enosn&yacute; elektrick&yacute; oh\u0159&iacute;va\u010d Vortice Caldor&eacute; je vhodn&yacute; do mal&yacute;ch m&iacute;stnost&iacute;, jako dopln\u011bk k ji\u017e existuj&iacute;c&iacute;mu topn&eacute;mu syst&eacute;mu. Mo\u017enost mont&aacute;\u017ee na ze\u010f pomoc&iacute; p\u0159&iacute;slu&scaron;enstv&iacute;. Model s p\u0159&iacute;davn&yacute;m ventil&aacute;torem a \u010dasov&yacute;m sp&iacute;na\u010dem, distribuce vzduchu p\u0159es p\u0159edn&iacute; a horn&iacute; m\u0159&iacute;\u017eku.\" \/>\n<meta property=\"og:url\" content=\"https:\/\/klimavex.eu\/cz\/katalog\/prenosny-elektricky-ohrivac-vortice-caldore-rt\/\" \/>\n<meta property=\"og:site_name\" content=\"KLIMAVEX GROUP - \u010cesko\" \/>\n<meta property=\"article:publisher\" content=\"https:\/\/www.facebook.com\/klimavex.cz\" \/>\n<meta property=\"article:modified_time\" content=\"2026-04-02T14:01:44+00:00\" \/>\n<meta property=\"og:image\" content=\"https:\/\/klimavex.eu\/cz\/wp-content\/uploads\/2025\/09\/13BgYKhigd45yJvn9K49vhFpfsA4NCHPRm3CjZf28Js.png\" \/>\n\t<meta property=\"og:image:width\" content=\"572\" \/>\n\t<meta property=\"og:image:height\" content=\"512\" \/>\n\t<meta property=\"og:image:type\" content=\"image\/png\" \/>\n<meta name=\"twitter:card\" content=\"summary_large_image\" \/>\n<meta name=\"twitter:label1\" content=\"Odhadovan\u00e1 doba \u010dten\u00ed\" \/>\n\t<meta name=\"twitter:data1\" content=\"1 minuta\" \/>\n<script type=\"application\/ld+json\" class=\"yoast-schema-graph\">{\"@context\":\"https:\/\/schema.org\",\"@graph\":[{\"@type\":\"WebPage\",\"@id\":\"https:\/\/klimavex.eu\/cz\/katalog\/prenosny-elektricky-ohrivac-vortice-caldore-rt\/\",\"url\":\"https:\/\/klimavex.eu\/cz\/katalog\/prenosny-elektricky-ohrivac-vortice-caldore-rt\/\",\"name\":\"P\u0159enosn\u00fd elektrick\u00fd oh\u0159\u00edva\u010d Vortice Caldor\u00e9 RT - KLIMAVEX GROUP - \u010cesko\",\"isPartOf\":{\"@id\":\"https:\/\/klimavex.eu\/cz\/#website\"},\"primaryImageOfPage\":{\"@id\":\"https:\/\/klimavex.eu\/cz\/katalog\/prenosny-elektricky-ohrivac-vortice-caldore-rt\/#primaryimage\"},\"image\":{\"@id\":\"https:\/\/klimavex.eu\/cz\/katalog\/prenosny-elektricky-ohrivac-vortice-caldore-rt\/#primaryimage\"},\"thumbnailUrl\":\"https:\/\/klimavex.eu\/cz\/wp-content\/uploads\/2025\/09\/13BgYKhigd45yJvn9K49vhFpfsA4NCHPRm3CjZf28Js.png\",\"datePublished\":\"2026-04-02T14:00:49+00:00\",\"dateModified\":\"2026-04-02T14:01:44+00:00\",\"breadcrumb\":{\"@id\":\"https:\/\/klimavex.eu\/cz\/katalog\/prenosny-elektricky-ohrivac-vortice-caldore-rt\/#breadcrumb\"},\"inLanguage\":\"cs\",\"potentialAction\":[{\"@type\":\"ReadAction\",\"target\":[\"https:\/\/klimavex.eu\/cz\/katalog\/prenosny-elektricky-ohrivac-vortice-caldore-rt\/\"]}]},{\"@type\":\"ImageObject\",\"inLanguage\":\"cs\",\"@id\":\"https:\/\/klimavex.eu\/cz\/katalog\/prenosny-elektricky-ohrivac-vortice-caldore-rt\/#primaryimage\",\"url\":\"https:\/\/klimavex.eu\/cz\/wp-content\/uploads\/2025\/09\/13BgYKhigd45yJvn9K49vhFpfsA4NCHPRm3CjZf28Js.png\",\"contentUrl\":\"https:\/\/klimavex.eu\/cz\/wp-content\/uploads\/2025\/09\/13BgYKhigd45yJvn9K49vhFpfsA4NCHPRm3CjZf28Js.png\",\"width\":572,\"height\":512},{\"@type\":\"BreadcrumbList\",\"@id\":\"https:\/\/klimavex.eu\/cz\/katalog\/prenosny-elektricky-ohrivac-vortice-caldore-rt\/#breadcrumb\",\"itemListElement\":[{\"@type\":\"ListItem\",\"position\":1,\"name\":\"Domovsk\u00e1 str\u00e1nka\",\"item\":\"https:\/\/klimavex.eu\/cz\/\"},{\"@type\":\"ListItem\",\"position\":2,\"name\":\"Eshop\",\"item\":\"https:\/\/klimavex.eu\/cz\/eshop\/\"},{\"@type\":\"ListItem\",\"position\":3,\"name\":\"P\u0159enosn\u00fd elektrick\u00fd oh\u0159\u00edva\u010d Vortice Caldor\u00e9 RT\"}]},{\"@type\":\"WebSite\",\"@id\":\"https:\/\/klimavex.eu\/cz\/#website\",\"url\":\"https:\/\/klimavex.eu\/cz\/\",\"name\":\"KLIMAVEX GROUP - \u010cesko\",\"description\":\"\",\"publisher\":{\"@id\":\"https:\/\/klimavex.eu\/cz\/#organization\"},\"alternateName\":\"KLIMAVEX CZ a.s.\",\"potentialAction\":[{\"@type\":\"SearchAction\",\"target\":{\"@type\":\"EntryPoint\",\"urlTemplate\":\"https:\/\/klimavex.eu\/cz\/?s={search_term_string}\"},\"query-input\":{\"@type\":\"PropertyValueSpecification\",\"valueRequired\":true,\"valueName\":\"search_term_string\"}}],\"inLanguage\":\"cs\"},{\"@type\":\"Organization\",\"@id\":\"https:\/\/klimavex.eu\/cz\/#organization\",\"name\":\"KLIMAVEX GROUP\",\"alternateName\":\"KLIMAVEX\",\"url\":\"https:\/\/klimavex.eu\/cz\/\",\"logo\":{\"@type\":\"ImageObject\",\"inLanguage\":\"cs\",\"@id\":\"https:\/\/klimavex.eu\/cz\/#\/schema\/logo\/image\/\",\"url\":\"https:\/\/klimavex.eu\/cz\/wp-content\/uploads\/2024\/04\/Klimavex-Group-logo.png\",\"contentUrl\":\"https:\/\/klimavex.eu\/cz\/wp-content\/uploads\/2024\/04\/Klimavex-Group-logo.png\",\"width\":1681,\"height\":472,\"caption\":\"KLIMAVEX GROUP\"},\"image\":{\"@id\":\"https:\/\/klimavex.eu\/cz\/#\/schema\/logo\/image\/\"},\"sameAs\":[\"https:\/\/www.facebook.com\/klimavex.cz\",\"https:\/\/www.instagram.com\/klimavex_cz\/\"]}]}<\/script>\n<!-- \/ Yoast SEO plugin. -->","yoast_head_json":{"title":"P\u0159enosn\u00fd elektrick\u00fd oh\u0159\u00edva\u010d Vortice Caldor\u00e9 RT - KLIMAVEX GROUP - \u010cesko","robots":{"index":"index","follow":"follow","max-snippet":"max-snippet:-1","max-image-preview":"max-image-preview:large","max-video-preview":"max-video-preview:-1"},"canonical":"https:\/\/klimavex.eu\/cz\/katalog\/prenosny-elektricky-ohrivac-vortice-caldore-rt\/","og_locale":"cs_CZ","og_type":"article","og_title":"P\u0159enosn\u00fd elektrick\u00fd oh\u0159\u00edva\u010d Vortice Caldor\u00e9 RT - KLIMAVEX GROUP - \u010cesko","og_description":"P\u0159enosn&yacute; elektrick&yacute; oh\u0159&iacute;va\u010d Vortice Caldor&eacute; je vhodn&yacute; do mal&yacute;ch m&iacute;stnost&iacute;, jako dopln\u011bk k ji\u017e existuj&iacute;c&iacute;mu topn&eacute;mu syst&eacute;mu. Mo\u017enost mont&aacute;\u017ee na ze\u010f pomoc&iacute; p\u0159&iacute;slu&scaron;enstv&iacute;. Model s p\u0159&iacute;davn&yacute;m ventil&aacute;torem a \u010dasov&yacute;m sp&iacute;na\u010dem, distribuce vzduchu p\u0159es p\u0159edn&iacute; a horn&iacute; m\u0159&iacute;\u017eku.","og_url":"https:\/\/klimavex.eu\/cz\/katalog\/prenosny-elektricky-ohrivac-vortice-caldore-rt\/","og_site_name":"KLIMAVEX GROUP - \u010cesko","article_publisher":"https:\/\/www.facebook.com\/klimavex.cz","article_modified_time":"2026-04-02T14:01:44+00:00","og_image":[{"width":572,"height":512,"url":"https:\/\/klimavex.eu\/cz\/wp-content\/uploads\/2025\/09\/13BgYKhigd45yJvn9K49vhFpfsA4NCHPRm3CjZf28Js.png","type":"image\/png"}],"twitter_card":"summary_large_image","twitter_misc":{"Odhadovan\u00e1 doba \u010dten\u00ed":"1 minuta"},"schema":{"@context":"https:\/\/schema.org","@graph":[{"@type":"WebPage","@id":"https:\/\/klimavex.eu\/cz\/katalog\/prenosny-elektricky-ohrivac-vortice-caldore-rt\/","url":"https:\/\/klimavex.eu\/cz\/katalog\/prenosny-elektricky-ohrivac-vortice-caldore-rt\/","name":"P\u0159enosn\u00fd elektrick\u00fd oh\u0159\u00edva\u010d Vortice Caldor\u00e9 RT - KLIMAVEX GROUP - \u010cesko","isPartOf":{"@id":"https:\/\/klimavex.eu\/cz\/#website"},"primaryImageOfPage":{"@id":"https:\/\/klimavex.eu\/cz\/katalog\/prenosny-elektricky-ohrivac-vortice-caldore-rt\/#primaryimage"},"image":{"@id":"https:\/\/klimavex.eu\/cz\/katalog\/prenosny-elektricky-ohrivac-vortice-caldore-rt\/#primaryimage"},"thumbnailUrl":"https:\/\/klimavex.eu\/cz\/wp-content\/uploads\/2025\/09\/13BgYKhigd45yJvn9K49vhFpfsA4NCHPRm3CjZf28Js.png","datePublished":"2026-04-02T14:00:49+00:00","dateModified":"2026-04-02T14:01:44+00:00","breadcrumb":{"@id":"https:\/\/klimavex.eu\/cz\/katalog\/prenosny-elektricky-ohrivac-vortice-caldore-rt\/#breadcrumb"},"inLanguage":"cs","potentialAction":[{"@type":"ReadAction","target":["https:\/\/klimavex.eu\/cz\/katalog\/prenosny-elektricky-ohrivac-vortice-caldore-rt\/"]}]},{"@type":"ImageObject","inLanguage":"cs","@id":"https:\/\/klimavex.eu\/cz\/katalog\/prenosny-elektricky-ohrivac-vortice-caldore-rt\/#primaryimage","url":"https:\/\/klimavex.eu\/cz\/wp-content\/uploads\/2025\/09\/13BgYKhigd45yJvn9K49vhFpfsA4NCHPRm3CjZf28Js.png","contentUrl":"https:\/\/klimavex.eu\/cz\/wp-content\/uploads\/2025\/09\/13BgYKhigd45yJvn9K49vhFpfsA4NCHPRm3CjZf28Js.png","width":572,"height":512},{"@type":"BreadcrumbList","@id":"https:\/\/klimavex.eu\/cz\/katalog\/prenosny-elektricky-ohrivac-vortice-caldore-rt\/#breadcrumb","itemListElement":[{"@type":"ListItem","position":1,"name":"Domovsk\u00e1 str\u00e1nka","item":"https:\/\/klimavex.eu\/cz\/"},{"@type":"ListItem","position":2,"name":"Eshop","item":"https:\/\/klimavex.eu\/cz\/eshop\/"},{"@type":"ListItem","position":3,"name":"P\u0159enosn\u00fd elektrick\u00fd oh\u0159\u00edva\u010d Vortice Caldor\u00e9 RT"}]},{"@type":"WebSite","@id":"https:\/\/klimavex.eu\/cz\/#website","url":"https:\/\/klimavex.eu\/cz\/","name":"KLIMAVEX GROUP - \u010cesko","description":"","publisher":{"@id":"https:\/\/klimavex.eu\/cz\/#organization"},"alternateName":"KLIMAVEX CZ a.s.","potentialAction":[{"@type":"SearchAction","target":{"@type":"EntryPoint","urlTemplate":"https:\/\/klimavex.eu\/cz\/?s={search_term_string}"},"query-input":{"@type":"PropertyValueSpecification","valueRequired":true,"valueName":"search_term_string"}}],"inLanguage":"cs"},{"@type":"Organization","@id":"https:\/\/klimavex.eu\/cz\/#organization","name":"KLIMAVEX GROUP","alternateName":"KLIMAVEX","url":"https:\/\/klimavex.eu\/cz\/","logo":{"@type":"ImageObject","inLanguage":"cs","@id":"https:\/\/klimavex.eu\/cz\/#\/schema\/logo\/image\/","url":"https:\/\/klimavex.eu\/cz\/wp-content\/uploads\/2024\/04\/Klimavex-Group-logo.png","contentUrl":"https:\/\/klimavex.eu\/cz\/wp-content\/uploads\/2024\/04\/Klimavex-Group-logo.png","width":1681,"height":472,"caption":"KLIMAVEX GROUP"},"image":{"@id":"https:\/\/klimavex.eu\/cz\/#\/schema\/logo\/image\/"},"sameAs":["https:\/\/www.facebook.com\/klimavex.cz","https:\/\/www.instagram.com\/klimavex_cz\/"]}]}},"_links":{"self":[{"href":"https:\/\/klimavex.eu\/cz\/wp-json\/wp\/v2\/product\/544018","targetHints":{"allow":["GET"]}}],"collection":[{"href":"https:\/\/klimavex.eu\/cz\/wp-json\/wp\/v2\/product"}],"about":[{"href":"https:\/\/klimavex.eu\/cz\/wp-json\/wp\/v2\/types\/product"}],"version-history":[{"count":0,"href":"https:\/\/klimavex.eu\/cz\/wp-json\/wp\/v2\/product\/544018\/revisions"}],"wp:featuredmedia":[{"embeddable":true,"href":"https:\/\/klimavex.eu\/cz\/wp-json\/wp\/v2\/media\/550822"}],"wp:attachment":[{"href":"https:\/\/klimavex.eu\/cz\/wp-json\/wp\/v2\/media?parent=544018"}],"wp:term":[{"taxonomy":"product_cat","embeddable":true,"href":"https:\/\/klimavex.eu\/cz\/wp-json\/wp\/v2\/product_cat?post=544018"},{"taxonomy":"product_tag","embeddable":true,"href":"https:\/\/klimavex.eu\/cz\/wp-json\/wp\/v2\/product_tag?post=544018"}],"curies":[{"name":"wp","href":"https:\/\/api.w.org\/{rel}","templated":true}]}}