{"id":544029,"date":"2026-04-02T16:01:50","date_gmt":"2026-04-02T14:01:50","guid":{"rendered":"https:\/\/klimavex.eu\/cz\/katalog\/osousec-rukou-vortice-premium-dry-manual\/"},"modified":"2026-04-02T16:01:55","modified_gmt":"2026-04-02T14:01:55","slug":"osousec-rukou-vortice-premium-dry-manual","status":"publish","type":"product","link":"https:\/\/klimavex.eu\/cz\/katalog\/osousec-rukou-vortice-premium-dry-manual\/","title":{"rendered":"Osou\u0161e\u010d rukou Vortice Premium Dry (manu\u00e1l)"},"content":{"rendered":"<p style=\"margin-left:0cm;text-align:justify;\"><span style=\"font-family:Calibri, sans-serif;font-size:11pt;\"><strong>Kl\u00ed\u010dov\u00e9 vlastnosti<\/strong><\/span><\/p>\n<ul>\n<li>\n<p style=\"text-align:justify;\"><span style=\"font-family:Calibri, sans-serif;font-size:11pt;\">Pr\u016ftok vzduchu 120 m<sup>3<\/sup>\/h<\/span><\/p>\n<\/li>\n<li>\n<p style=\"text-align:justify;\"><span style=\"font-family:Calibri, sans-serif;font-size:11pt;\">Prachov\u00fd filtr<\/span><\/p>\n<\/li>\n<li>\n<p style=\"text-align:justify;\"><span style=\"font-family:Calibri, sans-serif;font-size:11pt;\">Spou\u0161t\u011bn\u00ed pomoc\u00ed tla\u010d\u00edtka<\/span><\/p>\n<\/li>\n<li>\n<p style=\"text-align:justify;\"><span style=\"font-family:Calibri, sans-serif;font-size:11pt;\">Antivandal proveden\u00ed<\/span><\/p>\n<\/li>\n<li>\n<p style=\"text-align:justify;\"><span style=\"font-family:Calibri, sans-serif;font-size:11pt;\">Nastaven\u00ed proud\u011bn\u00ed od 20 do 60 sekund<\/span><\/p>\n<\/li>\n<li>\n<p style=\"text-align:justify;\"><span style=\"font-family:Calibri, sans-serif;font-size:11pt;\">Kryt\u00ed IP X4<\/span><\/p>\n<\/li>\n<li>\n<p style=\"text-align:justify;\"><span style=\"font-family:Calibri, sans-serif;font-size:11pt;\">Tepeln\u00e1 pojistka a bezpe\u010dnostn\u00ed termostat \u2013 bezpe\u010dnostn\u00ed certifikace IMQ<\/span><\/p>\n<\/li>\n<li>\n<p style=\"text-align:justify;\"><span style=\"font-family:Calibri, sans-serif;font-size:11pt;\">Promy\u0161len\u00fd design<\/span><\/p>\n<\/li>\n<\/ul>\n","protected":false},"excerpt":{"rendered":"<p style=\"margin-left:0cm;text-align:justify;\"><span style=\"font-family:Calibri, sans-serif;font-size:11pt;\">Manu\u00e1ln\u00ed osou\u0161e\u010d rukou <strong>Vortice Premium Dry<\/strong> je vhodn\u00fd pro <strong>dom\u00e1cnosti, n\u00e1kupn\u00ed centra, restaurace, komer\u010dn\u00ed prostory<\/strong> a dal\u0161\u00ed ve\u0159ejn\u00e9 prostory. <strong>Manu\u00e1ln\u00ed verze<\/strong> se spou\u0161t\u00ed <strong>stisknut\u00edm tla\u010d\u00edtka<\/strong>. Proud\u011bn\u00ed hork\u00e9ho vzduchu je mo\u017en\u00e9 nastavit od <strong>20 do 60 sekund<\/strong>. Osou\u0161e\u010d Premium Dry je opat\u0159en zpevn\u011bn\u00fdm krytem a <strong>Antivandal<\/strong> ochranou, kter\u00e1 d\u00edky speci\u00e1ln\u00edm \u0161roub\u016fm zabra\u0148uje otev\u0159en\u00ed p\u0159\u00edstroje a jeho po\u0161kozen\u00ed. Ventil\u00e1tor osou\u0161e\u010de m\u00e1 induk\u010dn\u00ed motor s tepelnou pojistkou a bezpe\u010dnostn\u00edm termostatem, kter\u00fd odpojuje za\u0159\u00edzen\u00ed p\u0159i p\u0159eh\u0159\u00e1t\u00ed.&nbsp;<\/span><\/p>\n","protected":false},"featured_media":550865,"template":"","meta":[],"product_cat":[10775,10769,10776],"product_tag":[],"class_list":{"0":"post-544029","1":"product","2":"type-product","3":"status-publish","4":"has-post-thumbnail","6":"product_cat-ventilatory-archivovane-produkty","7":"product_cat-archivovane-produkty","8":"product_cat-archivovane-produkty-ventilatory","9":"pa_el-prikon-spiraly-w-13231","10":"pa_hlucnost-lp-1m-13232","11":"pa_kryti-ipx4","12":"pa_label-archivovany","13":"pa_provedeni-osousec-rukou","14":"pa_vzduchovy-vykon-qv-m3-13230","15":"pa_znacka-vortice","17":"first","18":"outofstock","19":"taxable","20":"shipping-taxable","21":"purchasable","22":"product-type-simple"},"yoast_head":"<!-- This site is optimized with the Yoast SEO plugin v23.9 - https:\/\/yoast.com\/wordpress\/plugins\/seo\/ -->\n<title>Osou\u0161e\u010d rukou Vortice Premium Dry (manu\u00e1l) - KLIMAVEX GROUP - \u010cesko<\/title>\n<meta name=\"robots\" content=\"index, follow, max-snippet:-1, max-image-preview:large, max-video-preview:-1\" \/>\n<link rel=\"canonical\" href=\"https:\/\/klimavex.eu\/cz\/katalog\/osousec-rukou-vortice-premium-dry-manual\/\" \/>\n<meta property=\"og:locale\" content=\"cs_CZ\" \/>\n<meta property=\"og:type\" content=\"article\" \/>\n<meta property=\"og:title\" content=\"Osou\u0161e\u010d rukou Vortice Premium Dry (manu\u00e1l) - KLIMAVEX GROUP - \u010cesko\" \/>\n<meta property=\"og:description\" content=\"Manu\u00e1ln\u00ed osou\u0161e\u010d rukou Vortice Premium Dry je vhodn\u00fd pro dom\u00e1cnosti, n\u00e1kupn\u00ed centra, restaurace, komer\u010dn\u00ed prostory a dal\u0161\u00ed ve\u0159ejn\u00e9 prostory. Manu\u00e1ln\u00ed verze se spou\u0161t\u00ed stisknut\u00edm tla\u010d\u00edtka. Proud\u011bn\u00ed hork\u00e9ho vzduchu je mo\u017en\u00e9 nastavit od 20 do 60 sekund. Osou\u0161e\u010d Premium Dry je opat\u0159en zpevn\u011bn\u00fdm krytem a Antivandal ochranou, kter\u00e1 d\u00edky speci\u00e1ln\u00edm \u0161roub\u016fm zabra\u0148uje otev\u0159en\u00ed p\u0159\u00edstroje a jeho po\u0161kozen\u00ed. Ventil\u00e1tor osou\u0161e\u010de m\u00e1 induk\u010dn\u00ed motor s tepelnou pojistkou a bezpe\u010dnostn\u00edm termostatem, kter\u00fd odpojuje za\u0159\u00edzen\u00ed p\u0159i p\u0159eh\u0159\u00e1t\u00ed.&nbsp;\" \/>\n<meta property=\"og:url\" content=\"https:\/\/klimavex.eu\/cz\/katalog\/osousec-rukou-vortice-premium-dry-manual\/\" \/>\n<meta property=\"og:site_name\" content=\"KLIMAVEX GROUP - \u010cesko\" \/>\n<meta property=\"article:publisher\" content=\"https:\/\/www.facebook.com\/klimavex.cz\" \/>\n<meta property=\"article:modified_time\" content=\"2026-04-02T14:01:55+00:00\" \/>\n<meta property=\"og:image\" content=\"https:\/\/klimavex.eu\/cz\/wp-content\/uploads\/2025\/09\/LXzdS3z-_FmQTRde4UX3akt28m2TJVCA9KbpuPE250s.png\" \/>\n\t<meta property=\"og:image:width\" content=\"572\" \/>\n\t<meta property=\"og:image:height\" content=\"512\" \/>\n\t<meta property=\"og:image:type\" content=\"image\/png\" \/>\n<meta name=\"twitter:card\" content=\"summary_large_image\" \/>\n<script type=\"application\/ld+json\" class=\"yoast-schema-graph\">{\"@context\":\"https:\/\/schema.org\",\"@graph\":[{\"@type\":\"WebPage\",\"@id\":\"https:\/\/klimavex.eu\/cz\/katalog\/osousec-rukou-vortice-premium-dry-manual\/\",\"url\":\"https:\/\/klimavex.eu\/cz\/katalog\/osousec-rukou-vortice-premium-dry-manual\/\",\"name\":\"Osou\u0161e\u010d rukou Vortice Premium Dry (manu\u00e1l) - KLIMAVEX GROUP - \u010cesko\",\"isPartOf\":{\"@id\":\"https:\/\/klimavex.eu\/cz\/#website\"},\"primaryImageOfPage\":{\"@id\":\"https:\/\/klimavex.eu\/cz\/katalog\/osousec-rukou-vortice-premium-dry-manual\/#primaryimage\"},\"image\":{\"@id\":\"https:\/\/klimavex.eu\/cz\/katalog\/osousec-rukou-vortice-premium-dry-manual\/#primaryimage\"},\"thumbnailUrl\":\"https:\/\/klimavex.eu\/cz\/wp-content\/uploads\/2025\/09\/LXzdS3z-_FmQTRde4UX3akt28m2TJVCA9KbpuPE250s.png\",\"datePublished\":\"2026-04-02T14:01:50+00:00\",\"dateModified\":\"2026-04-02T14:01:55+00:00\",\"breadcrumb\":{\"@id\":\"https:\/\/klimavex.eu\/cz\/katalog\/osousec-rukou-vortice-premium-dry-manual\/#breadcrumb\"},\"inLanguage\":\"cs\",\"potentialAction\":[{\"@type\":\"ReadAction\",\"target\":[\"https:\/\/klimavex.eu\/cz\/katalog\/osousec-rukou-vortice-premium-dry-manual\/\"]}]},{\"@type\":\"ImageObject\",\"inLanguage\":\"cs\",\"@id\":\"https:\/\/klimavex.eu\/cz\/katalog\/osousec-rukou-vortice-premium-dry-manual\/#primaryimage\",\"url\":\"https:\/\/klimavex.eu\/cz\/wp-content\/uploads\/2025\/09\/LXzdS3z-_FmQTRde4UX3akt28m2TJVCA9KbpuPE250s.png\",\"contentUrl\":\"https:\/\/klimavex.eu\/cz\/wp-content\/uploads\/2025\/09\/LXzdS3z-_FmQTRde4UX3akt28m2TJVCA9KbpuPE250s.png\",\"width\":572,\"height\":512},{\"@type\":\"BreadcrumbList\",\"@id\":\"https:\/\/klimavex.eu\/cz\/katalog\/osousec-rukou-vortice-premium-dry-manual\/#breadcrumb\",\"itemListElement\":[{\"@type\":\"ListItem\",\"position\":1,\"name\":\"Domovsk\u00e1 str\u00e1nka\",\"item\":\"https:\/\/klimavex.eu\/cz\/\"},{\"@type\":\"ListItem\",\"position\":2,\"name\":\"Eshop\",\"item\":\"https:\/\/klimavex.eu\/cz\/eshop\/\"},{\"@type\":\"ListItem\",\"position\":3,\"name\":\"Osou\u0161e\u010d rukou Vortice Premium Dry (manu\u00e1l)\"}]},{\"@type\":\"WebSite\",\"@id\":\"https:\/\/klimavex.eu\/cz\/#website\",\"url\":\"https:\/\/klimavex.eu\/cz\/\",\"name\":\"KLIMAVEX GROUP - \u010cesko\",\"description\":\"\",\"publisher\":{\"@id\":\"https:\/\/klimavex.eu\/cz\/#organization\"},\"alternateName\":\"KLIMAVEX CZ a.s.\",\"potentialAction\":[{\"@type\":\"SearchAction\",\"target\":{\"@type\":\"EntryPoint\",\"urlTemplate\":\"https:\/\/klimavex.eu\/cz\/?s={search_term_string}\"},\"query-input\":{\"@type\":\"PropertyValueSpecification\",\"valueRequired\":true,\"valueName\":\"search_term_string\"}}],\"inLanguage\":\"cs\"},{\"@type\":\"Organization\",\"@id\":\"https:\/\/klimavex.eu\/cz\/#organization\",\"name\":\"KLIMAVEX GROUP\",\"alternateName\":\"KLIMAVEX\",\"url\":\"https:\/\/klimavex.eu\/cz\/\",\"logo\":{\"@type\":\"ImageObject\",\"inLanguage\":\"cs\",\"@id\":\"https:\/\/klimavex.eu\/cz\/#\/schema\/logo\/image\/\",\"url\":\"https:\/\/klimavex.eu\/cz\/wp-content\/uploads\/2024\/04\/Klimavex-Group-logo.png\",\"contentUrl\":\"https:\/\/klimavex.eu\/cz\/wp-content\/uploads\/2024\/04\/Klimavex-Group-logo.png\",\"width\":1681,\"height\":472,\"caption\":\"KLIMAVEX GROUP\"},\"image\":{\"@id\":\"https:\/\/klimavex.eu\/cz\/#\/schema\/logo\/image\/\"},\"sameAs\":[\"https:\/\/www.facebook.com\/klimavex.cz\",\"https:\/\/www.instagram.com\/klimavex_cz\/\"]}]}<\/script>\n<!-- \/ Yoast SEO plugin. -->","yoast_head_json":{"title":"Osou\u0161e\u010d rukou Vortice Premium Dry (manu\u00e1l) - KLIMAVEX GROUP - \u010cesko","robots":{"index":"index","follow":"follow","max-snippet":"max-snippet:-1","max-image-preview":"max-image-preview:large","max-video-preview":"max-video-preview:-1"},"canonical":"https:\/\/klimavex.eu\/cz\/katalog\/osousec-rukou-vortice-premium-dry-manual\/","og_locale":"cs_CZ","og_type":"article","og_title":"Osou\u0161e\u010d rukou Vortice Premium Dry (manu\u00e1l) - KLIMAVEX GROUP - \u010cesko","og_description":"Manu\u00e1ln\u00ed osou\u0161e\u010d rukou Vortice Premium Dry je vhodn\u00fd pro dom\u00e1cnosti, n\u00e1kupn\u00ed centra, restaurace, komer\u010dn\u00ed prostory a dal\u0161\u00ed ve\u0159ejn\u00e9 prostory. Manu\u00e1ln\u00ed verze se spou\u0161t\u00ed stisknut\u00edm tla\u010d\u00edtka. Proud\u011bn\u00ed hork\u00e9ho vzduchu je mo\u017en\u00e9 nastavit od 20 do 60 sekund. Osou\u0161e\u010d Premium Dry je opat\u0159en zpevn\u011bn\u00fdm krytem a Antivandal ochranou, kter\u00e1 d\u00edky speci\u00e1ln\u00edm \u0161roub\u016fm zabra\u0148uje otev\u0159en\u00ed p\u0159\u00edstroje a jeho po\u0161kozen\u00ed. Ventil\u00e1tor osou\u0161e\u010de m\u00e1 induk\u010dn\u00ed motor s tepelnou pojistkou a bezpe\u010dnostn\u00edm termostatem, kter\u00fd odpojuje za\u0159\u00edzen\u00ed p\u0159i p\u0159eh\u0159\u00e1t\u00ed.&nbsp;","og_url":"https:\/\/klimavex.eu\/cz\/katalog\/osousec-rukou-vortice-premium-dry-manual\/","og_site_name":"KLIMAVEX GROUP - \u010cesko","article_publisher":"https:\/\/www.facebook.com\/klimavex.cz","article_modified_time":"2026-04-02T14:01:55+00:00","og_image":[{"width":572,"height":512,"url":"https:\/\/klimavex.eu\/cz\/wp-content\/uploads\/2025\/09\/LXzdS3z-_FmQTRde4UX3akt28m2TJVCA9KbpuPE250s.png","type":"image\/png"}],"twitter_card":"summary_large_image","schema":{"@context":"https:\/\/schema.org","@graph":[{"@type":"WebPage","@id":"https:\/\/klimavex.eu\/cz\/katalog\/osousec-rukou-vortice-premium-dry-manual\/","url":"https:\/\/klimavex.eu\/cz\/katalog\/osousec-rukou-vortice-premium-dry-manual\/","name":"Osou\u0161e\u010d rukou Vortice Premium Dry (manu\u00e1l) - KLIMAVEX GROUP - \u010cesko","isPartOf":{"@id":"https:\/\/klimavex.eu\/cz\/#website"},"primaryImageOfPage":{"@id":"https:\/\/klimavex.eu\/cz\/katalog\/osousec-rukou-vortice-premium-dry-manual\/#primaryimage"},"image":{"@id":"https:\/\/klimavex.eu\/cz\/katalog\/osousec-rukou-vortice-premium-dry-manual\/#primaryimage"},"thumbnailUrl":"https:\/\/klimavex.eu\/cz\/wp-content\/uploads\/2025\/09\/LXzdS3z-_FmQTRde4UX3akt28m2TJVCA9KbpuPE250s.png","datePublished":"2026-04-02T14:01:50+00:00","dateModified":"2026-04-02T14:01:55+00:00","breadcrumb":{"@id":"https:\/\/klimavex.eu\/cz\/katalog\/osousec-rukou-vortice-premium-dry-manual\/#breadcrumb"},"inLanguage":"cs","potentialAction":[{"@type":"ReadAction","target":["https:\/\/klimavex.eu\/cz\/katalog\/osousec-rukou-vortice-premium-dry-manual\/"]}]},{"@type":"ImageObject","inLanguage":"cs","@id":"https:\/\/klimavex.eu\/cz\/katalog\/osousec-rukou-vortice-premium-dry-manual\/#primaryimage","url":"https:\/\/klimavex.eu\/cz\/wp-content\/uploads\/2025\/09\/LXzdS3z-_FmQTRde4UX3akt28m2TJVCA9KbpuPE250s.png","contentUrl":"https:\/\/klimavex.eu\/cz\/wp-content\/uploads\/2025\/09\/LXzdS3z-_FmQTRde4UX3akt28m2TJVCA9KbpuPE250s.png","width":572,"height":512},{"@type":"BreadcrumbList","@id":"https:\/\/klimavex.eu\/cz\/katalog\/osousec-rukou-vortice-premium-dry-manual\/#breadcrumb","itemListElement":[{"@type":"ListItem","position":1,"name":"Domovsk\u00e1 str\u00e1nka","item":"https:\/\/klimavex.eu\/cz\/"},{"@type":"ListItem","position":2,"name":"Eshop","item":"https:\/\/klimavex.eu\/cz\/eshop\/"},{"@type":"ListItem","position":3,"name":"Osou\u0161e\u010d rukou Vortice Premium Dry (manu\u00e1l)"}]},{"@type":"WebSite","@id":"https:\/\/klimavex.eu\/cz\/#website","url":"https:\/\/klimavex.eu\/cz\/","name":"KLIMAVEX GROUP - \u010cesko","description":"","publisher":{"@id":"https:\/\/klimavex.eu\/cz\/#organization"},"alternateName":"KLIMAVEX CZ a.s.","potentialAction":[{"@type":"SearchAction","target":{"@type":"EntryPoint","urlTemplate":"https:\/\/klimavex.eu\/cz\/?s={search_term_string}"},"query-input":{"@type":"PropertyValueSpecification","valueRequired":true,"valueName":"search_term_string"}}],"inLanguage":"cs"},{"@type":"Organization","@id":"https:\/\/klimavex.eu\/cz\/#organization","name":"KLIMAVEX GROUP","alternateName":"KLIMAVEX","url":"https:\/\/klimavex.eu\/cz\/","logo":{"@type":"ImageObject","inLanguage":"cs","@id":"https:\/\/klimavex.eu\/cz\/#\/schema\/logo\/image\/","url":"https:\/\/klimavex.eu\/cz\/wp-content\/uploads\/2024\/04\/Klimavex-Group-logo.png","contentUrl":"https:\/\/klimavex.eu\/cz\/wp-content\/uploads\/2024\/04\/Klimavex-Group-logo.png","width":1681,"height":472,"caption":"KLIMAVEX GROUP"},"image":{"@id":"https:\/\/klimavex.eu\/cz\/#\/schema\/logo\/image\/"},"sameAs":["https:\/\/www.facebook.com\/klimavex.cz","https:\/\/www.instagram.com\/klimavex_cz\/"]}]}},"_links":{"self":[{"href":"https:\/\/klimavex.eu\/cz\/wp-json\/wp\/v2\/product\/544029","targetHints":{"allow":["GET"]}}],"collection":[{"href":"https:\/\/klimavex.eu\/cz\/wp-json\/wp\/v2\/product"}],"about":[{"href":"https:\/\/klimavex.eu\/cz\/wp-json\/wp\/v2\/types\/product"}],"version-history":[{"count":0,"href":"https:\/\/klimavex.eu\/cz\/wp-json\/wp\/v2\/product\/544029\/revisions"}],"wp:featuredmedia":[{"embeddable":true,"href":"https:\/\/klimavex.eu\/cz\/wp-json\/wp\/v2\/media\/550865"}],"wp:attachment":[{"href":"https:\/\/klimavex.eu\/cz\/wp-json\/wp\/v2\/media?parent=544029"}],"wp:term":[{"taxonomy":"product_cat","embeddable":true,"href":"https:\/\/klimavex.eu\/cz\/wp-json\/wp\/v2\/product_cat?post=544029"},{"taxonomy":"product_tag","embeddable":true,"href":"https:\/\/klimavex.eu\/cz\/wp-json\/wp\/v2\/product_tag?post=544029"}],"curies":[{"name":"wp","href":"https:\/\/api.w.org\/{rel}","templated":true}]}}