{"id":544072,"date":"2026-03-31T18:46:52","date_gmt":"2026-03-31T16:46:52","guid":{"rendered":"https:\/\/klimavex.eu\/cz\/katalog\/ventilator-vortice-tiracamino\/"},"modified":"2026-03-31T18:47:53","modified_gmt":"2026-03-31T16:47:53","slug":"ventilator-vortice-tiracamino","status":"publish","type":"product","link":"https:\/\/klimavex.eu\/cz\/katalog\/ventilator-vortice-tiracamino\/","title":{"rendered":"Ventil\u00e1tor Vortice TIRACAMINO"},"content":{"rendered":"<p style=\"text-align: justify;\"><strong>Kl&iacute;\u010dov&eacute; vlastnosti:<\/strong><\/p>\n<ul>\n<li style=\"text-align: justify;\">Nesm&iacute; b&yacute;t vypnut&yacute;, je-li v krbu ohe\u0148!<\/li>\n<li style=\"text-align: justify;\">Nen&iacute; vhodn&yacute; pro plynov&eacute; krby, kotle na tuh&aacute; paliva a d\u0159evo.<\/li>\n<li style=\"text-align: justify;\">Motor s kuli\u010dkov&yacute;mi lo\u017eisky, kter&aacute; zaji&scaron;\u0165uj&iacute; dlouhou \u017eivotnost a bezporuchov&yacute; provoz ventil&aacute;toru po dobu 30 000 hodin.<\/li>\n<li style=\"text-align: justify;\">Ob\u011b\u017en&eacute; kolo m&aacute; vylep&scaron;enou konstrukci lopatek, aby se sn&iacute;\u017eilo zan&aacute;&scaron;en&iacute; sazemi.<\/li>\n<li style=\"text-align: justify;\">Minim&aacute;ln&iacute; vzd&aacute;lenost od ohn\u011b 6m.<\/li>\n<li style=\"text-align: justify;\">Mont&aacute;\u017e na kom&iacute;ny.<\/li>\n<li style=\"text-align: justify;\">Ventil&aacute;tor m&aacute; ocelovou konstrukci odolnou v\u016f\u010di pov\u011btrnostn&iacute;m vliv\u016fm, chr&aacute;n\u011bnou polyesterovou prysky\u0159ic&iacute;.<\/li>\n<li style=\"text-align: justify;\">Za\u0159&iacute;zen&iacute; mus&iacute; b&yacute;t uzemn\u011bno.<\/li>\n<li style=\"text-align: justify;\">Ventil&aacute;tor se dod&aacute;v&aacute; spolu se z&aacute;kladov&yacute;m r&aacute;mem a ocelov&yacute;m bezpe\u010dnostn&iacute;m lankem pro stabiln&iacute; ukotven&iacute;.<\/li>\n<li style=\"text-align: justify;\">Regul&aacute;tor ot&aacute;\u010dek je sou\u010d&aacute;st&iacute; dod&aacute;vky.<\/li>\n<\/ul>\n","protected":false},"excerpt":{"rendered":"<p style=\"text-align: justify;\"><strong>Kom&iacute;nov&yacute; ods&aacute;vac&iacute; ventil&aacute;tor <\/strong>Vortice Tiracamino s mont&aacute;\u017e&iacute; na kom&iacute;n <strong>pro zes&iacute;len&iacute; tahu kom&iacute;na <\/strong>p\u0159i otev\u0159en&eacute;m ohni. Model s <strong>asynchronn&iacute;m induk\u010dn&iacute;m motorem, kuli\u010dkov&yacute;mi lo\u017eisky je navr\u017een tak, aby dlouhodob\u011b sn&aacute;&scaron;el vysok&eacute; teploty (200&deg;C). <\/strong>Pokud v krbu, v peci nen&iacute; ohe\u0148, m\u016f\u017ee b&yacute;t pou\u017eit jako klasick&yacute; ods&aacute;vac&iacute; ventil&aacute;tor.<\/p>\n","protected":false},"featured_media":551012,"template":"","meta":[],"product_cat":[7604,7562,7579,7578],"product_tag":[],"class_list":{"0":"post-544072","1":"product","2":"type-product","3":"status-publish","4":"has-post-thumbnail","6":"product_cat-tiracamino","7":"product_cat-ventilatory","8":"product_cat-stresni-ventilatory","9":"product_cat-prumyslove-ventilatory","10":"pa_dostupny-tlak-pa-13261","11":"pa_hlucnost-lp-3m-13262","12":"pa_kryti-ipx4","13":"pa_provedeni-kominovy","14":"pa_typ-tiracamino","15":"pa_vzduchovy-vykon-qv-m3-13260","16":"pa_znacka-vortice","18":"first","19":"instock","20":"taxable","21":"shipping-taxable","22":"purchasable","23":"product-type-simple"},"yoast_head":"<!-- This site is optimized with the Yoast SEO plugin v23.9 - https:\/\/yoast.com\/wordpress\/plugins\/seo\/ -->\n<title>Ventil\u00e1tor Vortice TIRACAMINO - KLIMAVEX GROUP - \u010cesko<\/title>\n<meta name=\"robots\" content=\"index, follow, max-snippet:-1, max-image-preview:large, max-video-preview:-1\" \/>\n<link rel=\"canonical\" href=\"https:\/\/klimavex.eu\/cz\/katalog\/ventilator-vortice-tiracamino\/\" \/>\n<meta property=\"og:locale\" content=\"cs_CZ\" \/>\n<meta property=\"og:type\" content=\"article\" \/>\n<meta property=\"og:title\" content=\"Ventil\u00e1tor Vortice TIRACAMINO - KLIMAVEX GROUP - \u010cesko\" \/>\n<meta property=\"og:description\" content=\"Kom&iacute;nov&yacute; ods&aacute;vac&iacute; ventil&aacute;tor Vortice Tiracamino s mont&aacute;\u017e&iacute; na kom&iacute;n pro zes&iacute;len&iacute; tahu kom&iacute;na p\u0159i otev\u0159en&eacute;m ohni. Model s asynchronn&iacute;m induk\u010dn&iacute;m motorem, kuli\u010dkov&yacute;mi lo\u017eisky je navr\u017een tak, aby dlouhodob\u011b sn&aacute;&scaron;el vysok&eacute; teploty (200&deg;C). Pokud v krbu, v peci nen&iacute; ohe\u0148, m\u016f\u017ee b&yacute;t pou\u017eit jako klasick&yacute; ods&aacute;vac&iacute; ventil&aacute;tor.\" \/>\n<meta property=\"og:url\" content=\"https:\/\/klimavex.eu\/cz\/katalog\/ventilator-vortice-tiracamino\/\" \/>\n<meta property=\"og:site_name\" content=\"KLIMAVEX GROUP - \u010cesko\" \/>\n<meta property=\"article:publisher\" content=\"https:\/\/www.facebook.com\/klimavex.cz\" \/>\n<meta property=\"article:modified_time\" content=\"2026-03-31T16:47:53+00:00\" \/>\n<meta property=\"og:image\" content=\"https:\/\/klimavex.eu\/cz\/wp-content\/uploads\/2025\/09\/cH5gu0JkN6M5sgAC2imlFX9W4BAtwlStRe-2qvR3Fec.png\" \/>\n\t<meta property=\"og:image:width\" content=\"549\" \/>\n\t<meta property=\"og:image:height\" content=\"512\" \/>\n\t<meta property=\"og:image:type\" content=\"image\/png\" \/>\n<meta name=\"twitter:card\" content=\"summary_large_image\" \/>\n<meta name=\"twitter:label1\" content=\"Odhadovan\u00e1 doba \u010dten\u00ed\" \/>\n\t<meta name=\"twitter:data1\" content=\"1 minuta\" \/>\n<script type=\"application\/ld+json\" class=\"yoast-schema-graph\">{\"@context\":\"https:\/\/schema.org\",\"@graph\":[{\"@type\":\"WebPage\",\"@id\":\"https:\/\/klimavex.eu\/cz\/katalog\/ventilator-vortice-tiracamino\/\",\"url\":\"https:\/\/klimavex.eu\/cz\/katalog\/ventilator-vortice-tiracamino\/\",\"name\":\"Ventil\u00e1tor Vortice TIRACAMINO - KLIMAVEX GROUP - \u010cesko\",\"isPartOf\":{\"@id\":\"https:\/\/klimavex.eu\/cz\/#website\"},\"primaryImageOfPage\":{\"@id\":\"https:\/\/klimavex.eu\/cz\/katalog\/ventilator-vortice-tiracamino\/#primaryimage\"},\"image\":{\"@id\":\"https:\/\/klimavex.eu\/cz\/katalog\/ventilator-vortice-tiracamino\/#primaryimage\"},\"thumbnailUrl\":\"https:\/\/klimavex.eu\/cz\/wp-content\/uploads\/2025\/09\/cH5gu0JkN6M5sgAC2imlFX9W4BAtwlStRe-2qvR3Fec.png\",\"datePublished\":\"2026-03-31T16:46:52+00:00\",\"dateModified\":\"2026-03-31T16:47:53+00:00\",\"breadcrumb\":{\"@id\":\"https:\/\/klimavex.eu\/cz\/katalog\/ventilator-vortice-tiracamino\/#breadcrumb\"},\"inLanguage\":\"cs\",\"potentialAction\":[{\"@type\":\"ReadAction\",\"target\":[\"https:\/\/klimavex.eu\/cz\/katalog\/ventilator-vortice-tiracamino\/\"]}]},{\"@type\":\"ImageObject\",\"inLanguage\":\"cs\",\"@id\":\"https:\/\/klimavex.eu\/cz\/katalog\/ventilator-vortice-tiracamino\/#primaryimage\",\"url\":\"https:\/\/klimavex.eu\/cz\/wp-content\/uploads\/2025\/09\/cH5gu0JkN6M5sgAC2imlFX9W4BAtwlStRe-2qvR3Fec.png\",\"contentUrl\":\"https:\/\/klimavex.eu\/cz\/wp-content\/uploads\/2025\/09\/cH5gu0JkN6M5sgAC2imlFX9W4BAtwlStRe-2qvR3Fec.png\",\"width\":549,\"height\":512},{\"@type\":\"BreadcrumbList\",\"@id\":\"https:\/\/klimavex.eu\/cz\/katalog\/ventilator-vortice-tiracamino\/#breadcrumb\",\"itemListElement\":[{\"@type\":\"ListItem\",\"position\":1,\"name\":\"Domovsk\u00e1 str\u00e1nka\",\"item\":\"https:\/\/klimavex.eu\/cz\/\"},{\"@type\":\"ListItem\",\"position\":2,\"name\":\"Eshop\",\"item\":\"https:\/\/klimavex.eu\/cz\/eshop\/\"},{\"@type\":\"ListItem\",\"position\":3,\"name\":\"Ventil\u00e1tor Vortice TIRACAMINO\"}]},{\"@type\":\"WebSite\",\"@id\":\"https:\/\/klimavex.eu\/cz\/#website\",\"url\":\"https:\/\/klimavex.eu\/cz\/\",\"name\":\"KLIMAVEX GROUP - \u010cesko\",\"description\":\"\",\"publisher\":{\"@id\":\"https:\/\/klimavex.eu\/cz\/#organization\"},\"alternateName\":\"KLIMAVEX CZ a.s.\",\"potentialAction\":[{\"@type\":\"SearchAction\",\"target\":{\"@type\":\"EntryPoint\",\"urlTemplate\":\"https:\/\/klimavex.eu\/cz\/?s={search_term_string}\"},\"query-input\":{\"@type\":\"PropertyValueSpecification\",\"valueRequired\":true,\"valueName\":\"search_term_string\"}}],\"inLanguage\":\"cs\"},{\"@type\":\"Organization\",\"@id\":\"https:\/\/klimavex.eu\/cz\/#organization\",\"name\":\"KLIMAVEX GROUP\",\"alternateName\":\"KLIMAVEX\",\"url\":\"https:\/\/klimavex.eu\/cz\/\",\"logo\":{\"@type\":\"ImageObject\",\"inLanguage\":\"cs\",\"@id\":\"https:\/\/klimavex.eu\/cz\/#\/schema\/logo\/image\/\",\"url\":\"https:\/\/klimavex.eu\/cz\/wp-content\/uploads\/2024\/04\/Klimavex-Group-logo.png\",\"contentUrl\":\"https:\/\/klimavex.eu\/cz\/wp-content\/uploads\/2024\/04\/Klimavex-Group-logo.png\",\"width\":1681,\"height\":472,\"caption\":\"KLIMAVEX GROUP\"},\"image\":{\"@id\":\"https:\/\/klimavex.eu\/cz\/#\/schema\/logo\/image\/\"},\"sameAs\":[\"https:\/\/www.facebook.com\/klimavex.cz\",\"https:\/\/www.instagram.com\/klimavex_cz\/\"]}]}<\/script>\n<!-- \/ Yoast SEO plugin. -->","yoast_head_json":{"title":"Ventil\u00e1tor Vortice TIRACAMINO - KLIMAVEX GROUP - \u010cesko","robots":{"index":"index","follow":"follow","max-snippet":"max-snippet:-1","max-image-preview":"max-image-preview:large","max-video-preview":"max-video-preview:-1"},"canonical":"https:\/\/klimavex.eu\/cz\/katalog\/ventilator-vortice-tiracamino\/","og_locale":"cs_CZ","og_type":"article","og_title":"Ventil\u00e1tor Vortice TIRACAMINO - KLIMAVEX GROUP - \u010cesko","og_description":"Kom&iacute;nov&yacute; ods&aacute;vac&iacute; ventil&aacute;tor Vortice Tiracamino s mont&aacute;\u017e&iacute; na kom&iacute;n pro zes&iacute;len&iacute; tahu kom&iacute;na p\u0159i otev\u0159en&eacute;m ohni. Model s asynchronn&iacute;m induk\u010dn&iacute;m motorem, kuli\u010dkov&yacute;mi lo\u017eisky je navr\u017een tak, aby dlouhodob\u011b sn&aacute;&scaron;el vysok&eacute; teploty (200&deg;C). Pokud v krbu, v peci nen&iacute; ohe\u0148, m\u016f\u017ee b&yacute;t pou\u017eit jako klasick&yacute; ods&aacute;vac&iacute; ventil&aacute;tor.","og_url":"https:\/\/klimavex.eu\/cz\/katalog\/ventilator-vortice-tiracamino\/","og_site_name":"KLIMAVEX GROUP - \u010cesko","article_publisher":"https:\/\/www.facebook.com\/klimavex.cz","article_modified_time":"2026-03-31T16:47:53+00:00","og_image":[{"width":549,"height":512,"url":"https:\/\/klimavex.eu\/cz\/wp-content\/uploads\/2025\/09\/cH5gu0JkN6M5sgAC2imlFX9W4BAtwlStRe-2qvR3Fec.png","type":"image\/png"}],"twitter_card":"summary_large_image","twitter_misc":{"Odhadovan\u00e1 doba \u010dten\u00ed":"1 minuta"},"schema":{"@context":"https:\/\/schema.org","@graph":[{"@type":"WebPage","@id":"https:\/\/klimavex.eu\/cz\/katalog\/ventilator-vortice-tiracamino\/","url":"https:\/\/klimavex.eu\/cz\/katalog\/ventilator-vortice-tiracamino\/","name":"Ventil\u00e1tor Vortice TIRACAMINO - KLIMAVEX GROUP - \u010cesko","isPartOf":{"@id":"https:\/\/klimavex.eu\/cz\/#website"},"primaryImageOfPage":{"@id":"https:\/\/klimavex.eu\/cz\/katalog\/ventilator-vortice-tiracamino\/#primaryimage"},"image":{"@id":"https:\/\/klimavex.eu\/cz\/katalog\/ventilator-vortice-tiracamino\/#primaryimage"},"thumbnailUrl":"https:\/\/klimavex.eu\/cz\/wp-content\/uploads\/2025\/09\/cH5gu0JkN6M5sgAC2imlFX9W4BAtwlStRe-2qvR3Fec.png","datePublished":"2026-03-31T16:46:52+00:00","dateModified":"2026-03-31T16:47:53+00:00","breadcrumb":{"@id":"https:\/\/klimavex.eu\/cz\/katalog\/ventilator-vortice-tiracamino\/#breadcrumb"},"inLanguage":"cs","potentialAction":[{"@type":"ReadAction","target":["https:\/\/klimavex.eu\/cz\/katalog\/ventilator-vortice-tiracamino\/"]}]},{"@type":"ImageObject","inLanguage":"cs","@id":"https:\/\/klimavex.eu\/cz\/katalog\/ventilator-vortice-tiracamino\/#primaryimage","url":"https:\/\/klimavex.eu\/cz\/wp-content\/uploads\/2025\/09\/cH5gu0JkN6M5sgAC2imlFX9W4BAtwlStRe-2qvR3Fec.png","contentUrl":"https:\/\/klimavex.eu\/cz\/wp-content\/uploads\/2025\/09\/cH5gu0JkN6M5sgAC2imlFX9W4BAtwlStRe-2qvR3Fec.png","width":549,"height":512},{"@type":"BreadcrumbList","@id":"https:\/\/klimavex.eu\/cz\/katalog\/ventilator-vortice-tiracamino\/#breadcrumb","itemListElement":[{"@type":"ListItem","position":1,"name":"Domovsk\u00e1 str\u00e1nka","item":"https:\/\/klimavex.eu\/cz\/"},{"@type":"ListItem","position":2,"name":"Eshop","item":"https:\/\/klimavex.eu\/cz\/eshop\/"},{"@type":"ListItem","position":3,"name":"Ventil\u00e1tor Vortice TIRACAMINO"}]},{"@type":"WebSite","@id":"https:\/\/klimavex.eu\/cz\/#website","url":"https:\/\/klimavex.eu\/cz\/","name":"KLIMAVEX GROUP - \u010cesko","description":"","publisher":{"@id":"https:\/\/klimavex.eu\/cz\/#organization"},"alternateName":"KLIMAVEX CZ a.s.","potentialAction":[{"@type":"SearchAction","target":{"@type":"EntryPoint","urlTemplate":"https:\/\/klimavex.eu\/cz\/?s={search_term_string}"},"query-input":{"@type":"PropertyValueSpecification","valueRequired":true,"valueName":"search_term_string"}}],"inLanguage":"cs"},{"@type":"Organization","@id":"https:\/\/klimavex.eu\/cz\/#organization","name":"KLIMAVEX GROUP","alternateName":"KLIMAVEX","url":"https:\/\/klimavex.eu\/cz\/","logo":{"@type":"ImageObject","inLanguage":"cs","@id":"https:\/\/klimavex.eu\/cz\/#\/schema\/logo\/image\/","url":"https:\/\/klimavex.eu\/cz\/wp-content\/uploads\/2024\/04\/Klimavex-Group-logo.png","contentUrl":"https:\/\/klimavex.eu\/cz\/wp-content\/uploads\/2024\/04\/Klimavex-Group-logo.png","width":1681,"height":472,"caption":"KLIMAVEX GROUP"},"image":{"@id":"https:\/\/klimavex.eu\/cz\/#\/schema\/logo\/image\/"},"sameAs":["https:\/\/www.facebook.com\/klimavex.cz","https:\/\/www.instagram.com\/klimavex_cz\/"]}]}},"_links":{"self":[{"href":"https:\/\/klimavex.eu\/cz\/wp-json\/wp\/v2\/product\/544072","targetHints":{"allow":["GET"]}}],"collection":[{"href":"https:\/\/klimavex.eu\/cz\/wp-json\/wp\/v2\/product"}],"about":[{"href":"https:\/\/klimavex.eu\/cz\/wp-json\/wp\/v2\/types\/product"}],"version-history":[{"count":0,"href":"https:\/\/klimavex.eu\/cz\/wp-json\/wp\/v2\/product\/544072\/revisions"}],"wp:featuredmedia":[{"embeddable":true,"href":"https:\/\/klimavex.eu\/cz\/wp-json\/wp\/v2\/media\/551012"}],"wp:attachment":[{"href":"https:\/\/klimavex.eu\/cz\/wp-json\/wp\/v2\/media?parent=544072"}],"wp:term":[{"taxonomy":"product_cat","embeddable":true,"href":"https:\/\/klimavex.eu\/cz\/wp-json\/wp\/v2\/product_cat?post=544072"},{"taxonomy":"product_tag","embeddable":true,"href":"https:\/\/klimavex.eu\/cz\/wp-json\/wp\/v2\/product_tag?post=544072"}],"curies":[{"name":"wp","href":"https:\/\/api.w.org\/{rel}","templated":true}]}}