{"id":544084,"date":"2026-03-31T18:48:00","date_gmt":"2026-03-31T16:48:00","guid":{"rendered":"https:\/\/klimavex.eu\/cz\/katalog\/osousec-rukou-vortice-ecodry-ec-automaticky-matna-cerna\/"},"modified":"2026-03-31T18:48:13","modified_gmt":"2026-03-31T16:48:13","slug":"osousec-rukou-vortice-ecodry-ec-automaticky-matna-cerna","status":"publish","type":"product","link":"https:\/\/klimavex.eu\/cz\/katalog\/osousec-rukou-vortice-ecodry-ec-automaticky-matna-cerna\/","title":{"rendered":"Osou\u0161e\u010d rukou Vortice Ecodry EC (automatick\u00fd) matn\u00e1 \u010dern\u00e1"},"content":{"rendered":"<p style=\"text-align: justify;\"><strong>Kl&iacute;\u010dov&eacute; vlastnosti:<\/strong><\/p>\n<ul>\n<li style=\"text-align: justify;\">P\u0159edn&iacute; kryt z nerezav\u011bj&iacute;c&iacute; oceli AISI 304 lakovan&yacute; matnou \u010dernou barvou.<\/li>\n<li style=\"text-align: justify;\">Aktiva\u010dn&iacute; vzd&aacute;lenost infra\u010derven&eacute;ho senzoru, kter&yacute; \u0159&iacute;d&iacute; spu&scaron;t\u011bn&iacute; a zastaven&iacute; za\u0159&iacute;zen&iacute;, lze nastavit p\u0159i instalaci od 10 do 20 cm.<\/li>\n<li style=\"text-align: justify;\">EC bezkart&aacute;\u010dov&yacute; motor s n&iacute;zkou spot\u0159ebou a zabudovanou tepelnou ochranou (p\u0159edpokl&aacute;dan&aacute; \u017eivotnost 3kr&aacute;t v\u011bt&scaron;&iacute; ne\u017e u AC motor\u016f).<\/li>\n<li style=\"text-align: justify;\">HEPA filtr na s&aacute;n&iacute; pro zachyt&aacute;v&aacute;n&iacute; ne\u010distot a garanci kvalitn\u011bj&scaron;&iacute;ho vyfukovan&eacute;ho vzduchu.<\/li>\n<li style=\"text-align: justify;\">Automatick&eacute; vypnut&iacute; za\u0159&iacute;zen&iacute; po 50 sekund&aacute;ch provozu.<\/li>\n<li style=\"text-align: justify;\">Elektrick&yacute; odpor s dvojitou ochranou &ndash; tepeln&aacute; pojistka a tepeln&yacute; omezova\u010d s automatick&yacute;m resetem.<\/li>\n<li style=\"text-align: justify;\">&Scaron;t\u011brbinov&eacute; v&yacute;fukov&eacute; otvory pro zabezpe\u010den&iacute; vysokotlak&eacute;ho proudu vzduchu a rychl&eacute; vysu&scaron;en&iacute; rukou (p\u0159ibli\u017en\u011b 12-14 sekund).<\/li>\n<li style=\"text-align: justify;\">N&aacute;st\u011bnn&aacute; p\u0159&iacute;ruba speci&aacute;ln\u011b tvarovan&aacute; pro sn&iacute;\u017een&iacute; vibrac&iacute; a hlu\u010dnosti.<\/li>\n<li style=\"text-align: justify;\">Vnit\u0159n&iacute; t\u011blo se samozh&aacute;&scaron;iv&yacute;m plastem (VO) a zv&yacute;&scaron;enou odolnost&iacute; v\u016f\u010di teplot\u011b.<\/li>\n<li style=\"text-align: justify;\">Signalizace zanesen&iacute; filtru indikov&aacute;na p\u0159&iacute;mo na p\u0159edn&iacute;m opl&aacute;&scaron;t\u011bn&iacute;.<\/li>\n<li style=\"text-align: justify;\">Spl\u0148uje vysok&eacute; bezpe\u010dnostn&iacute; standardy v souladu s mezin&aacute;rodn&iacute;mi normami certifikovan&yacute;mi NEMKO.<\/li>\n<li style=\"text-align: justify;\">Jednoduch&aacute; instalace a &uacute;dr\u017eba.<\/li>\n<li style=\"text-align: justify;\">Kryt&iacute; IPX4.<\/li>\n<li style=\"text-align: justify;\">T\u0159&iacute;da izolace: I (za\u0159&iacute;zen&iacute; mus&iacute; b&yacute;t uzemn\u011bno).<\/li>\n<\/ul>\n","protected":false},"excerpt":{"rendered":"<p style=\"text-align: justify;\">Tryskov&yacute; automatick&yacute; osou&scaron;e\u010d rukou <strong>Vortice Ecodry <\/strong>je navr\u017een pro z&aacute;t\u011b\u017eov&eacute; aplikace <strong>v koupeln&aacute;ch <\/strong>a prostor&aacute;ch na ve\u0159ejn&yacute;ch m&iacute;stech (restaurace, hotely, \u010derpac&iacute; stanice, baz&eacute;ny, t\u011blocvi\u010dny, wellness centra, l&aacute;zn\u011b apod.). Zaru\u010d&iacute; maxim&aacute;ln&iacute; hygienu &ndash; <strong>aktivov&aacute;n bez dotyku<\/strong>, pouze pohybem ruky d&iacute;ky infra\u010derven&eacute;mu senzoru. Citlivost sn&iacute;m&aacute;n&iacute; infra\u010derven&eacute;ho senzoru lze nastavit v rozsahu 10-20 cm p\u0159i instalaci. Mont&aacute;\u017e na ze\u010f.<\/p>\n","protected":false},"featured_media":551057,"template":"","meta":[],"product_cat":[7596,7562,7576],"product_tag":[],"class_list":{"0":"post-544084","1":"product","2":"type-product","3":"status-publish","4":"has-post-thumbnail","6":"product_cat-osousece-rukou","7":"product_cat-ventilatory","8":"product_cat-osousece-rukou-vlasu-davkovace-mydla","9":"pa_el-prikon-spiraly-w-13270","10":"pa_kryti-ipx4","11":"pa_typ-osousec-rukou","12":"pa_vzduchovy-vykon-qv-m3-12970","13":"pa_znacka-vortice","15":"first","16":"instock","17":"taxable","18":"shipping-taxable","19":"purchasable","20":"product-type-simple"},"yoast_head":"<!-- This site is optimized with the Yoast SEO plugin v23.9 - https:\/\/yoast.com\/wordpress\/plugins\/seo\/ -->\n<title>Osou\u0161e\u010d rukou Vortice Ecodry EC (automatick\u00fd) matn\u00e1 \u010dern\u00e1 - KLIMAVEX GROUP - \u010cesko<\/title>\n<meta name=\"robots\" content=\"index, follow, max-snippet:-1, max-image-preview:large, max-video-preview:-1\" \/>\n<link rel=\"canonical\" href=\"https:\/\/klimavex.eu\/cz\/katalog\/osousec-rukou-vortice-ecodry-ec-automaticky-matna-cerna\/\" \/>\n<meta property=\"og:locale\" content=\"cs_CZ\" \/>\n<meta property=\"og:type\" content=\"article\" \/>\n<meta property=\"og:title\" content=\"Osou\u0161e\u010d rukou Vortice Ecodry EC (automatick\u00fd) matn\u00e1 \u010dern\u00e1 - KLIMAVEX GROUP - \u010cesko\" \/>\n<meta property=\"og:description\" content=\"Tryskov&yacute; automatick&yacute; osou&scaron;e\u010d rukou Vortice Ecodry je navr\u017een pro z&aacute;t\u011b\u017eov&eacute; aplikace v koupeln&aacute;ch a prostor&aacute;ch na ve\u0159ejn&yacute;ch m&iacute;stech (restaurace, hotely, \u010derpac&iacute; stanice, baz&eacute;ny, t\u011blocvi\u010dny, wellness centra, l&aacute;zn\u011b apod.). Zaru\u010d&iacute; maxim&aacute;ln&iacute; hygienu &ndash; aktivov&aacute;n bez dotyku, pouze pohybem ruky d&iacute;ky infra\u010derven&eacute;mu senzoru. Citlivost sn&iacute;m&aacute;n&iacute; infra\u010derven&eacute;ho senzoru lze nastavit v rozsahu 10-20 cm p\u0159i instalaci. Mont&aacute;\u017e na ze\u010f.\" \/>\n<meta property=\"og:url\" content=\"https:\/\/klimavex.eu\/cz\/katalog\/osousec-rukou-vortice-ecodry-ec-automaticky-matna-cerna\/\" \/>\n<meta property=\"og:site_name\" content=\"KLIMAVEX GROUP - \u010cesko\" \/>\n<meta property=\"article:publisher\" content=\"https:\/\/www.facebook.com\/klimavex.cz\" \/>\n<meta property=\"article:modified_time\" content=\"2026-03-31T16:48:13+00:00\" \/>\n<meta property=\"og:image\" content=\"https:\/\/klimavex.eu\/cz\/wp-content\/uploads\/2025\/09\/9tH5i_Qjhhr7HaomwoU0EDOV2O90BYsl4tANJyNwQug-1.png\" \/>\n\t<meta property=\"og:image:width\" content=\"512\" \/>\n\t<meta property=\"og:image:height\" content=\"542\" \/>\n\t<meta property=\"og:image:type\" content=\"image\/png\" \/>\n<meta name=\"twitter:card\" content=\"summary_large_image\" \/>\n<meta name=\"twitter:label1\" content=\"Odhadovan\u00e1 doba \u010dten\u00ed\" \/>\n\t<meta name=\"twitter:data1\" content=\"1 minuta\" \/>\n<script type=\"application\/ld+json\" class=\"yoast-schema-graph\">{\"@context\":\"https:\/\/schema.org\",\"@graph\":[{\"@type\":\"WebPage\",\"@id\":\"https:\/\/klimavex.eu\/cz\/katalog\/osousec-rukou-vortice-ecodry-ec-automaticky-matna-cerna\/\",\"url\":\"https:\/\/klimavex.eu\/cz\/katalog\/osousec-rukou-vortice-ecodry-ec-automaticky-matna-cerna\/\",\"name\":\"Osou\u0161e\u010d rukou Vortice Ecodry EC (automatick\u00fd) matn\u00e1 \u010dern\u00e1 - KLIMAVEX GROUP - \u010cesko\",\"isPartOf\":{\"@id\":\"https:\/\/klimavex.eu\/cz\/#website\"},\"primaryImageOfPage\":{\"@id\":\"https:\/\/klimavex.eu\/cz\/katalog\/osousec-rukou-vortice-ecodry-ec-automaticky-matna-cerna\/#primaryimage\"},\"image\":{\"@id\":\"https:\/\/klimavex.eu\/cz\/katalog\/osousec-rukou-vortice-ecodry-ec-automaticky-matna-cerna\/#primaryimage\"},\"thumbnailUrl\":\"https:\/\/klimavex.eu\/cz\/wp-content\/uploads\/2025\/09\/9tH5i_Qjhhr7HaomwoU0EDOV2O90BYsl4tANJyNwQug-1.png\",\"datePublished\":\"2026-03-31T16:48:00+00:00\",\"dateModified\":\"2026-03-31T16:48:13+00:00\",\"breadcrumb\":{\"@id\":\"https:\/\/klimavex.eu\/cz\/katalog\/osousec-rukou-vortice-ecodry-ec-automaticky-matna-cerna\/#breadcrumb\"},\"inLanguage\":\"cs\",\"potentialAction\":[{\"@type\":\"ReadAction\",\"target\":[\"https:\/\/klimavex.eu\/cz\/katalog\/osousec-rukou-vortice-ecodry-ec-automaticky-matna-cerna\/\"]}]},{\"@type\":\"ImageObject\",\"inLanguage\":\"cs\",\"@id\":\"https:\/\/klimavex.eu\/cz\/katalog\/osousec-rukou-vortice-ecodry-ec-automaticky-matna-cerna\/#primaryimage\",\"url\":\"https:\/\/klimavex.eu\/cz\/wp-content\/uploads\/2025\/09\/9tH5i_Qjhhr7HaomwoU0EDOV2O90BYsl4tANJyNwQug-1.png\",\"contentUrl\":\"https:\/\/klimavex.eu\/cz\/wp-content\/uploads\/2025\/09\/9tH5i_Qjhhr7HaomwoU0EDOV2O90BYsl4tANJyNwQug-1.png\",\"width\":512,\"height\":542},{\"@type\":\"BreadcrumbList\",\"@id\":\"https:\/\/klimavex.eu\/cz\/katalog\/osousec-rukou-vortice-ecodry-ec-automaticky-matna-cerna\/#breadcrumb\",\"itemListElement\":[{\"@type\":\"ListItem\",\"position\":1,\"name\":\"Domovsk\u00e1 str\u00e1nka\",\"item\":\"https:\/\/klimavex.eu\/cz\/\"},{\"@type\":\"ListItem\",\"position\":2,\"name\":\"Eshop\",\"item\":\"https:\/\/klimavex.eu\/cz\/eshop\/\"},{\"@type\":\"ListItem\",\"position\":3,\"name\":\"Osou\u0161e\u010d rukou Vortice Ecodry EC (automatick\u00fd) matn\u00e1 \u010dern\u00e1\"}]},{\"@type\":\"WebSite\",\"@id\":\"https:\/\/klimavex.eu\/cz\/#website\",\"url\":\"https:\/\/klimavex.eu\/cz\/\",\"name\":\"KLIMAVEX GROUP - \u010cesko\",\"description\":\"\",\"publisher\":{\"@id\":\"https:\/\/klimavex.eu\/cz\/#organization\"},\"alternateName\":\"KLIMAVEX CZ a.s.\",\"potentialAction\":[{\"@type\":\"SearchAction\",\"target\":{\"@type\":\"EntryPoint\",\"urlTemplate\":\"https:\/\/klimavex.eu\/cz\/?s={search_term_string}\"},\"query-input\":{\"@type\":\"PropertyValueSpecification\",\"valueRequired\":true,\"valueName\":\"search_term_string\"}}],\"inLanguage\":\"cs\"},{\"@type\":\"Organization\",\"@id\":\"https:\/\/klimavex.eu\/cz\/#organization\",\"name\":\"KLIMAVEX GROUP\",\"alternateName\":\"KLIMAVEX\",\"url\":\"https:\/\/klimavex.eu\/cz\/\",\"logo\":{\"@type\":\"ImageObject\",\"inLanguage\":\"cs\",\"@id\":\"https:\/\/klimavex.eu\/cz\/#\/schema\/logo\/image\/\",\"url\":\"https:\/\/klimavex.eu\/cz\/wp-content\/uploads\/2024\/04\/Klimavex-Group-logo.png\",\"contentUrl\":\"https:\/\/klimavex.eu\/cz\/wp-content\/uploads\/2024\/04\/Klimavex-Group-logo.png\",\"width\":1681,\"height\":472,\"caption\":\"KLIMAVEX GROUP\"},\"image\":{\"@id\":\"https:\/\/klimavex.eu\/cz\/#\/schema\/logo\/image\/\"},\"sameAs\":[\"https:\/\/www.facebook.com\/klimavex.cz\",\"https:\/\/www.instagram.com\/klimavex_cz\/\"]}]}<\/script>\n<!-- \/ Yoast SEO plugin. -->","yoast_head_json":{"title":"Osou\u0161e\u010d rukou Vortice Ecodry EC (automatick\u00fd) matn\u00e1 \u010dern\u00e1 - KLIMAVEX GROUP - \u010cesko","robots":{"index":"index","follow":"follow","max-snippet":"max-snippet:-1","max-image-preview":"max-image-preview:large","max-video-preview":"max-video-preview:-1"},"canonical":"https:\/\/klimavex.eu\/cz\/katalog\/osousec-rukou-vortice-ecodry-ec-automaticky-matna-cerna\/","og_locale":"cs_CZ","og_type":"article","og_title":"Osou\u0161e\u010d rukou Vortice Ecodry EC (automatick\u00fd) matn\u00e1 \u010dern\u00e1 - KLIMAVEX GROUP - \u010cesko","og_description":"Tryskov&yacute; automatick&yacute; osou&scaron;e\u010d rukou Vortice Ecodry je navr\u017een pro z&aacute;t\u011b\u017eov&eacute; aplikace v koupeln&aacute;ch a prostor&aacute;ch na ve\u0159ejn&yacute;ch m&iacute;stech (restaurace, hotely, \u010derpac&iacute; stanice, baz&eacute;ny, t\u011blocvi\u010dny, wellness centra, l&aacute;zn\u011b apod.). Zaru\u010d&iacute; maxim&aacute;ln&iacute; hygienu &ndash; aktivov&aacute;n bez dotyku, pouze pohybem ruky d&iacute;ky infra\u010derven&eacute;mu senzoru. Citlivost sn&iacute;m&aacute;n&iacute; infra\u010derven&eacute;ho senzoru lze nastavit v rozsahu 10-20 cm p\u0159i instalaci. Mont&aacute;\u017e na ze\u010f.","og_url":"https:\/\/klimavex.eu\/cz\/katalog\/osousec-rukou-vortice-ecodry-ec-automaticky-matna-cerna\/","og_site_name":"KLIMAVEX GROUP - \u010cesko","article_publisher":"https:\/\/www.facebook.com\/klimavex.cz","article_modified_time":"2026-03-31T16:48:13+00:00","og_image":[{"width":512,"height":542,"url":"https:\/\/klimavex.eu\/cz\/wp-content\/uploads\/2025\/09\/9tH5i_Qjhhr7HaomwoU0EDOV2O90BYsl4tANJyNwQug-1.png","type":"image\/png"}],"twitter_card":"summary_large_image","twitter_misc":{"Odhadovan\u00e1 doba \u010dten\u00ed":"1 minuta"},"schema":{"@context":"https:\/\/schema.org","@graph":[{"@type":"WebPage","@id":"https:\/\/klimavex.eu\/cz\/katalog\/osousec-rukou-vortice-ecodry-ec-automaticky-matna-cerna\/","url":"https:\/\/klimavex.eu\/cz\/katalog\/osousec-rukou-vortice-ecodry-ec-automaticky-matna-cerna\/","name":"Osou\u0161e\u010d rukou Vortice Ecodry EC (automatick\u00fd) matn\u00e1 \u010dern\u00e1 - KLIMAVEX GROUP - \u010cesko","isPartOf":{"@id":"https:\/\/klimavex.eu\/cz\/#website"},"primaryImageOfPage":{"@id":"https:\/\/klimavex.eu\/cz\/katalog\/osousec-rukou-vortice-ecodry-ec-automaticky-matna-cerna\/#primaryimage"},"image":{"@id":"https:\/\/klimavex.eu\/cz\/katalog\/osousec-rukou-vortice-ecodry-ec-automaticky-matna-cerna\/#primaryimage"},"thumbnailUrl":"https:\/\/klimavex.eu\/cz\/wp-content\/uploads\/2025\/09\/9tH5i_Qjhhr7HaomwoU0EDOV2O90BYsl4tANJyNwQug-1.png","datePublished":"2026-03-31T16:48:00+00:00","dateModified":"2026-03-31T16:48:13+00:00","breadcrumb":{"@id":"https:\/\/klimavex.eu\/cz\/katalog\/osousec-rukou-vortice-ecodry-ec-automaticky-matna-cerna\/#breadcrumb"},"inLanguage":"cs","potentialAction":[{"@type":"ReadAction","target":["https:\/\/klimavex.eu\/cz\/katalog\/osousec-rukou-vortice-ecodry-ec-automaticky-matna-cerna\/"]}]},{"@type":"ImageObject","inLanguage":"cs","@id":"https:\/\/klimavex.eu\/cz\/katalog\/osousec-rukou-vortice-ecodry-ec-automaticky-matna-cerna\/#primaryimage","url":"https:\/\/klimavex.eu\/cz\/wp-content\/uploads\/2025\/09\/9tH5i_Qjhhr7HaomwoU0EDOV2O90BYsl4tANJyNwQug-1.png","contentUrl":"https:\/\/klimavex.eu\/cz\/wp-content\/uploads\/2025\/09\/9tH5i_Qjhhr7HaomwoU0EDOV2O90BYsl4tANJyNwQug-1.png","width":512,"height":542},{"@type":"BreadcrumbList","@id":"https:\/\/klimavex.eu\/cz\/katalog\/osousec-rukou-vortice-ecodry-ec-automaticky-matna-cerna\/#breadcrumb","itemListElement":[{"@type":"ListItem","position":1,"name":"Domovsk\u00e1 str\u00e1nka","item":"https:\/\/klimavex.eu\/cz\/"},{"@type":"ListItem","position":2,"name":"Eshop","item":"https:\/\/klimavex.eu\/cz\/eshop\/"},{"@type":"ListItem","position":3,"name":"Osou\u0161e\u010d rukou Vortice Ecodry EC (automatick\u00fd) matn\u00e1 \u010dern\u00e1"}]},{"@type":"WebSite","@id":"https:\/\/klimavex.eu\/cz\/#website","url":"https:\/\/klimavex.eu\/cz\/","name":"KLIMAVEX GROUP - \u010cesko","description":"","publisher":{"@id":"https:\/\/klimavex.eu\/cz\/#organization"},"alternateName":"KLIMAVEX CZ a.s.","potentialAction":[{"@type":"SearchAction","target":{"@type":"EntryPoint","urlTemplate":"https:\/\/klimavex.eu\/cz\/?s={search_term_string}"},"query-input":{"@type":"PropertyValueSpecification","valueRequired":true,"valueName":"search_term_string"}}],"inLanguage":"cs"},{"@type":"Organization","@id":"https:\/\/klimavex.eu\/cz\/#organization","name":"KLIMAVEX GROUP","alternateName":"KLIMAVEX","url":"https:\/\/klimavex.eu\/cz\/","logo":{"@type":"ImageObject","inLanguage":"cs","@id":"https:\/\/klimavex.eu\/cz\/#\/schema\/logo\/image\/","url":"https:\/\/klimavex.eu\/cz\/wp-content\/uploads\/2024\/04\/Klimavex-Group-logo.png","contentUrl":"https:\/\/klimavex.eu\/cz\/wp-content\/uploads\/2024\/04\/Klimavex-Group-logo.png","width":1681,"height":472,"caption":"KLIMAVEX GROUP"},"image":{"@id":"https:\/\/klimavex.eu\/cz\/#\/schema\/logo\/image\/"},"sameAs":["https:\/\/www.facebook.com\/klimavex.cz","https:\/\/www.instagram.com\/klimavex_cz\/"]}]}},"_links":{"self":[{"href":"https:\/\/klimavex.eu\/cz\/wp-json\/wp\/v2\/product\/544084","targetHints":{"allow":["GET"]}}],"collection":[{"href":"https:\/\/klimavex.eu\/cz\/wp-json\/wp\/v2\/product"}],"about":[{"href":"https:\/\/klimavex.eu\/cz\/wp-json\/wp\/v2\/types\/product"}],"version-history":[{"count":0,"href":"https:\/\/klimavex.eu\/cz\/wp-json\/wp\/v2\/product\/544084\/revisions"}],"wp:featuredmedia":[{"embeddable":true,"href":"https:\/\/klimavex.eu\/cz\/wp-json\/wp\/v2\/media\/551057"}],"wp:attachment":[{"href":"https:\/\/klimavex.eu\/cz\/wp-json\/wp\/v2\/media?parent=544084"}],"wp:term":[{"taxonomy":"product_cat","embeddable":true,"href":"https:\/\/klimavex.eu\/cz\/wp-json\/wp\/v2\/product_cat?post=544084"},{"taxonomy":"product_tag","embeddable":true,"href":"https:\/\/klimavex.eu\/cz\/wp-json\/wp\/v2\/product_tag?post=544084"}],"curies":[{"name":"wp","href":"https:\/\/api.w.org\/{rel}","templated":true}]}}