{"id":544115,"date":"2026-03-31T18:48:00","date_gmt":"2026-03-31T16:48:00","guid":{"rendered":"https:\/\/klimavex.eu\/cz\/katalog\/ventilator-vortice-mf-100-4-t-hcs-ll-nastavitelna-vlhkost-60-70-80-90\/"},"modified":"2026-03-31T18:48:54","modified_gmt":"2026-03-31T16:48:54","slug":"ventilator-vortice-mf-100-4-t-hcs-ll-nastavitelna-vlhkost-60-70-80-90","status":"publish","type":"product","link":"https:\/\/klimavex.eu\/cz\/katalog\/ventilator-vortice-mf-100-4-t-hcs-ll-nastavitelna-vlhkost-60-70-80-90\/","title":{"rendered":"Ventil\u00e1tor Vortice MF 100\/4&#8243; T HCS LL (nastaviteln\u00e1 vlhkost 60%-70%-80%-90%)"},"content":{"rendered":"<p style=\"text-align: justify;\"><strong>Kl&iacute;\u010dov&eacute; vlastnosti<\/strong><\/p>\n<ul>\n<li style=\"text-align: justify;\">Axi&aacute;ln&iacute; ventil&aacute;tory s tlou&scaron;\u0165kou p\u0159edn&iacute; m\u0159&iacute;\u017eky jen 17mm a zaoblen&iacute;m ze v&scaron;ech \u010dty\u0159 stran vytv&aacute;\u0159ej&iacute; pocit, jako by byl ventil&aacute;tor &bdquo;neviditeln&yacute;&ldquo;. Jeho tlou&scaron;\u0165ka se nem\u011bn&iacute; ani p\u0159i pou\u017eit&iacute; verze s&nbsp;\u010dasova\u010dem, a to d&iacute;ky jeho speci&aacute;ln&iacute;, rozm\u011brov\u011b nen&aacute;ro\u010dn&eacute; konstrukci.<\/li>\n<li style=\"text-align: justify;\">Mont&aacute;\u017e na ze\u010f nebo do stropu.<\/li>\n<li style=\"text-align: justify;\">Nen&aacute;ro\u010dnou instalaci a &uacute;dr\u017ebu zaru\u010duje uchycen&iacute; p\u0159edn&iacute; m\u0159&iacute;\u017eky jen jedn&iacute;m &scaron;roubem.<\/li>\n<li style=\"text-align: justify;\">Profil lopatek ventil&aacute;toru a t\u011blesa ventil&aacute;toru zaji&scaron;\u0165uje vysok&yacute; pr\u016ftok vzduchu, n&iacute;zkou provozn&iacute; hlu\u010dnost a n&iacute;zkou spot\u0159ebu energie.<\/li>\n<li style=\"text-align: justify;\">Motor s kuli\u010dkov&yacute;mi lo\u017eisky, kter&aacute; zaji&scaron;\u0165uj&iacute; dlouhou \u017eivotnost a bezporuchov&yacute; provoz ventil&aacute;toru po dobu 30 000 hodin.<\/li>\n<li style=\"text-align: justify;\">Se zabudovan&yacute;m sn&iacute;ma\u010dem vlhkosti, kter&yacute; spou&scaron;t&iacute; ventil&aacute;tor, jakmile okoln&iacute; relativn&iacute; vlhkost p\u0159es&aacute;hne 60% (nebo nastavenou vlhkost &#8211; 60%, 70%, 80% nebo 90%) p\u0159i teplot\u011b 20&deg;C. Jakmile relativn&iacute; vlhkost klesne pod nastavenou hodnotu, ventil&aacute;tor se automaticky vypne.<\/li>\n<li style=\"text-align: justify;\">S nastaviteln&yacute;m 3 a\u017e 20minutov&yacute;m \u010dasov&yacute;m sp&iacute;na\u010dem opo\u017ed\u011bn&eacute;ho vypnut&iacute;. Ventil&aacute;tor se uvede do \u010dinnosti spolu s osv\u011btlen&iacute;m, ale z\u016fstane v \u010dinnosti i po vypnut&iacute; sv\u011btla po dobu p\u0159ednastaven&eacute;ho \u010dasov&eacute;ho zpo\u017ed\u011bn&iacute;.<\/li>\n<li style=\"text-align: justify;\">Zabudovan&aacute; zp\u011btn&aacute; klapka pro zabr&aacute;n\u011bn&iacute; zp\u011btn&eacute;ho proud\u011bn&iacute; vzduchu, pokud ventil&aacute;tor nen&iacute; v provozu.<\/li>\n<li style=\"text-align: justify;\">V&scaron;echny modely maj&iacute; kryt&iacute; IPX4 (ochrana proti st\u0159&iacute;kaj&iacute;c&iacute; vod\u011b).<\/li>\n<li style=\"text-align: justify;\">Za\u0159&iacute;zen&iacute; nemus&iacute; b&yacute;t uzemn\u011bno, m&aacute; dvoj&iacute; izolaci.<\/li>\n<\/ul>\n","protected":false},"excerpt":{"rendered":"<p style=\"text-align: justify;\">Mal&yacute; axi&aacute;ln&iacute; ventil&aacute;tor Vortice PUNTO FILO do koupelny nebo WC s tenkou p\u0159edn&iacute; m\u0159&iacute;\u017ekou (pouze 17 mm) pro <strong>&bdquo;<\/strong><strong>neviditelnou&ldquo; instalaci<\/strong>. <strong>Zp\u011btn&aacute; klapka,<\/strong> nastaviteln&yacute; <strong>\u010dasov&yacute; dob\u011bh a senzor vlhkosti<\/strong>. <strong>Kuli\u010dkov&aacute; lo\u017eiska. Tich&yacute; <\/strong>ventil&aacute;tor s <strong>n&iacute;zkou spot\u0159ebou energie<\/strong>. Ochrana <strong>IPX4<\/strong>. Pro p\u0159ipojen&iacute; k <strong>potrub&iacute; o pr\u016fm\u011bru 100 mm<\/strong>. <strong>Pr\u016ftok vzduchu 85 m<sup>3<\/sup>\/h<\/strong>.<\/p>\n","protected":false},"featured_media":551188,"template":"","meta":[],"product_cat":[7563,7574,7562],"product_tag":[],"class_list":{"0":"post-544115","1":"product","2":"type-product","3":"status-publish","4":"has-post-thumbnail","6":"product_cat-ventilatory-do-koupelny-axialni","7":"product_cat-punto-filo","8":"product_cat-ventilatory","9":"pa_casovy-dobeh-t-ano","10":"pa_dostupny-tlak-pa-11629","11":"pa_hlucnost-lp-3m-11774","12":"pa_kryti-ipx4","13":"pa_kulickova-loziska-ll-ano","14":"pa_provedeni-axialni","15":"pa_prumer-napojeni-mm-11619","16":"pa_snimac-vlhkosti-hcs-ano","17":"pa_typ-punto-filo","18":"pa_vzduchovy-vykon-qv-m3-11773","19":"pa_znacka-vortice","21":"first","22":"instock","23":"taxable","24":"shipping-taxable","25":"purchasable","26":"product-type-simple"},"yoast_head":"<!-- This site is optimized with the Yoast SEO plugin v23.9 - https:\/\/yoast.com\/wordpress\/plugins\/seo\/ -->\n<title>Ventil\u00e1tor Vortice MF 100\/4&quot; T HCS LL (nastaviteln\u00e1 vlhkost 60%-70%-80%-90%) - KLIMAVEX GROUP - \u010cesko<\/title>\n<meta name=\"robots\" content=\"index, follow, max-snippet:-1, max-image-preview:large, max-video-preview:-1\" \/>\n<link rel=\"canonical\" href=\"https:\/\/klimavex.eu\/cz\/katalog\/ventilator-vortice-mf-100-4-t-hcs-ll-nastavitelna-vlhkost-60-70-80-90\/\" \/>\n<meta property=\"og:locale\" content=\"cs_CZ\" \/>\n<meta property=\"og:type\" content=\"article\" \/>\n<meta property=\"og:title\" content=\"Ventil\u00e1tor Vortice MF 100\/4&quot; T HCS LL (nastaviteln\u00e1 vlhkost 60%-70%-80%-90%) - KLIMAVEX GROUP - \u010cesko\" \/>\n<meta property=\"og:description\" content=\"Mal&yacute; axi&aacute;ln&iacute; ventil&aacute;tor Vortice PUNTO FILO do koupelny nebo WC s tenkou p\u0159edn&iacute; m\u0159&iacute;\u017ekou (pouze 17 mm) pro &bdquo;neviditelnou&ldquo; instalaci. Zp\u011btn&aacute; klapka, nastaviteln&yacute; \u010dasov&yacute; dob\u011bh a senzor vlhkosti. Kuli\u010dkov&aacute; lo\u017eiska. Tich&yacute; ventil&aacute;tor s n&iacute;zkou spot\u0159ebou energie. Ochrana IPX4. Pro p\u0159ipojen&iacute; k potrub&iacute; o pr\u016fm\u011bru 100 mm. Pr\u016ftok vzduchu 85 m3\/h.\" \/>\n<meta property=\"og:url\" content=\"https:\/\/klimavex.eu\/cz\/katalog\/ventilator-vortice-mf-100-4-t-hcs-ll-nastavitelna-vlhkost-60-70-80-90\/\" \/>\n<meta property=\"og:site_name\" content=\"KLIMAVEX GROUP - \u010cesko\" \/>\n<meta property=\"article:publisher\" content=\"https:\/\/www.facebook.com\/klimavex.cz\" \/>\n<meta property=\"article:modified_time\" content=\"2026-03-31T16:48:54+00:00\" \/>\n<meta property=\"og:image\" content=\"https:\/\/klimavex.eu\/cz\/wp-content\/uploads\/2025\/09\/PQEbhM0j99-gkpSN2dYk9p4JzL-O8gL14hQjaeSONBA-7.png\" \/>\n\t<meta property=\"og:image:width\" content=\"572\" \/>\n\t<meta property=\"og:image:height\" content=\"512\" \/>\n\t<meta property=\"og:image:type\" content=\"image\/png\" \/>\n<meta name=\"twitter:card\" content=\"summary_large_image\" \/>\n<meta name=\"twitter:label1\" content=\"Odhadovan\u00e1 doba \u010dten\u00ed\" \/>\n\t<meta name=\"twitter:data1\" content=\"2 minuty\" \/>\n<script type=\"application\/ld+json\" class=\"yoast-schema-graph\">{\"@context\":\"https:\/\/schema.org\",\"@graph\":[{\"@type\":\"WebPage\",\"@id\":\"https:\/\/klimavex.eu\/cz\/katalog\/ventilator-vortice-mf-100-4-t-hcs-ll-nastavitelna-vlhkost-60-70-80-90\/\",\"url\":\"https:\/\/klimavex.eu\/cz\/katalog\/ventilator-vortice-mf-100-4-t-hcs-ll-nastavitelna-vlhkost-60-70-80-90\/\",\"name\":\"Ventil\u00e1tor Vortice MF 100\/4\\\" T HCS LL (nastaviteln\u00e1 vlhkost 60%-70%-80%-90%) - KLIMAVEX GROUP - \u010cesko\",\"isPartOf\":{\"@id\":\"https:\/\/klimavex.eu\/cz\/#website\"},\"primaryImageOfPage\":{\"@id\":\"https:\/\/klimavex.eu\/cz\/katalog\/ventilator-vortice-mf-100-4-t-hcs-ll-nastavitelna-vlhkost-60-70-80-90\/#primaryimage\"},\"image\":{\"@id\":\"https:\/\/klimavex.eu\/cz\/katalog\/ventilator-vortice-mf-100-4-t-hcs-ll-nastavitelna-vlhkost-60-70-80-90\/#primaryimage\"},\"thumbnailUrl\":\"https:\/\/klimavex.eu\/cz\/wp-content\/uploads\/2025\/09\/PQEbhM0j99-gkpSN2dYk9p4JzL-O8gL14hQjaeSONBA-7.png\",\"datePublished\":\"2026-03-31T16:48:00+00:00\",\"dateModified\":\"2026-03-31T16:48:54+00:00\",\"breadcrumb\":{\"@id\":\"https:\/\/klimavex.eu\/cz\/katalog\/ventilator-vortice-mf-100-4-t-hcs-ll-nastavitelna-vlhkost-60-70-80-90\/#breadcrumb\"},\"inLanguage\":\"cs\",\"potentialAction\":[{\"@type\":\"ReadAction\",\"target\":[\"https:\/\/klimavex.eu\/cz\/katalog\/ventilator-vortice-mf-100-4-t-hcs-ll-nastavitelna-vlhkost-60-70-80-90\/\"]}]},{\"@type\":\"ImageObject\",\"inLanguage\":\"cs\",\"@id\":\"https:\/\/klimavex.eu\/cz\/katalog\/ventilator-vortice-mf-100-4-t-hcs-ll-nastavitelna-vlhkost-60-70-80-90\/#primaryimage\",\"url\":\"https:\/\/klimavex.eu\/cz\/wp-content\/uploads\/2025\/09\/PQEbhM0j99-gkpSN2dYk9p4JzL-O8gL14hQjaeSONBA-7.png\",\"contentUrl\":\"https:\/\/klimavex.eu\/cz\/wp-content\/uploads\/2025\/09\/PQEbhM0j99-gkpSN2dYk9p4JzL-O8gL14hQjaeSONBA-7.png\",\"width\":572,\"height\":512},{\"@type\":\"BreadcrumbList\",\"@id\":\"https:\/\/klimavex.eu\/cz\/katalog\/ventilator-vortice-mf-100-4-t-hcs-ll-nastavitelna-vlhkost-60-70-80-90\/#breadcrumb\",\"itemListElement\":[{\"@type\":\"ListItem\",\"position\":1,\"name\":\"Domovsk\u00e1 str\u00e1nka\",\"item\":\"https:\/\/klimavex.eu\/cz\/\"},{\"@type\":\"ListItem\",\"position\":2,\"name\":\"Eshop\",\"item\":\"https:\/\/klimavex.eu\/cz\/eshop\/\"},{\"@type\":\"ListItem\",\"position\":3,\"name\":\"Ventil\u00e1tor Vortice MF 100\/4&#8243; T HCS LL (nastaviteln\u00e1 vlhkost 60%-70%-80%-90%)\"}]},{\"@type\":\"WebSite\",\"@id\":\"https:\/\/klimavex.eu\/cz\/#website\",\"url\":\"https:\/\/klimavex.eu\/cz\/\",\"name\":\"KLIMAVEX GROUP - \u010cesko\",\"description\":\"\",\"publisher\":{\"@id\":\"https:\/\/klimavex.eu\/cz\/#organization\"},\"alternateName\":\"KLIMAVEX CZ a.s.\",\"potentialAction\":[{\"@type\":\"SearchAction\",\"target\":{\"@type\":\"EntryPoint\",\"urlTemplate\":\"https:\/\/klimavex.eu\/cz\/?s={search_term_string}\"},\"query-input\":{\"@type\":\"PropertyValueSpecification\",\"valueRequired\":true,\"valueName\":\"search_term_string\"}}],\"inLanguage\":\"cs\"},{\"@type\":\"Organization\",\"@id\":\"https:\/\/klimavex.eu\/cz\/#organization\",\"name\":\"KLIMAVEX GROUP\",\"alternateName\":\"KLIMAVEX\",\"url\":\"https:\/\/klimavex.eu\/cz\/\",\"logo\":{\"@type\":\"ImageObject\",\"inLanguage\":\"cs\",\"@id\":\"https:\/\/klimavex.eu\/cz\/#\/schema\/logo\/image\/\",\"url\":\"https:\/\/klimavex.eu\/cz\/wp-content\/uploads\/2024\/04\/Klimavex-Group-logo.png\",\"contentUrl\":\"https:\/\/klimavex.eu\/cz\/wp-content\/uploads\/2024\/04\/Klimavex-Group-logo.png\",\"width\":1681,\"height\":472,\"caption\":\"KLIMAVEX GROUP\"},\"image\":{\"@id\":\"https:\/\/klimavex.eu\/cz\/#\/schema\/logo\/image\/\"},\"sameAs\":[\"https:\/\/www.facebook.com\/klimavex.cz\",\"https:\/\/www.instagram.com\/klimavex_cz\/\"]}]}<\/script>\n<!-- \/ Yoast SEO plugin. -->","yoast_head_json":{"title":"Ventil\u00e1tor Vortice MF 100\/4\" T HCS LL (nastaviteln\u00e1 vlhkost 60%-70%-80%-90%) - KLIMAVEX GROUP - \u010cesko","robots":{"index":"index","follow":"follow","max-snippet":"max-snippet:-1","max-image-preview":"max-image-preview:large","max-video-preview":"max-video-preview:-1"},"canonical":"https:\/\/klimavex.eu\/cz\/katalog\/ventilator-vortice-mf-100-4-t-hcs-ll-nastavitelna-vlhkost-60-70-80-90\/","og_locale":"cs_CZ","og_type":"article","og_title":"Ventil\u00e1tor Vortice MF 100\/4\" T HCS LL (nastaviteln\u00e1 vlhkost 60%-70%-80%-90%) - KLIMAVEX GROUP - \u010cesko","og_description":"Mal&yacute; axi&aacute;ln&iacute; ventil&aacute;tor Vortice PUNTO FILO do koupelny nebo WC s tenkou p\u0159edn&iacute; m\u0159&iacute;\u017ekou (pouze 17 mm) pro &bdquo;neviditelnou&ldquo; instalaci. Zp\u011btn&aacute; klapka, nastaviteln&yacute; \u010dasov&yacute; dob\u011bh a senzor vlhkosti. Kuli\u010dkov&aacute; lo\u017eiska. Tich&yacute; ventil&aacute;tor s n&iacute;zkou spot\u0159ebou energie. Ochrana IPX4. Pro p\u0159ipojen&iacute; k potrub&iacute; o pr\u016fm\u011bru 100 mm. Pr\u016ftok vzduchu 85 m3\/h.","og_url":"https:\/\/klimavex.eu\/cz\/katalog\/ventilator-vortice-mf-100-4-t-hcs-ll-nastavitelna-vlhkost-60-70-80-90\/","og_site_name":"KLIMAVEX GROUP - \u010cesko","article_publisher":"https:\/\/www.facebook.com\/klimavex.cz","article_modified_time":"2026-03-31T16:48:54+00:00","og_image":[{"width":572,"height":512,"url":"https:\/\/klimavex.eu\/cz\/wp-content\/uploads\/2025\/09\/PQEbhM0j99-gkpSN2dYk9p4JzL-O8gL14hQjaeSONBA-7.png","type":"image\/png"}],"twitter_card":"summary_large_image","twitter_misc":{"Odhadovan\u00e1 doba \u010dten\u00ed":"2 minuty"},"schema":{"@context":"https:\/\/schema.org","@graph":[{"@type":"WebPage","@id":"https:\/\/klimavex.eu\/cz\/katalog\/ventilator-vortice-mf-100-4-t-hcs-ll-nastavitelna-vlhkost-60-70-80-90\/","url":"https:\/\/klimavex.eu\/cz\/katalog\/ventilator-vortice-mf-100-4-t-hcs-ll-nastavitelna-vlhkost-60-70-80-90\/","name":"Ventil\u00e1tor Vortice MF 100\/4\" T HCS LL (nastaviteln\u00e1 vlhkost 60%-70%-80%-90%) - KLIMAVEX GROUP - \u010cesko","isPartOf":{"@id":"https:\/\/klimavex.eu\/cz\/#website"},"primaryImageOfPage":{"@id":"https:\/\/klimavex.eu\/cz\/katalog\/ventilator-vortice-mf-100-4-t-hcs-ll-nastavitelna-vlhkost-60-70-80-90\/#primaryimage"},"image":{"@id":"https:\/\/klimavex.eu\/cz\/katalog\/ventilator-vortice-mf-100-4-t-hcs-ll-nastavitelna-vlhkost-60-70-80-90\/#primaryimage"},"thumbnailUrl":"https:\/\/klimavex.eu\/cz\/wp-content\/uploads\/2025\/09\/PQEbhM0j99-gkpSN2dYk9p4JzL-O8gL14hQjaeSONBA-7.png","datePublished":"2026-03-31T16:48:00+00:00","dateModified":"2026-03-31T16:48:54+00:00","breadcrumb":{"@id":"https:\/\/klimavex.eu\/cz\/katalog\/ventilator-vortice-mf-100-4-t-hcs-ll-nastavitelna-vlhkost-60-70-80-90\/#breadcrumb"},"inLanguage":"cs","potentialAction":[{"@type":"ReadAction","target":["https:\/\/klimavex.eu\/cz\/katalog\/ventilator-vortice-mf-100-4-t-hcs-ll-nastavitelna-vlhkost-60-70-80-90\/"]}]},{"@type":"ImageObject","inLanguage":"cs","@id":"https:\/\/klimavex.eu\/cz\/katalog\/ventilator-vortice-mf-100-4-t-hcs-ll-nastavitelna-vlhkost-60-70-80-90\/#primaryimage","url":"https:\/\/klimavex.eu\/cz\/wp-content\/uploads\/2025\/09\/PQEbhM0j99-gkpSN2dYk9p4JzL-O8gL14hQjaeSONBA-7.png","contentUrl":"https:\/\/klimavex.eu\/cz\/wp-content\/uploads\/2025\/09\/PQEbhM0j99-gkpSN2dYk9p4JzL-O8gL14hQjaeSONBA-7.png","width":572,"height":512},{"@type":"BreadcrumbList","@id":"https:\/\/klimavex.eu\/cz\/katalog\/ventilator-vortice-mf-100-4-t-hcs-ll-nastavitelna-vlhkost-60-70-80-90\/#breadcrumb","itemListElement":[{"@type":"ListItem","position":1,"name":"Domovsk\u00e1 str\u00e1nka","item":"https:\/\/klimavex.eu\/cz\/"},{"@type":"ListItem","position":2,"name":"Eshop","item":"https:\/\/klimavex.eu\/cz\/eshop\/"},{"@type":"ListItem","position":3,"name":"Ventil\u00e1tor Vortice MF 100\/4&#8243; T HCS LL (nastaviteln\u00e1 vlhkost 60%-70%-80%-90%)"}]},{"@type":"WebSite","@id":"https:\/\/klimavex.eu\/cz\/#website","url":"https:\/\/klimavex.eu\/cz\/","name":"KLIMAVEX GROUP - \u010cesko","description":"","publisher":{"@id":"https:\/\/klimavex.eu\/cz\/#organization"},"alternateName":"KLIMAVEX CZ a.s.","potentialAction":[{"@type":"SearchAction","target":{"@type":"EntryPoint","urlTemplate":"https:\/\/klimavex.eu\/cz\/?s={search_term_string}"},"query-input":{"@type":"PropertyValueSpecification","valueRequired":true,"valueName":"search_term_string"}}],"inLanguage":"cs"},{"@type":"Organization","@id":"https:\/\/klimavex.eu\/cz\/#organization","name":"KLIMAVEX GROUP","alternateName":"KLIMAVEX","url":"https:\/\/klimavex.eu\/cz\/","logo":{"@type":"ImageObject","inLanguage":"cs","@id":"https:\/\/klimavex.eu\/cz\/#\/schema\/logo\/image\/","url":"https:\/\/klimavex.eu\/cz\/wp-content\/uploads\/2024\/04\/Klimavex-Group-logo.png","contentUrl":"https:\/\/klimavex.eu\/cz\/wp-content\/uploads\/2024\/04\/Klimavex-Group-logo.png","width":1681,"height":472,"caption":"KLIMAVEX GROUP"},"image":{"@id":"https:\/\/klimavex.eu\/cz\/#\/schema\/logo\/image\/"},"sameAs":["https:\/\/www.facebook.com\/klimavex.cz","https:\/\/www.instagram.com\/klimavex_cz\/"]}]}},"_links":{"self":[{"href":"https:\/\/klimavex.eu\/cz\/wp-json\/wp\/v2\/product\/544115","targetHints":{"allow":["GET"]}}],"collection":[{"href":"https:\/\/klimavex.eu\/cz\/wp-json\/wp\/v2\/product"}],"about":[{"href":"https:\/\/klimavex.eu\/cz\/wp-json\/wp\/v2\/types\/product"}],"version-history":[{"count":0,"href":"https:\/\/klimavex.eu\/cz\/wp-json\/wp\/v2\/product\/544115\/revisions"}],"wp:featuredmedia":[{"embeddable":true,"href":"https:\/\/klimavex.eu\/cz\/wp-json\/wp\/v2\/media\/551188"}],"wp:attachment":[{"href":"https:\/\/klimavex.eu\/cz\/wp-json\/wp\/v2\/media?parent=544115"}],"wp:term":[{"taxonomy":"product_cat","embeddable":true,"href":"https:\/\/klimavex.eu\/cz\/wp-json\/wp\/v2\/product_cat?post=544115"},{"taxonomy":"product_tag","embeddable":true,"href":"https:\/\/klimavex.eu\/cz\/wp-json\/wp\/v2\/product_tag?post=544115"}],"curies":[{"name":"wp","href":"https:\/\/api.w.org\/{rel}","templated":true}]}}