{"id":544131,"date":"2026-03-27T08:01:55","date_gmt":"2026-03-27T07:01:55","guid":{"rendered":"https:\/\/klimavex.eu\/cz\/katalog\/vetraci-rekuperacni-jednotka-vortice-vort-hr-450-avel-d-passive-house-certifikat\/"},"modified":"2026-03-27T08:02:29","modified_gmt":"2026-03-27T07:02:29","slug":"vetraci-rekuperacni-jednotka-vortice-vort-hr-450-avel-d-passive-house-certifikat","status":"publish","type":"product","link":"https:\/\/klimavex.eu\/cz\/katalog\/vetraci-rekuperacni-jednotka-vortice-vort-hr-450-avel-d-passive-house-certifikat\/","title":{"rendered":"V\u011btrac\u00ed rekupera\u010dn\u00ed jednotka Vortice VORT HR 450 AVEL D (Passive House certifik\u00e1t)"},"content":{"rendered":"<p style=\"margin-left:0cm;text-align:justify;\"><span style=\"font-family:Calibri, sans-serif;font-size:11pt;\"><strong>Kl\u00ed\u010dov\u00e9 vlastnosti<\/strong><\/span><\/p>\n<ul>\n<li>\n<p style=\"text-align:justify;\"><span style=\"font-family:Calibri, sans-serif;font-size:11pt;\">2 EC (brushless) motory s h\u0159\u00eddelemi ulo\u017een\u00fdmi na kuli\u010dkov\u00fdch lo\u017eisk\u00e1ch<\/span><\/p>\n<\/li>\n<li>\n<p style=\"text-align:justify;\"><span style=\"font-family:Calibri, sans-serif;font-size:11pt;\">Pl\u00e1\u0161\u0165 z pozinkovan\u00e9ho a lakovan\u00e9ho ocelov\u00e9ho plechu&nbsp;<\/span><\/p>\n<\/li>\n<li>\n<p style=\"text-align:justify;\"><span style=\"font-family:Calibri, sans-serif;font-size:11pt;\">Vnit\u0159n\u00ed \u010d\u00e1sti z expandovan\u00e9ho polypropylenu PPE<\/span><\/p>\n<\/li>\n<li>\n<p style=\"text-align:justify;\"><span style=\"font-family:Calibri, sans-serif;font-size:11pt;\">Vysoce \u00fa\u010dinn\u00fd protiproud\u00fd typ v\u00fdm\u011bn\u00edku tepla z plastov\u00e9ho materi\u00e1lu PS&nbsp;<\/span><\/p>\n<\/li>\n<li>\n<p style=\"text-align:justify;\"><span style=\"font-family:Calibri, sans-serif;font-size:11pt;\">Automatick\u00fd aktivovan\u00fd syst\u00e9m zabra\u0148uj\u00edc\u00ed tvorb\u011b n\u00e1mrazy na v\u00fdm\u011bn\u00edku tepla<\/span><\/p>\n<\/li>\n<li>\n<p style=\"text-align:justify;\"><span style=\"font-family:Calibri, sans-serif;font-size:11pt;\">Automaticky ovl\u00e1dan\u00fd 100% filtrovan\u00fd mechanick\u00fd by-pass<\/span><\/p>\n<\/li>\n<li>\n<p style=\"text-align:justify;\"><span style=\"font-family:Calibri, sans-serif;font-size:11pt;\">3 filtry t\u0159\u00eddy ISO Coarse 90 % (G4) um\u00edst\u011bn\u00e9 na odvodn\u00e9m potrub\u00ed, na p\u0159\u00edvodn\u00edm potrub\u00ed a pro by-pass, v tomto po\u0159ad\u00ed. Filtry ePM10 50% (M5) a ePM1 55% (F7) jsou k dispozici jako voliteln\u00e9 p\u0159\u00edslu\u0161enstv\u00ed pro p\u0159\u00edvodn\u00fd kan\u00e1l a by-pass.<\/span><\/p>\n<\/li>\n<li>\n<p style=\"text-align:justify;\"><span style=\"font-family:Calibri, sans-serif;font-size:11pt;\">Sb\u011brn\u00e1 n\u00e1dr\u017eka kondenz\u00e1tu s vypou\u0161t\u011bc\u00edm za\u0159\u00edzen\u00edm<\/span><\/p>\n<\/li>\n<li>\n<p style=\"text-align:justify;\"><span style=\"font-family:Calibri, sans-serif;font-size:11pt;\">\u00d8 160 mm<\/span><\/p>\n<\/li>\n<li>\n<p style=\"text-align:justify;\"><span style=\"font-family:Calibri, sans-serif;font-size:11pt;\">Mo\u017enost propojen\u00ed s extern\u00edmi senzory prost\u0159ed\u00ed (voliteln\u011b), pro automatick\u00e9 \u0159\u00edzen\u00ed provozu v\u00fdrobku.<\/span><\/p>\n<\/li>\n<li>\n<p style=\"text-align:justify;\"><span style=\"font-family:Calibri, sans-serif;font-size:11pt;\">Mo\u017enost integrace do prost\u0159ed\u00ed dom\u00e1c\u00ed automatizace prost\u0159ednictv\u00edm komunika\u010dn\u00edho protokolu ModBus.<\/span><\/p>\n<\/li>\n<li>\n<p style=\"text-align:justify;\"><span style=\"font-family:Calibri, sans-serif;font-size:11pt;\">\u0158\u00eddic\u00ed elektronika s LCD displejem, pro:<\/span><\/p>\n<ul>\n<li>\n<p style=\"text-align:justify;\"><span style=\"font-family:Calibri, sans-serif;font-size:11pt;\">zap\u00edn\u00e1n\u00ed a vyp\u00edn\u00e1n\u00ed,<\/span><\/p>\n<\/li>\n<li>\n<p style=\"text-align:justify;\"><span style=\"font-family:Calibri, sans-serif;font-size:11pt;\">po\u010d\u00e1te\u010dn\u00ed konfiguraci,<\/span><\/p>\n<\/li>\n<li>\n<p style=\"text-align:justify;\"><span style=\"font-family:Calibri, sans-serif;font-size:11pt;\">volbu provozn\u00ed rychlosti,<\/span><\/p>\n<\/li>\n<li>\n<p style=\"text-align:justify;\"><span style=\"font-family:Calibri, sans-serif;font-size:11pt;\">t\u00fddenn\u00ed programov\u00e1n\u00ed provozn\u00edch re\u017eim\u016f,<\/span><\/p>\n<\/li>\n<li>\n<p style=\"text-align:justify;\"><span style=\"font-family:Calibri, sans-serif;font-size:11pt;\">kontrolu spr\u00e1vn\u00e9ho provozu (p\u0159\u00edpadn\u00e9 poruchy se zobrazuj\u00ed prost\u0159ednictv\u00edm chybov\u00fdch hl\u00e1\u0161en\u00ed na displeji),<\/span><\/p>\n<\/li>\n<li>\n<p style=\"text-align:justify;\"><span style=\"font-family:Calibri, sans-serif;font-size:11pt;\">zobrazen\u00ed provozn\u00edho stavu (nastaven\u00e1 rychlost, stav by-passu, aktivn\u00ed postup odmrazov\u00e1n\u00ed, p\u0159\u00edpadn\u00e9 zapnut\u00ed p\u0159ed a\/nebo po zapnut\u00ed topen\u00ed),<\/span><\/p>\n<\/li>\n<li>\n<p style=\"text-align:justify;\"><span style=\"font-family:Calibri, sans-serif;font-size:11pt;\">signalizace nasycen\u00fdch filtr\u016f<\/span><\/p>\n<\/li>\n<\/ul>\n<\/li>\n<\/ul>\n","protected":false},"excerpt":{"rendered":"<p style=\"margin-left:0cm;text-align:justify;\"><span style=\"font-family:Calibri, sans-serif;font-size:11pt;\">Rekupera\u010dn\u00ed jednotka <strong>VORT HR 450 AVEL D<\/strong> s estetick\u00fdm \u010deln\u00edm panelem z tvrzen\u00e9ho plastu ABS. P\u0159ipojovac\u00ed otvory pro potrub\u00ed jsou o jmenovit\u00e9m <strong>pr\u016fm\u011bru 160 mm<\/strong>. Jednotka disponuje vysoce \u00fa\u010dinn\u00fdm <strong>protiproud\u00fdm v\u00fdm\u011bn\u00edkem tepla z plastov\u00e9ho materi\u00e1lu<\/strong> PS. Podp\u011brn\u00e9 konzoly pro instalaci na st\u011bnu jsou sou\u010d\u00e1st\u00ed standardn\u00ed v\u00fdbavy.<\/span><\/p>\n","protected":false},"featured_media":0,"template":"","meta":[],"product_cat":[7562],"product_tag":[],"class_list":{"0":"post-544131","1":"product","2":"type-product","3":"status-publish","5":"product_cat-ventilatory","6":"pa_dostupny-tlak-pa-13294","7":"pa_hlucnost-lp-3m-13295","8":"pa_kryti-ipx2","9":"pa_typ-rekuperace","10":"pa_vzduchovy-vykon-qv-m3-12638","11":"pa_znacka-vortice","13":"first","14":"instock","15":"taxable","16":"shipping-taxable","17":"purchasable","18":"product-type-simple"},"yoast_head":"<!-- This site is optimized with the Yoast SEO plugin v23.9 - https:\/\/yoast.com\/wordpress\/plugins\/seo\/ -->\n<title>V\u011btrac\u00ed rekupera\u010dn\u00ed jednotka Vortice VORT HR 450 AVEL D (Passive House certifik\u00e1t) - KLIMAVEX GROUP - \u010cesko<\/title>\n<meta name=\"robots\" content=\"index, follow, max-snippet:-1, max-image-preview:large, max-video-preview:-1\" \/>\n<link rel=\"canonical\" href=\"https:\/\/klimavex.eu\/cz\/katalog\/vetraci-rekuperacni-jednotka-vortice-vort-hr-450-avel-d-passive-house-certifikat\/\" \/>\n<meta property=\"og:locale\" content=\"cs_CZ\" \/>\n<meta property=\"og:type\" content=\"article\" \/>\n<meta property=\"og:title\" content=\"V\u011btrac\u00ed rekupera\u010dn\u00ed jednotka Vortice VORT HR 450 AVEL D (Passive House certifik\u00e1t) - KLIMAVEX GROUP - \u010cesko\" \/>\n<meta property=\"og:description\" content=\"Rekupera\u010dn\u00ed jednotka VORT HR 450 AVEL D s estetick\u00fdm \u010deln\u00edm panelem z tvrzen\u00e9ho plastu ABS. P\u0159ipojovac\u00ed otvory pro potrub\u00ed jsou o jmenovit\u00e9m pr\u016fm\u011bru 160 mm. Jednotka disponuje vysoce \u00fa\u010dinn\u00fdm protiproud\u00fdm v\u00fdm\u011bn\u00edkem tepla z plastov\u00e9ho materi\u00e1lu PS. Podp\u011brn\u00e9 konzoly pro instalaci na st\u011bnu jsou sou\u010d\u00e1st\u00ed standardn\u00ed v\u00fdbavy.\" \/>\n<meta property=\"og:url\" content=\"https:\/\/klimavex.eu\/cz\/katalog\/vetraci-rekuperacni-jednotka-vortice-vort-hr-450-avel-d-passive-house-certifikat\/\" \/>\n<meta property=\"og:site_name\" content=\"KLIMAVEX GROUP - \u010cesko\" \/>\n<meta property=\"article:publisher\" content=\"https:\/\/www.facebook.com\/klimavex.cz\" \/>\n<meta property=\"article:modified_time\" content=\"2026-03-27T07:02:29+00:00\" \/>\n<meta property=\"og:image\" content=\"https:\/\/klimavex.eu\/cz\/wp-content\/uploads\/2024\/02\/LOGO-KLIMAVEX-modra-kostka-1.png\" \/>\n\t<meta property=\"og:image:width\" content=\"9184\" \/>\n\t<meta property=\"og:image:height\" content=\"9184\" \/>\n\t<meta property=\"og:image:type\" content=\"image\/png\" \/>\n<meta name=\"twitter:card\" content=\"summary_large_image\" \/>\n<meta name=\"twitter:label1\" content=\"Odhadovan\u00e1 doba \u010dten\u00ed\" \/>\n\t<meta name=\"twitter:data1\" content=\"1 minuta\" \/>\n<script type=\"application\/ld+json\" class=\"yoast-schema-graph\">{\"@context\":\"https:\/\/schema.org\",\"@graph\":[{\"@type\":\"WebPage\",\"@id\":\"https:\/\/klimavex.eu\/cz\/katalog\/vetraci-rekuperacni-jednotka-vortice-vort-hr-450-avel-d-passive-house-certifikat\/\",\"url\":\"https:\/\/klimavex.eu\/cz\/katalog\/vetraci-rekuperacni-jednotka-vortice-vort-hr-450-avel-d-passive-house-certifikat\/\",\"name\":\"V\u011btrac\u00ed rekupera\u010dn\u00ed jednotka Vortice VORT HR 450 AVEL D (Passive House certifik\u00e1t) - KLIMAVEX GROUP - \u010cesko\",\"isPartOf\":{\"@id\":\"https:\/\/klimavex.eu\/cz\/#website\"},\"datePublished\":\"2026-03-27T07:01:55+00:00\",\"dateModified\":\"2026-03-27T07:02:29+00:00\",\"breadcrumb\":{\"@id\":\"https:\/\/klimavex.eu\/cz\/katalog\/vetraci-rekuperacni-jednotka-vortice-vort-hr-450-avel-d-passive-house-certifikat\/#breadcrumb\"},\"inLanguage\":\"cs\",\"potentialAction\":[{\"@type\":\"ReadAction\",\"target\":[\"https:\/\/klimavex.eu\/cz\/katalog\/vetraci-rekuperacni-jednotka-vortice-vort-hr-450-avel-d-passive-house-certifikat\/\"]}]},{\"@type\":\"BreadcrumbList\",\"@id\":\"https:\/\/klimavex.eu\/cz\/katalog\/vetraci-rekuperacni-jednotka-vortice-vort-hr-450-avel-d-passive-house-certifikat\/#breadcrumb\",\"itemListElement\":[{\"@type\":\"ListItem\",\"position\":1,\"name\":\"Domovsk\u00e1 str\u00e1nka\",\"item\":\"https:\/\/klimavex.eu\/cz\/\"},{\"@type\":\"ListItem\",\"position\":2,\"name\":\"Eshop\",\"item\":\"https:\/\/klimavex.eu\/cz\/eshop\/\"},{\"@type\":\"ListItem\",\"position\":3,\"name\":\"V\u011btrac\u00ed rekupera\u010dn\u00ed jednotka Vortice VORT HR 450 AVEL D (Passive House certifik\u00e1t)\"}]},{\"@type\":\"WebSite\",\"@id\":\"https:\/\/klimavex.eu\/cz\/#website\",\"url\":\"https:\/\/klimavex.eu\/cz\/\",\"name\":\"KLIMAVEX GROUP - \u010cesko\",\"description\":\"\",\"publisher\":{\"@id\":\"https:\/\/klimavex.eu\/cz\/#organization\"},\"alternateName\":\"KLIMAVEX CZ a.s.\",\"potentialAction\":[{\"@type\":\"SearchAction\",\"target\":{\"@type\":\"EntryPoint\",\"urlTemplate\":\"https:\/\/klimavex.eu\/cz\/?s={search_term_string}\"},\"query-input\":{\"@type\":\"PropertyValueSpecification\",\"valueRequired\":true,\"valueName\":\"search_term_string\"}}],\"inLanguage\":\"cs\"},{\"@type\":\"Organization\",\"@id\":\"https:\/\/klimavex.eu\/cz\/#organization\",\"name\":\"KLIMAVEX GROUP\",\"alternateName\":\"KLIMAVEX\",\"url\":\"https:\/\/klimavex.eu\/cz\/\",\"logo\":{\"@type\":\"ImageObject\",\"inLanguage\":\"cs\",\"@id\":\"https:\/\/klimavex.eu\/cz\/#\/schema\/logo\/image\/\",\"url\":\"https:\/\/klimavex.eu\/cz\/wp-content\/uploads\/2024\/04\/Klimavex-Group-logo.png\",\"contentUrl\":\"https:\/\/klimavex.eu\/cz\/wp-content\/uploads\/2024\/04\/Klimavex-Group-logo.png\",\"width\":1681,\"height\":472,\"caption\":\"KLIMAVEX GROUP\"},\"image\":{\"@id\":\"https:\/\/klimavex.eu\/cz\/#\/schema\/logo\/image\/\"},\"sameAs\":[\"https:\/\/www.facebook.com\/klimavex.cz\",\"https:\/\/www.instagram.com\/klimavex_cz\/\"]}]}<\/script>\n<!-- \/ Yoast SEO plugin. -->","yoast_head_json":{"title":"V\u011btrac\u00ed rekupera\u010dn\u00ed jednotka Vortice VORT HR 450 AVEL D (Passive House certifik\u00e1t) - KLIMAVEX GROUP - \u010cesko","robots":{"index":"index","follow":"follow","max-snippet":"max-snippet:-1","max-image-preview":"max-image-preview:large","max-video-preview":"max-video-preview:-1"},"canonical":"https:\/\/klimavex.eu\/cz\/katalog\/vetraci-rekuperacni-jednotka-vortice-vort-hr-450-avel-d-passive-house-certifikat\/","og_locale":"cs_CZ","og_type":"article","og_title":"V\u011btrac\u00ed rekupera\u010dn\u00ed jednotka Vortice VORT HR 450 AVEL D (Passive House certifik\u00e1t) - KLIMAVEX GROUP - \u010cesko","og_description":"Rekupera\u010dn\u00ed jednotka VORT HR 450 AVEL D s estetick\u00fdm \u010deln\u00edm panelem z tvrzen\u00e9ho plastu ABS. P\u0159ipojovac\u00ed otvory pro potrub\u00ed jsou o jmenovit\u00e9m pr\u016fm\u011bru 160 mm. Jednotka disponuje vysoce \u00fa\u010dinn\u00fdm protiproud\u00fdm v\u00fdm\u011bn\u00edkem tepla z plastov\u00e9ho materi\u00e1lu PS. Podp\u011brn\u00e9 konzoly pro instalaci na st\u011bnu jsou sou\u010d\u00e1st\u00ed standardn\u00ed v\u00fdbavy.","og_url":"https:\/\/klimavex.eu\/cz\/katalog\/vetraci-rekuperacni-jednotka-vortice-vort-hr-450-avel-d-passive-house-certifikat\/","og_site_name":"KLIMAVEX GROUP - \u010cesko","article_publisher":"https:\/\/www.facebook.com\/klimavex.cz","article_modified_time":"2026-03-27T07:02:29+00:00","og_image":[{"width":9184,"height":9184,"url":"https:\/\/klimavex.eu\/cz\/wp-content\/uploads\/2024\/02\/LOGO-KLIMAVEX-modra-kostka-1.png","type":"image\/png"}],"twitter_card":"summary_large_image","twitter_misc":{"Odhadovan\u00e1 doba \u010dten\u00ed":"1 minuta"},"schema":{"@context":"https:\/\/schema.org","@graph":[{"@type":"WebPage","@id":"https:\/\/klimavex.eu\/cz\/katalog\/vetraci-rekuperacni-jednotka-vortice-vort-hr-450-avel-d-passive-house-certifikat\/","url":"https:\/\/klimavex.eu\/cz\/katalog\/vetraci-rekuperacni-jednotka-vortice-vort-hr-450-avel-d-passive-house-certifikat\/","name":"V\u011btrac\u00ed rekupera\u010dn\u00ed jednotka Vortice VORT HR 450 AVEL D (Passive House certifik\u00e1t) - KLIMAVEX GROUP - \u010cesko","isPartOf":{"@id":"https:\/\/klimavex.eu\/cz\/#website"},"datePublished":"2026-03-27T07:01:55+00:00","dateModified":"2026-03-27T07:02:29+00:00","breadcrumb":{"@id":"https:\/\/klimavex.eu\/cz\/katalog\/vetraci-rekuperacni-jednotka-vortice-vort-hr-450-avel-d-passive-house-certifikat\/#breadcrumb"},"inLanguage":"cs","potentialAction":[{"@type":"ReadAction","target":["https:\/\/klimavex.eu\/cz\/katalog\/vetraci-rekuperacni-jednotka-vortice-vort-hr-450-avel-d-passive-house-certifikat\/"]}]},{"@type":"BreadcrumbList","@id":"https:\/\/klimavex.eu\/cz\/katalog\/vetraci-rekuperacni-jednotka-vortice-vort-hr-450-avel-d-passive-house-certifikat\/#breadcrumb","itemListElement":[{"@type":"ListItem","position":1,"name":"Domovsk\u00e1 str\u00e1nka","item":"https:\/\/klimavex.eu\/cz\/"},{"@type":"ListItem","position":2,"name":"Eshop","item":"https:\/\/klimavex.eu\/cz\/eshop\/"},{"@type":"ListItem","position":3,"name":"V\u011btrac\u00ed rekupera\u010dn\u00ed jednotka Vortice VORT HR 450 AVEL D (Passive House certifik\u00e1t)"}]},{"@type":"WebSite","@id":"https:\/\/klimavex.eu\/cz\/#website","url":"https:\/\/klimavex.eu\/cz\/","name":"KLIMAVEX GROUP - \u010cesko","description":"","publisher":{"@id":"https:\/\/klimavex.eu\/cz\/#organization"},"alternateName":"KLIMAVEX CZ a.s.","potentialAction":[{"@type":"SearchAction","target":{"@type":"EntryPoint","urlTemplate":"https:\/\/klimavex.eu\/cz\/?s={search_term_string}"},"query-input":{"@type":"PropertyValueSpecification","valueRequired":true,"valueName":"search_term_string"}}],"inLanguage":"cs"},{"@type":"Organization","@id":"https:\/\/klimavex.eu\/cz\/#organization","name":"KLIMAVEX GROUP","alternateName":"KLIMAVEX","url":"https:\/\/klimavex.eu\/cz\/","logo":{"@type":"ImageObject","inLanguage":"cs","@id":"https:\/\/klimavex.eu\/cz\/#\/schema\/logo\/image\/","url":"https:\/\/klimavex.eu\/cz\/wp-content\/uploads\/2024\/04\/Klimavex-Group-logo.png","contentUrl":"https:\/\/klimavex.eu\/cz\/wp-content\/uploads\/2024\/04\/Klimavex-Group-logo.png","width":1681,"height":472,"caption":"KLIMAVEX GROUP"},"image":{"@id":"https:\/\/klimavex.eu\/cz\/#\/schema\/logo\/image\/"},"sameAs":["https:\/\/www.facebook.com\/klimavex.cz","https:\/\/www.instagram.com\/klimavex_cz\/"]}]}},"_links":{"self":[{"href":"https:\/\/klimavex.eu\/cz\/wp-json\/wp\/v2\/product\/544131","targetHints":{"allow":["GET"]}}],"collection":[{"href":"https:\/\/klimavex.eu\/cz\/wp-json\/wp\/v2\/product"}],"about":[{"href":"https:\/\/klimavex.eu\/cz\/wp-json\/wp\/v2\/types\/product"}],"version-history":[{"count":0,"href":"https:\/\/klimavex.eu\/cz\/wp-json\/wp\/v2\/product\/544131\/revisions"}],"wp:attachment":[{"href":"https:\/\/klimavex.eu\/cz\/wp-json\/wp\/v2\/media?parent=544131"}],"wp:term":[{"taxonomy":"product_cat","embeddable":true,"href":"https:\/\/klimavex.eu\/cz\/wp-json\/wp\/v2\/product_cat?post=544131"},{"taxonomy":"product_tag","embeddable":true,"href":"https:\/\/klimavex.eu\/cz\/wp-json\/wp\/v2\/product_tag?post=544131"}],"curies":[{"name":"wp","href":"https:\/\/api.w.org\/{rel}","templated":true}]}}