{"id":544146,"date":"2026-03-31T18:49:11","date_gmt":"2026-03-31T16:49:11","guid":{"rendered":"https:\/\/klimavex.eu\/cz\/katalog\/ventilator-vortice-mg-150-6-ll\/"},"modified":"2026-03-31T18:49:36","modified_gmt":"2026-03-31T16:49:36","slug":"ventilator-vortice-mg-150-6-ll","status":"publish","type":"product","link":"https:\/\/klimavex.eu\/cz\/katalog\/ventilator-vortice-mg-150-6-ll\/","title":{"rendered":"Ventil\u00e1tor Vortice MG 150\/6&#8243; LL"},"content":{"rendered":"<p style=\"text-align: justify;\"><strong>Kl&iacute;\u010dov&eacute; vlastnosti:<\/strong><\/p>\n<ul>\n<li style=\"text-align: justify;\">Mont&aacute;\u017e na ze\u010f, do podhledu, stropu nebo vnit\u0159n&iacute;ch st\u011bn (p\u0159&iacute;\u010dky) pomoc&iacute; p\u0159&iacute;slu&scaron;enstv&iacute;.<\/li>\n<li style=\"text-align: justify;\">Mo\u017enost napojen&iacute; na flexibiln&iacute; hlin&iacute;kov&eacute; potrub&iacute; (max. d&eacute;lka 2m s 2&#215;90&deg; ohyby).<\/li>\n<li style=\"text-align: justify;\">Profil lopatek ventil&aacute;toru a t\u011blesa ventil&aacute;toru zaji&scaron;\u0165uje vysok&yacute; pr\u016ftok vzduchu.<\/li>\n<li style=\"text-align: justify;\">N&iacute;zk&aacute; provozn&iacute; hlu\u010dnost.<\/li>\n<li style=\"text-align: justify;\">N&iacute;zk&aacute; spot\u0159eba energie.<\/li>\n<li style=\"text-align: justify;\">Kryt&iacute; IPX4 (ochrana proti st\u0159&iacute;kaj&iacute;c&iacute; vod\u011b).<\/li>\n<li style=\"text-align: justify;\">Za\u0159&iacute;zen&iacute; nemus&iacute; b&yacute;t uzemn\u011bno, m&aacute; dvojitou izolaci.<\/li>\n<li style=\"text-align: justify;\">Mo\u017enost regulace ot&aacute;\u010dek pro modely standard.<\/li>\n<\/ul>\n","protected":false},"excerpt":{"rendered":"<p style=\"text-align: justify;\"><strong>Axi&aacute;ln&iacute; <\/strong>ods&aacute;vac&iacute; ventil&aacute;tor Vortice Punto Ghost (MG) <strong>s p\u0159ipojen&iacute;m na potrub&iacute;<\/strong>, s <strong>kuli\u010dkov&yacute;mi lo\u017eisky. <\/strong>Vhodn&yacute; pro nep\u0159etr\u017eit&eacute; nebo p\u0159eru&scaron;ovan&eacute; v\u011btr&aacute;n&iacute; koupelen, toalet, kuchyn&iacute; nebo ve\u0159ejn&yacute;ch prostor. Navr\u017eeno pro <strong>ods&aacute;v&aacute;n&iacute; p\u0159es st\u011bnu nebo mont&aacute;\u017e do kr&aacute;tk&eacute;ho potrub&iacute;<\/strong>. P\u0159ipojen&iacute; na <strong>potrub&iacute; &Oslash; 155 mm. <\/strong>Tyto ventil&aacute;tory mohou b&yacute;t pou\u017eity k vyrovn&aacute;n&iacute; teplot mezi p\u0159ilehl&yacute;mi m&iacute;stnostmi.<\/p>\n","protected":false},"featured_media":551297,"template":"","meta":[],"product_cat":[7563,7562,7564],"product_tag":[],"class_list":{"0":"post-544146","1":"product","2":"type-product","3":"status-publish","4":"has-post-thumbnail","6":"product_cat-ventilatory-do-koupelny-axialni","7":"product_cat-ventilatory","8":"product_cat-punto-ghost","9":"pa_dostupny-tlak-pa-13225","10":"pa_hlucnost-lp-3m-13226","11":"pa_kryti-ipx4","12":"pa_kulickova-loziska-ll-ano","13":"pa_provedeni-axialni","14":"pa_prumer-napojeni-mm-11702","15":"pa_typ-punto-ghost","16":"pa_vzduchovy-vykon-qv-m3-13224","17":"pa_znacka-vortice","19":"first","20":"instock","21":"taxable","22":"shipping-taxable","23":"purchasable","24":"product-type-simple"},"yoast_head":"<!-- This site is optimized with the Yoast SEO plugin v23.9 - https:\/\/yoast.com\/wordpress\/plugins\/seo\/ -->\n<title>Ventil\u00e1tor Vortice MG 150\/6&quot; LL - KLIMAVEX GROUP - \u010cesko<\/title>\n<meta name=\"robots\" content=\"index, follow, max-snippet:-1, max-image-preview:large, max-video-preview:-1\" \/>\n<link rel=\"canonical\" href=\"https:\/\/klimavex.eu\/cz\/katalog\/ventilator-vortice-mg-150-6-ll\/\" \/>\n<meta property=\"og:locale\" content=\"cs_CZ\" \/>\n<meta property=\"og:type\" content=\"article\" \/>\n<meta property=\"og:title\" content=\"Ventil\u00e1tor Vortice MG 150\/6&quot; LL - KLIMAVEX GROUP - \u010cesko\" \/>\n<meta property=\"og:description\" content=\"Axi&aacute;ln&iacute; ods&aacute;vac&iacute; ventil&aacute;tor Vortice Punto Ghost (MG) s p\u0159ipojen&iacute;m na potrub&iacute;, s kuli\u010dkov&yacute;mi lo\u017eisky. Vhodn&yacute; pro nep\u0159etr\u017eit&eacute; nebo p\u0159eru&scaron;ovan&eacute; v\u011btr&aacute;n&iacute; koupelen, toalet, kuchyn&iacute; nebo ve\u0159ejn&yacute;ch prostor. Navr\u017eeno pro ods&aacute;v&aacute;n&iacute; p\u0159es st\u011bnu nebo mont&aacute;\u017e do kr&aacute;tk&eacute;ho potrub&iacute;. P\u0159ipojen&iacute; na potrub&iacute; &Oslash; 155 mm. Tyto ventil&aacute;tory mohou b&yacute;t pou\u017eity k vyrovn&aacute;n&iacute; teplot mezi p\u0159ilehl&yacute;mi m&iacute;stnostmi.\" \/>\n<meta property=\"og:url\" content=\"https:\/\/klimavex.eu\/cz\/katalog\/ventilator-vortice-mg-150-6-ll\/\" \/>\n<meta property=\"og:site_name\" content=\"KLIMAVEX GROUP - \u010cesko\" \/>\n<meta property=\"article:publisher\" content=\"https:\/\/www.facebook.com\/klimavex.cz\" \/>\n<meta property=\"article:modified_time\" content=\"2026-03-31T16:49:36+00:00\" \/>\n<meta property=\"og:image\" content=\"https:\/\/klimavex.eu\/cz\/wp-content\/uploads\/2025\/09\/78G3AsVSiKo6i13ZRnxrdExWiSPwy6xe6XHcu1tq_z8-3.jpeg\" \/>\n\t<meta property=\"og:image:width\" content=\"584\" \/>\n\t<meta property=\"og:image:height\" content=\"512\" \/>\n\t<meta property=\"og:image:type\" content=\"image\/jpeg\" \/>\n<meta name=\"twitter:card\" content=\"summary_large_image\" \/>\n<meta name=\"twitter:label1\" content=\"Odhadovan\u00e1 doba \u010dten\u00ed\" \/>\n\t<meta name=\"twitter:data1\" content=\"1 minuta\" \/>\n<script type=\"application\/ld+json\" class=\"yoast-schema-graph\">{\"@context\":\"https:\/\/schema.org\",\"@graph\":[{\"@type\":\"WebPage\",\"@id\":\"https:\/\/klimavex.eu\/cz\/katalog\/ventilator-vortice-mg-150-6-ll\/\",\"url\":\"https:\/\/klimavex.eu\/cz\/katalog\/ventilator-vortice-mg-150-6-ll\/\",\"name\":\"Ventil\u00e1tor Vortice MG 150\/6\\\" LL - KLIMAVEX GROUP - \u010cesko\",\"isPartOf\":{\"@id\":\"https:\/\/klimavex.eu\/cz\/#website\"},\"primaryImageOfPage\":{\"@id\":\"https:\/\/klimavex.eu\/cz\/katalog\/ventilator-vortice-mg-150-6-ll\/#primaryimage\"},\"image\":{\"@id\":\"https:\/\/klimavex.eu\/cz\/katalog\/ventilator-vortice-mg-150-6-ll\/#primaryimage\"},\"thumbnailUrl\":\"https:\/\/klimavex.eu\/cz\/wp-content\/uploads\/2025\/09\/78G3AsVSiKo6i13ZRnxrdExWiSPwy6xe6XHcu1tq_z8-3.jpeg\",\"datePublished\":\"2026-03-31T16:49:11+00:00\",\"dateModified\":\"2026-03-31T16:49:36+00:00\",\"breadcrumb\":{\"@id\":\"https:\/\/klimavex.eu\/cz\/katalog\/ventilator-vortice-mg-150-6-ll\/#breadcrumb\"},\"inLanguage\":\"cs\",\"potentialAction\":[{\"@type\":\"ReadAction\",\"target\":[\"https:\/\/klimavex.eu\/cz\/katalog\/ventilator-vortice-mg-150-6-ll\/\"]}]},{\"@type\":\"ImageObject\",\"inLanguage\":\"cs\",\"@id\":\"https:\/\/klimavex.eu\/cz\/katalog\/ventilator-vortice-mg-150-6-ll\/#primaryimage\",\"url\":\"https:\/\/klimavex.eu\/cz\/wp-content\/uploads\/2025\/09\/78G3AsVSiKo6i13ZRnxrdExWiSPwy6xe6XHcu1tq_z8-3.jpeg\",\"contentUrl\":\"https:\/\/klimavex.eu\/cz\/wp-content\/uploads\/2025\/09\/78G3AsVSiKo6i13ZRnxrdExWiSPwy6xe6XHcu1tq_z8-3.jpeg\",\"width\":584,\"height\":512},{\"@type\":\"BreadcrumbList\",\"@id\":\"https:\/\/klimavex.eu\/cz\/katalog\/ventilator-vortice-mg-150-6-ll\/#breadcrumb\",\"itemListElement\":[{\"@type\":\"ListItem\",\"position\":1,\"name\":\"Domovsk\u00e1 str\u00e1nka\",\"item\":\"https:\/\/klimavex.eu\/cz\/\"},{\"@type\":\"ListItem\",\"position\":2,\"name\":\"Eshop\",\"item\":\"https:\/\/klimavex.eu\/cz\/eshop\/\"},{\"@type\":\"ListItem\",\"position\":3,\"name\":\"Ventil\u00e1tor Vortice MG 150\/6&#8243; LL\"}]},{\"@type\":\"WebSite\",\"@id\":\"https:\/\/klimavex.eu\/cz\/#website\",\"url\":\"https:\/\/klimavex.eu\/cz\/\",\"name\":\"KLIMAVEX GROUP - \u010cesko\",\"description\":\"\",\"publisher\":{\"@id\":\"https:\/\/klimavex.eu\/cz\/#organization\"},\"alternateName\":\"KLIMAVEX CZ a.s.\",\"potentialAction\":[{\"@type\":\"SearchAction\",\"target\":{\"@type\":\"EntryPoint\",\"urlTemplate\":\"https:\/\/klimavex.eu\/cz\/?s={search_term_string}\"},\"query-input\":{\"@type\":\"PropertyValueSpecification\",\"valueRequired\":true,\"valueName\":\"search_term_string\"}}],\"inLanguage\":\"cs\"},{\"@type\":\"Organization\",\"@id\":\"https:\/\/klimavex.eu\/cz\/#organization\",\"name\":\"KLIMAVEX GROUP\",\"alternateName\":\"KLIMAVEX\",\"url\":\"https:\/\/klimavex.eu\/cz\/\",\"logo\":{\"@type\":\"ImageObject\",\"inLanguage\":\"cs\",\"@id\":\"https:\/\/klimavex.eu\/cz\/#\/schema\/logo\/image\/\",\"url\":\"https:\/\/klimavex.eu\/cz\/wp-content\/uploads\/2024\/04\/Klimavex-Group-logo.png\",\"contentUrl\":\"https:\/\/klimavex.eu\/cz\/wp-content\/uploads\/2024\/04\/Klimavex-Group-logo.png\",\"width\":1681,\"height\":472,\"caption\":\"KLIMAVEX GROUP\"},\"image\":{\"@id\":\"https:\/\/klimavex.eu\/cz\/#\/schema\/logo\/image\/\"},\"sameAs\":[\"https:\/\/www.facebook.com\/klimavex.cz\",\"https:\/\/www.instagram.com\/klimavex_cz\/\"]}]}<\/script>\n<!-- \/ Yoast SEO plugin. -->","yoast_head_json":{"title":"Ventil\u00e1tor Vortice MG 150\/6\" LL - KLIMAVEX GROUP - \u010cesko","robots":{"index":"index","follow":"follow","max-snippet":"max-snippet:-1","max-image-preview":"max-image-preview:large","max-video-preview":"max-video-preview:-1"},"canonical":"https:\/\/klimavex.eu\/cz\/katalog\/ventilator-vortice-mg-150-6-ll\/","og_locale":"cs_CZ","og_type":"article","og_title":"Ventil\u00e1tor Vortice MG 150\/6\" LL - KLIMAVEX GROUP - \u010cesko","og_description":"Axi&aacute;ln&iacute; ods&aacute;vac&iacute; ventil&aacute;tor Vortice Punto Ghost (MG) s p\u0159ipojen&iacute;m na potrub&iacute;, s kuli\u010dkov&yacute;mi lo\u017eisky. Vhodn&yacute; pro nep\u0159etr\u017eit&eacute; nebo p\u0159eru&scaron;ovan&eacute; v\u011btr&aacute;n&iacute; koupelen, toalet, kuchyn&iacute; nebo ve\u0159ejn&yacute;ch prostor. Navr\u017eeno pro ods&aacute;v&aacute;n&iacute; p\u0159es st\u011bnu nebo mont&aacute;\u017e do kr&aacute;tk&eacute;ho potrub&iacute;. P\u0159ipojen&iacute; na potrub&iacute; &Oslash; 155 mm. Tyto ventil&aacute;tory mohou b&yacute;t pou\u017eity k vyrovn&aacute;n&iacute; teplot mezi p\u0159ilehl&yacute;mi m&iacute;stnostmi.","og_url":"https:\/\/klimavex.eu\/cz\/katalog\/ventilator-vortice-mg-150-6-ll\/","og_site_name":"KLIMAVEX GROUP - \u010cesko","article_publisher":"https:\/\/www.facebook.com\/klimavex.cz","article_modified_time":"2026-03-31T16:49:36+00:00","og_image":[{"width":584,"height":512,"url":"https:\/\/klimavex.eu\/cz\/wp-content\/uploads\/2025\/09\/78G3AsVSiKo6i13ZRnxrdExWiSPwy6xe6XHcu1tq_z8-3.jpeg","type":"image\/jpeg"}],"twitter_card":"summary_large_image","twitter_misc":{"Odhadovan\u00e1 doba \u010dten\u00ed":"1 minuta"},"schema":{"@context":"https:\/\/schema.org","@graph":[{"@type":"WebPage","@id":"https:\/\/klimavex.eu\/cz\/katalog\/ventilator-vortice-mg-150-6-ll\/","url":"https:\/\/klimavex.eu\/cz\/katalog\/ventilator-vortice-mg-150-6-ll\/","name":"Ventil\u00e1tor Vortice MG 150\/6\" LL - KLIMAVEX GROUP - \u010cesko","isPartOf":{"@id":"https:\/\/klimavex.eu\/cz\/#website"},"primaryImageOfPage":{"@id":"https:\/\/klimavex.eu\/cz\/katalog\/ventilator-vortice-mg-150-6-ll\/#primaryimage"},"image":{"@id":"https:\/\/klimavex.eu\/cz\/katalog\/ventilator-vortice-mg-150-6-ll\/#primaryimage"},"thumbnailUrl":"https:\/\/klimavex.eu\/cz\/wp-content\/uploads\/2025\/09\/78G3AsVSiKo6i13ZRnxrdExWiSPwy6xe6XHcu1tq_z8-3.jpeg","datePublished":"2026-03-31T16:49:11+00:00","dateModified":"2026-03-31T16:49:36+00:00","breadcrumb":{"@id":"https:\/\/klimavex.eu\/cz\/katalog\/ventilator-vortice-mg-150-6-ll\/#breadcrumb"},"inLanguage":"cs","potentialAction":[{"@type":"ReadAction","target":["https:\/\/klimavex.eu\/cz\/katalog\/ventilator-vortice-mg-150-6-ll\/"]}]},{"@type":"ImageObject","inLanguage":"cs","@id":"https:\/\/klimavex.eu\/cz\/katalog\/ventilator-vortice-mg-150-6-ll\/#primaryimage","url":"https:\/\/klimavex.eu\/cz\/wp-content\/uploads\/2025\/09\/78G3AsVSiKo6i13ZRnxrdExWiSPwy6xe6XHcu1tq_z8-3.jpeg","contentUrl":"https:\/\/klimavex.eu\/cz\/wp-content\/uploads\/2025\/09\/78G3AsVSiKo6i13ZRnxrdExWiSPwy6xe6XHcu1tq_z8-3.jpeg","width":584,"height":512},{"@type":"BreadcrumbList","@id":"https:\/\/klimavex.eu\/cz\/katalog\/ventilator-vortice-mg-150-6-ll\/#breadcrumb","itemListElement":[{"@type":"ListItem","position":1,"name":"Domovsk\u00e1 str\u00e1nka","item":"https:\/\/klimavex.eu\/cz\/"},{"@type":"ListItem","position":2,"name":"Eshop","item":"https:\/\/klimavex.eu\/cz\/eshop\/"},{"@type":"ListItem","position":3,"name":"Ventil\u00e1tor Vortice MG 150\/6&#8243; LL"}]},{"@type":"WebSite","@id":"https:\/\/klimavex.eu\/cz\/#website","url":"https:\/\/klimavex.eu\/cz\/","name":"KLIMAVEX GROUP - \u010cesko","description":"","publisher":{"@id":"https:\/\/klimavex.eu\/cz\/#organization"},"alternateName":"KLIMAVEX CZ a.s.","potentialAction":[{"@type":"SearchAction","target":{"@type":"EntryPoint","urlTemplate":"https:\/\/klimavex.eu\/cz\/?s={search_term_string}"},"query-input":{"@type":"PropertyValueSpecification","valueRequired":true,"valueName":"search_term_string"}}],"inLanguage":"cs"},{"@type":"Organization","@id":"https:\/\/klimavex.eu\/cz\/#organization","name":"KLIMAVEX GROUP","alternateName":"KLIMAVEX","url":"https:\/\/klimavex.eu\/cz\/","logo":{"@type":"ImageObject","inLanguage":"cs","@id":"https:\/\/klimavex.eu\/cz\/#\/schema\/logo\/image\/","url":"https:\/\/klimavex.eu\/cz\/wp-content\/uploads\/2024\/04\/Klimavex-Group-logo.png","contentUrl":"https:\/\/klimavex.eu\/cz\/wp-content\/uploads\/2024\/04\/Klimavex-Group-logo.png","width":1681,"height":472,"caption":"KLIMAVEX GROUP"},"image":{"@id":"https:\/\/klimavex.eu\/cz\/#\/schema\/logo\/image\/"},"sameAs":["https:\/\/www.facebook.com\/klimavex.cz","https:\/\/www.instagram.com\/klimavex_cz\/"]}]}},"_links":{"self":[{"href":"https:\/\/klimavex.eu\/cz\/wp-json\/wp\/v2\/product\/544146","targetHints":{"allow":["GET"]}}],"collection":[{"href":"https:\/\/klimavex.eu\/cz\/wp-json\/wp\/v2\/product"}],"about":[{"href":"https:\/\/klimavex.eu\/cz\/wp-json\/wp\/v2\/types\/product"}],"version-history":[{"count":0,"href":"https:\/\/klimavex.eu\/cz\/wp-json\/wp\/v2\/product\/544146\/revisions"}],"wp:featuredmedia":[{"embeddable":true,"href":"https:\/\/klimavex.eu\/cz\/wp-json\/wp\/v2\/media\/551297"}],"wp:attachment":[{"href":"https:\/\/klimavex.eu\/cz\/wp-json\/wp\/v2\/media?parent=544146"}],"wp:term":[{"taxonomy":"product_cat","embeddable":true,"href":"https:\/\/klimavex.eu\/cz\/wp-json\/wp\/v2\/product_cat?post=544146"},{"taxonomy":"product_tag","embeddable":true,"href":"https:\/\/klimavex.eu\/cz\/wp-json\/wp\/v2\/product_tag?post=544146"}],"curies":[{"name":"wp","href":"https:\/\/api.w.org\/{rel}","templated":true}]}}