{"id":544162,"date":"2026-03-31T18:49:11","date_gmt":"2026-03-31T16:49:11","guid":{"rendered":"https:\/\/klimavex.eu\/cz\/katalog\/ventilator-vortice-lineo-200-t-quiet\/"},"modified":"2026-03-31T18:49:58","modified_gmt":"2026-03-31T16:49:58","slug":"ventilator-vortice-lineo-200-t-quiet","status":"publish","type":"product","link":"https:\/\/klimavex.eu\/cz\/katalog\/ventilator-vortice-lineo-200-t-quiet\/","title":{"rendered":"Ventil\u00e1tor Vortice LINEO 200 T QUIET"},"content":{"rendered":"<p style=\"margin-left:0cm;text-align:justify;\"><span style=\"color:black;font-family:Calibri, sans-serif;font-size:11pt;\"><strong>Detailn\u00ed popis<\/strong><\/span><\/p>\n<ul>\n<li>\n<p style=\"text-align:justify;\"><span style=\"color:black;font-family:Calibri, sans-serif;font-size:11pt;\">Vysoce \u00fa\u010dinn\u00fd motor, p\u0159epracovan\u00fd profil vrtule a vylep\u0161en\u00fd usm\u011br\u0148ova\u010d pr\u016ftoku pracuj\u00ed v dokonal\u00e9 harmonii.&nbsp;<\/span><\/p>\n<\/li>\n<li>\n<p style=\"text-align:justify;\"><span style=\"color:black;font-family:Calibri, sans-serif;font-size:11pt;\"><strong>Konstrukce z neho\u0159lav\u00e9 plastov\u00e9 prysky\u0159ice<\/strong>, <strong>t\u0159\u00edda E2, podle normy ISO EN 11925-2:2010<\/strong> v oblasti motoru a elektrick\u00fdch sou\u010d\u00e1st\u00ed.<\/span><\/p>\n<\/li>\n<li>\n<p style=\"text-align:justify;\"><span style=\"background-color:white;color:black;font-family:Calibri, sans-serif;font-size:11pt;\">Tich\u00fd potrubn\u00ed ventil\u00e1tor Vortice LINEO QUIET m\u00e1 opl\u00e1\u0161t\u011bn\u00ed vyroben\u00e9 z <strong>hlukov\u011b-izola\u010dn\u00edho<\/strong> materi\u00e1lu, kter\u00fd <strong>minimalizuje hlu\u010dnost b\u011bhem provozu<\/strong>.<\/span><\/p>\n<\/li>\n<li>\n<p style=\"text-align:justify;\"><span style=\"background-color:white;color:black;font-family:Calibri, sans-serif;font-size:11pt;\">Typ<\/span><span style=\"background-color:white;color:black;font-family:&quot;Calibri&quot;,sans-serif;font-size:11pt;\"><strong>&nbsp;T&nbsp;je vybaven elektronick\u00fdm \u010dasova\u010dem pro automatick\u00fd provoz p\u0159i maxim\u00e1ln\u00ed rychlosti, kterou lze p\u0159i instalaci nastavit v rozmez\u00ed 3&#8242; &#8211; 20&#8242; (v\u00fdchoz\u00ed nastaven\u00ed 3&#8242;).<\/strong><\/span><span style=\"color:black;font-family:Calibri, sans-serif;font-size:11pt;\">&nbsp;<\/span><\/p>\n<\/li>\n<li>\n<p style=\"text-align:justify;\"><span style=\"background-color:white;color:black;font-family:Calibri, sans-serif;font-size:11pt;\">\u0158ada LINEO QUIET<\/span><span style=\"background-color:white;color:black;font-family:&quot;Calibri&quot;,sans-serif;font-size:11pt;\"><strong>&nbsp;<\/strong><\/span><span style=\"background-color:white;color:black;font-family:Calibri, sans-serif;font-size:11pt;\">je vybavena&nbsp;<\/span><span style=\"background-color:white;color:black;font-family:&quot;Calibri&quot;,sans-serif;font-size:11pt;\"><strong>AC&nbsp;motory s 3stup\u0148ovou<\/strong><\/span><span style=\"background-color:white;color:black;font-family:Calibri, sans-serif;font-size:11pt;\">&nbsp;regulac\u00ed ot\u00e1\u010dek.<\/span><\/p>\n<\/li>\n<li>\n<p style=\"text-align:justify;\"><span style=\"background-color:white;color:black;font-family:Calibri, sans-serif;font-size:11pt;\">T\u0159i rychlosti ventil\u00e1toru lze zvolit 3polohov\u00fdm vzd\u00e1len\u00fdm sp\u00edna\u010dem&nbsp;<strong>TRIO-LINEO 503<\/strong>, jako alternativu m\u016f\u017eete vyu\u017e\u00edt&nbsp;<strong>INTER 4P.<\/strong><\/span><\/p>\n<\/li>\n<\/ul>\n<p style=\"margin-left:0cm;text-align:justify;\"><span style=\"color:black;font-family:Calibri, sans-serif;font-size:11pt;\"><strong>Kl\u00ed\u010dov\u00e9 vlastnosti<\/strong><\/span><\/p>\n<ul style=\"list-style-type:disc;\">\n<li>\n<p style=\"text-align:justify;\"><span style=\"color:black;font-family:Calibri, sans-serif;font-size:11pt;\">Opl\u00e1\u0161t\u011bn\u00ed vyroben\u00e9 z hlukov\u011b-izola\u010dn\u00edho materi\u00e1lu.<\/span><\/p>\n<\/li>\n<li>\n<p style=\"text-align:justify;\"><span style=\"background-color:white;color:black;font-family:Calibri, sans-serif;font-size:11pt;\">Vnit\u0159n\u00ed protihlukov\u00e1 \u00faprava na b\u00e1zi<strong> Helmholtzova rezon\u00e1toru.<\/strong><\/span><\/p>\n<\/li>\n<li>\n<p style=\"text-align:justify;\"><span style=\"background-color:white;color:black;font-family:Calibri, sans-serif;font-size:11pt;\"><strong>Extra tich\u00fd<\/strong> provoz.<\/span><\/p>\n<\/li>\n<li>\n<p style=\"text-align:justify;\"><span style=\"color:black;font-family:Calibri, sans-serif;font-size:11pt;\">Model <strong>T&nbsp;<\/strong>s<strong>&nbsp;<\/strong>mo\u017enost\u00ed<strong> \u010dasov\u00e9ho dob\u011bhu.<\/strong><\/span><\/p>\n<\/li>\n<li>\n<p style=\"text-align:justify;\"><span style=\"color:black;font-family:Calibri, sans-serif;font-size:11pt;\">&nbsp;AC motor s&nbsp;<strong>3stup\u0148ovou<\/strong> regulac\u00ed ot\u00e1\u010dek.<\/span><\/p>\n<\/li>\n<li>\n<p style=\"text-align:justify;\"><span style=\"color:black;font-family:Calibri, sans-serif;font-size:11pt;\">Kuli\u010dkov\u00e1 lo\u017eiska s \u017eivotnost\u00ed 30 000 hodin.&nbsp;<\/span><\/p>\n<\/li>\n<li>\n<p style=\"text-align:justify;\"><span style=\"color:black;font-family:Calibri, sans-serif;font-size:11pt;\">Konstrukce z <strong>neho\u0159lav\u00e9<\/strong> <strong>plastov\u00e9 prysky\u0159ice t\u0159\u00eddy E2 normy ISO EN 11925-2:2010.<\/strong><\/span><\/p>\n<\/li>\n<li>\n<p style=\"text-align:justify;\"><span style=\"color:black;font-family:Calibri, sans-serif;font-size:11pt;\">P\u0159epracovan\u00fd profil vrtule pro lep\u0161\u00ed v\u00fdkon.<\/span><\/p>\n<\/li>\n<li>\n<p style=\"text-align:justify;\"><span style=\"color:black;font-family:Calibri, sans-serif;font-size:11pt;\">Vylep\u0161en\u00fd usm\u011br\u0148ova\u010d pr\u016ftoku.<\/span><\/p>\n<\/li>\n<li>\n<p style=\"text-align:justify;\"><span style=\"color:black;font-family:Calibri, sans-serif;font-size:11pt;\">Kryt\u00ed <strong>IPX5.<\/strong><\/span><\/p>\n<\/li>\n<\/ul>\n<p>&nbsp;<\/p>\n","protected":false},"excerpt":{"rendered":"<p style=\"text-align:justify\"><span style=\"font-size:11pt\"><span style=\"font-family:Calibri,sans-serif\">T\u0159&iacute;ot&aacute;\u010dkov&yacute; potrubn&iacute; ventil&aacute;tor \u0159ady Lineo Quiet je vybaven <strong>AC<\/strong> <strong>motorem <\/strong>s <strong>3stup\u0148ovou regulac&iacute; ot&aacute;\u010dek<\/strong> a <strong>kuli\u010dkov&yacute;mi lo\u017eisky<\/strong>. Model <strong>T <\/strong>s<strong>&nbsp;<\/strong>mo\u017enost&iacute;<strong> \u010dasov&eacute;ho dob\u011bhu. <\/strong>Ur\u010den pro p\u0159ipojen&iacute; potrub&iacute; <strong>&oslash; 200mm<\/strong>. D&iacute;ky sv&yacute;m vlastnostem a konstrukci je vhodn&yacute; pro del&scaron;&iacute; vzduchotechnick&eacute; potrub&iacute;. <strong>Kryt&iacute; IPX5<\/strong> zaji&scaron;\u0165uje ochranu proti prachu a st\u0159&iacute;kaj&iacute;c&iacute; vod\u011b ze v&scaron;ech stran. Ob\u011b\u017en&eacute; kolo ventil&aacute;toru je vyv&aacute;\u017eeno p\u0159&iacute;mo na motoru.<\/span><\/span><\/p>\n","protected":false},"featured_media":551383,"template":"","meta":[],"product_cat":[7587,7592,7581,7562],"product_tag":[],"class_list":{"0":"post-544162","1":"product","2":"type-product","3":"status-publish","4":"has-post-thumbnail","6":"product_cat-lineo","7":"product_cat-lineo-quiet","8":"product_cat-potrubni-ventilatory","9":"product_cat-ventilatory","10":"pa_casovy-dobeh-t-ano","11":"pa_dostupny-tlak-pa-202-2579-2844","12":"pa_hlucnost-lp-3m-31-369-402","13":"pa_kryti-ipx5","14":"pa_kulickova-loziska-ll-ano","15":"pa_provedeni-potrubni-plastovy","16":"pa_prumer-napojeni-mm-11783","17":"pa_typ-lineo-quiet","18":"pa_vzduchovy-vykon-qv-m3-805-1045-1160","19":"pa_znacka-vortice","21":"first","22":"instock","23":"taxable","24":"shipping-taxable","25":"purchasable","26":"product-type-simple"},"yoast_head":"<!-- This site is optimized with the Yoast SEO plugin v23.9 - https:\/\/yoast.com\/wordpress\/plugins\/seo\/ -->\n<title>Ventil\u00e1tor Vortice LINEO 200 T QUIET - KLIMAVEX GROUP - \u010cesko<\/title>\n<meta name=\"robots\" content=\"index, follow, max-snippet:-1, max-image-preview:large, max-video-preview:-1\" \/>\n<link rel=\"canonical\" href=\"https:\/\/klimavex.eu\/cz\/katalog\/ventilator-vortice-lineo-200-t-quiet\/\" \/>\n<meta property=\"og:locale\" content=\"cs_CZ\" \/>\n<meta property=\"og:type\" content=\"article\" \/>\n<meta property=\"og:title\" content=\"Ventil\u00e1tor Vortice LINEO 200 T QUIET - KLIMAVEX GROUP - \u010cesko\" \/>\n<meta property=\"og:description\" content=\"T\u0159&iacute;ot&aacute;\u010dkov&yacute; potrubn&iacute; ventil&aacute;tor \u0159ady Lineo Quiet je vybaven AC motorem s 3stup\u0148ovou regulac&iacute; ot&aacute;\u010dek a kuli\u010dkov&yacute;mi lo\u017eisky. Model T s&nbsp;mo\u017enost&iacute; \u010dasov&eacute;ho dob\u011bhu. Ur\u010den pro p\u0159ipojen&iacute; potrub&iacute; &oslash; 200mm. D&iacute;ky sv&yacute;m vlastnostem a konstrukci je vhodn&yacute; pro del&scaron;&iacute; vzduchotechnick&eacute; potrub&iacute;. Kryt&iacute; IPX5 zaji&scaron;\u0165uje ochranu proti prachu a st\u0159&iacute;kaj&iacute;c&iacute; vod\u011b ze v&scaron;ech stran. Ob\u011b\u017en&eacute; kolo ventil&aacute;toru je vyv&aacute;\u017eeno p\u0159&iacute;mo na motoru.\" \/>\n<meta property=\"og:url\" content=\"https:\/\/klimavex.eu\/cz\/katalog\/ventilator-vortice-lineo-200-t-quiet\/\" \/>\n<meta property=\"og:site_name\" content=\"KLIMAVEX GROUP - \u010cesko\" \/>\n<meta property=\"article:publisher\" content=\"https:\/\/www.facebook.com\/klimavex.cz\" \/>\n<meta property=\"article:modified_time\" content=\"2026-03-31T16:49:58+00:00\" \/>\n<meta property=\"og:image\" content=\"https:\/\/klimavex.eu\/cz\/wp-content\/uploads\/2025\/09\/aefApHuykBxiB0QBvGP6QT-JVVOCgLjgG7v0L2JDXpQ-1.png\" \/>\n\t<meta property=\"og:image:width\" content=\"572\" \/>\n\t<meta property=\"og:image:height\" content=\"512\" \/>\n\t<meta property=\"og:image:type\" content=\"image\/png\" \/>\n<meta name=\"twitter:card\" content=\"summary_large_image\" \/>\n<meta name=\"twitter:label1\" content=\"Odhadovan\u00e1 doba \u010dten\u00ed\" \/>\n\t<meta name=\"twitter:data1\" content=\"1 minuta\" \/>\n<script type=\"application\/ld+json\" class=\"yoast-schema-graph\">{\"@context\":\"https:\/\/schema.org\",\"@graph\":[{\"@type\":\"WebPage\",\"@id\":\"https:\/\/klimavex.eu\/cz\/katalog\/ventilator-vortice-lineo-200-t-quiet\/\",\"url\":\"https:\/\/klimavex.eu\/cz\/katalog\/ventilator-vortice-lineo-200-t-quiet\/\",\"name\":\"Ventil\u00e1tor Vortice LINEO 200 T QUIET - KLIMAVEX GROUP - \u010cesko\",\"isPartOf\":{\"@id\":\"https:\/\/klimavex.eu\/cz\/#website\"},\"primaryImageOfPage\":{\"@id\":\"https:\/\/klimavex.eu\/cz\/katalog\/ventilator-vortice-lineo-200-t-quiet\/#primaryimage\"},\"image\":{\"@id\":\"https:\/\/klimavex.eu\/cz\/katalog\/ventilator-vortice-lineo-200-t-quiet\/#primaryimage\"},\"thumbnailUrl\":\"https:\/\/klimavex.eu\/cz\/wp-content\/uploads\/2025\/09\/aefApHuykBxiB0QBvGP6QT-JVVOCgLjgG7v0L2JDXpQ-1.png\",\"datePublished\":\"2026-03-31T16:49:11+00:00\",\"dateModified\":\"2026-03-31T16:49:58+00:00\",\"breadcrumb\":{\"@id\":\"https:\/\/klimavex.eu\/cz\/katalog\/ventilator-vortice-lineo-200-t-quiet\/#breadcrumb\"},\"inLanguage\":\"cs\",\"potentialAction\":[{\"@type\":\"ReadAction\",\"target\":[\"https:\/\/klimavex.eu\/cz\/katalog\/ventilator-vortice-lineo-200-t-quiet\/\"]}]},{\"@type\":\"ImageObject\",\"inLanguage\":\"cs\",\"@id\":\"https:\/\/klimavex.eu\/cz\/katalog\/ventilator-vortice-lineo-200-t-quiet\/#primaryimage\",\"url\":\"https:\/\/klimavex.eu\/cz\/wp-content\/uploads\/2025\/09\/aefApHuykBxiB0QBvGP6QT-JVVOCgLjgG7v0L2JDXpQ-1.png\",\"contentUrl\":\"https:\/\/klimavex.eu\/cz\/wp-content\/uploads\/2025\/09\/aefApHuykBxiB0QBvGP6QT-JVVOCgLjgG7v0L2JDXpQ-1.png\",\"width\":572,\"height\":512},{\"@type\":\"BreadcrumbList\",\"@id\":\"https:\/\/klimavex.eu\/cz\/katalog\/ventilator-vortice-lineo-200-t-quiet\/#breadcrumb\",\"itemListElement\":[{\"@type\":\"ListItem\",\"position\":1,\"name\":\"Domovsk\u00e1 str\u00e1nka\",\"item\":\"https:\/\/klimavex.eu\/cz\/\"},{\"@type\":\"ListItem\",\"position\":2,\"name\":\"Eshop\",\"item\":\"https:\/\/klimavex.eu\/cz\/eshop\/\"},{\"@type\":\"ListItem\",\"position\":3,\"name\":\"Ventil\u00e1tor Vortice LINEO 200 T QUIET\"}]},{\"@type\":\"WebSite\",\"@id\":\"https:\/\/klimavex.eu\/cz\/#website\",\"url\":\"https:\/\/klimavex.eu\/cz\/\",\"name\":\"KLIMAVEX GROUP - \u010cesko\",\"description\":\"\",\"publisher\":{\"@id\":\"https:\/\/klimavex.eu\/cz\/#organization\"},\"alternateName\":\"KLIMAVEX CZ a.s.\",\"potentialAction\":[{\"@type\":\"SearchAction\",\"target\":{\"@type\":\"EntryPoint\",\"urlTemplate\":\"https:\/\/klimavex.eu\/cz\/?s={search_term_string}\"},\"query-input\":{\"@type\":\"PropertyValueSpecification\",\"valueRequired\":true,\"valueName\":\"search_term_string\"}}],\"inLanguage\":\"cs\"},{\"@type\":\"Organization\",\"@id\":\"https:\/\/klimavex.eu\/cz\/#organization\",\"name\":\"KLIMAVEX GROUP\",\"alternateName\":\"KLIMAVEX\",\"url\":\"https:\/\/klimavex.eu\/cz\/\",\"logo\":{\"@type\":\"ImageObject\",\"inLanguage\":\"cs\",\"@id\":\"https:\/\/klimavex.eu\/cz\/#\/schema\/logo\/image\/\",\"url\":\"https:\/\/klimavex.eu\/cz\/wp-content\/uploads\/2024\/04\/Klimavex-Group-logo.png\",\"contentUrl\":\"https:\/\/klimavex.eu\/cz\/wp-content\/uploads\/2024\/04\/Klimavex-Group-logo.png\",\"width\":1681,\"height\":472,\"caption\":\"KLIMAVEX GROUP\"},\"image\":{\"@id\":\"https:\/\/klimavex.eu\/cz\/#\/schema\/logo\/image\/\"},\"sameAs\":[\"https:\/\/www.facebook.com\/klimavex.cz\",\"https:\/\/www.instagram.com\/klimavex_cz\/\"]}]}<\/script>\n<!-- \/ Yoast SEO plugin. -->","yoast_head_json":{"title":"Ventil\u00e1tor Vortice LINEO 200 T QUIET - KLIMAVEX GROUP - \u010cesko","robots":{"index":"index","follow":"follow","max-snippet":"max-snippet:-1","max-image-preview":"max-image-preview:large","max-video-preview":"max-video-preview:-1"},"canonical":"https:\/\/klimavex.eu\/cz\/katalog\/ventilator-vortice-lineo-200-t-quiet\/","og_locale":"cs_CZ","og_type":"article","og_title":"Ventil\u00e1tor Vortice LINEO 200 T QUIET - KLIMAVEX GROUP - \u010cesko","og_description":"T\u0159&iacute;ot&aacute;\u010dkov&yacute; potrubn&iacute; ventil&aacute;tor \u0159ady Lineo Quiet je vybaven AC motorem s 3stup\u0148ovou regulac&iacute; ot&aacute;\u010dek a kuli\u010dkov&yacute;mi lo\u017eisky. Model T s&nbsp;mo\u017enost&iacute; \u010dasov&eacute;ho dob\u011bhu. Ur\u010den pro p\u0159ipojen&iacute; potrub&iacute; &oslash; 200mm. D&iacute;ky sv&yacute;m vlastnostem a konstrukci je vhodn&yacute; pro del&scaron;&iacute; vzduchotechnick&eacute; potrub&iacute;. Kryt&iacute; IPX5 zaji&scaron;\u0165uje ochranu proti prachu a st\u0159&iacute;kaj&iacute;c&iacute; vod\u011b ze v&scaron;ech stran. Ob\u011b\u017en&eacute; kolo ventil&aacute;toru je vyv&aacute;\u017eeno p\u0159&iacute;mo na motoru.","og_url":"https:\/\/klimavex.eu\/cz\/katalog\/ventilator-vortice-lineo-200-t-quiet\/","og_site_name":"KLIMAVEX GROUP - \u010cesko","article_publisher":"https:\/\/www.facebook.com\/klimavex.cz","article_modified_time":"2026-03-31T16:49:58+00:00","og_image":[{"width":572,"height":512,"url":"https:\/\/klimavex.eu\/cz\/wp-content\/uploads\/2025\/09\/aefApHuykBxiB0QBvGP6QT-JVVOCgLjgG7v0L2JDXpQ-1.png","type":"image\/png"}],"twitter_card":"summary_large_image","twitter_misc":{"Odhadovan\u00e1 doba \u010dten\u00ed":"1 minuta"},"schema":{"@context":"https:\/\/schema.org","@graph":[{"@type":"WebPage","@id":"https:\/\/klimavex.eu\/cz\/katalog\/ventilator-vortice-lineo-200-t-quiet\/","url":"https:\/\/klimavex.eu\/cz\/katalog\/ventilator-vortice-lineo-200-t-quiet\/","name":"Ventil\u00e1tor Vortice LINEO 200 T QUIET - KLIMAVEX GROUP - \u010cesko","isPartOf":{"@id":"https:\/\/klimavex.eu\/cz\/#website"},"primaryImageOfPage":{"@id":"https:\/\/klimavex.eu\/cz\/katalog\/ventilator-vortice-lineo-200-t-quiet\/#primaryimage"},"image":{"@id":"https:\/\/klimavex.eu\/cz\/katalog\/ventilator-vortice-lineo-200-t-quiet\/#primaryimage"},"thumbnailUrl":"https:\/\/klimavex.eu\/cz\/wp-content\/uploads\/2025\/09\/aefApHuykBxiB0QBvGP6QT-JVVOCgLjgG7v0L2JDXpQ-1.png","datePublished":"2026-03-31T16:49:11+00:00","dateModified":"2026-03-31T16:49:58+00:00","breadcrumb":{"@id":"https:\/\/klimavex.eu\/cz\/katalog\/ventilator-vortice-lineo-200-t-quiet\/#breadcrumb"},"inLanguage":"cs","potentialAction":[{"@type":"ReadAction","target":["https:\/\/klimavex.eu\/cz\/katalog\/ventilator-vortice-lineo-200-t-quiet\/"]}]},{"@type":"ImageObject","inLanguage":"cs","@id":"https:\/\/klimavex.eu\/cz\/katalog\/ventilator-vortice-lineo-200-t-quiet\/#primaryimage","url":"https:\/\/klimavex.eu\/cz\/wp-content\/uploads\/2025\/09\/aefApHuykBxiB0QBvGP6QT-JVVOCgLjgG7v0L2JDXpQ-1.png","contentUrl":"https:\/\/klimavex.eu\/cz\/wp-content\/uploads\/2025\/09\/aefApHuykBxiB0QBvGP6QT-JVVOCgLjgG7v0L2JDXpQ-1.png","width":572,"height":512},{"@type":"BreadcrumbList","@id":"https:\/\/klimavex.eu\/cz\/katalog\/ventilator-vortice-lineo-200-t-quiet\/#breadcrumb","itemListElement":[{"@type":"ListItem","position":1,"name":"Domovsk\u00e1 str\u00e1nka","item":"https:\/\/klimavex.eu\/cz\/"},{"@type":"ListItem","position":2,"name":"Eshop","item":"https:\/\/klimavex.eu\/cz\/eshop\/"},{"@type":"ListItem","position":3,"name":"Ventil\u00e1tor Vortice LINEO 200 T QUIET"}]},{"@type":"WebSite","@id":"https:\/\/klimavex.eu\/cz\/#website","url":"https:\/\/klimavex.eu\/cz\/","name":"KLIMAVEX GROUP - \u010cesko","description":"","publisher":{"@id":"https:\/\/klimavex.eu\/cz\/#organization"},"alternateName":"KLIMAVEX CZ a.s.","potentialAction":[{"@type":"SearchAction","target":{"@type":"EntryPoint","urlTemplate":"https:\/\/klimavex.eu\/cz\/?s={search_term_string}"},"query-input":{"@type":"PropertyValueSpecification","valueRequired":true,"valueName":"search_term_string"}}],"inLanguage":"cs"},{"@type":"Organization","@id":"https:\/\/klimavex.eu\/cz\/#organization","name":"KLIMAVEX GROUP","alternateName":"KLIMAVEX","url":"https:\/\/klimavex.eu\/cz\/","logo":{"@type":"ImageObject","inLanguage":"cs","@id":"https:\/\/klimavex.eu\/cz\/#\/schema\/logo\/image\/","url":"https:\/\/klimavex.eu\/cz\/wp-content\/uploads\/2024\/04\/Klimavex-Group-logo.png","contentUrl":"https:\/\/klimavex.eu\/cz\/wp-content\/uploads\/2024\/04\/Klimavex-Group-logo.png","width":1681,"height":472,"caption":"KLIMAVEX GROUP"},"image":{"@id":"https:\/\/klimavex.eu\/cz\/#\/schema\/logo\/image\/"},"sameAs":["https:\/\/www.facebook.com\/klimavex.cz","https:\/\/www.instagram.com\/klimavex_cz\/"]}]}},"_links":{"self":[{"href":"https:\/\/klimavex.eu\/cz\/wp-json\/wp\/v2\/product\/544162","targetHints":{"allow":["GET"]}}],"collection":[{"href":"https:\/\/klimavex.eu\/cz\/wp-json\/wp\/v2\/product"}],"about":[{"href":"https:\/\/klimavex.eu\/cz\/wp-json\/wp\/v2\/types\/product"}],"version-history":[{"count":0,"href":"https:\/\/klimavex.eu\/cz\/wp-json\/wp\/v2\/product\/544162\/revisions"}],"wp:featuredmedia":[{"embeddable":true,"href":"https:\/\/klimavex.eu\/cz\/wp-json\/wp\/v2\/media\/551383"}],"wp:attachment":[{"href":"https:\/\/klimavex.eu\/cz\/wp-json\/wp\/v2\/media?parent=544162"}],"wp:term":[{"taxonomy":"product_cat","embeddable":true,"href":"https:\/\/klimavex.eu\/cz\/wp-json\/wp\/v2\/product_cat?post=544162"},{"taxonomy":"product_tag","embeddable":true,"href":"https:\/\/klimavex.eu\/cz\/wp-json\/wp\/v2\/product_tag?post=544162"}],"curies":[{"name":"wp","href":"https:\/\/api.w.org\/{rel}","templated":true}]}}