{"id":544167,"date":"2026-03-27T08:02:59","date_gmt":"2026-03-27T07:02:59","guid":{"rendered":"https:\/\/klimavex.eu\/cz\/katalog\/vetraci-rekuperacni-jednotka-vortice-vort-hr-300-neti\/"},"modified":"2026-03-27T08:03:14","modified_gmt":"2026-03-27T07:03:14","slug":"vetraci-rekuperacni-jednotka-vortice-vort-hr-300-neti","status":"publish","type":"product","link":"https:\/\/klimavex.eu\/cz\/katalog\/vetraci-rekuperacni-jednotka-vortice-vort-hr-300-neti\/","title":{"rendered":"V\u011btrac\u00ed rekupera\u010dn\u00ed jednotka Vortice VORT HR 300 NETI"},"content":{"rendered":"<p style=\"margin-left:0cm;text-align:justify;\"><span style=\"font-family:Calibri, sans-serif;font-size:11pt;\"><strong>Kl\u00ed\u010dov\u00e9 vlastnosti<\/strong><\/span><\/p>\n<ul>\n<li>\n<p style=\"text-align:justify;\"><span style=\"font-family:Calibri, sans-serif;font-size:11pt;\">2 EC (brushless) motory s h\u0159\u00eddelemi ulo\u017een\u00fdmi na kuli\u010dkov\u00fdch lo\u017eisk\u00e1ch<\/span><\/p>\n<\/li>\n<li>\n<p style=\"text-align:justify;\"><span style=\"font-family:Calibri, sans-serif;font-size:11pt;\">Ohnivzdorn\u00fd kryt z p\u011bnov\u00e9ho polypropylenu (DIN EN 13501)<\/span><\/p>\n<\/li>\n<li>\n<p style=\"text-align:justify;\"><span style=\"font-family:Calibri, sans-serif;font-size:11pt;\">Automatick\u00fd mechanick\u00fd by-pass<\/span><\/p>\n<\/li>\n<li>\n<p style=\"text-align:justify;\"><span style=\"font-family:Calibri, sans-serif;font-size:11pt;\">Vysoce \u00fa\u010dinn\u00fd protiproud\u00fd typ v\u00fdm\u011bn\u00edku tepla z plastov\u00e9ho materi\u00e1lu PS&nbsp;<\/span><\/p>\n<\/li>\n<li>\n<p style=\"text-align:justify;\"><span style=\"font-family:Calibri, sans-serif;font-size:11pt;\">Automatick\u00fd aktivovan\u00fd syst\u00e9m zabra\u0148uj\u00edc\u00ed tvorb\u011b n\u00e1mrazy na v\u00fdm\u011bn\u00edku tepla<\/span><\/p>\n<\/li>\n<li>\n<p style=\"text-align:justify;\"><span style=\"font-family:Calibri, sans-serif;font-size:11pt;\">Dvojice filtr\u016f M5 (filtr F7 je k dispozici jako voliteln\u00e9 p\u0159\u00edslu\u0161enstv\u00ed pro p\u0159\u00edvodn\u00ed kan\u00e1l), snadno p\u0159\u00edstupn\u00e9 pro pravideln\u00e9 \u00fadr\u017eb\u00e1\u0159sk\u00e9 pr\u00e1ce<\/span><\/p>\n<\/li>\n<li>\n<p style=\"text-align:justify;\"><span style=\"font-family:Calibri, sans-serif;font-size:11pt;\">Z\u00e1sobn\u00edk na kondenz\u00e1t s vypou\u0161t\u011bc\u00edm za\u0159\u00edzen\u00edm<\/span><\/p>\n<\/li>\n<li>\n<p style=\"text-align:justify;\"><span style=\"font-family:Calibri, sans-serif;font-size:11pt;\">\u00d8 150 mm<\/span><\/p>\n<\/li>\n<li>\n<p style=\"text-align:justify;\"><span style=\"font-family:Calibri, sans-serif;font-size:11pt;\">Mo\u017enost p\u0159ipojen\u00ed k extern\u00edm \u010didl\u016fm prost\u0159ed\u00ed (voliteln\u011b), pro automatickou regulaci re\u017eimu.<\/span><\/p>\n<\/li>\n<li>\n<p style=\"text-align:justify;\"><span style=\"font-family:Calibri, sans-serif;font-size:11pt;\">D\u00e1lkov\u00e9 ovl\u00e1d\u00e1n\u00ed, kabelov\u00e9 p\u0159ipojen\u00ed, s LCD displejem pro:&nbsp;<\/span><\/p>\n<ul>\n<li>\n<p style=\"text-align:justify;\"><span style=\"font-family:Calibri, sans-serif;font-size:11pt;\">zap\u00edn\u00e1n\u00ed a vyp\u00edn\u00e1n\u00ed<\/span><\/p>\n<\/li>\n<li>\n<p style=\"text-align:justify;\"><span style=\"font-family:Calibri, sans-serif;font-size:11pt;\">po\u010d\u00e1te\u010dn\u00ed konfiguraci<\/span><\/p>\n<\/li>\n<li>\n<p style=\"text-align:justify;\"><span style=\"font-family:Calibri, sans-serif;font-size:11pt;\">volbu provozn\u00ed rychlosti<\/span><\/p>\n<\/li>\n<li>\n<p style=\"text-align:justify;\"><span style=\"font-family:Calibri, sans-serif;font-size:11pt;\">programov\u00e1n\u00ed provozu&nbsp;<\/span><\/p>\n<\/li>\n<li>\n<p style=\"text-align:justify;\"><span style=\"font-family:Calibri, sans-serif;font-size:11pt;\">zobrazen\u00ed \u010dasu a okoln\u00ed teploty<\/span><\/p>\n<\/li>\n<li>\n<p style=\"text-align:justify;\"><span style=\"font-family:Calibri, sans-serif;font-size:11pt;\">sledov\u00e1n\u00ed spr\u00e1vn\u00e9 \u010dinnosti v\u00fdrobku (p\u0159\u00edpadn\u00e9 poruchy jsou indikov\u00e1ny chybov\u00fdmi hl\u00e1\u0161en\u00edmi na displeji)<\/span><\/p>\n<\/li>\n<li>\n<p style=\"text-align:justify;\"><span style=\"font-family:Calibri, sans-serif;font-size:11pt;\">indikace stavu nasycen\u00e9ho filtru na displeji&nbsp;<\/span><\/p>\n<\/li>\n<\/ul>\n<\/li>\n<\/ul>\n","protected":false},"excerpt":{"rendered":"<p style=\"margin-left:0cm;text-align:justify;\"><span style=\"font-family:Calibri, sans-serif;font-size:11pt;\">Rekupera\u010dn\u00ed jednotka <strong>Vortice VORT HR 350 AVEL&nbsp;<\/strong>s integrovan\u00fdm \u010deln\u00edm panelem z tvrzen\u00e9ho plastu pro p\u0159\u00edm\u00fd p\u0159\u00edstup k filtr\u016fm. Sac\u00ed a v\u00fdtla\u010dn\u00e9 v\u00fdstupy jsou kompatibiln\u00ed s trubkami o jmenovit\u00e9m <strong>pr\u016fm\u011bru 150 mm<\/strong>. Jednotka disponuje vysoce \u00fa\u010dinn\u00fdm <strong>protiproud\u00fdm v\u00fdm\u011bn\u00edkem tepla z plastov\u00e9ho materi\u00e1lu<\/strong> PS. Standardn\u011b jsou sou\u010d\u00e1st\u00ed dod\u00e1vky dr\u017e\u00e1ky pro mont\u00e1\u017e na st\u011bnu.<\/span><\/p>\n","protected":false},"featured_media":0,"template":"","meta":[],"product_cat":[7562],"product_tag":[],"class_list":{"0":"post-544167","1":"product","2":"type-product","3":"status-publish","5":"product_cat-ventilatory","6":"pa_dostupny-tlak-pa-13307","7":"pa_hlucnost-lp-3m-13308","8":"pa_kryti-ipx2","9":"pa_typ-rekuperace","10":"pa_vzduchovy-vykon-qv-m3-12697","11":"pa_znacka-vortice","13":"first","14":"instock","15":"taxable","16":"shipping-taxable","17":"purchasable","18":"product-type-simple"},"yoast_head":"<!-- This site is optimized with the Yoast SEO plugin v23.9 - https:\/\/yoast.com\/wordpress\/plugins\/seo\/ -->\n<title>V\u011btrac\u00ed rekupera\u010dn\u00ed jednotka Vortice VORT HR 300 NETI - KLIMAVEX GROUP - \u010cesko<\/title>\n<meta name=\"robots\" content=\"index, follow, max-snippet:-1, max-image-preview:large, max-video-preview:-1\" \/>\n<link rel=\"canonical\" href=\"https:\/\/klimavex.eu\/cz\/katalog\/vetraci-rekuperacni-jednotka-vortice-vort-hr-300-neti\/\" \/>\n<meta property=\"og:locale\" content=\"cs_CZ\" \/>\n<meta property=\"og:type\" content=\"article\" \/>\n<meta property=\"og:title\" content=\"V\u011btrac\u00ed rekupera\u010dn\u00ed jednotka Vortice VORT HR 300 NETI - KLIMAVEX GROUP - \u010cesko\" \/>\n<meta property=\"og:description\" content=\"Rekupera\u010dn\u00ed jednotka Vortice VORT HR 350 AVEL&nbsp;s integrovan\u00fdm \u010deln\u00edm panelem z tvrzen\u00e9ho plastu pro p\u0159\u00edm\u00fd p\u0159\u00edstup k filtr\u016fm. Sac\u00ed a v\u00fdtla\u010dn\u00e9 v\u00fdstupy jsou kompatibiln\u00ed s trubkami o jmenovit\u00e9m pr\u016fm\u011bru 150 mm. Jednotka disponuje vysoce \u00fa\u010dinn\u00fdm protiproud\u00fdm v\u00fdm\u011bn\u00edkem tepla z plastov\u00e9ho materi\u00e1lu PS. Standardn\u011b jsou sou\u010d\u00e1st\u00ed dod\u00e1vky dr\u017e\u00e1ky pro mont\u00e1\u017e na st\u011bnu.\" \/>\n<meta property=\"og:url\" content=\"https:\/\/klimavex.eu\/cz\/katalog\/vetraci-rekuperacni-jednotka-vortice-vort-hr-300-neti\/\" \/>\n<meta property=\"og:site_name\" content=\"KLIMAVEX GROUP - \u010cesko\" \/>\n<meta property=\"article:publisher\" content=\"https:\/\/www.facebook.com\/klimavex.cz\" \/>\n<meta property=\"article:modified_time\" content=\"2026-03-27T07:03:14+00:00\" \/>\n<meta property=\"og:image\" content=\"https:\/\/klimavex.eu\/cz\/wp-content\/uploads\/2024\/02\/LOGO-KLIMAVEX-modra-kostka-1.png\" \/>\n\t<meta property=\"og:image:width\" content=\"9184\" \/>\n\t<meta property=\"og:image:height\" content=\"9184\" \/>\n\t<meta property=\"og:image:type\" content=\"image\/png\" \/>\n<meta name=\"twitter:card\" content=\"summary_large_image\" \/>\n<meta name=\"twitter:label1\" content=\"Odhadovan\u00e1 doba \u010dten\u00ed\" \/>\n\t<meta name=\"twitter:data1\" content=\"1 minuta\" \/>\n<script type=\"application\/ld+json\" class=\"yoast-schema-graph\">{\"@context\":\"https:\/\/schema.org\",\"@graph\":[{\"@type\":\"WebPage\",\"@id\":\"https:\/\/klimavex.eu\/cz\/katalog\/vetraci-rekuperacni-jednotka-vortice-vort-hr-300-neti\/\",\"url\":\"https:\/\/klimavex.eu\/cz\/katalog\/vetraci-rekuperacni-jednotka-vortice-vort-hr-300-neti\/\",\"name\":\"V\u011btrac\u00ed rekupera\u010dn\u00ed jednotka Vortice VORT HR 300 NETI - KLIMAVEX GROUP - \u010cesko\",\"isPartOf\":{\"@id\":\"https:\/\/klimavex.eu\/cz\/#website\"},\"datePublished\":\"2026-03-27T07:02:59+00:00\",\"dateModified\":\"2026-03-27T07:03:14+00:00\",\"breadcrumb\":{\"@id\":\"https:\/\/klimavex.eu\/cz\/katalog\/vetraci-rekuperacni-jednotka-vortice-vort-hr-300-neti\/#breadcrumb\"},\"inLanguage\":\"cs\",\"potentialAction\":[{\"@type\":\"ReadAction\",\"target\":[\"https:\/\/klimavex.eu\/cz\/katalog\/vetraci-rekuperacni-jednotka-vortice-vort-hr-300-neti\/\"]}]},{\"@type\":\"BreadcrumbList\",\"@id\":\"https:\/\/klimavex.eu\/cz\/katalog\/vetraci-rekuperacni-jednotka-vortice-vort-hr-300-neti\/#breadcrumb\",\"itemListElement\":[{\"@type\":\"ListItem\",\"position\":1,\"name\":\"Domovsk\u00e1 str\u00e1nka\",\"item\":\"https:\/\/klimavex.eu\/cz\/\"},{\"@type\":\"ListItem\",\"position\":2,\"name\":\"Eshop\",\"item\":\"https:\/\/klimavex.eu\/cz\/eshop\/\"},{\"@type\":\"ListItem\",\"position\":3,\"name\":\"V\u011btrac\u00ed rekupera\u010dn\u00ed jednotka Vortice VORT HR 300 NETI\"}]},{\"@type\":\"WebSite\",\"@id\":\"https:\/\/klimavex.eu\/cz\/#website\",\"url\":\"https:\/\/klimavex.eu\/cz\/\",\"name\":\"KLIMAVEX GROUP - \u010cesko\",\"description\":\"\",\"publisher\":{\"@id\":\"https:\/\/klimavex.eu\/cz\/#organization\"},\"alternateName\":\"KLIMAVEX CZ a.s.\",\"potentialAction\":[{\"@type\":\"SearchAction\",\"target\":{\"@type\":\"EntryPoint\",\"urlTemplate\":\"https:\/\/klimavex.eu\/cz\/?s={search_term_string}\"},\"query-input\":{\"@type\":\"PropertyValueSpecification\",\"valueRequired\":true,\"valueName\":\"search_term_string\"}}],\"inLanguage\":\"cs\"},{\"@type\":\"Organization\",\"@id\":\"https:\/\/klimavex.eu\/cz\/#organization\",\"name\":\"KLIMAVEX GROUP\",\"alternateName\":\"KLIMAVEX\",\"url\":\"https:\/\/klimavex.eu\/cz\/\",\"logo\":{\"@type\":\"ImageObject\",\"inLanguage\":\"cs\",\"@id\":\"https:\/\/klimavex.eu\/cz\/#\/schema\/logo\/image\/\",\"url\":\"https:\/\/klimavex.eu\/cz\/wp-content\/uploads\/2024\/04\/Klimavex-Group-logo.png\",\"contentUrl\":\"https:\/\/klimavex.eu\/cz\/wp-content\/uploads\/2024\/04\/Klimavex-Group-logo.png\",\"width\":1681,\"height\":472,\"caption\":\"KLIMAVEX GROUP\"},\"image\":{\"@id\":\"https:\/\/klimavex.eu\/cz\/#\/schema\/logo\/image\/\"},\"sameAs\":[\"https:\/\/www.facebook.com\/klimavex.cz\",\"https:\/\/www.instagram.com\/klimavex_cz\/\"]}]}<\/script>\n<!-- \/ Yoast SEO plugin. -->","yoast_head_json":{"title":"V\u011btrac\u00ed rekupera\u010dn\u00ed jednotka Vortice VORT HR 300 NETI - KLIMAVEX GROUP - \u010cesko","robots":{"index":"index","follow":"follow","max-snippet":"max-snippet:-1","max-image-preview":"max-image-preview:large","max-video-preview":"max-video-preview:-1"},"canonical":"https:\/\/klimavex.eu\/cz\/katalog\/vetraci-rekuperacni-jednotka-vortice-vort-hr-300-neti\/","og_locale":"cs_CZ","og_type":"article","og_title":"V\u011btrac\u00ed rekupera\u010dn\u00ed jednotka Vortice VORT HR 300 NETI - KLIMAVEX GROUP - \u010cesko","og_description":"Rekupera\u010dn\u00ed jednotka Vortice VORT HR 350 AVEL&nbsp;s integrovan\u00fdm \u010deln\u00edm panelem z tvrzen\u00e9ho plastu pro p\u0159\u00edm\u00fd p\u0159\u00edstup k filtr\u016fm. Sac\u00ed a v\u00fdtla\u010dn\u00e9 v\u00fdstupy jsou kompatibiln\u00ed s trubkami o jmenovit\u00e9m pr\u016fm\u011bru 150 mm. Jednotka disponuje vysoce \u00fa\u010dinn\u00fdm protiproud\u00fdm v\u00fdm\u011bn\u00edkem tepla z plastov\u00e9ho materi\u00e1lu PS. Standardn\u011b jsou sou\u010d\u00e1st\u00ed dod\u00e1vky dr\u017e\u00e1ky pro mont\u00e1\u017e na st\u011bnu.","og_url":"https:\/\/klimavex.eu\/cz\/katalog\/vetraci-rekuperacni-jednotka-vortice-vort-hr-300-neti\/","og_site_name":"KLIMAVEX GROUP - \u010cesko","article_publisher":"https:\/\/www.facebook.com\/klimavex.cz","article_modified_time":"2026-03-27T07:03:14+00:00","og_image":[{"width":9184,"height":9184,"url":"https:\/\/klimavex.eu\/cz\/wp-content\/uploads\/2024\/02\/LOGO-KLIMAVEX-modra-kostka-1.png","type":"image\/png"}],"twitter_card":"summary_large_image","twitter_misc":{"Odhadovan\u00e1 doba \u010dten\u00ed":"1 minuta"},"schema":{"@context":"https:\/\/schema.org","@graph":[{"@type":"WebPage","@id":"https:\/\/klimavex.eu\/cz\/katalog\/vetraci-rekuperacni-jednotka-vortice-vort-hr-300-neti\/","url":"https:\/\/klimavex.eu\/cz\/katalog\/vetraci-rekuperacni-jednotka-vortice-vort-hr-300-neti\/","name":"V\u011btrac\u00ed rekupera\u010dn\u00ed jednotka Vortice VORT HR 300 NETI - KLIMAVEX GROUP - \u010cesko","isPartOf":{"@id":"https:\/\/klimavex.eu\/cz\/#website"},"datePublished":"2026-03-27T07:02:59+00:00","dateModified":"2026-03-27T07:03:14+00:00","breadcrumb":{"@id":"https:\/\/klimavex.eu\/cz\/katalog\/vetraci-rekuperacni-jednotka-vortice-vort-hr-300-neti\/#breadcrumb"},"inLanguage":"cs","potentialAction":[{"@type":"ReadAction","target":["https:\/\/klimavex.eu\/cz\/katalog\/vetraci-rekuperacni-jednotka-vortice-vort-hr-300-neti\/"]}]},{"@type":"BreadcrumbList","@id":"https:\/\/klimavex.eu\/cz\/katalog\/vetraci-rekuperacni-jednotka-vortice-vort-hr-300-neti\/#breadcrumb","itemListElement":[{"@type":"ListItem","position":1,"name":"Domovsk\u00e1 str\u00e1nka","item":"https:\/\/klimavex.eu\/cz\/"},{"@type":"ListItem","position":2,"name":"Eshop","item":"https:\/\/klimavex.eu\/cz\/eshop\/"},{"@type":"ListItem","position":3,"name":"V\u011btrac\u00ed rekupera\u010dn\u00ed jednotka Vortice VORT HR 300 NETI"}]},{"@type":"WebSite","@id":"https:\/\/klimavex.eu\/cz\/#website","url":"https:\/\/klimavex.eu\/cz\/","name":"KLIMAVEX GROUP - \u010cesko","description":"","publisher":{"@id":"https:\/\/klimavex.eu\/cz\/#organization"},"alternateName":"KLIMAVEX CZ a.s.","potentialAction":[{"@type":"SearchAction","target":{"@type":"EntryPoint","urlTemplate":"https:\/\/klimavex.eu\/cz\/?s={search_term_string}"},"query-input":{"@type":"PropertyValueSpecification","valueRequired":true,"valueName":"search_term_string"}}],"inLanguage":"cs"},{"@type":"Organization","@id":"https:\/\/klimavex.eu\/cz\/#organization","name":"KLIMAVEX GROUP","alternateName":"KLIMAVEX","url":"https:\/\/klimavex.eu\/cz\/","logo":{"@type":"ImageObject","inLanguage":"cs","@id":"https:\/\/klimavex.eu\/cz\/#\/schema\/logo\/image\/","url":"https:\/\/klimavex.eu\/cz\/wp-content\/uploads\/2024\/04\/Klimavex-Group-logo.png","contentUrl":"https:\/\/klimavex.eu\/cz\/wp-content\/uploads\/2024\/04\/Klimavex-Group-logo.png","width":1681,"height":472,"caption":"KLIMAVEX GROUP"},"image":{"@id":"https:\/\/klimavex.eu\/cz\/#\/schema\/logo\/image\/"},"sameAs":["https:\/\/www.facebook.com\/klimavex.cz","https:\/\/www.instagram.com\/klimavex_cz\/"]}]}},"_links":{"self":[{"href":"https:\/\/klimavex.eu\/cz\/wp-json\/wp\/v2\/product\/544167","targetHints":{"allow":["GET"]}}],"collection":[{"href":"https:\/\/klimavex.eu\/cz\/wp-json\/wp\/v2\/product"}],"about":[{"href":"https:\/\/klimavex.eu\/cz\/wp-json\/wp\/v2\/types\/product"}],"version-history":[{"count":0,"href":"https:\/\/klimavex.eu\/cz\/wp-json\/wp\/v2\/product\/544167\/revisions"}],"wp:attachment":[{"href":"https:\/\/klimavex.eu\/cz\/wp-json\/wp\/v2\/media?parent=544167"}],"wp:term":[{"taxonomy":"product_cat","embeddable":true,"href":"https:\/\/klimavex.eu\/cz\/wp-json\/wp\/v2\/product_cat?post=544167"},{"taxonomy":"product_tag","embeddable":true,"href":"https:\/\/klimavex.eu\/cz\/wp-json\/wp\/v2\/product_tag?post=544167"}],"curies":[{"name":"wp","href":"https:\/\/api.w.org\/{rel}","templated":true}]}}