{"id":544182,"date":"2026-03-31T18:50:23","date_gmt":"2026-03-31T16:50:23","guid":{"rendered":"https:\/\/klimavex.eu\/cz\/katalog\/ventilator-vortice-qe-100-ll\/"},"modified":"2026-03-31T18:50:30","modified_gmt":"2026-03-31T16:50:30","slug":"ventilator-vortice-qe-100-ll","status":"publish","type":"product","link":"https:\/\/klimavex.eu\/cz\/katalog\/ventilator-vortice-qe-100-ll\/","title":{"rendered":"Ventil\u00e1tor Vortice QE 100 LL"},"content":{"rendered":"<p style=\"margin-left:0cm;text-align:justify;\"><span style=\"font-family:Calibri, sans-serif;font-size:11pt;\"><strong>Kl\u00ed\u010dov\u00e9 vlastnosti<\/strong><\/span><\/p>\n<ul>\n<li>\n<p style=\"text-align:justify;\"><span style=\"font-family:Calibri, sans-serif;font-size:11pt;\">P\u0159edn\u00ed panel a spir\u00e1lov\u00e9 t\u011blo z b\u00edl\u00e9ho samozh\u00e1\u0161iv\u00e9ho plastu ABS (t\u0159\u00edda V0)<\/span><\/p>\n<\/li>\n<li>\n<p style=\"text-align:justify;\"><span style=\"font-family:Calibri, sans-serif;font-size:11pt;\">Panel se vykl\u00e1p\u00ed nahoru pro jednoduchou \u00fadr\u017ebu filtru<\/span><\/p>\n<\/li>\n<li>\n<p style=\"text-align:justify;\"><span style=\"font-family:Calibri, sans-serif;font-size:11pt;\">Dr\u017e\u00e1k motoru a podp\u011bra filtru ze samozh\u00e1\u0161iv\u00e9ho plastu ABS<\/span><\/p>\n<\/li>\n<li>\n<p style=\"text-align:justify;\"><span style=\"font-family:Calibri, sans-serif;font-size:11pt;\">1ot\u00e1\u010dkov\u00fd AC motor s h\u0159\u00eddel\u00ed ulo\u017eenou na kuli\u010dkov\u00fdch lo\u017eisk\u00e1ch s&nbsp;garanc\u00ed v\u00edce ne\u017e 40 000 hodin provozu p\u0159i maxim\u00e1ln\u00ed povolen\u00e9 teplot\u011b<\/span><\/p>\n<\/li>\n<li>\n<p style=\"text-align:justify;\"><span style=\"font-family:Calibri, sans-serif;font-size:11pt;\">Vrtule s&nbsp;dop\u0159edu zahnut\u00fdmi lopatkami vyroben\u00e1 z&nbsp;PBT, vysoce odoln\u00e1 v\u016f\u010di agresivn\u00edm chemik\u00e1li\u00edm<\/span><\/p>\n<\/li>\n<li>\n<p style=\"text-align:justify;\"><span style=\"font-family:Calibri, sans-serif;font-size:11pt;\">Jmenovit\u00fd pr\u016ftok: 100 m<sup>3<\/sup>\/h<\/span><\/p>\n<\/li>\n<li>\n<p style=\"text-align:justify;\"><span style=\"font-family:Calibri, sans-serif;font-size:11pt;\">Omyvateln\u00fd filtr; v\u00fdstra\u017en\u00e9 upozorn\u011bn\u00ed ucpan\u00e9ho filtru v souladu s po\u017eadavky na\u0159\u00edzen\u00ed EP \u010d. 1253\/2014\/EU, platn\u00e9ho od 1. 1. 2018<\/span><\/p>\n<\/li>\n<\/ul>\n","protected":false},"excerpt":{"rendered":"<p style=\"margin-left:0cm;text-align:justify;\"><span style=\"font-family:Calibri, sans-serif;font-size:11pt;\">Jednoot\u00e1\u010dkov\u00fd <strong>radi\u00e1ln\u00ed<\/strong> ventil\u00e1tor s&nbsp;<strong>kuli\u010dkov\u00fdmi lo\u017eisky<\/strong>. V&nbsp;balen\u00ed je <strong>pouze ventil\u00e1tor a p\u0159edn\u00ed kryt<\/strong>. Dostupn\u00e9 ve verzi <strong>standard<\/strong>, s \u010dasov\u00fdm sp\u00edna\u010dem (T), pokro\u010dil\u00fdm \u010dasov\u00fdm sp\u00edna\u010dem (TP), sn\u00edma\u010dem vlhkosti (TP-HCS) a pohybov\u00fdm \u010didlem (PIR). <strong>Instala\u010dn\u00ed krabici<\/strong> pro n\u00e1st\u011bnnou nebo zapu\u0161t\u011bnou mont\u00e1\u017e je <strong>nutno objednat samostatn\u011b<\/strong>.<\/span><\/p>\n","protected":false},"featured_media":551444,"template":"","meta":[],"product_cat":[7566,7573,7562],"product_tag":[],"class_list":{"0":"post-544182","1":"product","2":"type-product","3":"status-publish","4":"has-post-thumbnail","6":"product_cat-ventilatory-do-koupelny-radialni","7":"product_cat-quadro-evo","8":"product_cat-ventilatory","9":"pa_dostupny-tlak-pa-11693","10":"pa_kryti-ip45","11":"pa_kulickova-loziska-ll-ano","12":"pa_provedeni-radialni","13":"pa_prumer-napojeni-mm-11619","14":"pa_typ-quadro-evo","15":"pa_vzduchovy-vykon-qv-m3-11692","16":"pa_znacka-vortice","18":"first","19":"instock","20":"taxable","21":"shipping-taxable","22":"purchasable","23":"product-type-simple"},"yoast_head":"<!-- This site is optimized with the Yoast SEO plugin v23.9 - https:\/\/yoast.com\/wordpress\/plugins\/seo\/ -->\n<title>Ventil\u00e1tor Vortice QE 100 LL - KLIMAVEX GROUP - \u010cesko<\/title>\n<meta name=\"robots\" content=\"index, follow, max-snippet:-1, max-image-preview:large, max-video-preview:-1\" \/>\n<link rel=\"canonical\" href=\"https:\/\/klimavex.eu\/cz\/katalog\/ventilator-vortice-qe-100-ll\/\" \/>\n<meta property=\"og:locale\" content=\"cs_CZ\" \/>\n<meta property=\"og:type\" content=\"article\" \/>\n<meta property=\"og:title\" content=\"Ventil\u00e1tor Vortice QE 100 LL - KLIMAVEX GROUP - \u010cesko\" \/>\n<meta property=\"og:description\" content=\"Jednoot\u00e1\u010dkov\u00fd radi\u00e1ln\u00ed ventil\u00e1tor s&nbsp;kuli\u010dkov\u00fdmi lo\u017eisky. V&nbsp;balen\u00ed je pouze ventil\u00e1tor a p\u0159edn\u00ed kryt. Dostupn\u00e9 ve verzi standard, s \u010dasov\u00fdm sp\u00edna\u010dem (T), pokro\u010dil\u00fdm \u010dasov\u00fdm sp\u00edna\u010dem (TP), sn\u00edma\u010dem vlhkosti (TP-HCS) a pohybov\u00fdm \u010didlem (PIR). Instala\u010dn\u00ed krabici pro n\u00e1st\u011bnnou nebo zapu\u0161t\u011bnou mont\u00e1\u017e je nutno objednat samostatn\u011b.\" \/>\n<meta property=\"og:url\" content=\"https:\/\/klimavex.eu\/cz\/katalog\/ventilator-vortice-qe-100-ll\/\" \/>\n<meta property=\"og:site_name\" content=\"KLIMAVEX GROUP - \u010cesko\" \/>\n<meta property=\"article:publisher\" content=\"https:\/\/www.facebook.com\/klimavex.cz\" \/>\n<meta property=\"article:modified_time\" content=\"2026-03-31T16:50:30+00:00\" \/>\n<meta property=\"og:image\" content=\"https:\/\/klimavex.eu\/cz\/wp-content\/uploads\/2025\/09\/jrP-ZSCyWA6XQ_ztW2iZr96NmT_f875_7OoGwnP_YUY-12.jpeg\" \/>\n\t<meta property=\"og:image:width\" content=\"589\" \/>\n\t<meta property=\"og:image:height\" content=\"512\" \/>\n\t<meta property=\"og:image:type\" content=\"image\/jpeg\" \/>\n<meta name=\"twitter:card\" content=\"summary_large_image\" \/>\n<meta name=\"twitter:label1\" content=\"Odhadovan\u00e1 doba \u010dten\u00ed\" \/>\n\t<meta name=\"twitter:data1\" content=\"1 minuta\" \/>\n<script type=\"application\/ld+json\" class=\"yoast-schema-graph\">{\"@context\":\"https:\/\/schema.org\",\"@graph\":[{\"@type\":\"WebPage\",\"@id\":\"https:\/\/klimavex.eu\/cz\/katalog\/ventilator-vortice-qe-100-ll\/\",\"url\":\"https:\/\/klimavex.eu\/cz\/katalog\/ventilator-vortice-qe-100-ll\/\",\"name\":\"Ventil\u00e1tor Vortice QE 100 LL - KLIMAVEX GROUP - \u010cesko\",\"isPartOf\":{\"@id\":\"https:\/\/klimavex.eu\/cz\/#website\"},\"primaryImageOfPage\":{\"@id\":\"https:\/\/klimavex.eu\/cz\/katalog\/ventilator-vortice-qe-100-ll\/#primaryimage\"},\"image\":{\"@id\":\"https:\/\/klimavex.eu\/cz\/katalog\/ventilator-vortice-qe-100-ll\/#primaryimage\"},\"thumbnailUrl\":\"https:\/\/klimavex.eu\/cz\/wp-content\/uploads\/2025\/09\/jrP-ZSCyWA6XQ_ztW2iZr96NmT_f875_7OoGwnP_YUY-12.jpeg\",\"datePublished\":\"2026-03-31T16:50:23+00:00\",\"dateModified\":\"2026-03-31T16:50:30+00:00\",\"breadcrumb\":{\"@id\":\"https:\/\/klimavex.eu\/cz\/katalog\/ventilator-vortice-qe-100-ll\/#breadcrumb\"},\"inLanguage\":\"cs\",\"potentialAction\":[{\"@type\":\"ReadAction\",\"target\":[\"https:\/\/klimavex.eu\/cz\/katalog\/ventilator-vortice-qe-100-ll\/\"]}]},{\"@type\":\"ImageObject\",\"inLanguage\":\"cs\",\"@id\":\"https:\/\/klimavex.eu\/cz\/katalog\/ventilator-vortice-qe-100-ll\/#primaryimage\",\"url\":\"https:\/\/klimavex.eu\/cz\/wp-content\/uploads\/2025\/09\/jrP-ZSCyWA6XQ_ztW2iZr96NmT_f875_7OoGwnP_YUY-12.jpeg\",\"contentUrl\":\"https:\/\/klimavex.eu\/cz\/wp-content\/uploads\/2025\/09\/jrP-ZSCyWA6XQ_ztW2iZr96NmT_f875_7OoGwnP_YUY-12.jpeg\",\"width\":589,\"height\":512},{\"@type\":\"BreadcrumbList\",\"@id\":\"https:\/\/klimavex.eu\/cz\/katalog\/ventilator-vortice-qe-100-ll\/#breadcrumb\",\"itemListElement\":[{\"@type\":\"ListItem\",\"position\":1,\"name\":\"Domovsk\u00e1 str\u00e1nka\",\"item\":\"https:\/\/klimavex.eu\/cz\/\"},{\"@type\":\"ListItem\",\"position\":2,\"name\":\"Eshop\",\"item\":\"https:\/\/klimavex.eu\/cz\/eshop\/\"},{\"@type\":\"ListItem\",\"position\":3,\"name\":\"Ventil\u00e1tor Vortice QE 100 LL\"}]},{\"@type\":\"WebSite\",\"@id\":\"https:\/\/klimavex.eu\/cz\/#website\",\"url\":\"https:\/\/klimavex.eu\/cz\/\",\"name\":\"KLIMAVEX GROUP - \u010cesko\",\"description\":\"\",\"publisher\":{\"@id\":\"https:\/\/klimavex.eu\/cz\/#organization\"},\"alternateName\":\"KLIMAVEX CZ a.s.\",\"potentialAction\":[{\"@type\":\"SearchAction\",\"target\":{\"@type\":\"EntryPoint\",\"urlTemplate\":\"https:\/\/klimavex.eu\/cz\/?s={search_term_string}\"},\"query-input\":{\"@type\":\"PropertyValueSpecification\",\"valueRequired\":true,\"valueName\":\"search_term_string\"}}],\"inLanguage\":\"cs\"},{\"@type\":\"Organization\",\"@id\":\"https:\/\/klimavex.eu\/cz\/#organization\",\"name\":\"KLIMAVEX GROUP\",\"alternateName\":\"KLIMAVEX\",\"url\":\"https:\/\/klimavex.eu\/cz\/\",\"logo\":{\"@type\":\"ImageObject\",\"inLanguage\":\"cs\",\"@id\":\"https:\/\/klimavex.eu\/cz\/#\/schema\/logo\/image\/\",\"url\":\"https:\/\/klimavex.eu\/cz\/wp-content\/uploads\/2024\/04\/Klimavex-Group-logo.png\",\"contentUrl\":\"https:\/\/klimavex.eu\/cz\/wp-content\/uploads\/2024\/04\/Klimavex-Group-logo.png\",\"width\":1681,\"height\":472,\"caption\":\"KLIMAVEX GROUP\"},\"image\":{\"@id\":\"https:\/\/klimavex.eu\/cz\/#\/schema\/logo\/image\/\"},\"sameAs\":[\"https:\/\/www.facebook.com\/klimavex.cz\",\"https:\/\/www.instagram.com\/klimavex_cz\/\"]}]}<\/script>\n<!-- \/ Yoast SEO plugin. -->","yoast_head_json":{"title":"Ventil\u00e1tor Vortice QE 100 LL - KLIMAVEX GROUP - \u010cesko","robots":{"index":"index","follow":"follow","max-snippet":"max-snippet:-1","max-image-preview":"max-image-preview:large","max-video-preview":"max-video-preview:-1"},"canonical":"https:\/\/klimavex.eu\/cz\/katalog\/ventilator-vortice-qe-100-ll\/","og_locale":"cs_CZ","og_type":"article","og_title":"Ventil\u00e1tor Vortice QE 100 LL - KLIMAVEX GROUP - \u010cesko","og_description":"Jednoot\u00e1\u010dkov\u00fd radi\u00e1ln\u00ed ventil\u00e1tor s&nbsp;kuli\u010dkov\u00fdmi lo\u017eisky. V&nbsp;balen\u00ed je pouze ventil\u00e1tor a p\u0159edn\u00ed kryt. Dostupn\u00e9 ve verzi standard, s \u010dasov\u00fdm sp\u00edna\u010dem (T), pokro\u010dil\u00fdm \u010dasov\u00fdm sp\u00edna\u010dem (TP), sn\u00edma\u010dem vlhkosti (TP-HCS) a pohybov\u00fdm \u010didlem (PIR). Instala\u010dn\u00ed krabici pro n\u00e1st\u011bnnou nebo zapu\u0161t\u011bnou mont\u00e1\u017e je nutno objednat samostatn\u011b.","og_url":"https:\/\/klimavex.eu\/cz\/katalog\/ventilator-vortice-qe-100-ll\/","og_site_name":"KLIMAVEX GROUP - \u010cesko","article_publisher":"https:\/\/www.facebook.com\/klimavex.cz","article_modified_time":"2026-03-31T16:50:30+00:00","og_image":[{"width":589,"height":512,"url":"https:\/\/klimavex.eu\/cz\/wp-content\/uploads\/2025\/09\/jrP-ZSCyWA6XQ_ztW2iZr96NmT_f875_7OoGwnP_YUY-12.jpeg","type":"image\/jpeg"}],"twitter_card":"summary_large_image","twitter_misc":{"Odhadovan\u00e1 doba \u010dten\u00ed":"1 minuta"},"schema":{"@context":"https:\/\/schema.org","@graph":[{"@type":"WebPage","@id":"https:\/\/klimavex.eu\/cz\/katalog\/ventilator-vortice-qe-100-ll\/","url":"https:\/\/klimavex.eu\/cz\/katalog\/ventilator-vortice-qe-100-ll\/","name":"Ventil\u00e1tor Vortice QE 100 LL - KLIMAVEX GROUP - \u010cesko","isPartOf":{"@id":"https:\/\/klimavex.eu\/cz\/#website"},"primaryImageOfPage":{"@id":"https:\/\/klimavex.eu\/cz\/katalog\/ventilator-vortice-qe-100-ll\/#primaryimage"},"image":{"@id":"https:\/\/klimavex.eu\/cz\/katalog\/ventilator-vortice-qe-100-ll\/#primaryimage"},"thumbnailUrl":"https:\/\/klimavex.eu\/cz\/wp-content\/uploads\/2025\/09\/jrP-ZSCyWA6XQ_ztW2iZr96NmT_f875_7OoGwnP_YUY-12.jpeg","datePublished":"2026-03-31T16:50:23+00:00","dateModified":"2026-03-31T16:50:30+00:00","breadcrumb":{"@id":"https:\/\/klimavex.eu\/cz\/katalog\/ventilator-vortice-qe-100-ll\/#breadcrumb"},"inLanguage":"cs","potentialAction":[{"@type":"ReadAction","target":["https:\/\/klimavex.eu\/cz\/katalog\/ventilator-vortice-qe-100-ll\/"]}]},{"@type":"ImageObject","inLanguage":"cs","@id":"https:\/\/klimavex.eu\/cz\/katalog\/ventilator-vortice-qe-100-ll\/#primaryimage","url":"https:\/\/klimavex.eu\/cz\/wp-content\/uploads\/2025\/09\/jrP-ZSCyWA6XQ_ztW2iZr96NmT_f875_7OoGwnP_YUY-12.jpeg","contentUrl":"https:\/\/klimavex.eu\/cz\/wp-content\/uploads\/2025\/09\/jrP-ZSCyWA6XQ_ztW2iZr96NmT_f875_7OoGwnP_YUY-12.jpeg","width":589,"height":512},{"@type":"BreadcrumbList","@id":"https:\/\/klimavex.eu\/cz\/katalog\/ventilator-vortice-qe-100-ll\/#breadcrumb","itemListElement":[{"@type":"ListItem","position":1,"name":"Domovsk\u00e1 str\u00e1nka","item":"https:\/\/klimavex.eu\/cz\/"},{"@type":"ListItem","position":2,"name":"Eshop","item":"https:\/\/klimavex.eu\/cz\/eshop\/"},{"@type":"ListItem","position":3,"name":"Ventil\u00e1tor Vortice QE 100 LL"}]},{"@type":"WebSite","@id":"https:\/\/klimavex.eu\/cz\/#website","url":"https:\/\/klimavex.eu\/cz\/","name":"KLIMAVEX GROUP - \u010cesko","description":"","publisher":{"@id":"https:\/\/klimavex.eu\/cz\/#organization"},"alternateName":"KLIMAVEX CZ a.s.","potentialAction":[{"@type":"SearchAction","target":{"@type":"EntryPoint","urlTemplate":"https:\/\/klimavex.eu\/cz\/?s={search_term_string}"},"query-input":{"@type":"PropertyValueSpecification","valueRequired":true,"valueName":"search_term_string"}}],"inLanguage":"cs"},{"@type":"Organization","@id":"https:\/\/klimavex.eu\/cz\/#organization","name":"KLIMAVEX GROUP","alternateName":"KLIMAVEX","url":"https:\/\/klimavex.eu\/cz\/","logo":{"@type":"ImageObject","inLanguage":"cs","@id":"https:\/\/klimavex.eu\/cz\/#\/schema\/logo\/image\/","url":"https:\/\/klimavex.eu\/cz\/wp-content\/uploads\/2024\/04\/Klimavex-Group-logo.png","contentUrl":"https:\/\/klimavex.eu\/cz\/wp-content\/uploads\/2024\/04\/Klimavex-Group-logo.png","width":1681,"height":472,"caption":"KLIMAVEX GROUP"},"image":{"@id":"https:\/\/klimavex.eu\/cz\/#\/schema\/logo\/image\/"},"sameAs":["https:\/\/www.facebook.com\/klimavex.cz","https:\/\/www.instagram.com\/klimavex_cz\/"]}]}},"_links":{"self":[{"href":"https:\/\/klimavex.eu\/cz\/wp-json\/wp\/v2\/product\/544182","targetHints":{"allow":["GET"]}}],"collection":[{"href":"https:\/\/klimavex.eu\/cz\/wp-json\/wp\/v2\/product"}],"about":[{"href":"https:\/\/klimavex.eu\/cz\/wp-json\/wp\/v2\/types\/product"}],"version-history":[{"count":0,"href":"https:\/\/klimavex.eu\/cz\/wp-json\/wp\/v2\/product\/544182\/revisions"}],"wp:featuredmedia":[{"embeddable":true,"href":"https:\/\/klimavex.eu\/cz\/wp-json\/wp\/v2\/media\/551444"}],"wp:attachment":[{"href":"https:\/\/klimavex.eu\/cz\/wp-json\/wp\/v2\/media?parent=544182"}],"wp:term":[{"taxonomy":"product_cat","embeddable":true,"href":"https:\/\/klimavex.eu\/cz\/wp-json\/wp\/v2\/product_cat?post=544182"},{"taxonomy":"product_tag","embeddable":true,"href":"https:\/\/klimavex.eu\/cz\/wp-json\/wp\/v2\/product_tag?post=544182"}],"curies":[{"name":"wp","href":"https:\/\/api.w.org\/{rel}","templated":true}]}}