{"id":544185,"date":"2026-03-31T18:50:23","date_gmt":"2026-03-31T16:50:23","guid":{"rendered":"https:\/\/klimavex.eu\/cz\/katalog\/ventilator-vortice-axial-k\/"},"modified":"2026-03-31T18:50:35","modified_gmt":"2026-03-31T16:50:35","slug":"ventilator-vortice-axial-k","status":"publish","type":"product","link":"https:\/\/klimavex.eu\/cz\/katalog\/ventilator-vortice-axial-k\/","title":{"rendered":"Ventil\u00e1tor Vortice Axial K"},"content":{"rendered":"<p style=\"text-align: justify;\"><strong>Kl&iacute;\u010dov&eacute; vlastnosti:<\/strong><\/p>\n<ul>\n<li style=\"text-align: justify;\">Vhodn&yacute; pro p\u0159ipojen&iacute; do potrub&iacute; s vy&scaron;&scaron;&iacute; tlakovou ztr&aacute;tou.<\/li>\n<li style=\"text-align: justify;\">Dosahuje vysok&yacute;ch vzduchov&yacute;ch v&yacute;kon\u016f p\u0159i sou\u010dasn&eacute;m dodr\u017een&iacute; n&iacute;zk&eacute; hlu\u010dnosti.<\/li>\n<li style=\"text-align: justify;\">Mont&aacute;\u017e do podhledu.<\/li>\n<li style=\"text-align: justify;\">M\u011bkk&eacute; gumov&eacute; t\u011bsn\u011bn&iacute; pro tlumen&iacute; vibrac&iacute; pro tich&yacute; provoz.<\/li>\n<li style=\"text-align: justify;\">Za\u0159&iacute;zen&iacute; nemus&iacute; b&yacute;t uzemn\u011bn&eacute;, m&aacute; dvojitou izolaci.<\/li>\n<li style=\"text-align: justify;\">Mo\u017enost regulace ot&aacute;\u010dek.<\/li>\n<li style=\"text-align: justify;\">Ventil&aacute;tor je vyroben z anti-UV ABS um\u011bl&eacute; hmoty a v&scaron;echny komponenty v\u010detn\u011b obalu jsou 100% recyklovateln&eacute;. Motor se st&iacute;n\u011bn&yacute;mi p&oacute;ly a s tepelnou pojistkou m&aacute; lo\u017eiska s bronzovou vlo\u017ekou (standard).<\/li>\n<\/ul>\n","protected":false},"excerpt":{"rendered":"<p style=\"text-align: justify;\"><strong>Radi&aacute;ln&iacute; <\/strong>ods&aacute;vac&iacute; ventil&aacute;tor Vortice Axial K vhodn&yacute; pro <strong>v\u011btr&aacute;n&iacute; koupelen, toalet, kuchyn&iacute; nebo ve\u0159ejn&yacute;ch prostor<\/strong>. Ventil&aacute;tor s p\u0159ipojen&iacute;m na potrub&iacute; D 100mm a v&yacute;fuk je um&iacute;st\u011bn ve sm\u011bru osy s&aacute;n&iacute;.<\/p>\n","protected":false},"featured_media":551459,"template":"","meta":[],"product_cat":[7562],"product_tag":[],"class_list":{"0":"post-544185","1":"product","2":"type-product","3":"status-publish","4":"has-post-thumbnail","6":"product_cat-ventilatory","7":"pa_dostupny-tlak-pa-12810","8":"pa_hlucnost-lp-3m-13310","9":"pa_kryti-ipx2","10":"pa_provedeni-axialni","11":"pa_typ-koupelnovy","12":"pa_vzduchovy-vykon-qv-m3-13309","13":"pa_znacka-vortice","15":"first","16":"instock","17":"taxable","18":"shipping-taxable","19":"purchasable","20":"product-type-simple"},"yoast_head":"<!-- This site is optimized with the Yoast SEO plugin v23.9 - https:\/\/yoast.com\/wordpress\/plugins\/seo\/ -->\n<title>Ventil\u00e1tor Vortice Axial K - KLIMAVEX GROUP - \u010cesko<\/title>\n<meta name=\"robots\" content=\"index, follow, max-snippet:-1, max-image-preview:large, max-video-preview:-1\" \/>\n<link rel=\"canonical\" href=\"https:\/\/klimavex.eu\/cz\/katalog\/ventilator-vortice-axial-k\/\" \/>\n<meta property=\"og:locale\" content=\"cs_CZ\" \/>\n<meta property=\"og:type\" content=\"article\" \/>\n<meta property=\"og:title\" content=\"Ventil\u00e1tor Vortice Axial K - KLIMAVEX GROUP - \u010cesko\" \/>\n<meta property=\"og:description\" content=\"Radi&aacute;ln&iacute; ods&aacute;vac&iacute; ventil&aacute;tor Vortice Axial K vhodn&yacute; pro v\u011btr&aacute;n&iacute; koupelen, toalet, kuchyn&iacute; nebo ve\u0159ejn&yacute;ch prostor. Ventil&aacute;tor s p\u0159ipojen&iacute;m na potrub&iacute; D 100mm a v&yacute;fuk je um&iacute;st\u011bn ve sm\u011bru osy s&aacute;n&iacute;.\" \/>\n<meta property=\"og:url\" content=\"https:\/\/klimavex.eu\/cz\/katalog\/ventilator-vortice-axial-k\/\" \/>\n<meta property=\"og:site_name\" content=\"KLIMAVEX GROUP - \u010cesko\" \/>\n<meta property=\"article:publisher\" content=\"https:\/\/www.facebook.com\/klimavex.cz\" \/>\n<meta property=\"article:modified_time\" content=\"2026-03-31T16:50:35+00:00\" \/>\n<meta property=\"og:image\" content=\"https:\/\/klimavex.eu\/cz\/wp-content\/uploads\/2025\/09\/ygtGZ2X_FKWoJoZHrFuKmgVu7F3vUzzKH91KQjgbRrI-1.jpeg\" \/>\n\t<meta property=\"og:image:width\" content=\"512\" \/>\n\t<meta property=\"og:image:height\" content=\"512\" \/>\n\t<meta property=\"og:image:type\" content=\"image\/jpeg\" \/>\n<meta name=\"twitter:card\" content=\"summary_large_image\" \/>\n<meta name=\"twitter:label1\" content=\"Odhadovan\u00e1 doba \u010dten\u00ed\" \/>\n\t<meta name=\"twitter:data1\" content=\"1 minuta\" \/>\n<script type=\"application\/ld+json\" class=\"yoast-schema-graph\">{\"@context\":\"https:\/\/schema.org\",\"@graph\":[{\"@type\":\"WebPage\",\"@id\":\"https:\/\/klimavex.eu\/cz\/katalog\/ventilator-vortice-axial-k\/\",\"url\":\"https:\/\/klimavex.eu\/cz\/katalog\/ventilator-vortice-axial-k\/\",\"name\":\"Ventil\u00e1tor Vortice Axial K - KLIMAVEX GROUP - \u010cesko\",\"isPartOf\":{\"@id\":\"https:\/\/klimavex.eu\/cz\/#website\"},\"primaryImageOfPage\":{\"@id\":\"https:\/\/klimavex.eu\/cz\/katalog\/ventilator-vortice-axial-k\/#primaryimage\"},\"image\":{\"@id\":\"https:\/\/klimavex.eu\/cz\/katalog\/ventilator-vortice-axial-k\/#primaryimage\"},\"thumbnailUrl\":\"https:\/\/klimavex.eu\/cz\/wp-content\/uploads\/2025\/09\/ygtGZ2X_FKWoJoZHrFuKmgVu7F3vUzzKH91KQjgbRrI-1.jpeg\",\"datePublished\":\"2026-03-31T16:50:23+00:00\",\"dateModified\":\"2026-03-31T16:50:35+00:00\",\"breadcrumb\":{\"@id\":\"https:\/\/klimavex.eu\/cz\/katalog\/ventilator-vortice-axial-k\/#breadcrumb\"},\"inLanguage\":\"cs\",\"potentialAction\":[{\"@type\":\"ReadAction\",\"target\":[\"https:\/\/klimavex.eu\/cz\/katalog\/ventilator-vortice-axial-k\/\"]}]},{\"@type\":\"ImageObject\",\"inLanguage\":\"cs\",\"@id\":\"https:\/\/klimavex.eu\/cz\/katalog\/ventilator-vortice-axial-k\/#primaryimage\",\"url\":\"https:\/\/klimavex.eu\/cz\/wp-content\/uploads\/2025\/09\/ygtGZ2X_FKWoJoZHrFuKmgVu7F3vUzzKH91KQjgbRrI-1.jpeg\",\"contentUrl\":\"https:\/\/klimavex.eu\/cz\/wp-content\/uploads\/2025\/09\/ygtGZ2X_FKWoJoZHrFuKmgVu7F3vUzzKH91KQjgbRrI-1.jpeg\",\"width\":512,\"height\":512},{\"@type\":\"BreadcrumbList\",\"@id\":\"https:\/\/klimavex.eu\/cz\/katalog\/ventilator-vortice-axial-k\/#breadcrumb\",\"itemListElement\":[{\"@type\":\"ListItem\",\"position\":1,\"name\":\"Domovsk\u00e1 str\u00e1nka\",\"item\":\"https:\/\/klimavex.eu\/cz\/\"},{\"@type\":\"ListItem\",\"position\":2,\"name\":\"Eshop\",\"item\":\"https:\/\/klimavex.eu\/cz\/eshop\/\"},{\"@type\":\"ListItem\",\"position\":3,\"name\":\"Ventil\u00e1tor Vortice Axial K\"}]},{\"@type\":\"WebSite\",\"@id\":\"https:\/\/klimavex.eu\/cz\/#website\",\"url\":\"https:\/\/klimavex.eu\/cz\/\",\"name\":\"KLIMAVEX GROUP - \u010cesko\",\"description\":\"\",\"publisher\":{\"@id\":\"https:\/\/klimavex.eu\/cz\/#organization\"},\"alternateName\":\"KLIMAVEX CZ a.s.\",\"potentialAction\":[{\"@type\":\"SearchAction\",\"target\":{\"@type\":\"EntryPoint\",\"urlTemplate\":\"https:\/\/klimavex.eu\/cz\/?s={search_term_string}\"},\"query-input\":{\"@type\":\"PropertyValueSpecification\",\"valueRequired\":true,\"valueName\":\"search_term_string\"}}],\"inLanguage\":\"cs\"},{\"@type\":\"Organization\",\"@id\":\"https:\/\/klimavex.eu\/cz\/#organization\",\"name\":\"KLIMAVEX GROUP\",\"alternateName\":\"KLIMAVEX\",\"url\":\"https:\/\/klimavex.eu\/cz\/\",\"logo\":{\"@type\":\"ImageObject\",\"inLanguage\":\"cs\",\"@id\":\"https:\/\/klimavex.eu\/cz\/#\/schema\/logo\/image\/\",\"url\":\"https:\/\/klimavex.eu\/cz\/wp-content\/uploads\/2024\/04\/Klimavex-Group-logo.png\",\"contentUrl\":\"https:\/\/klimavex.eu\/cz\/wp-content\/uploads\/2024\/04\/Klimavex-Group-logo.png\",\"width\":1681,\"height\":472,\"caption\":\"KLIMAVEX GROUP\"},\"image\":{\"@id\":\"https:\/\/klimavex.eu\/cz\/#\/schema\/logo\/image\/\"},\"sameAs\":[\"https:\/\/www.facebook.com\/klimavex.cz\",\"https:\/\/www.instagram.com\/klimavex_cz\/\"]}]}<\/script>\n<!-- \/ Yoast SEO plugin. -->","yoast_head_json":{"title":"Ventil\u00e1tor Vortice Axial K - KLIMAVEX GROUP - \u010cesko","robots":{"index":"index","follow":"follow","max-snippet":"max-snippet:-1","max-image-preview":"max-image-preview:large","max-video-preview":"max-video-preview:-1"},"canonical":"https:\/\/klimavex.eu\/cz\/katalog\/ventilator-vortice-axial-k\/","og_locale":"cs_CZ","og_type":"article","og_title":"Ventil\u00e1tor Vortice Axial K - KLIMAVEX GROUP - \u010cesko","og_description":"Radi&aacute;ln&iacute; ods&aacute;vac&iacute; ventil&aacute;tor Vortice Axial K vhodn&yacute; pro v\u011btr&aacute;n&iacute; koupelen, toalet, kuchyn&iacute; nebo ve\u0159ejn&yacute;ch prostor. Ventil&aacute;tor s p\u0159ipojen&iacute;m na potrub&iacute; D 100mm a v&yacute;fuk je um&iacute;st\u011bn ve sm\u011bru osy s&aacute;n&iacute;.","og_url":"https:\/\/klimavex.eu\/cz\/katalog\/ventilator-vortice-axial-k\/","og_site_name":"KLIMAVEX GROUP - \u010cesko","article_publisher":"https:\/\/www.facebook.com\/klimavex.cz","article_modified_time":"2026-03-31T16:50:35+00:00","og_image":[{"width":512,"height":512,"url":"https:\/\/klimavex.eu\/cz\/wp-content\/uploads\/2025\/09\/ygtGZ2X_FKWoJoZHrFuKmgVu7F3vUzzKH91KQjgbRrI-1.jpeg","type":"image\/jpeg"}],"twitter_card":"summary_large_image","twitter_misc":{"Odhadovan\u00e1 doba \u010dten\u00ed":"1 minuta"},"schema":{"@context":"https:\/\/schema.org","@graph":[{"@type":"WebPage","@id":"https:\/\/klimavex.eu\/cz\/katalog\/ventilator-vortice-axial-k\/","url":"https:\/\/klimavex.eu\/cz\/katalog\/ventilator-vortice-axial-k\/","name":"Ventil\u00e1tor Vortice Axial K - KLIMAVEX GROUP - \u010cesko","isPartOf":{"@id":"https:\/\/klimavex.eu\/cz\/#website"},"primaryImageOfPage":{"@id":"https:\/\/klimavex.eu\/cz\/katalog\/ventilator-vortice-axial-k\/#primaryimage"},"image":{"@id":"https:\/\/klimavex.eu\/cz\/katalog\/ventilator-vortice-axial-k\/#primaryimage"},"thumbnailUrl":"https:\/\/klimavex.eu\/cz\/wp-content\/uploads\/2025\/09\/ygtGZ2X_FKWoJoZHrFuKmgVu7F3vUzzKH91KQjgbRrI-1.jpeg","datePublished":"2026-03-31T16:50:23+00:00","dateModified":"2026-03-31T16:50:35+00:00","breadcrumb":{"@id":"https:\/\/klimavex.eu\/cz\/katalog\/ventilator-vortice-axial-k\/#breadcrumb"},"inLanguage":"cs","potentialAction":[{"@type":"ReadAction","target":["https:\/\/klimavex.eu\/cz\/katalog\/ventilator-vortice-axial-k\/"]}]},{"@type":"ImageObject","inLanguage":"cs","@id":"https:\/\/klimavex.eu\/cz\/katalog\/ventilator-vortice-axial-k\/#primaryimage","url":"https:\/\/klimavex.eu\/cz\/wp-content\/uploads\/2025\/09\/ygtGZ2X_FKWoJoZHrFuKmgVu7F3vUzzKH91KQjgbRrI-1.jpeg","contentUrl":"https:\/\/klimavex.eu\/cz\/wp-content\/uploads\/2025\/09\/ygtGZ2X_FKWoJoZHrFuKmgVu7F3vUzzKH91KQjgbRrI-1.jpeg","width":512,"height":512},{"@type":"BreadcrumbList","@id":"https:\/\/klimavex.eu\/cz\/katalog\/ventilator-vortice-axial-k\/#breadcrumb","itemListElement":[{"@type":"ListItem","position":1,"name":"Domovsk\u00e1 str\u00e1nka","item":"https:\/\/klimavex.eu\/cz\/"},{"@type":"ListItem","position":2,"name":"Eshop","item":"https:\/\/klimavex.eu\/cz\/eshop\/"},{"@type":"ListItem","position":3,"name":"Ventil\u00e1tor Vortice Axial K"}]},{"@type":"WebSite","@id":"https:\/\/klimavex.eu\/cz\/#website","url":"https:\/\/klimavex.eu\/cz\/","name":"KLIMAVEX GROUP - \u010cesko","description":"","publisher":{"@id":"https:\/\/klimavex.eu\/cz\/#organization"},"alternateName":"KLIMAVEX CZ a.s.","potentialAction":[{"@type":"SearchAction","target":{"@type":"EntryPoint","urlTemplate":"https:\/\/klimavex.eu\/cz\/?s={search_term_string}"},"query-input":{"@type":"PropertyValueSpecification","valueRequired":true,"valueName":"search_term_string"}}],"inLanguage":"cs"},{"@type":"Organization","@id":"https:\/\/klimavex.eu\/cz\/#organization","name":"KLIMAVEX GROUP","alternateName":"KLIMAVEX","url":"https:\/\/klimavex.eu\/cz\/","logo":{"@type":"ImageObject","inLanguage":"cs","@id":"https:\/\/klimavex.eu\/cz\/#\/schema\/logo\/image\/","url":"https:\/\/klimavex.eu\/cz\/wp-content\/uploads\/2024\/04\/Klimavex-Group-logo.png","contentUrl":"https:\/\/klimavex.eu\/cz\/wp-content\/uploads\/2024\/04\/Klimavex-Group-logo.png","width":1681,"height":472,"caption":"KLIMAVEX GROUP"},"image":{"@id":"https:\/\/klimavex.eu\/cz\/#\/schema\/logo\/image\/"},"sameAs":["https:\/\/www.facebook.com\/klimavex.cz","https:\/\/www.instagram.com\/klimavex_cz\/"]}]}},"_links":{"self":[{"href":"https:\/\/klimavex.eu\/cz\/wp-json\/wp\/v2\/product\/544185","targetHints":{"allow":["GET"]}}],"collection":[{"href":"https:\/\/klimavex.eu\/cz\/wp-json\/wp\/v2\/product"}],"about":[{"href":"https:\/\/klimavex.eu\/cz\/wp-json\/wp\/v2\/types\/product"}],"version-history":[{"count":0,"href":"https:\/\/klimavex.eu\/cz\/wp-json\/wp\/v2\/product\/544185\/revisions"}],"wp:featuredmedia":[{"embeddable":true,"href":"https:\/\/klimavex.eu\/cz\/wp-json\/wp\/v2\/media\/551459"}],"wp:attachment":[{"href":"https:\/\/klimavex.eu\/cz\/wp-json\/wp\/v2\/media?parent=544185"}],"wp:term":[{"taxonomy":"product_cat","embeddable":true,"href":"https:\/\/klimavex.eu\/cz\/wp-json\/wp\/v2\/product_cat?post=544185"},{"taxonomy":"product_tag","embeddable":true,"href":"https:\/\/klimavex.eu\/cz\/wp-json\/wp\/v2\/product_tag?post=544185"}],"curies":[{"name":"wp","href":"https:\/\/api.w.org\/{rel}","templated":true}]}}