{"id":544199,"date":"2026-04-08T10:03:05","date_gmt":"2026-04-08T08:03:05","guid":{"rendered":"https:\/\/klimavex.eu\/cz\/katalog\/ventilator-vortice-lineo-125-t\/"},"modified":"2026-04-08T10:03:40","modified_gmt":"2026-04-08T08:03:40","slug":"ventilator-vortice-lineo-125-t","status":"publish","type":"product","link":"https:\/\/klimavex.eu\/cz\/katalog\/ventilator-vortice-lineo-125-t\/","title":{"rendered":"Ventil\u00e1tor Vortice LINEO 125 T"},"content":{"rendered":"<p style=\"text-align:justify\"><span style=\"font-size:11pt\"><span style=\"font-family:Calibri,sans-serif\"><strong>Detailn&iacute; popis<\/strong><\/span><\/span><\/p>\n<ul>\n<li style=\"text-align:justify\"><span style=\"font-size:11pt\"><span style=\"font-family:Calibri,sans-serif\"><span style=\"background-color:white\"><span style=\"color:black\">Vysoce &uacute;\u010dinn&yacute; motor, p\u0159epracovan&yacute; profil vrtule a vylep&scaron;en&yacute; usm\u011br\u0148ova\u010d pr\u016ftoku pracuj&iacute; v dokonal&eacute; harmonii. <\/span><\/span><\/span><\/span><\/li>\n<li style=\"text-align:justify\"><span style=\"font-size:11pt\"><span style=\"font-family:Calibri,sans-serif\"><span style=\"background-color:white\"><span style=\"color:black\">Typ<strong><span style=\"font-family:&quot;Calibri&quot;,sans-serif\">&nbsp;T&nbsp;je vybaven elektronick&yacute;m \u010dasova\u010dem pro automatick&yacute; provoz p\u0159i maxim&aacute;ln&iacute; rychlosti, kterou lze p\u0159i instalaci nastavit v rozmez&iacute; 3&#39; &#8211; 20&#39; (v&yacute;choz&iacute; nastaven&iacute; 3&#39;).<\/span><\/strong><\/span><\/span> <\/span><\/span><\/li>\n<li style=\"text-align:justify\"><span style=\"font-size:11pt\"><span style=\"font-family:Calibri,sans-serif\"><span style=\"background-color:white\"><span style=\"color:black\">\u0158ada LINEO Q<strong>&nbsp;<\/strong>je vybavena&nbsp;<strong><span style=\"font-family:&quot;Calibri&quot;,sans-serif\">AC&nbsp;motory s 2stup\u0148ovou<\/span><\/strong>&nbsp;regulac&iacute; ot&aacute;\u010dek.<\/span><\/span><\/span><\/span><\/li>\n<li style=\"text-align:justify\"><span style=\"font-size:11pt\"><span style=\"font-family:Calibri,sans-serif\"><span style=\"background-color:white\"><span style=\"color:black\">Dv\u011b rychlosti ventil&aacute;toru lze nastavit prost\u0159ednictv&iacute;m d&aacute;lkov&eacute;ho p\u0159ep&iacute;na\u010de se 2 polohami.<\/span><\/span><\/span><\/span><\/li>\n<\/ul>\n<p style=\"text-align:justify\"><span style=\"font-size:11pt\"><span style=\"font-family:Calibri,sans-serif\"><strong>Kl&iacute;\u010dov&eacute; vlastnosti<\/strong><\/span><\/span><\/p>\n<ul>\n<li style=\"text-align:justify\"><span style=\"font-size:11pt\"><span style=\"font-family:Calibri,sans-serif\">Kuli\u010dkov&aacute; lo\u017eiska s \u017eivotnost&iacute; 30 000 hodin. <\/span><\/span><\/li>\n<li style=\"text-align:justify\"><span style=\"font-size:11pt\"><span style=\"font-family:Calibri,sans-serif\">Opl&aacute;&scaron;t\u011bn&iacute; vyroben&eacute; z <strong>ohnivzdorn&eacute; plastov&eacute; prysky\u0159ice t\u0159&iacute;dy E2 normy ISO EN 11925-2:2010.<\/strong><\/span><\/span><\/li>\n<li style=\"text-align:justify\"><span style=\"font-size:11pt\"><span style=\"font-family:Calibri,sans-serif\">P\u0159epracovan&yacute; profil vrtule pro lep&scaron;&iacute; v&yacute;kon.<\/span><\/span><\/li>\n<li style=\"text-align:justify\"><span style=\"font-size:11pt\"><span style=\"font-family:Calibri,sans-serif\">Vylep&scaron;en&yacute; usm\u011br\u0148ova\u010d pr\u016ftoku.<\/span><\/span><\/li>\n<li style=\"text-align:justify\"><span style=\"font-size:11pt\"><span style=\"font-family:Calibri,sans-serif\"><strong>Kryt&iacute; IP44.<\/strong><\/span><\/span><\/li>\n<li style=\"text-align:justify\"><span style=\"font-size:11pt\"><span style=\"font-family:Calibri,sans-serif\"><span style=\"background-color:white\"><span style=\"color:black\">Typ<strong><span style=\"font-family:&quot;Calibri&quot;,sans-serif\">&nbsp;T&nbsp;<\/span><\/strong>s<strong><span style=\"font-family:&quot;Calibri&quot;,sans-serif\">&nbsp;\u010dasov&yacute;m dob\u011bhem.<\/span><\/strong><\/span><\/span><\/span><\/span><\/li>\n<\/ul>\n","protected":false},"excerpt":{"rendered":"<p style=\"text-align:justify\"><span style=\"font-size:11pt\"><span style=\"font-family:Calibri,sans-serif\">Dvouot&aacute;\u010dkov&yacute; potrubn&iacute; ventil&aacute;tor \u0159ady Lineo je vybaven <strong>AC<\/strong> <strong>motorem<\/strong> s <strong>2stup\u0148ovou regulac&iacute; ot&aacute;\u010dek<\/strong> a <strong>kuli\u010dkov&yacute;mi lo\u017eisky<\/strong>. <span style=\"background-color:white\"><span style=\"color:black\">Typ<strong><span style=\"font-family:&quot;Calibri&quot;,sans-serif\">&nbsp;T&nbsp;<\/span><\/strong>s<strong><span style=\"font-family:&quot;Calibri&quot;,sans-serif\">&nbsp;\u010dasov&yacute;m dob\u011bhem.<\/span><\/strong><\/span><\/span> Ur\u010den pro p\u0159ipojen&iacute; potrub&iacute; <strong>&oslash; 125mm<\/strong>. D&iacute;ky sv&yacute;m vlastnostem a konstrukci je vhodn&yacute; pro del&scaron;&iacute; vzduchotechnick&eacute; potrub&iacute;. <strong>Kryt&iacute; IP44<\/strong> zaji&scaron;\u0165uje ochranu proti prachu a st\u0159&iacute;kaj&iacute;c&iacute; vod\u011b ze v&scaron;ech stran. Ob\u011b\u017en&eacute; kolo ventil&aacute;toru je vyv&aacute;\u017eeno p\u0159&iacute;mo na motoru.<\/span><\/span><\/p>\n","protected":false},"featured_media":551499,"template":"","meta":[],"product_cat":[7587,7588,7581,7562],"product_tag":[],"class_list":{"0":"post-544199","1":"product","2":"type-product","3":"status-publish","4":"has-post-thumbnail","6":"product_cat-lineo","7":"product_cat-lineo-lineo","8":"product_cat-potrubni-ventilatory","9":"product_cat-ventilatory","10":"pa_casovy-dobeh-t-ano","11":"pa_dostupny-tlak-pa-1275-1668","12":"pa_hlucnost-lp-3m-339-43","13":"pa_kryti-ip44","14":"pa_kulickova-loziska-ll-ano","15":"pa_provedeni-potrubni-plastovy","16":"pa_prumer-napojeni-mm-11697","17":"pa_typ-lineo","18":"pa_vzduchovy-vykon-qv-m3-250-365","19":"pa_znacka-vortice","21":"first","22":"instock","23":"taxable","24":"shipping-taxable","25":"purchasable","26":"product-type-simple"},"yoast_head":"<!-- This site is optimized with the Yoast SEO plugin v23.9 - https:\/\/yoast.com\/wordpress\/plugins\/seo\/ -->\n<title>Ventil\u00e1tor Vortice LINEO 125 T - KLIMAVEX GROUP - \u010cesko<\/title>\n<meta name=\"robots\" content=\"index, follow, max-snippet:-1, max-image-preview:large, max-video-preview:-1\" \/>\n<link rel=\"canonical\" href=\"https:\/\/klimavex.eu\/cz\/katalog\/ventilator-vortice-lineo-125-t\/\" \/>\n<meta property=\"og:locale\" content=\"cs_CZ\" \/>\n<meta property=\"og:type\" content=\"article\" \/>\n<meta property=\"og:title\" content=\"Ventil\u00e1tor Vortice LINEO 125 T - KLIMAVEX GROUP - \u010cesko\" \/>\n<meta property=\"og:description\" content=\"Dvouot&aacute;\u010dkov&yacute; potrubn&iacute; ventil&aacute;tor \u0159ady Lineo je vybaven AC motorem s 2stup\u0148ovou regulac&iacute; ot&aacute;\u010dek a kuli\u010dkov&yacute;mi lo\u017eisky. Typ&nbsp;T&nbsp;s&nbsp;\u010dasov&yacute;m dob\u011bhem. Ur\u010den pro p\u0159ipojen&iacute; potrub&iacute; &oslash; 125mm. D&iacute;ky sv&yacute;m vlastnostem a konstrukci je vhodn&yacute; pro del&scaron;&iacute; vzduchotechnick&eacute; potrub&iacute;. Kryt&iacute; IP44 zaji&scaron;\u0165uje ochranu proti prachu a st\u0159&iacute;kaj&iacute;c&iacute; vod\u011b ze v&scaron;ech stran. Ob\u011b\u017en&eacute; kolo ventil&aacute;toru je vyv&aacute;\u017eeno p\u0159&iacute;mo na motoru.\" \/>\n<meta property=\"og:url\" content=\"https:\/\/klimavex.eu\/cz\/katalog\/ventilator-vortice-lineo-125-t\/\" \/>\n<meta property=\"og:site_name\" content=\"KLIMAVEX GROUP - \u010cesko\" \/>\n<meta property=\"article:publisher\" content=\"https:\/\/www.facebook.com\/klimavex.cz\" \/>\n<meta property=\"article:modified_time\" content=\"2026-04-08T08:03:40+00:00\" \/>\n<meta property=\"og:image\" content=\"https:\/\/klimavex.eu\/cz\/wp-content\/uploads\/2025\/09\/N5rNmUlqFlVj2caXLZtGLE0fuo1jCGyh7yG16bVjI-0-1.png\" \/>\n\t<meta property=\"og:image:width\" content=\"400\" \/>\n\t<meta property=\"og:image:height\" content=\"386\" \/>\n\t<meta property=\"og:image:type\" content=\"image\/png\" \/>\n<meta name=\"twitter:card\" content=\"summary_large_image\" \/>\n<meta name=\"twitter:label1\" content=\"Odhadovan\u00e1 doba \u010dten\u00ed\" \/>\n\t<meta name=\"twitter:data1\" content=\"1 minuta\" \/>\n<script type=\"application\/ld+json\" class=\"yoast-schema-graph\">{\"@context\":\"https:\/\/schema.org\",\"@graph\":[{\"@type\":\"WebPage\",\"@id\":\"https:\/\/klimavex.eu\/cz\/katalog\/ventilator-vortice-lineo-125-t\/\",\"url\":\"https:\/\/klimavex.eu\/cz\/katalog\/ventilator-vortice-lineo-125-t\/\",\"name\":\"Ventil\u00e1tor Vortice LINEO 125 T - KLIMAVEX GROUP - \u010cesko\",\"isPartOf\":{\"@id\":\"https:\/\/klimavex.eu\/cz\/#website\"},\"primaryImageOfPage\":{\"@id\":\"https:\/\/klimavex.eu\/cz\/katalog\/ventilator-vortice-lineo-125-t\/#primaryimage\"},\"image\":{\"@id\":\"https:\/\/klimavex.eu\/cz\/katalog\/ventilator-vortice-lineo-125-t\/#primaryimage\"},\"thumbnailUrl\":\"https:\/\/klimavex.eu\/cz\/wp-content\/uploads\/2025\/09\/N5rNmUlqFlVj2caXLZtGLE0fuo1jCGyh7yG16bVjI-0-1.png\",\"datePublished\":\"2026-04-08T08:03:05+00:00\",\"dateModified\":\"2026-04-08T08:03:40+00:00\",\"breadcrumb\":{\"@id\":\"https:\/\/klimavex.eu\/cz\/katalog\/ventilator-vortice-lineo-125-t\/#breadcrumb\"},\"inLanguage\":\"cs\",\"potentialAction\":[{\"@type\":\"ReadAction\",\"target\":[\"https:\/\/klimavex.eu\/cz\/katalog\/ventilator-vortice-lineo-125-t\/\"]}]},{\"@type\":\"ImageObject\",\"inLanguage\":\"cs\",\"@id\":\"https:\/\/klimavex.eu\/cz\/katalog\/ventilator-vortice-lineo-125-t\/#primaryimage\",\"url\":\"https:\/\/klimavex.eu\/cz\/wp-content\/uploads\/2025\/09\/N5rNmUlqFlVj2caXLZtGLE0fuo1jCGyh7yG16bVjI-0-1.png\",\"contentUrl\":\"https:\/\/klimavex.eu\/cz\/wp-content\/uploads\/2025\/09\/N5rNmUlqFlVj2caXLZtGLE0fuo1jCGyh7yG16bVjI-0-1.png\",\"width\":400,\"height\":386},{\"@type\":\"BreadcrumbList\",\"@id\":\"https:\/\/klimavex.eu\/cz\/katalog\/ventilator-vortice-lineo-125-t\/#breadcrumb\",\"itemListElement\":[{\"@type\":\"ListItem\",\"position\":1,\"name\":\"Domovsk\u00e1 str\u00e1nka\",\"item\":\"https:\/\/klimavex.eu\/cz\/\"},{\"@type\":\"ListItem\",\"position\":2,\"name\":\"Eshop\",\"item\":\"https:\/\/klimavex.eu\/cz\/eshop\/\"},{\"@type\":\"ListItem\",\"position\":3,\"name\":\"Ventil\u00e1tor Vortice LINEO 125 T\"}]},{\"@type\":\"WebSite\",\"@id\":\"https:\/\/klimavex.eu\/cz\/#website\",\"url\":\"https:\/\/klimavex.eu\/cz\/\",\"name\":\"KLIMAVEX GROUP - \u010cesko\",\"description\":\"\",\"publisher\":{\"@id\":\"https:\/\/klimavex.eu\/cz\/#organization\"},\"alternateName\":\"KLIMAVEX CZ a.s.\",\"potentialAction\":[{\"@type\":\"SearchAction\",\"target\":{\"@type\":\"EntryPoint\",\"urlTemplate\":\"https:\/\/klimavex.eu\/cz\/?s={search_term_string}\"},\"query-input\":{\"@type\":\"PropertyValueSpecification\",\"valueRequired\":true,\"valueName\":\"search_term_string\"}}],\"inLanguage\":\"cs\"},{\"@type\":\"Organization\",\"@id\":\"https:\/\/klimavex.eu\/cz\/#organization\",\"name\":\"KLIMAVEX GROUP\",\"alternateName\":\"KLIMAVEX\",\"url\":\"https:\/\/klimavex.eu\/cz\/\",\"logo\":{\"@type\":\"ImageObject\",\"inLanguage\":\"cs\",\"@id\":\"https:\/\/klimavex.eu\/cz\/#\/schema\/logo\/image\/\",\"url\":\"https:\/\/klimavex.eu\/cz\/wp-content\/uploads\/2024\/04\/Klimavex-Group-logo.png\",\"contentUrl\":\"https:\/\/klimavex.eu\/cz\/wp-content\/uploads\/2024\/04\/Klimavex-Group-logo.png\",\"width\":1681,\"height\":472,\"caption\":\"KLIMAVEX GROUP\"},\"image\":{\"@id\":\"https:\/\/klimavex.eu\/cz\/#\/schema\/logo\/image\/\"},\"sameAs\":[\"https:\/\/www.facebook.com\/klimavex.cz\",\"https:\/\/www.instagram.com\/klimavex_cz\/\"]}]}<\/script>\n<!-- \/ Yoast SEO plugin. -->","yoast_head_json":{"title":"Ventil\u00e1tor Vortice LINEO 125 T - KLIMAVEX GROUP - \u010cesko","robots":{"index":"index","follow":"follow","max-snippet":"max-snippet:-1","max-image-preview":"max-image-preview:large","max-video-preview":"max-video-preview:-1"},"canonical":"https:\/\/klimavex.eu\/cz\/katalog\/ventilator-vortice-lineo-125-t\/","og_locale":"cs_CZ","og_type":"article","og_title":"Ventil\u00e1tor Vortice LINEO 125 T - KLIMAVEX GROUP - \u010cesko","og_description":"Dvouot&aacute;\u010dkov&yacute; potrubn&iacute; ventil&aacute;tor \u0159ady Lineo je vybaven AC motorem s 2stup\u0148ovou regulac&iacute; ot&aacute;\u010dek a kuli\u010dkov&yacute;mi lo\u017eisky. Typ&nbsp;T&nbsp;s&nbsp;\u010dasov&yacute;m dob\u011bhem. Ur\u010den pro p\u0159ipojen&iacute; potrub&iacute; &oslash; 125mm. D&iacute;ky sv&yacute;m vlastnostem a konstrukci je vhodn&yacute; pro del&scaron;&iacute; vzduchotechnick&eacute; potrub&iacute;. Kryt&iacute; IP44 zaji&scaron;\u0165uje ochranu proti prachu a st\u0159&iacute;kaj&iacute;c&iacute; vod\u011b ze v&scaron;ech stran. Ob\u011b\u017en&eacute; kolo ventil&aacute;toru je vyv&aacute;\u017eeno p\u0159&iacute;mo na motoru.","og_url":"https:\/\/klimavex.eu\/cz\/katalog\/ventilator-vortice-lineo-125-t\/","og_site_name":"KLIMAVEX GROUP - \u010cesko","article_publisher":"https:\/\/www.facebook.com\/klimavex.cz","article_modified_time":"2026-04-08T08:03:40+00:00","og_image":[{"width":400,"height":386,"url":"https:\/\/klimavex.eu\/cz\/wp-content\/uploads\/2025\/09\/N5rNmUlqFlVj2caXLZtGLE0fuo1jCGyh7yG16bVjI-0-1.png","type":"image\/png"}],"twitter_card":"summary_large_image","twitter_misc":{"Odhadovan\u00e1 doba \u010dten\u00ed":"1 minuta"},"schema":{"@context":"https:\/\/schema.org","@graph":[{"@type":"WebPage","@id":"https:\/\/klimavex.eu\/cz\/katalog\/ventilator-vortice-lineo-125-t\/","url":"https:\/\/klimavex.eu\/cz\/katalog\/ventilator-vortice-lineo-125-t\/","name":"Ventil\u00e1tor Vortice LINEO 125 T - KLIMAVEX GROUP - \u010cesko","isPartOf":{"@id":"https:\/\/klimavex.eu\/cz\/#website"},"primaryImageOfPage":{"@id":"https:\/\/klimavex.eu\/cz\/katalog\/ventilator-vortice-lineo-125-t\/#primaryimage"},"image":{"@id":"https:\/\/klimavex.eu\/cz\/katalog\/ventilator-vortice-lineo-125-t\/#primaryimage"},"thumbnailUrl":"https:\/\/klimavex.eu\/cz\/wp-content\/uploads\/2025\/09\/N5rNmUlqFlVj2caXLZtGLE0fuo1jCGyh7yG16bVjI-0-1.png","datePublished":"2026-04-08T08:03:05+00:00","dateModified":"2026-04-08T08:03:40+00:00","breadcrumb":{"@id":"https:\/\/klimavex.eu\/cz\/katalog\/ventilator-vortice-lineo-125-t\/#breadcrumb"},"inLanguage":"cs","potentialAction":[{"@type":"ReadAction","target":["https:\/\/klimavex.eu\/cz\/katalog\/ventilator-vortice-lineo-125-t\/"]}]},{"@type":"ImageObject","inLanguage":"cs","@id":"https:\/\/klimavex.eu\/cz\/katalog\/ventilator-vortice-lineo-125-t\/#primaryimage","url":"https:\/\/klimavex.eu\/cz\/wp-content\/uploads\/2025\/09\/N5rNmUlqFlVj2caXLZtGLE0fuo1jCGyh7yG16bVjI-0-1.png","contentUrl":"https:\/\/klimavex.eu\/cz\/wp-content\/uploads\/2025\/09\/N5rNmUlqFlVj2caXLZtGLE0fuo1jCGyh7yG16bVjI-0-1.png","width":400,"height":386},{"@type":"BreadcrumbList","@id":"https:\/\/klimavex.eu\/cz\/katalog\/ventilator-vortice-lineo-125-t\/#breadcrumb","itemListElement":[{"@type":"ListItem","position":1,"name":"Domovsk\u00e1 str\u00e1nka","item":"https:\/\/klimavex.eu\/cz\/"},{"@type":"ListItem","position":2,"name":"Eshop","item":"https:\/\/klimavex.eu\/cz\/eshop\/"},{"@type":"ListItem","position":3,"name":"Ventil\u00e1tor Vortice LINEO 125 T"}]},{"@type":"WebSite","@id":"https:\/\/klimavex.eu\/cz\/#website","url":"https:\/\/klimavex.eu\/cz\/","name":"KLIMAVEX GROUP - \u010cesko","description":"","publisher":{"@id":"https:\/\/klimavex.eu\/cz\/#organization"},"alternateName":"KLIMAVEX CZ a.s.","potentialAction":[{"@type":"SearchAction","target":{"@type":"EntryPoint","urlTemplate":"https:\/\/klimavex.eu\/cz\/?s={search_term_string}"},"query-input":{"@type":"PropertyValueSpecification","valueRequired":true,"valueName":"search_term_string"}}],"inLanguage":"cs"},{"@type":"Organization","@id":"https:\/\/klimavex.eu\/cz\/#organization","name":"KLIMAVEX GROUP","alternateName":"KLIMAVEX","url":"https:\/\/klimavex.eu\/cz\/","logo":{"@type":"ImageObject","inLanguage":"cs","@id":"https:\/\/klimavex.eu\/cz\/#\/schema\/logo\/image\/","url":"https:\/\/klimavex.eu\/cz\/wp-content\/uploads\/2024\/04\/Klimavex-Group-logo.png","contentUrl":"https:\/\/klimavex.eu\/cz\/wp-content\/uploads\/2024\/04\/Klimavex-Group-logo.png","width":1681,"height":472,"caption":"KLIMAVEX GROUP"},"image":{"@id":"https:\/\/klimavex.eu\/cz\/#\/schema\/logo\/image\/"},"sameAs":["https:\/\/www.facebook.com\/klimavex.cz","https:\/\/www.instagram.com\/klimavex_cz\/"]}]}},"_links":{"self":[{"href":"https:\/\/klimavex.eu\/cz\/wp-json\/wp\/v2\/product\/544199","targetHints":{"allow":["GET"]}}],"collection":[{"href":"https:\/\/klimavex.eu\/cz\/wp-json\/wp\/v2\/product"}],"about":[{"href":"https:\/\/klimavex.eu\/cz\/wp-json\/wp\/v2\/types\/product"}],"version-history":[{"count":0,"href":"https:\/\/klimavex.eu\/cz\/wp-json\/wp\/v2\/product\/544199\/revisions"}],"wp:featuredmedia":[{"embeddable":true,"href":"https:\/\/klimavex.eu\/cz\/wp-json\/wp\/v2\/media\/551499"}],"wp:attachment":[{"href":"https:\/\/klimavex.eu\/cz\/wp-json\/wp\/v2\/media?parent=544199"}],"wp:term":[{"taxonomy":"product_cat","embeddable":true,"href":"https:\/\/klimavex.eu\/cz\/wp-json\/wp\/v2\/product_cat?post=544199"},{"taxonomy":"product_tag","embeddable":true,"href":"https:\/\/klimavex.eu\/cz\/wp-json\/wp\/v2\/product_tag?post=544199"}],"curies":[{"name":"wp","href":"https:\/\/api.w.org\/{rel}","templated":true}]}}