{"id":544204,"date":"2026-03-31T18:50:23","date_gmt":"2026-03-31T16:50:23","guid":{"rendered":"https:\/\/klimavex.eu\/cz\/katalog\/osousec-rukou-vlasu-vortice-easy-dry-auto\/"},"modified":"2026-03-31T18:50:59","modified_gmt":"2026-03-31T16:50:59","slug":"osousec-rukou-vlasu-vortice-easy-dry-auto","status":"publish","type":"product","link":"https:\/\/klimavex.eu\/cz\/katalog\/osousec-rukou-vlasu-vortice-easy-dry-auto\/","title":{"rendered":"Osou\u0161e\u010d rukou\/vlas\u016f Vortice Easy Dry Auto"},"content":{"rendered":"<p style=\"text-align: justify;\"><strong>Kl&iacute;\u010dov&eacute; vlastnosti:<\/strong><\/p>\n<ul>\n<li style=\"text-align: justify;\">Dod&aacute;vka obsahuje sadu speci&aacute;ln&iacute;ch &scaron;roub\u016f pro namontov&aacute;n&iacute; na ze\u010f, mont&aacute;\u017en&iacute; kl&iacute;\u010d pro otev\u0159en&iacute; krytu a namontov&aacute;n&iacute; za\u0159&iacute;zen&iacute; na ze\u010f.<\/li>\n<li style=\"text-align: justify;\">Kryt&iacute; IPX4 (ochrana proti st\u0159&iacute;kaj&iacute;c&iacute; vod\u011b).<\/li>\n<li style=\"text-align: justify;\">Za\u0159&iacute;zen&iacute; nemus&iacute; b&yacute;t uzemn\u011bno, m&aacute; dvojitou izolaci.<\/li>\n<li style=\"text-align: justify;\">Vyrobeno z anti-UV ABS um\u011bl&eacute; hmoty s uzamykateln&yacute;m krytem.<\/li>\n<li style=\"text-align: justify;\">Induk\u010dn&iacute; motor s tepelnou pojistkou a bezpe\u010dnostn&iacute;m termostatem, kter&yacute; odpojuje za\u0159&iacute;zen&iacute; p\u0159i p\u0159eh\u0159&aacute;t&iacute;.<\/li>\n<\/ul>\n","protected":false},"excerpt":{"rendered":"<p style=\"text-align: justify;\">Automatick&yacute; osou&scaron;e\u010d rukou \/ vlas\u016f <strong>Vortice Easy Dry Auto <\/strong>je vhodn&yacute; pro <strong>sportovn&iacute; za\u0159&iacute;zen&iacute;, sauny, plov&aacute;rny <\/strong>a jin&eacute;. Obsahuje infra\u010derven&yacute; senzor reaguj&iacute;c&iacute; na p\u0159&iacute;tomnost hlavy ve vzd&aacute;lenosti 0-35 cm (dle nastaven&iacute;). Inteligentn&iacute; funkce &ndash; mo\u017enost vzd&aacute;lit se od za\u0159&iacute;zen&iacute; na dobu 5 a\u017e 15 sekund bez vypnut&iacute; za\u0159&iacute;zen&iacute;. Vypne se automaticky, pokud je v nep\u0159etr\u017eit&eacute;m provozu 5 a\u017e 10 minut.<\/p>\n","protected":false},"featured_media":551504,"template":"","meta":[],"product_cat":[7627,7596,7562,7576],"product_tag":[],"class_list":{"0":"post-544204","1":"product","2":"type-product","3":"status-publish","4":"has-post-thumbnail","6":"product_cat-osousec-vlasu","7":"product_cat-osousece-rukou","8":"product_cat-ventilatory","9":"product_cat-osousece-rukou-vlasu-davkovace-mydla","10":"pa_el-prikon-spiraly-w-13320","11":"pa_hlucnost-lp-1m-13321","12":"pa_kryti-ipx4","13":"pa_provedeni-osousec-rukou","14":"pa_vzduchovy-vykon-qv-m3-13309","15":"pa_znacka-vortice","17":"first","18":"instock","19":"taxable","20":"shipping-taxable","21":"purchasable","22":"product-type-simple"},"yoast_head":"<!-- This site is optimized with the Yoast SEO plugin v23.9 - https:\/\/yoast.com\/wordpress\/plugins\/seo\/ -->\n<title>Osou\u0161e\u010d rukou\/vlas\u016f Vortice Easy Dry Auto - KLIMAVEX GROUP - \u010cesko<\/title>\n<meta name=\"robots\" content=\"index, follow, max-snippet:-1, max-image-preview:large, max-video-preview:-1\" \/>\n<link rel=\"canonical\" href=\"https:\/\/klimavex.eu\/cz\/katalog\/osousec-rukou-vlasu-vortice-easy-dry-auto\/\" \/>\n<meta property=\"og:locale\" content=\"cs_CZ\" \/>\n<meta property=\"og:type\" content=\"article\" \/>\n<meta property=\"og:title\" content=\"Osou\u0161e\u010d rukou\/vlas\u016f Vortice Easy Dry Auto - KLIMAVEX GROUP - \u010cesko\" \/>\n<meta property=\"og:description\" content=\"Automatick&yacute; osou&scaron;e\u010d rukou \/ vlas\u016f Vortice Easy Dry Auto je vhodn&yacute; pro sportovn&iacute; za\u0159&iacute;zen&iacute;, sauny, plov&aacute;rny a jin&eacute;. Obsahuje infra\u010derven&yacute; senzor reaguj&iacute;c&iacute; na p\u0159&iacute;tomnost hlavy ve vzd&aacute;lenosti 0-35 cm (dle nastaven&iacute;). Inteligentn&iacute; funkce &ndash; mo\u017enost vzd&aacute;lit se od za\u0159&iacute;zen&iacute; na dobu 5 a\u017e 15 sekund bez vypnut&iacute; za\u0159&iacute;zen&iacute;. Vypne se automaticky, pokud je v nep\u0159etr\u017eit&eacute;m provozu 5 a\u017e 10 minut.\" \/>\n<meta property=\"og:url\" content=\"https:\/\/klimavex.eu\/cz\/katalog\/osousec-rukou-vlasu-vortice-easy-dry-auto\/\" \/>\n<meta property=\"og:site_name\" content=\"KLIMAVEX GROUP - \u010cesko\" \/>\n<meta property=\"article:publisher\" content=\"https:\/\/www.facebook.com\/klimavex.cz\" \/>\n<meta property=\"article:modified_time\" content=\"2026-03-31T16:50:59+00:00\" \/>\n<meta property=\"og:image\" content=\"https:\/\/klimavex.eu\/cz\/wp-content\/uploads\/2025\/09\/TEnD4iTJnUup-rMdJeOtG69g_rXxaX60Js8X_Pk_sSQ.png\" \/>\n\t<meta property=\"og:image:width\" content=\"572\" \/>\n\t<meta property=\"og:image:height\" content=\"512\" \/>\n\t<meta property=\"og:image:type\" content=\"image\/png\" \/>\n<meta name=\"twitter:card\" content=\"summary_large_image\" \/>\n<meta name=\"twitter:label1\" content=\"Odhadovan\u00e1 doba \u010dten\u00ed\" \/>\n\t<meta name=\"twitter:data1\" content=\"1 minuta\" \/>\n<script type=\"application\/ld+json\" class=\"yoast-schema-graph\">{\"@context\":\"https:\/\/schema.org\",\"@graph\":[{\"@type\":\"WebPage\",\"@id\":\"https:\/\/klimavex.eu\/cz\/katalog\/osousec-rukou-vlasu-vortice-easy-dry-auto\/\",\"url\":\"https:\/\/klimavex.eu\/cz\/katalog\/osousec-rukou-vlasu-vortice-easy-dry-auto\/\",\"name\":\"Osou\u0161e\u010d rukou\/vlas\u016f Vortice Easy Dry Auto - KLIMAVEX GROUP - \u010cesko\",\"isPartOf\":{\"@id\":\"https:\/\/klimavex.eu\/cz\/#website\"},\"primaryImageOfPage\":{\"@id\":\"https:\/\/klimavex.eu\/cz\/katalog\/osousec-rukou-vlasu-vortice-easy-dry-auto\/#primaryimage\"},\"image\":{\"@id\":\"https:\/\/klimavex.eu\/cz\/katalog\/osousec-rukou-vlasu-vortice-easy-dry-auto\/#primaryimage\"},\"thumbnailUrl\":\"https:\/\/klimavex.eu\/cz\/wp-content\/uploads\/2025\/09\/TEnD4iTJnUup-rMdJeOtG69g_rXxaX60Js8X_Pk_sSQ.png\",\"datePublished\":\"2026-03-31T16:50:23+00:00\",\"dateModified\":\"2026-03-31T16:50:59+00:00\",\"breadcrumb\":{\"@id\":\"https:\/\/klimavex.eu\/cz\/katalog\/osousec-rukou-vlasu-vortice-easy-dry-auto\/#breadcrumb\"},\"inLanguage\":\"cs\",\"potentialAction\":[{\"@type\":\"ReadAction\",\"target\":[\"https:\/\/klimavex.eu\/cz\/katalog\/osousec-rukou-vlasu-vortice-easy-dry-auto\/\"]}]},{\"@type\":\"ImageObject\",\"inLanguage\":\"cs\",\"@id\":\"https:\/\/klimavex.eu\/cz\/katalog\/osousec-rukou-vlasu-vortice-easy-dry-auto\/#primaryimage\",\"url\":\"https:\/\/klimavex.eu\/cz\/wp-content\/uploads\/2025\/09\/TEnD4iTJnUup-rMdJeOtG69g_rXxaX60Js8X_Pk_sSQ.png\",\"contentUrl\":\"https:\/\/klimavex.eu\/cz\/wp-content\/uploads\/2025\/09\/TEnD4iTJnUup-rMdJeOtG69g_rXxaX60Js8X_Pk_sSQ.png\",\"width\":572,\"height\":512},{\"@type\":\"BreadcrumbList\",\"@id\":\"https:\/\/klimavex.eu\/cz\/katalog\/osousec-rukou-vlasu-vortice-easy-dry-auto\/#breadcrumb\",\"itemListElement\":[{\"@type\":\"ListItem\",\"position\":1,\"name\":\"Domovsk\u00e1 str\u00e1nka\",\"item\":\"https:\/\/klimavex.eu\/cz\/\"},{\"@type\":\"ListItem\",\"position\":2,\"name\":\"Eshop\",\"item\":\"https:\/\/klimavex.eu\/cz\/eshop\/\"},{\"@type\":\"ListItem\",\"position\":3,\"name\":\"Osou\u0161e\u010d rukou\/vlas\u016f Vortice Easy Dry Auto\"}]},{\"@type\":\"WebSite\",\"@id\":\"https:\/\/klimavex.eu\/cz\/#website\",\"url\":\"https:\/\/klimavex.eu\/cz\/\",\"name\":\"KLIMAVEX GROUP - \u010cesko\",\"description\":\"\",\"publisher\":{\"@id\":\"https:\/\/klimavex.eu\/cz\/#organization\"},\"alternateName\":\"KLIMAVEX CZ a.s.\",\"potentialAction\":[{\"@type\":\"SearchAction\",\"target\":{\"@type\":\"EntryPoint\",\"urlTemplate\":\"https:\/\/klimavex.eu\/cz\/?s={search_term_string}\"},\"query-input\":{\"@type\":\"PropertyValueSpecification\",\"valueRequired\":true,\"valueName\":\"search_term_string\"}}],\"inLanguage\":\"cs\"},{\"@type\":\"Organization\",\"@id\":\"https:\/\/klimavex.eu\/cz\/#organization\",\"name\":\"KLIMAVEX GROUP\",\"alternateName\":\"KLIMAVEX\",\"url\":\"https:\/\/klimavex.eu\/cz\/\",\"logo\":{\"@type\":\"ImageObject\",\"inLanguage\":\"cs\",\"@id\":\"https:\/\/klimavex.eu\/cz\/#\/schema\/logo\/image\/\",\"url\":\"https:\/\/klimavex.eu\/cz\/wp-content\/uploads\/2024\/04\/Klimavex-Group-logo.png\",\"contentUrl\":\"https:\/\/klimavex.eu\/cz\/wp-content\/uploads\/2024\/04\/Klimavex-Group-logo.png\",\"width\":1681,\"height\":472,\"caption\":\"KLIMAVEX GROUP\"},\"image\":{\"@id\":\"https:\/\/klimavex.eu\/cz\/#\/schema\/logo\/image\/\"},\"sameAs\":[\"https:\/\/www.facebook.com\/klimavex.cz\",\"https:\/\/www.instagram.com\/klimavex_cz\/\"]}]}<\/script>\n<!-- \/ Yoast SEO plugin. -->","yoast_head_json":{"title":"Osou\u0161e\u010d rukou\/vlas\u016f Vortice Easy Dry Auto - KLIMAVEX GROUP - \u010cesko","robots":{"index":"index","follow":"follow","max-snippet":"max-snippet:-1","max-image-preview":"max-image-preview:large","max-video-preview":"max-video-preview:-1"},"canonical":"https:\/\/klimavex.eu\/cz\/katalog\/osousec-rukou-vlasu-vortice-easy-dry-auto\/","og_locale":"cs_CZ","og_type":"article","og_title":"Osou\u0161e\u010d rukou\/vlas\u016f Vortice Easy Dry Auto - KLIMAVEX GROUP - \u010cesko","og_description":"Automatick&yacute; osou&scaron;e\u010d rukou \/ vlas\u016f Vortice Easy Dry Auto je vhodn&yacute; pro sportovn&iacute; za\u0159&iacute;zen&iacute;, sauny, plov&aacute;rny a jin&eacute;. Obsahuje infra\u010derven&yacute; senzor reaguj&iacute;c&iacute; na p\u0159&iacute;tomnost hlavy ve vzd&aacute;lenosti 0-35 cm (dle nastaven&iacute;). Inteligentn&iacute; funkce &ndash; mo\u017enost vzd&aacute;lit se od za\u0159&iacute;zen&iacute; na dobu 5 a\u017e 15 sekund bez vypnut&iacute; za\u0159&iacute;zen&iacute;. Vypne se automaticky, pokud je v nep\u0159etr\u017eit&eacute;m provozu 5 a\u017e 10 minut.","og_url":"https:\/\/klimavex.eu\/cz\/katalog\/osousec-rukou-vlasu-vortice-easy-dry-auto\/","og_site_name":"KLIMAVEX GROUP - \u010cesko","article_publisher":"https:\/\/www.facebook.com\/klimavex.cz","article_modified_time":"2026-03-31T16:50:59+00:00","og_image":[{"width":572,"height":512,"url":"https:\/\/klimavex.eu\/cz\/wp-content\/uploads\/2025\/09\/TEnD4iTJnUup-rMdJeOtG69g_rXxaX60Js8X_Pk_sSQ.png","type":"image\/png"}],"twitter_card":"summary_large_image","twitter_misc":{"Odhadovan\u00e1 doba \u010dten\u00ed":"1 minuta"},"schema":{"@context":"https:\/\/schema.org","@graph":[{"@type":"WebPage","@id":"https:\/\/klimavex.eu\/cz\/katalog\/osousec-rukou-vlasu-vortice-easy-dry-auto\/","url":"https:\/\/klimavex.eu\/cz\/katalog\/osousec-rukou-vlasu-vortice-easy-dry-auto\/","name":"Osou\u0161e\u010d rukou\/vlas\u016f Vortice Easy Dry Auto - KLIMAVEX GROUP - \u010cesko","isPartOf":{"@id":"https:\/\/klimavex.eu\/cz\/#website"},"primaryImageOfPage":{"@id":"https:\/\/klimavex.eu\/cz\/katalog\/osousec-rukou-vlasu-vortice-easy-dry-auto\/#primaryimage"},"image":{"@id":"https:\/\/klimavex.eu\/cz\/katalog\/osousec-rukou-vlasu-vortice-easy-dry-auto\/#primaryimage"},"thumbnailUrl":"https:\/\/klimavex.eu\/cz\/wp-content\/uploads\/2025\/09\/TEnD4iTJnUup-rMdJeOtG69g_rXxaX60Js8X_Pk_sSQ.png","datePublished":"2026-03-31T16:50:23+00:00","dateModified":"2026-03-31T16:50:59+00:00","breadcrumb":{"@id":"https:\/\/klimavex.eu\/cz\/katalog\/osousec-rukou-vlasu-vortice-easy-dry-auto\/#breadcrumb"},"inLanguage":"cs","potentialAction":[{"@type":"ReadAction","target":["https:\/\/klimavex.eu\/cz\/katalog\/osousec-rukou-vlasu-vortice-easy-dry-auto\/"]}]},{"@type":"ImageObject","inLanguage":"cs","@id":"https:\/\/klimavex.eu\/cz\/katalog\/osousec-rukou-vlasu-vortice-easy-dry-auto\/#primaryimage","url":"https:\/\/klimavex.eu\/cz\/wp-content\/uploads\/2025\/09\/TEnD4iTJnUup-rMdJeOtG69g_rXxaX60Js8X_Pk_sSQ.png","contentUrl":"https:\/\/klimavex.eu\/cz\/wp-content\/uploads\/2025\/09\/TEnD4iTJnUup-rMdJeOtG69g_rXxaX60Js8X_Pk_sSQ.png","width":572,"height":512},{"@type":"BreadcrumbList","@id":"https:\/\/klimavex.eu\/cz\/katalog\/osousec-rukou-vlasu-vortice-easy-dry-auto\/#breadcrumb","itemListElement":[{"@type":"ListItem","position":1,"name":"Domovsk\u00e1 str\u00e1nka","item":"https:\/\/klimavex.eu\/cz\/"},{"@type":"ListItem","position":2,"name":"Eshop","item":"https:\/\/klimavex.eu\/cz\/eshop\/"},{"@type":"ListItem","position":3,"name":"Osou\u0161e\u010d rukou\/vlas\u016f Vortice Easy Dry Auto"}]},{"@type":"WebSite","@id":"https:\/\/klimavex.eu\/cz\/#website","url":"https:\/\/klimavex.eu\/cz\/","name":"KLIMAVEX GROUP - \u010cesko","description":"","publisher":{"@id":"https:\/\/klimavex.eu\/cz\/#organization"},"alternateName":"KLIMAVEX CZ a.s.","potentialAction":[{"@type":"SearchAction","target":{"@type":"EntryPoint","urlTemplate":"https:\/\/klimavex.eu\/cz\/?s={search_term_string}"},"query-input":{"@type":"PropertyValueSpecification","valueRequired":true,"valueName":"search_term_string"}}],"inLanguage":"cs"},{"@type":"Organization","@id":"https:\/\/klimavex.eu\/cz\/#organization","name":"KLIMAVEX GROUP","alternateName":"KLIMAVEX","url":"https:\/\/klimavex.eu\/cz\/","logo":{"@type":"ImageObject","inLanguage":"cs","@id":"https:\/\/klimavex.eu\/cz\/#\/schema\/logo\/image\/","url":"https:\/\/klimavex.eu\/cz\/wp-content\/uploads\/2024\/04\/Klimavex-Group-logo.png","contentUrl":"https:\/\/klimavex.eu\/cz\/wp-content\/uploads\/2024\/04\/Klimavex-Group-logo.png","width":1681,"height":472,"caption":"KLIMAVEX GROUP"},"image":{"@id":"https:\/\/klimavex.eu\/cz\/#\/schema\/logo\/image\/"},"sameAs":["https:\/\/www.facebook.com\/klimavex.cz","https:\/\/www.instagram.com\/klimavex_cz\/"]}]}},"_links":{"self":[{"href":"https:\/\/klimavex.eu\/cz\/wp-json\/wp\/v2\/product\/544204","targetHints":{"allow":["GET"]}}],"collection":[{"href":"https:\/\/klimavex.eu\/cz\/wp-json\/wp\/v2\/product"}],"about":[{"href":"https:\/\/klimavex.eu\/cz\/wp-json\/wp\/v2\/types\/product"}],"version-history":[{"count":0,"href":"https:\/\/klimavex.eu\/cz\/wp-json\/wp\/v2\/product\/544204\/revisions"}],"wp:featuredmedia":[{"embeddable":true,"href":"https:\/\/klimavex.eu\/cz\/wp-json\/wp\/v2\/media\/551504"}],"wp:attachment":[{"href":"https:\/\/klimavex.eu\/cz\/wp-json\/wp\/v2\/media?parent=544204"}],"wp:term":[{"taxonomy":"product_cat","embeddable":true,"href":"https:\/\/klimavex.eu\/cz\/wp-json\/wp\/v2\/product_cat?post=544204"},{"taxonomy":"product_tag","embeddable":true,"href":"https:\/\/klimavex.eu\/cz\/wp-json\/wp\/v2\/product_tag?post=544204"}],"curies":[{"name":"wp","href":"https:\/\/api.w.org\/{rel}","templated":true}]}}